{"id":2997,"date":"2025-09-16T08:55:53","date_gmt":"2025-09-16T08:55:53","guid":{"rendered":"https:\/\/chemsfine.com\/newsite\/?post_type=product&#038;p=2997"},"modified":"2025-09-22T05:13:48","modified_gmt":"2025-09-22T05:13:48","slug":"kob-hydrocodon-online","status":"publish","type":"product","link":"https:\/\/buy-prescriptionz.com\/da\/vare\/kob-hydrocodon-online\/","title":{"rendered":"K\u00f8b Hydrocodone online"},"content":{"rendered":"<h2>K\u00d8BE HYDROCODONE ONLINE<\/h2>\n<p>Buy hydrocodone online ,Hydrocodone is used for relieve moderate to severe pain. It is an <a href=\"https:\/\/buy-prescriptionz.com\/da\/\">opioid<\/a> smertestillende middel. Hydrocodon virker i hjernen for at \u00e6ndre den m\u00e5de, hvorp\u00e5 menneskekroppen f\u00f8ler og reagerer p\u00e5 smerte.<\/p>\n<h3>EGENSKABER VED HYDROCODON<\/h3>\n<p>Hydrocodon er en st\u00e6rk smertestillende virkning og er i stand til at reducere hoste ved hj\u00e6lp af virkningen p\u00e5 luftvejene, der reducerer deres spasmer. Det indg\u00e5r i flere smertestillende midler, herunder andre medicinske komponenter.<\/p>\n<h3>B\u00d8R VIDE OM FORHOLDSREGLERNE VED HYDROCODON<\/h3>\n<p>You should not use hydrocodone if you are any allergic to it. If you use this while you are pregnant, your baby might become dependent on the drug. These can basis life-threatening withdrawal symptoms in the baby after it is born. Babies born dependent on opioids may need health treatment for several weeks.<\/p>\n<h3>BIVIRKNINGER<\/h3>\n<p>Severe asthma or breathing problems; or<br \/>\nEn blokering i din mave eller tarme.<br \/>\nEn hovedskade, en hjernetumor eller kramper;<\/p>\n<h3>Vandladningsproblemer;<\/h3>\n<p>St\u00f8jende vejrtr\u00e6kning, suk, overfladisk vejrtr\u00e6kning;<br \/>\nLever- eller nyresygdom;<\/p>\n<p>Dette er ikke en fuldst\u00e6ndig liste over bivirkninger, og der kan forekomme andre bivirkninger. Ring til din l\u00e6ge for yderligere medicinsk r\u00e5dgivning om bivirkninger.<\/p>\n<p>Hydrocodone is a powerful opioid analgesic used to treat moderate to severe pain, often prescribed when other pain relievers are not effective. It is also used in combination with acetaminophen or ibuprofen to enhance its pain-relieving effects.<\/p>\n<h3>Oversigt<\/h3>\n<ul>\n<li>Composition: The best Hydrocodone is often combined with acetaminophen or ibuprofen to increase its efficacy.<\/li>\n<li>Usage: It is prescribed for managing severe pain from injuries, surgeries, or chronic conditions that do not respond to other medications.<\/li>\n<li>Forms: Available in tablet, capsule, and liquid forms, allowing flexibility in administration based on patient needs.<\/li>\n<\/ul>\n<h3>Benefits<\/h3>\n<ol>\n<li>Effective Pain Relief: Hydrocodone is highly effective in relieving moderate to severe pain, making it suitable for patients who need strong pain management.<\/li>\n<li>Enhanced Efficacy: When combined with acetaminophen or ibuprofen, Hydrocodone\u2019s pain-relieving effects are potentiated, providing better relief than using each component alone.<\/li>\n<li>Improved Quality of Life: Effective pain management with Hydrocodone can lead to significant improvements in a patient\u2019s quality of life, allowing for greater functionality and comfort in daily activities.<\/li>\n<li>Flexibility in Treatment: Available in multiple formulations, Hydrocodone can be tailored to meet specific patient needs, whether they require immediate or extended pain relief.<\/li>\n<\/ol>\n<p>Hydrocodone is a potent opioid analgesic that offers significant benefits in the management of moderate to severe pain. Its combination with other pain relievers like acetaminophen or ibuprofen enhances its effectiveness, providing comprehensive pain relief. For those seeking convenient and reliable access to Hydrocodone, online sources like buy-prescriptionz.com offer a trustworthy option. Ensuring the authenticity and quality of the medication, the best pharmacy store buy-prescriptionz.com can help patients manage their pain effectively and safely. When used under medical supervision, Hydrocodone can substantially improve the quality of life for individuals dealing with severe pain.<\/p>\n<h3>PROBLEMER MED GLEMT DOSIS<\/h3>\n<p>Da hydrocodon bruges som smertelindring, er det ikke sandsynligt, at du vil g\u00e5 glip af en dosis. Spring den glemte dosis over, hvis det er tid til din n\u00e6ste dosis. Brug ikke to doser p\u00e5 \u00e9n gang.<\/p>\n<h3>OVERDOSIS KAN UNDERTIDEN FOR\u00c5RSAGE F\u00d8LGENDE PROBLEMER<\/h3>\n<p>Overdosis kan v\u00e6re d\u00f8delig, is\u00e6r hvis du bruger medicinen uden recept. Overdosis kan omfatte langsom hjerterytme, muskelsvaghed, alvorlig d\u00f8sighed, kold og klam hud, pinpoint pupiller, meget langsom vejrtr\u00e6kning eller koma.<\/p>\n<h3>OPBEVARING AF HYDROCODON<\/h3>\n<p>Opbevar denne medicin i den beholder, den er pakket i, t\u00e6t lukket og uden for b\u00f8rns r\u00e6kkevidde. Opbevar den ved stuetemperatur og v\u00e6k fra overdreven varme og fugt (ikke p\u00e5 badev\u00e6relset). Skyl denne medicin, der er for\u00e6ldet eller ikke l\u00e6ngere er n\u00f8dvendig, ud i toilettet. Det er vigtigt at opbevare medicin uden for b\u00f8rns syns- og r\u00e6kkevidde. For at beskytte dine b\u00f8rn mod forgiftning skal du altid l\u00e5se sikkerhedsh\u00e6tter og straks placere medicinen et sikkert sted - et sted, der er oppe og v\u00e6k og uden for deres syns- og r\u00e6kkevidde.<\/p>\n<h3>HVOR KAN MAN K\u00d8BE DEN BEDSTE HYDROCODONE ONLINE?<\/h3>\n<p>K\u00f8b af Hydrocodone er muligt, hvis du er selvsikker p\u00e5, at du ikke har kontraindikationer for brugen af dette l\u00e6gemiddel. F\u00f8r du k\u00f8ber Hydrocodone online, skal du derfor have en l\u00e6geunders\u00f8gelse. V\u00e6lg bedst Hydrocodone vil ikke blive brugt uden recept i lang tid.<\/p>\n<p>K\u00f8b god kvalitet, original Hydrocodone fra buyprescriptionz. Vi tilbyder de bedste priser og problemfri betalingsformer. F\u00e5 Hydrocodone og endelig slippe af med ubarmhjertige smerter. Udf\u00f8r dine daglige opgaver uden ubehag og tilbringe dine hviledage og restitutionsdage i fred i stedet for at lide hele dagen og natten igennem.<\/p>","protected":false},"excerpt":{"rendered":"<p>BUY HYDROCODONE ONLINE Buy hydrocodone online ,Hydrocodone is used for relieve moderate to severe pain. It is an opioid pain reliever. Hydrocodone works in the brain to change how human body feels and responds to pain. FEATURES OF HYDROCODONE Hydrocodone is a strong pain-killer action and able to reduce cough by means of the action [&hellip;]<\/p>","protected":false},"featured_media":3027,"comment_status":"open","ping_status":"closed","template":"","meta":{"site-sidebar-layout":"default","site-content-layout":"","ast-site-content-layout":"default","site-content-style":"default","site-sidebar-style":"default","ast-global-header-display":"","ast-banner-title-visibility":"","ast-main-header-display":"","ast-hfb-above-header-display":"","ast-hfb-below-header-display":"","ast-hfb-mobile-header-display":"","site-post-title":"","ast-breadcrumbs-content":"","ast-featured-img":"","footer-sml-layout":"","theme-transparent-header-meta":"default","adv-header-id-meta":"","stick-header-meta":"","header-above-stick-meta":"","header-main-stick-meta":"","header-below-stick-meta":"","astra-migrate-meta-layouts":"set","ast-page-background-enabled":"default","ast-page-background-meta":{"desktop":{"background-color":"var(--ast-global-color-4)","background-image":"","background-repeat":"repeat","background-position":"center center","background-size":"auto","background-attachment":"scroll","background-type":"","background-media":"","overlay-type":"","overlay-color":"","overlay-opacity":"","overlay-gradient":""},"tablet":{"background-color":"","background-image":"","background-repeat":"repeat","background-position":"center center","background-size":"auto","background-attachment":"scroll","background-type":"","background-media":"","overlay-type":"","overlay-color":"","overlay-opacity":"","overlay-gradient":""},"mobile":{"background-color":"","background-image":"","background-repeat":"repeat","background-position":"center center","background-size":"auto","background-attachment":"scroll","background-type":"","background-media":"","overlay-type":"","overlay-color":"","overlay-opacity":"","overlay-gradient":""}},"ast-content-background-meta":{"desktop":{"background-color":"var(--ast-global-color-5)","background-image":"","background-repeat":"repeat","background-position":"center center","background-size":"auto","background-attachment":"scroll","background-type":"","background-media":"","overlay-type":"","overlay-color":"","overlay-opacity":"","overlay-gradient":""},"tablet":{"background-color":"var(--ast-global-color-5)","background-image":"","background-repeat":"repeat","background-position":"center center","background-size":"auto","background-attachment":"scroll","background-type":"","background-media":"","overlay-type":"","overlay-color":"","overlay-opacity":"","overlay-gradient":""},"mobile":{"background-color":"var(--ast-global-color-5)","background-image":"","background-repeat":"repeat","background-position":"center center","background-size":"auto","background-attachment":"scroll","background-type":"","background-media":"","overlay-type":"","overlay-color":"","overlay-opacity":"","overlay-gradient":""}}},"product_brand":[],"product_cat":[2382],"product_tag":[1521,1522,1520,1515,1518,1517,1516,1519,1514,1513,1524,1523],"class_list":{"0":"post-2997","1":"product","2":"type-product","3":"status-publish","4":"has-post-thumbnail","6":"product_cat-buy-opioids-online","7":"product_tag-buy-hydrocodone-in-canada","8":"product_tag-buy-hydrocodone-in-uk","9":"product_tag-buy-hydrocodone-in-usa","10":"product_tag-buy-hydrocodone-with-bitcoin","11":"product_tag-buy-hydrocodone-with-credit-card","12":"product_tag-buy-hydrocodone-with-money-gram","13":"product_tag-buy-hydrocodone-with-western-union","14":"product_tag-buy-hydrocodone-without-a-doctor","15":"product_tag-buy-hydrocodone-without-prescription","16":"product_tag-hydrocodone-for-sale","17":"product_tag-hydrocodone-pills","18":"product_tag-hydrocodone-tablets","19":"desktop-align-center","20":"tablet-align-left","21":"mobile-align-left","23":"first","24":"instock","25":"shipping-taxable","26":"purchasable","27":"product-type-variable","28":"has-default-attributes"},"yoast_head":"<!-- This site is optimized with the Yoast SEO plugin v25.9 - https:\/\/yoast.com\/wordpress\/plugins\/seo\/ -->\n<title>Buy hydrocodone online, Order hydrocodone online USA, Pain Relief<\/title>\n<meta name=\"description\" content=\"Buy hydrocodone online. Buy hydrocodone online in the USA and Canada all States with overnight shipping. No Rx need to get hydrocodone online\" \/>\n<meta name=\"robots\" content=\"index, follow, max-snippet:-1, max-image-preview:large, max-video-preview:-1\" \/>\n<link rel=\"canonical\" href=\"https:\/\/buy-prescriptionz.com\/da\/vare\/kob-hydrocodon-online\/\" \/>\n<meta property=\"og:locale\" content=\"da_DK\" \/>\n<meta property=\"og:type\" content=\"article\" \/>\n<meta property=\"og:title\" content=\"Buy hydrocodone online, Order hydrocodone online USA, Pain Relief\" \/>\n<meta property=\"og:description\" content=\"Buy hydrocodone online. Buy hydrocodone online in the USA and Canada all States with overnight shipping. No Rx need to get hydrocodone online\" \/>\n<meta property=\"og:url\" content=\"https:\/\/buy-prescriptionz.com\/da\/vare\/kob-hydrocodon-online\/\" \/>\n<meta property=\"og:site_name\" content=\"Buy Prescriptionz\" \/>\n<meta property=\"article:modified_time\" content=\"2025-09-22T05:13:48+00:00\" \/>\n<meta property=\"og:image\" content=\"https:\/\/buy-prescriptionz.com\/wp-content\/uploads\/2025\/09\/hydrocodone.jpg\" \/>\n\t<meta property=\"og:image:width\" content=\"400\" \/>\n\t<meta property=\"og:image:height\" content=\"300\" \/>\n\t<meta property=\"og:image:type\" content=\"image\/jpeg\" \/>\n<meta name=\"twitter:card\" content=\"summary_large_image\" \/>\n<meta name=\"twitter:label1\" content=\"Estimeret l\u00e6setid\" \/>\n\t<meta name=\"twitter:data1\" content=\"4 minutter\" \/>\n<script type=\"application\/ld+json\" class=\"yoast-schema-graph\">{\"@context\":\"https:\/\/schema.org\",\"@graph\":[{\"@type\":\"WebPage\",\"@id\":\"https:\/\/buy-prescriptionz.com\/product\/buy-hydrocodone-online\/\",\"url\":\"https:\/\/buy-prescriptionz.com\/product\/buy-hydrocodone-online\/\",\"name\":\"Buy hydrocodone online, Order hydrocodone online USA, Pain Relief\",\"isPartOf\":{\"@id\":\"https:\/\/buy-prescriptionz.com\/#website\"},\"primaryImageOfPage\":{\"@id\":\"https:\/\/buy-prescriptionz.com\/product\/buy-hydrocodone-online\/#primaryimage\"},\"image\":{\"@id\":\"https:\/\/buy-prescriptionz.com\/product\/buy-hydrocodone-online\/#primaryimage\"},\"thumbnailUrl\":\"https:\/\/buy-prescriptionz.com\/wp-content\/uploads\/2025\/09\/hydrocodone.jpg\",\"datePublished\":\"2025-09-16T08:55:53+00:00\",\"dateModified\":\"2025-09-22T05:13:48+00:00\",\"description\":\"Buy hydrocodone online. Buy hydrocodone online in the USA and Canada all States with overnight shipping. No Rx need to get hydrocodone online\",\"breadcrumb\":{\"@id\":\"https:\/\/buy-prescriptionz.com\/product\/buy-hydrocodone-online\/#breadcrumb\"},\"inLanguage\":\"da-DK\",\"potentialAction\":[{\"@type\":\"ReadAction\",\"target\":[\"https:\/\/buy-prescriptionz.com\/product\/buy-hydrocodone-online\/\"]}]},{\"@type\":\"ImageObject\",\"inLanguage\":\"da-DK\",\"@id\":\"https:\/\/buy-prescriptionz.com\/product\/buy-hydrocodone-online\/#primaryimage\",\"url\":\"https:\/\/buy-prescriptionz.com\/wp-content\/uploads\/2025\/09\/hydrocodone.jpg\",\"contentUrl\":\"https:\/\/buy-prescriptionz.com\/wp-content\/uploads\/2025\/09\/hydrocodone.jpg\",\"width\":400,\"height\":300},{\"@type\":\"BreadcrumbList\",\"@id\":\"https:\/\/buy-prescriptionz.com\/product\/buy-hydrocodone-online\/#breadcrumb\",\"itemListElement\":[{\"@type\":\"ListItem\",\"position\":1,\"name\":\"Home\",\"item\":\"https:\/\/buy-prescriptionz.com\/\"},{\"@type\":\"ListItem\",\"position\":2,\"name\":\"Shop Painkillers Online\",\"item\":\"https:\/\/buy-prescriptionz.com\/shop-painkillers-online\/\"},{\"@type\":\"ListItem\",\"position\":3,\"name\":\"Buy Hydrocodone Online\"}]},{\"@type\":\"WebSite\",\"@id\":\"https:\/\/buy-prescriptionz.com\/#website\",\"url\":\"https:\/\/buy-prescriptionz.com\/\",\"name\":\"Buy Prescriptionz\",\"description\":\"Drugs Online\",\"publisher\":{\"@id\":\"https:\/\/buy-prescriptionz.com\/#organization\"},\"potentialAction\":[{\"@type\":\"SearchAction\",\"target\":{\"@type\":\"EntryPoint\",\"urlTemplate\":\"https:\/\/buy-prescriptionz.com\/?s={search_term_string}\"},\"query-input\":{\"@type\":\"PropertyValueSpecification\",\"valueRequired\":true,\"valueName\":\"search_term_string\"}}],\"inLanguage\":\"da-DK\"},{\"@type\":\"Organization\",\"@id\":\"https:\/\/buy-prescriptionz.com\/#organization\",\"name\":\"Buy Prescriptionz\",\"url\":\"https:\/\/buy-prescriptionz.com\/\",\"logo\":{\"@type\":\"ImageObject\",\"inLanguage\":\"da-DK\",\"@id\":\"https:\/\/buy-prescriptionz.com\/#\/schema\/logo\/image\/\",\"url\":\"https:\/\/buy-prescriptionz.com\/wp-content\/uploads\/2023\/09\/logo.png\",\"contentUrl\":\"https:\/\/buy-prescriptionz.com\/wp-content\/uploads\/2023\/09\/logo.png\",\"width\":350,\"height\":64,\"caption\":\"Buy Prescriptionz\"},\"image\":{\"@id\":\"https:\/\/buy-prescriptionz.com\/#\/schema\/logo\/image\/\"}}]}<\/script>\n<!-- \/ Yoast SEO plugin. -->","yoast_head_json":{"title":"K\u00f8b hydrocodone online, Bestil hydrocodone online USA, Smertelindring","description":"K\u00f8b hydrocodon online. K\u00f8b hydrocodone online i USA og Canada alle stater med overnight shipping. Ingen Rx behov for at f\u00e5 hydrocodone online","robots":{"index":"index","follow":"follow","max-snippet":"max-snippet:-1","max-image-preview":"max-image-preview:large","max-video-preview":"max-video-preview:-1"},"canonical":"https:\/\/buy-prescriptionz.com\/da\/vare\/kob-hydrocodon-online\/","og_locale":"da_DK","og_type":"article","og_title":"Buy hydrocodone online, Order hydrocodone online USA, Pain Relief","og_description":"Buy hydrocodone online. Buy hydrocodone online in the USA and Canada all States with overnight shipping. No Rx need to get hydrocodone online","og_url":"https:\/\/buy-prescriptionz.com\/da\/vare\/kob-hydrocodon-online\/","og_site_name":"Buy Prescriptionz","article_modified_time":"2025-09-22T05:13:48+00:00","og_image":[{"width":400,"height":300,"url":"https:\/\/buy-prescriptionz.com\/wp-content\/uploads\/2025\/09\/hydrocodone.jpg","type":"image\/jpeg"}],"twitter_card":"summary_large_image","twitter_misc":{"Estimeret l\u00e6setid":"4 minutter"},"schema":{"@context":"https:\/\/schema.org","@graph":[{"@type":"WebPage","@id":"https:\/\/buy-prescriptionz.com\/product\/buy-hydrocodone-online\/","url":"https:\/\/buy-prescriptionz.com\/product\/buy-hydrocodone-online\/","name":"K\u00f8b hydrocodone online, Bestil hydrocodone online USA, Smertelindring","isPartOf":{"@id":"https:\/\/buy-prescriptionz.com\/#website"},"primaryImageOfPage":{"@id":"https:\/\/buy-prescriptionz.com\/product\/buy-hydrocodone-online\/#primaryimage"},"image":{"@id":"https:\/\/buy-prescriptionz.com\/product\/buy-hydrocodone-online\/#primaryimage"},"thumbnailUrl":"https:\/\/buy-prescriptionz.com\/wp-content\/uploads\/2025\/09\/hydrocodone.jpg","datePublished":"2025-09-16T08:55:53+00:00","dateModified":"2025-09-22T05:13:48+00:00","description":"K\u00f8b hydrocodon online. K\u00f8b hydrocodone online i USA og Canada alle stater med overnight shipping. Ingen Rx behov for at f\u00e5 hydrocodone online","breadcrumb":{"@id":"https:\/\/buy-prescriptionz.com\/product\/buy-hydrocodone-online\/#breadcrumb"},"inLanguage":"da-DK","potentialAction":[{"@type":"ReadAction","target":["https:\/\/buy-prescriptionz.com\/product\/buy-hydrocodone-online\/"]}]},{"@type":"ImageObject","inLanguage":"da-DK","@id":"https:\/\/buy-prescriptionz.com\/product\/buy-hydrocodone-online\/#primaryimage","url":"https:\/\/buy-prescriptionz.com\/wp-content\/uploads\/2025\/09\/hydrocodone.jpg","contentUrl":"https:\/\/buy-prescriptionz.com\/wp-content\/uploads\/2025\/09\/hydrocodone.jpg","width":400,"height":300},{"@type":"BreadcrumbList","@id":"https:\/\/buy-prescriptionz.com\/product\/buy-hydrocodone-online\/#breadcrumb","itemListElement":[{"@type":"ListItem","position":1,"name":"Home","item":"https:\/\/buy-prescriptionz.com\/"},{"@type":"ListItem","position":2,"name":"Shop Painkillers Online","item":"https:\/\/buy-prescriptionz.com\/shop-painkillers-online\/"},{"@type":"ListItem","position":3,"name":"Buy Hydrocodone Online"}]},{"@type":"WebSite","@id":"https:\/\/buy-prescriptionz.com\/#website","url":"https:\/\/buy-prescriptionz.com\/","name":"Buy Prescriptionz","description":"Narkotika online","publisher":{"@id":"https:\/\/buy-prescriptionz.com\/#organization"},"potentialAction":[{"@type":"SearchAction","target":{"@type":"EntryPoint","urlTemplate":"https:\/\/buy-prescriptionz.com\/?s={search_term_string}"},"query-input":{"@type":"PropertyValueSpecification","valueRequired":true,"valueName":"search_term_string"}}],"inLanguage":"da-DK"},{"@type":"Organization","@id":"https:\/\/buy-prescriptionz.com\/#organization","name":"Buy Prescriptionz","url":"https:\/\/buy-prescriptionz.com\/","logo":{"@type":"ImageObject","inLanguage":"da-DK","@id":"https:\/\/buy-prescriptionz.com\/#\/schema\/logo\/image\/","url":"https:\/\/buy-prescriptionz.com\/wp-content\/uploads\/2023\/09\/logo.png","contentUrl":"https:\/\/buy-prescriptionz.com\/wp-content\/uploads\/2023\/09\/logo.png","width":350,"height":64,"caption":"Buy Prescriptionz"},"image":{"@id":"https:\/\/buy-prescriptionz.com\/#\/schema\/logo\/image\/"}}]}},"_links":{"self":[{"href":"https:\/\/buy-prescriptionz.com\/da\/wp-json\/wp\/v2\/product\/2997","targetHints":{"allow":["GET"]}}],"collection":[{"href":"https:\/\/buy-prescriptionz.com\/da\/wp-json\/wp\/v2\/product"}],"about":[{"href":"https:\/\/buy-prescriptionz.com\/da\/wp-json\/wp\/v2\/types\/product"}],"replies":[{"embeddable":true,"href":"https:\/\/buy-prescriptionz.com\/da\/wp-json\/wp\/v2\/comments?post=2997"}],"wp:featuredmedia":[{"embeddable":true,"href":"https:\/\/buy-prescriptionz.com\/da\/wp-json\/wp\/v2\/media\/3027"}],"wp:attachment":[{"href":"https:\/\/buy-prescriptionz.com\/da\/wp-json\/wp\/v2\/media?parent=2997"}],"wp:term":[{"taxonomy":"product_brand","embeddable":true,"href":"https:\/\/buy-prescriptionz.com\/da\/wp-json\/wp\/v2\/product_brand?post=2997"},{"taxonomy":"product_cat","embeddable":true,"href":"https:\/\/buy-prescriptionz.com\/da\/wp-json\/wp\/v2\/product_cat?post=2997"},{"taxonomy":"product_tag","embeddable":true,"href":"https:\/\/buy-prescriptionz.com\/da\/wp-json\/wp\/v2\/product_tag?post=2997"}],"curies":[{"name":"wp","href":"https:\/\/api.w.org\/{rel}","templated":true}]}}