{"id":3002,"date":"2025-09-16T08:55:53","date_gmt":"2025-09-16T08:55:53","guid":{"rendered":"https:\/\/chemsfine.com\/newsite\/?post_type=product&#038;p=3002"},"modified":"2025-09-26T14:33:40","modified_gmt":"2025-09-26T14:33:40","slug":"morphine","status":"publish","type":"product","link":"https:\/\/buy-prescriptionz.com\/da\/vare\/morphine\/","title":{"rendered":"Morfin"},"content":{"rendered":"<h2>K\u00d8BE MORFIN ONLINE<\/h2>\n<p>Buy Morphine Online, Morphine is used for relief moderate to severe pain. Morphine capsules are only used to relieve severe (around-the-clock) pain that cannot be controlled by the use of other pain medications. Morphine should not be used to treat pain that can be controlled by medication that is taken as needed. Morphine is a class of medications called opiate analgesics.<\/p>\n<h3>MORFINENS EGENSKABER<\/h3>\n<p>Morfintabletter er indiceret til behandling af smerter, der er s\u00e5 alvorlige, at de kr\u00e6ver daglig, d\u00f8gnet rundt, langvarig <a href=\"https:\/\/de.wikipedia.org\/w\/index.php?sort=relevance&amp;search=drungs&amp;title=Spezial%3ASuche&amp;profile=advanced&amp;fulltext=1&amp;advancedSearch-current=%7B%7D&amp;ns0=1\">opioid<\/a> behandling, og for hvilke alternative behandlingsmuligheder er utilstr\u00e6kkelige.<\/p>\n<h3>BIVIRKNINGER<\/h3>\n<p><strong>Morfin kan for\u00e5rsage bivirkninger. Fort\u00e6l din l\u00e6ge, hvis nogen af disse symptomer er alvorlige eller ikke forsvinder:<\/strong><br \/>\nMavesmerter og kramper<br \/>\nS\u00f8vnighed<br \/>\nT\u00f8r mund<br \/>\nNerv\u00f8sitet<br \/>\nHovedpine<br \/>\n\u00c6ndringer i hum\u00f8ret<\/p>\n<h3><strong>Morphine: Overview and Benefits for Effective Pain Management from buy-prescriptionz.com<\/strong><\/h3>\n<p>Morphine, available through online sources like buy-prescriptionz.com, is one of the most effective medications for managing severe pain. It is commonly used for patients experiencing chronic pain, post-surgical pain, or pain associated with cancer. The best morphine is a highly effective option for managing severe pain.<\/p>\n<p>Morphine offers several key benefits:<\/p>\n<ol>\n<li>Potent Pain Relief: Morphine is highly effective at alleviating severe pain, making it suitable for patients who need strong, reliable pain management.<\/li>\n<li>Rapid Onset of Action: The medication quickly begins to work, providing prompt relief for acute pain episodes.<\/li>\n<li>Versatile Formulations: Morphine is available in various forms, including oral, injectable, and extended-release tablets, allowing for flexible administration tailored to the patient&#8217;s needs.<\/li>\n<li>Improved Quality of Life: For those suffering from chronic pain, morphine can significantly improve daily functioning and overall quality of life by reducing pain levels.<\/li>\n<\/ol>\n<p>However, due to its potency, morphine must be used under strict medical supervision. Patients should adhere closely to their healthcare provider\u2019s instructions to minimize the risk of addiction and other side effects, such as respiratory depression, constipation, and drowsiness. When sourced from the best pharmacy store like buy-prescriptionz.com and used responsibly under medical guidance, it can greatly benefit individuals suffering from chronic pain, enhancing their quality of life and overall well-being. Always consult with a healthcare professional to ensure safe and appropriate use of morphine.<\/p>\n<h3>FORHOLDSREGLER VED MORFIN<\/h3>\n<p>Morfin f\u00e5s som opl\u00f8sning, som en tablet med forl\u00e6nget frigivelse og som en kapsel med forl\u00e6nget frigivelse (langtidsvirkende) til indtagelse gennem munden. Den orale opl\u00f8sning tages generelt hver 4. time, der er n\u00f8dvendig for smerter. Nogle m\u00e6rker er tabletter med forl\u00e6nget frigivelse, der normalt tages hver 8. eller hver 12. time. F\u00f8lg anvisningerne p\u00e5 l\u00e6gens receptpligtige etiket n\u00f8je, og sp\u00f8rg din l\u00e6ge, hvis du \u00f8nsker at forklare en del, du ikke forst\u00e5r.<br \/>\nS\u00f8rg for, at du ved, hvor mange milliliter af v\u00e6sken du skal tage. Sp\u00f8rg din l\u00e6ge, hvis du har sp\u00f8rgsm\u00e5l om, hvor stor dosis af denne medicin du skal tage, eller hvordan du skal bruge doseringsb\u00e6geret eller spr\u00f8jten.<br \/>\nHvis du tager m\u00e6rke-depotkapsler, og du har en gastrostomisonde (kirurgisk indsat ern\u00e6ringssonde), skal du sp\u00f8rge din l\u00e6ge eller apoteket, hvordan du skal administrere medicinen gennem sonden.<\/p>\n<h3>UFORS\u00d8GET DOSIS<\/h3>\n<p>Hvis du tager morfin, vil din l\u00e6ge sandsynligvis sige, at du skal tage medicinen efter behov.<br \/>\nHvis du har f\u00e5et besked om at tage planlagte doser af produktet med forl\u00e6nget frigivelse, skal du tage den glemte dosis, s\u00e5 snart du husker den, og ikke tage den n\u00e6ste dosis p\u00e5 dit normale tidspunkt. Giv i stedet den samme tid, som du normalt giver mellem doserne, f\u00f8r du tager din n\u00e6ste dosis. Hvis du husker, n\u00e5r det n\u00e6sten er tid til n\u00e6ste dosis, skal du springe den glemte dosis over og forts\u00e6tte den normale dosisplan. Du m\u00e5 ikke tage to doser for en glemt dosis.<\/p>\n<h3>OVER DOSE<\/h3>\n<p><strong>Symptomer p\u00e5 overdosering kan omfatte f\u00f8lgende:<\/strong><\/p>\n<p>langsom, overfladisk eller uregelm\u00e6ssig vejrtr\u00e6kning<br \/>\ns\u00f8vnighed<br \/>\ntab af bevidsthed<br \/>\nslappe muskler<br \/>\nkold, klam hud<br \/>\nsm\u00e5 elever<br \/>\nlangsom hjerterytme<br \/>\nsl\u00f8ret syn<br \/>\nkvalme<br \/>\nbesvimelse<\/p>\n<h3>OPBEVARING AF MORFIN<\/h3>\n<p>Det er vigtigt at holde dette l\u00e6gemiddel ude af syne og r\u00e6kkevidde for b\u00f8rn og opbevare ved stuetemperatur. For at beskytte b\u00f8rn mod forgiftning skal du l\u00e5se sikkerhedsh\u00e6tter og placere medicinen et sikkert sted.<\/p>\n<h3>HVOR KAN MAN K\u00d8BE DEN BEDSTE MORFIN ONLINE?<\/h3>\n<p>K\u00f8b Morphine ved din d\u00f8r med enkle og nemme trin fra buprescriptionz online med i bedste pris og f\u00e5 smertelindring.<\/p>","protected":false},"excerpt":{"rendered":"<p>BUY MORPHINE ONLINE Buy Morphine Online, Morphine is used for relief moderate to severe pain. Morphine capsules are only used to relieve severe (around-the-clock) pain that cannot be controlled by the use of other pain medications. Morphine should not be used to treat pain that can be controlled by medication that is taken as needed. [&hellip;]<\/p>","protected":false},"featured_media":3032,"comment_status":"open","ping_status":"closed","template":"","meta":{"site-sidebar-layout":"default","site-content-layout":"","ast-site-content-layout":"default","site-content-style":"default","site-sidebar-style":"default","ast-global-header-display":"","ast-banner-title-visibility":"","ast-main-header-display":"","ast-hfb-above-header-display":"","ast-hfb-below-header-display":"","ast-hfb-mobile-header-display":"","site-post-title":"","ast-breadcrumbs-content":"","ast-featured-img":"","footer-sml-layout":"","theme-transparent-header-meta":"default","adv-header-id-meta":"","stick-header-meta":"","header-above-stick-meta":"","header-main-stick-meta":"","header-below-stick-meta":"","astra-migrate-meta-layouts":"set","ast-page-background-enabled":"default","ast-page-background-meta":{"desktop":{"background-color":"var(--ast-global-color-4)","background-image":"","background-repeat":"repeat","background-position":"center center","background-size":"auto","background-attachment":"scroll","background-type":"","background-media":"","overlay-type":"","overlay-color":"","overlay-opacity":"","overlay-gradient":""},"tablet":{"background-color":"","background-image":"","background-repeat":"repeat","background-position":"center center","background-size":"auto","background-attachment":"scroll","background-type":"","background-media":"","overlay-type":"","overlay-color":"","overlay-opacity":"","overlay-gradient":""},"mobile":{"background-color":"","background-image":"","background-repeat":"repeat","background-position":"center center","background-size":"auto","background-attachment":"scroll","background-type":"","background-media":"","overlay-type":"","overlay-color":"","overlay-opacity":"","overlay-gradient":""}},"ast-content-background-meta":{"desktop":{"background-color":"var(--ast-global-color-5)","background-image":"","background-repeat":"repeat","background-position":"center center","background-size":"auto","background-attachment":"scroll","background-type":"","background-media":"","overlay-type":"","overlay-color":"","overlay-opacity":"","overlay-gradient":""},"tablet":{"background-color":"var(--ast-global-color-5)","background-image":"","background-repeat":"repeat","background-position":"center center","background-size":"auto","background-attachment":"scroll","background-type":"","background-media":"","overlay-type":"","overlay-color":"","overlay-opacity":"","overlay-gradient":""},"mobile":{"background-color":"var(--ast-global-color-5)","background-image":"","background-repeat":"repeat","background-position":"center center","background-size":"auto","background-attachment":"scroll","background-type":"","background-media":"","overlay-type":"","overlay-color":"","overlay-opacity":"","overlay-gradient":""}}},"product_brand":[],"product_cat":[2382],"product_tag":[2175,2177,2176,2178,2180,2179,2181],"class_list":{"0":"post-3002","1":"product","2":"type-product","3":"status-publish","4":"has-post-thumbnail","6":"product_cat-buy-opioids-online","7":"product_tag-best-of-morphine","8":"product_tag-buy-morphine-30mg-online","9":"product_tag-buy-morphine-online","10":"product_tag-buy-morphine-online-without-prescription","11":"product_tag-buy-pain-relief-tablets","12":"product_tag-morphine","13":"product_tag-morphine-sulfate","14":"desktop-align-center","15":"tablet-align-left","16":"mobile-align-left","18":"first","19":"instock","20":"shipping-taxable","21":"purchasable","22":"product-type-variable","23":"has-default-attributes"},"yoast_head":"<!-- This site is optimized with the Yoast SEO plugin v25.9 - https:\/\/yoast.com\/wordpress\/plugins\/seo\/ -->\n<title>Buy Morphine Online - Buy Pain Relief Tablets &amp; Treatments Online AU<\/title>\n<meta name=\"description\" content=\"Buy Morphine Online is an online pharmacy store where you can Morphine at best price without doctor&#039;s prescription. Morphine\" \/>\n<meta name=\"robots\" content=\"index, follow, max-snippet:-1, max-image-preview:large, max-video-preview:-1\" \/>\n<link rel=\"canonical\" href=\"https:\/\/buy-prescriptionz.com\/da\/vare\/morphine\/\" \/>\n<meta property=\"og:locale\" content=\"da_DK\" \/>\n<meta property=\"og:type\" content=\"article\" \/>\n<meta property=\"og:title\" content=\"Buy Morphine Online - Buy Pain Relief Tablets &amp; Treatments Online AU\" \/>\n<meta property=\"og:description\" content=\"Buy Morphine Online is an online pharmacy store where you can Morphine at best price without doctor&#039;s prescription. Morphine\" \/>\n<meta property=\"og:url\" content=\"https:\/\/buy-prescriptionz.com\/da\/vare\/morphine\/\" \/>\n<meta property=\"og:site_name\" content=\"Buy Prescriptionz\" \/>\n<meta property=\"article:modified_time\" content=\"2025-09-26T14:33:40+00:00\" \/>\n<meta property=\"og:image\" content=\"https:\/\/buy-prescriptionz.com\/wp-content\/uploads\/2025\/09\/morphine.jpg\" \/>\n\t<meta property=\"og:image:width\" content=\"400\" \/>\n\t<meta property=\"og:image:height\" content=\"300\" \/>\n\t<meta property=\"og:image:type\" content=\"image\/jpeg\" \/>\n<meta name=\"twitter:card\" content=\"summary_large_image\" \/>\n<meta name=\"twitter:label1\" content=\"Estimeret l\u00e6setid\" \/>\n\t<meta name=\"twitter:data1\" content=\"4 minutter\" \/>\n<script type=\"application\/ld+json\" class=\"yoast-schema-graph\">{\"@context\":\"https:\/\/schema.org\",\"@graph\":[{\"@type\":\"WebPage\",\"@id\":\"https:\/\/buy-prescriptionz.com\/product\/morphine\/\",\"url\":\"https:\/\/buy-prescriptionz.com\/product\/morphine\/\",\"name\":\"Buy Morphine Online - Buy Pain Relief Tablets & Treatments Online AU\",\"isPartOf\":{\"@id\":\"https:\/\/buy-prescriptionz.com\/#website\"},\"primaryImageOfPage\":{\"@id\":\"https:\/\/buy-prescriptionz.com\/product\/morphine\/#primaryimage\"},\"image\":{\"@id\":\"https:\/\/buy-prescriptionz.com\/product\/morphine\/#primaryimage\"},\"thumbnailUrl\":\"https:\/\/buy-prescriptionz.com\/wp-content\/uploads\/2025\/09\/morphine.jpg\",\"datePublished\":\"2025-09-16T08:55:53+00:00\",\"dateModified\":\"2025-09-26T14:33:40+00:00\",\"description\":\"Buy Morphine Online is an online pharmacy store where you can Morphine at best price without doctor's prescription. Morphine\",\"breadcrumb\":{\"@id\":\"https:\/\/buy-prescriptionz.com\/product\/morphine\/#breadcrumb\"},\"inLanguage\":\"da-DK\",\"potentialAction\":[{\"@type\":\"ReadAction\",\"target\":[\"https:\/\/buy-prescriptionz.com\/product\/morphine\/\"]}]},{\"@type\":\"ImageObject\",\"inLanguage\":\"da-DK\",\"@id\":\"https:\/\/buy-prescriptionz.com\/product\/morphine\/#primaryimage\",\"url\":\"https:\/\/buy-prescriptionz.com\/wp-content\/uploads\/2025\/09\/morphine.jpg\",\"contentUrl\":\"https:\/\/buy-prescriptionz.com\/wp-content\/uploads\/2025\/09\/morphine.jpg\",\"width\":400,\"height\":300},{\"@type\":\"BreadcrumbList\",\"@id\":\"https:\/\/buy-prescriptionz.com\/product\/morphine\/#breadcrumb\",\"itemListElement\":[{\"@type\":\"ListItem\",\"position\":1,\"name\":\"Home\",\"item\":\"https:\/\/buy-prescriptionz.com\/\"},{\"@type\":\"ListItem\",\"position\":2,\"name\":\"Shop Painkillers Online\",\"item\":\"https:\/\/buy-prescriptionz.com\/shop-painkillers-online\/\"},{\"@type\":\"ListItem\",\"position\":3,\"name\":\"Morphine\"}]},{\"@type\":\"WebSite\",\"@id\":\"https:\/\/buy-prescriptionz.com\/#website\",\"url\":\"https:\/\/buy-prescriptionz.com\/\",\"name\":\"Buy Prescriptionz\",\"description\":\"Drugs Online\",\"publisher\":{\"@id\":\"https:\/\/buy-prescriptionz.com\/#organization\"},\"potentialAction\":[{\"@type\":\"SearchAction\",\"target\":{\"@type\":\"EntryPoint\",\"urlTemplate\":\"https:\/\/buy-prescriptionz.com\/?s={search_term_string}\"},\"query-input\":{\"@type\":\"PropertyValueSpecification\",\"valueRequired\":true,\"valueName\":\"search_term_string\"}}],\"inLanguage\":\"da-DK\"},{\"@type\":\"Organization\",\"@id\":\"https:\/\/buy-prescriptionz.com\/#organization\",\"name\":\"Buy Prescriptionz\",\"url\":\"https:\/\/buy-prescriptionz.com\/\",\"logo\":{\"@type\":\"ImageObject\",\"inLanguage\":\"da-DK\",\"@id\":\"https:\/\/buy-prescriptionz.com\/#\/schema\/logo\/image\/\",\"url\":\"https:\/\/buy-prescriptionz.com\/wp-content\/uploads\/2023\/09\/logo.png\",\"contentUrl\":\"https:\/\/buy-prescriptionz.com\/wp-content\/uploads\/2023\/09\/logo.png\",\"width\":350,\"height\":64,\"caption\":\"Buy Prescriptionz\"},\"image\":{\"@id\":\"https:\/\/buy-prescriptionz.com\/#\/schema\/logo\/image\/\"}}]}<\/script>\n<!-- \/ Yoast SEO plugin. -->","yoast_head_json":{"title":"K\u00f8b Morphine online - K\u00f8b smertestillende tabletter og behandlinger online AU","description":"K\u00f8b Morphine Online er en online apoteksbutik, hvor du kan Morphine til bedste pris uden l\u00e6ge recept. Morphine","robots":{"index":"index","follow":"follow","max-snippet":"max-snippet:-1","max-image-preview":"max-image-preview:large","max-video-preview":"max-video-preview:-1"},"canonical":"https:\/\/buy-prescriptionz.com\/da\/vare\/morphine\/","og_locale":"da_DK","og_type":"article","og_title":"Buy Morphine Online - Buy Pain Relief Tablets & Treatments Online AU","og_description":"Buy Morphine Online is an online pharmacy store where you can Morphine at best price without doctor's prescription. Morphine","og_url":"https:\/\/buy-prescriptionz.com\/da\/vare\/morphine\/","og_site_name":"Buy Prescriptionz","article_modified_time":"2025-09-26T14:33:40+00:00","og_image":[{"width":400,"height":300,"url":"https:\/\/buy-prescriptionz.com\/wp-content\/uploads\/2025\/09\/morphine.jpg","type":"image\/jpeg"}],"twitter_card":"summary_large_image","twitter_misc":{"Estimeret l\u00e6setid":"4 minutter"},"schema":{"@context":"https:\/\/schema.org","@graph":[{"@type":"WebPage","@id":"https:\/\/buy-prescriptionz.com\/product\/morphine\/","url":"https:\/\/buy-prescriptionz.com\/product\/morphine\/","name":"K\u00f8b Morphine online - K\u00f8b smertestillende tabletter og behandlinger online AU","isPartOf":{"@id":"https:\/\/buy-prescriptionz.com\/#website"},"primaryImageOfPage":{"@id":"https:\/\/buy-prescriptionz.com\/product\/morphine\/#primaryimage"},"image":{"@id":"https:\/\/buy-prescriptionz.com\/product\/morphine\/#primaryimage"},"thumbnailUrl":"https:\/\/buy-prescriptionz.com\/wp-content\/uploads\/2025\/09\/morphine.jpg","datePublished":"2025-09-16T08:55:53+00:00","dateModified":"2025-09-26T14:33:40+00:00","description":"K\u00f8b Morphine Online er en online apoteksbutik, hvor du kan Morphine til bedste pris uden l\u00e6ge recept. Morphine","breadcrumb":{"@id":"https:\/\/buy-prescriptionz.com\/product\/morphine\/#breadcrumb"},"inLanguage":"da-DK","potentialAction":[{"@type":"ReadAction","target":["https:\/\/buy-prescriptionz.com\/product\/morphine\/"]}]},{"@type":"ImageObject","inLanguage":"da-DK","@id":"https:\/\/buy-prescriptionz.com\/product\/morphine\/#primaryimage","url":"https:\/\/buy-prescriptionz.com\/wp-content\/uploads\/2025\/09\/morphine.jpg","contentUrl":"https:\/\/buy-prescriptionz.com\/wp-content\/uploads\/2025\/09\/morphine.jpg","width":400,"height":300},{"@type":"BreadcrumbList","@id":"https:\/\/buy-prescriptionz.com\/product\/morphine\/#breadcrumb","itemListElement":[{"@type":"ListItem","position":1,"name":"Home","item":"https:\/\/buy-prescriptionz.com\/"},{"@type":"ListItem","position":2,"name":"Shop Painkillers Online","item":"https:\/\/buy-prescriptionz.com\/shop-painkillers-online\/"},{"@type":"ListItem","position":3,"name":"Morphine"}]},{"@type":"WebSite","@id":"https:\/\/buy-prescriptionz.com\/#website","url":"https:\/\/buy-prescriptionz.com\/","name":"Buy Prescriptionz","description":"Narkotika online","publisher":{"@id":"https:\/\/buy-prescriptionz.com\/#organization"},"potentialAction":[{"@type":"SearchAction","target":{"@type":"EntryPoint","urlTemplate":"https:\/\/buy-prescriptionz.com\/?s={search_term_string}"},"query-input":{"@type":"PropertyValueSpecification","valueRequired":true,"valueName":"search_term_string"}}],"inLanguage":"da-DK"},{"@type":"Organization","@id":"https:\/\/buy-prescriptionz.com\/#organization","name":"Buy Prescriptionz","url":"https:\/\/buy-prescriptionz.com\/","logo":{"@type":"ImageObject","inLanguage":"da-DK","@id":"https:\/\/buy-prescriptionz.com\/#\/schema\/logo\/image\/","url":"https:\/\/buy-prescriptionz.com\/wp-content\/uploads\/2023\/09\/logo.png","contentUrl":"https:\/\/buy-prescriptionz.com\/wp-content\/uploads\/2023\/09\/logo.png","width":350,"height":64,"caption":"Buy Prescriptionz"},"image":{"@id":"https:\/\/buy-prescriptionz.com\/#\/schema\/logo\/image\/"}}]}},"_links":{"self":[{"href":"https:\/\/buy-prescriptionz.com\/da\/wp-json\/wp\/v2\/product\/3002","targetHints":{"allow":["GET"]}}],"collection":[{"href":"https:\/\/buy-prescriptionz.com\/da\/wp-json\/wp\/v2\/product"}],"about":[{"href":"https:\/\/buy-prescriptionz.com\/da\/wp-json\/wp\/v2\/types\/product"}],"replies":[{"embeddable":true,"href":"https:\/\/buy-prescriptionz.com\/da\/wp-json\/wp\/v2\/comments?post=3002"}],"wp:featuredmedia":[{"embeddable":true,"href":"https:\/\/buy-prescriptionz.com\/da\/wp-json\/wp\/v2\/media\/3032"}],"wp:attachment":[{"href":"https:\/\/buy-prescriptionz.com\/da\/wp-json\/wp\/v2\/media?parent=3002"}],"wp:term":[{"taxonomy":"product_brand","embeddable":true,"href":"https:\/\/buy-prescriptionz.com\/da\/wp-json\/wp\/v2\/product_brand?post=3002"},{"taxonomy":"product_cat","embeddable":true,"href":"https:\/\/buy-prescriptionz.com\/da\/wp-json\/wp\/v2\/product_cat?post=3002"},{"taxonomy":"product_tag","embeddable":true,"href":"https:\/\/buy-prescriptionz.com\/da\/wp-json\/wp\/v2\/product_tag?post=3002"}],"curies":[{"name":"wp","href":"https:\/\/api.w.org\/{rel}","templated":true}]}}