{"id":3005,"date":"2025-09-16T08:55:53","date_gmt":"2025-09-16T08:55:53","guid":{"rendered":"https:\/\/chemsfine.com\/newsite\/?post_type=product&#038;p=3005"},"modified":"2025-09-25T13:10:00","modified_gmt":"2025-09-25T13:10:00","slug":"kob-quaaludes-mandrax-online","status":"publish","type":"product","link":"https:\/\/buy-prescriptionz.com\/da\/vare\/kob-quaaludes-mandrax-online\/","title":{"rendered":"K\u00f8b Quaaludes (Mandrax) online"},"content":{"rendered":"<h2>K\u00d8BE QUAALUDES (MANDRAX) ONLINE<\/h2>\n<p>K\u00f8b Mandrax Online, Quaaludes er varem\u00e6rket for det beroligende-hypnotiske stof Methaqualone, som fungerer i menneskekroppen som et generelt nedtrykkende middel for centralnervesystemet.Quaaludes er varem\u00e6rket for det beroligende-hypnotiske stof Methaqualone, som fungerer i menneskekroppen som et generelt nedtrykkende middel for centralnervesystemet.<\/p>\n<h3>QUAALUDES EGENSKABER<\/h3>\n<p>Methaqualon er et vigtigt nervesystemdepressivt middel, der \u00f8ger GABA-receptorernes aktivitet. Det virker som et beroligende og hypnotisk middel. Hypnotika hj\u00e6lper en person med at sove, og det var den vigtigste grund til, at nogen fik ordineret Quaaludes.<\/p>\n<h3>FORHOLDSREGLER FOR FUNKTIONER<\/h3>\n<p>Fort\u00e6l din l\u00e6ge, hvis du har nogen sundhedsproblemer for at overvinde allergiske reaktioner eller andre sundhedsproblemer.Hvis du bruger andre l\u00e6gemidler, skal du tale med l\u00e6gen om dem for at vide, om disse kombinationer for\u00e5rsager bivirkninger eller ej. K\u00f8b Quaaludes (<a href=\"https:\/\/de.wikipedia.org\/w\/index.php?sort=relevance&amp;search=Quaaludes&amp;title=Spezial%3ASuche&amp;profile=advanced&amp;fulltext=1&amp;advancedSearch-current=%7B%7D&amp;ns0=1\">Mandrax<\/a>) Online<\/p>\n<h3><strong>Quaaludes (Mandrax) Online: Overview and Uses<\/strong><\/h3>\n<p>Quaaludes, also known as Mandrax or Methaqualone, were widely prescribed in the past as sedatives and hypnotics. They were primarily used to treat insomnia (difficulty sleeping) and anxiety due to their calming effects on the central nervous system. The best Quaaludes work by enhancing the activity of a neurotransmitter called gamma-aminobutyric acid (GABA) in the brain, which helps to reduce brain activity and induce relaxation. This made them effective in helping people achieve restful sleep and alleviate feelings of anxiety.<\/p>\n<h3>Benefits of Quaaludes (Mandrax)<\/h3>\n<ol>\n<li>Sleep Aid: Quaaludes were highly effective in treating insomnia by helping individuals fall asleep and maintain a deep sleep throughout the night. This was beneficial for those suffering from chronic sleep disorders.<\/li>\n<li>Anxiety Relief: They also provided relief from anxiety symptoms by calming the mind and reducing feelings of nervousness or tension. This dual action made them useful for people experiencing both sleep disturbances and anxiety.<\/li>\n<li>Muscle Relaxation: Quaaludes had muscle relaxant properties, which contributed to their therapeutic effects. They could help ease muscle tension and promote relaxation throughout the body.<\/li>\n<li>Euphoric Effects: Beyond their medical uses, Quaaludes were also known for their euphoric effects, which contributed to their recreational use in the past. However, this also led to widespread misuse and addiction issues.<\/li>\n<li>Limited Availability: Due to their potential for abuse and addiction, Quaaludes were classified as a Schedule I controlled substance in many countries. This means their legal availability is restricted, and they are no longer prescribed for medical use in most places.<\/li>\n<\/ol>\n<p>If you are considering purchasing Quaaludes (Mandrax) online, it&#8217;s crucial to be aware of their controlled status and potential risks. For a safe and reliable purchase, visit the best pharmacy store buy-prescriptionz.com. This trusted platform offers genuine products with discreet shipping and competitive prices. Always use medications responsibly and consult with a healthcare professional for guidance on managing sleep disorders or anxiety.<\/p>\n<h3>ALMINDELIGE BIVIRKNINGER, MENS DU TAGER QUAALUDES<\/h3>\n<p>Svimmelhed<br \/>\nOpkastning<br \/>\nKvalme<br \/>\nDiarr\u00e9<br \/>\nKramper i maven<br \/>\nKl\u00f8e<br \/>\nTr\u00e6thed<br \/>\nUdsl\u00e6t<br \/>\nSvedende<br \/>\nT\u00f8r mund<br \/>\nPrikkende fornemmelse i arme og ben<br \/>\nReduceret puls<br \/>\nAnfald<br \/>\nLangsommere vejrtr\u00e6kning (respiration).<\/p>\n<p>Quaaludes for\u00e5rsager ogs\u00e5 erektil dysfunktion (ED) og problemer med at opn\u00e5 orgasmer. I h\u00f8je doser kan det for\u00e5rsage mental forvirring og tab af muskelkontrol (ataksi).Disse er ikke en komplet liste over bivirkninger, og andre kan forekomme.<\/p>\n<h3>UFORS\u00d8GET DOSIS<\/h3>\n<p>Nogle gange glemmer folk generelt at tage dosis korrekt fra tid til anden. Tag aldrig glemt dosis af Quaaludes som dobbeltdosis.Bare tag den enkelte dosis som s\u00e6dvanlig.<\/p>\n<h3>PROBLEMER MED OVERDOSERING<\/h3>\n<p>Quaaludes er et middel, der virker nedtrykkende p\u00e5 centralnervesystemet (CNS). Eksempler p\u00e5 andre CNS-depressive midler omfatter diazepam (Valium), meprobamat og gammahydroxibutyrat (GHB). Overdosis af Quaaludes kan f\u00f8re til koma, kramper eller d\u00f8d.<br \/>\nDer er stor forskel p\u00e5 de farlige doser. Doser p\u00e5 over 300 mg kan v\u00e6re meget farlige for f\u00f8rstegangsbrugere. Quaalude-doser p\u00e5 ca. 8.000 mg om dagen kan v\u00e6re d\u00f8delige; selv h\u00f8jere doser er dog ikke n\u00f8dvendigvis d\u00f8delige, afh\u00e6ngigt af brugerens tolerancetilstand. Da disse stoffer fremstilles i ulovlige laboratorier, er styrken og indholdet af det faktiske produkt m\u00e5ske ikke kendt, hvilket uds\u00e6tter brugeren for endnu st\u00f8rre risiko.<\/p>\n<h3>OPBEVARING AF QUAALUDES<\/h3>\n<p>Opbevar denne medicin ved almindelig stuetemperatur, og giv den aldrig til b\u00f8rn. Opbevar den aldrig i n\u00e6rheden af et barn.<\/p>\n<h3>HVOR KAN MAN K\u00d8BE QUAALUDES ONLINE?<\/h3>\n<p>Der er mange hjemmesider salg Quaaludes, men aldrig tage fejl og udl\u00f8bsdato medicin fra alle hjemmesider. V\u00e6r forsigtig med at k\u00f8be dette produkt. Buyprescription salg Quaaludes i online med den bedste pris og et \u00e6gte produkt. K\u00f8b Quaaludes Online<\/p>","protected":false},"excerpt":{"rendered":"<p>BUY QUAALUDES (MANDRAX)ONLINE Buy Mandrax Online, Quaaludes are the brand name for sedative-hypnotic drug Methaqualone, which function in the human body as a general central nervous system depressant.Quaaludes are the brand name for the sedative-hypnotic drug Methaqualone, which function in the human body as a general central nervous system depressant. QUAALUDES FEATURES Methaqualone is a [&hellip;]<\/p>","protected":false},"featured_media":3035,"comment_status":"open","ping_status":"closed","template":"","meta":{"site-sidebar-layout":"default","site-content-layout":"","ast-site-content-layout":"default","site-content-style":"default","site-sidebar-style":"default","ast-global-header-display":"","ast-banner-title-visibility":"","ast-main-header-display":"","ast-hfb-above-header-display":"","ast-hfb-below-header-display":"","ast-hfb-mobile-header-display":"","site-post-title":"","ast-breadcrumbs-content":"","ast-featured-img":"","footer-sml-layout":"","theme-transparent-header-meta":"default","adv-header-id-meta":"","stick-header-meta":"","header-above-stick-meta":"","header-main-stick-meta":"","header-below-stick-meta":"","astra-migrate-meta-layouts":"set","ast-page-background-enabled":"default","ast-page-background-meta":{"desktop":{"background-color":"var(--ast-global-color-4)","background-image":"","background-repeat":"repeat","background-position":"center center","background-size":"auto","background-attachment":"scroll","background-type":"","background-media":"","overlay-type":"","overlay-color":"","overlay-opacity":"","overlay-gradient":""},"tablet":{"background-color":"","background-image":"","background-repeat":"repeat","background-position":"center center","background-size":"auto","background-attachment":"scroll","background-type":"","background-media":"","overlay-type":"","overlay-color":"","overlay-opacity":"","overlay-gradient":""},"mobile":{"background-color":"","background-image":"","background-repeat":"repeat","background-position":"center center","background-size":"auto","background-attachment":"scroll","background-type":"","background-media":"","overlay-type":"","overlay-color":"","overlay-opacity":"","overlay-gradient":""}},"ast-content-background-meta":{"desktop":{"background-color":"var(--ast-global-color-5)","background-image":"","background-repeat":"repeat","background-position":"center center","background-size":"auto","background-attachment":"scroll","background-type":"","background-media":"","overlay-type":"","overlay-color":"","overlay-opacity":"","overlay-gradient":""},"tablet":{"background-color":"var(--ast-global-color-5)","background-image":"","background-repeat":"repeat","background-position":"center center","background-size":"auto","background-attachment":"scroll","background-type":"","background-media":"","overlay-type":"","overlay-color":"","overlay-opacity":"","overlay-gradient":""},"mobile":{"background-color":"var(--ast-global-color-5)","background-image":"","background-repeat":"repeat","background-position":"center center","background-size":"auto","background-attachment":"scroll","background-type":"","background-media":"","overlay-type":"","overlay-color":"","overlay-opacity":"","overlay-gradient":""}}},"product_brand":[],"product_cat":[2383],"product_tag":[1380,1381,1379,1374,1377,1376,1375,1378,1373,1372,1383,1382],"class_list":{"0":"post-3005","1":"product","2":"type-product","3":"status-publish","4":"has-post-thumbnail","6":"product_cat-buy-stimulants-online","7":"product_tag-buy-quaaludes-mandrax-in-canada","8":"product_tag-buy-quaaludes-mandrax-in-uk","9":"product_tag-buy-quaaludes-mandrax-in-usa","10":"product_tag-buy-quaaludes-mandrax-with-bitcoin","11":"product_tag-buy-quaaludes-mandrax-with-credit-card","12":"product_tag-buy-quaaludes-mandrax-with-money-gram","13":"product_tag-buy-quaaludes-mandrax-with-western-union","14":"product_tag-buy-quaaludes-mandrax-without-a-doctor","15":"product_tag-buy-quaaludes-mandrax-without-prescription","16":"product_tag-quaaludes-mandrax-for-sale","17":"product_tag-quaaludes-mandrax-pills","18":"product_tag-quaaludes-mandrax-tablets","19":"desktop-align-center","20":"tablet-align-left","21":"mobile-align-left","23":"first","24":"instock","25":"shipping-taxable","26":"purchasable","27":"product-type-variable","28":"has-default-attributes"},"yoast_head":"<!-- This site is optimized with the Yoast SEO plugin v25.9 - https:\/\/yoast.com\/wordpress\/plugins\/seo\/ -->\n<title>Buy Quaaludes Online - Mandrax for sale online at very cheap price<\/title>\n<meta name=\"description\" content=\"Buy Quaaludes Online, Buy Lemmon 714 Online. Buy Mandraz Online - BUY LEMMON 714 ONLINE cheap from Blue Pearl Medshop without prescription\" \/>\n<meta name=\"robots\" content=\"index, follow, max-snippet:-1, max-image-preview:large, max-video-preview:-1\" \/>\n<link rel=\"canonical\" href=\"https:\/\/buy-prescriptionz.com\/da\/vare\/kob-quaaludes-mandrax-online\/\" \/>\n<meta property=\"og:locale\" content=\"da_DK\" \/>\n<meta property=\"og:type\" content=\"article\" \/>\n<meta property=\"og:title\" content=\"Buy Quaaludes Online - Mandrax for sale online at very cheap price\" \/>\n<meta property=\"og:description\" content=\"Buy Quaaludes Online, Buy Lemmon 714 Online. Buy Mandraz Online - BUY LEMMON 714 ONLINE cheap from Blue Pearl Medshop without prescription\" \/>\n<meta property=\"og:url\" content=\"https:\/\/buy-prescriptionz.com\/da\/vare\/kob-quaaludes-mandrax-online\/\" \/>\n<meta property=\"og:site_name\" content=\"Buy Prescriptionz\" \/>\n<meta property=\"article:modified_time\" content=\"2025-09-25T13:10:00+00:00\" \/>\n<meta property=\"og:image\" content=\"https:\/\/buy-prescriptionz.com\/wp-content\/uploads\/2025\/09\/quaaludes-mandrax.jpg\" \/>\n\t<meta property=\"og:image:width\" content=\"400\" \/>\n\t<meta property=\"og:image:height\" content=\"300\" \/>\n\t<meta property=\"og:image:type\" content=\"image\/jpeg\" \/>\n<meta name=\"twitter:card\" content=\"summary_large_image\" \/>\n<meta name=\"twitter:label1\" content=\"Estimeret l\u00e6setid\" \/>\n\t<meta name=\"twitter:data1\" content=\"4 minutter\" \/>\n<script type=\"application\/ld+json\" class=\"yoast-schema-graph\">{\"@context\":\"https:\/\/schema.org\",\"@graph\":[{\"@type\":\"WebPage\",\"@id\":\"https:\/\/buy-prescriptionz.com\/product\/buy-quaaludes-mandrax-online\/\",\"url\":\"https:\/\/buy-prescriptionz.com\/product\/buy-quaaludes-mandrax-online\/\",\"name\":\"Buy Quaaludes Online - Mandrax for sale online at very cheap price\",\"isPartOf\":{\"@id\":\"https:\/\/buy-prescriptionz.com\/#website\"},\"primaryImageOfPage\":{\"@id\":\"https:\/\/buy-prescriptionz.com\/product\/buy-quaaludes-mandrax-online\/#primaryimage\"},\"image\":{\"@id\":\"https:\/\/buy-prescriptionz.com\/product\/buy-quaaludes-mandrax-online\/#primaryimage\"},\"thumbnailUrl\":\"https:\/\/buy-prescriptionz.com\/wp-content\/uploads\/2025\/09\/quaaludes-mandrax.jpg\",\"datePublished\":\"2025-09-16T08:55:53+00:00\",\"dateModified\":\"2025-09-25T13:10:00+00:00\",\"description\":\"Buy Quaaludes Online, Buy Lemmon 714 Online. Buy Mandraz Online - BUY LEMMON 714 ONLINE cheap from Blue Pearl Medshop without prescription\",\"breadcrumb\":{\"@id\":\"https:\/\/buy-prescriptionz.com\/product\/buy-quaaludes-mandrax-online\/#breadcrumb\"},\"inLanguage\":\"da-DK\",\"potentialAction\":[{\"@type\":\"ReadAction\",\"target\":[\"https:\/\/buy-prescriptionz.com\/product\/buy-quaaludes-mandrax-online\/\"]}]},{\"@type\":\"ImageObject\",\"inLanguage\":\"da-DK\",\"@id\":\"https:\/\/buy-prescriptionz.com\/product\/buy-quaaludes-mandrax-online\/#primaryimage\",\"url\":\"https:\/\/buy-prescriptionz.com\/wp-content\/uploads\/2025\/09\/quaaludes-mandrax.jpg\",\"contentUrl\":\"https:\/\/buy-prescriptionz.com\/wp-content\/uploads\/2025\/09\/quaaludes-mandrax.jpg\",\"width\":400,\"height\":300},{\"@type\":\"BreadcrumbList\",\"@id\":\"https:\/\/buy-prescriptionz.com\/product\/buy-quaaludes-mandrax-online\/#breadcrumb\",\"itemListElement\":[{\"@type\":\"ListItem\",\"position\":1,\"name\":\"Home\",\"item\":\"https:\/\/buy-prescriptionz.com\/\"},{\"@type\":\"ListItem\",\"position\":2,\"name\":\"Shop Painkillers Online\",\"item\":\"https:\/\/buy-prescriptionz.com\/shop-painkillers-online\/\"},{\"@type\":\"ListItem\",\"position\":3,\"name\":\"Buy Quaaludes (Mandrax) Online\"}]},{\"@type\":\"WebSite\",\"@id\":\"https:\/\/buy-prescriptionz.com\/#website\",\"url\":\"https:\/\/buy-prescriptionz.com\/\",\"name\":\"Buy Prescriptionz\",\"description\":\"Drugs Online\",\"publisher\":{\"@id\":\"https:\/\/buy-prescriptionz.com\/#organization\"},\"potentialAction\":[{\"@type\":\"SearchAction\",\"target\":{\"@type\":\"EntryPoint\",\"urlTemplate\":\"https:\/\/buy-prescriptionz.com\/?s={search_term_string}\"},\"query-input\":{\"@type\":\"PropertyValueSpecification\",\"valueRequired\":true,\"valueName\":\"search_term_string\"}}],\"inLanguage\":\"da-DK\"},{\"@type\":\"Organization\",\"@id\":\"https:\/\/buy-prescriptionz.com\/#organization\",\"name\":\"Buy Prescriptionz\",\"url\":\"https:\/\/buy-prescriptionz.com\/\",\"logo\":{\"@type\":\"ImageObject\",\"inLanguage\":\"da-DK\",\"@id\":\"https:\/\/buy-prescriptionz.com\/#\/schema\/logo\/image\/\",\"url\":\"https:\/\/buy-prescriptionz.com\/wp-content\/uploads\/2023\/09\/logo.png\",\"contentUrl\":\"https:\/\/buy-prescriptionz.com\/wp-content\/uploads\/2023\/09\/logo.png\",\"width\":350,\"height\":64,\"caption\":\"Buy Prescriptionz\"},\"image\":{\"@id\":\"https:\/\/buy-prescriptionz.com\/#\/schema\/logo\/image\/\"}}]}<\/script>\n<!-- \/ Yoast SEO plugin. -->","yoast_head_json":{"title":"K\u00f8b Quaaludes Online - Mandrax til salg online til en meget billig pris","description":"K\u00f8b Quaaludes Online, K\u00f8b Lemmon 714 Online. K\u00f8b Mandraz Online - K\u00d8B LEMMON 714 ONLINE billigt fra Blue Pearl Medshop uden recept","robots":{"index":"index","follow":"follow","max-snippet":"max-snippet:-1","max-image-preview":"max-image-preview:large","max-video-preview":"max-video-preview:-1"},"canonical":"https:\/\/buy-prescriptionz.com\/da\/vare\/kob-quaaludes-mandrax-online\/","og_locale":"da_DK","og_type":"article","og_title":"Buy Quaaludes Online - Mandrax for sale online at very cheap price","og_description":"Buy Quaaludes Online, Buy Lemmon 714 Online. Buy Mandraz Online - BUY LEMMON 714 ONLINE cheap from Blue Pearl Medshop without prescription","og_url":"https:\/\/buy-prescriptionz.com\/da\/vare\/kob-quaaludes-mandrax-online\/","og_site_name":"Buy Prescriptionz","article_modified_time":"2025-09-25T13:10:00+00:00","og_image":[{"width":400,"height":300,"url":"https:\/\/buy-prescriptionz.com\/wp-content\/uploads\/2025\/09\/quaaludes-mandrax.jpg","type":"image\/jpeg"}],"twitter_card":"summary_large_image","twitter_misc":{"Estimeret l\u00e6setid":"4 minutter"},"schema":{"@context":"https:\/\/schema.org","@graph":[{"@type":"WebPage","@id":"https:\/\/buy-prescriptionz.com\/product\/buy-quaaludes-mandrax-online\/","url":"https:\/\/buy-prescriptionz.com\/product\/buy-quaaludes-mandrax-online\/","name":"K\u00f8b Quaaludes Online - Mandrax til salg online til en meget billig pris","isPartOf":{"@id":"https:\/\/buy-prescriptionz.com\/#website"},"primaryImageOfPage":{"@id":"https:\/\/buy-prescriptionz.com\/product\/buy-quaaludes-mandrax-online\/#primaryimage"},"image":{"@id":"https:\/\/buy-prescriptionz.com\/product\/buy-quaaludes-mandrax-online\/#primaryimage"},"thumbnailUrl":"https:\/\/buy-prescriptionz.com\/wp-content\/uploads\/2025\/09\/quaaludes-mandrax.jpg","datePublished":"2025-09-16T08:55:53+00:00","dateModified":"2025-09-25T13:10:00+00:00","description":"K\u00f8b Quaaludes Online, K\u00f8b Lemmon 714 Online. K\u00f8b Mandraz Online - K\u00d8B LEMMON 714 ONLINE billigt fra Blue Pearl Medshop uden recept","breadcrumb":{"@id":"https:\/\/buy-prescriptionz.com\/product\/buy-quaaludes-mandrax-online\/#breadcrumb"},"inLanguage":"da-DK","potentialAction":[{"@type":"ReadAction","target":["https:\/\/buy-prescriptionz.com\/product\/buy-quaaludes-mandrax-online\/"]}]},{"@type":"ImageObject","inLanguage":"da-DK","@id":"https:\/\/buy-prescriptionz.com\/product\/buy-quaaludes-mandrax-online\/#primaryimage","url":"https:\/\/buy-prescriptionz.com\/wp-content\/uploads\/2025\/09\/quaaludes-mandrax.jpg","contentUrl":"https:\/\/buy-prescriptionz.com\/wp-content\/uploads\/2025\/09\/quaaludes-mandrax.jpg","width":400,"height":300},{"@type":"BreadcrumbList","@id":"https:\/\/buy-prescriptionz.com\/product\/buy-quaaludes-mandrax-online\/#breadcrumb","itemListElement":[{"@type":"ListItem","position":1,"name":"Home","item":"https:\/\/buy-prescriptionz.com\/"},{"@type":"ListItem","position":2,"name":"Shop Painkillers Online","item":"https:\/\/buy-prescriptionz.com\/shop-painkillers-online\/"},{"@type":"ListItem","position":3,"name":"Buy Quaaludes (Mandrax) Online"}]},{"@type":"WebSite","@id":"https:\/\/buy-prescriptionz.com\/#website","url":"https:\/\/buy-prescriptionz.com\/","name":"Buy Prescriptionz","description":"Narkotika online","publisher":{"@id":"https:\/\/buy-prescriptionz.com\/#organization"},"potentialAction":[{"@type":"SearchAction","target":{"@type":"EntryPoint","urlTemplate":"https:\/\/buy-prescriptionz.com\/?s={search_term_string}"},"query-input":{"@type":"PropertyValueSpecification","valueRequired":true,"valueName":"search_term_string"}}],"inLanguage":"da-DK"},{"@type":"Organization","@id":"https:\/\/buy-prescriptionz.com\/#organization","name":"Buy Prescriptionz","url":"https:\/\/buy-prescriptionz.com\/","logo":{"@type":"ImageObject","inLanguage":"da-DK","@id":"https:\/\/buy-prescriptionz.com\/#\/schema\/logo\/image\/","url":"https:\/\/buy-prescriptionz.com\/wp-content\/uploads\/2023\/09\/logo.png","contentUrl":"https:\/\/buy-prescriptionz.com\/wp-content\/uploads\/2023\/09\/logo.png","width":350,"height":64,"caption":"Buy Prescriptionz"},"image":{"@id":"https:\/\/buy-prescriptionz.com\/#\/schema\/logo\/image\/"}}]}},"_links":{"self":[{"href":"https:\/\/buy-prescriptionz.com\/da\/wp-json\/wp\/v2\/product\/3005","targetHints":{"allow":["GET"]}}],"collection":[{"href":"https:\/\/buy-prescriptionz.com\/da\/wp-json\/wp\/v2\/product"}],"about":[{"href":"https:\/\/buy-prescriptionz.com\/da\/wp-json\/wp\/v2\/types\/product"}],"replies":[{"embeddable":true,"href":"https:\/\/buy-prescriptionz.com\/da\/wp-json\/wp\/v2\/comments?post=3005"}],"wp:featuredmedia":[{"embeddable":true,"href":"https:\/\/buy-prescriptionz.com\/da\/wp-json\/wp\/v2\/media\/3035"}],"wp:attachment":[{"href":"https:\/\/buy-prescriptionz.com\/da\/wp-json\/wp\/v2\/media?parent=3005"}],"wp:term":[{"taxonomy":"product_brand","embeddable":true,"href":"https:\/\/buy-prescriptionz.com\/da\/wp-json\/wp\/v2\/product_brand?post=3005"},{"taxonomy":"product_cat","embeddable":true,"href":"https:\/\/buy-prescriptionz.com\/da\/wp-json\/wp\/v2\/product_cat?post=3005"},{"taxonomy":"product_tag","embeddable":true,"href":"https:\/\/buy-prescriptionz.com\/da\/wp-json\/wp\/v2\/product_tag?post=3005"}],"curies":[{"name":"wp","href":"https:\/\/api.w.org\/{rel}","templated":true}]}}