{"id":3044,"date":"2025-09-16T08:56:08","date_gmt":"2025-09-16T08:56:08","guid":{"rendered":"https:\/\/chemsfine.com\/newsite\/?post_type=product&#038;p=3044"},"modified":"2025-09-21T08:50:06","modified_gmt":"2025-09-21T08:50:06","slug":"kob-enanthate-online","status":"publish","type":"product","link":"https:\/\/buy-prescriptionz.com\/da\/vare\/kob-enanthate-online\/","title":{"rendered":"K\u00f8b Enanthate online"},"content":{"rendered":"<h2>K\u00f8b Enanthate online<\/h2>\n<h3>Hvor kan man k\u00f8be Testosteron Enanthate online i injektionsform<\/h3>\n<p>Testosteron Enanthate Online, <a href=\"https:\/\/buy-prescriptionz.com\/da\/\">Enanthate<\/a> or Delatestryl is an androgen and anabolic steroid medication that is for the treatment of low testosterone levels in men and women or surgically sex changed individuals. Buy Testosterone Enanthate online for hormone treatment for transgender men and women.<br \/>\nK\u00f8b Testosteron Enanthate i injektion p\u00e5 buy-prescriptionz.com til infusion i musklerne normalt en gang hver anden til fire uger.<\/p>\n<h3>Testosteron Enanthate til salg<\/h3>\n<p>Testosteron Enanthate online til maskulinisering som hudrensning, udvidet h\u00e5rudvikling, stemme\u00e6ndringer og udviklet seksuel lyst. Ved du, hvordan man k\u00f8ber Testosteron Enanthate online? Svaret er p\u00e5 buy-prescriptionz.com.<\/p>\n<p>Medicinen er en kemisk fremstillet androgen, og anabolske steroid og er derfor en agonist af androgenreceptoren, det organiske fokus af androgener som testosteron og dihydrotestosteron. Du kan k\u00f8be Testosteron Enanthate uden recept og den hurtige og sikre leveringsservice i USA og europ\u00e6iske stater.<\/p>\n<p>K\u00f8b Testosteron Enanthate uden en l\u00e6ge for p\u00e5lidelige androgene virkninger og moderate anabolske anvendelser, hvilket g\u00f8r det v\u00e6rdifuldt til at skabe maskulinisering og passende til androgen substitutionsterapi.<\/p>\n<p>Order Testosterone Enanthate online as a testosterone booster medication and a prodrug to increase the testosterone levels in the body. At buy-prescriptionz.com, you will also get the bulk ordering of this medication anywhere in the selected regions. Testosterone enanthate is utilized in androgen substitution therapy. The drug is explicitly the best, in the United States, for the treatment of hypogonadism in men, postponed adolescence in young men, and testosterone levels in women.<\/p>\n<h3>K\u00f8b Testosteron Enanthate til billig pris: Farmakologi<\/h3>\n<p>Testosteron enanthate har bortskaffelse af 4,5 dage og en tid p\u00e5 8,5 dage, n\u00e5r det anvendes som en intramuskul\u00e6r injektion af lageret. K\u00f8b Testosteron Enanthate online til dine behovsbes\u00f8g p\u00e5 omkring en gang hver uge, og betydelige \u00e6ndringer i testosteronniveauer resulterer med det, hvor niveauerne f\u00f8rst bliver h\u00e6vet og suprafysiologisk.<\/p>\n<p>K\u00f8b Testosteron Enanthate med diskret emballage med hurtig og sikker forsendelse service som 17\u03b2-heptanoat er en kemisk fremstillet androstan steroid og en datterselskab af testosteron. Det er en androgen ester; udtrykkeligt er det C17\u03b2 enanthate (heptanoat) ester af testosteron.<\/p>\n<h1><strong>K\u00f8b Enanthate online<\/strong><\/h1>\n<p>Enanthate, often known as Testosterone Enanthate, is a popular anabolic steroid used for testosterone replacement therapy and bodybuilding. Here&#8217;s a comprehensive overview and benefits of buying Enanthate online:<\/p>\n<ol>\n<li><strong>What is Enanthate?<\/strong><\/li>\n<\/ol>\n<ol>\n<li style=\"list-style-type: none;\">\n<ul>\n<li>Testosterone Enanthate is a synthetic form of the naturally occurring testosterone hormone.<\/li>\n<li>It&#8217;s used primarily to treat low testosterone levels in men and to improve physical performance.<\/li>\n<\/ul>\n<\/li>\n<\/ol>\n<ol start=\"2\">\n<li><strong>Forms and Dosage:<\/strong><\/li>\n<\/ol>\n<ol>\n<li style=\"list-style-type: none;\">\n<ul>\n<li>Available typically in injectable form.<\/li>\n<li>Dosages vary based on medical advice and intended use, ranging from 50 mg to 400 mg per injection.<\/li>\n<\/ul>\n<\/li>\n<\/ol>\n<ol start=\"3\">\n<li><strong>Mechanism of Action:<\/strong><\/li>\n<\/ol>\n<ol>\n<li style=\"list-style-type: none;\">\n<ul>\n<li>Enanthate works by supplementing the body\u2019s natural testosterone, helping to maintain balanced hormone levels.<\/li>\n<\/ul>\n<\/li>\n<\/ol>\n<h3>Benefits<\/h3>\n<ol>\n<li><strong>Muscle Growth and Strength:<\/strong><\/li>\n<\/ol>\n<ol>\n<li style=\"list-style-type: none;\">\n<ul>\n<li>Enhanced Protein Synthesis: Helps in faster muscle repair and growth.<\/li>\n<li>Increased Nitrogen Retention: Crucial for muscle growth as it keeps the muscles in an anabolic state.<\/li>\n<\/ul>\n<\/li>\n<\/ol>\n<ol start=\"2\">\n<li><strong>Improved Recovery Times:<\/strong><\/li>\n<\/ol>\n<ol>\n<li style=\"list-style-type: none;\">\n<ul>\n<li>Faster Recovery: Reduced muscle soreness and quicker recovery from intense workouts.<\/li>\n<li>Increased Red Blood Cell Production: Improves oxygen delivery to muscles, enhancing endurance and performance.<\/li>\n<\/ul>\n<\/li>\n<\/ol>\n<ol start=\"3\">\n<li><strong>Fat Loss:<\/strong><\/li>\n<\/ol>\n<ol>\n<li style=\"list-style-type: none;\">\n<ul>\n<li>Enhanced Metabolic Rate: Boosts fat metabolism, aiding in faster fat loss while preserving lean muscle mass.<\/li>\n<\/ul>\n<\/li>\n<\/ol>\n<ol start=\"4\">\n<li><strong>Libido and Mood:<\/strong><\/li>\n<\/ol>\n<ol>\n<li style=\"list-style-type: none;\">\n<ul>\n<li>Improved Libido: Helps in restoring and enhancing sex drive.<\/li>\n<li>Better Mood: Stabilizes mood and combats symptoms of depression associated with low testosterone.<\/li>\n<\/ul>\n<\/li>\n<\/ol>\n<ol start=\"5\">\n<li><strong>Bone Density and Strength:<\/strong><\/li>\n<\/ol>\n<ol>\n<li style=\"list-style-type: none;\">\n<ul>\n<li>Increased Bone Density: Helps in maintaining bone health and preventing osteoporosis.<\/li>\n<\/ul>\n<\/li>\n<\/ol>\n<p>Where can I buy Enanthate? Buying Enanthate online from the best pharmacy store, buy-prescriptionz.com offers numerous benefits, including convenience, variety, and cost savings. It&#8217;s crucial to purchase from reputable sources to ensure the quality and authenticity of the product. Always consult with a healthcare provider before starting any new medication or supplement regimen to ensure it\u2019s appropriate for your needs.<\/p>","protected":false},"excerpt":{"rendered":"<p>Buy Enanthate Online Where to buy Testosterone Enanthate online in injection form Testosterone Enanthate Online, Enanthate or Delatestryl is an androgen and anabolic steroid medication that is for the treatment of low testosterone levels in men and women or surgically sex changed individuals. Buy Testosterone Enanthate online for hormone treatment for transgender men and women. [&hellip;]<\/p>","protected":false},"featured_media":3074,"comment_status":"open","ping_status":"closed","template":"","meta":{"site-sidebar-layout":"default","site-content-layout":"","ast-site-content-layout":"default","site-content-style":"default","site-sidebar-style":"default","ast-global-header-display":"","ast-banner-title-visibility":"","ast-main-header-display":"","ast-hfb-above-header-display":"","ast-hfb-below-header-display":"","ast-hfb-mobile-header-display":"","site-post-title":"","ast-breadcrumbs-content":"","ast-featured-img":"","footer-sml-layout":"","theme-transparent-header-meta":"default","adv-header-id-meta":"","stick-header-meta":"","header-above-stick-meta":"","header-main-stick-meta":"","header-below-stick-meta":"","astra-migrate-meta-layouts":"set","ast-page-background-enabled":"default","ast-page-background-meta":{"desktop":{"background-color":"var(--ast-global-color-4)","background-image":"","background-repeat":"repeat","background-position":"center center","background-size":"auto","background-attachment":"scroll","background-type":"","background-media":"","overlay-type":"","overlay-color":"","overlay-opacity":"","overlay-gradient":""},"tablet":{"background-color":"","background-image":"","background-repeat":"repeat","background-position":"center center","background-size":"auto","background-attachment":"scroll","background-type":"","background-media":"","overlay-type":"","overlay-color":"","overlay-opacity":"","overlay-gradient":""},"mobile":{"background-color":"","background-image":"","background-repeat":"repeat","background-position":"center center","background-size":"auto","background-attachment":"scroll","background-type":"","background-media":"","overlay-type":"","overlay-color":"","overlay-opacity":"","overlay-gradient":""}},"ast-content-background-meta":{"desktop":{"background-color":"var(--ast-global-color-5)","background-image":"","background-repeat":"repeat","background-position":"center center","background-size":"auto","background-attachment":"scroll","background-type":"","background-media":"","overlay-type":"","overlay-color":"","overlay-opacity":"","overlay-gradient":""},"tablet":{"background-color":"var(--ast-global-color-5)","background-image":"","background-repeat":"repeat","background-position":"center center","background-size":"auto","background-attachment":"scroll","background-type":"","background-media":"","overlay-type":"","overlay-color":"","overlay-opacity":"","overlay-gradient":""},"mobile":{"background-color":"var(--ast-global-color-5)","background-image":"","background-repeat":"repeat","background-position":"center center","background-size":"auto","background-attachment":"scroll","background-type":"","background-media":"","overlay-type":"","overlay-color":"","overlay-opacity":"","overlay-gradient":""}}},"product_brand":[],"product_cat":[2384],"product_tag":[1302,1303,1301,1296,1299,1298,1297,1300,1295,1294,1304],"class_list":{"0":"post-3044","1":"product","2":"type-product","3":"status-publish","4":"has-post-thumbnail","6":"product_cat-buy-anabolic-steroids-online","7":"product_tag-buy-enanthate-in-canada","8":"product_tag-buy-enanthate-in-uk","9":"product_tag-buy-enanthate-in-usa","10":"product_tag-buy-enanthate-with-bitcoin","11":"product_tag-buy-enanthate-with-credit-card","12":"product_tag-buy-enanthate-with-money-gram","13":"product_tag-buy-enanthate-with-western-union","14":"product_tag-buy-enanthate-without-a-doctor","15":"product_tag-buy-enanthate-without-prescription","16":"product_tag-enanthate-for-sale","17":"product_tag-enanthate-injection","18":"desktop-align-center","19":"tablet-align-left","20":"mobile-align-left","22":"first","23":"instock","24":"shipping-taxable","25":"purchasable","26":"product-type-variable","27":"has-default-attributes"},"yoast_head":"<!-- This site is optimized with the Yoast SEO plugin v25.9 - https:\/\/yoast.com\/wordpress\/plugins\/seo\/ -->\n<title>Testosterone Enanthate Online - Testosterone enanthate,Buy Testosterone<\/title>\n<meta name=\"description\" content=\"Testosterone Enanthate Online - Testosterone;- Buy Testosterone Enanthate book online at best prices in India on Amazon.in. Read Testosterone Enanthate\" \/>\n<meta name=\"robots\" content=\"index, follow, max-snippet:-1, max-image-preview:large, max-video-preview:-1\" \/>\n<link rel=\"canonical\" href=\"https:\/\/buy-prescriptionz.com\/da\/vare\/kob-enanthate-online\/\" \/>\n<meta property=\"og:locale\" content=\"da_DK\" \/>\n<meta property=\"og:type\" content=\"article\" \/>\n<meta property=\"og:title\" content=\"Testosterone Enanthate Online - Testosterone enanthate,Buy Testosterone\" \/>\n<meta property=\"og:description\" content=\"Testosterone Enanthate Online - Testosterone;- Buy Testosterone Enanthate book online at best prices in India on Amazon.in. Read Testosterone Enanthate\" \/>\n<meta property=\"og:url\" content=\"https:\/\/buy-prescriptionz.com\/da\/vare\/kob-enanthate-online\/\" \/>\n<meta property=\"og:site_name\" content=\"Buy Prescriptionz\" \/>\n<meta property=\"article:modified_time\" content=\"2025-09-21T08:50:06+00:00\" \/>\n<meta property=\"og:image\" content=\"https:\/\/buy-prescriptionz.com\/wp-content\/uploads\/2025\/09\/enanthate.jpg\" \/>\n\t<meta property=\"og:image:width\" content=\"400\" \/>\n\t<meta property=\"og:image:height\" content=\"300\" \/>\n\t<meta property=\"og:image:type\" content=\"image\/jpeg\" \/>\n<meta name=\"twitter:card\" content=\"summary_large_image\" \/>\n<meta name=\"twitter:label1\" content=\"Estimeret l\u00e6setid\" \/>\n\t<meta name=\"twitter:data1\" content=\"3 minutter\" \/>\n<script type=\"application\/ld+json\" class=\"yoast-schema-graph\">{\"@context\":\"https:\/\/schema.org\",\"@graph\":[{\"@type\":\"WebPage\",\"@id\":\"https:\/\/buy-prescriptionz.com\/product\/buy-enanthate-online\/\",\"url\":\"https:\/\/buy-prescriptionz.com\/product\/buy-enanthate-online\/\",\"name\":\"Testosterone Enanthate Online - Testosterone enanthate,Buy Testosterone\",\"isPartOf\":{\"@id\":\"https:\/\/buy-prescriptionz.com\/#website\"},\"primaryImageOfPage\":{\"@id\":\"https:\/\/buy-prescriptionz.com\/product\/buy-enanthate-online\/#primaryimage\"},\"image\":{\"@id\":\"https:\/\/buy-prescriptionz.com\/product\/buy-enanthate-online\/#primaryimage\"},\"thumbnailUrl\":\"https:\/\/buy-prescriptionz.com\/wp-content\/uploads\/2025\/09\/enanthate.jpg\",\"datePublished\":\"2025-09-16T08:56:08+00:00\",\"dateModified\":\"2025-09-21T08:50:06+00:00\",\"description\":\"Testosterone Enanthate Online - Testosterone;- Buy Testosterone Enanthate book online at best prices in India on Amazon.in. Read Testosterone Enanthate\",\"breadcrumb\":{\"@id\":\"https:\/\/buy-prescriptionz.com\/product\/buy-enanthate-online\/#breadcrumb\"},\"inLanguage\":\"da-DK\",\"potentialAction\":[{\"@type\":\"ReadAction\",\"target\":[\"https:\/\/buy-prescriptionz.com\/product\/buy-enanthate-online\/\"]}]},{\"@type\":\"ImageObject\",\"inLanguage\":\"da-DK\",\"@id\":\"https:\/\/buy-prescriptionz.com\/product\/buy-enanthate-online\/#primaryimage\",\"url\":\"https:\/\/buy-prescriptionz.com\/wp-content\/uploads\/2025\/09\/enanthate.jpg\",\"contentUrl\":\"https:\/\/buy-prescriptionz.com\/wp-content\/uploads\/2025\/09\/enanthate.jpg\",\"width\":400,\"height\":300},{\"@type\":\"BreadcrumbList\",\"@id\":\"https:\/\/buy-prescriptionz.com\/product\/buy-enanthate-online\/#breadcrumb\",\"itemListElement\":[{\"@type\":\"ListItem\",\"position\":1,\"name\":\"Home\",\"item\":\"https:\/\/buy-prescriptionz.com\/\"},{\"@type\":\"ListItem\",\"position\":2,\"name\":\"Shop Painkillers Online\",\"item\":\"https:\/\/buy-prescriptionz.com\/shop-painkillers-online\/\"},{\"@type\":\"ListItem\",\"position\":3,\"name\":\"Buy Enanthate Online\"}]},{\"@type\":\"WebSite\",\"@id\":\"https:\/\/buy-prescriptionz.com\/#website\",\"url\":\"https:\/\/buy-prescriptionz.com\/\",\"name\":\"Buy Prescriptionz\",\"description\":\"Drugs Online\",\"publisher\":{\"@id\":\"https:\/\/buy-prescriptionz.com\/#organization\"},\"potentialAction\":[{\"@type\":\"SearchAction\",\"target\":{\"@type\":\"EntryPoint\",\"urlTemplate\":\"https:\/\/buy-prescriptionz.com\/?s={search_term_string}\"},\"query-input\":{\"@type\":\"PropertyValueSpecification\",\"valueRequired\":true,\"valueName\":\"search_term_string\"}}],\"inLanguage\":\"da-DK\"},{\"@type\":\"Organization\",\"@id\":\"https:\/\/buy-prescriptionz.com\/#organization\",\"name\":\"Buy Prescriptionz\",\"url\":\"https:\/\/buy-prescriptionz.com\/\",\"logo\":{\"@type\":\"ImageObject\",\"inLanguage\":\"da-DK\",\"@id\":\"https:\/\/buy-prescriptionz.com\/#\/schema\/logo\/image\/\",\"url\":\"https:\/\/buy-prescriptionz.com\/wp-content\/uploads\/2023\/09\/logo.png\",\"contentUrl\":\"https:\/\/buy-prescriptionz.com\/wp-content\/uploads\/2023\/09\/logo.png\",\"width\":350,\"height\":64,\"caption\":\"Buy Prescriptionz\"},\"image\":{\"@id\":\"https:\/\/buy-prescriptionz.com\/#\/schema\/logo\/image\/\"}}]}<\/script>\n<!-- \/ Yoast SEO plugin. -->","yoast_head_json":{"title":"Testosteron Enanthate Online - Testosteron enanthate, K\u00f8b Testosteron","description":"Testosteron Enanthate Online - Testosteron;- K\u00f8b Testosteron Enanthate bog online til de bedste priser fra https:\/\/buy-prescriptionz.com\/ Bestil Testosteron Enanthate","robots":{"index":"index","follow":"follow","max-snippet":"max-snippet:-1","max-image-preview":"max-image-preview:large","max-video-preview":"max-video-preview:-1"},"canonical":"https:\/\/buy-prescriptionz.com\/da\/vare\/kob-enanthate-online\/","og_locale":"da_DK","og_type":"article","og_title":"Testosterone Enanthate Online - Testosterone enanthate,Buy Testosterone","og_description":"Testosterone Enanthate Online - Testosterone;- Buy Testosterone Enanthate book online at best prices in India on Amazon.in. Read Testosterone Enanthate","og_url":"https:\/\/buy-prescriptionz.com\/da\/vare\/kob-enanthate-online\/","og_site_name":"Buy Prescriptionz","article_modified_time":"2025-09-21T08:50:06+00:00","og_image":[{"width":400,"height":300,"url":"https:\/\/buy-prescriptionz.com\/wp-content\/uploads\/2025\/09\/enanthate.jpg","type":"image\/jpeg"}],"twitter_card":"summary_large_image","twitter_misc":{"Estimeret l\u00e6setid":"3 minutter"},"schema":{"@context":"https:\/\/schema.org","@graph":[{"@type":"WebPage","@id":"https:\/\/buy-prescriptionz.com\/product\/buy-enanthate-online\/","url":"https:\/\/buy-prescriptionz.com\/product\/buy-enanthate-online\/","name":"Testosteron Enanthate Online - Testosteron enanthate, K\u00f8b Testosteron","isPartOf":{"@id":"https:\/\/buy-prescriptionz.com\/#website"},"primaryImageOfPage":{"@id":"https:\/\/buy-prescriptionz.com\/product\/buy-enanthate-online\/#primaryimage"},"image":{"@id":"https:\/\/buy-prescriptionz.com\/product\/buy-enanthate-online\/#primaryimage"},"thumbnailUrl":"https:\/\/buy-prescriptionz.com\/wp-content\/uploads\/2025\/09\/enanthate.jpg","datePublished":"2025-09-16T08:56:08+00:00","dateModified":"2025-09-21T08:50:06+00:00","description":"Testosteron Enanthate Online - Testosteron;- K\u00f8b Testosteron Enanthate bog online til de bedste priser fra https:\/\/buy-prescriptionz.com\/ Bestil Testosteron Enanthate","breadcrumb":{"@id":"https:\/\/buy-prescriptionz.com\/product\/buy-enanthate-online\/#breadcrumb"},"inLanguage":"da-DK","potentialAction":[{"@type":"ReadAction","target":["https:\/\/buy-prescriptionz.com\/product\/buy-enanthate-online\/"]}]},{"@type":"ImageObject","inLanguage":"da-DK","@id":"https:\/\/buy-prescriptionz.com\/product\/buy-enanthate-online\/#primaryimage","url":"https:\/\/buy-prescriptionz.com\/wp-content\/uploads\/2025\/09\/enanthate.jpg","contentUrl":"https:\/\/buy-prescriptionz.com\/wp-content\/uploads\/2025\/09\/enanthate.jpg","width":400,"height":300},{"@type":"BreadcrumbList","@id":"https:\/\/buy-prescriptionz.com\/product\/buy-enanthate-online\/#breadcrumb","itemListElement":[{"@type":"ListItem","position":1,"name":"Home","item":"https:\/\/buy-prescriptionz.com\/"},{"@type":"ListItem","position":2,"name":"Shop Painkillers Online","item":"https:\/\/buy-prescriptionz.com\/shop-painkillers-online\/"},{"@type":"ListItem","position":3,"name":"Buy Enanthate Online"}]},{"@type":"WebSite","@id":"https:\/\/buy-prescriptionz.com\/#website","url":"https:\/\/buy-prescriptionz.com\/","name":"Buy Prescriptionz","description":"Narkotika online","publisher":{"@id":"https:\/\/buy-prescriptionz.com\/#organization"},"potentialAction":[{"@type":"SearchAction","target":{"@type":"EntryPoint","urlTemplate":"https:\/\/buy-prescriptionz.com\/?s={search_term_string}"},"query-input":{"@type":"PropertyValueSpecification","valueRequired":true,"valueName":"search_term_string"}}],"inLanguage":"da-DK"},{"@type":"Organization","@id":"https:\/\/buy-prescriptionz.com\/#organization","name":"Buy Prescriptionz","url":"https:\/\/buy-prescriptionz.com\/","logo":{"@type":"ImageObject","inLanguage":"da-DK","@id":"https:\/\/buy-prescriptionz.com\/#\/schema\/logo\/image\/","url":"https:\/\/buy-prescriptionz.com\/wp-content\/uploads\/2023\/09\/logo.png","contentUrl":"https:\/\/buy-prescriptionz.com\/wp-content\/uploads\/2023\/09\/logo.png","width":350,"height":64,"caption":"Buy Prescriptionz"},"image":{"@id":"https:\/\/buy-prescriptionz.com\/#\/schema\/logo\/image\/"}}]}},"_links":{"self":[{"href":"https:\/\/buy-prescriptionz.com\/da\/wp-json\/wp\/v2\/product\/3044","targetHints":{"allow":["GET"]}}],"collection":[{"href":"https:\/\/buy-prescriptionz.com\/da\/wp-json\/wp\/v2\/product"}],"about":[{"href":"https:\/\/buy-prescriptionz.com\/da\/wp-json\/wp\/v2\/types\/product"}],"replies":[{"embeddable":true,"href":"https:\/\/buy-prescriptionz.com\/da\/wp-json\/wp\/v2\/comments?post=3044"}],"wp:featuredmedia":[{"embeddable":true,"href":"https:\/\/buy-prescriptionz.com\/da\/wp-json\/wp\/v2\/media\/3074"}],"wp:attachment":[{"href":"https:\/\/buy-prescriptionz.com\/da\/wp-json\/wp\/v2\/media?parent=3044"}],"wp:term":[{"taxonomy":"product_brand","embeddable":true,"href":"https:\/\/buy-prescriptionz.com\/da\/wp-json\/wp\/v2\/product_brand?post=3044"},{"taxonomy":"product_cat","embeddable":true,"href":"https:\/\/buy-prescriptionz.com\/da\/wp-json\/wp\/v2\/product_cat?post=3044"},{"taxonomy":"product_tag","embeddable":true,"href":"https:\/\/buy-prescriptionz.com\/da\/wp-json\/wp\/v2\/product_tag?post=3044"}],"curies":[{"name":"wp","href":"https:\/\/api.w.org\/{rel}","templated":true}]}}