{"id":3053,"date":"2025-09-16T08:56:09","date_gmt":"2025-09-16T08:56:09","guid":{"rendered":"https:\/\/chemsfine.com\/newsite\/?post_type=product&#038;p=3053"},"modified":"2025-09-26T17:48:15","modified_gmt":"2025-09-26T17:48:15","slug":"kob-vicoprofen-online-3","status":"publish","type":"product","link":"https:\/\/buy-prescriptionz.com\/da\/vare\/kob-vicoprofen-online-3\/","title":{"rendered":"K\u00f8b Vicoprofen online"},"content":{"rendered":"<h2>K\u00f8b Vicoprofen online<\/h2>\n<h3>K\u00f8b Vicoprofen Online,Hvad er hydrocodon og ibuprofen, og hvordan kan det fungere (aktivitetssystem)?<\/h3>\n<p>K\u00f8b Vicoprofen Online, det er en blanding af et narkotisk smertestillende middel (hydrocodonbitartrat, et smertestillende middel identificeret med opiater) og et ikke-steroidalt lindrende middel (ibuprofen). De to medikamenter er kraftige til smerte bord. Det vurderes, at en tablet Vicoprofen er lige s\u00e5 overbevisende som to tabletter Tylenol #3 (acetaminophen 300 mg foruden kodein 30 mg). Vicoprofen blev godkendt af FDA i 1997.<\/p>\n<p>Vicoprofen is used for moderate to severe pain when stronger medications are needed. It contains hydrocodone, a stronger opioid painkiller, and ibuprofen, an over-the-counter painkiller. It&#8217;s meant to relieve severe pain. However, Vicoprofen&#8217;s opioid concentration should be used cautiously under a doctor&#8217;s supervision to prevent reliance and negative effects. Always with your doctor to confirm it&#8217;s correct for your pain management. Buy only from the best pharmacy store is Buy-prescriptionz.com.<\/p>\n<p><strong>Hvilke varem\u00e6rker er tilg\u00e6ngelige for hydrocodon og ibuprofen?<\/strong><\/p>\n<p>Vicoprofen, Reprexain, Xylon<\/p>\n<p><strong>Er hydrocodon og ibuprofen tilg\u00e6ngelige som ikke-eksklusiv medicin?<\/strong><\/p>\n<p>Konventionel TILG\u00c6NGELIG: Ja<\/p>\n<p><strong>Har jeg brug for et middel mod hydrocodon og ibuprofen?<\/strong><\/p>\n<p>Ja,<\/p>\n<p><strong>Hvad er anvendelsen af hydrocodon og ibuprofen?<\/strong><\/p>\n<p>Hydrocodon og ibuprofen (Vicoprofen) er et narkotisk smertestillende middel godkendt til administration af moderat til ekstrem smerte, der anvendes p\u00e5 en forbig\u00e5ende pr\u00e6mis.<\/p>\n<h3>K\u00f8b vicoprofen online. <strong>Hvad er symptomerne p\u00e5 hydrocodon og ibuprofen?<\/strong><\/h3>\n<p><strong>De mest successive symptomer, der opleves med hydrocodon, omfatter:<\/strong><\/p>\n<p>svimmelhed,<\/p>\n<p>forbl\u00f8ffelse,<\/p>\n<p>sedation,<\/p>\n<p>sygdom,<\/p>\n<p>dyspepsi (sure opst\u00f8d),<\/p>\n<p>opst\u00f8d,<\/p>\n<p>uro,<\/p>\n<p>angst, og<\/p>\n<p>tr\u00e6ghed (sl\u00f8vhed).<\/p>\n<h3>Vicoprofen Dose<\/h3>\n<p>The best Vicoprofen treats acute pain. About its dosage:<\/p>\n<p>Start Safely: To reduce reliance and negative effects, your doctor will prescribe the lowest effective dosage for the shortest time.<\/p>\n<p>Typical Dose: The usual dose for pain treatment is one tablet every 4\u20136 hours. Don&#8217;t exceed your doctor&#8217;s daily limit, generally 5 pills.<br \/>\nDuration Matters: Vicoprofen is recommended for acute pain treatment and usually lasts 10 days.<\/p>\n<p>Adjustments: Your dose may be changed depending on pain, drug response, and health concerns.<\/p>\n<p>A strong painkiller, Vicoprofen must be used carefully to maximise safety and effectiveness. Open communication with your doctor regarding pain and treatment response is vital.<\/p>\n<h3>What Are Vicoprofen Side Effects?<\/h3>\n<p>Vicoprofen works well but has adverse effects. The following is a summary of what you may experience:<\/p>\n<p>You may have stomach trouble, nausea, or constipation. To reduce stomach pain, eat while taking it.<\/p>\n<p>Vicoprofen may cause drowsiness or dizziness, so avoid driving or using heavy equipment until you know how it affects you.<\/p>\n<p>Headaches and Dizziness: Ironically, it may induce headaches.<\/p>\n<p>Mood swings or increased anxiety? The drug may be helping.<\/p>\n<p>Because it includes hydrocodone, it may create dependence. Take it seriously and follow your doctor&#8217;s advice.<\/p>\n<p>A simple summary. Vicoprofen&#8217;s side effects might vary, so if you&#8217;re worried or feel weird, talk to your doctor.<\/p>\n<p><strong>Andre vigtige symptomer omfatter obstruktion og pasform af urinlederen, hvilket kan give problemer med at tisse.<\/strong><\/p>\n<p>De mest almindeligt anerkendte reaktioner p\u00e5 ibuprofen omfatter de gastrointestinale rammer. Det kan for\u00e5rsage s\u00e5rdannelser, mavepine, kramper, kvalme, gastritis og endda \u00e6gte gastrointestinal d\u00f8d. Nogle gange kan maves\u00e5r og udt\u00f8mning ske uden mavepine, og m\u00f8rk forsinkelsesaff\u00f8ring, mangel og svimmelhed efter at have st\u00e5et kan v\u00e6re de vigtigste tegn p\u00e5 indre d\u00f8den. Udsl\u00e6t, nyresvaghed, ringen i \u00f8rerne (tinnitus) og svimmelhed kan ligeledes forekomme.K\u00f8b Vicoprofen Online<\/p>\n<p>Hydrocodone can discourage breathing and is utilized with alert in the older, crippled patients and those with a past filled with an ulcer or genuine lung ailment. Hydrocodone can disable reasoning and the physical capacities required for driving or working apparatus. Hydrocodone might be propensity framing. Mental and physical reliance can happen yet are impossible when utilized for transient relief from discomfort. What are the measurements for hydrocodone and ibuprofen?<\/p>\n<p>Den typiske dosis af Vicoprofen er en tablet hver 4 til 6 timer efter behov for smerte. Producenten foreskriver en gr\u00e6nse p\u00e5 5 tabletter for hver dag og en kortvarig behandlingstid (under ti dage).<\/p>\n<h3>SP\u00d8RGSM\u00c5L<\/h3>\n<p><strong>Hvilken form for smerte er der tale om ved udtrykket \"myalgi\"?<\/strong><\/p>\n<p>Se svar<\/p>\n<p><strong>Hvilke medikamenter eller forbedringer associerer med hydrocodon og ibuprofen?<\/strong><\/p>\n<p>Hydrocodon, som andre opiatpinepiller, er forbundet med recepter og medicin, der modererer hjernens procedurer, for eksempel spiritus, barbiturater, muskelafslappende midler, herunder carisoprodol (Soma), cyclobenzaprin (Flexeril) og benzodiazepiner (for eksempel lorazepam [Ativan] og clonazepam [Klonopin]).<\/p>\n<p>Narkotika, f.eks. hydrocodon, kan s\u00e6nke bev\u00e6geligheden i indvoldene. P\u00e5 det tidspunkt, n\u00e5r de kombineres med recepter, der har anticholinergisk virkning, kan denne virkning p\u00e5 tarmen suppleres, hvilket kan medf\u00f8re stempling af tilstopning. S\u00e5danne l\u00e6gemidler omfatter dicyclomin (Bentyl), nogle f\u00e5 antihistaminer (f.eks. carbinoxamin [Rondec], clemastin [Tavist], diphenhydramin [Benadryl], promethazin [Phenergan]); nogle f\u00e5 phenothiaziner (f.eks. thioridazin [Mellaril], triflupromazin [Stelazine]); nogle tricykliske antidepressiva (f.eks. amitriptylin [Elavil, Endep], amoxapin [Asendin], clomipramin [Anafranil], protriptylin [Vivactil]); clozapin (Clozaril), cyclobenzaprin (Flexeril) og disopyramid (Norpace). Anvendelsen af antidiarr\u00e9midler (for eksempel diphenoxylat [Lomotil], loperamid [Imodium]) hos personer, der tager narkotiske analgetika, for eksempel hydrocodon, kan medf\u00f8re alvorlig stop og m\u00e5ske mere bem\u00e6rkelsesv\u00e6rdig sedation.<\/p>\n<p>Cimetidin (Tagamet), n\u00e5r det anvendes sammen med beroligende analgetika, for eksempel hydrocodon, kan for\u00e5rsage forvirring, forvirring, kramper eller respiratorisk elendighed ved at udvide blodgrupperingerne af det beroligende middel.<\/p>\n<p>Ibuprofen, som har blodneds\u00e6ttende (antikoagulerende) egenskaber, anvendes med advarsel hos patienter, der tager andre blodneds\u00e6ttende antikoagulantia, for eksempel warfarin (Coumadin), som f\u00f8lge af en udvidet fare for at d\u00f8. Samtidig brug af ibuprofen og clopidogrel (Plavix) kan ligeledes medf\u00f8re \u00f8get risiko for d\u00f8den. Patienter, der tager lithium (Eskalith, Lithobid), kan skabe d\u00f8delige lithiumniveauer i blodet, hvis ibuprofen tages samtidig. Ibuprofen kan opbygge methotrexat (Rheumatrex, Trexall) giftig kvalitet, n\u00e5r de anvendes sammen.<\/p>\n<p>Er det sikkert at tage hydrocodon og ibuprofen, hvis jeg er gravid eller ammer?<\/p>\n<p>Hydrocodon og ibuprofen krydser placenta. Der er dog ikke tilstr\u00e6kkelige data om hydrocodons og ibuprofens indvirkning p\u00e5 ungerne. L\u00e6ger kan anvende hydrocodon og ibuprofen, hvis fordelene overstiger de potentielle farer.<\/p>\n<p>Det vides ikke, om hydrocodon afgives i brystm\u00e6lk.<\/p>\n<p>Hvad ville det ellers v\u00e6re en god id\u00e9 for mig at t\u00e6nke p\u00e5 hydrocodon og ibuprofen?<\/p>\n<p>Hvilke ordninger af hydrocodon og ibuprofen er tilg\u00e6ngelige?<\/p>\n<p>Tabletter: hydrocodonbitartrat 7,5 mg og ibuprofen 200 mg.<\/p>\n<p>Hvilken metode vil det v\u00e6re tilr\u00e5deligt for mig at opbevare hydrocodon og ibuprofen?<\/p>\n<p>Tabletter skal opbevares ved stuetemperatur mellem 15 C - 30 C (59 F - 86 F).<\/p>\n<p>Seneste nyheder om kroniske smerter<\/p>\n<p>Kan CBD behandle opioidafh\u00e6ngighed?<\/p>\n<p>Mindre smerte, flere bilulykker: Legaliseret marihuana<\/p>\n<p>Hypnoterapi, et alternativ til opioider mod smerter?<\/p>\n<p>Forskere finder uventet spiller i fibromyalgi<\/p>\n<p>1 ud af 4 amerikanske arbejdere k\u00e6mper med rygsmerter<\/p>\n<p>Har du brug for flere nyheder? F\u00f8lg Buyprescriptionz nyhedsbreve!<\/p>\n<p>Dag for dag Sundhed Nyheder<\/p>\n<p>Tr\u00e6ning Sult-sk\u00e6rende effekter<\/p>\n<p>Er Chlamydia-vaccine effektiv?<\/p>\n<p>Lang tr\u00e6ning, hjerteproblemer<\/p>\n<p>Tandproteser under operationen<\/p>\n<p>Grundl\u00e6ggende fodbold D\u00f8ds\u00e5rsag<\/p>\n<p>XML Flere sundhedsnyheder \"<\/p>\n<p>Drifting p\u00e5 Buyprescriptionz<\/p>\n<p>Denguefeber<\/p>\n<p>Hepatitis A<\/p>\n<p>Ebola-virus<\/p>\n<p>Tidlige graviditetssymptomer og tegn p\u00e5 graviditet<\/p>\n<p>Hack<\/p>\n<p>Rundown<\/p>\n<p>Hydrocodon og ibuprofen (Vicoprofen) er et narkotisk smertestillende middel godkendt til administration af moderat til alvorlig smerte, der anvendes p\u00e5 en forbig\u00e5ende pr\u00e6mis. Unders\u00f8g symptomer, beroligende kommunikation, advarsler og forsikringer, f\u00f8r du tager nogen recept.<\/p>","protected":false},"excerpt":{"rendered":"<p>Buy Vicoprofen Online Buy Vicoprofen Online,What are hydrocodone and ibuprofen, and how can it work (system of activity)? Buy Vicoprofen Online, it is a mix of a narcotic pain-relieving (hydrocodone bitartrate, an agony reliever identified with opiates) and a nonsteroidal mitigating drug (ibuprofen). The two meds are powerful for agony the board. It is evaluated [&hellip;]<\/p>","protected":false},"featured_media":3083,"comment_status":"open","ping_status":"closed","template":"","meta":{"site-sidebar-layout":"default","site-content-layout":"","ast-site-content-layout":"default","site-content-style":"default","site-sidebar-style":"default","ast-global-header-display":"","ast-banner-title-visibility":"","ast-main-header-display":"","ast-hfb-above-header-display":"","ast-hfb-below-header-display":"","ast-hfb-mobile-header-display":"","site-post-title":"","ast-breadcrumbs-content":"","ast-featured-img":"","footer-sml-layout":"","theme-transparent-header-meta":"default","adv-header-id-meta":"","stick-header-meta":"","header-above-stick-meta":"","header-main-stick-meta":"","header-below-stick-meta":"","astra-migrate-meta-layouts":"set","ast-page-background-enabled":"default","ast-page-background-meta":{"desktop":{"background-color":"var(--ast-global-color-4)","background-image":"","background-repeat":"repeat","background-position":"center center","background-size":"auto","background-attachment":"scroll","background-type":"","background-media":"","overlay-type":"","overlay-color":"","overlay-opacity":"","overlay-gradient":""},"tablet":{"background-color":"","background-image":"","background-repeat":"repeat","background-position":"center center","background-size":"auto","background-attachment":"scroll","background-type":"","background-media":"","overlay-type":"","overlay-color":"","overlay-opacity":"","overlay-gradient":""},"mobile":{"background-color":"","background-image":"","background-repeat":"repeat","background-position":"center center","background-size":"auto","background-attachment":"scroll","background-type":"","background-media":"","overlay-type":"","overlay-color":"","overlay-opacity":"","overlay-gradient":""}},"ast-content-background-meta":{"desktop":{"background-color":"var(--ast-global-color-5)","background-image":"","background-repeat":"repeat","background-position":"center center","background-size":"auto","background-attachment":"scroll","background-type":"","background-media":"","overlay-type":"","overlay-color":"","overlay-opacity":"","overlay-gradient":""},"tablet":{"background-color":"var(--ast-global-color-5)","background-image":"","background-repeat":"repeat","background-position":"center center","background-size":"auto","background-attachment":"scroll","background-type":"","background-media":"","overlay-type":"","overlay-color":"","overlay-opacity":"","overlay-gradient":""},"mobile":{"background-color":"var(--ast-global-color-5)","background-image":"","background-repeat":"repeat","background-position":"center center","background-size":"auto","background-attachment":"scroll","background-type":"","background-media":"","overlay-type":"","overlay-color":"","overlay-opacity":"","overlay-gradient":""}}},"product_brand":[],"product_cat":[2385],"product_tag":[1230,1231,1229,1224,1227,1226,1225,1228,1223,1222,1233,1232],"class_list":{"0":"post-3053","1":"product","2":"type-product","3":"status-publish","4":"has-post-thumbnail","6":"product_cat-buy-pain-killer-pills-online","7":"product_tag-buy-vicoprofen-in-canada","8":"product_tag-buy-vicoprofen-in-uk","9":"product_tag-buy-vicoprofen-in-usa","10":"product_tag-buy-vicoprofen-with-bitcoin","11":"product_tag-buy-vicoprofen-with-credit-card","12":"product_tag-buy-vicoprofen-with-money-gram","13":"product_tag-buy-vicoprofen-with-western-union","14":"product_tag-buy-vicoprofen-without-a-doctor","15":"product_tag-buy-vicoprofen-without-prescription","16":"product_tag-vicoprofen-for-sale","17":"product_tag-vicoprofen-pills","18":"product_tag-vicoprofen-tablets","19":"desktop-align-center","20":"tablet-align-left","21":"mobile-align-left","23":"first","24":"instock","25":"shipping-taxable","26":"purchasable","27":"product-type-variable","28":"has-default-attributes"},"yoast_head":"<!-- This site is optimized with the Yoast SEO plugin v25.9 - https:\/\/yoast.com\/wordpress\/plugins\/seo\/ -->\n<title>Buy Vicoprofen Online USA - Buy Vicoprofen Online for Sale -<\/title>\n<meta name=\"description\" content=\"Buy Vicoprofen Online, we are best sellers of this drug. we sell other drugs for pain and anxiety. we do discrete shipping and safe delBuy Vicoprofen Online\" \/>\n<meta name=\"robots\" content=\"index, follow, max-snippet:-1, max-image-preview:large, max-video-preview:-1\" \/>\n<link rel=\"canonical\" href=\"https:\/\/buy-prescriptionz.com\/da\/vare\/kob-vicoprofen-online-3\/\" \/>\n<meta property=\"og:locale\" content=\"da_DK\" \/>\n<meta property=\"og:type\" content=\"article\" \/>\n<meta property=\"og:title\" content=\"Buy Vicoprofen Online USA - Buy Vicoprofen Online for Sale -\" \/>\n<meta property=\"og:description\" content=\"Buy Vicoprofen Online, we are best sellers of this drug. we sell other drugs for pain and anxiety. we do discrete shipping and safe delBuy Vicoprofen Online\" \/>\n<meta property=\"og:url\" content=\"https:\/\/buy-prescriptionz.com\/da\/vare\/kob-vicoprofen-online-3\/\" \/>\n<meta property=\"og:site_name\" content=\"Buy Prescriptionz\" \/>\n<meta property=\"article:modified_time\" content=\"2025-09-26T17:48:15+00:00\" \/>\n<meta property=\"og:image\" content=\"https:\/\/buy-prescriptionz.com\/wp-content\/uploads\/2025\/09\/vicoprofen.jpg\" \/>\n\t<meta property=\"og:image:width\" content=\"400\" \/>\n\t<meta property=\"og:image:height\" content=\"300\" \/>\n\t<meta property=\"og:image:type\" content=\"image\/jpeg\" \/>\n<meta name=\"twitter:card\" content=\"summary_large_image\" \/>\n<meta name=\"twitter:label1\" content=\"Estimeret l\u00e6setid\" \/>\n\t<meta name=\"twitter:data1\" content=\"6 minutter\" \/>\n<script type=\"application\/ld+json\" class=\"yoast-schema-graph\">{\"@context\":\"https:\/\/schema.org\",\"@graph\":[{\"@type\":\"WebPage\",\"@id\":\"https:\/\/buy-prescriptionz.com\/es\/producto\/comprar-vicoprofeno-en-linea\/\",\"url\":\"https:\/\/buy-prescriptionz.com\/es\/producto\/comprar-vicoprofeno-en-linea\/\",\"name\":\"Buy Vicoprofen Online USA - Buy Vicoprofen Online for Sale -\",\"isPartOf\":{\"@id\":\"https:\/\/buy-prescriptionz.com\/#website\"},\"primaryImageOfPage\":{\"@id\":\"https:\/\/buy-prescriptionz.com\/es\/producto\/comprar-vicoprofeno-en-linea\/#primaryimage\"},\"image\":{\"@id\":\"https:\/\/buy-prescriptionz.com\/es\/producto\/comprar-vicoprofeno-en-linea\/#primaryimage\"},\"thumbnailUrl\":\"https:\/\/buy-prescriptionz.com\/wp-content\/uploads\/2025\/09\/vicoprofen.jpg\",\"datePublished\":\"2025-09-16T08:56:09+00:00\",\"dateModified\":\"2025-09-26T17:48:15+00:00\",\"description\":\"Buy Vicoprofen Online, we are best sellers of this drug. we sell other drugs for pain and anxiety. we do discrete shipping and safe delBuy Vicoprofen Online\",\"breadcrumb\":{\"@id\":\"https:\/\/buy-prescriptionz.com\/es\/producto\/comprar-vicoprofeno-en-linea\/#breadcrumb\"},\"inLanguage\":\"da-DK\",\"potentialAction\":[{\"@type\":\"ReadAction\",\"target\":[\"https:\/\/buy-prescriptionz.com\/es\/producto\/comprar-vicoprofeno-en-linea\/\"]}]},{\"@type\":\"ImageObject\",\"inLanguage\":\"da-DK\",\"@id\":\"https:\/\/buy-prescriptionz.com\/es\/producto\/comprar-vicoprofeno-en-linea\/#primaryimage\",\"url\":\"https:\/\/buy-prescriptionz.com\/wp-content\/uploads\/2025\/09\/vicoprofen.jpg\",\"contentUrl\":\"https:\/\/buy-prescriptionz.com\/wp-content\/uploads\/2025\/09\/vicoprofen.jpg\",\"width\":400,\"height\":300},{\"@type\":\"BreadcrumbList\",\"@id\":\"https:\/\/buy-prescriptionz.com\/es\/producto\/comprar-vicoprofeno-en-linea\/#breadcrumb\",\"itemListElement\":[{\"@type\":\"ListItem\",\"position\":1,\"name\":\"Home\",\"item\":\"https:\/\/buy-prescriptionz.com\/\"},{\"@type\":\"ListItem\",\"position\":2,\"name\":\"Shop Painkillers Online\",\"item\":\"https:\/\/buy-prescriptionz.com\/shop-painkillers-online\/\"},{\"@type\":\"ListItem\",\"position\":3,\"name\":\"Buy Vicoprofen Online\"}]},{\"@type\":\"WebSite\",\"@id\":\"https:\/\/buy-prescriptionz.com\/#website\",\"url\":\"https:\/\/buy-prescriptionz.com\/\",\"name\":\"Buy Prescriptionz\",\"description\":\"Drugs Online\",\"publisher\":{\"@id\":\"https:\/\/buy-prescriptionz.com\/#organization\"},\"potentialAction\":[{\"@type\":\"SearchAction\",\"target\":{\"@type\":\"EntryPoint\",\"urlTemplate\":\"https:\/\/buy-prescriptionz.com\/?s={search_term_string}\"},\"query-input\":{\"@type\":\"PropertyValueSpecification\",\"valueRequired\":true,\"valueName\":\"search_term_string\"}}],\"inLanguage\":\"da-DK\"},{\"@type\":\"Organization\",\"@id\":\"https:\/\/buy-prescriptionz.com\/#organization\",\"name\":\"Buy Prescriptionz\",\"url\":\"https:\/\/buy-prescriptionz.com\/\",\"logo\":{\"@type\":\"ImageObject\",\"inLanguage\":\"da-DK\",\"@id\":\"https:\/\/buy-prescriptionz.com\/#\/schema\/logo\/image\/\",\"url\":\"https:\/\/buy-prescriptionz.com\/wp-content\/uploads\/2023\/09\/logo.png\",\"contentUrl\":\"https:\/\/buy-prescriptionz.com\/wp-content\/uploads\/2023\/09\/logo.png\",\"width\":350,\"height\":64,\"caption\":\"Buy Prescriptionz\"},\"image\":{\"@id\":\"https:\/\/buy-prescriptionz.com\/#\/schema\/logo\/image\/\"}}]}<\/script>\n<!-- \/ Yoast SEO plugin. -->","yoast_head_json":{"title":"K\u00f8b Vicoprofen Online USA - K\u00f8b Vicoprofen Online til salg -","description":"K\u00f8b Vicoprofen Online, vi er de bedste s\u00e6lgere af dette stof. vi s\u00e6lger andre l\u00e6gemidler mod smerter og angst. vi g\u00f8r diskret forsendelse og sikker delK\u00f8b Vicoprofen Online","robots":{"index":"index","follow":"follow","max-snippet":"max-snippet:-1","max-image-preview":"max-image-preview:large","max-video-preview":"max-video-preview:-1"},"canonical":"https:\/\/buy-prescriptionz.com\/da\/vare\/kob-vicoprofen-online-3\/","og_locale":"da_DK","og_type":"article","og_title":"Buy Vicoprofen Online USA - Buy Vicoprofen Online for Sale -","og_description":"Buy Vicoprofen Online, we are best sellers of this drug. we sell other drugs for pain and anxiety. we do discrete shipping and safe delBuy Vicoprofen Online","og_url":"https:\/\/buy-prescriptionz.com\/da\/vare\/kob-vicoprofen-online-3\/","og_site_name":"Buy Prescriptionz","article_modified_time":"2025-09-26T17:48:15+00:00","og_image":[{"width":400,"height":300,"url":"https:\/\/buy-prescriptionz.com\/wp-content\/uploads\/2025\/09\/vicoprofen.jpg","type":"image\/jpeg"}],"twitter_card":"summary_large_image","twitter_misc":{"Estimeret l\u00e6setid":"6 minutter"},"schema":{"@context":"https:\/\/schema.org","@graph":[{"@type":"WebPage","@id":"https:\/\/buy-prescriptionz.com\/es\/producto\/comprar-vicoprofeno-en-linea\/","url":"https:\/\/buy-prescriptionz.com\/es\/producto\/comprar-vicoprofeno-en-linea\/","name":"K\u00f8b Vicoprofen Online USA - K\u00f8b Vicoprofen Online til salg -","isPartOf":{"@id":"https:\/\/buy-prescriptionz.com\/#website"},"primaryImageOfPage":{"@id":"https:\/\/buy-prescriptionz.com\/es\/producto\/comprar-vicoprofeno-en-linea\/#primaryimage"},"image":{"@id":"https:\/\/buy-prescriptionz.com\/es\/producto\/comprar-vicoprofeno-en-linea\/#primaryimage"},"thumbnailUrl":"https:\/\/buy-prescriptionz.com\/wp-content\/uploads\/2025\/09\/vicoprofen.jpg","datePublished":"2025-09-16T08:56:09+00:00","dateModified":"2025-09-26T17:48:15+00:00","description":"K\u00f8b Vicoprofen Online, vi er de bedste s\u00e6lgere af dette stof. vi s\u00e6lger andre l\u00e6gemidler mod smerter og angst. vi g\u00f8r diskret forsendelse og sikker delK\u00f8b Vicoprofen Online","breadcrumb":{"@id":"https:\/\/buy-prescriptionz.com\/es\/producto\/comprar-vicoprofeno-en-linea\/#breadcrumb"},"inLanguage":"da-DK","potentialAction":[{"@type":"ReadAction","target":["https:\/\/buy-prescriptionz.com\/es\/producto\/comprar-vicoprofeno-en-linea\/"]}]},{"@type":"ImageObject","inLanguage":"da-DK","@id":"https:\/\/buy-prescriptionz.com\/es\/producto\/comprar-vicoprofeno-en-linea\/#primaryimage","url":"https:\/\/buy-prescriptionz.com\/wp-content\/uploads\/2025\/09\/vicoprofen.jpg","contentUrl":"https:\/\/buy-prescriptionz.com\/wp-content\/uploads\/2025\/09\/vicoprofen.jpg","width":400,"height":300},{"@type":"BreadcrumbList","@id":"https:\/\/buy-prescriptionz.com\/es\/producto\/comprar-vicoprofeno-en-linea\/#breadcrumb","itemListElement":[{"@type":"ListItem","position":1,"name":"Home","item":"https:\/\/buy-prescriptionz.com\/"},{"@type":"ListItem","position":2,"name":"Shop Painkillers Online","item":"https:\/\/buy-prescriptionz.com\/shop-painkillers-online\/"},{"@type":"ListItem","position":3,"name":"Buy Vicoprofen Online"}]},{"@type":"WebSite","@id":"https:\/\/buy-prescriptionz.com\/#website","url":"https:\/\/buy-prescriptionz.com\/","name":"Buy Prescriptionz","description":"Narkotika online","publisher":{"@id":"https:\/\/buy-prescriptionz.com\/#organization"},"potentialAction":[{"@type":"SearchAction","target":{"@type":"EntryPoint","urlTemplate":"https:\/\/buy-prescriptionz.com\/?s={search_term_string}"},"query-input":{"@type":"PropertyValueSpecification","valueRequired":true,"valueName":"search_term_string"}}],"inLanguage":"da-DK"},{"@type":"Organization","@id":"https:\/\/buy-prescriptionz.com\/#organization","name":"Buy Prescriptionz","url":"https:\/\/buy-prescriptionz.com\/","logo":{"@type":"ImageObject","inLanguage":"da-DK","@id":"https:\/\/buy-prescriptionz.com\/#\/schema\/logo\/image\/","url":"https:\/\/buy-prescriptionz.com\/wp-content\/uploads\/2023\/09\/logo.png","contentUrl":"https:\/\/buy-prescriptionz.com\/wp-content\/uploads\/2023\/09\/logo.png","width":350,"height":64,"caption":"Buy Prescriptionz"},"image":{"@id":"https:\/\/buy-prescriptionz.com\/#\/schema\/logo\/image\/"}}]}},"_links":{"self":[{"href":"https:\/\/buy-prescriptionz.com\/da\/wp-json\/wp\/v2\/product\/3053","targetHints":{"allow":["GET"]}}],"collection":[{"href":"https:\/\/buy-prescriptionz.com\/da\/wp-json\/wp\/v2\/product"}],"about":[{"href":"https:\/\/buy-prescriptionz.com\/da\/wp-json\/wp\/v2\/types\/product"}],"replies":[{"embeddable":true,"href":"https:\/\/buy-prescriptionz.com\/da\/wp-json\/wp\/v2\/comments?post=3053"}],"wp:featuredmedia":[{"embeddable":true,"href":"https:\/\/buy-prescriptionz.com\/da\/wp-json\/wp\/v2\/media\/3083"}],"wp:attachment":[{"href":"https:\/\/buy-prescriptionz.com\/da\/wp-json\/wp\/v2\/media?parent=3053"}],"wp:term":[{"taxonomy":"product_brand","embeddable":true,"href":"https:\/\/buy-prescriptionz.com\/da\/wp-json\/wp\/v2\/product_brand?post=3053"},{"taxonomy":"product_cat","embeddable":true,"href":"https:\/\/buy-prescriptionz.com\/da\/wp-json\/wp\/v2\/product_cat?post=3053"},{"taxonomy":"product_tag","embeddable":true,"href":"https:\/\/buy-prescriptionz.com\/da\/wp-json\/wp\/v2\/product_tag?post=3053"}],"curies":[{"name":"wp","href":"https:\/\/api.w.org\/{rel}","templated":true}]}}