{"id":3065,"date":"2025-09-16T08:56:10","date_gmt":"2025-09-16T08:56:10","guid":{"rendered":"https:\/\/chemsfine.com\/newsite\/?post_type=product&#038;p=3065"},"modified":"2025-09-24T06:50:48","modified_gmt":"2025-09-24T06:50:48","slug":"kob-nitrazepam-nipam-online-3","status":"publish","type":"product","link":"https:\/\/buy-prescriptionz.com\/da\/vare\/kob-nitrazepam-nipam-online-3\/","title":{"rendered":"K\u00f8b Nitrazepam (Nipam) online"},"content":{"rendered":"<h2>K\u00f8b Nitrazepam (Nipam) online<\/h2>\n<h3>K\u00f8b Nitrazepam (Nipam) online Generel information:<\/h3>\n<p>buy-nitrazepam-nipam-online, Nitrazepam is a sedative medication which is used in the short-term to help people sleep. It belongs to a group of drugs called benzodiazepines. It is mostly used in cases which are severe, disabling or causing extreme distress<\/p>\n<p>The medicine cost on Buy Nitrazepam 5mg is much lower than the retail cost. Request professionally prescribed prescriptions requiring little to no effort from lawful and confided in the US. Nitrazepam may cause unsteadiness, laziness, or changes in vision. These impacts might be more terrible if you take it with liquor or certain drugs. Use Nitrazepam with alert. Try not to drive or perform other potentially hazardous errands until you know how you respond to it. Keep on utilizing alert the morning after taking Nitrazepam. Try not to drink liquor or use prescriptions that may cause laziness (e.g., tranquilizers, muscle relaxers) while you are utilizing Nitrazepam; it might add to their belongings. Ask your drug specialist on the off chance that you have inquiries about which medications may cause sleepiness. Regular symptoms, for example, discombobulation, unsteadiness, coordination issues, and memory issues frequently happen inside 1 hour in the wake of taking Nitrazepam. Make certain to take Nitrazepam directly before you to head to sleep or after you are as of now in bed. This will diminish these symptoms. Nitrazepam may make you become burned from the sun all the more effectively. Maintain a strategic distance from the sun, sunlamps, or tanning corners until you know how you respond to Nitrazepam. Utilize a sunscreen or wear defensive apparel if you should be outside for more than a brief span. Tell your primary care physician or dental specialist that you take Nitrazepam before you get any therapeutic or dental consideration, crisis care, or medical procedure. This item may contain tartrazine color. This may cause an unfavorably susceptible response in certain patients. On the off chance that you have ever had a hypersensitive response to tartrazine,buy-nitrazepam-nipam-online, inquire as to whether your item has tartrazine in it. Try not to take more than the suggested portion or use for longer than endorsed without checking with your primary care physician. You may experience inconvenience dozing for 1 to 2 evenings after you quit taking Nitrazepam. On the off chance that it proceeds, contact your primary care physician.<\/p>\n<h3>K\u00f8b Nitrazepam (Nipam) 5mg<\/h3>\n<p>K\u00f8b Nitrazepam (Nipam) Online, Du kan k\u00f8be Nitrazepam p\u00e5 nettet (Nipam) 5mg opfordring her, vi har fremragende Nitrazepam (Mogadon) 5mg piller. k\u00f8b Nitrazepam (Nipam) 5mg Online uden medicin.<\/p>\n<p><strong>K\u00f8b Nitrazepam (Nipam) 5mg Online af Best Online Without Prescription Site.<\/strong><\/p>\n<p>Nitrazepam (Nipam) 5mg<\/p>\n<p>Top-notch Nitrazepam (Nipam) 5mg Pills<\/p>\n<p>Samlet levering<\/p>\n<p>Forsigtig emballage<\/p>\n<p>Live support<\/p>\n<p>100% Tilfredshedsgaranti<\/p>\n<p><strong>K\u00f8b Nitrazepam p\u00e5 nettet (Nipam) 5mg af Best Online Without Prescription Site.<\/strong><\/p>\n<p>VI TILBYDER OVERS\u00d8ISKE TJENESTER SIKKER FORSENDELSE TIL DIN D\u00d8R!<\/p>\n<p>Du kan betale via kredit- og betalingskort.<\/p>\n<p>EMS\/USPS Express Discreet TrackAble Levering samlet r\u00e6kkevidde.<\/p>\n<p>Nitrazepam (Nipam) 5mg anvendes til administration af sp\u00e6ndingsproblemer, den forbig\u00e5ende hj\u00e6lp af bivirkninger af nerv\u00f8sitet eller uro relateret til misery.buy-nitrazepam-nipam-online<\/p>\n<h3>About Nipam 5 MG Tablet<\/h3>\n<p>The Nipam 5 MG Tablet is a type of hypnotic benzodiazepam that is used to treat infantile spasms and sleeplessness. It is strongly suggested that a person not take the best \u00a0Nipam 5 MG Tablet if they have COPD, allergies, high eye pressure, or serious liver damage. This drug can also help with mood disorders, alcohol withdrawal effects, skeletal muscle relaxants, and disorders that cause seizures.<br \/>\n<strong><br \/>\n<\/strong>Nipam 5 MG Tablet is still given to pregnant women even though there is a chance that it could hurt the unborn child if it is taken during pregnancy. This is because the possible benefits clearly outweigh the risks.<\/p>\n<h3><strong>How should the amount be taken?<\/strong><\/h3>\n<p>If you forget to take your Nipam 5 MG Tablet, you should do so as soon as you remember. If it&#8217;s almost time for your next dose, don&#8217;t take the one you forgot. Do not take two doses at once to make up for the one you missed.<\/p>\n<p><strong>Are there any directions for an overdose?<\/strong><\/p>\n<p>If you think someone has overdosed, get emergency medical help or call your doctor. The information here comes from how much salt is in the medicine. The medicine may be used and have different results on different people. Before taking this medicine, you should talk to a psychiatrist.<\/p>\n<p><strong>Important things about Nipam 5 MG Tablet <\/strong><\/p>\n<p>How long does the effect last?<\/p>\n<p>In general, this medicine&#8217;s effects last between 6 and 8 hours.<\/p>\n<p>When does the fight start?<\/p>\n<p>You&#8217;ll be able to tell this medicine is working in 30 to 60 minutes.<\/p>\n<p>Are there any signs about pregnancy?<\/p>\n<p>Women who are pregnant should not take this medicine.Nipam 5 MG Tablet gets through the placenta. Oral clefts have been reported, but more recent data does not support an association between drug use and oral clefts. Other birth defects that have been reported include inguinal hernias, cardiac defects, spina bifida, dysmorphic facial features, skeletal defects, and many others. Hypotonia and withdrawal symptoms have also been reported after use close to delivery.<\/p>\n<p>Does it become a habit?<\/p>\n<p>A tendency to form habits has been described.<\/p>\n<p>Are there any tips about breastfeeding?<\/p>\n<p>Women who are nursing should not take this medicine. The 5 mg Nipam Tablet can get into breast milk.<\/p>\n<p>Is it safe when you drink?<\/p>\n<p>Benzodiazepines have been linked to additive CNS sadness; avoid or drink less alcohol.<\/p>\n<p>Is it okay to drive after taking this medicine?<\/p>\n<p>This medicine has side effects that make people lose consciousness. So, the patient shouldn&#8217;t drive if they are feeling bad, like being sleepy, dizzy, or having trouble seeing.<\/p>\n<p>Does this change how well the kidneys work?<\/p>\n<p>Can&#8217;t be dialyzed (0% to 5%); extra amount isn&#8217;t needed.<\/p>\n<p>Does this change how the liver works?<\/p>\n<p>Don&#8217;t take it if you have cirrhosis or serious or acute liver disease; lower the amount by half.<\/p>\n<p>The information here comes from how much salt is in the medicine. The medicine may be used and have different results on different people. Before taking this medicine, you should talk to a psychiatrist. For the best result buy only from the best pharmacy store ie Buy-prescriptionz.com.<\/p>\n<h3>Hvordan kan vi sende pakker?<\/h3>\n<p>Vi pakker bundterne forsigtigt med wolfram- og kulstofpapir for at undg\u00e5 at komme igennem de traditionelle x-beam-maskiner i flyterminalerne. Pakkerne er fejlfrit udstoppet med velsignende papirer udefra.<\/p>\n<h3>Hvordan kan det fungere?<\/h3>\n<p>K\u00f8b Nitrazepam (Nipam) Online, Nitrazepam har en plads med en samling af l\u00e6gemidler kaldet benzodiazepiner. Det f\u00f8lger op p\u00e5 receptorer i cerebrum (GABA-receptorer), der for\u00e5rsager ankomsten af en forbindelse kaldet GABA (gamma-amino-butyric corrosive). GABA er et bem\u00e6rkelsesv\u00e6rdigt h\u00e6mmende stof i hjernebarken, der er forbundet med at fremkalde sl\u00f8vhed og kontrol af uro og anfald.<\/p>\n<p>Nitrazepam virker ved at udvide bev\u00e6gelsen af GABA og p\u00e5 denne m\u00e5de mindske arbejdet i bestemte zoner af sindet. Dette resulterer i sl\u00f8vhed, en reduktion af sp\u00e6ndinger og afvikling af musklerne.<\/p>\n<p>Nitrazepam is most usually used to treat a sleeping disorder. It diminishes the time taken to nod off and nighttime arousals, just as expanding the aggregate sum of time spent resting. As nitrazepam stays dynamic in the body for a long time, tiredness may happen the following day.buy-nitrazepam-nipam-online.<\/p>\n<h3>Why is Nipam 5 MG Tablet Used for Sleeplessness?<\/h3>\n<p>Disorders of Anxiety: The information here comes from how much salt is in the medicine. The medicine may be used and have different results on different people. Before taking this medicine, you should talk to a psychiatrist.<\/p>","protected":false},"excerpt":{"rendered":"<p>Buy Nitrazepam (Nipam) Online Buy Nitrazepam (Nipam) Online\u00a0General Information: buy-nitrazepam-nipam-online, Nitrazepam is a sedative medication which is used in the short-term to help people sleep. It belongs to a group of drugs called benzodiazepines. It is mostly used in cases which are severe, disabling or causing extreme distress The medicine cost on Buy Nitrazepam 5mg [&hellip;]<\/p>","protected":false},"featured_media":3095,"comment_status":"open","ping_status":"closed","template":"","meta":{"site-sidebar-layout":"default","site-content-layout":"","ast-site-content-layout":"default","site-content-style":"default","site-sidebar-style":"default","ast-global-header-display":"","ast-banner-title-visibility":"","ast-main-header-display":"","ast-hfb-above-header-display":"","ast-hfb-below-header-display":"","ast-hfb-mobile-header-display":"","site-post-title":"","ast-breadcrumbs-content":"","ast-featured-img":"","footer-sml-layout":"","theme-transparent-header-meta":"default","adv-header-id-meta":"","stick-header-meta":"","header-above-stick-meta":"","header-main-stick-meta":"","header-below-stick-meta":"","astra-migrate-meta-layouts":"set","ast-page-background-enabled":"default","ast-page-background-meta":{"desktop":{"background-color":"var(--ast-global-color-4)","background-image":"","background-repeat":"repeat","background-position":"center center","background-size":"auto","background-attachment":"scroll","background-type":"","background-media":"","overlay-type":"","overlay-color":"","overlay-opacity":"","overlay-gradient":""},"tablet":{"background-color":"","background-image":"","background-repeat":"repeat","background-position":"center center","background-size":"auto","background-attachment":"scroll","background-type":"","background-media":"","overlay-type":"","overlay-color":"","overlay-opacity":"","overlay-gradient":""},"mobile":{"background-color":"","background-image":"","background-repeat":"repeat","background-position":"center center","background-size":"auto","background-attachment":"scroll","background-type":"","background-media":"","overlay-type":"","overlay-color":"","overlay-opacity":"","overlay-gradient":""}},"ast-content-background-meta":{"desktop":{"background-color":"var(--ast-global-color-5)","background-image":"","background-repeat":"repeat","background-position":"center center","background-size":"auto","background-attachment":"scroll","background-type":"","background-media":"","overlay-type":"","overlay-color":"","overlay-opacity":"","overlay-gradient":""},"tablet":{"background-color":"var(--ast-global-color-5)","background-image":"","background-repeat":"repeat","background-position":"center center","background-size":"auto","background-attachment":"scroll","background-type":"","background-media":"","overlay-type":"","overlay-color":"","overlay-opacity":"","overlay-gradient":""},"mobile":{"background-color":"var(--ast-global-color-5)","background-image":"","background-repeat":"repeat","background-position":"center center","background-size":"auto","background-attachment":"scroll","background-type":"","background-media":"","overlay-type":"","overlay-color":"","overlay-opacity":"","overlay-gradient":""}}},"product_brand":[],"product_cat":[2385],"product_tag":[1087,1088,1086,1081,1084,1083,1082,1085,1080,1079,1090,1089],"class_list":{"0":"post-3065","1":"product","2":"type-product","3":"status-publish","4":"has-post-thumbnail","6":"product_cat-buy-pain-killer-pills-online","7":"product_tag-buy-nitrazeoam-nipam-in-canada","8":"product_tag-buy-nitrazeoam-nipam-in-uk","9":"product_tag-buy-nitrazeoam-nipam-in-usa","10":"product_tag-buy-nitrazeoam-nipam-with-bitcoin","11":"product_tag-buy-nitrazeoam-nipam-with-credit-card","12":"product_tag-buy-nitrazeoam-nipam-with-money-gram","13":"product_tag-buy-nitrazeoam-nipam-with-western-union","14":"product_tag-buy-nitrazeoam-nipam-without-a-doctor","15":"product_tag-buy-nitrazeoam-nipam-without-prescription","16":"product_tag-nitrazeoam-nipam-for-sale","17":"product_tag-nitrazeoam-nipam-pills","18":"product_tag-nitrazeoam-nipam-tablets","19":"desktop-align-center","20":"tablet-align-left","21":"mobile-align-left","23":"first","24":"instock","25":"shipping-taxable","26":"purchasable","27":"product-type-variable","28":"has-default-attributes"},"yoast_head":"<!-- This site is optimized with the Yoast SEO plugin v25.9 - https:\/\/yoast.com\/wordpress\/plugins\/seo\/ -->\n<title>Buy Nitrazepam (Nipam) Online - Sleeping Pills Vendor<\/title>\n<meta name=\"description\" content=\"Buy Nitrazepam (Nipam) Online, Nitrazepam-5-MG and there variants. Check for ... Nitrazepam 5 MG This composition has 44 Products ... NIPAM 5MG TAB\" \/>\n<meta name=\"robots\" content=\"index, follow, max-snippet:-1, max-image-preview:large, max-video-preview:-1\" \/>\n<link rel=\"canonical\" href=\"https:\/\/buy-prescriptionz.com\/da\/vare\/kob-nitrazepam-nipam-online-3\/\" \/>\n<meta property=\"og:locale\" content=\"da_DK\" \/>\n<meta property=\"og:type\" content=\"article\" \/>\n<meta property=\"og:title\" content=\"Buy Nitrazepam (Nipam) Online - Sleeping Pills Vendor\" \/>\n<meta property=\"og:description\" content=\"Buy Nitrazepam (Nipam) Online, Nitrazepam-5-MG and there variants. Check for ... Nitrazepam 5 MG This composition has 44 Products ... NIPAM 5MG TAB\" \/>\n<meta property=\"og:url\" content=\"https:\/\/buy-prescriptionz.com\/da\/vare\/kob-nitrazepam-nipam-online-3\/\" \/>\n<meta property=\"og:site_name\" content=\"Buy Prescriptionz\" \/>\n<meta property=\"article:modified_time\" content=\"2025-09-24T06:50:48+00:00\" \/>\n<meta property=\"og:image\" content=\"https:\/\/buy-prescriptionz.com\/wp-content\/uploads\/2025\/09\/nitrazeoam-nipam.jpg\" \/>\n\t<meta property=\"og:image:width\" content=\"400\" \/>\n\t<meta property=\"og:image:height\" content=\"300\" \/>\n\t<meta property=\"og:image:type\" content=\"image\/jpeg\" \/>\n<meta name=\"twitter:card\" content=\"summary_large_image\" \/>\n<meta name=\"twitter:label1\" content=\"Estimeret l\u00e6setid\" \/>\n\t<meta name=\"twitter:data1\" content=\"6 minutter\" \/>\n<script type=\"application\/ld+json\" class=\"yoast-schema-graph\">{\"@context\":\"https:\/\/schema.org\",\"@graph\":[{\"@type\":\"WebPage\",\"@id\":\"https:\/\/buy-prescriptionz.com\/product\/buy-nitrazepam-nipam-online\/\",\"url\":\"https:\/\/buy-prescriptionz.com\/product\/buy-nitrazepam-nipam-online\/\",\"name\":\"Buy Nitrazepam (Nipam) Online - Sleeping Pills Vendor\",\"isPartOf\":{\"@id\":\"https:\/\/buy-prescriptionz.com\/#website\"},\"primaryImageOfPage\":{\"@id\":\"https:\/\/buy-prescriptionz.com\/product\/buy-nitrazepam-nipam-online\/#primaryimage\"},\"image\":{\"@id\":\"https:\/\/buy-prescriptionz.com\/product\/buy-nitrazepam-nipam-online\/#primaryimage\"},\"thumbnailUrl\":\"https:\/\/buy-prescriptionz.com\/wp-content\/uploads\/2025\/09\/nitrazeoam-nipam.jpg\",\"datePublished\":\"2025-09-16T08:56:10+00:00\",\"dateModified\":\"2025-09-24T06:50:48+00:00\",\"description\":\"Buy Nitrazepam (Nipam) Online, Nitrazepam-5-MG and there variants. Check for ... Nitrazepam 5 MG This composition has 44 Products ... NIPAM 5MG TAB\",\"breadcrumb\":{\"@id\":\"https:\/\/buy-prescriptionz.com\/product\/buy-nitrazepam-nipam-online\/#breadcrumb\"},\"inLanguage\":\"da-DK\",\"potentialAction\":[{\"@type\":\"ReadAction\",\"target\":[\"https:\/\/buy-prescriptionz.com\/product\/buy-nitrazepam-nipam-online\/\"]}]},{\"@type\":\"ImageObject\",\"inLanguage\":\"da-DK\",\"@id\":\"https:\/\/buy-prescriptionz.com\/product\/buy-nitrazepam-nipam-online\/#primaryimage\",\"url\":\"https:\/\/buy-prescriptionz.com\/wp-content\/uploads\/2025\/09\/nitrazeoam-nipam.jpg\",\"contentUrl\":\"https:\/\/buy-prescriptionz.com\/wp-content\/uploads\/2025\/09\/nitrazeoam-nipam.jpg\",\"width\":400,\"height\":300},{\"@type\":\"BreadcrumbList\",\"@id\":\"https:\/\/buy-prescriptionz.com\/product\/buy-nitrazepam-nipam-online\/#breadcrumb\",\"itemListElement\":[{\"@type\":\"ListItem\",\"position\":1,\"name\":\"Home\",\"item\":\"https:\/\/buy-prescriptionz.com\/\"},{\"@type\":\"ListItem\",\"position\":2,\"name\":\"Shop Painkillers Online\",\"item\":\"https:\/\/buy-prescriptionz.com\/shop-painkillers-online\/\"},{\"@type\":\"ListItem\",\"position\":3,\"name\":\"Buy Nitrazepam (Nipam) Online\"}]},{\"@type\":\"WebSite\",\"@id\":\"https:\/\/buy-prescriptionz.com\/#website\",\"url\":\"https:\/\/buy-prescriptionz.com\/\",\"name\":\"Buy Prescriptionz\",\"description\":\"Drugs Online\",\"publisher\":{\"@id\":\"https:\/\/buy-prescriptionz.com\/#organization\"},\"potentialAction\":[{\"@type\":\"SearchAction\",\"target\":{\"@type\":\"EntryPoint\",\"urlTemplate\":\"https:\/\/buy-prescriptionz.com\/?s={search_term_string}\"},\"query-input\":{\"@type\":\"PropertyValueSpecification\",\"valueRequired\":true,\"valueName\":\"search_term_string\"}}],\"inLanguage\":\"da-DK\"},{\"@type\":\"Organization\",\"@id\":\"https:\/\/buy-prescriptionz.com\/#organization\",\"name\":\"Buy Prescriptionz\",\"url\":\"https:\/\/buy-prescriptionz.com\/\",\"logo\":{\"@type\":\"ImageObject\",\"inLanguage\":\"da-DK\",\"@id\":\"https:\/\/buy-prescriptionz.com\/#\/schema\/logo\/image\/\",\"url\":\"https:\/\/buy-prescriptionz.com\/wp-content\/uploads\/2023\/09\/logo.png\",\"contentUrl\":\"https:\/\/buy-prescriptionz.com\/wp-content\/uploads\/2023\/09\/logo.png\",\"width\":350,\"height\":64,\"caption\":\"Buy Prescriptionz\"},\"image\":{\"@id\":\"https:\/\/buy-prescriptionz.com\/#\/schema\/logo\/image\/\"}}]}<\/script>\n<!-- \/ Yoast SEO plugin. -->","yoast_head_json":{"title":"K\u00f8b Nitrazepam (Nipam) online - S\u00e6lger af sovepiller","description":"K\u00f8b Nitrazepam (Nipam) Online, Nitrazepam-5-MG og der varianter. Tjek for ... Nitrazepam 5 MG Denne sammens\u00e6tning har 44 Produkter ... NIPAM 5MG TAB","robots":{"index":"index","follow":"follow","max-snippet":"max-snippet:-1","max-image-preview":"max-image-preview:large","max-video-preview":"max-video-preview:-1"},"canonical":"https:\/\/buy-prescriptionz.com\/da\/vare\/kob-nitrazepam-nipam-online-3\/","og_locale":"da_DK","og_type":"article","og_title":"Buy Nitrazepam (Nipam) Online - Sleeping Pills Vendor","og_description":"Buy Nitrazepam (Nipam) Online, Nitrazepam-5-MG and there variants. Check for ... Nitrazepam 5 MG This composition has 44 Products ... NIPAM 5MG TAB","og_url":"https:\/\/buy-prescriptionz.com\/da\/vare\/kob-nitrazepam-nipam-online-3\/","og_site_name":"Buy Prescriptionz","article_modified_time":"2025-09-24T06:50:48+00:00","og_image":[{"width":400,"height":300,"url":"https:\/\/buy-prescriptionz.com\/wp-content\/uploads\/2025\/09\/nitrazeoam-nipam.jpg","type":"image\/jpeg"}],"twitter_card":"summary_large_image","twitter_misc":{"Estimeret l\u00e6setid":"6 minutter"},"schema":{"@context":"https:\/\/schema.org","@graph":[{"@type":"WebPage","@id":"https:\/\/buy-prescriptionz.com\/product\/buy-nitrazepam-nipam-online\/","url":"https:\/\/buy-prescriptionz.com\/product\/buy-nitrazepam-nipam-online\/","name":"K\u00f8b Nitrazepam (Nipam) online - S\u00e6lger af sovepiller","isPartOf":{"@id":"https:\/\/buy-prescriptionz.com\/#website"},"primaryImageOfPage":{"@id":"https:\/\/buy-prescriptionz.com\/product\/buy-nitrazepam-nipam-online\/#primaryimage"},"image":{"@id":"https:\/\/buy-prescriptionz.com\/product\/buy-nitrazepam-nipam-online\/#primaryimage"},"thumbnailUrl":"https:\/\/buy-prescriptionz.com\/wp-content\/uploads\/2025\/09\/nitrazeoam-nipam.jpg","datePublished":"2025-09-16T08:56:10+00:00","dateModified":"2025-09-24T06:50:48+00:00","description":"K\u00f8b Nitrazepam (Nipam) Online, Nitrazepam-5-MG og der varianter. Tjek for ... Nitrazepam 5 MG Denne sammens\u00e6tning har 44 Produkter ... NIPAM 5MG TAB","breadcrumb":{"@id":"https:\/\/buy-prescriptionz.com\/product\/buy-nitrazepam-nipam-online\/#breadcrumb"},"inLanguage":"da-DK","potentialAction":[{"@type":"ReadAction","target":["https:\/\/buy-prescriptionz.com\/product\/buy-nitrazepam-nipam-online\/"]}]},{"@type":"ImageObject","inLanguage":"da-DK","@id":"https:\/\/buy-prescriptionz.com\/product\/buy-nitrazepam-nipam-online\/#primaryimage","url":"https:\/\/buy-prescriptionz.com\/wp-content\/uploads\/2025\/09\/nitrazeoam-nipam.jpg","contentUrl":"https:\/\/buy-prescriptionz.com\/wp-content\/uploads\/2025\/09\/nitrazeoam-nipam.jpg","width":400,"height":300},{"@type":"BreadcrumbList","@id":"https:\/\/buy-prescriptionz.com\/product\/buy-nitrazepam-nipam-online\/#breadcrumb","itemListElement":[{"@type":"ListItem","position":1,"name":"Home","item":"https:\/\/buy-prescriptionz.com\/"},{"@type":"ListItem","position":2,"name":"Shop Painkillers Online","item":"https:\/\/buy-prescriptionz.com\/shop-painkillers-online\/"},{"@type":"ListItem","position":3,"name":"Buy Nitrazepam (Nipam) Online"}]},{"@type":"WebSite","@id":"https:\/\/buy-prescriptionz.com\/#website","url":"https:\/\/buy-prescriptionz.com\/","name":"Buy Prescriptionz","description":"Narkotika online","publisher":{"@id":"https:\/\/buy-prescriptionz.com\/#organization"},"potentialAction":[{"@type":"SearchAction","target":{"@type":"EntryPoint","urlTemplate":"https:\/\/buy-prescriptionz.com\/?s={search_term_string}"},"query-input":{"@type":"PropertyValueSpecification","valueRequired":true,"valueName":"search_term_string"}}],"inLanguage":"da-DK"},{"@type":"Organization","@id":"https:\/\/buy-prescriptionz.com\/#organization","name":"Buy Prescriptionz","url":"https:\/\/buy-prescriptionz.com\/","logo":{"@type":"ImageObject","inLanguage":"da-DK","@id":"https:\/\/buy-prescriptionz.com\/#\/schema\/logo\/image\/","url":"https:\/\/buy-prescriptionz.com\/wp-content\/uploads\/2023\/09\/logo.png","contentUrl":"https:\/\/buy-prescriptionz.com\/wp-content\/uploads\/2023\/09\/logo.png","width":350,"height":64,"caption":"Buy Prescriptionz"},"image":{"@id":"https:\/\/buy-prescriptionz.com\/#\/schema\/logo\/image\/"}}]}},"_links":{"self":[{"href":"https:\/\/buy-prescriptionz.com\/da\/wp-json\/wp\/v2\/product\/3065","targetHints":{"allow":["GET"]}}],"collection":[{"href":"https:\/\/buy-prescriptionz.com\/da\/wp-json\/wp\/v2\/product"}],"about":[{"href":"https:\/\/buy-prescriptionz.com\/da\/wp-json\/wp\/v2\/types\/product"}],"replies":[{"embeddable":true,"href":"https:\/\/buy-prescriptionz.com\/da\/wp-json\/wp\/v2\/comments?post=3065"}],"wp:featuredmedia":[{"embeddable":true,"href":"https:\/\/buy-prescriptionz.com\/da\/wp-json\/wp\/v2\/media\/3095"}],"wp:attachment":[{"href":"https:\/\/buy-prescriptionz.com\/da\/wp-json\/wp\/v2\/media?parent=3065"}],"wp:term":[{"taxonomy":"product_brand","embeddable":true,"href":"https:\/\/buy-prescriptionz.com\/da\/wp-json\/wp\/v2\/product_brand?post=3065"},{"taxonomy":"product_cat","embeddable":true,"href":"https:\/\/buy-prescriptionz.com\/da\/wp-json\/wp\/v2\/product_cat?post=3065"},{"taxonomy":"product_tag","embeddable":true,"href":"https:\/\/buy-prescriptionz.com\/da\/wp-json\/wp\/v2\/product_tag?post=3065"}],"curies":[{"name":"wp","href":"https:\/\/api.w.org\/{rel}","templated":true}]}}