{"id":3068,"date":"2025-09-16T08:56:11","date_gmt":"2025-09-16T08:56:11","guid":{"rendered":"https:\/\/chemsfine.com\/newsite\/?post_type=product&#038;p=3068"},"modified":"2025-09-22T05:24:47","modified_gmt":"2025-09-22T05:24:47","slug":"kob-ketaset-online","status":"publish","type":"product","link":"https:\/\/buy-prescriptionz.com\/da\/vare\/kob-ketaset-online\/","title":{"rendered":"K\u00f8b Ketaset online"},"content":{"rendered":"<h2>K\u00f8b Ketaset online<\/h2>\n<p>Buy Ketaset Online ,Ketaset is an extraordinary medicine for inducing anaesthesia. This item is utilized just before any therapeutic methodology or medical procedure. There might likewise be different employments of this item that are not talked here.<\/p>\n<h3>Hvordan man bruger Ketaset?<\/h3>\n<p>Ketaset er et injicerbart produkt, s\u00e5 indf\u00f8r det i dine muskler gennem en injektion. Dette bruges normalt af specialisterne til at g\u00f8re patienterne sl\u00f8vt for ikke at f\u00e5 dem til at f\u00f8le smerte under en medicinsk procedure.<\/p>\n<p>K\u00f8b Ketaset til de bedste priser, der er tilg\u00e6ngelige fra vores online apotek i dag. Din ordre vil n\u00e5 dig i l\u00f8bet af kort tid. Tilbyd dine krav nu!<\/p>\n<h3>K\u00f8b Ketaset online<\/h3>\n<p>Ketaset er et kontrolleret stof i hele verden, hvilket betyder at det ikke er muligt at k\u00f8be det \u00e5bent uden en ordentlig recept fra en l\u00e6ge, derfor anbefales det bedst at k\u00f8be ketaset online gennem standard online butikker i stedet for at k\u00f8be det fra gaderne, da det er mere sikkert og alle ordrer er diskrete og beskyttet under st\u00e6rke foranstaltninger til beskyttelse af personlige oplysninger.<br \/>\nDu kan benytte dig af muligheden for at k\u00f8be fra vores online butikker, da Ketaset-ordrerne administreres diskret af vores butik, og hemmeligholdelsen af disse ordrer er aldrig kompromitteret under nogen omst\u00e6ndigheder.<\/p>\n<h3>Hvad er Ketaset?<\/h3>\n<p>Ketaset er et af de mange varem\u00e6rker for ketamin, som er et an\u00e6stesimiddel, og det er klassificeret under forskellige kategorier s\u00e5som NDMA-receptorantagonister, antidepressivt middel, an\u00e6stesi og hallucinogen. Den brede kategoriliste for Ketaset viser, at det anvendes bredt til forskellige form\u00e5l, selv om det hovedsageligt anvendes til at fremkalde bed\u00f8velse.<br \/>\nKemi af Ketaset<br \/>\nL\u00e6gemidlets IUPAC-navn er \"(RS)-2-(2-Chlorphenyl)-2-(methylamino)cyclohexanon\", mens l\u00e6gemidlets CAS-nummer er 6740-88-1. L\u00e6gemidlets molekylformel er C13H16ClNO, mens ketasets molekylv\u00e6gt er 237,725 g\/mol.<br \/>\nL\u00e6gemidlets afh\u00e6ngighed er moderat.<\/p>\n<h3>Anvendelse af Ketaset<\/h3>\n<p>Ketaset anvendes bredt, da det bruges til behandling af b\u00e5de mennesker og dyr. Hos mennesker anvendes Ketaset til forskellige form\u00e5l, f.eks. til at fremkalde bed\u00f8velse, som antidepressivt middel og som smertestillende middel. Ved indgift for\u00e5rsager ketaset sedation og an\u00e6stesi hos patienterne, hvis en betydelig m\u00e6ngde af l\u00e6gemidlet er blevet indgivet.<br \/>\nKetaset har antidepressive egenskaber og anvendes til at for\u00e5rsage angstd\u00e6mpende og muskelafslappende virkninger hos patienter p\u00e5 intensivafdelinger. L\u00e6gemidlets virkning er s\u00e5dan, at det ikke p\u00e5virker hjerne- og hjertefunktionen ved indgift.<br \/>\nDette stof er ogs\u00e5 kendt for at blive brugt til stressreduktion og hukommelsesflytning. Ketaset er ogs\u00e5 kendt for at blive brugt af folk til rekreative form\u00e5l, da det kan give effekter som egoopbl\u00e6sning, f\u00f8lelsesm\u00e6ssig undertrykkelse og f\u00f8lelse af \u00e6druelighed.<br \/>\nKlik her for at k\u00f8be ketamin online<\/p>\n<h3>Virkninger af Ketaset<\/h3>\n<p>Virkningerne af ketaset varierer fra fysiske, psykologiske og subjektive virkninger. Ketaset for\u00e5rsager agitation og hallucinationer, n\u00e5r medicinen aftager. H\u00f8jt blodtryk er ogs\u00e5 blevet forbundet med brugen af ketaset.<br \/>\nNogle af de andre virkninger for\u00e5rsaget af ketaset er kardiovaskul\u00e6re, gastrointestinale og respiratoriske i naturen. De kardiovaskul\u00e6re virkninger omfatter \u00e6ndringer i nervesystemet. De gastrointestinale virkninger omfatter opkastning og kvalme, og disse virkninger observeres normalt hos ca. 25% af de patienter, der har f\u00e5et ketaset til an\u00e6stesiologiske form\u00e5l. De respiratoriske virkninger omfatter bronkodilator, hvor luftvejene mister friktionen, og hvor modstanden mod luftstr\u00f8mmen gennem luftvejene mindskes. Dette resulterer i \u00f8get luftstr\u00f8m til lungerne, hvilket kan v\u00e6re skadeligt i alvorlige \u00e5rsager.<br \/>\nBrugen af stoffet til rekreative form\u00e5l er ogs\u00e5 blevet frar\u00e5det, da der er registreret d\u00f8dsfald af mennesker, der har brugt ketaset uden ordentlig r\u00e5dgivning, fra hele verden.<\/p>\n<h3>Ketaset injektion<\/h3>\n<p>Ketamin eller ketaset-injektion kan anvendes til at fremkalde bed\u00f8velse hos patienterne. Fordelen ved ketaset-injektion er, at den har en st\u00f8rre sikkerhedsmargin og en hurtigt virkende virkning.<br \/>\nKlik her for at k\u00f8be Focalin XR<\/p>\n<h3><strong>KETASET brief<\/strong><\/h3>\n<p>For cats, KETASET can be used to keep them still or as the only anesthetic for short, exploratory or small surgeries that don&#8217;t need to relax the muscles. On subhuman monkeys, it can be used to hold them down.<\/p>\n<h3>Ketaset til salg<\/h3>\n<p>Vores online butik er en af de vigtigste kilder til ketamin medicin, og vi sender dem over hele verden gennem vores standard forsendelsesservice. Alle former for ren ketamin som Ketaset, ketalar, pulver osv. er tilg\u00e6ngelige i vores online butik.<\/p>\n<h3><strong>Dosage and administer<\/strong><\/h3>\n<p>When injected into the muscle, KETASET is well accepted by cats and nonhuman animals. Before starting sedation or restriction with KETASET, you don&#8217;t have to fast. However, if you are getting ready for optional surgery, you should avoid eating for at least six hours before giving KETASET.<\/p>\n<p>Anesthesia may not last as long in cats that aren&#8217;t fully grown yet. For subhuman monkey newborns (less than 24 hours old), it is hard to keep them. As with other anesthetics, KETASET has a somewhat variable effect on each person, based on the amount, their general health, and their age. Because of this, it is not possible to give exact dosage advice.<\/p>\n<p><strong>Dosage details<\/strong><\/p>\n<p>For cats, an amount of 11 mg\/kg (5 mg\/lb) is suggested to make them restrained.<\/p>\n<p>Between 22 and 33 mg\/kg (10 to 15 mg\/lb) is a good dose range for anesthesia that works well for small or diagnostic surgeries that don&#8217;t need to relax the muscles.<\/p>","protected":false},"excerpt":{"rendered":"<p>Buy Ketaset Online Buy Ketaset Online ,Ketaset is an extraordinary medicine for inducing anaesthesia. This item is utilized just before any therapeutic methodology or medical procedure. There might likewise be different employments of this item that are not talked here. How To Use Ketaset? Ketaset is an injectable item, so bring this into your muscles [&hellip;]<\/p>","protected":false},"featured_media":3098,"comment_status":"open","ping_status":"closed","template":"","meta":{"site-sidebar-layout":"default","site-content-layout":"","ast-site-content-layout":"default","site-content-style":"default","site-sidebar-style":"default","ast-global-header-display":"","ast-banner-title-visibility":"","ast-main-header-display":"","ast-hfb-above-header-display":"","ast-hfb-below-header-display":"","ast-hfb-mobile-header-display":"","site-post-title":"","ast-breadcrumbs-content":"","ast-featured-img":"","footer-sml-layout":"","theme-transparent-header-meta":"default","adv-header-id-meta":"","stick-header-meta":"","header-above-stick-meta":"","header-main-stick-meta":"","header-below-stick-meta":"","astra-migrate-meta-layouts":"set","ast-page-background-enabled":"default","ast-page-background-meta":{"desktop":{"background-color":"var(--ast-global-color-4)","background-image":"","background-repeat":"repeat","background-position":"center center","background-size":"auto","background-attachment":"scroll","background-type":"","background-media":"","overlay-type":"","overlay-color":"","overlay-opacity":"","overlay-gradient":""},"tablet":{"background-color":"","background-image":"","background-repeat":"repeat","background-position":"center center","background-size":"auto","background-attachment":"scroll","background-type":"","background-media":"","overlay-type":"","overlay-color":"","overlay-opacity":"","overlay-gradient":""},"mobile":{"background-color":"","background-image":"","background-repeat":"repeat","background-position":"center center","background-size":"auto","background-attachment":"scroll","background-type":"","background-media":"","overlay-type":"","overlay-color":"","overlay-opacity":"","overlay-gradient":""}},"ast-content-background-meta":{"desktop":{"background-color":"var(--ast-global-color-5)","background-image":"","background-repeat":"repeat","background-position":"center center","background-size":"auto","background-attachment":"scroll","background-type":"","background-media":"","overlay-type":"","overlay-color":"","overlay-opacity":"","overlay-gradient":""},"tablet":{"background-color":"var(--ast-global-color-5)","background-image":"","background-repeat":"repeat","background-position":"center center","background-size":"auto","background-attachment":"scroll","background-type":"","background-media":"","overlay-type":"","overlay-color":"","overlay-opacity":"","overlay-gradient":""},"mobile":{"background-color":"var(--ast-global-color-5)","background-image":"","background-repeat":"repeat","background-position":"center center","background-size":"auto","background-attachment":"scroll","background-type":"","background-media":"","overlay-type":"","overlay-color":"","overlay-opacity":"","overlay-gradient":""}}},"product_brand":[],"product_cat":[2385],"product_tag":[1075,1076,1074,1069,1072,1071,1070,1073,1068,1067,1078,1077],"class_list":{"0":"post-3068","1":"product","2":"type-product","3":"status-publish","4":"has-post-thumbnail","6":"product_cat-buy-pain-killer-pills-online","7":"product_tag-buy-ketaset-in-canada","8":"product_tag-buy-ketaset-in-uk","9":"product_tag-buy-ketaset-in-usa","10":"product_tag-buy-ketaset-with-bitcoin","11":"product_tag-buy-ketaset-with-credit-card","12":"product_tag-buy-ketaset-with-money-gram","13":"product_tag-buy-ketaset-with-western-union","14":"product_tag-buy-ketaset-without-a-doctor","15":"product_tag-buy-ketaset-without-prescription","16":"product_tag-ketaset-for-sale","17":"product_tag-ketaset-pills","18":"product_tag-ketaset-tablets","19":"desktop-align-center","20":"tablet-align-left","21":"mobile-align-left","23":"first","24":"instock","25":"featured","26":"shipping-taxable","27":"purchasable","28":"product-type-variable","29":"has-default-attributes"},"yoast_head":"<!-- This site is optimized with the Yoast SEO plugin v25.9 - https:\/\/yoast.com\/wordpress\/plugins\/seo\/ -->\n<title>Buy Ketaset Online - Ketaset for Sale | Buy-Prescriptionz<\/title>\n<meta name=\"description\" content=\"Looking to buy Ketaset online at a reasonable price? Visit our reputable online chemical store and get Ketaset for sale today. Place an order now and get the best rate in our store.\" \/>\n<meta name=\"robots\" content=\"index, follow, max-snippet:-1, max-image-preview:large, max-video-preview:-1\" \/>\n<link rel=\"canonical\" href=\"https:\/\/buy-prescriptionz.com\/da\/vare\/kob-ketaset-online\/\" \/>\n<meta property=\"og:locale\" content=\"da_DK\" \/>\n<meta property=\"og:type\" content=\"article\" \/>\n<meta property=\"og:title\" content=\"Buy Ketaset Online - Ketaset for Sale | Buy-Prescriptionz\" \/>\n<meta property=\"og:description\" content=\"Looking to buy Ketaset online at a reasonable price? Visit our reputable online chemical store and get Ketaset for sale today. Place an order now and get the best rate in our store.\" \/>\n<meta property=\"og:url\" content=\"https:\/\/buy-prescriptionz.com\/da\/vare\/kob-ketaset-online\/\" \/>\n<meta property=\"og:site_name\" content=\"Buy Prescriptionz\" \/>\n<meta property=\"article:modified_time\" content=\"2025-09-22T05:24:47+00:00\" \/>\n<meta property=\"og:image\" content=\"https:\/\/buy-prescriptionz.com\/wp-content\/uploads\/2025\/09\/ketaset.jpeg\" \/>\n\t<meta property=\"og:image:width\" content=\"400\" \/>\n\t<meta property=\"og:image:height\" content=\"300\" \/>\n\t<meta property=\"og:image:type\" content=\"image\/jpeg\" \/>\n<meta name=\"twitter:card\" content=\"summary_large_image\" \/>\n<meta name=\"twitter:label1\" content=\"Estimeret l\u00e6setid\" \/>\n\t<meta name=\"twitter:data1\" content=\"5 minutter\" \/>\n<script type=\"application\/ld+json\" class=\"yoast-schema-graph\">{\"@context\":\"https:\/\/schema.org\",\"@graph\":[{\"@type\":\"WebPage\",\"@id\":\"https:\/\/buy-prescriptionz.com\/product\/buy-ketaset-online\/\",\"url\":\"https:\/\/buy-prescriptionz.com\/product\/buy-ketaset-online\/\",\"name\":\"Buy Ketaset Online - Ketaset for Sale | Buy-Prescriptionz\",\"isPartOf\":{\"@id\":\"https:\/\/buy-prescriptionz.com\/#website\"},\"primaryImageOfPage\":{\"@id\":\"https:\/\/buy-prescriptionz.com\/product\/buy-ketaset-online\/#primaryimage\"},\"image\":{\"@id\":\"https:\/\/buy-prescriptionz.com\/product\/buy-ketaset-online\/#primaryimage\"},\"thumbnailUrl\":\"https:\/\/buy-prescriptionz.com\/wp-content\/uploads\/2025\/09\/ketaset.jpeg\",\"datePublished\":\"2025-09-16T08:56:11+00:00\",\"dateModified\":\"2025-09-22T05:24:47+00:00\",\"description\":\"Looking to buy Ketaset online at a reasonable price? Visit our reputable online chemical store and get Ketaset for sale today. Place an order now and get the best rate in our store.\",\"breadcrumb\":{\"@id\":\"https:\/\/buy-prescriptionz.com\/product\/buy-ketaset-online\/#breadcrumb\"},\"inLanguage\":\"da-DK\",\"potentialAction\":[{\"@type\":\"ReadAction\",\"target\":[\"https:\/\/buy-prescriptionz.com\/product\/buy-ketaset-online\/\"]}]},{\"@type\":\"ImageObject\",\"inLanguage\":\"da-DK\",\"@id\":\"https:\/\/buy-prescriptionz.com\/product\/buy-ketaset-online\/#primaryimage\",\"url\":\"https:\/\/buy-prescriptionz.com\/wp-content\/uploads\/2025\/09\/ketaset.jpeg\",\"contentUrl\":\"https:\/\/buy-prescriptionz.com\/wp-content\/uploads\/2025\/09\/ketaset.jpeg\",\"width\":400,\"height\":300},{\"@type\":\"BreadcrumbList\",\"@id\":\"https:\/\/buy-prescriptionz.com\/product\/buy-ketaset-online\/#breadcrumb\",\"itemListElement\":[{\"@type\":\"ListItem\",\"position\":1,\"name\":\"Home\",\"item\":\"https:\/\/buy-prescriptionz.com\/\"},{\"@type\":\"ListItem\",\"position\":2,\"name\":\"Shop Painkillers Online\",\"item\":\"https:\/\/buy-prescriptionz.com\/shop-painkillers-online\/\"},{\"@type\":\"ListItem\",\"position\":3,\"name\":\"Buy Ketaset Online\"}]},{\"@type\":\"WebSite\",\"@id\":\"https:\/\/buy-prescriptionz.com\/#website\",\"url\":\"https:\/\/buy-prescriptionz.com\/\",\"name\":\"Buy Prescriptionz\",\"description\":\"Drugs Online\",\"publisher\":{\"@id\":\"https:\/\/buy-prescriptionz.com\/#organization\"},\"potentialAction\":[{\"@type\":\"SearchAction\",\"target\":{\"@type\":\"EntryPoint\",\"urlTemplate\":\"https:\/\/buy-prescriptionz.com\/?s={search_term_string}\"},\"query-input\":{\"@type\":\"PropertyValueSpecification\",\"valueRequired\":true,\"valueName\":\"search_term_string\"}}],\"inLanguage\":\"da-DK\"},{\"@type\":\"Organization\",\"@id\":\"https:\/\/buy-prescriptionz.com\/#organization\",\"name\":\"Buy Prescriptionz\",\"url\":\"https:\/\/buy-prescriptionz.com\/\",\"logo\":{\"@type\":\"ImageObject\",\"inLanguage\":\"da-DK\",\"@id\":\"https:\/\/buy-prescriptionz.com\/#\/schema\/logo\/image\/\",\"url\":\"https:\/\/buy-prescriptionz.com\/wp-content\/uploads\/2023\/09\/logo.png\",\"contentUrl\":\"https:\/\/buy-prescriptionz.com\/wp-content\/uploads\/2023\/09\/logo.png\",\"width\":350,\"height\":64,\"caption\":\"Buy Prescriptionz\"},\"image\":{\"@id\":\"https:\/\/buy-prescriptionz.com\/#\/schema\/logo\/image\/\"}}]}<\/script>\n<!-- \/ Yoast SEO plugin. -->","yoast_head_json":{"title":"Buy Ketaset Online - Ketaset for Sale | Buy-Prescriptionz","description":"Looking to buy Ketaset online at a reasonable price? Visit our reputable online chemical store and get Ketaset for sale today. Place an order now and get the best rate in our store.","robots":{"index":"index","follow":"follow","max-snippet":"max-snippet:-1","max-image-preview":"max-image-preview:large","max-video-preview":"max-video-preview:-1"},"canonical":"https:\/\/buy-prescriptionz.com\/da\/vare\/kob-ketaset-online\/","og_locale":"da_DK","og_type":"article","og_title":"Buy Ketaset Online - Ketaset for Sale | Buy-Prescriptionz","og_description":"Looking to buy Ketaset online at a reasonable price? Visit our reputable online chemical store and get Ketaset for sale today. Place an order now and get the best rate in our store.","og_url":"https:\/\/buy-prescriptionz.com\/da\/vare\/kob-ketaset-online\/","og_site_name":"Buy Prescriptionz","article_modified_time":"2025-09-22T05:24:47+00:00","og_image":[{"width":400,"height":300,"url":"https:\/\/buy-prescriptionz.com\/wp-content\/uploads\/2025\/09\/ketaset.jpeg","type":"image\/jpeg"}],"twitter_card":"summary_large_image","twitter_misc":{"Estimeret l\u00e6setid":"5 minutter"},"schema":{"@context":"https:\/\/schema.org","@graph":[{"@type":"WebPage","@id":"https:\/\/buy-prescriptionz.com\/product\/buy-ketaset-online\/","url":"https:\/\/buy-prescriptionz.com\/product\/buy-ketaset-online\/","name":"Buy Ketaset Online - Ketaset for Sale | Buy-Prescriptionz","isPartOf":{"@id":"https:\/\/buy-prescriptionz.com\/#website"},"primaryImageOfPage":{"@id":"https:\/\/buy-prescriptionz.com\/product\/buy-ketaset-online\/#primaryimage"},"image":{"@id":"https:\/\/buy-prescriptionz.com\/product\/buy-ketaset-online\/#primaryimage"},"thumbnailUrl":"https:\/\/buy-prescriptionz.com\/wp-content\/uploads\/2025\/09\/ketaset.jpeg","datePublished":"2025-09-16T08:56:11+00:00","dateModified":"2025-09-22T05:24:47+00:00","description":"Looking to buy Ketaset online at a reasonable price? Visit our reputable online chemical store and get Ketaset for sale today. Place an order now and get the best rate in our store.","breadcrumb":{"@id":"https:\/\/buy-prescriptionz.com\/product\/buy-ketaset-online\/#breadcrumb"},"inLanguage":"da-DK","potentialAction":[{"@type":"ReadAction","target":["https:\/\/buy-prescriptionz.com\/product\/buy-ketaset-online\/"]}]},{"@type":"ImageObject","inLanguage":"da-DK","@id":"https:\/\/buy-prescriptionz.com\/product\/buy-ketaset-online\/#primaryimage","url":"https:\/\/buy-prescriptionz.com\/wp-content\/uploads\/2025\/09\/ketaset.jpeg","contentUrl":"https:\/\/buy-prescriptionz.com\/wp-content\/uploads\/2025\/09\/ketaset.jpeg","width":400,"height":300},{"@type":"BreadcrumbList","@id":"https:\/\/buy-prescriptionz.com\/product\/buy-ketaset-online\/#breadcrumb","itemListElement":[{"@type":"ListItem","position":1,"name":"Home","item":"https:\/\/buy-prescriptionz.com\/"},{"@type":"ListItem","position":2,"name":"Shop Painkillers Online","item":"https:\/\/buy-prescriptionz.com\/shop-painkillers-online\/"},{"@type":"ListItem","position":3,"name":"Buy Ketaset Online"}]},{"@type":"WebSite","@id":"https:\/\/buy-prescriptionz.com\/#website","url":"https:\/\/buy-prescriptionz.com\/","name":"Buy Prescriptionz","description":"Narkotika online","publisher":{"@id":"https:\/\/buy-prescriptionz.com\/#organization"},"potentialAction":[{"@type":"SearchAction","target":{"@type":"EntryPoint","urlTemplate":"https:\/\/buy-prescriptionz.com\/?s={search_term_string}"},"query-input":{"@type":"PropertyValueSpecification","valueRequired":true,"valueName":"search_term_string"}}],"inLanguage":"da-DK"},{"@type":"Organization","@id":"https:\/\/buy-prescriptionz.com\/#organization","name":"Buy Prescriptionz","url":"https:\/\/buy-prescriptionz.com\/","logo":{"@type":"ImageObject","inLanguage":"da-DK","@id":"https:\/\/buy-prescriptionz.com\/#\/schema\/logo\/image\/","url":"https:\/\/buy-prescriptionz.com\/wp-content\/uploads\/2023\/09\/logo.png","contentUrl":"https:\/\/buy-prescriptionz.com\/wp-content\/uploads\/2023\/09\/logo.png","width":350,"height":64,"caption":"Buy Prescriptionz"},"image":{"@id":"https:\/\/buy-prescriptionz.com\/#\/schema\/logo\/image\/"}}]}},"_links":{"self":[{"href":"https:\/\/buy-prescriptionz.com\/da\/wp-json\/wp\/v2\/product\/3068","targetHints":{"allow":["GET"]}}],"collection":[{"href":"https:\/\/buy-prescriptionz.com\/da\/wp-json\/wp\/v2\/product"}],"about":[{"href":"https:\/\/buy-prescriptionz.com\/da\/wp-json\/wp\/v2\/types\/product"}],"replies":[{"embeddable":true,"href":"https:\/\/buy-prescriptionz.com\/da\/wp-json\/wp\/v2\/comments?post=3068"}],"wp:featuredmedia":[{"embeddable":true,"href":"https:\/\/buy-prescriptionz.com\/da\/wp-json\/wp\/v2\/media\/3098"}],"wp:attachment":[{"href":"https:\/\/buy-prescriptionz.com\/da\/wp-json\/wp\/v2\/media?parent=3068"}],"wp:term":[{"taxonomy":"product_brand","embeddable":true,"href":"https:\/\/buy-prescriptionz.com\/da\/wp-json\/wp\/v2\/product_brand?post=3068"},{"taxonomy":"product_cat","embeddable":true,"href":"https:\/\/buy-prescriptionz.com\/da\/wp-json\/wp\/v2\/product_cat?post=3068"},{"taxonomy":"product_tag","embeddable":true,"href":"https:\/\/buy-prescriptionz.com\/da\/wp-json\/wp\/v2\/product_tag?post=3068"}],"curies":[{"name":"wp","href":"https:\/\/api.w.org\/{rel}","templated":true}]}}