{"id":3071,"date":"2025-09-16T08:56:11","date_gmt":"2025-09-16T08:56:11","guid":{"rendered":"https:\/\/chemsfine.com\/newsite\/?post_type=product&#038;p=3071"},"modified":"2025-09-21T12:21:54","modified_gmt":"2025-09-21T12:21:54","slug":"kob-fioricet-butalbitol-online","status":"publish","type":"product","link":"https:\/\/buy-prescriptionz.com\/da\/vare\/kob-fioricet-butalbitol-online\/","title":{"rendered":"K\u00f8b Fioricet (Butalbitol) online"},"content":{"rendered":"<h2>K\u00f8b Fioricet online<\/h2>\n<p>K\u00f8b Fioricet (Butalbitol) Online, Patienter, der har brug for en recept p\u00e5 Fioricet, har nu mulighed for at k\u00f8be Fioricet online med kreditkort i USA. At kunne k\u00f8be Fioricet online er meget mere bekvemt for patienten. Patienten beh\u00f8ver ikke en forudg\u00e5ende recept for at en l\u00e6ge kan bestille fioricet online gennem onlineapoteket. Onlineapoteket er designet til at give patienterne topkvalitetsmedicin til en nedsat pris uden besv\u00e6ret med et l\u00e6gekontor. Fioricet er blot en af \u200b\u200bmange medicin, der ikke kr\u00e6ver et l\u00e6gebes\u00f8g for at f\u00e5 en recept. K\u00f8b Fioricet (Butalbitol) Online, Dette betyder, at patienten ikke engang beh\u00f8ver at forlade deres hus for at f\u00e5 den medicin, de har brug for.<\/p>\n<p>Fioricet er et kombinationsl\u00e6gemiddel, der inkluderer koffein, acetaminophen og butalbital. Det bruges oralt efter behov for at lindre sp\u00e6ndingshovedpine, normalt hver 4. time. Men da det kan blive vanedannende og forv\u00e6rre hovedpine, hvis det bruges for regelm\u00e6ssigt, anbefales det ikke som f\u00f8rste alternativ. Den bedste Fioricet kan ogs\u00e5 have negative virkninger, herunder svimmelhed og d\u00f8sighed. Der findes medicin og en oral sirup til det.<\/p>\n<p>Butalbital, koffein og acetaminophen er alle inkluderet i Fioricet-piller. Acetaminophen er et smertestillende og feberneds\u00e6ttende middel. Barbiturater er en klasse af medicin, der inkluderer butalbital. Det letter sp\u00e6ndingshovedpine, der for\u00e5rsager muskelspasmer. Et stimulerende middel i centralnervesystemet er koffein. For at \u00f8ge blodgennemstr\u00f8mningen letter det muskelspasmer i blodkar. Mennesker med stress hovedpine (for\u00e5rsaget af stramme muskler) tager fioricet.<\/p>\n<p>For a patient to get online Fioricet, they will need to fill out a questionnaire. The questionnaire will ask several medical and health related questions that must be answered. Once the patient has filled out the questionnaire, they will be able to submit it to the online pharmacy. The questionnaire will be submitted to one of the many licensed physicians of the online pharmacy. The licensed physician will review the questionnaire and decide whether or not to approve the order. If the order is approved, the patient will be able to buy cheap Fioricet online. The physician will send the Fioricet RX online to the licensed pharmacists who will then fill the order and send it to the address that is provided by the patient. Buy Fioricet (Butalbitol) Online, Medication orders are typically shipped out via next day delivery services so that the patient does not need to wait for the medicine that they need.<\/p>\n<h3><strong>K\u00f8b Fioricet (Butalbitol) online<\/strong><\/h3>\n<p>Fioricet er et kombinationsl\u00e6gemiddel, der inkluderer koffein, acetaminophen og butalbital. Det bruges oralt efter behov for at lindre sp\u00e6ndingshovedpine, normalt hver 4. time. Men da det kan blive vanedannende og forv\u00e6rre hovedpine, hvis det bruges for regelm\u00e6ssigt, anbefales det ikke som f\u00f8rste alternativ. Den bedste Fioricet kan ogs\u00e5 have negative virkninger, herunder svimmelhed og d\u00f8sighed. Der findes medicin og en oral sirup til det.<\/p>\n<p>Butalbital, koffein og acetaminophen er alle inkluderet i Fioricet-piller. Acetaminophen er et smertestillende og feberneds\u00e6ttende middel. Barbiturater er en klasse af medicin, der inkluderer butalbital. Det letter sp\u00e6ndingshovedpine, der for\u00e5rsager muskelspasmer. Et stimulerende middel i centralnervesystemet er koffein. For at \u00f8ge blodgennemstr\u00f8mningen letter det muskelspasmer i blodkar. Mennesker med stress hovedpine (for\u00e5rsaget af stramme muskler) tager fioricet.<\/p>\n<p>Advarsler<\/p>\n<p>Hvis du har porfyri, eller hvis du for nylig har brugt alkohol, beroligende midler, beroligende midler eller andre narkotiske stoffer, b\u00f8r du ikke bruge Fioricet.<\/p>\n<p>Hvis du har taget en MAO-h\u00e6mmer inden for de sidste 14 dage, m\u00e5 du ikke bruge Fioricet. Der kan v\u00e6re en risikabel medicininteraktion. Isocarboxazid, linezolid, methylenbl\u00e5t injektion, phenelzin og tranylcypromin er eksempler p\u00e5 MAO-h\u00e6mmere.<\/p>\n<p>Take no more Fioricet than is advised. Acetaminophen overdoses may harm your liver or even result in death. If you have any of the following symptoms: dark urine, clay-colored feces, nausea, upper stomach discomfort, itching, lack of appetite, or jaundice (yellowing of the skin or eyes). Contact your doctor very once. Rarely, acetaminophen may result in a serious skin response. If your skin becomes red or if you get a rash that becomes burning and peeling, stop taking Fioricet and contact your doctor immediately.<\/p>\n<p>Fioricet er en effektiv medicin til at lindre sp\u00e6ndingshovedpine, der kombinerer acetaminophen, butalbital og koffein for at give omfattende smertelindring og muskelafslapning. P\u00e5 grund af dets potentielle bivirkninger og behovet for korrekt dosering, b\u00f8r det bruges ansvarligt under en sundhedsudbyders tilsyn. For sikker og p\u00e5lidelig adgang til Fioricet, overvej at k\u00f8be fra den bedste apoteksbutik <a href=\"https:\/\/buy-prescriptionz.com\/da\/\">buy-prescriptionz.com<\/a>. F\u00f8lg altid din sundhedsudbyders vejledning og konsulter dem med sp\u00f8rgsm\u00e5l eller bekymringer vedr\u00f8rende brugen af \u200b\u200bdet.<\/p>\n<h3>Advarsler<\/h3>\n<p>Hvis du har porfyri, eller hvis du for nylig har brugt alkohol, beroligende midler, beroligende midler eller andre narkotiske stoffer, b\u00f8r du ikke bruge Fioricet.<\/p>\n<p>Hvis du har taget en MAO-h\u00e6mmer inden for de sidste 14 dage, m\u00e5 du ikke bruge Fioricet. Der kan v\u00e6re en risikabel medicininteraktion. Isocarboxazid, linezolid, methylenbl\u00e5t injektion, phenelzin og tranylcypromin er eksempler p\u00e5 MAO-h\u00e6mmere.<\/p>\n<p>Take no more Fioricet than is advised. Acetaminophen overdoses may harm your liver or even result in death. If you have any of the following symptoms: dark urine, clay-colored feces, nausea, upper stomach discomfort, itching, lack of appetite, or jaundice (yellowing of the skin or eyes). Contact your doctor very once. Rarely, acetaminophen may result in a serious skin response. If your skin becomes red or if you get a rash that becomes burning and peeling, stop taking Fioricet and contact your doctor immediately.<\/p>\n<p>Fioricet er en effektiv medicin til at lindre sp\u00e6ndingshovedpine, der kombinerer acetaminophen, butalbital og koffein for at give omfattende smertelindring og muskelafslapning. P\u00e5 grund af dets potentielle bivirkninger og behovet for korrekt dosering, b\u00f8r det bruges ansvarligt under en sundhedsudbyders tilsyn. For sikker og p\u00e5lidelig adgang til Fioricet, overvej at k\u00f8be fra den bedste apoteksbutik <a href=\"https:\/\/buy-prescriptionz.com\/da\/\">Buy-Prescriptionz.com<\/a>. F\u00f8lg altid din sundhedsudbyders vejledning og konsulter dem med sp\u00f8rgsm\u00e5l eller bekymringer vedr\u00f8rende brugen af \u200b\u200bdet.<\/p>","protected":false},"excerpt":{"rendered":"<p>Buy Fioricet Online Buy Fioricet (Butalbitol) Online, Patients who need a prescription for Fioricet now have the opportunity to buy fioricet online with credit card in USA. Being able to buy online Fioricet is much more convenient to the patient. The patient does not need a prior prescription for a physician to be able to [&hellip;]<\/p>","protected":false},"featured_media":3101,"comment_status":"open","ping_status":"closed","template":"","meta":{"site-sidebar-layout":"default","site-content-layout":"","ast-site-content-layout":"default","site-content-style":"default","site-sidebar-style":"default","ast-global-header-display":"","ast-banner-title-visibility":"","ast-main-header-display":"","ast-hfb-above-header-display":"","ast-hfb-below-header-display":"","ast-hfb-mobile-header-display":"","site-post-title":"","ast-breadcrumbs-content":"","ast-featured-img":"","footer-sml-layout":"","theme-transparent-header-meta":"default","adv-header-id-meta":"","stick-header-meta":"","header-above-stick-meta":"","header-main-stick-meta":"","header-below-stick-meta":"","astra-migrate-meta-layouts":"set","ast-page-background-enabled":"default","ast-page-background-meta":{"desktop":{"background-color":"var(--ast-global-color-4)","background-image":"","background-repeat":"repeat","background-position":"center center","background-size":"auto","background-attachment":"scroll","background-type":"","background-media":"","overlay-type":"","overlay-color":"","overlay-opacity":"","overlay-gradient":""},"tablet":{"background-color":"","background-image":"","background-repeat":"repeat","background-position":"center center","background-size":"auto","background-attachment":"scroll","background-type":"","background-media":"","overlay-type":"","overlay-color":"","overlay-opacity":"","overlay-gradient":""},"mobile":{"background-color":"","background-image":"","background-repeat":"repeat","background-position":"center center","background-size":"auto","background-attachment":"scroll","background-type":"","background-media":"","overlay-type":"","overlay-color":"","overlay-opacity":"","overlay-gradient":""}},"ast-content-background-meta":{"desktop":{"background-color":"var(--ast-global-color-5)","background-image":"","background-repeat":"repeat","background-position":"center center","background-size":"auto","background-attachment":"scroll","background-type":"","background-media":"","overlay-type":"","overlay-color":"","overlay-opacity":"","overlay-gradient":""},"tablet":{"background-color":"var(--ast-global-color-5)","background-image":"","background-repeat":"repeat","background-position":"center center","background-size":"auto","background-attachment":"scroll","background-type":"","background-media":"","overlay-type":"","overlay-color":"","overlay-opacity":"","overlay-gradient":""},"mobile":{"background-color":"var(--ast-global-color-5)","background-image":"","background-repeat":"repeat","background-position":"center center","background-size":"auto","background-attachment":"scroll","background-type":"","background-media":"","overlay-type":"","overlay-color":"","overlay-opacity":"","overlay-gradient":""}}},"product_brand":[],"product_cat":[2385],"product_tag":[1039,1040,1038,1033,1036,1035,1034,1037,1032,1031,1042,1041],"class_list":{"0":"post-3071","1":"product","2":"type-product","3":"status-publish","4":"has-post-thumbnail","6":"product_cat-buy-pain-killer-pills-online","7":"product_tag-buy-fioricet-butalbitol-in-canada","8":"product_tag-buy-fioricet-butalbitol-in-uk","9":"product_tag-buy-fioricet-butalbitol-in-usa","10":"product_tag-buy-fioricet-butalbitol-with-bitcoin","11":"product_tag-buy-fioricet-butalbitol-with-credit-card","12":"product_tag-buy-fioricet-butalbitol-with-money-gram","13":"product_tag-buy-fioricet-butalbitol-with-western-union","14":"product_tag-buy-fioricet-butalbitol-without-a-doctor","15":"product_tag-buy-fioricet-butalbitol-without-prescription","16":"product_tag-fioricet-butalbitol-for-sale","17":"product_tag-fioricet-butalbitol-pills","18":"product_tag-fioricet-butalbitol-tablets","19":"desktop-align-center","20":"tablet-align-left","21":"mobile-align-left","23":"first","24":"instock","25":"shipping-taxable","26":"purchasable","27":"product-type-variable","28":"has-default-attributes"},"yoast_head":"<!-- This site is optimized with the Yoast SEO plugin v25.9 - https:\/\/yoast.com\/wordpress\/plugins\/seo\/ -->\n<title>Buy Fioricet (Butalbitol) Online , Online USA - Fioricet for Sale<\/title>\n<meta name=\"description\" content=\"Buy Fioricet (Butalbitol) Online at best price without doctor&#039;s prescription. Buy Fioricet (Butalbitol) Online, buy-prescriptionz.com ,\" \/>\n<meta name=\"robots\" content=\"index, follow, max-snippet:-1, max-image-preview:large, max-video-preview:-1\" \/>\n<link rel=\"canonical\" href=\"https:\/\/buy-prescriptionz.com\/da\/vare\/kob-fioricet-butalbitol-online\/\" \/>\n<meta property=\"og:locale\" content=\"da_DK\" \/>\n<meta property=\"og:type\" content=\"article\" \/>\n<meta property=\"og:title\" content=\"Buy Fioricet (Butalbitol) Online , Online USA - Fioricet for Sale\" \/>\n<meta property=\"og:description\" content=\"Buy Fioricet (Butalbitol) Online at best price without doctor&#039;s prescription. Buy Fioricet (Butalbitol) Online, buy-prescriptionz.com ,\" \/>\n<meta property=\"og:url\" content=\"https:\/\/buy-prescriptionz.com\/da\/vare\/kob-fioricet-butalbitol-online\/\" \/>\n<meta property=\"og:site_name\" content=\"Buy Prescriptionz\" \/>\n<meta property=\"article:modified_time\" content=\"2025-09-21T12:21:54+00:00\" \/>\n<meta property=\"og:image\" content=\"https:\/\/buy-prescriptionz.com\/wp-content\/uploads\/2025\/09\/fioricet-butalbitol.jpg\" \/>\n\t<meta property=\"og:image:width\" content=\"400\" \/>\n\t<meta property=\"og:image:height\" content=\"300\" \/>\n\t<meta property=\"og:image:type\" content=\"image\/jpeg\" \/>\n<meta name=\"twitter:card\" content=\"summary_large_image\" \/>\n<meta name=\"twitter:label1\" content=\"Estimeret l\u00e6setid\" \/>\n\t<meta name=\"twitter:data1\" content=\"5 minutter\" \/>\n<script type=\"application\/ld+json\" class=\"yoast-schema-graph\">{\"@context\":\"https:\/\/schema.org\",\"@graph\":[{\"@type\":\"WebPage\",\"@id\":\"https:\/\/buy-prescriptionz.com\/product\/buy-fioricet-butalbitol-online\/\",\"url\":\"https:\/\/buy-prescriptionz.com\/product\/buy-fioricet-butalbitol-online\/\",\"name\":\"Buy Fioricet (Butalbitol) Online , Online USA - Fioricet for Sale\",\"isPartOf\":{\"@id\":\"https:\/\/buy-prescriptionz.com\/#website\"},\"primaryImageOfPage\":{\"@id\":\"https:\/\/buy-prescriptionz.com\/product\/buy-fioricet-butalbitol-online\/#primaryimage\"},\"image\":{\"@id\":\"https:\/\/buy-prescriptionz.com\/product\/buy-fioricet-butalbitol-online\/#primaryimage\"},\"thumbnailUrl\":\"https:\/\/buy-prescriptionz.com\/wp-content\/uploads\/2025\/09\/fioricet-butalbitol.jpg\",\"datePublished\":\"2025-09-16T08:56:11+00:00\",\"dateModified\":\"2025-09-21T12:21:54+00:00\",\"description\":\"Buy Fioricet (Butalbitol) Online at best price without doctor's prescription. Buy Fioricet (Butalbitol) Online, buy-prescriptionz.com ,\",\"breadcrumb\":{\"@id\":\"https:\/\/buy-prescriptionz.com\/product\/buy-fioricet-butalbitol-online\/#breadcrumb\"},\"inLanguage\":\"da-DK\",\"potentialAction\":[{\"@type\":\"ReadAction\",\"target\":[\"https:\/\/buy-prescriptionz.com\/product\/buy-fioricet-butalbitol-online\/\"]}]},{\"@type\":\"ImageObject\",\"inLanguage\":\"da-DK\",\"@id\":\"https:\/\/buy-prescriptionz.com\/product\/buy-fioricet-butalbitol-online\/#primaryimage\",\"url\":\"https:\/\/buy-prescriptionz.com\/wp-content\/uploads\/2025\/09\/fioricet-butalbitol.jpg\",\"contentUrl\":\"https:\/\/buy-prescriptionz.com\/wp-content\/uploads\/2025\/09\/fioricet-butalbitol.jpg\",\"width\":400,\"height\":300},{\"@type\":\"BreadcrumbList\",\"@id\":\"https:\/\/buy-prescriptionz.com\/product\/buy-fioricet-butalbitol-online\/#breadcrumb\",\"itemListElement\":[{\"@type\":\"ListItem\",\"position\":1,\"name\":\"Home\",\"item\":\"https:\/\/buy-prescriptionz.com\/\"},{\"@type\":\"ListItem\",\"position\":2,\"name\":\"Shop Painkillers Online\",\"item\":\"https:\/\/buy-prescriptionz.com\/shop-painkillers-online\/\"},{\"@type\":\"ListItem\",\"position\":3,\"name\":\"Buy Fioricet (Butalbitol) Online\"}]},{\"@type\":\"WebSite\",\"@id\":\"https:\/\/buy-prescriptionz.com\/#website\",\"url\":\"https:\/\/buy-prescriptionz.com\/\",\"name\":\"Buy Prescriptionz\",\"description\":\"Drugs Online\",\"publisher\":{\"@id\":\"https:\/\/buy-prescriptionz.com\/#organization\"},\"potentialAction\":[{\"@type\":\"SearchAction\",\"target\":{\"@type\":\"EntryPoint\",\"urlTemplate\":\"https:\/\/buy-prescriptionz.com\/?s={search_term_string}\"},\"query-input\":{\"@type\":\"PropertyValueSpecification\",\"valueRequired\":true,\"valueName\":\"search_term_string\"}}],\"inLanguage\":\"da-DK\"},{\"@type\":\"Organization\",\"@id\":\"https:\/\/buy-prescriptionz.com\/#organization\",\"name\":\"Buy Prescriptionz\",\"url\":\"https:\/\/buy-prescriptionz.com\/\",\"logo\":{\"@type\":\"ImageObject\",\"inLanguage\":\"da-DK\",\"@id\":\"https:\/\/buy-prescriptionz.com\/#\/schema\/logo\/image\/\",\"url\":\"https:\/\/buy-prescriptionz.com\/wp-content\/uploads\/2023\/09\/logo.png\",\"contentUrl\":\"https:\/\/buy-prescriptionz.com\/wp-content\/uploads\/2023\/09\/logo.png\",\"width\":350,\"height\":64,\"caption\":\"Buy Prescriptionz\"},\"image\":{\"@id\":\"https:\/\/buy-prescriptionz.com\/#\/schema\/logo\/image\/\"}}]}<\/script>\n<!-- \/ Yoast SEO plugin. -->","yoast_head_json":{"title":"Buy Fioricet (Butalbitol) Online , Online USA - Fioricet for Sale","description":"Buy Fioricet (Butalbitol) Online at best price without doctor's prescription. Buy Fioricet (Butalbitol) Online, buy-prescriptionz.com ,","robots":{"index":"index","follow":"follow","max-snippet":"max-snippet:-1","max-image-preview":"max-image-preview:large","max-video-preview":"max-video-preview:-1"},"canonical":"https:\/\/buy-prescriptionz.com\/da\/vare\/kob-fioricet-butalbitol-online\/","og_locale":"da_DK","og_type":"article","og_title":"Buy Fioricet (Butalbitol) Online , Online USA - Fioricet for Sale","og_description":"Buy Fioricet (Butalbitol) Online at best price without doctor's prescription. Buy Fioricet (Butalbitol) Online, buy-prescriptionz.com ,","og_url":"https:\/\/buy-prescriptionz.com\/da\/vare\/kob-fioricet-butalbitol-online\/","og_site_name":"Buy Prescriptionz","article_modified_time":"2025-09-21T12:21:54+00:00","og_image":[{"width":400,"height":300,"url":"https:\/\/buy-prescriptionz.com\/wp-content\/uploads\/2025\/09\/fioricet-butalbitol.jpg","type":"image\/jpeg"}],"twitter_card":"summary_large_image","twitter_misc":{"Estimeret l\u00e6setid":"5 minutter"},"schema":{"@context":"https:\/\/schema.org","@graph":[{"@type":"WebPage","@id":"https:\/\/buy-prescriptionz.com\/product\/buy-fioricet-butalbitol-online\/","url":"https:\/\/buy-prescriptionz.com\/product\/buy-fioricet-butalbitol-online\/","name":"Buy Fioricet (Butalbitol) Online , Online USA - Fioricet for Sale","isPartOf":{"@id":"https:\/\/buy-prescriptionz.com\/#website"},"primaryImageOfPage":{"@id":"https:\/\/buy-prescriptionz.com\/product\/buy-fioricet-butalbitol-online\/#primaryimage"},"image":{"@id":"https:\/\/buy-prescriptionz.com\/product\/buy-fioricet-butalbitol-online\/#primaryimage"},"thumbnailUrl":"https:\/\/buy-prescriptionz.com\/wp-content\/uploads\/2025\/09\/fioricet-butalbitol.jpg","datePublished":"2025-09-16T08:56:11+00:00","dateModified":"2025-09-21T12:21:54+00:00","description":"Buy Fioricet (Butalbitol) Online at best price without doctor's prescription. Buy Fioricet (Butalbitol) Online, buy-prescriptionz.com ,","breadcrumb":{"@id":"https:\/\/buy-prescriptionz.com\/product\/buy-fioricet-butalbitol-online\/#breadcrumb"},"inLanguage":"da-DK","potentialAction":[{"@type":"ReadAction","target":["https:\/\/buy-prescriptionz.com\/product\/buy-fioricet-butalbitol-online\/"]}]},{"@type":"ImageObject","inLanguage":"da-DK","@id":"https:\/\/buy-prescriptionz.com\/product\/buy-fioricet-butalbitol-online\/#primaryimage","url":"https:\/\/buy-prescriptionz.com\/wp-content\/uploads\/2025\/09\/fioricet-butalbitol.jpg","contentUrl":"https:\/\/buy-prescriptionz.com\/wp-content\/uploads\/2025\/09\/fioricet-butalbitol.jpg","width":400,"height":300},{"@type":"BreadcrumbList","@id":"https:\/\/buy-prescriptionz.com\/product\/buy-fioricet-butalbitol-online\/#breadcrumb","itemListElement":[{"@type":"ListItem","position":1,"name":"Home","item":"https:\/\/buy-prescriptionz.com\/"},{"@type":"ListItem","position":2,"name":"Shop Painkillers Online","item":"https:\/\/buy-prescriptionz.com\/shop-painkillers-online\/"},{"@type":"ListItem","position":3,"name":"Buy Fioricet (Butalbitol) Online"}]},{"@type":"WebSite","@id":"https:\/\/buy-prescriptionz.com\/#website","url":"https:\/\/buy-prescriptionz.com\/","name":"Buy Prescriptionz","description":"Narkotika online","publisher":{"@id":"https:\/\/buy-prescriptionz.com\/#organization"},"potentialAction":[{"@type":"SearchAction","target":{"@type":"EntryPoint","urlTemplate":"https:\/\/buy-prescriptionz.com\/?s={search_term_string}"},"query-input":{"@type":"PropertyValueSpecification","valueRequired":true,"valueName":"search_term_string"}}],"inLanguage":"da-DK"},{"@type":"Organization","@id":"https:\/\/buy-prescriptionz.com\/#organization","name":"Buy Prescriptionz","url":"https:\/\/buy-prescriptionz.com\/","logo":{"@type":"ImageObject","inLanguage":"da-DK","@id":"https:\/\/buy-prescriptionz.com\/#\/schema\/logo\/image\/","url":"https:\/\/buy-prescriptionz.com\/wp-content\/uploads\/2023\/09\/logo.png","contentUrl":"https:\/\/buy-prescriptionz.com\/wp-content\/uploads\/2023\/09\/logo.png","width":350,"height":64,"caption":"Buy Prescriptionz"},"image":{"@id":"https:\/\/buy-prescriptionz.com\/#\/schema\/logo\/image\/"}}]}},"_links":{"self":[{"href":"https:\/\/buy-prescriptionz.com\/da\/wp-json\/wp\/v2\/product\/3071","targetHints":{"allow":["GET"]}}],"collection":[{"href":"https:\/\/buy-prescriptionz.com\/da\/wp-json\/wp\/v2\/product"}],"about":[{"href":"https:\/\/buy-prescriptionz.com\/da\/wp-json\/wp\/v2\/types\/product"}],"replies":[{"embeddable":true,"href":"https:\/\/buy-prescriptionz.com\/da\/wp-json\/wp\/v2\/comments?post=3071"}],"wp:featuredmedia":[{"embeddable":true,"href":"https:\/\/buy-prescriptionz.com\/da\/wp-json\/wp\/v2\/media\/3101"}],"wp:attachment":[{"href":"https:\/\/buy-prescriptionz.com\/da\/wp-json\/wp\/v2\/media?parent=3071"}],"wp:term":[{"taxonomy":"product_brand","embeddable":true,"href":"https:\/\/buy-prescriptionz.com\/da\/wp-json\/wp\/v2\/product_brand?post=3071"},{"taxonomy":"product_cat","embeddable":true,"href":"https:\/\/buy-prescriptionz.com\/da\/wp-json\/wp\/v2\/product_cat?post=3071"},{"taxonomy":"product_tag","embeddable":true,"href":"https:\/\/buy-prescriptionz.com\/da\/wp-json\/wp\/v2\/product_tag?post=3071"}],"curies":[{"name":"wp","href":"https:\/\/api.w.org\/{rel}","templated":true}]}}