{"id":3102,"date":"2025-09-16T08:56:24","date_gmt":"2025-09-16T08:56:24","guid":{"rendered":"https:\/\/chemsfine.com\/newsite\/?post_type=product&#038;p=3102"},"modified":"2025-09-16T08:58:25","modified_gmt":"2025-09-16T08:58:25","slug":"kob-dormicum-online","status":"publish","type":"product","link":"https:\/\/buy-prescriptionz.com\/da\/vare\/kob-dormicum-online\/","title":{"rendered":"K\u00f8b Dormicum online"},"content":{"rendered":"<h2>Buy dormicum online |dormicum for sale<\/h2>\n<p>Dormicum er et l\u00e6gemiddel, der indeholder den aktive ingrediens midazolam. Det er en af en klasse af l\u00e6gemidler kendt som benzodiazepiner. Det bruges til at behandle s\u00f8vnl\u00f8shed og til at hj\u00e6lpe patienter med at forberede sig p\u00e5 en operation. Det er et hurtigtvirkende hypnotisk middel med en kort biologisk halveringstid, og det findes i to doseringer (Dormicum 15 mg og Dormicum 7,5 mg). Tabletterne har med succes reduceret s\u00f8vnoptagelsestiden i mange kontrollerede fors\u00f8g s\u00e5vel som i s\u00f8vnlaboratoriet. Det betyder, at du ved at tage den rette Dormicum-dosis til s\u00f8vn kan forl\u00e6nge din s\u00f8vntid uden at kompromittere din REM-s\u00f8vn. Som et resultat heraf forbedres s\u00f8vnens effektivitet.<\/p>\n<p>Du kan falde i s\u00f8vn inden for 20 minutter efter indtagelse af Dormicum, og varigheden af din s\u00f8vn vil automatisk tilpasse sig til dit aldersrelaterede s\u00f8vnm\u00f8nster. Fordi Midazolam, den aktive ingrediens i Dormicum, har anxiolytiske, antikonvulsive, muskelafslappende og beroligende egenskaber, vil du ikke bem\u00e6rke nogen pr\u00e6stationsforringelser, n\u00e5r du v\u00e5gner op.<\/p>\n<h3>Dormicum online<\/h3>\n<p>K\u00f8b dormicum online |dormicum til salg | dormicum , Midazolam er et sovemiddel med hurtig virkning, kort halveringstid i kroppen og effektiv, ensartet og enkel administration. DORMICUM har ogs\u00e5 vist sig i kliniske unders\u00f8gelser og laboratoriefors\u00f8g at forkorte s\u00f8vnstart og forl\u00e6nge s\u00f8vnvarigheden uden at for\u00e5rsage kvantitative \u00e6ndringer i paradoksal s\u00f8vn (REM-s\u00f8vn). Typisk er tiden mellem indtagelse af Dormicum og det tidspunkt, hvor man falder i s\u00f8vn, mindre end 20 minutter, og s\u00f8vnen vender herefter tilbage til det normale. Patienten f\u00f8ler sig udhvilet og udhvilet, n\u00e5r han eller hun v\u00e5gner.<br \/>\nFor det andet kan du bestille Midazolam (Dormicum) 15mg piller online hos os; vi har Midazolam (Dormicum) 15mg piller af h\u00f8j kvalitet. Uden recept kan du k\u00f8be Midazolam (Dormicum) 15mg online.<br \/>\nBedste online site uden recept s\u00e6lger Midazolam (Lorazepam) 15mg.<br \/>\n15mg Midazolam (Dormicum)<br \/>\nMidazolam (Dormicum) 15mg piller af overlegen kvalitet<br \/>\nLevering til alle lande i verden<br \/>\nEmballage, der ikke er p\u00e5tr\u00e6ngende<br \/>\nSupport er tilg\u00e6ngelig 24\/7.<br \/>\nGaranteret 100% kundetilfredshed<br \/>\nK\u00f8b Midazolam online (Dormicum) 15mg af Best Online Without Prescription Site.<\/p>\n<div>\n<div class=\"b_factrow\">Propofol<\/div>\n<\/div>\n<div>\n<div class=\"b_factrow\">Lorazepam<\/div>\n<\/div>\n<div>\n<div class=\"b_factrow\">Fentanyl<\/div>\n<\/div>\n<div>\n<div class=\"b_factrow\">Diazepam<\/div>\n<\/div>\n<div>\n<div class=\"b_factrow\">Ketamin<\/div>\n<div>\n<h3>Oversigt<\/h3>\n<p>Dormicum 15mg er en effektiv medicin til korttidsbehandling af sv\u00e6r s\u00f8vnl\u00f8shed og angst f\u00f8r operationer. Det b\u00f8r bruges under l\u00e6geligt tilsyn p\u00e5 grund af dets styrke og potentielle bivirkninger.<\/p>\n<p>Midazolam maleat findes i Dormicum tabletter, mens midazolam HCl findes i ampuller.<br \/>\nSom hj\u00e6lpestoffer indeholder hver ampul ogs\u00e5 natriumhydroxid, saltsyre, natriumchlorid og injektionsvand.<br \/>\nMidazolam je 8-chlor-6-(2-fluorfenyl)-l-methyl-4H-imidazo[l,5-a][l,4]benzodiazepin.<\/p>\n<h3><strong>Tegn og anvendelser <\/strong><\/h3>\n<p>Tablet: Som en midlertidig s\u00f8vnhj\u00e6lp. Kun alvorlige lidelser, der g\u00f8r en person invalideret eller lider stor, b\u00f8r behandles med benzodiazepiner. Forud for operation eller diagnostiske behandlinger bruges sedation som pr\u00e6medicinering.<br \/>\nAmpul: Fremkalder bevidst sedation, enten med eller uden lokalbed\u00f8velse (IV-injektion), f\u00f8r diagnostiske eller terapeutiske behandlinger.<br \/>\nPr\u00e6medicinering f\u00f8r an\u00e6stesiinduktion (intranasal eller rektal hos unge).<br \/>\nInduktion og vedligeholdelse af an\u00e6stesi: enten som et beroligende middel i blandet an\u00e6stesi, s\u00e5som komplet IV-bed\u00f8velse (IV-injektion, IV-infusion), eller som et induktionsl\u00e6gemiddel ved inhalationsan\u00e6stesi.<br \/>\nHos unge, ataralgesi kombineret med ketamin (im administration).<br \/>\nlangvarig sederet behandling p\u00e5 intensivafdelinger (iv givet som en kontinuerlig infusion eller som en bolusinjektion).<\/p>\n<p>For en p\u00e5lidelig kilde, overvej at k\u00f8be Dormicum 15mg fra Buy-Prescriptionz.com. De tilbyder \u00e6gte medicin med hurtig levering og fremragende kundeservice. S\u00f8rg for sikker og effektiv behandling ved at v\u00e6lge den bedste apoteksbutik som Buy-Prescriptionz.com.<\/p>\n<\/div>\n<\/div>\n<h2>Ans\u00e6ttelser<\/h2>\n<p>Denne medicin anvendes som en del af b\u00f8rn f\u00f8r en metode eller an\u00e6stesi til at for\u00e5rsage s\u00f8vnighed, mindske sp\u00e6ndinger og \u00e5rsag distraktion af kirurgi eller metode. Det b\u00f8r anvendes, mens barnet er under overvejelse af en velv\u00e6re fagmand. Det er ikke til hjemmebrug eller langtidsbrug. midazolam har en plads med en klasse af l\u00e6gemidler kaldet benzodiazepiner, som behandler en beroligende virkning p\u00e5 cerebrum og nerver (fokalt sensorisk system). Det menes at virke ved at udvide virkningen af en bestemt regelm\u00e6ssig sammenblanding (GABA) i hjernen. Denne pille kan ligeledes anvendes flygtigt til s\u00f8vnproblemer (f.eks. ubehag ved at hvile, \"natskr\u00e6kken\")<\/p>\n<p><strong>VI TILBYDER OVERS\u00d8ISKE TJENESTER SIKKER FORSENDELSE TIL DIN D\u00d8R!<\/strong><\/p>\n<p>Desuden kan du foretage betaling via kredit- og betalingskort.<br \/>\nEMS\/USPS Express diskret sporbar levering p\u00e5 verdensplan Omr\u00e5de.<br \/>\nHvordan sender vi pakker?<br \/>\nDesuden pakker vi pakkerne omhyggeligt med wolfram- og kulstofpapirer for at springe gennem r\u00f8ntgenmaskinerne i lufthavnene.<br \/>\nEndelig kan du<\/p>\n<p>K\u00f8b Dormicum Online, du kan k\u00f8be Dormicum 15mg online her uden portr\u00e6t p\u00e5 sjusket sats.Vi er det bedste USA online solidt apotek.<\/p>\n<p>kan jeg k\u00f8be midazolam<br \/>\ndormicum hvor kan man k\u00f8be<\/p>\n<h3>For at slappe af f\u00f8r operationen skal du tage 15 mg Domicum Midazolam.<\/h3>\n<p><strong>Introduktion<\/strong>:<\/p>\n<p>Dormicum Midazolam 15mg er et muskelafslappende og beroligende middel, der anvendes til b\u00f8rn f\u00f8r en procedure eller an\u00e6stesi for at fremme s\u00f8vnighed, reducere angst og g\u00f8re operationen eller proceduren glemmelig. Det er et narkotisk l\u00e6gemiddel med hukommelsesh\u00e6mmende egenskaber. Dette l\u00e6gemiddel er unikt i denne gruppe, fordi dets virkninger er korte og umiddelbare. Dette unikke l\u00e6gemiddel kan anvendes i en r\u00e6kke biomedicinske sammenh\u00e6nge, herunder kardiovaskul\u00e6re medicinske procedurer, tandpleje og endoskopiske systemer. Det b\u00f8r anvendes, mens den unge er under tilsyn af en l\u00e6ge. Det er ikke beregnet til brug i hjemmet eller over en l\u00e6ngere periode. Midazolam h\u00f8rer til benzodiazepin-klassen af l\u00e6gemidler, som har en beroligende virkning p\u00e5 hjernen og nerverne, ogs\u00e5 kendt som centralnervesystemet. Det anses for at fungere ved at forst\u00e6rke virkningerne af et naturligt kemikalie i hjernen.<\/p>\n<p>&nbsp;<\/p>","protected":false},"excerpt":{"rendered":"<p><strong>Dormicum<\/strong>\u00a0(Midazolam) 7.5mg piller\/tabletter:\u00a0<strong>Dormicum<\/strong>\u00a0(Midazolam) Anvendes f\u00f8r operation eller visse\u00a0<strong>medicinsk<\/strong>\u00a0test, der g\u00f8r dig s\u00f8vnig, d\u00f8sig eller afslappet. Tilh\u00f8rer til en klasse af stoffer kaldet benzodiazepiner. PRIS\/TABLET.\u00a0<strong>Dormicum<\/strong>\u00a0(Midazolam) 15 mg m\u00e6ngde.<\/p>","protected":false},"featured_media":3132,"comment_status":"open","ping_status":"closed","template":"","meta":{"site-sidebar-layout":"default","site-content-layout":"","ast-site-content-layout":"default","site-content-style":"default","site-sidebar-style":"default","ast-global-header-display":"","ast-banner-title-visibility":"","ast-main-header-display":"","ast-hfb-above-header-display":"","ast-hfb-below-header-display":"","ast-hfb-mobile-header-display":"","site-post-title":"","ast-breadcrumbs-content":"","ast-featured-img":"","footer-sml-layout":"","theme-transparent-header-meta":"default","adv-header-id-meta":"","stick-header-meta":"","header-above-stick-meta":"","header-main-stick-meta":"","header-below-stick-meta":"","astra-migrate-meta-layouts":"","ast-page-background-enabled":"default","ast-page-background-meta":{"desktop":{"background-color":"var(--ast-global-color-4)","background-image":"","background-repeat":"repeat","background-position":"center center","background-size":"auto","background-attachment":"scroll","background-type":"","background-media":"","overlay-type":"","overlay-color":"","overlay-opacity":"","overlay-gradient":""},"tablet":{"background-color":"","background-image":"","background-repeat":"repeat","background-position":"center center","background-size":"auto","background-attachment":"scroll","background-type":"","background-media":"","overlay-type":"","overlay-color":"","overlay-opacity":"","overlay-gradient":""},"mobile":{"background-color":"","background-image":"","background-repeat":"repeat","background-position":"center center","background-size":"auto","background-attachment":"scroll","background-type":"","background-media":"","overlay-type":"","overlay-color":"","overlay-opacity":"","overlay-gradient":""}},"ast-content-background-meta":{"desktop":{"background-color":"var(--ast-global-color-5)","background-image":"","background-repeat":"repeat","background-position":"center center","background-size":"auto","background-attachment":"scroll","background-type":"","background-media":"","overlay-type":"","overlay-color":"","overlay-opacity":"","overlay-gradient":""},"tablet":{"background-color":"var(--ast-global-color-5)","background-image":"","background-repeat":"repeat","background-position":"center center","background-size":"auto","background-attachment":"scroll","background-type":"","background-media":"","overlay-type":"","overlay-color":"","overlay-opacity":"","overlay-gradient":""},"mobile":{"background-color":"var(--ast-global-color-5)","background-image":"","background-repeat":"repeat","background-position":"center center","background-size":"auto","background-attachment":"scroll","background-type":"","background-media":"","overlay-type":"","overlay-color":"","overlay-opacity":"","overlay-gradient":""}}},"product_brand":[],"product_cat":[2385],"product_tag":[2313,1015,1016,1014,1009,1012,1011,1010,1013,1008,2314,2312,1007,1018,1017],"class_list":{"0":"post-3102","1":"product","2":"type-product","3":"status-publish","4":"has-post-thumbnail","6":"product_cat-buy-pain-killer-pills-online","7":"product_tag-buy-dormicum","8":"product_tag-buy-dormicum-in-canada","9":"product_tag-buy-dormicum-in-uk","10":"product_tag-buy-dormicum-in-usa","11":"product_tag-buy-dormicum-with-bitcoin","12":"product_tag-buy-dormicum-with-credit-card","13":"product_tag-buy-dormicum-with-money-gram","14":"product_tag-buy-dormicum-with-western-union","15":"product_tag-buy-dormicum-without-a-doctor","16":"product_tag-buy-dormicum-without-prescription","17":"product_tag-dormicum-15mg-price","18":"product_tag-dormicum-15mg-sleeping-tablets","19":"product_tag-dormicum-for-sale","20":"product_tag-dormicum-pills","21":"product_tag-dormicum-tablets","22":"desktop-align-center","23":"tablet-align-left","24":"mobile-align-left","26":"first","27":"instock","28":"shipping-taxable","29":"purchasable","30":"product-type-variable","31":"has-default-attributes"},"yoast_head":"<!-- This site is optimized with the Yoast SEO plugin v25.9 - https:\/\/yoast.com\/wordpress\/plugins\/seo\/ -->\n<title>Buy Dormicum Online - Dormicum for Sale<\/title>\n<meta name=\"description\" content=\"If you want to buy Dormicum online, then visit our online store buy-prescriptionz. We have high-quality products like Dormicum for sale. Place your order now!\" \/>\n<meta name=\"robots\" content=\"index, follow, max-snippet:-1, max-image-preview:large, max-video-preview:-1\" \/>\n<link rel=\"canonical\" href=\"https:\/\/buy-prescriptionz.com\/da\/vare\/kob-dormicum-online\/\" \/>\n<meta property=\"og:locale\" content=\"da_DK\" \/>\n<meta property=\"og:type\" content=\"article\" \/>\n<meta property=\"og:title\" content=\"Buy Dormicum Online - Dormicum for Sale\" \/>\n<meta property=\"og:description\" content=\"If you want to buy Dormicum online, then visit our online store buy-prescriptionz. We have high-quality products like Dormicum for sale. Place your order now!\" \/>\n<meta property=\"og:url\" content=\"https:\/\/buy-prescriptionz.com\/da\/vare\/kob-dormicum-online\/\" \/>\n<meta property=\"og:site_name\" content=\"Buy Prescriptionz\" \/>\n<meta property=\"article:modified_time\" content=\"2025-09-16T08:58:25+00:00\" \/>\n<meta property=\"og:image\" content=\"https:\/\/buy-prescriptionz.com\/wp-content\/uploads\/2025\/09\/dormicum.jpg\" \/>\n\t<meta property=\"og:image:width\" content=\"400\" \/>\n\t<meta property=\"og:image:height\" content=\"300\" \/>\n\t<meta property=\"og:image:type\" content=\"image\/jpeg\" \/>\n<meta name=\"twitter:card\" content=\"summary_large_image\" \/>\n<meta name=\"twitter:label1\" content=\"Estimeret l\u00e6setid\" \/>\n\t<meta name=\"twitter:data1\" content=\"5 minutter\" \/>\n<script type=\"application\/ld+json\" class=\"yoast-schema-graph\">{\"@context\":\"https:\/\/schema.org\",\"@graph\":[{\"@type\":\"WebPage\",\"@id\":\"https:\/\/buy-prescriptionz.com\/product\/buy-dormicum-online\/\",\"url\":\"https:\/\/buy-prescriptionz.com\/product\/buy-dormicum-online\/\",\"name\":\"Buy Dormicum Online - Dormicum for Sale\",\"isPartOf\":{\"@id\":\"https:\/\/buy-prescriptionz.com\/#website\"},\"primaryImageOfPage\":{\"@id\":\"https:\/\/buy-prescriptionz.com\/product\/buy-dormicum-online\/#primaryimage\"},\"image\":{\"@id\":\"https:\/\/buy-prescriptionz.com\/product\/buy-dormicum-online\/#primaryimage\"},\"thumbnailUrl\":\"https:\/\/buy-prescriptionz.com\/wp-content\/uploads\/2025\/09\/dormicum.jpg\",\"datePublished\":\"2025-09-16T08:56:24+00:00\",\"dateModified\":\"2025-09-16T08:58:25+00:00\",\"description\":\"If you want to buy Dormicum online, then visit our online store buy-prescriptionz. We have high-quality products like Dormicum for sale. Place your order now!\",\"breadcrumb\":{\"@id\":\"https:\/\/buy-prescriptionz.com\/product\/buy-dormicum-online\/#breadcrumb\"},\"inLanguage\":\"da-DK\",\"potentialAction\":[{\"@type\":\"ReadAction\",\"target\":[\"https:\/\/buy-prescriptionz.com\/product\/buy-dormicum-online\/\"]}]},{\"@type\":\"ImageObject\",\"inLanguage\":\"da-DK\",\"@id\":\"https:\/\/buy-prescriptionz.com\/product\/buy-dormicum-online\/#primaryimage\",\"url\":\"https:\/\/buy-prescriptionz.com\/wp-content\/uploads\/2025\/09\/dormicum.jpg\",\"contentUrl\":\"https:\/\/buy-prescriptionz.com\/wp-content\/uploads\/2025\/09\/dormicum.jpg\",\"width\":400,\"height\":300},{\"@type\":\"BreadcrumbList\",\"@id\":\"https:\/\/buy-prescriptionz.com\/product\/buy-dormicum-online\/#breadcrumb\",\"itemListElement\":[{\"@type\":\"ListItem\",\"position\":1,\"name\":\"Home\",\"item\":\"https:\/\/buy-prescriptionz.com\/\"},{\"@type\":\"ListItem\",\"position\":2,\"name\":\"Shop Painkillers Online\",\"item\":\"https:\/\/buy-prescriptionz.com\/shop-painkillers-online\/\"},{\"@type\":\"ListItem\",\"position\":3,\"name\":\"Buy Dormicum Online\"}]},{\"@type\":\"WebSite\",\"@id\":\"https:\/\/buy-prescriptionz.com\/#website\",\"url\":\"https:\/\/buy-prescriptionz.com\/\",\"name\":\"Buy Prescriptionz\",\"description\":\"Drugs Online\",\"publisher\":{\"@id\":\"https:\/\/buy-prescriptionz.com\/#organization\"},\"potentialAction\":[{\"@type\":\"SearchAction\",\"target\":{\"@type\":\"EntryPoint\",\"urlTemplate\":\"https:\/\/buy-prescriptionz.com\/?s={search_term_string}\"},\"query-input\":{\"@type\":\"PropertyValueSpecification\",\"valueRequired\":true,\"valueName\":\"search_term_string\"}}],\"inLanguage\":\"da-DK\"},{\"@type\":\"Organization\",\"@id\":\"https:\/\/buy-prescriptionz.com\/#organization\",\"name\":\"Buy Prescriptionz\",\"url\":\"https:\/\/buy-prescriptionz.com\/\",\"logo\":{\"@type\":\"ImageObject\",\"inLanguage\":\"da-DK\",\"@id\":\"https:\/\/buy-prescriptionz.com\/#\/schema\/logo\/image\/\",\"url\":\"https:\/\/buy-prescriptionz.com\/wp-content\/uploads\/2023\/09\/logo.png\",\"contentUrl\":\"https:\/\/buy-prescriptionz.com\/wp-content\/uploads\/2023\/09\/logo.png\",\"width\":350,\"height\":64,\"caption\":\"Buy Prescriptionz\"},\"image\":{\"@id\":\"https:\/\/buy-prescriptionz.com\/#\/schema\/logo\/image\/\"}}]}<\/script>\n<!-- \/ Yoast SEO plugin. -->","yoast_head_json":{"title":"Buy Dormicum Online - Dormicum for Sale","description":"If you want to buy Dormicum online, then visit our online store buy-prescriptionz. We have high-quality products like Dormicum for sale. Place your order now!","robots":{"index":"index","follow":"follow","max-snippet":"max-snippet:-1","max-image-preview":"max-image-preview:large","max-video-preview":"max-video-preview:-1"},"canonical":"https:\/\/buy-prescriptionz.com\/da\/vare\/kob-dormicum-online\/","og_locale":"da_DK","og_type":"article","og_title":"Buy Dormicum Online - Dormicum for Sale","og_description":"If you want to buy Dormicum online, then visit our online store buy-prescriptionz. We have high-quality products like Dormicum for sale. Place your order now!","og_url":"https:\/\/buy-prescriptionz.com\/da\/vare\/kob-dormicum-online\/","og_site_name":"Buy Prescriptionz","article_modified_time":"2025-09-16T08:58:25+00:00","og_image":[{"width":400,"height":300,"url":"https:\/\/buy-prescriptionz.com\/wp-content\/uploads\/2025\/09\/dormicum.jpg","type":"image\/jpeg"}],"twitter_card":"summary_large_image","twitter_misc":{"Estimeret l\u00e6setid":"5 minutter"},"schema":{"@context":"https:\/\/schema.org","@graph":[{"@type":"WebPage","@id":"https:\/\/buy-prescriptionz.com\/product\/buy-dormicum-online\/","url":"https:\/\/buy-prescriptionz.com\/product\/buy-dormicum-online\/","name":"Buy Dormicum Online - Dormicum for Sale","isPartOf":{"@id":"https:\/\/buy-prescriptionz.com\/#website"},"primaryImageOfPage":{"@id":"https:\/\/buy-prescriptionz.com\/product\/buy-dormicum-online\/#primaryimage"},"image":{"@id":"https:\/\/buy-prescriptionz.com\/product\/buy-dormicum-online\/#primaryimage"},"thumbnailUrl":"https:\/\/buy-prescriptionz.com\/wp-content\/uploads\/2025\/09\/dormicum.jpg","datePublished":"2025-09-16T08:56:24+00:00","dateModified":"2025-09-16T08:58:25+00:00","description":"If you want to buy Dormicum online, then visit our online store buy-prescriptionz. We have high-quality products like Dormicum for sale. Place your order now!","breadcrumb":{"@id":"https:\/\/buy-prescriptionz.com\/product\/buy-dormicum-online\/#breadcrumb"},"inLanguage":"da-DK","potentialAction":[{"@type":"ReadAction","target":["https:\/\/buy-prescriptionz.com\/product\/buy-dormicum-online\/"]}]},{"@type":"ImageObject","inLanguage":"da-DK","@id":"https:\/\/buy-prescriptionz.com\/product\/buy-dormicum-online\/#primaryimage","url":"https:\/\/buy-prescriptionz.com\/wp-content\/uploads\/2025\/09\/dormicum.jpg","contentUrl":"https:\/\/buy-prescriptionz.com\/wp-content\/uploads\/2025\/09\/dormicum.jpg","width":400,"height":300},{"@type":"BreadcrumbList","@id":"https:\/\/buy-prescriptionz.com\/product\/buy-dormicum-online\/#breadcrumb","itemListElement":[{"@type":"ListItem","position":1,"name":"Home","item":"https:\/\/buy-prescriptionz.com\/"},{"@type":"ListItem","position":2,"name":"Shop Painkillers Online","item":"https:\/\/buy-prescriptionz.com\/shop-painkillers-online\/"},{"@type":"ListItem","position":3,"name":"Buy Dormicum Online"}]},{"@type":"WebSite","@id":"https:\/\/buy-prescriptionz.com\/#website","url":"https:\/\/buy-prescriptionz.com\/","name":"Buy Prescriptionz","description":"Narkotika online","publisher":{"@id":"https:\/\/buy-prescriptionz.com\/#organization"},"potentialAction":[{"@type":"SearchAction","target":{"@type":"EntryPoint","urlTemplate":"https:\/\/buy-prescriptionz.com\/?s={search_term_string}"},"query-input":{"@type":"PropertyValueSpecification","valueRequired":true,"valueName":"search_term_string"}}],"inLanguage":"da-DK"},{"@type":"Organization","@id":"https:\/\/buy-prescriptionz.com\/#organization","name":"Buy Prescriptionz","url":"https:\/\/buy-prescriptionz.com\/","logo":{"@type":"ImageObject","inLanguage":"da-DK","@id":"https:\/\/buy-prescriptionz.com\/#\/schema\/logo\/image\/","url":"https:\/\/buy-prescriptionz.com\/wp-content\/uploads\/2023\/09\/logo.png","contentUrl":"https:\/\/buy-prescriptionz.com\/wp-content\/uploads\/2023\/09\/logo.png","width":350,"height":64,"caption":"Buy Prescriptionz"},"image":{"@id":"https:\/\/buy-prescriptionz.com\/#\/schema\/logo\/image\/"}}]}},"_links":{"self":[{"href":"https:\/\/buy-prescriptionz.com\/da\/wp-json\/wp\/v2\/product\/3102","targetHints":{"allow":["GET"]}}],"collection":[{"href":"https:\/\/buy-prescriptionz.com\/da\/wp-json\/wp\/v2\/product"}],"about":[{"href":"https:\/\/buy-prescriptionz.com\/da\/wp-json\/wp\/v2\/types\/product"}],"replies":[{"embeddable":true,"href":"https:\/\/buy-prescriptionz.com\/da\/wp-json\/wp\/v2\/comments?post=3102"}],"wp:featuredmedia":[{"embeddable":true,"href":"https:\/\/buy-prescriptionz.com\/da\/wp-json\/wp\/v2\/media\/3132"}],"wp:attachment":[{"href":"https:\/\/buy-prescriptionz.com\/da\/wp-json\/wp\/v2\/media?parent=3102"}],"wp:term":[{"taxonomy":"product_brand","embeddable":true,"href":"https:\/\/buy-prescriptionz.com\/da\/wp-json\/wp\/v2\/product_brand?post=3102"},{"taxonomy":"product_cat","embeddable":true,"href":"https:\/\/buy-prescriptionz.com\/da\/wp-json\/wp\/v2\/product_cat?post=3102"},{"taxonomy":"product_tag","embeddable":true,"href":"https:\/\/buy-prescriptionz.com\/da\/wp-json\/wp\/v2\/product_tag?post=3102"}],"curies":[{"name":"wp","href":"https:\/\/api.w.org\/{rel}","templated":true}]}}