{"id":3111,"date":"2025-09-16T08:56:26","date_gmt":"2025-09-16T08:56:26","guid":{"rendered":"https:\/\/chemsfine.com\/newsite\/?post_type=product&#038;p=3111"},"modified":"2025-09-23T07:05:30","modified_gmt":"2025-09-23T07:05:30","slug":"kob-naproxen-tabletter-online","status":"publish","type":"product","link":"https:\/\/buy-prescriptionz.com\/da\/vare\/kob-naproxen-tabletter-online\/","title":{"rendered":"K\u00f8b Naproxen Tabletter online"},"content":{"rendered":"<h2>K\u00f8b Naproxen Tabletter online<\/h2>\n<p>K\u00f8b Naproxen Tabletter online, Naproxen Tabletter kan k\u00f8bes online fra et velrenommeret apotek. Fornyelse af din Naproxen recept er let med vores online privat recept service. Du skal blot udfylde vores online sp\u00f8rgeskema, som vil blive gennemg\u00e5et af vores online l\u00e6ge. Hvis Naproxen er egnet til dig, vil vores online l\u00e6ge skrive en recept til dig, som vores apotek vil udfylde. Alle produkter sendes fra vores lager i frankrig .<\/p>\n<p>Naproxen er et smertestillende middel, der ogs\u00e5 virker antiinflammatorisk. Det bruges ofte til at lindre ledsmerter, f.eks. ved reumatoid arthritis, slidgigt eller gigt.<\/p>\n<p>Naproxen 250 mg og Naproxen 500 mg kan k\u00f8bes online p\u00e5 vores online-apotek. Hvis du er usikker p\u00e5, hvilken dosis der er bedst for dig, vil vores online l\u00e6ge bestemme den passende dosis for dig.<\/p>\n<h3>Hvordan virker Naproxen?<\/h3>\n<p>Naproxen tilh\u00f8rer en klasse af l\u00e6gemidler, der er kendt som ikke-steroide antiinflammatoriske l\u00e6gemidler (NSAID'er). Disse l\u00e6gemidler bruges til at lindre smerter og bet\u00e6ndelse i hele kroppen.<\/p>\n<p>Naproxen virker ved at h\u00e6mme et enzym i din krop, der producerer stoffer, der kaldes prostaglandiner. Prostaglandiner produceres som reaktion p\u00e5 v\u00e6vsskader og for\u00e5rsager smerte og inflammation, n\u00e5r de er pr<a href=\"https:\/\/buy-prescriptionz.com\/da\/\">e<\/a>sent.<\/p>\n<p>Syntesen af prostaglandiner i kroppen s\u00e6nkes ved at blokere et bestemt enzym kaldet cyclo-oxygenase (COX), hvilket reducerer smerte og inflammation.<\/p>\n<p>Selv om du kan f\u00e5 det bedre inden for en time efter indtagelse af naproxen, kan det tage mange dage at opn\u00e5 maksimal virkning, hvis det tages dagligt.<\/p>\n<p>Looking for a convenient way to manage pain and inflammation? Naproxen tablets are a popular choice for treating conditions such as arthritis, muscle aches, and menstrual cramps. At buy-prescriptionz.com, we offer an easy and secure way to buy Naproxen tablets online.<\/p>\n<p><strong>Why to Choose Naproxen tablets?<\/strong><br \/>\nNaproxen is a nonsteroidal anti-inflammatory drug (NSAID) that helps reduce inflammation and pain. It is commonly used for:<br \/>\nArthritis relief<br \/>\nMuscle pain<br \/>\nBackache<br \/>\nMenstrual cramps<br \/>\nHeadaches<br \/>\nToothaches<\/p>\n<p>Advantages of Buying Naproxen tablets Online<br \/>\nConvenience: Buying the best Naproxen Tablets online saves you time and hassle. You can order from the comfort of your home and have the medication delivered right to your door.<\/p>\n<p>Easy Ordering Process: Our website is user-friendly, making it easy to find the medication you need and place an order. Simply add the desired product to your cart, complete the checkout process, and wait for your delivery.<\/p>\n<p>Competitive Prices: At buy-prescriptionz.com, best pharmacy store offer competitive prices on Naproxen tablets. You can find various dosages to suit your needs, all at affordable rates.<\/p>\n<p>Detailed Product Information: Where can i buy Naproxen Tablets? You can get Online best pharmacy store like buy-prescriptionz.com provide comprehensive product information, including dosage details, side effects, and usage instructions, helping you make informed decisions about your purchase.<\/p>\n<p>Discreet Packaging<\/p>\n<p>Your privacy is important. We ensure that all orders are shipped in discreet packaging, so you can receive your medication without any embarrassment or prying eyes.<\/p>\n<p>Online pharmacies often have a larger inventory than local stores, ensuring that Best Naproxen Tablets is in stock when you need it, preventing delays in your treatment.<\/p>\n<p>24\/7 Availability<br \/>\nUnlike traditional pharmacies, online pharmacies are open 24\/7. This means you can place an order at any time that is convenient for you, even outside of regular business hours.<\/p>\n<h3 id=\"desc-content-2\" class=\"arrow-right-xs arrow-down-xs\">Hvordan tager jeg Naproxen?<\/h3>\n<p>Naproxen tabletter tages to gange dagligt, sammen med eller efter et m\u00e5ltid eller en snack. Hver tablet skal tages med et glas vand og sluges hel.<\/p>\n<p>Tag s\u00e5 lidt naproxen som muligt i s\u00e5 kort tid som muligt. Under din aftale vil vores online-l\u00e6ge ordinere den dosis, der passer bedst til dig. K\u00f8b Naproxen tabletter online<\/p>\n<h3>Can I take Naproxen with other medicines?<\/h3>\n<p>You should not use naproxen with other pain medications such as ibuprofen, but you can take it with acetaminophen or an over-the-counter opioid such as tramadol for a limited duration.<\/p>\n<p>Ask your doctor or pharmacist if you are not sure what you can take with Naproxen. Please inform our online doctor of all medications you are currently taking, including those prescribed by your doctor or available over-the-counter, as well as health and herbal supplements, before buying naproxen online through our private prescription service.<\/p>\n<h2 id=\"desc-content-3\" class=\"arrow-right-xs arrow-down-xs\">Side effects and cautions<\/h2>\n<pre class=\"arrow-right-xs arrow-down-xs\">Naproxen, like any other medicine, has the potential to cause negative effects. Furthermore, Naproxen may or may not be appropriate for you or your situation. Before ordering Naproxen from Prescription Doctor, check with your doctor to be sure it is safe for you to consume.<\/pre>\n<p>Before you start taking naproxen, be sure to read the package insert that comes with your prescription. This leaflet contains important information on how to use naproxen, how to store naproxen safely, a full list of side effects, ingredients and contraindications, and what to do if you have an adverse reaction to naproxen.<\/p>\n<p>You can view the patient leaflet for Naproxen online\u00a0here.<\/p>\n<h3>Who should not take Naproxen?<\/h3>\n<p>Naproxen is not suitable for everyone. If you are unsure whether it is safe for you, speak to your doctor before you buy Naproxen online.<\/p>\n<p>Do not\u00a0take Naproxen if you:<\/p>\n<ul>\n<li>are allergic to aspirin or other NSAIDs<\/li>\n<li>are allergic to naproxen or any of the other ingredients listed in the patient information leaflet<\/li>\n<li>had two or more instances of peptic ulcers, bleeding or perforation of the stomach<\/li>\n<li>have or had stomach ulcers, duodenum ulcers, bleeding of the stomach or intestines<\/li>\n<\/ul>\n<p>If you are not sure whether any of the above apply to you, speak to your doctor.<\/p>","protected":false},"excerpt":{"rendered":"<p>Buy Naproxen Tablets Online Buy Naproxen Tablets Online, Naproxen Tablets can be bought online from a reputable UK pharmacy. Renewing your Naproxen prescription is easy with our online private prescription service. Simply complete our online questionnaire which will be reviewed by our online doctor. If Naproxen is suitable for you, our online doctor will write [&hellip;]<\/p>","protected":false},"featured_media":3143,"comment_status":"open","ping_status":"closed","template":"","meta":{"site-sidebar-layout":"default","site-content-layout":"","ast-site-content-layout":"default","site-content-style":"default","site-sidebar-style":"default","ast-global-header-display":"","ast-banner-title-visibility":"","ast-main-header-display":"","ast-hfb-above-header-display":"","ast-hfb-below-header-display":"","ast-hfb-mobile-header-display":"","site-post-title":"","ast-breadcrumbs-content":"","ast-featured-img":"","footer-sml-layout":"","theme-transparent-header-meta":"default","adv-header-id-meta":"","stick-header-meta":"","header-above-stick-meta":"","header-main-stick-meta":"","header-below-stick-meta":"","astra-migrate-meta-layouts":"set","ast-page-background-enabled":"default","ast-page-background-meta":{"desktop":{"background-color":"var(--ast-global-color-4)","background-image":"","background-repeat":"repeat","background-position":"center center","background-size":"auto","background-attachment":"scroll","background-type":"","background-media":"","overlay-type":"","overlay-color":"","overlay-opacity":"","overlay-gradient":""},"tablet":{"background-color":"","background-image":"","background-repeat":"repeat","background-position":"center center","background-size":"auto","background-attachment":"scroll","background-type":"","background-media":"","overlay-type":"","overlay-color":"","overlay-opacity":"","overlay-gradient":""},"mobile":{"background-color":"","background-image":"","background-repeat":"repeat","background-position":"center center","background-size":"auto","background-attachment":"scroll","background-type":"","background-media":"","overlay-type":"","overlay-color":"","overlay-opacity":"","overlay-gradient":""}},"ast-content-background-meta":{"desktop":{"background-color":"var(--ast-global-color-5)","background-image":"","background-repeat":"repeat","background-position":"center center","background-size":"auto","background-attachment":"scroll","background-type":"","background-media":"","overlay-type":"","overlay-color":"","overlay-opacity":"","overlay-gradient":""},"tablet":{"background-color":"var(--ast-global-color-5)","background-image":"","background-repeat":"repeat","background-position":"center center","background-size":"auto","background-attachment":"scroll","background-type":"","background-media":"","overlay-type":"","overlay-color":"","overlay-opacity":"","overlay-gradient":""},"mobile":{"background-color":"var(--ast-global-color-5)","background-image":"","background-repeat":"repeat","background-position":"center center","background-size":"auto","background-attachment":"scroll","background-type":"","background-media":"","overlay-type":"","overlay-color":"","overlay-opacity":"","overlay-gradient":""}}},"product_brand":[],"product_cat":[15,2385,2146],"product_tag":[2268,2274,2267,2266,2277,2276,2272,2269,2275,2270,2278,2273,2271],"class_list":{"0":"post-3111","1":"product","2":"type-product","3":"status-publish","4":"has-post-thumbnail","6":"product_cat-buy-prescription-drugs","7":"product_cat-buy-pain-killer-pills-online","8":"product_cat-buy-cortamethasone-50ml-online","9":"product_tag-28-naproxen-500-mg-asda-naproxen","10":"product_tag-buy-naproxen-500-mg","11":"product_tag-buy-naproxen-boots","12":"product_tag-cheap-naproxen-500-mg","13":"product_tag-naproxen-220-mg","14":"product_tag-naproxen-500-mg-price","15":"product_tag-naproxen-500-mg-tablet-price","16":"product_tag-naproxen-amazon-uk","17":"product_tag-naproxen-for-sale","18":"product_tag-naproxen-price-uk","19":"product_tag-prescription-strength-naproxe","20":"product_tag-where-can-i-buy-naproxen","21":"product_tag-wockhardt-naproxen-500-mg","22":"desktop-align-center","23":"tablet-align-left","24":"mobile-align-left","26":"first","27":"instock","28":"shipping-taxable","29":"purchasable","30":"product-type-variable","31":"has-default-attributes"},"yoast_head":"<!-- This site is optimized with the Yoast SEO plugin v25.9 - https:\/\/yoast.com\/wordpress\/plugins\/seo\/ -->\n<title>Naproxen Tablets for Sale - Buy Naproxen Tablets Online<\/title>\n<meta name=\"description\" content=\"You can get Naproxen Tablets for sale at the best rates from our online store. We are here to help you buy Naproxen Tablets online. Connect with best store in town today!\" \/>\n<meta name=\"robots\" content=\"index, follow, max-snippet:-1, max-image-preview:large, max-video-preview:-1\" \/>\n<link rel=\"canonical\" href=\"https:\/\/buy-prescriptionz.com\/da\/vare\/kob-naproxen-tabletter-online\/\" \/>\n<meta property=\"og:locale\" content=\"da_DK\" \/>\n<meta property=\"og:type\" content=\"article\" \/>\n<meta property=\"og:title\" content=\"Naproxen Tablets for Sale - Buy Naproxen Tablets Online\" \/>\n<meta property=\"og:description\" content=\"You can get Naproxen Tablets for sale at the best rates from our online store. We are here to help you buy Naproxen Tablets online. Connect with best store in town today!\" \/>\n<meta property=\"og:url\" content=\"https:\/\/buy-prescriptionz.com\/da\/vare\/kob-naproxen-tabletter-online\/\" \/>\n<meta property=\"og:site_name\" content=\"Buy Prescriptionz\" \/>\n<meta property=\"article:modified_time\" content=\"2025-09-23T07:05:30+00:00\" \/>\n<meta property=\"og:image\" content=\"https:\/\/buy-prescriptionz.com\/wp-content\/uploads\/2025\/09\/nnm.jpg\" \/>\n\t<meta property=\"og:image:width\" content=\"330\" \/>\n\t<meta property=\"og:image:height\" content=\"330\" \/>\n\t<meta property=\"og:image:type\" content=\"image\/jpeg\" \/>\n<meta name=\"twitter:card\" content=\"summary_large_image\" \/>\n<meta name=\"twitter:label1\" content=\"Estimeret l\u00e6setid\" \/>\n\t<meta name=\"twitter:data1\" content=\"4 minutter\" \/>\n<script type=\"application\/ld+json\" class=\"yoast-schema-graph\">{\"@context\":\"https:\/\/schema.org\",\"@graph\":[{\"@type\":\"WebPage\",\"@id\":\"https:\/\/buy-prescriptionz.com\/product\/buy-naproxen-tablets-online\/\",\"url\":\"https:\/\/buy-prescriptionz.com\/product\/buy-naproxen-tablets-online\/\",\"name\":\"Naproxen Tablets for Sale - Buy Naproxen Tablets Online\",\"isPartOf\":{\"@id\":\"https:\/\/buy-prescriptionz.com\/#website\"},\"primaryImageOfPage\":{\"@id\":\"https:\/\/buy-prescriptionz.com\/product\/buy-naproxen-tablets-online\/#primaryimage\"},\"image\":{\"@id\":\"https:\/\/buy-prescriptionz.com\/product\/buy-naproxen-tablets-online\/#primaryimage\"},\"thumbnailUrl\":\"https:\/\/buy-prescriptionz.com\/wp-content\/uploads\/2025\/09\/nnm.jpg\",\"datePublished\":\"2025-09-16T08:56:26+00:00\",\"dateModified\":\"2025-09-23T07:05:30+00:00\",\"description\":\"You can get Naproxen Tablets for sale at the best rates from our online store. We are here to help you buy Naproxen Tablets online. Connect with best store in town today!\",\"breadcrumb\":{\"@id\":\"https:\/\/buy-prescriptionz.com\/product\/buy-naproxen-tablets-online\/#breadcrumb\"},\"inLanguage\":\"da-DK\",\"potentialAction\":[{\"@type\":\"ReadAction\",\"target\":[\"https:\/\/buy-prescriptionz.com\/product\/buy-naproxen-tablets-online\/\"]}]},{\"@type\":\"ImageObject\",\"inLanguage\":\"da-DK\",\"@id\":\"https:\/\/buy-prescriptionz.com\/product\/buy-naproxen-tablets-online\/#primaryimage\",\"url\":\"https:\/\/buy-prescriptionz.com\/wp-content\/uploads\/2025\/09\/nnm.jpg\",\"contentUrl\":\"https:\/\/buy-prescriptionz.com\/wp-content\/uploads\/2025\/09\/nnm.jpg\",\"width\":330,\"height\":330},{\"@type\":\"BreadcrumbList\",\"@id\":\"https:\/\/buy-prescriptionz.com\/product\/buy-naproxen-tablets-online\/#breadcrumb\",\"itemListElement\":[{\"@type\":\"ListItem\",\"position\":1,\"name\":\"Home\",\"item\":\"https:\/\/buy-prescriptionz.com\/\"},{\"@type\":\"ListItem\",\"position\":2,\"name\":\"Shop Painkillers Online\",\"item\":\"https:\/\/buy-prescriptionz.com\/shop-painkillers-online\/\"},{\"@type\":\"ListItem\",\"position\":3,\"name\":\"Buy Naproxen Tablets Online\"}]},{\"@type\":\"WebSite\",\"@id\":\"https:\/\/buy-prescriptionz.com\/#website\",\"url\":\"https:\/\/buy-prescriptionz.com\/\",\"name\":\"Buy Prescriptionz\",\"description\":\"Drugs Online\",\"publisher\":{\"@id\":\"https:\/\/buy-prescriptionz.com\/#organization\"},\"potentialAction\":[{\"@type\":\"SearchAction\",\"target\":{\"@type\":\"EntryPoint\",\"urlTemplate\":\"https:\/\/buy-prescriptionz.com\/?s={search_term_string}\"},\"query-input\":{\"@type\":\"PropertyValueSpecification\",\"valueRequired\":true,\"valueName\":\"search_term_string\"}}],\"inLanguage\":\"da-DK\"},{\"@type\":\"Organization\",\"@id\":\"https:\/\/buy-prescriptionz.com\/#organization\",\"name\":\"Buy Prescriptionz\",\"url\":\"https:\/\/buy-prescriptionz.com\/\",\"logo\":{\"@type\":\"ImageObject\",\"inLanguage\":\"da-DK\",\"@id\":\"https:\/\/buy-prescriptionz.com\/#\/schema\/logo\/image\/\",\"url\":\"https:\/\/buy-prescriptionz.com\/wp-content\/uploads\/2023\/09\/logo.png\",\"contentUrl\":\"https:\/\/buy-prescriptionz.com\/wp-content\/uploads\/2023\/09\/logo.png\",\"width\":350,\"height\":64,\"caption\":\"Buy Prescriptionz\"},\"image\":{\"@id\":\"https:\/\/buy-prescriptionz.com\/#\/schema\/logo\/image\/\"}}]}<\/script>\n<!-- \/ Yoast SEO plugin. -->","yoast_head_json":{"title":"Naproxen Tablets for Sale - Buy Naproxen Tablets Online","description":"You can get Naproxen Tablets for sale at the best rates from our online store. We are here to help you buy Naproxen Tablets online. Connect with best store in town today!","robots":{"index":"index","follow":"follow","max-snippet":"max-snippet:-1","max-image-preview":"max-image-preview:large","max-video-preview":"max-video-preview:-1"},"canonical":"https:\/\/buy-prescriptionz.com\/da\/vare\/kob-naproxen-tabletter-online\/","og_locale":"da_DK","og_type":"article","og_title":"Naproxen Tablets for Sale - Buy Naproxen Tablets Online","og_description":"You can get Naproxen Tablets for sale at the best rates from our online store. We are here to help you buy Naproxen Tablets online. Connect with best store in town today!","og_url":"https:\/\/buy-prescriptionz.com\/da\/vare\/kob-naproxen-tabletter-online\/","og_site_name":"Buy Prescriptionz","article_modified_time":"2025-09-23T07:05:30+00:00","og_image":[{"width":330,"height":330,"url":"https:\/\/buy-prescriptionz.com\/wp-content\/uploads\/2025\/09\/nnm.jpg","type":"image\/jpeg"}],"twitter_card":"summary_large_image","twitter_misc":{"Estimeret l\u00e6setid":"4 minutter"},"schema":{"@context":"https:\/\/schema.org","@graph":[{"@type":"WebPage","@id":"https:\/\/buy-prescriptionz.com\/product\/buy-naproxen-tablets-online\/","url":"https:\/\/buy-prescriptionz.com\/product\/buy-naproxen-tablets-online\/","name":"Naproxen Tablets for Sale - Buy Naproxen Tablets Online","isPartOf":{"@id":"https:\/\/buy-prescriptionz.com\/#website"},"primaryImageOfPage":{"@id":"https:\/\/buy-prescriptionz.com\/product\/buy-naproxen-tablets-online\/#primaryimage"},"image":{"@id":"https:\/\/buy-prescriptionz.com\/product\/buy-naproxen-tablets-online\/#primaryimage"},"thumbnailUrl":"https:\/\/buy-prescriptionz.com\/wp-content\/uploads\/2025\/09\/nnm.jpg","datePublished":"2025-09-16T08:56:26+00:00","dateModified":"2025-09-23T07:05:30+00:00","description":"You can get Naproxen Tablets for sale at the best rates from our online store. We are here to help you buy Naproxen Tablets online. Connect with best store in town today!","breadcrumb":{"@id":"https:\/\/buy-prescriptionz.com\/product\/buy-naproxen-tablets-online\/#breadcrumb"},"inLanguage":"da-DK","potentialAction":[{"@type":"ReadAction","target":["https:\/\/buy-prescriptionz.com\/product\/buy-naproxen-tablets-online\/"]}]},{"@type":"ImageObject","inLanguage":"da-DK","@id":"https:\/\/buy-prescriptionz.com\/product\/buy-naproxen-tablets-online\/#primaryimage","url":"https:\/\/buy-prescriptionz.com\/wp-content\/uploads\/2025\/09\/nnm.jpg","contentUrl":"https:\/\/buy-prescriptionz.com\/wp-content\/uploads\/2025\/09\/nnm.jpg","width":330,"height":330},{"@type":"BreadcrumbList","@id":"https:\/\/buy-prescriptionz.com\/product\/buy-naproxen-tablets-online\/#breadcrumb","itemListElement":[{"@type":"ListItem","position":1,"name":"Home","item":"https:\/\/buy-prescriptionz.com\/"},{"@type":"ListItem","position":2,"name":"Shop Painkillers Online","item":"https:\/\/buy-prescriptionz.com\/shop-painkillers-online\/"},{"@type":"ListItem","position":3,"name":"Buy Naproxen Tablets Online"}]},{"@type":"WebSite","@id":"https:\/\/buy-prescriptionz.com\/#website","url":"https:\/\/buy-prescriptionz.com\/","name":"Buy Prescriptionz","description":"Narkotika online","publisher":{"@id":"https:\/\/buy-prescriptionz.com\/#organization"},"potentialAction":[{"@type":"SearchAction","target":{"@type":"EntryPoint","urlTemplate":"https:\/\/buy-prescriptionz.com\/?s={search_term_string}"},"query-input":{"@type":"PropertyValueSpecification","valueRequired":true,"valueName":"search_term_string"}}],"inLanguage":"da-DK"},{"@type":"Organization","@id":"https:\/\/buy-prescriptionz.com\/#organization","name":"Buy Prescriptionz","url":"https:\/\/buy-prescriptionz.com\/","logo":{"@type":"ImageObject","inLanguage":"da-DK","@id":"https:\/\/buy-prescriptionz.com\/#\/schema\/logo\/image\/","url":"https:\/\/buy-prescriptionz.com\/wp-content\/uploads\/2023\/09\/logo.png","contentUrl":"https:\/\/buy-prescriptionz.com\/wp-content\/uploads\/2023\/09\/logo.png","width":350,"height":64,"caption":"Buy Prescriptionz"},"image":{"@id":"https:\/\/buy-prescriptionz.com\/#\/schema\/logo\/image\/"}}]}},"_links":{"self":[{"href":"https:\/\/buy-prescriptionz.com\/da\/wp-json\/wp\/v2\/product\/3111","targetHints":{"allow":["GET"]}}],"collection":[{"href":"https:\/\/buy-prescriptionz.com\/da\/wp-json\/wp\/v2\/product"}],"about":[{"href":"https:\/\/buy-prescriptionz.com\/da\/wp-json\/wp\/v2\/types\/product"}],"replies":[{"embeddable":true,"href":"https:\/\/buy-prescriptionz.com\/da\/wp-json\/wp\/v2\/comments?post=3111"}],"wp:featuredmedia":[{"embeddable":true,"href":"https:\/\/buy-prescriptionz.com\/da\/wp-json\/wp\/v2\/media\/3143"}],"wp:attachment":[{"href":"https:\/\/buy-prescriptionz.com\/da\/wp-json\/wp\/v2\/media?parent=3111"}],"wp:term":[{"taxonomy":"product_brand","embeddable":true,"href":"https:\/\/buy-prescriptionz.com\/da\/wp-json\/wp\/v2\/product_brand?post=3111"},{"taxonomy":"product_cat","embeddable":true,"href":"https:\/\/buy-prescriptionz.com\/da\/wp-json\/wp\/v2\/product_cat?post=3111"},{"taxonomy":"product_tag","embeddable":true,"href":"https:\/\/buy-prescriptionz.com\/da\/wp-json\/wp\/v2\/product_tag?post=3111"}],"curies":[{"name":"wp","href":"https:\/\/api.w.org\/{rel}","templated":true}]}}