{"id":976,"date":"2019-05-08T05:42:12","date_gmt":"2019-05-08T05:42:12","guid":{"rendered":"https:\/\/buyprescriptionz.com\/?page_id=976"},"modified":"2019-05-08T05:42:12","modified_gmt":"2019-05-08T05:42:12","slug":"actavis-promethazine","status":"publish","type":"page","link":"https:\/\/buy-prescriptionz.com\/de\/actavis-promethazine\/","title":{"rendered":"Actavis Promethazine"},"content":{"rendered":"<p style=\"text-align: justify;\"><strong>Actavis Promethazin online kaufen\u00a0<\/strong>as<strong>\u00a0<\/strong>Promethazin mit Codein, das violette Getr\u00e4nk<\/p>\n<p style=\"text-align: justify;\">Promethazin ist ein urspr\u00fcngliches Antihistaminikum. Es wird zur Behandlung von \u00dcberempfindlichkeiten, Ruhest\u00f6rungen und \u00dcbelkeit eingesetzt. Es kann zur Beruhigung von Personen eingesetzt werden, die aufgeregt oder \u00e4ngstlich sind. Es ist zug\u00e4nglich durch den Mund als Sirup, als rektales Z\u00e4pfchen oder durch Infusion in einen Muskel. Jetzt,\u00a0<strong>Actavis Promethazin g\u00fcnstig kaufen\u00a0<\/strong>in 2-4 Tagen bei Ihnen zu liefern.<\/p>\n<h3 style=\"text-align: justify;\">Wissen Geschichte zu kaufen Actavis Promethazine<\/h3>\n<p style=\"text-align: justify;\">Promethazin wurde in den 1940er Jahren von einer Gruppe von Forschern aus den Laboratorien von Rh\u00f4ne-Poulenc hergestellt. Es ist ein konventionelles Medikament und weltweit unter vielen Markennamen erh\u00e4ltlich. Bei Buyprescriptionz.com bringen wir die Lieblingsmischung zu erschwinglichen Preisen zur\u00fcck auf den Markt, und das k\u00f6nnen Sie\u00a0<strong>Actavis Promethazin online bestellen.<\/strong><\/p>\n<p style=\"text-align: justify;\">Codein ist ein Beruhigungsmittel zur Schmerzbehandlung und bei Durchfall. Es wird normalerweise zur sanften Linderung starker Schmerzen eingesetzt. Mit Paracetamol (Paracetamol) oder einem mildernden nichtsteroidalen Medikament erh\u00f6ht es seinen Nutzen f\u00fcr emotionale Erfahrungen bei Kindern und Erwachsenen \u2013 Actavis<strong>\u00a0Promethazin zu verkaufen\u00a0<\/strong>bei Buyprescriptionz.com zu unglaublichen Preisen und in gro\u00dfen Mengen.<\/p>\n<h3 style=\"text-align: justify;\">Legitimierter Lieferant von Actavis Promethazine Online<\/h3>\n<p style=\"text-align: justify;\">Buyprescriptionz.com liefert das lila Getr\u00e4nk oder das Actavis Promethazine mit Codein weltweit als 5 ml pro Flasche. Du kannst\u00a0<strong>Kaufen Sie Actavis Promethazin ohne Arzt\u00a0<\/strong>bei Buyprescriptionz Online-Apotheke.<\/p>\n<p style=\"text-align: justify;\">Die Zutaten auf\u00a0<strong>kaufen\u00a0<\/strong>Von\u00a0<strong>Actavis Promethazin online:<\/strong><\/p>\n<ul style=\"text-align: justify;\">\n<li>Promethazinhydrochlorid: 6,25 mg<\/li>\n<li>Codeinphosphat: 10 mg<\/li>\n<li>Alkohol: 7 Prozent<\/li>\n<li>G\u00fcltigkeit: 2 Jahre<\/li>\n<li>Verf\u00fcgbarkeit: 1622-62-44 8 oz (150 $), 16 oz (220 $) und 32 oz (330 $)<\/li>\n<\/ul>\n<p style=\"text-align: justify;\"><strong>So kaufen Sie Actavis Promethazin online\u00a0<\/strong>Und\u00a0<strong>wo online kaufen\u00a0<\/strong>zu vern\u00fcnftigen Preisen, das muss Ihnen beim Lesen dieser Seite im Kopf herumgehen. Nun, wir haben die Verf\u00fcgbarkeit Ihres lila Lieblingsgetr\u00e4nks mit\u00a0<strong>schneller und sicherer Versandservice\u00a0<\/strong>darum geht es auch\u00a0<strong>Kauf mit diskreter Verpackung.<\/strong><\/p>\n<p style=\"text-align: justify;\">Wir haben Tee\u00a0<strong>schneller und sicherer Lieferservice\u00a0<\/strong>durch UPS, Eilzustellung, FedEx und EMS.\u00a0<strong>Ohne Rezept kaufen\u00a0<\/strong>the<strong>\u00a0<\/strong>starkes Promethazin-Hydrochlorid, das ein wei\u00dfes bis ohnm\u00e4chtig gelbes, praktisch geruchloses, kristallines Pulver ist, gemischt mit Codein. Wir behalten eine moderate Oxidation bei. Sein Hydrochloridsalz ist in Wasser l\u00f6sungsmittelhaltig und bis zu einem gewissen Grad in Fl\u00fcssigkeit l\u00f6slich.<\/p>","protected":false},"excerpt":{"rendered":"<p>Buy Actavis Promethazine online\u00a0as\u00a0Promethazine with Codeine, the purple drink Promethazine is an original antihistamine obtained. It is in use to treat hypersensitivities, trouble resting, and nausea. It might be for quieting individuals who are upset or anxious. It is accessible by mouth as a syrup, as a rectal suppository, or by infusion into a muscle. [&hellip;]<\/p>","protected":false},"author":1,"featured_media":0,"parent":0,"menu_order":0,"comment_status":"open","ping_status":"open","template":"","meta":{"site-sidebar-layout":"default","site-content-layout":"","ast-site-content-layout":"default","site-content-style":"default","site-sidebar-style":"default","ast-global-header-display":"","ast-banner-title-visibility":"","ast-main-header-display":"","ast-hfb-above-header-display":"","ast-hfb-below-header-display":"","ast-hfb-mobile-header-display":"","site-post-title":"","ast-breadcrumbs-content":"","ast-featured-img":"","footer-sml-layout":"","theme-transparent-header-meta":"","adv-header-id-meta":"","stick-header-meta":"","header-above-stick-meta":"","header-main-stick-meta":"","header-below-stick-meta":"","astra-migrate-meta-layouts":"default","ast-page-background-enabled":"default","ast-page-background-meta":{"desktop":{"background-color":"var(--ast-global-color-4)","background-image":"","background-repeat":"repeat","background-position":"center center","background-size":"auto","background-attachment":"scroll","background-type":"","background-media":"","overlay-type":"","overlay-color":"","overlay-opacity":"","overlay-gradient":""},"tablet":{"background-color":"","background-image":"","background-repeat":"repeat","background-position":"center center","background-size":"auto","background-attachment":"scroll","background-type":"","background-media":"","overlay-type":"","overlay-color":"","overlay-opacity":"","overlay-gradient":""},"mobile":{"background-color":"","background-image":"","background-repeat":"repeat","background-position":"center center","background-size":"auto","background-attachment":"scroll","background-type":"","background-media":"","overlay-type":"","overlay-color":"","overlay-opacity":"","overlay-gradient":""}},"ast-content-background-meta":{"desktop":{"background-color":"var(--ast-global-color-5)","background-image":"","background-repeat":"repeat","background-position":"center center","background-size":"auto","background-attachment":"scroll","background-type":"","background-media":"","overlay-type":"","overlay-color":"","overlay-opacity":"","overlay-gradient":""},"tablet":{"background-color":"var(--ast-global-color-5)","background-image":"","background-repeat":"repeat","background-position":"center center","background-size":"auto","background-attachment":"scroll","background-type":"","background-media":"","overlay-type":"","overlay-color":"","overlay-opacity":"","overlay-gradient":""},"mobile":{"background-color":"var(--ast-global-color-5)","background-image":"","background-repeat":"repeat","background-position":"center center","background-size":"auto","background-attachment":"scroll","background-type":"","background-media":"","overlay-type":"","overlay-color":"","overlay-opacity":"","overlay-gradient":""}},"footnotes":""},"class_list":["post-976","page","type-page","status-publish","hentry"],"yoast_head":"<!-- This site is optimized with the Yoast SEO plugin v25.9 - https:\/\/yoast.com\/wordpress\/plugins\/seo\/ -->\n<title>Actavis Promethazine - Buy Prescriptionz<\/title>\n<meta name=\"robots\" content=\"index, follow, max-snippet:-1, max-image-preview:large, max-video-preview:-1\" \/>\n<link rel=\"canonical\" href=\"https:\/\/buy-prescriptionz.com\/de\/actavis-promethazine\/\" \/>\n<meta property=\"og:locale\" content=\"de_DE\" \/>\n<meta property=\"og:type\" content=\"article\" \/>\n<meta property=\"og:title\" content=\"Actavis Promethazine - Buy Prescriptionz\" \/>\n<meta property=\"og:description\" content=\"Buy Actavis Promethazine online\u00a0as\u00a0Promethazine with Codeine, the purple drink Promethazine is an original antihistamine obtained. It is in use to treat hypersensitivities, trouble resting, and nausea. It might be for quieting individuals who are upset or anxious. It is accessible by mouth as a syrup, as a rectal suppository, or by infusion into a muscle. [&hellip;]\" \/>\n<meta property=\"og:url\" content=\"https:\/\/buy-prescriptionz.com\/de\/actavis-promethazine\/\" \/>\n<meta property=\"og:site_name\" content=\"Buy Prescriptionz\" \/>\n<meta name=\"twitter:card\" content=\"summary_large_image\" \/>\n<meta name=\"twitter:label1\" content=\"Gesch\u00e4tzte Lesezeit\" \/>\n\t<meta name=\"twitter:data1\" content=\"2\u00a0Minuten\" \/>\n<script type=\"application\/ld+json\" class=\"yoast-schema-graph\">{\"@context\":\"https:\/\/schema.org\",\"@graph\":[{\"@type\":\"WebPage\",\"@id\":\"https:\/\/buy-prescriptionz.com\/actavis-promethazine\/\",\"url\":\"https:\/\/buy-prescriptionz.com\/actavis-promethazine\/\",\"name\":\"Actavis Promethazine - Buy Prescriptionz\",\"isPartOf\":{\"@id\":\"https:\/\/buy-prescriptionz.com\/#website\"},\"datePublished\":\"2019-05-08T05:42:12+00:00\",\"breadcrumb\":{\"@id\":\"https:\/\/buy-prescriptionz.com\/actavis-promethazine\/#breadcrumb\"},\"inLanguage\":\"de\",\"potentialAction\":[{\"@type\":\"ReadAction\",\"target\":[\"https:\/\/buy-prescriptionz.com\/actavis-promethazine\/\"]}]},{\"@type\":\"BreadcrumbList\",\"@id\":\"https:\/\/buy-prescriptionz.com\/actavis-promethazine\/#breadcrumb\",\"itemListElement\":[{\"@type\":\"ListItem\",\"position\":1,\"name\":\"Home\",\"item\":\"https:\/\/buy-prescriptionz.com\/\"},{\"@type\":\"ListItem\",\"position\":2,\"name\":\"Actavis Promethazine\"}]},{\"@type\":\"WebSite\",\"@id\":\"https:\/\/buy-prescriptionz.com\/#website\",\"url\":\"https:\/\/buy-prescriptionz.com\/\",\"name\":\"Buy Prescriptionz\",\"description\":\"Drugs Online\",\"publisher\":{\"@id\":\"https:\/\/buy-prescriptionz.com\/#organization\"},\"potentialAction\":[{\"@type\":\"SearchAction\",\"target\":{\"@type\":\"EntryPoint\",\"urlTemplate\":\"https:\/\/buy-prescriptionz.com\/?s={search_term_string}\"},\"query-input\":{\"@type\":\"PropertyValueSpecification\",\"valueRequired\":true,\"valueName\":\"search_term_string\"}}],\"inLanguage\":\"de\"},{\"@type\":\"Organization\",\"@id\":\"https:\/\/buy-prescriptionz.com\/#organization\",\"name\":\"Buy Prescriptionz\",\"url\":\"https:\/\/buy-prescriptionz.com\/\",\"logo\":{\"@type\":\"ImageObject\",\"inLanguage\":\"de\",\"@id\":\"https:\/\/buy-prescriptionz.com\/#\/schema\/logo\/image\/\",\"url\":\"https:\/\/buy-prescriptionz.com\/wp-content\/uploads\/2023\/09\/logo.png\",\"contentUrl\":\"https:\/\/buy-prescriptionz.com\/wp-content\/uploads\/2023\/09\/logo.png\",\"width\":350,\"height\":64,\"caption\":\"Buy Prescriptionz\"},\"image\":{\"@id\":\"https:\/\/buy-prescriptionz.com\/#\/schema\/logo\/image\/\"}}]}<\/script>\n<!-- \/ Yoast SEO plugin. -->","yoast_head_json":{"title":"Actavis Promethazine - Buy Prescriptionz","robots":{"index":"index","follow":"follow","max-snippet":"max-snippet:-1","max-image-preview":"max-image-preview:large","max-video-preview":"max-video-preview:-1"},"canonical":"https:\/\/buy-prescriptionz.com\/de\/actavis-promethazine\/","og_locale":"de_DE","og_type":"article","og_title":"Actavis Promethazine - Buy Prescriptionz","og_description":"Buy Actavis Promethazine online\u00a0as\u00a0Promethazine with Codeine, the purple drink Promethazine is an original antihistamine obtained. It is in use to treat hypersensitivities, trouble resting, and nausea. It might be for quieting individuals who are upset or anxious. It is accessible by mouth as a syrup, as a rectal suppository, or by infusion into a muscle. [&hellip;]","og_url":"https:\/\/buy-prescriptionz.com\/de\/actavis-promethazine\/","og_site_name":"Buy Prescriptionz","twitter_card":"summary_large_image","twitter_misc":{"Gesch\u00e4tzte Lesezeit":"2\u00a0Minuten"},"schema":{"@context":"https:\/\/schema.org","@graph":[{"@type":"WebPage","@id":"https:\/\/buy-prescriptionz.com\/actavis-promethazine\/","url":"https:\/\/buy-prescriptionz.com\/actavis-promethazine\/","name":"Actavis Promethazine - Buy Prescriptionz","isPartOf":{"@id":"https:\/\/buy-prescriptionz.com\/#website"},"datePublished":"2019-05-08T05:42:12+00:00","breadcrumb":{"@id":"https:\/\/buy-prescriptionz.com\/actavis-promethazine\/#breadcrumb"},"inLanguage":"de","potentialAction":[{"@type":"ReadAction","target":["https:\/\/buy-prescriptionz.com\/actavis-promethazine\/"]}]},{"@type":"BreadcrumbList","@id":"https:\/\/buy-prescriptionz.com\/actavis-promethazine\/#breadcrumb","itemListElement":[{"@type":"ListItem","position":1,"name":"Home","item":"https:\/\/buy-prescriptionz.com\/"},{"@type":"ListItem","position":2,"name":"Actavis Promethazine"}]},{"@type":"WebSite","@id":"https:\/\/buy-prescriptionz.com\/#website","url":"https:\/\/buy-prescriptionz.com\/","name":"Kaufen Prescriptionz","description":"Online-Drogen","publisher":{"@id":"https:\/\/buy-prescriptionz.com\/#organization"},"potentialAction":[{"@type":"SearchAction","target":{"@type":"EntryPoint","urlTemplate":"https:\/\/buy-prescriptionz.com\/?s={search_term_string}"},"query-input":{"@type":"PropertyValueSpecification","valueRequired":true,"valueName":"search_term_string"}}],"inLanguage":"de"},{"@type":"Organization","@id":"https:\/\/buy-prescriptionz.com\/#organization","name":"Kaufen Prescriptionz","url":"https:\/\/buy-prescriptionz.com\/","logo":{"@type":"ImageObject","inLanguage":"de","@id":"https:\/\/buy-prescriptionz.com\/#\/schema\/logo\/image\/","url":"https:\/\/buy-prescriptionz.com\/wp-content\/uploads\/2023\/09\/logo.png","contentUrl":"https:\/\/buy-prescriptionz.com\/wp-content\/uploads\/2023\/09\/logo.png","width":350,"height":64,"caption":"Buy Prescriptionz"},"image":{"@id":"https:\/\/buy-prescriptionz.com\/#\/schema\/logo\/image\/"}}]}},"_links":{"self":[{"href":"https:\/\/buy-prescriptionz.com\/de\/wp-json\/wp\/v2\/pages\/976","targetHints":{"allow":["GET"]}}],"collection":[{"href":"https:\/\/buy-prescriptionz.com\/de\/wp-json\/wp\/v2\/pages"}],"about":[{"href":"https:\/\/buy-prescriptionz.com\/de\/wp-json\/wp\/v2\/types\/page"}],"author":[{"embeddable":true,"href":"https:\/\/buy-prescriptionz.com\/de\/wp-json\/wp\/v2\/users\/1"}],"replies":[{"embeddable":true,"href":"https:\/\/buy-prescriptionz.com\/de\/wp-json\/wp\/v2\/comments?post=976"}],"version-history":[{"count":0,"href":"https:\/\/buy-prescriptionz.com\/de\/wp-json\/wp\/v2\/pages\/976\/revisions"}],"wp:attachment":[{"href":"https:\/\/buy-prescriptionz.com\/de\/wp-json\/wp\/v2\/media?parent=976"}],"curies":[{"name":"wp","href":"https:\/\/api.w.org\/{rel}","templated":true}]}}