{"id":978,"date":"2019-05-08T05:46:53","date_gmt":"2019-05-08T05:46:53","guid":{"rendered":"https:\/\/buyprescriptionz.com\/?page_id=978"},"modified":"2019-05-08T05:46:53","modified_gmt":"2019-05-08T05:46:53","slug":"ayurvedic-urea","status":"publish","type":"page","link":"https:\/\/buy-prescriptionz.com\/de\/ayurvedic-urea\/","title":{"rendered":"Ayurvedischer Harnstoff"},"content":{"rendered":"<h3 style=\"text-align: justify;\">Was ist ayurvedischer Harnstoff bei Buyprescriptionz Pharmacy?<\/h3>\n<p style=\"text-align: justify;\">Ayurvedischer Harnstoff ist das weltweit erh\u00e4ltliche Medikament zur Erh\u00f6hung der K\u00f6rpergr\u00f6\u00dfe, das keine Nebenwirkungen hat, aber im Alter von 16 bis 40 Jahren nur begrenzt wirksam ist. Du kannst\u00a0<strong>Kaufen Sie Ayurveda-Harnstoff online\u00a0<\/strong>in Fl\u00fcssigkeit und Pulver, und es ist m\u00f6glicherweise nicht billig.<\/p>\n<p style=\"text-align: justify;\"><strong>Dhatrumurgasiniy: Magisches Kraut aus dem Himalaya<\/strong><\/p>\n<p style=\"text-align: justify;\"><strong>Kaufen Sie ayurvedischen Harnstoff\u00a0<\/strong>mit dem magischen Kraut als Hauptzutat. Es gilt als eines der seltensten Kr\u00e4uter, die in der dichten Wildnis des Himalayas rund um Nepal, S\u00fcdasien, zu finden sind. wir haben\u00a0<strong>Ayurvedischer Harnstoff online\u00a0<\/strong>zu erschwinglichen Preisen.<\/p>\n<p style=\"text-align: justify;\"><strong>Ayurvedischer Harnstoff zum Verkauf von\u00a0<\/strong>S\u00fcdasiens magische Heimat von Kr\u00e4utern und brutzelnder Biodiversit\u00e4t als das Beste f\u00fcr die Augen. Dhatrumurgasiniy ist ein teures Kraut, das gefunden wird und nicht als Safran erh\u00e4ltlich ist.\u00a0<strong>Wie man ayurvedischen Urea online kauft,\u00a0<\/strong>Es ist ganz einfach, bestellen Sie Ihre Menge bei buy-prescriptionz.com.<\/p>\n<p style=\"text-align: justify;\"><strong>Erhalten Sie Ma\u00dfnahmen: Hauptbestandteil des ayurvedischen Harnstoffs<\/strong><\/p>\n<p style=\"text-align: justify;\">Dies ist m\u00f6glicherweise die beste Option f\u00fcr Sie, um dies zu erfahren\u00a0<strong>wo kann man ayurvedischen Urea online kaufen<\/strong>\u00a0mit einer konsolidierten Anstrengung des offiziellen Anbieters von Ayurvedic Urea bei buy-prescriptionz.com. Bei uns k\u00f6nnen Sie\u00a0<strong>Kaufen Sie Ayurveda Urea ohne Rezept\u00a0<\/strong>Und<strong>\u00a0ein Arzt\u00a0<\/strong>in jeder gew\u00fcnschten Menge und Qualit\u00e4t.<\/p>\n<h3 style=\"text-align: justify;\">Wie wirkt ayurvedischer Harnstoff, wenn er online gekauft wird?<\/h3>\n<p style=\"text-align: justify;\">Ayurvedischer Harnstoff wirkt, indem er das Wachstum von Zellen in menschlichen Knochen und die Bildung neuer Zellen in Knochen unterst\u00fctzt.<\/p>\n<p style=\"text-align: justify;\">Die fokussierten Bereiche geh\u00f6ren Ihnen\u00a0<strong>Auftr\u00e4ge\u00a0<\/strong>Von\u00a0<strong>Ayurvedischer Harnstoff online<\/strong>\u00a0sind Beine (maximal 5 Zoll), R\u00fcckenmark (maximal 3 Zoll) und Nacken (maximal 1 Zoll).<\/p>\n<p style=\"text-align: justify;\"><strong>Unser ayurvedischer Harnstoff ist als Pulver, Fl\u00fcssigkeit und Kr\u00e4uter erh\u00e4ltlich und besteht aus Mikroben, die bei der schnellen Bildung von Knochenzellen helfen. Diese Mikroben werden auf folgende Weise im Wechsel mit Dhatrumurgasiniy gesehen:<\/strong><\/p>\n<ul style=\"text-align: justify;\">\n<li>Konservatives Gewebe<\/li>\n<li>Spongiosa<\/li>\n<li>Subchondrales Gewebe<\/li>\n<li>Osteoblasten<\/li>\n<li>Osteoklasten<\/li>\n<li>Osteozyt<\/li>\n<li>H\u00e4matopoetisch<\/li>\n<\/ul>\n<p style=\"text-align: justify;\">Die Einnahmemenge, um sich auf Ihr Ziel zu konzentrieren und es zu erreichen\u00a0<strong>Kaufen Sie ayurvedischen Harnstoff online zu einem g\u00fcnstigen Preis mit diskreter Verpackung\u00a0<\/strong>und mit<strong>\u00a0schneller und sicherer Versandservice.<\/strong><\/p>\n<p style=\"text-align: justify;\"><strong>Wir liefern die Medikamente mit unserem schnellen und sicheren Lieferservice in folgender Menge und Preis:<\/strong><\/p>\n<ul>\n<li style=\"text-align: justify;\">2 Zoll (10 kg) = 1500 $<\/li>\n<li style=\"text-align: justify;\">4 Zoll (25 kg) = 2500 $<\/li>\n<li style=\"text-align: justify;\">6 Zoll (42 kg) = 4000 $<\/li>\n<li style=\"text-align: justify;\">8 Zoll (56 kg) = 6000 $<\/li>\n<\/ul>","protected":false},"excerpt":{"rendered":"<p>What is Ayurvedic Urea at Buyprescriptionz Pharmacy? Ayurvedic Urea is the legit height increasing medication available in the world that has no side-effects, but it has limited working on age from 16-40 years. You can\u00a0buy Ayurvedic Urea online\u00a0in liquid and powder, and it may not come cheap. Dhatrumurgasiniy: Magical Herb from the Himalayas Buy Ayurvedic [&hellip;]<\/p>","protected":false},"author":1,"featured_media":0,"parent":0,"menu_order":0,"comment_status":"open","ping_status":"open","template":"","meta":{"site-sidebar-layout":"default","site-content-layout":"","ast-site-content-layout":"default","site-content-style":"default","site-sidebar-style":"default","ast-global-header-display":"","ast-banner-title-visibility":"","ast-main-header-display":"","ast-hfb-above-header-display":"","ast-hfb-below-header-display":"","ast-hfb-mobile-header-display":"","site-post-title":"","ast-breadcrumbs-content":"","ast-featured-img":"","footer-sml-layout":"","theme-transparent-header-meta":"","adv-header-id-meta":"","stick-header-meta":"","header-above-stick-meta":"","header-main-stick-meta":"","header-below-stick-meta":"","astra-migrate-meta-layouts":"default","ast-page-background-enabled":"default","ast-page-background-meta":{"desktop":{"background-color":"var(--ast-global-color-4)","background-image":"","background-repeat":"repeat","background-position":"center center","background-size":"auto","background-attachment":"scroll","background-type":"","background-media":"","overlay-type":"","overlay-color":"","overlay-opacity":"","overlay-gradient":""},"tablet":{"background-color":"","background-image":"","background-repeat":"repeat","background-position":"center center","background-size":"auto","background-attachment":"scroll","background-type":"","background-media":"","overlay-type":"","overlay-color":"","overlay-opacity":"","overlay-gradient":""},"mobile":{"background-color":"","background-image":"","background-repeat":"repeat","background-position":"center center","background-size":"auto","background-attachment":"scroll","background-type":"","background-media":"","overlay-type":"","overlay-color":"","overlay-opacity":"","overlay-gradient":""}},"ast-content-background-meta":{"desktop":{"background-color":"var(--ast-global-color-5)","background-image":"","background-repeat":"repeat","background-position":"center center","background-size":"auto","background-attachment":"scroll","background-type":"","background-media":"","overlay-type":"","overlay-color":"","overlay-opacity":"","overlay-gradient":""},"tablet":{"background-color":"var(--ast-global-color-5)","background-image":"","background-repeat":"repeat","background-position":"center center","background-size":"auto","background-attachment":"scroll","background-type":"","background-media":"","overlay-type":"","overlay-color":"","overlay-opacity":"","overlay-gradient":""},"mobile":{"background-color":"var(--ast-global-color-5)","background-image":"","background-repeat":"repeat","background-position":"center center","background-size":"auto","background-attachment":"scroll","background-type":"","background-media":"","overlay-type":"","overlay-color":"","overlay-opacity":"","overlay-gradient":""}},"footnotes":""},"class_list":["post-978","page","type-page","status-publish","hentry"],"yoast_head":"<!-- This site is optimized with the Yoast SEO plugin v25.9 - https:\/\/yoast.com\/wordpress\/plugins\/seo\/ -->\n<title>Ayurvedic Urea - Buy Prescriptionz<\/title>\n<meta name=\"robots\" content=\"index, follow, max-snippet:-1, max-image-preview:large, max-video-preview:-1\" \/>\n<link rel=\"canonical\" href=\"https:\/\/buy-prescriptionz.com\/de\/ayurvedic-urea\/\" \/>\n<meta property=\"og:locale\" content=\"de_DE\" \/>\n<meta property=\"og:type\" content=\"article\" \/>\n<meta property=\"og:title\" content=\"Ayurvedic Urea - Buy Prescriptionz\" \/>\n<meta property=\"og:description\" content=\"What is Ayurvedic Urea at Buyprescriptionz Pharmacy? Ayurvedic Urea is the legit height increasing medication available in the world that has no side-effects, but it has limited working on age from 16-40 years. You can\u00a0buy Ayurvedic Urea online\u00a0in liquid and powder, and it may not come cheap. Dhatrumurgasiniy: Magical Herb from the Himalayas Buy Ayurvedic [&hellip;]\" \/>\n<meta property=\"og:url\" content=\"https:\/\/buy-prescriptionz.com\/de\/ayurvedic-urea\/\" \/>\n<meta property=\"og:site_name\" content=\"Buy Prescriptionz\" \/>\n<meta name=\"twitter:card\" content=\"summary_large_image\" \/>\n<meta name=\"twitter:label1\" content=\"Gesch\u00e4tzte Lesezeit\" \/>\n\t<meta name=\"twitter:data1\" content=\"2\u00a0Minuten\" \/>\n<script type=\"application\/ld+json\" class=\"yoast-schema-graph\">{\"@context\":\"https:\/\/schema.org\",\"@graph\":[{\"@type\":\"WebPage\",\"@id\":\"https:\/\/buy-prescriptionz.com\/ayurvedic-urea\/\",\"url\":\"https:\/\/buy-prescriptionz.com\/ayurvedic-urea\/\",\"name\":\"Ayurvedic Urea - Buy Prescriptionz\",\"isPartOf\":{\"@id\":\"https:\/\/buy-prescriptionz.com\/#website\"},\"datePublished\":\"2019-05-08T05:46:53+00:00\",\"breadcrumb\":{\"@id\":\"https:\/\/buy-prescriptionz.com\/ayurvedic-urea\/#breadcrumb\"},\"inLanguage\":\"de\",\"potentialAction\":[{\"@type\":\"ReadAction\",\"target\":[\"https:\/\/buy-prescriptionz.com\/ayurvedic-urea\/\"]}]},{\"@type\":\"BreadcrumbList\",\"@id\":\"https:\/\/buy-prescriptionz.com\/ayurvedic-urea\/#breadcrumb\",\"itemListElement\":[{\"@type\":\"ListItem\",\"position\":1,\"name\":\"Home\",\"item\":\"https:\/\/buy-prescriptionz.com\/\"},{\"@type\":\"ListItem\",\"position\":2,\"name\":\"Ayurvedic Urea\"}]},{\"@type\":\"WebSite\",\"@id\":\"https:\/\/buy-prescriptionz.com\/#website\",\"url\":\"https:\/\/buy-prescriptionz.com\/\",\"name\":\"Buy Prescriptionz\",\"description\":\"Drugs Online\",\"publisher\":{\"@id\":\"https:\/\/buy-prescriptionz.com\/#organization\"},\"potentialAction\":[{\"@type\":\"SearchAction\",\"target\":{\"@type\":\"EntryPoint\",\"urlTemplate\":\"https:\/\/buy-prescriptionz.com\/?s={search_term_string}\"},\"query-input\":{\"@type\":\"PropertyValueSpecification\",\"valueRequired\":true,\"valueName\":\"search_term_string\"}}],\"inLanguage\":\"de\"},{\"@type\":\"Organization\",\"@id\":\"https:\/\/buy-prescriptionz.com\/#organization\",\"name\":\"Buy Prescriptionz\",\"url\":\"https:\/\/buy-prescriptionz.com\/\",\"logo\":{\"@type\":\"ImageObject\",\"inLanguage\":\"de\",\"@id\":\"https:\/\/buy-prescriptionz.com\/#\/schema\/logo\/image\/\",\"url\":\"https:\/\/buy-prescriptionz.com\/wp-content\/uploads\/2023\/09\/logo.png\",\"contentUrl\":\"https:\/\/buy-prescriptionz.com\/wp-content\/uploads\/2023\/09\/logo.png\",\"width\":350,\"height\":64,\"caption\":\"Buy Prescriptionz\"},\"image\":{\"@id\":\"https:\/\/buy-prescriptionz.com\/#\/schema\/logo\/image\/\"}}]}<\/script>\n<!-- \/ Yoast SEO plugin. -->","yoast_head_json":{"title":"Ayurvedic Urea - Buy Prescriptionz","robots":{"index":"index","follow":"follow","max-snippet":"max-snippet:-1","max-image-preview":"max-image-preview:large","max-video-preview":"max-video-preview:-1"},"canonical":"https:\/\/buy-prescriptionz.com\/de\/ayurvedic-urea\/","og_locale":"de_DE","og_type":"article","og_title":"Ayurvedic Urea - Buy Prescriptionz","og_description":"What is Ayurvedic Urea at Buyprescriptionz Pharmacy? Ayurvedic Urea is the legit height increasing medication available in the world that has no side-effects, but it has limited working on age from 16-40 years. You can\u00a0buy Ayurvedic Urea online\u00a0in liquid and powder, and it may not come cheap. Dhatrumurgasiniy: Magical Herb from the Himalayas Buy Ayurvedic [&hellip;]","og_url":"https:\/\/buy-prescriptionz.com\/de\/ayurvedic-urea\/","og_site_name":"Buy Prescriptionz","twitter_card":"summary_large_image","twitter_misc":{"Gesch\u00e4tzte Lesezeit":"2\u00a0Minuten"},"schema":{"@context":"https:\/\/schema.org","@graph":[{"@type":"WebPage","@id":"https:\/\/buy-prescriptionz.com\/ayurvedic-urea\/","url":"https:\/\/buy-prescriptionz.com\/ayurvedic-urea\/","name":"Ayurvedic Urea - Buy Prescriptionz","isPartOf":{"@id":"https:\/\/buy-prescriptionz.com\/#website"},"datePublished":"2019-05-08T05:46:53+00:00","breadcrumb":{"@id":"https:\/\/buy-prescriptionz.com\/ayurvedic-urea\/#breadcrumb"},"inLanguage":"de","potentialAction":[{"@type":"ReadAction","target":["https:\/\/buy-prescriptionz.com\/ayurvedic-urea\/"]}]},{"@type":"BreadcrumbList","@id":"https:\/\/buy-prescriptionz.com\/ayurvedic-urea\/#breadcrumb","itemListElement":[{"@type":"ListItem","position":1,"name":"Home","item":"https:\/\/buy-prescriptionz.com\/"},{"@type":"ListItem","position":2,"name":"Ayurvedic Urea"}]},{"@type":"WebSite","@id":"https:\/\/buy-prescriptionz.com\/#website","url":"https:\/\/buy-prescriptionz.com\/","name":"Kaufen Prescriptionz","description":"Online-Drogen","publisher":{"@id":"https:\/\/buy-prescriptionz.com\/#organization"},"potentialAction":[{"@type":"SearchAction","target":{"@type":"EntryPoint","urlTemplate":"https:\/\/buy-prescriptionz.com\/?s={search_term_string}"},"query-input":{"@type":"PropertyValueSpecification","valueRequired":true,"valueName":"search_term_string"}}],"inLanguage":"de"},{"@type":"Organization","@id":"https:\/\/buy-prescriptionz.com\/#organization","name":"Kaufen Prescriptionz","url":"https:\/\/buy-prescriptionz.com\/","logo":{"@type":"ImageObject","inLanguage":"de","@id":"https:\/\/buy-prescriptionz.com\/#\/schema\/logo\/image\/","url":"https:\/\/buy-prescriptionz.com\/wp-content\/uploads\/2023\/09\/logo.png","contentUrl":"https:\/\/buy-prescriptionz.com\/wp-content\/uploads\/2023\/09\/logo.png","width":350,"height":64,"caption":"Buy Prescriptionz"},"image":{"@id":"https:\/\/buy-prescriptionz.com\/#\/schema\/logo\/image\/"}}]}},"_links":{"self":[{"href":"https:\/\/buy-prescriptionz.com\/de\/wp-json\/wp\/v2\/pages\/978","targetHints":{"allow":["GET"]}}],"collection":[{"href":"https:\/\/buy-prescriptionz.com\/de\/wp-json\/wp\/v2\/pages"}],"about":[{"href":"https:\/\/buy-prescriptionz.com\/de\/wp-json\/wp\/v2\/types\/page"}],"author":[{"embeddable":true,"href":"https:\/\/buy-prescriptionz.com\/de\/wp-json\/wp\/v2\/users\/1"}],"replies":[{"embeddable":true,"href":"https:\/\/buy-prescriptionz.com\/de\/wp-json\/wp\/v2\/comments?post=978"}],"version-history":[{"count":0,"href":"https:\/\/buy-prescriptionz.com\/de\/wp-json\/wp\/v2\/pages\/978\/revisions"}],"wp:attachment":[{"href":"https:\/\/buy-prescriptionz.com\/de\/wp-json\/wp\/v2\/media?parent=978"}],"curies":[{"name":"wp","href":"https:\/\/api.w.org\/{rel}","templated":true}]}}