{"id":988,"date":"2019-05-08T05:55:38","date_gmt":"2019-05-08T05:55:38","guid":{"rendered":"https:\/\/buyprescriptionz.com\/?page_id=988"},"modified":"2019-10-08T10:25:46","modified_gmt":"2019-10-08T10:25:46","slug":"shipping-policy","status":"publish","type":"page","link":"https:\/\/buy-prescriptionz.com\/de\/shipping-policy\/","title":{"rendered":"Versandbedingungen"},"content":{"rendered":"<h1>Schmerzmittel online kaufen<\/h1>\n<p style=\"text-align: justify;\">Buyprescriptionz Pharmacy bietet Airmail Express Mailing Service, DHL, USPS, EMS Shipping Service und FedEx f\u00fcr Ihre Online-Bestellung mit schnellem und sicherem Lieferservice.<\/p>\n<p style=\"text-align: justify;\">Derzeit bieten wir zwei verschiedene Versandmethoden an, und zwar die Expresslieferung und die regul\u00e4re Lieferung f\u00fcr Ihren Online-Einkauf.<\/p>\n<p style=\"text-align: justify;\">Bei der Expresslieferung kann das Paket in den USA nur innerhalb von 24 Stunden versandt werden, nachdem die Zahlung best\u00e4tigt wurde und es sich im teuren Lieferfenster befindet.<\/p>\n<p style=\"text-align: justify;\">Bei der regul\u00e4ren Lieferung wird das Paket innerhalb eines Standardzeitlimits geliefert und ist f\u00fcr Ihre Bestellungen g\u00fcnstig.<\/p>\n<p style=\"text-align: justify;\">Wir stellen sicher, dass die Lieferzeit von USPS und Fedex 1-3 Tage f\u00fcr die USA, 3-5 Tage f\u00fcr das Vereinigte K\u00f6nigreich und 4-7 Tage f\u00fcr andere Orte auf der Welt betr\u00e4gt.<\/p>\n<h3 style=\"text-align: justify;\">Lieferstatus und Verz\u00f6gerungen<\/h3>\n<p style=\"text-align: justify;\">Buyprescriptionz Pharmacy versichert Ihnen, dass viele Faktoren die Lieferung Ihrer Bestellung beeinflussen k\u00f6nnen. Einige Faktoren sind nationale oder internationale Feiertage, Zoll und technische Probleme des Postdienstes. Wir verfolgen Ihre Bestellung immer.<\/p>\n<h3 style=\"text-align: justify;\">Beschlagnahmungen und R\u00fccksendungsstatus<\/h3>\n<p style=\"text-align: justify;\">Derzeit haben wir eine hohe Erfolgsquote von 98 Prozent. Und die restlichen zwei Prozent sind f\u00fcr unvorhergesehene Ereignisse wie das Zur\u00fcckhalten des Pakets durch den Zoll bestimmt, was selten vorkommt. Wenn Ihre Bestellung w\u00e4hrend des Liefervorgangs irgendwie beschlagnahmt wurde, w\u00fcrden wir Ihre vollst\u00e4ndige Bestellung nach der Beschlagnahmebest\u00e4tigung erneut versenden.<\/p>\n<p style=\"text-align: justify;\">Der Kunde ist in solchen F\u00e4llen verpflichtet, uns die erhaltenen Pf\u00e4ndungsbelege eingescannt im Original zu \u00fcbersenden. Buyprescriptionz ben\u00f6tigt die gescannte Kopie der Einfuhrlizenz im Namen des Kunden, damit wir das beschlagnahmte Paket vom Zoll freigeben k\u00f6nnen.<\/p>\n<h3 style=\"text-align: justify;\">Besch\u00e4digte Artikel auf dem Transportweg<\/h3>\n<p style=\"text-align: justify;\">Diese Situation ist f\u00fcr uns selten, da wir eine einzigartige diskrete Verpackungsmethode haben, die sicher durch Versandprozesse gehandhabt wird. Falls Sie die besch\u00e4digte Bestellung erhalten, k\u00f6nnen Sie uns kontaktieren.<\/p>\n<h3 style=\"text-align: justify;\">Haftungsausschluss<\/h3>\n<p style=\"text-align: justify;\">Hiermit m\u00f6chten wir Sie dar\u00fcber informieren, dass Buyprescriptionz Online Pharmacy keine der Produkte bef\u00fcrwortet, besitzt, f\u00f6rdert oder versucht, eines der Produkte zu erhalten, und nicht f\u00fcr die Handlungen unserer Kunden haftbar ist. Die auf dieser Website angebotenen Beschreibungen und Meinungen sind nicht medizinisch empfohlen und haben spekulativen und subjektiven Wert.<\/p>","protected":false},"excerpt":{"rendered":"<p>Buy Painkillers Online Buyprescriptionz Pharmacy offers Airmail Express Mailing Service, DHL, USPS, EMS Shipping Service and FedEx for your online order with fast and secure delivery service. Presently, we are offering two different shipping methods, and that\u2019s Express Delivery and Regular Delivery for your purchase online. In Express Delivery, the package is in limitations to [&hellip;]<\/p>","protected":false},"author":1,"featured_media":0,"parent":0,"menu_order":0,"comment_status":"open","ping_status":"open","template":"","meta":{"site-sidebar-layout":"default","site-content-layout":"","ast-site-content-layout":"default","site-content-style":"default","site-sidebar-style":"default","ast-global-header-display":"","ast-banner-title-visibility":"","ast-main-header-display":"","ast-hfb-above-header-display":"","ast-hfb-below-header-display":"","ast-hfb-mobile-header-display":"","site-post-title":"","ast-breadcrumbs-content":"","ast-featured-img":"","footer-sml-layout":"","theme-transparent-header-meta":"","adv-header-id-meta":"","stick-header-meta":"","header-above-stick-meta":"","header-main-stick-meta":"","header-below-stick-meta":"","astra-migrate-meta-layouts":"default","ast-page-background-enabled":"default","ast-page-background-meta":{"desktop":{"background-color":"var(--ast-global-color-4)","background-image":"","background-repeat":"repeat","background-position":"center center","background-size":"auto","background-attachment":"scroll","background-type":"","background-media":"","overlay-type":"","overlay-color":"","overlay-opacity":"","overlay-gradient":""},"tablet":{"background-color":"","background-image":"","background-repeat":"repeat","background-position":"center center","background-size":"auto","background-attachment":"scroll","background-type":"","background-media":"","overlay-type":"","overlay-color":"","overlay-opacity":"","overlay-gradient":""},"mobile":{"background-color":"","background-image":"","background-repeat":"repeat","background-position":"center center","background-size":"auto","background-attachment":"scroll","background-type":"","background-media":"","overlay-type":"","overlay-color":"","overlay-opacity":"","overlay-gradient":""}},"ast-content-background-meta":{"desktop":{"background-color":"var(--ast-global-color-5)","background-image":"","background-repeat":"repeat","background-position":"center center","background-size":"auto","background-attachment":"scroll","background-type":"","background-media":"","overlay-type":"","overlay-color":"","overlay-opacity":"","overlay-gradient":""},"tablet":{"background-color":"var(--ast-global-color-5)","background-image":"","background-repeat":"repeat","background-position":"center center","background-size":"auto","background-attachment":"scroll","background-type":"","background-media":"","overlay-type":"","overlay-color":"","overlay-opacity":"","overlay-gradient":""},"mobile":{"background-color":"var(--ast-global-color-5)","background-image":"","background-repeat":"repeat","background-position":"center center","background-size":"auto","background-attachment":"scroll","background-type":"","background-media":"","overlay-type":"","overlay-color":"","overlay-opacity":"","overlay-gradient":""}},"footnotes":""},"class_list":["post-988","page","type-page","status-publish","hentry"],"yoast_head":"<!-- This site is optimized with the Yoast SEO plugin v25.9 - https:\/\/yoast.com\/wordpress\/plugins\/seo\/ -->\n<title>Shipping Policy - Buy Prescriptionz<\/title>\n<meta name=\"robots\" content=\"index, follow, max-snippet:-1, max-image-preview:large, max-video-preview:-1\" \/>\n<link rel=\"canonical\" href=\"https:\/\/buy-prescriptionz.com\/de\/shipping-policy\/\" \/>\n<meta property=\"og:locale\" content=\"de_DE\" \/>\n<meta property=\"og:type\" content=\"article\" \/>\n<meta property=\"og:title\" content=\"Shipping Policy - Buy Prescriptionz\" \/>\n<meta property=\"og:description\" content=\"Buy Painkillers Online Buyprescriptionz Pharmacy offers Airmail Express Mailing Service, DHL, USPS, EMS Shipping Service and FedEx for your online order with fast and secure delivery service. Presently, we are offering two different shipping methods, and that\u2019s Express Delivery and Regular Delivery for your purchase online. In Express Delivery, the package is in limitations to [&hellip;]\" \/>\n<meta property=\"og:url\" content=\"https:\/\/buy-prescriptionz.com\/de\/shipping-policy\/\" \/>\n<meta property=\"og:site_name\" content=\"Buy Prescriptionz\" \/>\n<meta property=\"article:modified_time\" content=\"2019-10-08T10:25:46+00:00\" \/>\n<meta name=\"twitter:card\" content=\"summary_large_image\" \/>\n<meta name=\"twitter:label1\" content=\"Gesch\u00e4tzte Lesezeit\" \/>\n\t<meta name=\"twitter:data1\" content=\"2\u00a0Minuten\" \/>\n<script type=\"application\/ld+json\" class=\"yoast-schema-graph\">{\"@context\":\"https:\/\/schema.org\",\"@graph\":[{\"@type\":\"WebPage\",\"@id\":\"https:\/\/buy-prescriptionz.com\/shipping-policy\/\",\"url\":\"https:\/\/buy-prescriptionz.com\/shipping-policy\/\",\"name\":\"Shipping Policy - Buy Prescriptionz\",\"isPartOf\":{\"@id\":\"https:\/\/buy-prescriptionz.com\/#website\"},\"datePublished\":\"2019-05-08T05:55:38+00:00\",\"dateModified\":\"2019-10-08T10:25:46+00:00\",\"breadcrumb\":{\"@id\":\"https:\/\/buy-prescriptionz.com\/shipping-policy\/#breadcrumb\"},\"inLanguage\":\"de\",\"potentialAction\":[{\"@type\":\"ReadAction\",\"target\":[\"https:\/\/buy-prescriptionz.com\/shipping-policy\/\"]}]},{\"@type\":\"BreadcrumbList\",\"@id\":\"https:\/\/buy-prescriptionz.com\/shipping-policy\/#breadcrumb\",\"itemListElement\":[{\"@type\":\"ListItem\",\"position\":1,\"name\":\"Home\",\"item\":\"https:\/\/buy-prescriptionz.com\/\"},{\"@type\":\"ListItem\",\"position\":2,\"name\":\"Shipping Policy\"}]},{\"@type\":\"WebSite\",\"@id\":\"https:\/\/buy-prescriptionz.com\/#website\",\"url\":\"https:\/\/buy-prescriptionz.com\/\",\"name\":\"Buy Prescriptionz\",\"description\":\"Drugs Online\",\"publisher\":{\"@id\":\"https:\/\/buy-prescriptionz.com\/#organization\"},\"potentialAction\":[{\"@type\":\"SearchAction\",\"target\":{\"@type\":\"EntryPoint\",\"urlTemplate\":\"https:\/\/buy-prescriptionz.com\/?s={search_term_string}\"},\"query-input\":{\"@type\":\"PropertyValueSpecification\",\"valueRequired\":true,\"valueName\":\"search_term_string\"}}],\"inLanguage\":\"de\"},{\"@type\":\"Organization\",\"@id\":\"https:\/\/buy-prescriptionz.com\/#organization\",\"name\":\"Buy Prescriptionz\",\"url\":\"https:\/\/buy-prescriptionz.com\/\",\"logo\":{\"@type\":\"ImageObject\",\"inLanguage\":\"de\",\"@id\":\"https:\/\/buy-prescriptionz.com\/#\/schema\/logo\/image\/\",\"url\":\"https:\/\/buy-prescriptionz.com\/wp-content\/uploads\/2023\/09\/logo.png\",\"contentUrl\":\"https:\/\/buy-prescriptionz.com\/wp-content\/uploads\/2023\/09\/logo.png\",\"width\":350,\"height\":64,\"caption\":\"Buy Prescriptionz\"},\"image\":{\"@id\":\"https:\/\/buy-prescriptionz.com\/#\/schema\/logo\/image\/\"}}]}<\/script>\n<!-- \/ Yoast SEO plugin. -->","yoast_head_json":{"title":"Shipping Policy - Buy Prescriptionz","robots":{"index":"index","follow":"follow","max-snippet":"max-snippet:-1","max-image-preview":"max-image-preview:large","max-video-preview":"max-video-preview:-1"},"canonical":"https:\/\/buy-prescriptionz.com\/de\/shipping-policy\/","og_locale":"de_DE","og_type":"article","og_title":"Shipping Policy - Buy Prescriptionz","og_description":"Buy Painkillers Online Buyprescriptionz Pharmacy offers Airmail Express Mailing Service, DHL, USPS, EMS Shipping Service and FedEx for your online order with fast and secure delivery service. Presently, we are offering two different shipping methods, and that\u2019s Express Delivery and Regular Delivery for your purchase online. In Express Delivery, the package is in limitations to [&hellip;]","og_url":"https:\/\/buy-prescriptionz.com\/de\/shipping-policy\/","og_site_name":"Buy Prescriptionz","article_modified_time":"2019-10-08T10:25:46+00:00","twitter_card":"summary_large_image","twitter_misc":{"Gesch\u00e4tzte Lesezeit":"2\u00a0Minuten"},"schema":{"@context":"https:\/\/schema.org","@graph":[{"@type":"WebPage","@id":"https:\/\/buy-prescriptionz.com\/shipping-policy\/","url":"https:\/\/buy-prescriptionz.com\/shipping-policy\/","name":"Shipping Policy - Buy Prescriptionz","isPartOf":{"@id":"https:\/\/buy-prescriptionz.com\/#website"},"datePublished":"2019-05-08T05:55:38+00:00","dateModified":"2019-10-08T10:25:46+00:00","breadcrumb":{"@id":"https:\/\/buy-prescriptionz.com\/shipping-policy\/#breadcrumb"},"inLanguage":"de","potentialAction":[{"@type":"ReadAction","target":["https:\/\/buy-prescriptionz.com\/shipping-policy\/"]}]},{"@type":"BreadcrumbList","@id":"https:\/\/buy-prescriptionz.com\/shipping-policy\/#breadcrumb","itemListElement":[{"@type":"ListItem","position":1,"name":"Home","item":"https:\/\/buy-prescriptionz.com\/"},{"@type":"ListItem","position":2,"name":"Shipping Policy"}]},{"@type":"WebSite","@id":"https:\/\/buy-prescriptionz.com\/#website","url":"https:\/\/buy-prescriptionz.com\/","name":"Kaufen Prescriptionz","description":"Online-Drogen","publisher":{"@id":"https:\/\/buy-prescriptionz.com\/#organization"},"potentialAction":[{"@type":"SearchAction","target":{"@type":"EntryPoint","urlTemplate":"https:\/\/buy-prescriptionz.com\/?s={search_term_string}"},"query-input":{"@type":"PropertyValueSpecification","valueRequired":true,"valueName":"search_term_string"}}],"inLanguage":"de"},{"@type":"Organization","@id":"https:\/\/buy-prescriptionz.com\/#organization","name":"Kaufen Prescriptionz","url":"https:\/\/buy-prescriptionz.com\/","logo":{"@type":"ImageObject","inLanguage":"de","@id":"https:\/\/buy-prescriptionz.com\/#\/schema\/logo\/image\/","url":"https:\/\/buy-prescriptionz.com\/wp-content\/uploads\/2023\/09\/logo.png","contentUrl":"https:\/\/buy-prescriptionz.com\/wp-content\/uploads\/2023\/09\/logo.png","width":350,"height":64,"caption":"Buy Prescriptionz"},"image":{"@id":"https:\/\/buy-prescriptionz.com\/#\/schema\/logo\/image\/"}}]}},"_links":{"self":[{"href":"https:\/\/buy-prescriptionz.com\/de\/wp-json\/wp\/v2\/pages\/988","targetHints":{"allow":["GET"]}}],"collection":[{"href":"https:\/\/buy-prescriptionz.com\/de\/wp-json\/wp\/v2\/pages"}],"about":[{"href":"https:\/\/buy-prescriptionz.com\/de\/wp-json\/wp\/v2\/types\/page"}],"author":[{"embeddable":true,"href":"https:\/\/buy-prescriptionz.com\/de\/wp-json\/wp\/v2\/users\/1"}],"replies":[{"embeddable":true,"href":"https:\/\/buy-prescriptionz.com\/de\/wp-json\/wp\/v2\/comments?post=988"}],"version-history":[{"count":0,"href":"https:\/\/buy-prescriptionz.com\/de\/wp-json\/wp\/v2\/pages\/988\/revisions"}],"wp:attachment":[{"href":"https:\/\/buy-prescriptionz.com\/de\/wp-json\/wp\/v2\/media?parent=988"}],"curies":[{"name":"wp","href":"https:\/\/api.w.org\/{rel}","templated":true}]}}