{"id":990,"date":"2019-05-08T05:58:35","date_gmt":"2019-05-08T05:58:35","guid":{"rendered":"https:\/\/buyprescriptionz.com\/?page_id=990"},"modified":"2019-05-08T05:59:04","modified_gmt":"2019-05-08T05:59:04","slug":"auftrage-2","status":"publish","type":"page","link":"https:\/\/buy-prescriptionz.com\/de\/auftrage-2\/","title":{"rendered":"Eine Bestellung aufgeben"},"content":{"rendered":"<p style=\"text-align: justify;\">Auf Buyprescriptionz.com k\u00f6nnen Sie Medikamente zu einem erschwinglichen Preis in vier Schritten kaufen:<\/p>\n<h3 style=\"text-align: justify;\">1. \u00dcberpr\u00fcfen Sie Ihren Warenkorb.<\/h3>\n<p style=\"text-align: justify;\">\u00dcberpr\u00fcfen Sie die Medikamente und die Menge in Ihrem Warenkorb. Sie haben die M\u00f6glichkeit, die Menge der Medikamente ein- oder auszuschlie\u00dfen, indem Sie auf Aktualisieren klicken. Angehakt, jetzt gehst du zur Kasse.<\/p>\n<h3>2. Rufen Sie den Bildschirm Versand, Rechnung und Bezahlung auf.<\/h3>\n<p style=\"text-align: justify;\">Hier stellen Sie sicher, dass Sie bei Ihrem Konto angemeldet sind, oder es spielt keine Rolle, ob dies nicht der Fall ist. Falls dies nicht der Fall ist, werden Sie aufgefordert, sich anzumelden, bevor Sie mit dem Bildschirm \u201eVersenden, Rechnung und Zahlung\u201c fortfahren. Bei uns k\u00f6nnen Sie Medikamente mit diskreter Verpackung und dem besten schnellen und sicheren Versandservice kaufen.<\/p>\n<p style=\"text-align: justify;\">Auf dieser Seite k\u00f6nnen Sie die Details Ihres Transports, der Aufladung und einschlie\u00dflich der folgenden best\u00e4tigen und aktualisieren:<\/p>\n<ul style=\"text-align: justify;\">\n<li>Lieferadresse<\/li>\n<li>Auslieferungstr\u00e4ger<\/li>\n<li>Lieferscheine<\/li>\n<li>Rechnungsadresse<\/li>\n<li>Zahlungsart<\/li>\n<\/ul>\n<p style=\"text-align: justify;\">Sie k\u00f6nnen das Medikament und die Bestellmenge sowie Preisdetails sehen. Dann k\u00f6nnen Sie f\u00fcr den n\u00e4chsten Schritt auf die Bestellung \u00fcberpr\u00fcfen klicken.<\/p>\n<h3>3. \u00dcberpr\u00fcfen Sie Ihre Anfrage.<\/h3>\n<p style=\"text-align: justify;\">Sie sehen eine detaillierte Pr\u00e4sentation Ihrer Bestellung und Ihrer Gesamtkosten, einschlie\u00dflich Lieferung und anderer Details. Wenn Sie Daten \u00e4ndern m\u00fcssen, klicken Sie auf die Schaltfl\u00e4che \u201eBearbeiten\u201c, um zur Seite \u201eVersand, Rechnung und Zahlung\u201c zur\u00fcckzukehren. Ihre Bestellung und andere Details werden mit Secure Sockets Layer (SSL) gesendet.<\/p>\n<h3>4. Quittung erhalten.<\/h3>\n<p style=\"text-align: justify;\">Sie sehen die \u00fcbermittelten Daten. Dies ist Ihre Online-Quittung. Auf dieser Seite sehen Sie ein druckbares Formular und E-Mail-Daten. Ein Duplikat dieser Daten befindet sich in Ihrem E-Mail-Konto, das zu Ihrem Konto geh\u00f6rt. Sie erhalten Ihre Bestellung kurz nachdem wir sie von unserem Team \u00fcberpr\u00fcft haben und sie wird durch den schnellen und sicheren Lieferservice geliefert.<\/p>\n<p style=\"text-align: justify;\">Sie k\u00f6nnen uns auch die folgenden Details per E-Mail senden, um die Medikamente oder Produkte, die Sie kaufen m\u00f6chten, im folgenden Format zu bestellen.<\/p>\n<ul style=\"text-align: justify;\">\n<li>Name des Medikaments\/Produkts<\/li>\n<li>Erforderliche Menge (Menge an Pillen oder Flaschen, die Sie ben\u00f6tigen)<\/li>\n<li>Lieferadresse<\/li>\n<li>Kontaktdetails<\/li>\n<\/ul>\n<p style=\"text-align: justify;\">Nach Erhalt Ihrer E-Mail werden wir die Bestellung mit Ihnen best\u00e4tigen und an die in den Details angegebene Lieferadresse liefern.<\/p>","protected":false},"excerpt":{"rendered":"<p>At Buyprescriptionz.com, you can buy medication at an affordable price in four steps: 1. Check your cart. Check the medications and the quantity in your shopping cart. You have the option of medicines of including or excluding the quantity or medications by clicking on Update. Checked, now you&#8217;re going to the checkout. 2. Visit Ship, [&hellip;]<\/p>","protected":false},"author":1,"featured_media":0,"parent":0,"menu_order":0,"comment_status":"open","ping_status":"open","template":"","meta":{"site-sidebar-layout":"default","site-content-layout":"","ast-site-content-layout":"default","site-content-style":"default","site-sidebar-style":"default","ast-global-header-display":"","ast-banner-title-visibility":"","ast-main-header-display":"","ast-hfb-above-header-display":"","ast-hfb-below-header-display":"","ast-hfb-mobile-header-display":"","site-post-title":"","ast-breadcrumbs-content":"","ast-featured-img":"","footer-sml-layout":"","theme-transparent-header-meta":"","adv-header-id-meta":"","stick-header-meta":"","header-above-stick-meta":"","header-main-stick-meta":"","header-below-stick-meta":"","astra-migrate-meta-layouts":"default","ast-page-background-enabled":"default","ast-page-background-meta":{"desktop":{"background-color":"var(--ast-global-color-4)","background-image":"","background-repeat":"repeat","background-position":"center center","background-size":"auto","background-attachment":"scroll","background-type":"","background-media":"","overlay-type":"","overlay-color":"","overlay-opacity":"","overlay-gradient":""},"tablet":{"background-color":"","background-image":"","background-repeat":"repeat","background-position":"center center","background-size":"auto","background-attachment":"scroll","background-type":"","background-media":"","overlay-type":"","overlay-color":"","overlay-opacity":"","overlay-gradient":""},"mobile":{"background-color":"","background-image":"","background-repeat":"repeat","background-position":"center center","background-size":"auto","background-attachment":"scroll","background-type":"","background-media":"","overlay-type":"","overlay-color":"","overlay-opacity":"","overlay-gradient":""}},"ast-content-background-meta":{"desktop":{"background-color":"var(--ast-global-color-5)","background-image":"","background-repeat":"repeat","background-position":"center center","background-size":"auto","background-attachment":"scroll","background-type":"","background-media":"","overlay-type":"","overlay-color":"","overlay-opacity":"","overlay-gradient":""},"tablet":{"background-color":"var(--ast-global-color-5)","background-image":"","background-repeat":"repeat","background-position":"center center","background-size":"auto","background-attachment":"scroll","background-type":"","background-media":"","overlay-type":"","overlay-color":"","overlay-opacity":"","overlay-gradient":""},"mobile":{"background-color":"var(--ast-global-color-5)","background-image":"","background-repeat":"repeat","background-position":"center center","background-size":"auto","background-attachment":"scroll","background-type":"","background-media":"","overlay-type":"","overlay-color":"","overlay-opacity":"","overlay-gradient":""}},"footnotes":""},"class_list":["post-990","page","type-page","status-publish","hentry"],"yoast_head":"<!-- This site is optimized with the Yoast SEO plugin v25.9 - https:\/\/yoast.com\/wordpress\/plugins\/seo\/ -->\n<title>Place An Order - Buy Prescriptionz<\/title>\n<meta name=\"robots\" content=\"index, follow, max-snippet:-1, max-image-preview:large, max-video-preview:-1\" \/>\n<link rel=\"canonical\" href=\"https:\/\/buy-prescriptionz.com\/de\/auftrage-2\/\" \/>\n<meta property=\"og:locale\" content=\"de_DE\" \/>\n<meta property=\"og:type\" content=\"article\" \/>\n<meta property=\"og:title\" content=\"Place An Order - Buy Prescriptionz\" \/>\n<meta property=\"og:description\" content=\"At Buyprescriptionz.com, you can buy medication at an affordable price in four steps: 1. Check your cart. Check the medications and the quantity in your shopping cart. You have the option of medicines of including or excluding the quantity or medications by clicking on Update. Checked, now you&#8217;re going to the checkout. 2. Visit Ship, [&hellip;]\" \/>\n<meta property=\"og:url\" content=\"https:\/\/buy-prescriptionz.com\/de\/auftrage-2\/\" \/>\n<meta property=\"og:site_name\" content=\"Buy Prescriptionz\" \/>\n<meta property=\"article:modified_time\" content=\"2019-05-08T05:59:04+00:00\" \/>\n<meta name=\"twitter:card\" content=\"summary_large_image\" \/>\n<meta name=\"twitter:label1\" content=\"Gesch\u00e4tzte Lesezeit\" \/>\n\t<meta name=\"twitter:data1\" content=\"2\u00a0Minuten\" \/>\n<script type=\"application\/ld+json\" class=\"yoast-schema-graph\">{\"@context\":\"https:\/\/schema.org\",\"@graph\":[{\"@type\":\"WebPage\",\"@id\":\"https:\/\/buy-prescriptionz.com\/order\/\",\"url\":\"https:\/\/buy-prescriptionz.com\/order\/\",\"name\":\"Place An Order - Buy Prescriptionz\",\"isPartOf\":{\"@id\":\"https:\/\/buy-prescriptionz.com\/#website\"},\"datePublished\":\"2019-05-08T05:58:35+00:00\",\"dateModified\":\"2019-05-08T05:59:04+00:00\",\"breadcrumb\":{\"@id\":\"https:\/\/buy-prescriptionz.com\/order\/#breadcrumb\"},\"inLanguage\":\"de\",\"potentialAction\":[{\"@type\":\"ReadAction\",\"target\":[\"https:\/\/buy-prescriptionz.com\/order\/\"]}]},{\"@type\":\"BreadcrumbList\",\"@id\":\"https:\/\/buy-prescriptionz.com\/order\/#breadcrumb\",\"itemListElement\":[{\"@type\":\"ListItem\",\"position\":1,\"name\":\"Home\",\"item\":\"https:\/\/buy-prescriptionz.com\/\"},{\"@type\":\"ListItem\",\"position\":2,\"name\":\"Place An Order\"}]},{\"@type\":\"WebSite\",\"@id\":\"https:\/\/buy-prescriptionz.com\/#website\",\"url\":\"https:\/\/buy-prescriptionz.com\/\",\"name\":\"Buy Prescriptionz\",\"description\":\"Drugs Online\",\"publisher\":{\"@id\":\"https:\/\/buy-prescriptionz.com\/#organization\"},\"potentialAction\":[{\"@type\":\"SearchAction\",\"target\":{\"@type\":\"EntryPoint\",\"urlTemplate\":\"https:\/\/buy-prescriptionz.com\/?s={search_term_string}\"},\"query-input\":{\"@type\":\"PropertyValueSpecification\",\"valueRequired\":true,\"valueName\":\"search_term_string\"}}],\"inLanguage\":\"de\"},{\"@type\":\"Organization\",\"@id\":\"https:\/\/buy-prescriptionz.com\/#organization\",\"name\":\"Buy Prescriptionz\",\"url\":\"https:\/\/buy-prescriptionz.com\/\",\"logo\":{\"@type\":\"ImageObject\",\"inLanguage\":\"de\",\"@id\":\"https:\/\/buy-prescriptionz.com\/#\/schema\/logo\/image\/\",\"url\":\"https:\/\/buy-prescriptionz.com\/wp-content\/uploads\/2023\/09\/logo.png\",\"contentUrl\":\"https:\/\/buy-prescriptionz.com\/wp-content\/uploads\/2023\/09\/logo.png\",\"width\":350,\"height\":64,\"caption\":\"Buy Prescriptionz\"},\"image\":{\"@id\":\"https:\/\/buy-prescriptionz.com\/#\/schema\/logo\/image\/\"}}]}<\/script>\n<!-- \/ Yoast SEO plugin. -->","yoast_head_json":{"title":"Place An Order - Buy Prescriptionz","robots":{"index":"index","follow":"follow","max-snippet":"max-snippet:-1","max-image-preview":"max-image-preview:large","max-video-preview":"max-video-preview:-1"},"canonical":"https:\/\/buy-prescriptionz.com\/de\/auftrage-2\/","og_locale":"de_DE","og_type":"article","og_title":"Place An Order - Buy Prescriptionz","og_description":"At Buyprescriptionz.com, you can buy medication at an affordable price in four steps: 1. Check your cart. Check the medications and the quantity in your shopping cart. You have the option of medicines of including or excluding the quantity or medications by clicking on Update. Checked, now you&#8217;re going to the checkout. 2. Visit Ship, [&hellip;]","og_url":"https:\/\/buy-prescriptionz.com\/de\/auftrage-2\/","og_site_name":"Buy Prescriptionz","article_modified_time":"2019-05-08T05:59:04+00:00","twitter_card":"summary_large_image","twitter_misc":{"Gesch\u00e4tzte Lesezeit":"2\u00a0Minuten"},"schema":{"@context":"https:\/\/schema.org","@graph":[{"@type":"WebPage","@id":"https:\/\/buy-prescriptionz.com\/order\/","url":"https:\/\/buy-prescriptionz.com\/order\/","name":"Place An Order - Buy Prescriptionz","isPartOf":{"@id":"https:\/\/buy-prescriptionz.com\/#website"},"datePublished":"2019-05-08T05:58:35+00:00","dateModified":"2019-05-08T05:59:04+00:00","breadcrumb":{"@id":"https:\/\/buy-prescriptionz.com\/order\/#breadcrumb"},"inLanguage":"de","potentialAction":[{"@type":"ReadAction","target":["https:\/\/buy-prescriptionz.com\/order\/"]}]},{"@type":"BreadcrumbList","@id":"https:\/\/buy-prescriptionz.com\/order\/#breadcrumb","itemListElement":[{"@type":"ListItem","position":1,"name":"Home","item":"https:\/\/buy-prescriptionz.com\/"},{"@type":"ListItem","position":2,"name":"Place An Order"}]},{"@type":"WebSite","@id":"https:\/\/buy-prescriptionz.com\/#website","url":"https:\/\/buy-prescriptionz.com\/","name":"Kaufen Prescriptionz","description":"Online-Drogen","publisher":{"@id":"https:\/\/buy-prescriptionz.com\/#organization"},"potentialAction":[{"@type":"SearchAction","target":{"@type":"EntryPoint","urlTemplate":"https:\/\/buy-prescriptionz.com\/?s={search_term_string}"},"query-input":{"@type":"PropertyValueSpecification","valueRequired":true,"valueName":"search_term_string"}}],"inLanguage":"de"},{"@type":"Organization","@id":"https:\/\/buy-prescriptionz.com\/#organization","name":"Kaufen Prescriptionz","url":"https:\/\/buy-prescriptionz.com\/","logo":{"@type":"ImageObject","inLanguage":"de","@id":"https:\/\/buy-prescriptionz.com\/#\/schema\/logo\/image\/","url":"https:\/\/buy-prescriptionz.com\/wp-content\/uploads\/2023\/09\/logo.png","contentUrl":"https:\/\/buy-prescriptionz.com\/wp-content\/uploads\/2023\/09\/logo.png","width":350,"height":64,"caption":"Buy Prescriptionz"},"image":{"@id":"https:\/\/buy-prescriptionz.com\/#\/schema\/logo\/image\/"}}]}},"_links":{"self":[{"href":"https:\/\/buy-prescriptionz.com\/de\/wp-json\/wp\/v2\/pages\/990","targetHints":{"allow":["GET"]}}],"collection":[{"href":"https:\/\/buy-prescriptionz.com\/de\/wp-json\/wp\/v2\/pages"}],"about":[{"href":"https:\/\/buy-prescriptionz.com\/de\/wp-json\/wp\/v2\/types\/page"}],"author":[{"embeddable":true,"href":"https:\/\/buy-prescriptionz.com\/de\/wp-json\/wp\/v2\/users\/1"}],"replies":[{"embeddable":true,"href":"https:\/\/buy-prescriptionz.com\/de\/wp-json\/wp\/v2\/comments?post=990"}],"version-history":[{"count":0,"href":"https:\/\/buy-prescriptionz.com\/de\/wp-json\/wp\/v2\/pages\/990\/revisions"}],"wp:attachment":[{"href":"https:\/\/buy-prescriptionz.com\/de\/wp-json\/wp\/v2\/media?parent=990"}],"curies":[{"name":"wp","href":"https:\/\/api.w.org\/{rel}","templated":true}]}}