{"id":2933,"date":"2025-09-16T08:55:28","date_gmt":"2025-09-16T08:55:28","guid":{"rendered":"https:\/\/chemsfine.com\/newsite\/?post_type=product&#038;p=2933"},"modified":"2025-09-22T05:15:15","modified_gmt":"2025-09-22T05:15:15","slug":"hydromorphon-online-kaufen","status":"publish","type":"product","link":"https:\/\/buy-prescriptionz.com\/de\/produkt\/hydromorphon-online-kaufen\/","title":{"rendered":"Hydromorphon online kaufen"},"content":{"rendered":"<h1>Dilaudid online kaufen \u2013 Hydromorphon online kaufen<\/h1>\n<p>Hydromorphon online kaufen. Der bekannteste Markenname f\u00fcr Hydromorphon ist als Tablette oder Fl\u00fcssigkeit erh\u00e4ltlich. Wie andere Opioid-Rezepte ist Dilaudid aufgrund seines hohen Suchtpotenzials eine Substanz der Kategorie II. Dieses starke Analgetikum wurde zur Behandlung starker, oft chronischer Schmerzen entwickelt, die mit anderen Opioiden nicht behandelt werden konnten.<\/p>\n<p><a href=\"https:\/\/buy-prescriptionz.com\/de\/produkt\/anabole-steroide-2\/\">Hydromorphone<\/a>, auch bekannt als Dihydromorphinon, und unter anderem unter dem Markennamen Dilaudid verkauft, ist ein zentral wirkendes Schmerzmittel aus der Klasse der Opioide. Es wird aus Morphin hergestellt. Im Vergleich dazu verh\u00e4lt sich Hydromorphon zu Morphin wie Hydrocodon zu Codein \u2013 es ist ein hydriertes Keton davon. Medizinisch gesehen ist es ein Opioid-Analgetikum und juristisch gesehen ein Narkotikum. Hydromorphon wird im Krankenhaus h\u00e4ufig verwendet, haupts\u00e4chlich intraven\u00f6s (i.v.), da seine Bioverf\u00fcgbarkeit oral, rektal und intranasal sehr gering ist. Die sublinguale Verabreichung (unter die Zunge) ist hinsichtlich Bioverf\u00fcgbarkeit und Wirkung der Schlucken normalerweise \u00fcberlegen; Hydromorphon ist jedoch wie die meisten Opiate bitter und hydrophil, nicht lipophil, sodass es schlecht und langsam \u00fcber die Mundschleimhaut aufgenommen wird.<\/p>\n<p>Hydromorphon ist in Wasser viel besser l\u00f6slich als Morphin und daher Hydromorphon<a href=\"https:\/\/de.wikipedia.org\/w\/index.php?sort=relevance&amp;search=Herb&amp;title=Spezial%3ASuche&amp;profile=advanced&amp;fulltext=1&amp;advancedSearch-current=%7B%7D&amp;ns0=1\"> solutions<\/a> kann hergestellt werden, um das Medikament in einem kleineren Wasservolumen abzugeben. Das Hydrochloridsalz ist in drei Teilen Wasser l\u00f6slich, w\u00e4hrend sich ein Gramm Morphinhydrochlorid in 16 ml Wasser aufl\u00f6st; f\u00fcr alle g\u00e4ngigen Zwecke kann das reine Pulver f\u00fcr den Krankenhausgebrauch verwendet werden, um L\u00f6sungen nahezu beliebiger Konzentration herzustellen. Wenn das Pulver auf der Stra\u00dfe auftaucht, bedeutet diese sehr geringe Pulvermenge, die f\u00fcr eine Dosis ben\u00f6tigt wird, dass \u00dcberdosierungen wahrscheinlich sind, wenn man es mit Heroin oder anderen pulverf\u00f6rmigen Bet\u00e4ubungsmitteln verwechselt, insbesondere mit solchen, die vor dem Konsum gestreckt (verd\u00fcnnt) wurden. Dilaudid online kaufen<\/p>\n<h1>Die Vorteile der Hydromorphon-Anwendung nutzen<\/h1>\n<p>Hydromorphon ist ein wirksames Opioid, das bei starken Schmerzen Linderung verschafft. Von der Anwendung bis zur empfohlenen Dosierung finden Sie hier alles Wissenswerte \u00fcber Hydromorphon.<\/p>\n<h2>Hydromorphon verstehen<\/h2>\n<p>La hidromorfona, tambi\u00e9n conocida como Dilaudid, es un potente analg\u00e9sico opioide que se utiliza para tratar el dolor de moderado a intenso. Act\u00faa uni\u00e9ndose a los receptores opioides del cerebro y el sistema nervioso, que bloquean la sensaci\u00f3n de dolor. Este medicamento se suele recetar a pacientes que requieren alivio del dolor las 24 horas del d\u00eda.<\/p>\n<h3>Vorteile von Hydromorphon<\/h3>\n<ol>\n<li>Wirksame Schmerzlinderung: Das beste Hydromorphon ist f\u00fcr seine schnell wirkende Schmerzlinderung bekannt und daher f\u00fcr Personen mit starken Schmerzen \u00e4u\u00dferst wirksam.<\/li>\n<li>Verbesserte Lebensqualit\u00e4t: Durch die wirksame Schmerzbehandlung kann Hydromorphon den Betroffenen helfen, die Kontrolle \u00fcber ihr Leben zur\u00fcckzugewinnen und allt\u00e4gliche Aktivit\u00e4ten problemlos auszuf\u00fchren.<\/li>\n<li>Weniger Angst: Menschen mit chronischen Schmerzen leiden oft unter hohem Stress und Angstzust\u00e4nden. Hydromorphon kann helfen, diese Symptome zu lindern und ein Gef\u00fchl der Ruhe und Entspannung zu f\u00f6rdern.<\/li>\n<li>Verbesserter Schlaf: Schmerzen k\u00f6nnen die Schlaff\u00e4higkeit erheblich beeintr\u00e4chtigen. Durch die Schmerzlinderung kann Hydromorphon zu einer besseren Schlafqualit\u00e4t und damit zu einem verbesserten allgemeinen Wohlbefinden beitragen.<\/li>\n<\/ol>\n<h2>Hydromorphon-Anwendungen<\/h2>\n<p>Hydromorphon ist in verschiedenen Darreichungsformen erh\u00e4ltlich, darunter Tabletten, Kapseln und orale Fl\u00fcssigkeiten. Die Dosierung richtet sich nach dem Gesundheitszustand des Patienten, dem Ansprechen auf die Behandlung und den anderen Medikamenten, die er m\u00f6glicherweise einnimmt. F\u00fcr eine sichere und wirksame Anwendung von Hydromorphon ist es wichtig, die Anweisungen Ihres Arztes genau zu befolgen.<\/p>\n<h3>Empfohlene Dosis<\/h3>\n<p>Die typische Anfangsdosis von Hydromorphon f\u00fcr Erwachsene betr\u00e4gt 2 bis 4 mg alle 4 bis 6 Stunden zur Schmerzlinderung. Die Dosis kann jedoch je nach Schmerzst\u00e4rke und individueller Opioidvertr\u00e4glichkeit variieren. Es ist wichtig, Ihren Arzt zu konsultieren, um die richtige Dosierung f\u00fcr Ihren individuellen Zustand zu bestimmen.<\/p>\n<p>Hydromorphon ist ein wertvolles Medikament f\u00fcr Menschen mit starken Schmerzen. Seine schnell wirkende Wirkung, seine F\u00e4higkeit, die Lebensqualit\u00e4t zu verbessern und die Entspannung zu f\u00f6rdern, machen es zu einer beliebten Wahl bei \u00c4rzten. Beachten Sie bei der Anwendung von Hydromorphon stets die Empfehlungen Ihres Arztes, um eine sichere und effektive Schmerzbehandlung zu gew\u00e4hrleisten. Besuchen Sie die beste Apotheke buy-prescriptionz.com\/ f\u00fcr einen bequemen und unkomplizierten Einkauf. Lassen Sie nicht zu, dass Schmerzen Ihr Leben bestimmen \u2013 ergreifen Sie die notwendigen Ma\u00dfnahmen, um sie mit Hydromorphon effektiv zu behandeln. Profitieren Sie noch heute von den Vorteilen von Hydromorphon und erleben Sie Linderung wie nie zuvor!<\/p>","protected":false},"excerpt":{"rendered":"<p>Hydromorphon, auch bekannt als Dihydromorphinon und u. a. unter dem Markennamen Dilaudid verkauft, ist ein zentral wirkendes Schmerzmittel der Opioidklasse. Es wird aus Morphin hergestellt.<\/p>","protected":false},"featured_media":2963,"comment_status":"open","ping_status":"closed","template":"","meta":{"site-sidebar-layout":"default","site-content-layout":"","ast-site-content-layout":"default","site-content-style":"default","site-sidebar-style":"default","ast-global-header-display":"","ast-banner-title-visibility":"","ast-main-header-display":"","ast-hfb-above-header-display":"","ast-hfb-below-header-display":"","ast-hfb-mobile-header-display":"","site-post-title":"","ast-breadcrumbs-content":"","ast-featured-img":"","footer-sml-layout":"","theme-transparent-header-meta":"default","adv-header-id-meta":"","stick-header-meta":"","header-above-stick-meta":"","header-main-stick-meta":"","header-below-stick-meta":"","astra-migrate-meta-layouts":"set","ast-page-background-enabled":"default","ast-page-background-meta":{"desktop":{"background-color":"var(--ast-global-color-4)","background-image":"","background-repeat":"repeat","background-position":"center center","background-size":"auto","background-attachment":"scroll","background-type":"","background-media":"","overlay-type":"","overlay-color":"","overlay-opacity":"","overlay-gradient":""},"tablet":{"background-color":"","background-image":"","background-repeat":"repeat","background-position":"center center","background-size":"auto","background-attachment":"scroll","background-type":"","background-media":"","overlay-type":"","overlay-color":"","overlay-opacity":"","overlay-gradient":""},"mobile":{"background-color":"","background-image":"","background-repeat":"repeat","background-position":"center center","background-size":"auto","background-attachment":"scroll","background-type":"","background-media":"","overlay-type":"","overlay-color":"","overlay-opacity":"","overlay-gradient":""}},"ast-content-background-meta":{"desktop":{"background-color":"var(--ast-global-color-5)","background-image":"","background-repeat":"repeat","background-position":"center center","background-size":"auto","background-attachment":"scroll","background-type":"","background-media":"","overlay-type":"","overlay-color":"","overlay-opacity":"","overlay-gradient":""},"tablet":{"background-color":"var(--ast-global-color-5)","background-image":"","background-repeat":"repeat","background-position":"center center","background-size":"auto","background-attachment":"scroll","background-type":"","background-media":"","overlay-type":"","overlay-color":"","overlay-opacity":"","overlay-gradient":""},"mobile":{"background-color":"var(--ast-global-color-5)","background-image":"","background-repeat":"repeat","background-position":"center center","background-size":"auto","background-attachment":"scroll","background-type":"","background-media":"","overlay-type":"","overlay-color":"","overlay-opacity":"","overlay-gradient":""}}},"product_brand":[],"product_cat":[15],"product_tag":[2024,2025,2023,2018,2021,2020,2019,2022,2017,2026,2016],"class_list":{"0":"post-2933","1":"product","2":"type-product","3":"status-publish","4":"has-post-thumbnail","6":"product_cat-buy-prescription-drugs","7":"product_tag-buy-hydromorphone-in-canada","8":"product_tag-buy-hydromorphone-in-uk","9":"product_tag-buy-hydromorphone-in-usa","10":"product_tag-buy-hydromorphone-with-bitcoin","11":"product_tag-buy-hydromorphone-with-credit-card","12":"product_tag-buy-hydromorphone-with-money-gram","13":"product_tag-buy-hydromorphone-with-western-union","14":"product_tag-buy-hydromorphone-without-a-doctor","15":"product_tag-buy-hydromorphone-without-prescription","16":"product_tag-hydromorphone","17":"product_tag-hydromorphone-for-sale","18":"desktop-align-center","19":"tablet-align-left","20":"mobile-align-left","22":"first","23":"instock","24":"shipping-taxable","25":"purchasable","26":"product-type-variable","27":"has-default-attributes"},"yoast_head":"<!-- This site is optimized with the Yoast SEO plugin v25.9 - https:\/\/yoast.com\/wordpress\/plugins\/seo\/ -->\n<title>Buy Hydromorphone Online | order hydromorphone online<\/title>\n<meta name=\"description\" content=\"Buy Hydromorphone Online \u2013 Buy Hydromorphone Online. The most famous brand name for hydromorphone, this medication can either be in tablet or liquid.\" \/>\n<meta name=\"robots\" content=\"index, follow, max-snippet:-1, max-image-preview:large, max-video-preview:-1\" \/>\n<link rel=\"canonical\" href=\"https:\/\/buy-prescriptionz.com\/de\/produkt\/hydromorphon-online-kaufen\/\" \/>\n<meta property=\"og:locale\" content=\"de_DE\" \/>\n<meta property=\"og:type\" content=\"article\" \/>\n<meta property=\"og:title\" content=\"Buy Hydromorphone Online | order hydromorphone online\" \/>\n<meta property=\"og:description\" content=\"Buy Hydromorphone Online \u2013 Buy Hydromorphone Online. The most famous brand name for hydromorphone, this medication can either be in tablet or liquid.\" \/>\n<meta property=\"og:url\" content=\"https:\/\/buy-prescriptionz.com\/de\/produkt\/hydromorphon-online-kaufen\/\" \/>\n<meta property=\"og:site_name\" content=\"Buy Prescriptionz\" \/>\n<meta property=\"article:modified_time\" content=\"2025-09-22T05:15:15+00:00\" \/>\n<meta property=\"og:image\" content=\"https:\/\/buy-prescriptionz.com\/wp-content\/uploads\/2025\/09\/Hydromorphone.png\" \/>\n\t<meta property=\"og:image:width\" content=\"960\" \/>\n\t<meta property=\"og:image:height\" content=\"1200\" \/>\n\t<meta property=\"og:image:type\" content=\"image\/png\" \/>\n<meta name=\"twitter:card\" content=\"summary_large_image\" \/>\n<meta name=\"twitter:label1\" content=\"Gesch\u00e4tzte Lesezeit\" \/>\n\t<meta name=\"twitter:data1\" content=\"4\u00a0Minuten\" \/>\n<script type=\"application\/ld+json\" class=\"yoast-schema-graph\">{\"@context\":\"https:\/\/schema.org\",\"@graph\":[{\"@type\":\"WebPage\",\"@id\":\"https:\/\/buy-prescriptionz.com\/product\/buy-hydromorphone-online\/\",\"url\":\"https:\/\/buy-prescriptionz.com\/product\/buy-hydromorphone-online\/\",\"name\":\"Buy Hydromorphone Online | order hydromorphone online\",\"isPartOf\":{\"@id\":\"https:\/\/buy-prescriptionz.com\/#website\"},\"primaryImageOfPage\":{\"@id\":\"https:\/\/buy-prescriptionz.com\/product\/buy-hydromorphone-online\/#primaryimage\"},\"image\":{\"@id\":\"https:\/\/buy-prescriptionz.com\/product\/buy-hydromorphone-online\/#primaryimage\"},\"thumbnailUrl\":\"https:\/\/buy-prescriptionz.com\/wp-content\/uploads\/2025\/09\/Hydromorphone.png\",\"datePublished\":\"2025-09-16T08:55:28+00:00\",\"dateModified\":\"2025-09-22T05:15:15+00:00\",\"description\":\"Buy Hydromorphone Online \u2013 Buy Hydromorphone Online. The most famous brand name for hydromorphone, this medication can either be in tablet or liquid.\",\"breadcrumb\":{\"@id\":\"https:\/\/buy-prescriptionz.com\/product\/buy-hydromorphone-online\/#breadcrumb\"},\"inLanguage\":\"de\",\"potentialAction\":[{\"@type\":\"ReadAction\",\"target\":[\"https:\/\/buy-prescriptionz.com\/product\/buy-hydromorphone-online\/\"]}]},{\"@type\":\"ImageObject\",\"inLanguage\":\"de\",\"@id\":\"https:\/\/buy-prescriptionz.com\/product\/buy-hydromorphone-online\/#primaryimage\",\"url\":\"https:\/\/buy-prescriptionz.com\/wp-content\/uploads\/2025\/09\/Hydromorphone.png\",\"contentUrl\":\"https:\/\/buy-prescriptionz.com\/wp-content\/uploads\/2025\/09\/Hydromorphone.png\",\"width\":960,\"height\":1200},{\"@type\":\"BreadcrumbList\",\"@id\":\"https:\/\/buy-prescriptionz.com\/product\/buy-hydromorphone-online\/#breadcrumb\",\"itemListElement\":[{\"@type\":\"ListItem\",\"position\":1,\"name\":\"Home\",\"item\":\"https:\/\/buy-prescriptionz.com\/\"},{\"@type\":\"ListItem\",\"position\":2,\"name\":\"Shop Painkillers Online\",\"item\":\"https:\/\/buy-prescriptionz.com\/shop-painkillers-online\/\"},{\"@type\":\"ListItem\",\"position\":3,\"name\":\"Buy Hydromorphone Online\"}]},{\"@type\":\"WebSite\",\"@id\":\"https:\/\/buy-prescriptionz.com\/#website\",\"url\":\"https:\/\/buy-prescriptionz.com\/\",\"name\":\"Buy Prescriptionz\",\"description\":\"Drugs Online\",\"publisher\":{\"@id\":\"https:\/\/buy-prescriptionz.com\/#organization\"},\"potentialAction\":[{\"@type\":\"SearchAction\",\"target\":{\"@type\":\"EntryPoint\",\"urlTemplate\":\"https:\/\/buy-prescriptionz.com\/?s={search_term_string}\"},\"query-input\":{\"@type\":\"PropertyValueSpecification\",\"valueRequired\":true,\"valueName\":\"search_term_string\"}}],\"inLanguage\":\"de\"},{\"@type\":\"Organization\",\"@id\":\"https:\/\/buy-prescriptionz.com\/#organization\",\"name\":\"Buy Prescriptionz\",\"url\":\"https:\/\/buy-prescriptionz.com\/\",\"logo\":{\"@type\":\"ImageObject\",\"inLanguage\":\"de\",\"@id\":\"https:\/\/buy-prescriptionz.com\/#\/schema\/logo\/image\/\",\"url\":\"https:\/\/buy-prescriptionz.com\/wp-content\/uploads\/2023\/09\/logo.png\",\"contentUrl\":\"https:\/\/buy-prescriptionz.com\/wp-content\/uploads\/2023\/09\/logo.png\",\"width\":350,\"height\":64,\"caption\":\"Buy Prescriptionz\"},\"image\":{\"@id\":\"https:\/\/buy-prescriptionz.com\/#\/schema\/logo\/image\/\"}}]}<\/script>\n<!-- \/ Yoast SEO plugin. -->","yoast_head_json":{"title":"Hydromorphon online kaufen | Hydromorphon online bestellen","description":"Hydromorphon online kaufen \u2013 Hydromorphon online kaufen. Der bekannteste Markenname f\u00fcr Hydromorphon. Dieses Medikament ist entweder als Tablette oder als Fl\u00fcssigkeit erh\u00e4ltlich.","robots":{"index":"index","follow":"follow","max-snippet":"max-snippet:-1","max-image-preview":"max-image-preview:large","max-video-preview":"max-video-preview:-1"},"canonical":"https:\/\/buy-prescriptionz.com\/de\/produkt\/hydromorphon-online-kaufen\/","og_locale":"de_DE","og_type":"article","og_title":"Buy Hydromorphone Online | order hydromorphone online","og_description":"Buy Hydromorphone Online \u2013 Buy Hydromorphone Online. The most famous brand name for hydromorphone, this medication can either be in tablet or liquid.","og_url":"https:\/\/buy-prescriptionz.com\/de\/produkt\/hydromorphon-online-kaufen\/","og_site_name":"Buy Prescriptionz","article_modified_time":"2025-09-22T05:15:15+00:00","og_image":[{"width":960,"height":1200,"url":"https:\/\/buy-prescriptionz.com\/wp-content\/uploads\/2025\/09\/Hydromorphone.png","type":"image\/png"}],"twitter_card":"summary_large_image","twitter_misc":{"Gesch\u00e4tzte Lesezeit":"4\u00a0Minuten"},"schema":{"@context":"https:\/\/schema.org","@graph":[{"@type":"WebPage","@id":"https:\/\/buy-prescriptionz.com\/product\/buy-hydromorphone-online\/","url":"https:\/\/buy-prescriptionz.com\/product\/buy-hydromorphone-online\/","name":"Hydromorphon online kaufen | Hydromorphon online bestellen","isPartOf":{"@id":"https:\/\/buy-prescriptionz.com\/#website"},"primaryImageOfPage":{"@id":"https:\/\/buy-prescriptionz.com\/product\/buy-hydromorphone-online\/#primaryimage"},"image":{"@id":"https:\/\/buy-prescriptionz.com\/product\/buy-hydromorphone-online\/#primaryimage"},"thumbnailUrl":"https:\/\/buy-prescriptionz.com\/wp-content\/uploads\/2025\/09\/Hydromorphone.png","datePublished":"2025-09-16T08:55:28+00:00","dateModified":"2025-09-22T05:15:15+00:00","description":"Hydromorphon online kaufen \u2013 Hydromorphon online kaufen. Der bekannteste Markenname f\u00fcr Hydromorphon. Dieses Medikament ist entweder als Tablette oder als Fl\u00fcssigkeit erh\u00e4ltlich.","breadcrumb":{"@id":"https:\/\/buy-prescriptionz.com\/product\/buy-hydromorphone-online\/#breadcrumb"},"inLanguage":"de","potentialAction":[{"@type":"ReadAction","target":["https:\/\/buy-prescriptionz.com\/product\/buy-hydromorphone-online\/"]}]},{"@type":"ImageObject","inLanguage":"de","@id":"https:\/\/buy-prescriptionz.com\/product\/buy-hydromorphone-online\/#primaryimage","url":"https:\/\/buy-prescriptionz.com\/wp-content\/uploads\/2025\/09\/Hydromorphone.png","contentUrl":"https:\/\/buy-prescriptionz.com\/wp-content\/uploads\/2025\/09\/Hydromorphone.png","width":960,"height":1200},{"@type":"BreadcrumbList","@id":"https:\/\/buy-prescriptionz.com\/product\/buy-hydromorphone-online\/#breadcrumb","itemListElement":[{"@type":"ListItem","position":1,"name":"Home","item":"https:\/\/buy-prescriptionz.com\/"},{"@type":"ListItem","position":2,"name":"Shop Painkillers Online","item":"https:\/\/buy-prescriptionz.com\/shop-painkillers-online\/"},{"@type":"ListItem","position":3,"name":"Buy Hydromorphone Online"}]},{"@type":"WebSite","@id":"https:\/\/buy-prescriptionz.com\/#website","url":"https:\/\/buy-prescriptionz.com\/","name":"Kaufen Prescriptionz","description":"Online-Drogen","publisher":{"@id":"https:\/\/buy-prescriptionz.com\/#organization"},"potentialAction":[{"@type":"SearchAction","target":{"@type":"EntryPoint","urlTemplate":"https:\/\/buy-prescriptionz.com\/?s={search_term_string}"},"query-input":{"@type":"PropertyValueSpecification","valueRequired":true,"valueName":"search_term_string"}}],"inLanguage":"de"},{"@type":"Organization","@id":"https:\/\/buy-prescriptionz.com\/#organization","name":"Kaufen Prescriptionz","url":"https:\/\/buy-prescriptionz.com\/","logo":{"@type":"ImageObject","inLanguage":"de","@id":"https:\/\/buy-prescriptionz.com\/#\/schema\/logo\/image\/","url":"https:\/\/buy-prescriptionz.com\/wp-content\/uploads\/2023\/09\/logo.png","contentUrl":"https:\/\/buy-prescriptionz.com\/wp-content\/uploads\/2023\/09\/logo.png","width":350,"height":64,"caption":"Buy Prescriptionz"},"image":{"@id":"https:\/\/buy-prescriptionz.com\/#\/schema\/logo\/image\/"}}]}},"_links":{"self":[{"href":"https:\/\/buy-prescriptionz.com\/de\/wp-json\/wp\/v2\/product\/2933","targetHints":{"allow":["GET"]}}],"collection":[{"href":"https:\/\/buy-prescriptionz.com\/de\/wp-json\/wp\/v2\/product"}],"about":[{"href":"https:\/\/buy-prescriptionz.com\/de\/wp-json\/wp\/v2\/types\/product"}],"replies":[{"embeddable":true,"href":"https:\/\/buy-prescriptionz.com\/de\/wp-json\/wp\/v2\/comments?post=2933"}],"wp:featuredmedia":[{"embeddable":true,"href":"https:\/\/buy-prescriptionz.com\/de\/wp-json\/wp\/v2\/media\/2963"}],"wp:attachment":[{"href":"https:\/\/buy-prescriptionz.com\/de\/wp-json\/wp\/v2\/media?parent=2933"}],"wp:term":[{"taxonomy":"product_brand","embeddable":true,"href":"https:\/\/buy-prescriptionz.com\/de\/wp-json\/wp\/v2\/product_brand?post=2933"},{"taxonomy":"product_cat","embeddable":true,"href":"https:\/\/buy-prescriptionz.com\/de\/wp-json\/wp\/v2\/product_cat?post=2933"},{"taxonomy":"product_tag","embeddable":true,"href":"https:\/\/buy-prescriptionz.com\/de\/wp-json\/wp\/v2\/product_tag?post=2933"}],"curies":[{"name":"wp","href":"https:\/\/api.w.org\/{rel}","templated":true}]}}