{"id":2959,"date":"2025-09-16T08:55:30","date_gmt":"2025-09-16T08:55:30","guid":{"rendered":"https:\/\/chemsfine.com\/newsite\/?post_type=product&#038;p=2959"},"modified":"2025-09-26T11:58:39","modified_gmt":"2025-09-26T11:58:39","slug":"midazolam","status":"publish","type":"product","link":"https:\/\/buy-prescriptionz.com\/de\/produkt\/midazolam\/","title":{"rendered":"Midazolam"},"content":{"rendered":"<h2>MIDAZOLAM ONLINE KAUFEN<\/h2>\n<p>BUY MIDAZOLAM ONLINE Wie kaufe ich Midazolam, Midazolam soll ein kurz wirkendes Medikament sein, das hypnotisch-sedativ wirkt und amnestische und anxiolytische Eigenschaften hat. Es kann in der Herzchirurgie, der Zahnmedizin und auch bei endoskopischen Eingriffen als Pr\u00e4an\u00e4sthetikum eingesetzt werden. Es ist auch eine Erg\u00e4nzung zur Lokalan\u00e4sthesie. Die kardiorespiratorische Stabilit\u00e4t und kurze ...<\/p>\n<h3>WELCHE VORSICHTSMASSNAHMEN ENTHALTEN MIDAZOLAM?<\/h3>\n<p>Wenn Sie zusammen mit dem Medikament alkoholische Getr\u00e4nke oder Alkohol trinken, kann dies zu Schwindel und Schl\u00e4frigkeit f\u00fchren. Dies ist nicht gut f\u00fcr Ihre Gesundheit. Zu den Medikamenten, die wahrscheinlich mit Midazolam interagieren, geh\u00f6ren Beruhigungsmittel, ZNS-Depressiva, Schlafmittel, Tranquilizer, Muskelrelaxantien und Narkotika. Vorerkrankungen wie Herzprobleme und Blutgerinnungsst\u00f6rungen sollten Sie Ihrem Arzt mitteilen. Wie Sie Midazolam kaufen<\/p>\n<p><strong>Nebenwirkungen von Midazolam<\/strong><\/p>\n<p>1. Sch\u00fctteln<br \/>\n2. Stimmungsschwankungen<br \/>\n3. Niedriger Blutdruck<br \/>\n4. Unkontrollierte Bewegungen<br \/>\n5. Anf\u00e4lle<br \/>\n6. Flache Atmung<br \/>\n7. Starker Schwindel<br \/>\n8. Schwellung<br \/>\n9. Bronchospasmus<br \/>\n10. Atembeschwerden<\/p>\n<h3>WAS PASSIERT, WENN MAN DIE \u00dcBERDOSIS MIDAZOLAM VERPASST?<\/h3>\n<p>Wenn man eine \u00dcberdosis Midazolam nur einmal vers\u00e4umt, ist das kein Problem. Man kann die Dosis sofort einnehmen. Wenn es jedoch Zeit f\u00fcr die n\u00e4chste Dosis ist, sollte man nur eine Dosis einnehmen. Eine \u00dcberdosis Midazolam kann t\u00f6dlich sein. Sie m\u00fcssen sofort den Notarzt rufen oder einen Arzt konsultieren. Midazolam ist ein Benzodiazepin, d. h. ein Medikament, das haupts\u00e4chlich zur Entspannung und Beruhigung eingesetzt wird. Oft wird es vor medizinischen Behandlungen verabreicht, um die Entspannung, Beruhigung und das Einschlafen zu f\u00f6rdern. Es gibt verschiedene Arten von Midazolam, z. B. Tabletten, Sirupe und fl\u00fcssige Behandlungen, sodass es f\u00fcr viele verschiedene medizinische Zwecke eingesetzt werden kann.<\/p>\n<p><strong>Die Wirkungsweise von Midazolam<\/strong><br \/>\nGamma-Aminobutters\u00e4ure (GABA), ein chemischer Stoff, der die Gehirnaktivit\u00e4t verlangsamt, wirkt in Kombination mit Midazolam besser. Diese Wirkung beruhigt das Nervensystem, reduziert Stress und macht schl\u00e4frig oder sediert. Seine kurze Halbwertszeit und der schnelle Wirkungseintritt machen es ideal f\u00fcr medizinische Anwendungen, in denen Patienten schnell und sicher sediert werden m\u00fcssen. Vorteile von Midazolam vor Eingriffen<\/p>\n<p>Sedierung: Patienten werden vor Behandlungen oder medizinischen Tests h\u00e4ufig mit Midazolam in den Schlaf versetzt, um sicherzustellen, dass sie ruhig und entspannt bleiben.<\/p>\n<p>Linderung von Angstzust\u00e4nden: Das Medikament eignet sich gut zur Kontrolle schwerer Angstzust\u00e4nde und lindert schnell die Anzeichen schwerer Angstzust\u00e4nde.<\/p>\n<p>Kontrolle von Anf\u00e4llen: Midazolam kann im Notfall zur Beendigung von Anf\u00e4llen eingesetzt werden und ist daher f\u00fcr Menschen mit Epilepsie sowohl im Krankenhaus als auch zu Hause ein n\u00fctzliches Hilfsmittel.<\/p>\n<p>Obwohl Midazolam sehr gut wirkt, sollte es nur unter \u00e4rztlicher Aufsicht angewendet werden, da es Nebenwirkungen wie Schl\u00e4frigkeit, Schwindel und verlangsamte Atmung verursachen kann. Bei l\u00e4ngerer Einnahme kann es abh\u00e4ngig machen. Halten Sie sich daher unbedingt an die \u00e4rztliche Dosierung und Einnahmedauer. Midazolam ist ein starkes und flexibles Medikament, das wichtig ist, um Anf\u00e4lle zu reduzieren, den Schlaf zu erhalten und Nervosit\u00e4t zu lindern. Besuchen Sie eine der besten Apotheken auf buy-prescriptionz.com, um mehr \u00fcber Midazolam und andere verschreibungspflichtige Medikamente zu erfahren. Dort finden Sie viele Produkte, die Ihre Gesundheit und Ihr Wohlbefinden f\u00f6rdern.<\/p>\n<h3>WO K\u00d6NNEN SIE MIDAZOLAM ONLINE KAUFEN?<\/h3>\n<p>Midazolam kann online bei buy-prescriptionz.com gekauft werden, wo das Medikament zum besten Preis angeboten wird. Midazolam-Tabletten online kaufen, Midazolam in Gro\u00dfbritannien kaufen,<\/p>","protected":false},"excerpt":{"rendered":"<p>BUY MIDAZOLAM ONLINE How to buy Midazolam, Midazolam is said to be a short-acting drug, which has hypnotic-sedative and has amnestic and anxiolytic properties. This can be used in cardiac surgery, dentistry, and also in endoscopic procedures, which is as pre-anesthetic medication. This is also an adjunct to local anesthesia. The cardiorespiratory stability and short [&hellip;]<\/p>","protected":false},"featured_media":2980,"comment_status":"open","ping_status":"closed","template":"","meta":{"site-sidebar-layout":"default","site-content-layout":"","ast-site-content-layout":"default","site-content-style":"default","site-sidebar-style":"default","ast-global-header-display":"","ast-banner-title-visibility":"","ast-main-header-display":"","ast-hfb-above-header-display":"","ast-hfb-below-header-display":"","ast-hfb-mobile-header-display":"","site-post-title":"","ast-breadcrumbs-content":"","ast-featured-img":"","footer-sml-layout":"","theme-transparent-header-meta":"default","adv-header-id-meta":"","stick-header-meta":"","header-above-stick-meta":"","header-main-stick-meta":"","header-below-stick-meta":"","astra-migrate-meta-layouts":"set","ast-page-background-enabled":"default","ast-page-background-meta":{"desktop":{"background-color":"var(--ast-global-color-4)","background-image":"","background-repeat":"repeat","background-position":"center center","background-size":"auto","background-attachment":"scroll","background-type":"","background-media":"","overlay-type":"","overlay-color":"","overlay-opacity":"","overlay-gradient":""},"tablet":{"background-color":"","background-image":"","background-repeat":"repeat","background-position":"center center","background-size":"auto","background-attachment":"scroll","background-type":"","background-media":"","overlay-type":"","overlay-color":"","overlay-opacity":"","overlay-gradient":""},"mobile":{"background-color":"","background-image":"","background-repeat":"repeat","background-position":"center center","background-size":"auto","background-attachment":"scroll","background-type":"","background-media":"","overlay-type":"","overlay-color":"","overlay-opacity":"","overlay-gradient":""}},"ast-content-background-meta":{"desktop":{"background-color":"var(--ast-global-color-5)","background-image":"","background-repeat":"repeat","background-position":"center center","background-size":"auto","background-attachment":"scroll","background-type":"","background-media":"","overlay-type":"","overlay-color":"","overlay-opacity":"","overlay-gradient":""},"tablet":{"background-color":"var(--ast-global-color-5)","background-image":"","background-repeat":"repeat","background-position":"center center","background-size":"auto","background-attachment":"scroll","background-type":"","background-media":"","overlay-type":"","overlay-color":"","overlay-opacity":"","overlay-gradient":""},"mobile":{"background-color":"var(--ast-global-color-5)","background-image":"","background-repeat":"repeat","background-position":"center center","background-size":"auto","background-attachment":"scroll","background-type":"","background-media":"","overlay-type":"","overlay-color":"","overlay-opacity":"","overlay-gradient":""}}},"product_brand":[],"product_cat":[2381],"product_tag":[2317,2322,2321,2316,2254,2318,2319,2323,2315,2320],"class_list":{"0":"post-2959","1":"product","2":"type-product","3":"status-publish","4":"has-post-thumbnail","6":"product_cat-buy-depressants-and-anxiety-pills-online","7":"product_tag-buy-evekeo-online","8":"product_tag-buy-midazolam-ampoules-online","9":"product_tag-buy-midazolam-online","10":"product_tag-buy-midazolam-uk","11":"product_tag-buy-phenobarbital-online","12":"product_tag-buy-sodium-oxybate-online","13":"product_tag-midazolam-manufacturer","14":"product_tag-midazolam-price","15":"product_tag-midazolam-tablet-buy-online","16":"product_tag-midazolam-vial","17":"desktop-align-center","18":"tablet-align-left","19":"mobile-align-left","21":"first","22":"instock","23":"shipping-taxable","24":"purchasable","25":"product-type-variable","26":"has-default-attributes"},"yoast_head":"<!-- This site is optimized with the Yoast SEO plugin v25.9 - https:\/\/yoast.com\/wordpress\/plugins\/seo\/ -->\n<title>Buy Midazolam Online - Midazolam for Sale - Order Midazolam<\/title>\n<meta name=\"description\" content=\"Our online Buy-Prescriptionz store has the best quality midazolan for sale. If you want to buy midazolam online, then we can help you from all ends. Order today!\" \/>\n<meta name=\"robots\" content=\"index, follow, max-snippet:-1, max-image-preview:large, max-video-preview:-1\" \/>\n<link rel=\"canonical\" href=\"https:\/\/buy-prescriptionz.com\/de\/produkt\/midazolam\/\" \/>\n<meta property=\"og:locale\" content=\"de_DE\" \/>\n<meta property=\"og:type\" content=\"article\" \/>\n<meta property=\"og:title\" content=\"Buy Midazolam Online - Midazolam for Sale - Order Midazolam\" \/>\n<meta property=\"og:description\" content=\"Our online Buy-Prescriptionz store has the best quality midazolan for sale. If you want to buy midazolam online, then we can help you from all ends. Order today!\" \/>\n<meta property=\"og:url\" content=\"https:\/\/buy-prescriptionz.com\/de\/produkt\/midazolam\/\" \/>\n<meta property=\"og:site_name\" content=\"Buy Prescriptionz\" \/>\n<meta property=\"article:modified_time\" content=\"2025-09-26T11:58:39+00:00\" \/>\n<meta property=\"og:image\" content=\"https:\/\/buy-prescriptionz.com\/wp-content\/uploads\/2025\/09\/midazolam.jpg\" \/>\n\t<meta property=\"og:image:width\" content=\"400\" \/>\n\t<meta property=\"og:image:height\" content=\"300\" \/>\n\t<meta property=\"og:image:type\" content=\"image\/jpeg\" \/>\n<meta name=\"twitter:card\" content=\"summary_large_image\" \/>\n<meta name=\"twitter:label1\" content=\"Gesch\u00e4tzte Lesezeit\" \/>\n\t<meta name=\"twitter:data1\" content=\"3\u00a0Minuten\" \/>\n<script type=\"application\/ld+json\" class=\"yoast-schema-graph\">{\"@context\":\"https:\/\/schema.org\",\"@graph\":[{\"@type\":\"WebPage\",\"@id\":\"https:\/\/buy-prescriptionz.com\/product\/midazolam\/\",\"url\":\"https:\/\/buy-prescriptionz.com\/product\/midazolam\/\",\"name\":\"Buy Midazolam Online - Midazolam for Sale - Order Midazolam\",\"isPartOf\":{\"@id\":\"https:\/\/buy-prescriptionz.com\/#website\"},\"primaryImageOfPage\":{\"@id\":\"https:\/\/buy-prescriptionz.com\/product\/midazolam\/#primaryimage\"},\"image\":{\"@id\":\"https:\/\/buy-prescriptionz.com\/product\/midazolam\/#primaryimage\"},\"thumbnailUrl\":\"https:\/\/buy-prescriptionz.com\/wp-content\/uploads\/2025\/09\/midazolam.jpg\",\"datePublished\":\"2025-09-16T08:55:30+00:00\",\"dateModified\":\"2025-09-26T11:58:39+00:00\",\"description\":\"Our online Buy-Prescriptionz store has the best quality midazolan for sale. If you want to buy midazolam online, then we can help you from all ends. Order today!\",\"breadcrumb\":{\"@id\":\"https:\/\/buy-prescriptionz.com\/product\/midazolam\/#breadcrumb\"},\"inLanguage\":\"de\",\"potentialAction\":[{\"@type\":\"ReadAction\",\"target\":[\"https:\/\/buy-prescriptionz.com\/product\/midazolam\/\"]}]},{\"@type\":\"ImageObject\",\"inLanguage\":\"de\",\"@id\":\"https:\/\/buy-prescriptionz.com\/product\/midazolam\/#primaryimage\",\"url\":\"https:\/\/buy-prescriptionz.com\/wp-content\/uploads\/2025\/09\/midazolam.jpg\",\"contentUrl\":\"https:\/\/buy-prescriptionz.com\/wp-content\/uploads\/2025\/09\/midazolam.jpg\",\"width\":400,\"height\":300},{\"@type\":\"BreadcrumbList\",\"@id\":\"https:\/\/buy-prescriptionz.com\/product\/midazolam\/#breadcrumb\",\"itemListElement\":[{\"@type\":\"ListItem\",\"position\":1,\"name\":\"Home\",\"item\":\"https:\/\/buy-prescriptionz.com\/\"},{\"@type\":\"ListItem\",\"position\":2,\"name\":\"Shop Painkillers Online\",\"item\":\"https:\/\/buy-prescriptionz.com\/shop-painkillers-online\/\"},{\"@type\":\"ListItem\",\"position\":3,\"name\":\"Midazolam\"}]},{\"@type\":\"WebSite\",\"@id\":\"https:\/\/buy-prescriptionz.com\/#website\",\"url\":\"https:\/\/buy-prescriptionz.com\/\",\"name\":\"Buy Prescriptionz\",\"description\":\"Drugs Online\",\"publisher\":{\"@id\":\"https:\/\/buy-prescriptionz.com\/#organization\"},\"potentialAction\":[{\"@type\":\"SearchAction\",\"target\":{\"@type\":\"EntryPoint\",\"urlTemplate\":\"https:\/\/buy-prescriptionz.com\/?s={search_term_string}\"},\"query-input\":{\"@type\":\"PropertyValueSpecification\",\"valueRequired\":true,\"valueName\":\"search_term_string\"}}],\"inLanguage\":\"de\"},{\"@type\":\"Organization\",\"@id\":\"https:\/\/buy-prescriptionz.com\/#organization\",\"name\":\"Buy Prescriptionz\",\"url\":\"https:\/\/buy-prescriptionz.com\/\",\"logo\":{\"@type\":\"ImageObject\",\"inLanguage\":\"de\",\"@id\":\"https:\/\/buy-prescriptionz.com\/#\/schema\/logo\/image\/\",\"url\":\"https:\/\/buy-prescriptionz.com\/wp-content\/uploads\/2023\/09\/logo.png\",\"contentUrl\":\"https:\/\/buy-prescriptionz.com\/wp-content\/uploads\/2023\/09\/logo.png\",\"width\":350,\"height\":64,\"caption\":\"Buy Prescriptionz\"},\"image\":{\"@id\":\"https:\/\/buy-prescriptionz.com\/#\/schema\/logo\/image\/\"}}]}<\/script>\n<!-- \/ Yoast SEO plugin. -->","yoast_head_json":{"title":"Midazolam online kaufen - Midazolam zu verkaufen - Midazolam bestellen","description":"Unser Online-Shop Buy-Prescriptionz bietet Flexeril in bester Qualit\u00e4t an. Wenn Sie Flexeril online kaufen m\u00f6chten, helfen wir Ihnen gerne weiter. Bestellen Sie noch heute!","robots":{"index":"index","follow":"follow","max-snippet":"max-snippet:-1","max-image-preview":"max-image-preview:large","max-video-preview":"max-video-preview:-1"},"canonical":"https:\/\/buy-prescriptionz.com\/de\/produkt\/midazolam\/","og_locale":"de_DE","og_type":"article","og_title":"Buy Midazolam Online - Midazolam for Sale - Order Midazolam","og_description":"Our online Buy-Prescriptionz store has the best quality midazolan for sale. If you want to buy midazolam online, then we can help you from all ends. Order today!","og_url":"https:\/\/buy-prescriptionz.com\/de\/produkt\/midazolam\/","og_site_name":"Buy Prescriptionz","article_modified_time":"2025-09-26T11:58:39+00:00","og_image":[{"width":400,"height":300,"url":"https:\/\/buy-prescriptionz.com\/wp-content\/uploads\/2025\/09\/midazolam.jpg","type":"image\/jpeg"}],"twitter_card":"summary_large_image","twitter_misc":{"Gesch\u00e4tzte Lesezeit":"3\u00a0Minuten"},"schema":{"@context":"https:\/\/schema.org","@graph":[{"@type":"WebPage","@id":"https:\/\/buy-prescriptionz.com\/product\/midazolam\/","url":"https:\/\/buy-prescriptionz.com\/product\/midazolam\/","name":"Midazolam online kaufen - Midazolam zu verkaufen - Midazolam bestellen","isPartOf":{"@id":"https:\/\/buy-prescriptionz.com\/#website"},"primaryImageOfPage":{"@id":"https:\/\/buy-prescriptionz.com\/product\/midazolam\/#primaryimage"},"image":{"@id":"https:\/\/buy-prescriptionz.com\/product\/midazolam\/#primaryimage"},"thumbnailUrl":"https:\/\/buy-prescriptionz.com\/wp-content\/uploads\/2025\/09\/midazolam.jpg","datePublished":"2025-09-16T08:55:30+00:00","dateModified":"2025-09-26T11:58:39+00:00","description":"Unser Online-Shop Buy-Prescriptionz bietet Flexeril in bester Qualit\u00e4t an. Wenn Sie Flexeril online kaufen m\u00f6chten, helfen wir Ihnen gerne weiter. Bestellen Sie noch heute!","breadcrumb":{"@id":"https:\/\/buy-prescriptionz.com\/product\/midazolam\/#breadcrumb"},"inLanguage":"de","potentialAction":[{"@type":"ReadAction","target":["https:\/\/buy-prescriptionz.com\/product\/midazolam\/"]}]},{"@type":"ImageObject","inLanguage":"de","@id":"https:\/\/buy-prescriptionz.com\/product\/midazolam\/#primaryimage","url":"https:\/\/buy-prescriptionz.com\/wp-content\/uploads\/2025\/09\/midazolam.jpg","contentUrl":"https:\/\/buy-prescriptionz.com\/wp-content\/uploads\/2025\/09\/midazolam.jpg","width":400,"height":300},{"@type":"BreadcrumbList","@id":"https:\/\/buy-prescriptionz.com\/product\/midazolam\/#breadcrumb","itemListElement":[{"@type":"ListItem","position":1,"name":"Home","item":"https:\/\/buy-prescriptionz.com\/"},{"@type":"ListItem","position":2,"name":"Shop Painkillers Online","item":"https:\/\/buy-prescriptionz.com\/shop-painkillers-online\/"},{"@type":"ListItem","position":3,"name":"Midazolam"}]},{"@type":"WebSite","@id":"https:\/\/buy-prescriptionz.com\/#website","url":"https:\/\/buy-prescriptionz.com\/","name":"Kaufen Prescriptionz","description":"Online-Drogen","publisher":{"@id":"https:\/\/buy-prescriptionz.com\/#organization"},"potentialAction":[{"@type":"SearchAction","target":{"@type":"EntryPoint","urlTemplate":"https:\/\/buy-prescriptionz.com\/?s={search_term_string}"},"query-input":{"@type":"PropertyValueSpecification","valueRequired":true,"valueName":"search_term_string"}}],"inLanguage":"de"},{"@type":"Organization","@id":"https:\/\/buy-prescriptionz.com\/#organization","name":"Kaufen Prescriptionz","url":"https:\/\/buy-prescriptionz.com\/","logo":{"@type":"ImageObject","inLanguage":"de","@id":"https:\/\/buy-prescriptionz.com\/#\/schema\/logo\/image\/","url":"https:\/\/buy-prescriptionz.com\/wp-content\/uploads\/2023\/09\/logo.png","contentUrl":"https:\/\/buy-prescriptionz.com\/wp-content\/uploads\/2023\/09\/logo.png","width":350,"height":64,"caption":"Buy Prescriptionz"},"image":{"@id":"https:\/\/buy-prescriptionz.com\/#\/schema\/logo\/image\/"}}]}},"_links":{"self":[{"href":"https:\/\/buy-prescriptionz.com\/de\/wp-json\/wp\/v2\/product\/2959","targetHints":{"allow":["GET"]}}],"collection":[{"href":"https:\/\/buy-prescriptionz.com\/de\/wp-json\/wp\/v2\/product"}],"about":[{"href":"https:\/\/buy-prescriptionz.com\/de\/wp-json\/wp\/v2\/types\/product"}],"replies":[{"embeddable":true,"href":"https:\/\/buy-prescriptionz.com\/de\/wp-json\/wp\/v2\/comments?post=2959"}],"wp:featuredmedia":[{"embeddable":true,"href":"https:\/\/buy-prescriptionz.com\/de\/wp-json\/wp\/v2\/media\/2980"}],"wp:attachment":[{"href":"https:\/\/buy-prescriptionz.com\/de\/wp-json\/wp\/v2\/media?parent=2959"}],"wp:term":[{"taxonomy":"product_brand","embeddable":true,"href":"https:\/\/buy-prescriptionz.com\/de\/wp-json\/wp\/v2\/product_brand?post=2959"},{"taxonomy":"product_cat","embeddable":true,"href":"https:\/\/buy-prescriptionz.com\/de\/wp-json\/wp\/v2\/product_cat?post=2959"},{"taxonomy":"product_tag","embeddable":true,"href":"https:\/\/buy-prescriptionz.com\/de\/wp-json\/wp\/v2\/product_tag?post=2959"}],"curies":[{"name":"wp","href":"https:\/\/api.w.org\/{rel}","templated":true}]}}