{"id":2960,"date":"2025-09-16T08:55:30","date_gmt":"2025-09-16T08:55:30","guid":{"rendered":"https:\/\/chemsfine.com\/newsite\/?post_type=product&#038;p=2960"},"modified":"2025-09-23T06:55:21","modified_gmt":"2025-09-23T06:55:21","slug":"lorazepam-online-kaufen","status":"publish","type":"product","link":"https:\/\/buy-prescriptionz.com\/de\/produkt\/lorazepam-online-kaufen\/","title":{"rendered":"Lorazepam online kaufen"},"content":{"rendered":"<h2>LORAZEPAM ONLINE KAUFEN<\/h2>\n<h3>Warum sollten Sie Lorazepam online kaufen?<\/h3>\n<p>Kaufen Sie Ativan online. Lorazepam geh\u00f6rt zur Medikamentenklasse der Benzodiazepine. Lorazepam kann zur kurzfristigen Linderung von Angstsymptomen eingesetzt werden. Es verlangsamt die Kommunikation zwischen den Nerven im Gehirn. Einige Patienten haben nach der Einnahme von Lorazepam eine deutliche Linderung ihrer Angstzust\u00e4nde festgestellt, die etwa eine halbe Stunde anh\u00e4lt. Bei l\u00e4nger anhaltenden Anf\u00e4llen kann Lorazepam als Injektion als Erstbehandlung eingesetzt werden. Mit Lorazepam k\u00f6nnen Schl\u00e4frigkeit, Angstzust\u00e4nde und Anf\u00e4lle schnell behandelt werden. Das Medikament ist online leicht erh\u00e4ltlich. Die Wirkung setzt sofort nach der Einnahme ein und kann zu einer Entspannung des Gesundheitszustands f\u00fchren.<\/p>\n<h3>WELCHE VORSICHTSMASSNAHMEN SIND BEI DER EINNAHME VON LORAZEPAM ZU BEACHTEN?<\/h3>\n<p>Wenn jemand unter Atemproblemen, Lungen- oder Nierenfunktionsst\u00f6rungen, Herzerkrankungen, Schlafst\u00f6rungen oder Impotenz leidet, kann Lorazepam mit diesen Erkrankungen reagieren. Frauen mit Schwangerschaftswunsch oder schwangere Frauen sollten diese Tablette nicht einnehmen oder vor der Einnahme von Lorazepam einen Arzt konsultieren. Ativan online kaufen<\/p>\n<h3>WAS PASSIERT, WENN MAN EINE \u00dcBERDOSIS LORAZEPAM EINNIMMT ODER DIE EINNAHME VERS\u00c4UMT?<\/h3>\n<p>Wenn man eine Dosis von Lorazepam vergisst, kann man die Tablette zu diesem Zeitpunkt einnehmen, sollte aber nicht die doppelte Dosis einnehmen, wenn der Zeitpunkt der n\u00e4chsten Dosis gekommen ist.<br \/>\nLorazepam kann missbraucht werden, und es ist aus diesem Grund, dass es eine gro\u00dfe Chance der \u00dcberdosierung. Es ist f\u00fcr diese, dass man sollte Notfall-Hilfe auf einer sofortigen Basis.<\/p>\n<h3>WO KANN MAN LORAZEPAM ONLINE KAUFEN?<\/h3>\n<p>Wenn Sie Lorazepam ben\u00f6tigen, k\u00f6nnen Sie es zum besten Preis bei buy-prescriptionz.com kaufen.<\/p>\n<h3>Lorazepam \u2013 \u00dcberblick und Vorteile<\/h3>\n<p>Das beste Lorazepam ist ein Medikament aus der Klasse der Benzodiazepine, das aufgrund seiner beruhigenden und sedierenden Wirkung weit verbreitet ist. Es wird haupts\u00e4chlich zur Behandlung von Angstst\u00f6rungen, Schlaflosigkeit und Krampfanf\u00e4llen verschrieben. Durch die Verst\u00e4rkung der Wirkung des k\u00f6rpereigenen Botenstoffs GABA tr\u00e4gt Lorazepam dazu bei, Angstzust\u00e4nde zu reduzieren und Entspannung zu f\u00f6rdern.<\/p>\n<h3>Behandlung von Angstst\u00f6rungen<\/h3>\n<p>Ein weiterer wichtiger Vorteil von Clonazepam ist seine Wirksamkeit bei der Behandlung von Angstst\u00f6rungen. Es lindert schnell Symptome wie \u00fcberm\u00e4\u00dfige Sorgen, Unruhe und Anspannung. Die beruhigende Wirkung von Clonazepam kann dazu beitragen, dass sich Betroffene entspannter und weniger \u00e4ngstlich f\u00fchlen, was besonders f\u00fcr Menschen mit chronischen Angstzust\u00e4nden von Vorteil ist.<\/p>\n<h3>Schlaflosigkeit behandeln<\/h3>\n<p>Lorazepam wird auch h\u00e4ufig zur Behandlung von Schlaflosigkeit verschrieben, insbesondere wenn diese mit Angstzust\u00e4nden einhergeht. Seine beruhigenden Eigenschaften helfen dabei, schneller einzuschlafen und l\u00e4nger durchzuschlafen, was zu einem erholsameren und erholsameren Schlaf f\u00fchrt. Dies ist besonders vorteilhaft f\u00fcr Menschen, die aufgrund von Stress oder Angstzust\u00e4nden Schlafst\u00f6rungen haben.<\/p>\n<h3>Kontrolle von Anf\u00e4llen<\/h3>\n<p>Lorazepam wird nicht nur zur Behandlung von Angstzust\u00e4nden und Schlaflosigkeit eingesetzt, sondern auch zur Behandlung von Anfallsleiden. Es kann helfen, Anf\u00e4lle zu kontrollieren und zu verhindern, indem es die abnormale Gehirnaktivit\u00e4t beruhigt. Dies macht es zu einem wichtigen Medikament f\u00fcr Menschen mit Epilepsie oder anderen anfallsbedingten Erkrankungen.<\/p>\n<p>Lorazepam ist ein wirksames Medikament zur Behandlung von Angstzust\u00e4nden, Schlaflosigkeit und Krampfanf\u00e4llen und verbessert die geistige und k\u00f6rperliche Gesundheit. Es bietet zahlreiche Vorteile, die Ihre Lebensqualit\u00e4t deutlich verbessern k\u00f6nnen. Um Lorazepam zu kaufen, besuchen Sie bitte die beste Apotheke buy-prescriptionz.com. Dort finden Sie eine Vielzahl verschreibungspflichtiger Medikamente zum Online-Kauf.<\/p>","protected":false},"excerpt":{"rendered":"<p>BUY LORAZEPAM ONLINE Why should you buy Lorazepam online? Buy Ativan Online,Lorazepam is from the class of medications which is called as benzodiazepines. Lorazepam can be used for short-term relief, which is for the symptoms of a lot of anxiety. It slows down the communication between the nerves of the brain. Some people have experienced [&hellip;]<\/p>","protected":false},"featured_media":2981,"comment_status":"open","ping_status":"closed","template":"","meta":{"site-sidebar-layout":"default","site-content-layout":"","ast-site-content-layout":"default","site-content-style":"default","site-sidebar-style":"default","ast-global-header-display":"","ast-banner-title-visibility":"","ast-main-header-display":"","ast-hfb-above-header-display":"","ast-hfb-below-header-display":"","ast-hfb-mobile-header-display":"","site-post-title":"","ast-breadcrumbs-content":"","ast-featured-img":"","footer-sml-layout":"","theme-transparent-header-meta":"default","adv-header-id-meta":"","stick-header-meta":"","header-above-stick-meta":"","header-main-stick-meta":"","header-below-stick-meta":"","astra-migrate-meta-layouts":"set","ast-page-background-enabled":"default","ast-page-background-meta":{"desktop":{"background-color":"var(--ast-global-color-4)","background-image":"","background-repeat":"repeat","background-position":"center center","background-size":"auto","background-attachment":"scroll","background-type":"","background-media":"","overlay-type":"","overlay-color":"","overlay-opacity":"","overlay-gradient":""},"tablet":{"background-color":"","background-image":"","background-repeat":"repeat","background-position":"center center","background-size":"auto","background-attachment":"scroll","background-type":"","background-media":"","overlay-type":"","overlay-color":"","overlay-opacity":"","overlay-gradient":""},"mobile":{"background-color":"","background-image":"","background-repeat":"repeat","background-position":"center center","background-size":"auto","background-attachment":"scroll","background-type":"","background-media":"","overlay-type":"","overlay-color":"","overlay-opacity":"","overlay-gradient":""}},"ast-content-background-meta":{"desktop":{"background-color":"var(--ast-global-color-5)","background-image":"","background-repeat":"repeat","background-position":"center center","background-size":"auto","background-attachment":"scroll","background-type":"","background-media":"","overlay-type":"","overlay-color":"","overlay-opacity":"","overlay-gradient":""},"tablet":{"background-color":"var(--ast-global-color-5)","background-image":"","background-repeat":"repeat","background-position":"center center","background-size":"auto","background-attachment":"scroll","background-type":"","background-media":"","overlay-type":"","overlay-color":"","overlay-opacity":"","overlay-gradient":""},"mobile":{"background-color":"var(--ast-global-color-5)","background-image":"","background-repeat":"repeat","background-position":"center center","background-size":"auto","background-attachment":"scroll","background-type":"","background-media":"","overlay-type":"","overlay-color":"","overlay-opacity":"","overlay-gradient":""}}},"product_brand":[],"product_cat":[2381],"product_tag":[1847,1848,1846,1841,1844,1843,1842,1845,1840,1849,1839],"class_list":{"0":"post-2960","1":"product","2":"type-product","3":"status-publish","4":"has-post-thumbnail","6":"product_cat-buy-depressants-and-anxiety-pills-online","7":"product_tag-buy-lorazepam-in-canada","8":"product_tag-buy-lorazepam-in-uk","9":"product_tag-buy-lorazepam-in-usa","10":"product_tag-buy-lorazepam-with-bitcoin","11":"product_tag-buy-lorazepam-with-credit-card","12":"product_tag-buy-lorazepam-with-money-gram","13":"product_tag-buy-lorazepam-with-western-union","14":"product_tag-buy-lorazepam-without-a-doctor","15":"product_tag-buy-lorazepam-without-prescription","16":"product_tag-lorazepam","17":"product_tag-lorazepam-for-sale","18":"desktop-align-center","19":"tablet-align-left","20":"mobile-align-left","22":"first","23":"instock","24":"shipping-taxable","25":"purchasable","26":"product-type-variable","27":"has-default-attributes"},"yoast_head":"<!-- This site is optimized with the Yoast SEO plugin v25.9 - https:\/\/yoast.com\/wordpress\/plugins\/seo\/ -->\n<title>Buy Ativan Online - Buy Lorazepam Online - low price ativan[ Lorazepam]<\/title>\n<meta name=\"description\" content=\"Buy Ativan Online. Besides, Ativan also know as Lorazepam . Additionally, Buy lorazepam online Try not to take this drug to much . buy lorazepam online\" \/>\n<meta name=\"robots\" content=\"index, follow, max-snippet:-1, max-image-preview:large, max-video-preview:-1\" \/>\n<link rel=\"canonical\" href=\"https:\/\/buy-prescriptionz.com\/de\/produkt\/lorazepam-online-kaufen\/\" \/>\n<meta property=\"og:locale\" content=\"de_DE\" \/>\n<meta property=\"og:type\" content=\"article\" \/>\n<meta property=\"og:title\" content=\"Buy Ativan Online - Buy Lorazepam Online - low price ativan[ Lorazepam]\" \/>\n<meta property=\"og:description\" content=\"Buy Ativan Online. Besides, Ativan also know as Lorazepam . Additionally, Buy lorazepam online Try not to take this drug to much . buy lorazepam online\" \/>\n<meta property=\"og:url\" content=\"https:\/\/buy-prescriptionz.com\/de\/produkt\/lorazepam-online-kaufen\/\" \/>\n<meta property=\"og:site_name\" content=\"Buy Prescriptionz\" \/>\n<meta property=\"article:modified_time\" content=\"2025-09-23T06:55:21+00:00\" \/>\n<meta property=\"og:image\" content=\"https:\/\/buy-prescriptionz.com\/wp-content\/uploads\/2025\/09\/lorazepam.jpg\" \/>\n\t<meta property=\"og:image:width\" content=\"400\" \/>\n\t<meta property=\"og:image:height\" content=\"300\" \/>\n\t<meta property=\"og:image:type\" content=\"image\/jpeg\" \/>\n<meta name=\"twitter:card\" content=\"summary_large_image\" \/>\n<meta name=\"twitter:label1\" content=\"Gesch\u00e4tzte Lesezeit\" \/>\n\t<meta name=\"twitter:data1\" content=\"3\u00a0Minuten\" \/>\n<script type=\"application\/ld+json\" class=\"yoast-schema-graph\">{\"@context\":\"https:\/\/schema.org\",\"@graph\":[{\"@type\":\"WebPage\",\"@id\":\"https:\/\/buy-prescriptionz.com\/product\/buy-lorazepam-online\/\",\"url\":\"https:\/\/buy-prescriptionz.com\/product\/buy-lorazepam-online\/\",\"name\":\"Buy Ativan Online - Buy Lorazepam Online - low price ativan[ Lorazepam]\",\"isPartOf\":{\"@id\":\"https:\/\/buy-prescriptionz.com\/#website\"},\"primaryImageOfPage\":{\"@id\":\"https:\/\/buy-prescriptionz.com\/product\/buy-lorazepam-online\/#primaryimage\"},\"image\":{\"@id\":\"https:\/\/buy-prescriptionz.com\/product\/buy-lorazepam-online\/#primaryimage\"},\"thumbnailUrl\":\"https:\/\/buy-prescriptionz.com\/wp-content\/uploads\/2025\/09\/lorazepam.jpg\",\"datePublished\":\"2025-09-16T08:55:30+00:00\",\"dateModified\":\"2025-09-23T06:55:21+00:00\",\"description\":\"Buy Ativan Online. Besides, Ativan also know as Lorazepam . Additionally, Buy lorazepam online Try not to take this drug to much . buy lorazepam online\",\"breadcrumb\":{\"@id\":\"https:\/\/buy-prescriptionz.com\/product\/buy-lorazepam-online\/#breadcrumb\"},\"inLanguage\":\"de\",\"potentialAction\":[{\"@type\":\"ReadAction\",\"target\":[\"https:\/\/buy-prescriptionz.com\/product\/buy-lorazepam-online\/\"]}]},{\"@type\":\"ImageObject\",\"inLanguage\":\"de\",\"@id\":\"https:\/\/buy-prescriptionz.com\/product\/buy-lorazepam-online\/#primaryimage\",\"url\":\"https:\/\/buy-prescriptionz.com\/wp-content\/uploads\/2025\/09\/lorazepam.jpg\",\"contentUrl\":\"https:\/\/buy-prescriptionz.com\/wp-content\/uploads\/2025\/09\/lorazepam.jpg\",\"width\":400,\"height\":300},{\"@type\":\"BreadcrumbList\",\"@id\":\"https:\/\/buy-prescriptionz.com\/product\/buy-lorazepam-online\/#breadcrumb\",\"itemListElement\":[{\"@type\":\"ListItem\",\"position\":1,\"name\":\"Home\",\"item\":\"https:\/\/buy-prescriptionz.com\/\"},{\"@type\":\"ListItem\",\"position\":2,\"name\":\"Shop Painkillers Online\",\"item\":\"https:\/\/buy-prescriptionz.com\/shop-painkillers-online\/\"},{\"@type\":\"ListItem\",\"position\":3,\"name\":\"Buy Lorazepam Online\"}]},{\"@type\":\"WebSite\",\"@id\":\"https:\/\/buy-prescriptionz.com\/#website\",\"url\":\"https:\/\/buy-prescriptionz.com\/\",\"name\":\"Buy Prescriptionz\",\"description\":\"Drugs Online\",\"publisher\":{\"@id\":\"https:\/\/buy-prescriptionz.com\/#organization\"},\"potentialAction\":[{\"@type\":\"SearchAction\",\"target\":{\"@type\":\"EntryPoint\",\"urlTemplate\":\"https:\/\/buy-prescriptionz.com\/?s={search_term_string}\"},\"query-input\":{\"@type\":\"PropertyValueSpecification\",\"valueRequired\":true,\"valueName\":\"search_term_string\"}}],\"inLanguage\":\"de\"},{\"@type\":\"Organization\",\"@id\":\"https:\/\/buy-prescriptionz.com\/#organization\",\"name\":\"Buy Prescriptionz\",\"url\":\"https:\/\/buy-prescriptionz.com\/\",\"logo\":{\"@type\":\"ImageObject\",\"inLanguage\":\"de\",\"@id\":\"https:\/\/buy-prescriptionz.com\/#\/schema\/logo\/image\/\",\"url\":\"https:\/\/buy-prescriptionz.com\/wp-content\/uploads\/2023\/09\/logo.png\",\"contentUrl\":\"https:\/\/buy-prescriptionz.com\/wp-content\/uploads\/2023\/09\/logo.png\",\"width\":350,\"height\":64,\"caption\":\"Buy Prescriptionz\"},\"image\":{\"@id\":\"https:\/\/buy-prescriptionz.com\/#\/schema\/logo\/image\/\"}}]}<\/script>\n<!-- \/ Yoast SEO plugin. -->","yoast_head_json":{"title":"Kaufen Sie Ativan Online - Kaufen Sie Lorazepam Online - niedriger Preis ativan[ Lorazepam]","description":"Ativan online kaufen. Dar\u00fcber hinaus Buy lorazepam online Versuchen Sie nicht, dieses Medikament zu viel zu nehmen. kaufen lorazepam online","robots":{"index":"index","follow":"follow","max-snippet":"max-snippet:-1","max-image-preview":"max-image-preview:large","max-video-preview":"max-video-preview:-1"},"canonical":"https:\/\/buy-prescriptionz.com\/de\/produkt\/lorazepam-online-kaufen\/","og_locale":"de_DE","og_type":"article","og_title":"Buy Ativan Online - Buy Lorazepam Online - low price ativan[ Lorazepam]","og_description":"Buy Ativan Online. Besides, Ativan also know as Lorazepam . Additionally, Buy lorazepam online Try not to take this drug to much . buy lorazepam online","og_url":"https:\/\/buy-prescriptionz.com\/de\/produkt\/lorazepam-online-kaufen\/","og_site_name":"Buy Prescriptionz","article_modified_time":"2025-09-23T06:55:21+00:00","og_image":[{"width":400,"height":300,"url":"https:\/\/buy-prescriptionz.com\/wp-content\/uploads\/2025\/09\/lorazepam.jpg","type":"image\/jpeg"}],"twitter_card":"summary_large_image","twitter_misc":{"Gesch\u00e4tzte Lesezeit":"3\u00a0Minuten"},"schema":{"@context":"https:\/\/schema.org","@graph":[{"@type":"WebPage","@id":"https:\/\/buy-prescriptionz.com\/product\/buy-lorazepam-online\/","url":"https:\/\/buy-prescriptionz.com\/product\/buy-lorazepam-online\/","name":"Kaufen Sie Ativan Online - Kaufen Sie Lorazepam Online - niedriger Preis ativan[ Lorazepam]","isPartOf":{"@id":"https:\/\/buy-prescriptionz.com\/#website"},"primaryImageOfPage":{"@id":"https:\/\/buy-prescriptionz.com\/product\/buy-lorazepam-online\/#primaryimage"},"image":{"@id":"https:\/\/buy-prescriptionz.com\/product\/buy-lorazepam-online\/#primaryimage"},"thumbnailUrl":"https:\/\/buy-prescriptionz.com\/wp-content\/uploads\/2025\/09\/lorazepam.jpg","datePublished":"2025-09-16T08:55:30+00:00","dateModified":"2025-09-23T06:55:21+00:00","description":"Ativan online kaufen. Dar\u00fcber hinaus Buy lorazepam online Versuchen Sie nicht, dieses Medikament zu viel zu nehmen. kaufen lorazepam online","breadcrumb":{"@id":"https:\/\/buy-prescriptionz.com\/product\/buy-lorazepam-online\/#breadcrumb"},"inLanguage":"de","potentialAction":[{"@type":"ReadAction","target":["https:\/\/buy-prescriptionz.com\/product\/buy-lorazepam-online\/"]}]},{"@type":"ImageObject","inLanguage":"de","@id":"https:\/\/buy-prescriptionz.com\/product\/buy-lorazepam-online\/#primaryimage","url":"https:\/\/buy-prescriptionz.com\/wp-content\/uploads\/2025\/09\/lorazepam.jpg","contentUrl":"https:\/\/buy-prescriptionz.com\/wp-content\/uploads\/2025\/09\/lorazepam.jpg","width":400,"height":300},{"@type":"BreadcrumbList","@id":"https:\/\/buy-prescriptionz.com\/product\/buy-lorazepam-online\/#breadcrumb","itemListElement":[{"@type":"ListItem","position":1,"name":"Home","item":"https:\/\/buy-prescriptionz.com\/"},{"@type":"ListItem","position":2,"name":"Shop Painkillers Online","item":"https:\/\/buy-prescriptionz.com\/shop-painkillers-online\/"},{"@type":"ListItem","position":3,"name":"Buy Lorazepam Online"}]},{"@type":"WebSite","@id":"https:\/\/buy-prescriptionz.com\/#website","url":"https:\/\/buy-prescriptionz.com\/","name":"Kaufen Prescriptionz","description":"Online-Drogen","publisher":{"@id":"https:\/\/buy-prescriptionz.com\/#organization"},"potentialAction":[{"@type":"SearchAction","target":{"@type":"EntryPoint","urlTemplate":"https:\/\/buy-prescriptionz.com\/?s={search_term_string}"},"query-input":{"@type":"PropertyValueSpecification","valueRequired":true,"valueName":"search_term_string"}}],"inLanguage":"de"},{"@type":"Organization","@id":"https:\/\/buy-prescriptionz.com\/#organization","name":"Kaufen Prescriptionz","url":"https:\/\/buy-prescriptionz.com\/","logo":{"@type":"ImageObject","inLanguage":"de","@id":"https:\/\/buy-prescriptionz.com\/#\/schema\/logo\/image\/","url":"https:\/\/buy-prescriptionz.com\/wp-content\/uploads\/2023\/09\/logo.png","contentUrl":"https:\/\/buy-prescriptionz.com\/wp-content\/uploads\/2023\/09\/logo.png","width":350,"height":64,"caption":"Buy Prescriptionz"},"image":{"@id":"https:\/\/buy-prescriptionz.com\/#\/schema\/logo\/image\/"}}]}},"_links":{"self":[{"href":"https:\/\/buy-prescriptionz.com\/de\/wp-json\/wp\/v2\/product\/2960","targetHints":{"allow":["GET"]}}],"collection":[{"href":"https:\/\/buy-prescriptionz.com\/de\/wp-json\/wp\/v2\/product"}],"about":[{"href":"https:\/\/buy-prescriptionz.com\/de\/wp-json\/wp\/v2\/types\/product"}],"replies":[{"embeddable":true,"href":"https:\/\/buy-prescriptionz.com\/de\/wp-json\/wp\/v2\/comments?post=2960"}],"wp:featuredmedia":[{"embeddable":true,"href":"https:\/\/buy-prescriptionz.com\/de\/wp-json\/wp\/v2\/media\/2981"}],"wp:attachment":[{"href":"https:\/\/buy-prescriptionz.com\/de\/wp-json\/wp\/v2\/media?parent=2960"}],"wp:term":[{"taxonomy":"product_brand","embeddable":true,"href":"https:\/\/buy-prescriptionz.com\/de\/wp-json\/wp\/v2\/product_brand?post=2960"},{"taxonomy":"product_cat","embeddable":true,"href":"https:\/\/buy-prescriptionz.com\/de\/wp-json\/wp\/v2\/product_cat?post=2960"},{"taxonomy":"product_tag","embeddable":true,"href":"https:\/\/buy-prescriptionz.com\/de\/wp-json\/wp\/v2\/product_tag?post=2960"}],"curies":[{"name":"wp","href":"https:\/\/api.w.org\/{rel}","templated":true}]}}