{"id":2985,"date":"2025-09-16T08:55:51","date_gmt":"2025-09-16T08:55:51","guid":{"rendered":"https:\/\/chemsfine.com\/newsite\/?post_type=product&#038;p=2985"},"modified":"2026-01-30T13:59:44","modified_gmt":"2026-01-30T13:59:44","slug":"alprazolam","status":"publish","type":"product","link":"https:\/\/buy-prescriptionz.com\/de\/produkt\/alprazolam\/","title":{"rendered":"Alprazolam"},"content":{"rendered":"<h2 style=\"text-align: justify;\">ALPRAZOLAM ONLINE KAUFEN<\/h2>\n<p style=\"text-align: justify;\">BUY ALPRAZOLAM ONLINE Buy alprazolam online, Alprazolam Droge ist ein gemeinsames Benzodiazepin in medizinischen Einstellungen, die auch f\u00fcr die Freizeit Zwecke genommen wird. Es wird normalerweise f\u00fcr Angst- und Panikst\u00f6rungen verwendet, obwohl es antidepressive Eigenschaften hat. Seine entspannende Wirkung besteht aus Anxiolyse, Enthemmung und Euphorie. FEATURES Alprazolam wird f\u00fcr die Behandlung von Angstzust\u00e4nden und ...<\/p>\n<p style=\"text-align: justify;\">Seine entspannende Wirkung besteht aus Anxiolyse, Enthemmung und Euphorie.<\/p>\n<h3>Oversigt over Alprazolam<\/h3>\n<p>Alprazolam ist ein verschreibungspflichtiges Medikament, das haupts\u00e4chlich zur Behandlung von Angst- und Panikst\u00f6rungen eingesetzt wird. Es geh\u00f6rt zur Klasse der Benzodiazepine und verst\u00e4rkt die Wirkung eines bestimmten nat\u00fcrlichen chemischen Stoffes im K\u00f6rper (GABA) und erzeugt so eine beruhigende Wirkung. Es wird h\u00e4ufig unter dem Markennamen Xanax vertrieben.<\/p>\n<h3>Verwendung von Alprazolam<\/h3>\n<ol>\n<li><strong>Angstst\u00f6rungen<\/strong>: La <strong>bestes Alprazolam <\/strong>wird h\u00e4ufig zur Behandlung von Angstst\u00f6rungen verschrieben und lindert Symptome wie \u00fcberm\u00e4\u00dfige Sorge, Unruhe und Reizbarkeit.<\/li>\n<li><strong>Panikst\u00f6rungen<\/strong>: Es ist wirksam bei der Behandlung von Panikst\u00f6rungen, die durch pl\u00f6tzliche Anf\u00e4lle intensiver Angst und Sorge gekennzeichnet sind.<\/li>\n<li><strong>Kurzfristige Linderung<\/strong>: Wird h\u00e4ufig zur kurzfristigen Behandlung von Angstsymptomen verwendet, w\u00e4hrend langfristige Behandlungspl\u00e4ne erstellt werden.<\/li>\n<\/ol>\n<h3>Vorteile von Alprazolam<\/h3>\n<ol>\n<li><strong>Schnelle Linderung<\/strong>: Alprazolam ist f\u00fcr seine schnelle Wirkung bekannt und bietet schnelle Linderung von Angst- und Paniksymptomen.<\/li>\n<li><strong>Verbessert die Lebensqualit\u00e4t<\/strong>: Durch eine wirksame Behandlung der Symptome kann die Lebensqualit\u00e4t von Personen mit Angstst\u00f6rungen erheblich verbessert werden.<\/li>\n<li><strong>Gut studiert<\/strong>: Alprazolam wird seit Jahrzehnten umfassend untersucht und verwendet, was es in der medizinischen Fachwelt zu einem gut verstandenen und vertrauensw\u00fcrdigen Medikament macht.<\/li>\n<\/ol>\n<h3>Wichtige \u00dcberlegungen<\/h3>\n<ol>\n<li><strong>Abh\u00e4ngigkeit<\/strong>: Bei l\u00e4ngerer Anwendung besteht die Gefahr einer Abh\u00e4ngigkeit, daher wird es normalerweise zur kurzfristigen Anwendung verschrieben.<\/li>\n<li><strong>Nebenwirkungen<\/strong>: H\u00e4ufige Nebenwirkungen sind Schl\u00e4frigkeit, Schwindel und vermehrter Speichelfluss. Es ist wichtig, die verschriebene Dosierung und die Richtlinien einzuhalten, um diese Auswirkungen zu minimieren.<\/li>\n<li><strong>Interaktionen<\/strong>: Alprazolam kann Wechselwirkungen mit anderen Medikamenten und Substanzen haben. Daher ist es wichtig, dass Sie Ihren Arzt \u00fcber alle Medikamente informieren, die Sie einnehmen.<\/li>\n<\/ol>\n<p>Alprazolam ist ein wertvolles Medikament f\u00fcr Menschen mit Angst- und Panikst\u00f6rungen und bietet schnelle und wirksame Linderung. Aufgrund des Abh\u00e4ngigkeits- und Nebenwirkungspotenzials ist die Anwendung jedoch unbedingt unter \u00e4rztlicher Aufsicht erforderlich. F\u00fcr alle, die Alprazolam sicher und bequem kaufen m\u00f6chten, ist eine der besten Apotheken <a href=\"https:\/\/buy-prescriptionz.com\/de\/\">buy-prescriptionz.com<\/a>.<\/p>\n<h3 style=\"text-align: justify;\">MERKMALE<\/h3>\n<p style=\"text-align: justify;\">Alprazolam wird zur Behandlung von Angstzust\u00e4nden und Panikst\u00f6rungen eingesetzt. Es geh\u00f6rt zu einer Klasse von Medikamenten, die als Benzodiazepine bezeichnet werden und auf das Gehirn und die Nerven wirken, um eine beruhigende Wirkung zu erzielen. Es wirkt, indem es die Wirkung einer bestimmten nat\u00fcrlichen Chemikalie im menschlichen K\u00f6rper verst\u00e4rkt.<\/p>\n<h3 style=\"text-align: justify;\">VORSICHTSMASSNAHMEN<\/h3>\n<p style=\"text-align: justify;\">Informieren Sie vor der Einnahme Ihren Arzt oder Apotheker, wenn Sie allergisch gegen dieses Medikament oder gegen andere Benzodiazepine (wie Diazepam, Lorazepam) sind oder wenn Sie andere Allergien haben. Dieses Produkt kann inaktive Bestandteile enthalten, die allergische Reaktionen oder andere Probleme hervorrufen k\u00f6nnen.alprazolam online kaufen<\/p>\n<p style=\"text-align: justify;\">Es geht in die Muttermilch \u00fcber und kann unerw\u00fcnschte Wirkungen auf einen stillenden S\u00e4ugling haben. Es wird nicht empfohlen, w\u00e4hrend der Einnahme dieses Arzneimittels zu stillen. Sprechen Sie mit Ihrem Arzt, bevor Sie stillen.<\/p>\n<h3 style=\"text-align: justify;\">NEBENWIRKUNGEN<\/h3>\n<p style=\"text-align: justify;\">\u2022 Schl\u00e4frigkeit<br \/>\nErm\u00fcdung<br \/>\nAndere Nebenwirkungen umfassen<br \/>\nSpeicherprobleme<br \/>\n\u2022 Speech problems<br \/>\n- Verstopfung<br \/>\n\u2022 Changes in weight<br \/>\n\u2022 Sucht (Abh\u00e4ngigkeit)<br \/>\n- Kopfschmerzen<br \/>\n- Verstopfung<br \/>\n- Trockener Mund<\/p>\n<h3 style=\"text-align: justify;\">\u00dcBERDOSIS<\/h3>\n<p style=\"text-align: justify;\">Zu den Symptomen einer \u00dcberdosierung k\u00f6nnen geh\u00f6ren: starke Schl\u00e4frigkeit, verlangsamte\/verringerte Reflexe, verlangsamte Atmung, Bewusstseinsverlust.<\/p>\n<p style=\"text-align: justify;\">Bei Verdacht auf \u00dcberdosierung ist sofort ein Arzt aufzusuchen.<\/p>\n<h3 style=\"text-align: justify;\">VERPASSTE DOSIS<\/h3>\n<p style=\"text-align: justify;\">Hvis du glemmer en dosis, skal du tage den s\u00e5 snart du tidligt. Hvis det er tidspunktet for den n\u00e6ste dosis, skal du springe den glemte dosis over og genoptage din s\u00e6dvanlige doseringsplan. Fordoble ikke dosis for at indhente det.<\/p>\n<h3 style=\"text-align: justify;\">LAGERUNG<\/h3>\n<p style=\"text-align: justify;\">Lagern Sie Alprazolam bei Raumtemperatur, vor Licht und Feuchtigkeit gesch\u00fctzt. Lagern Sie es nicht im Badezimmer. Halten Sie alle Medikamente weg von Kindern und Haustieren. Sp\u00fclen Sie dieses Medikament nicht die Toilette hinunter oder gie\u00dfen Sie es in einen Abfluss, es sei denn, Sie werden dazu angewiesen.<\/p>\n<h3 style=\"text-align: justify;\">WO KANN MAN ALPRAZOLAM ONLINE KAUFEN?<\/h3>\n<p style=\"text-align: justify;\">Buyprescriptionz.com ist der beste Apothekenladen f\u00fcr Alprazolam zum Verkauf. Kaufen Sie Alprazolam online ohne \u00e4rztliche Verschreibung von Buyprescriptionz mit dem besten Preis.<\/p>","protected":false},"excerpt":{"rendered":"<p>BUY ALPRAZOLAM ONLINE Buy alprazolam online, Alprazolam drug is a common benzodiazepine in medical settings that is also taken for the recreational purposes. It\u2019s normally used for anxiety and panic disorder, though it has antidepressant properties. Its recreational effects consist of anxiolysis, disinhibition, and euphoria. Overview of Alprazolam Alprazolam is a prescription medication primarily used [&hellip;]<\/p>","protected":false},"featured_media":3015,"comment_status":"open","ping_status":"closed","template":"","meta":{"site-sidebar-layout":"default","site-content-layout":"","ast-site-content-layout":"default","site-content-style":"default","site-sidebar-style":"default","ast-global-header-display":"","ast-banner-title-visibility":"","ast-main-header-display":"","ast-hfb-above-header-display":"","ast-hfb-below-header-display":"","ast-hfb-mobile-header-display":"","site-post-title":"","ast-breadcrumbs-content":"","ast-featured-img":"","footer-sml-layout":"","theme-transparent-header-meta":"","adv-header-id-meta":"","stick-header-meta":"","header-above-stick-meta":"","header-main-stick-meta":"","header-below-stick-meta":"","astra-migrate-meta-layouts":"default","ast-page-background-enabled":"default","ast-page-background-meta":{"desktop":{"background-color":"var(--ast-global-color-4)","background-image":"","background-repeat":"repeat","background-position":"center center","background-size":"auto","background-attachment":"scroll","background-type":"","background-media":"","overlay-type":"","overlay-color":"","overlay-opacity":"","overlay-gradient":""},"tablet":{"background-color":"","background-image":"","background-repeat":"repeat","background-position":"center center","background-size":"auto","background-attachment":"scroll","background-type":"","background-media":"","overlay-type":"","overlay-color":"","overlay-opacity":"","overlay-gradient":""},"mobile":{"background-color":"","background-image":"","background-repeat":"repeat","background-position":"center center","background-size":"auto","background-attachment":"scroll","background-type":"","background-media":"","overlay-type":"","overlay-color":"","overlay-opacity":"","overlay-gradient":""}},"ast-content-background-meta":{"desktop":{"background-color":"var(--ast-global-color-5)","background-image":"","background-repeat":"repeat","background-position":"center center","background-size":"auto","background-attachment":"scroll","background-type":"","background-media":"","overlay-type":"","overlay-color":"","overlay-opacity":"","overlay-gradient":""},"tablet":{"background-color":"var(--ast-global-color-5)","background-image":"","background-repeat":"repeat","background-position":"center center","background-size":"auto","background-attachment":"scroll","background-type":"","background-media":"","overlay-type":"","overlay-color":"","overlay-opacity":"","overlay-gradient":""},"mobile":{"background-color":"var(--ast-global-color-5)","background-image":"","background-repeat":"repeat","background-position":"center center","background-size":"auto","background-attachment":"scroll","background-type":"","background-media":"","overlay-type":"","overlay-color":"","overlay-opacity":"","overlay-gradient":""}}},"product_brand":[],"product_cat":[2381],"product_tag":[1807,1815,1816,1814,1809,1812,1811,1810,1813,1808],"class_list":{"0":"post-2985","1":"product","2":"type-product","3":"status-publish","4":"has-post-thumbnail","6":"product_cat-buy-depressants-and-anxiety-pills-online","7":"product_tag-alprazolam-for-sale","8":"product_tag-buy-alprazolam-in-canada","9":"product_tag-buy-alprazolam-in-uk","10":"product_tag-buy-alprazolam-in-usa","11":"product_tag-buy-alprazolam-with-bitcoin","12":"product_tag-buy-alprazolam-with-credit-card","13":"product_tag-buy-alprazolam-with-money-gram","14":"product_tag-buy-alprazolam-with-western-union","15":"product_tag-buy-alprazolam-without-a-doctor","16":"product_tag-buy-alprazolam-without-prescription","17":"desktop-align-center","18":"tablet-align-left","19":"mobile-align-left","21":"first","22":"instock","23":"shipping-taxable","24":"purchasable","25":"product-type-variable","26":"has-default-attributes"},"yoast_head":"<!-- This site is optimized with the Yoast SEO plugin v25.9 - https:\/\/yoast.com\/wordpress\/plugins\/seo\/ -->\n<title>Buy alprazolam online - Order alprazolam online , alprazolam<\/title>\n<meta name=\"description\" content=\"Buy alprazolam online, BUY ALPRAZOLAM ONLINE, NO PRESCRIPTION REQUIRED, WHERE TO BUY alprazolam ONLINE OVERNIGHT SHIPPING BUY CHEAP\" \/>\n<meta name=\"robots\" content=\"index, follow, max-snippet:-1, max-image-preview:large, max-video-preview:-1\" \/>\n<link rel=\"canonical\" href=\"https:\/\/buy-prescriptionz.com\/de\/produkt\/alprazolam\/\" \/>\n<meta property=\"og:locale\" content=\"de_DE\" \/>\n<meta property=\"og:type\" content=\"article\" \/>\n<meta property=\"og:title\" content=\"Buy alprazolam online - Order alprazolam online , alprazolam\" \/>\n<meta property=\"og:description\" content=\"Buy alprazolam online, BUY ALPRAZOLAM ONLINE, NO PRESCRIPTION REQUIRED, WHERE TO BUY alprazolam ONLINE OVERNIGHT SHIPPING BUY CHEAP\" \/>\n<meta property=\"og:url\" content=\"https:\/\/buy-prescriptionz.com\/de\/produkt\/alprazolam\/\" \/>\n<meta property=\"og:site_name\" content=\"Buy Prescriptionz\" \/>\n<meta property=\"article:modified_time\" content=\"2026-01-30T13:59:44+00:00\" \/>\n<meta property=\"og:image\" content=\"https:\/\/buy-prescriptionz.com\/wp-content\/uploads\/2025\/09\/alprazolam.jpg\" \/>\n\t<meta property=\"og:image:width\" content=\"400\" \/>\n\t<meta property=\"og:image:height\" content=\"300\" \/>\n\t<meta property=\"og:image:type\" content=\"image\/jpeg\" \/>\n<meta name=\"twitter:card\" content=\"summary_large_image\" \/>\n<meta name=\"twitter:label1\" content=\"Gesch\u00e4tzte Lesezeit\" \/>\n\t<meta name=\"twitter:data1\" content=\"3\u00a0Minuten\" \/>\n<script type=\"application\/ld+json\" class=\"yoast-schema-graph\">{\"@context\":\"https:\/\/schema.org\",\"@graph\":[{\"@type\":\"WebPage\",\"@id\":\"https:\/\/buy-prescriptionz.com\/cs\/produkt\/alprazolam\/\",\"url\":\"https:\/\/buy-prescriptionz.com\/cs\/produkt\/alprazolam\/\",\"name\":\"Buy alprazolam online - Order alprazolam online , alprazolam\",\"isPartOf\":{\"@id\":\"https:\/\/buy-prescriptionz.com\/#website\"},\"primaryImageOfPage\":{\"@id\":\"https:\/\/buy-prescriptionz.com\/cs\/produkt\/alprazolam\/#primaryimage\"},\"image\":{\"@id\":\"https:\/\/buy-prescriptionz.com\/cs\/produkt\/alprazolam\/#primaryimage\"},\"thumbnailUrl\":\"https:\/\/buy-prescriptionz.com\/wp-content\/uploads\/2025\/09\/alprazolam.jpg\",\"datePublished\":\"2025-09-16T08:55:51+00:00\",\"dateModified\":\"2026-01-30T13:59:44+00:00\",\"description\":\"Buy alprazolam online, BUY ALPRAZOLAM ONLINE, NO PRESCRIPTION REQUIRED, WHERE TO BUY alprazolam ONLINE OVERNIGHT SHIPPING BUY CHEAP\",\"breadcrumb\":{\"@id\":\"https:\/\/buy-prescriptionz.com\/cs\/produkt\/alprazolam\/#breadcrumb\"},\"inLanguage\":\"de\",\"potentialAction\":[{\"@type\":\"ReadAction\",\"target\":[\"https:\/\/buy-prescriptionz.com\/cs\/produkt\/alprazolam\/\"]}]},{\"@type\":\"ImageObject\",\"inLanguage\":\"de\",\"@id\":\"https:\/\/buy-prescriptionz.com\/cs\/produkt\/alprazolam\/#primaryimage\",\"url\":\"https:\/\/buy-prescriptionz.com\/wp-content\/uploads\/2025\/09\/alprazolam.jpg\",\"contentUrl\":\"https:\/\/buy-prescriptionz.com\/wp-content\/uploads\/2025\/09\/alprazolam.jpg\",\"width\":400,\"height\":300},{\"@type\":\"BreadcrumbList\",\"@id\":\"https:\/\/buy-prescriptionz.com\/cs\/produkt\/alprazolam\/#breadcrumb\",\"itemListElement\":[{\"@type\":\"ListItem\",\"position\":1,\"name\":\"Home\",\"item\":\"https:\/\/buy-prescriptionz.com\/\"},{\"@type\":\"ListItem\",\"position\":2,\"name\":\"Shop Painkillers Online\",\"item\":\"https:\/\/buy-prescriptionz.com\/shop-painkillers-online\/\"},{\"@type\":\"ListItem\",\"position\":3,\"name\":\"Alprazolam\"}]},{\"@type\":\"WebSite\",\"@id\":\"https:\/\/buy-prescriptionz.com\/#website\",\"url\":\"https:\/\/buy-prescriptionz.com\/\",\"name\":\"Buy Prescriptionz\",\"description\":\"Drugs Online\",\"publisher\":{\"@id\":\"https:\/\/buy-prescriptionz.com\/#organization\"},\"potentialAction\":[{\"@type\":\"SearchAction\",\"target\":{\"@type\":\"EntryPoint\",\"urlTemplate\":\"https:\/\/buy-prescriptionz.com\/?s={search_term_string}\"},\"query-input\":{\"@type\":\"PropertyValueSpecification\",\"valueRequired\":true,\"valueName\":\"search_term_string\"}}],\"inLanguage\":\"de\"},{\"@type\":\"Organization\",\"@id\":\"https:\/\/buy-prescriptionz.com\/#organization\",\"name\":\"Buy Prescriptionz\",\"url\":\"https:\/\/buy-prescriptionz.com\/\",\"logo\":{\"@type\":\"ImageObject\",\"inLanguage\":\"de\",\"@id\":\"https:\/\/buy-prescriptionz.com\/#\/schema\/logo\/image\/\",\"url\":\"https:\/\/buy-prescriptionz.com\/wp-content\/uploads\/2023\/09\/logo.png\",\"contentUrl\":\"https:\/\/buy-prescriptionz.com\/wp-content\/uploads\/2023\/09\/logo.png\",\"width\":350,\"height\":64,\"caption\":\"Buy Prescriptionz\"},\"image\":{\"@id\":\"https:\/\/buy-prescriptionz.com\/#\/schema\/logo\/image\/\"}}]}<\/script>\n<!-- \/ Yoast SEO plugin. -->","yoast_head_json":{"title":"Alprazolam online kaufen \u2013 Alprazolam online bestellen, Alprazolam","description":"Alprazolam online kaufen, ALPRAZOLAM ONLINE KAUFEN, KEIN REZEPT ERFORDERLICH, WO KANN MAN Alprazolam ONLINE KAUFEN, \u00dcBERNACHTVERSAND, G\u00dcNSTIG KAUFEN","robots":{"index":"index","follow":"follow","max-snippet":"max-snippet:-1","max-image-preview":"max-image-preview:large","max-video-preview":"max-video-preview:-1"},"canonical":"https:\/\/buy-prescriptionz.com\/de\/produkt\/alprazolam\/","og_locale":"de_DE","og_type":"article","og_title":"Buy alprazolam online - Order alprazolam online , alprazolam","og_description":"Buy alprazolam online, BUY ALPRAZOLAM ONLINE, NO PRESCRIPTION REQUIRED, WHERE TO BUY alprazolam ONLINE OVERNIGHT SHIPPING BUY CHEAP","og_url":"https:\/\/buy-prescriptionz.com\/de\/produkt\/alprazolam\/","og_site_name":"Buy Prescriptionz","article_modified_time":"2026-01-30T13:59:44+00:00","og_image":[{"width":400,"height":300,"url":"https:\/\/buy-prescriptionz.com\/wp-content\/uploads\/2025\/09\/alprazolam.jpg","type":"image\/jpeg"}],"twitter_card":"summary_large_image","twitter_misc":{"Gesch\u00e4tzte Lesezeit":"3\u00a0Minuten"},"schema":{"@context":"https:\/\/schema.org","@graph":[{"@type":"WebPage","@id":"https:\/\/buy-prescriptionz.com\/cs\/produkt\/alprazolam\/","url":"https:\/\/buy-prescriptionz.com\/cs\/produkt\/alprazolam\/","name":"Alprazolam online kaufen \u2013 Alprazolam online bestellen, Alprazolam","isPartOf":{"@id":"https:\/\/buy-prescriptionz.com\/#website"},"primaryImageOfPage":{"@id":"https:\/\/buy-prescriptionz.com\/cs\/produkt\/alprazolam\/#primaryimage"},"image":{"@id":"https:\/\/buy-prescriptionz.com\/cs\/produkt\/alprazolam\/#primaryimage"},"thumbnailUrl":"https:\/\/buy-prescriptionz.com\/wp-content\/uploads\/2025\/09\/alprazolam.jpg","datePublished":"2025-09-16T08:55:51+00:00","dateModified":"2026-01-30T13:59:44+00:00","description":"Alprazolam online kaufen, ALPRAZOLAM ONLINE KAUFEN, KEIN REZEPT ERFORDERLICH, WO KANN MAN Alprazolam ONLINE KAUFEN, \u00dcBERNACHTVERSAND, G\u00dcNSTIG KAUFEN","breadcrumb":{"@id":"https:\/\/buy-prescriptionz.com\/cs\/produkt\/alprazolam\/#breadcrumb"},"inLanguage":"de","potentialAction":[{"@type":"ReadAction","target":["https:\/\/buy-prescriptionz.com\/cs\/produkt\/alprazolam\/"]}]},{"@type":"ImageObject","inLanguage":"de","@id":"https:\/\/buy-prescriptionz.com\/cs\/produkt\/alprazolam\/#primaryimage","url":"https:\/\/buy-prescriptionz.com\/wp-content\/uploads\/2025\/09\/alprazolam.jpg","contentUrl":"https:\/\/buy-prescriptionz.com\/wp-content\/uploads\/2025\/09\/alprazolam.jpg","width":400,"height":300},{"@type":"BreadcrumbList","@id":"https:\/\/buy-prescriptionz.com\/cs\/produkt\/alprazolam\/#breadcrumb","itemListElement":[{"@type":"ListItem","position":1,"name":"Home","item":"https:\/\/buy-prescriptionz.com\/"},{"@type":"ListItem","position":2,"name":"Shop Painkillers Online","item":"https:\/\/buy-prescriptionz.com\/shop-painkillers-online\/"},{"@type":"ListItem","position":3,"name":"Alprazolam"}]},{"@type":"WebSite","@id":"https:\/\/buy-prescriptionz.com\/#website","url":"https:\/\/buy-prescriptionz.com\/","name":"Kaufen Prescriptionz","description":"Online-Drogen","publisher":{"@id":"https:\/\/buy-prescriptionz.com\/#organization"},"potentialAction":[{"@type":"SearchAction","target":{"@type":"EntryPoint","urlTemplate":"https:\/\/buy-prescriptionz.com\/?s={search_term_string}"},"query-input":{"@type":"PropertyValueSpecification","valueRequired":true,"valueName":"search_term_string"}}],"inLanguage":"de"},{"@type":"Organization","@id":"https:\/\/buy-prescriptionz.com\/#organization","name":"Kaufen Prescriptionz","url":"https:\/\/buy-prescriptionz.com\/","logo":{"@type":"ImageObject","inLanguage":"de","@id":"https:\/\/buy-prescriptionz.com\/#\/schema\/logo\/image\/","url":"https:\/\/buy-prescriptionz.com\/wp-content\/uploads\/2023\/09\/logo.png","contentUrl":"https:\/\/buy-prescriptionz.com\/wp-content\/uploads\/2023\/09\/logo.png","width":350,"height":64,"caption":"Buy Prescriptionz"},"image":{"@id":"https:\/\/buy-prescriptionz.com\/#\/schema\/logo\/image\/"}}]}},"_links":{"self":[{"href":"https:\/\/buy-prescriptionz.com\/de\/wp-json\/wp\/v2\/product\/2985","targetHints":{"allow":["GET"]}}],"collection":[{"href":"https:\/\/buy-prescriptionz.com\/de\/wp-json\/wp\/v2\/product"}],"about":[{"href":"https:\/\/buy-prescriptionz.com\/de\/wp-json\/wp\/v2\/types\/product"}],"replies":[{"embeddable":true,"href":"https:\/\/buy-prescriptionz.com\/de\/wp-json\/wp\/v2\/comments?post=2985"}],"wp:featuredmedia":[{"embeddable":true,"href":"https:\/\/buy-prescriptionz.com\/de\/wp-json\/wp\/v2\/media\/3015"}],"wp:attachment":[{"href":"https:\/\/buy-prescriptionz.com\/de\/wp-json\/wp\/v2\/media?parent=2985"}],"wp:term":[{"taxonomy":"product_brand","embeddable":true,"href":"https:\/\/buy-prescriptionz.com\/de\/wp-json\/wp\/v2\/product_brand?post=2985"},{"taxonomy":"product_cat","embeddable":true,"href":"https:\/\/buy-prescriptionz.com\/de\/wp-json\/wp\/v2\/product_cat?post=2985"},{"taxonomy":"product_tag","embeddable":true,"href":"https:\/\/buy-prescriptionz.com\/de\/wp-json\/wp\/v2\/product_tag?post=2985"}],"curies":[{"name":"wp","href":"https:\/\/api.w.org\/{rel}","templated":true}]}}