{"id":2992,"date":"2025-09-16T08:55:52","date_gmt":"2025-09-16T08:55:52","guid":{"rendered":"https:\/\/chemsfine.com\/newsite\/?post_type=product&#038;p=2992"},"modified":"2025-09-30T12:37:28","modified_gmt":"2025-09-30T12:37:28","slug":"suboxone-online-kaufen","status":"publish","type":"product","link":"https:\/\/buy-prescriptionz.com\/de\/produkt\/suboxone-online-kaufen\/","title":{"rendered":"Suboxone online kaufen"},"content":{"rendered":"<h2>Suboxone online kaufen<\/h2>\n<p>Buprenorphin\/Naloxon, das unter dem Markennamen Suboxone vertrieben wird, ist eine Kombination aus Buprenorphin und Naloxon. Suboxone dient der Behandlung von Drogenabh\u00e4ngigkeit. Es lindert Entzugserscheinungen f\u00fcr etwa 24 Stunden. Suboxone kann in zwei verschiedenen Formen angewendet werden: unter der Zunge oder in der Wange.<\/p>\n<h3>So kaufen Sie Suboxone online bei buy-prescriptionz.com<\/h3>\n<p>Suboxone online kann bei Symptomen wie Atembeschwerden, M\u00fcdigkeit und niedrigem Blutdruck helfen. Die Verbindung Naloxon ist ein Rauschgifthemmer, der die Wirkung anderer Rauschgifte, einschlie\u00dflich Buprenorphin, konkurriert und blockiert. Naloxon wird oral eingenommen und hinzugef\u00fcgt, um das Risiko eines Missbrauchs durch Injektion zu verringern. Buprenorphin\/Naloxon dient der Behandlung von Rauschgiftst\u00f6rungen. Die Langzeitergebnisse sind bei der Anwendung von Buprenorphin\/Naloxon im Allgemeinen besser als bei der alleinigen Anwendung von Rauschgift. Sie fragen sich, wo Sie Suboxone online kaufen k\u00f6nnen? Die Kombination der beiden Medikamente wird zur unterst\u00fctzenden Behandlung gegen\u00fcber Buprenorphin allein bevorzugt, da Naloxon in der Formel enthalten ist und als Missbrauchshemmer, insbesondere bei intraven\u00f6ser Anwendung, wirkt.<\/p>\n<h3>Kaufen Sie Suboxone zu einem g\u00fcnstigen Preis von 8 mg, 4 mg oder 2 mg<\/h3>\n<p>Kaufen Sie Suboxone in diskreter Verpackung zur Behandlung von Drogenabh\u00e4ngigkeit. Es dient als verschreibungspflichtiges Medikament der ersten Wahl gem\u00e4\u00df den Empfehlungen des US-amerikanischen National Institute on Drug Abuse mit schnellem und sicherem Versandservice auf buy-prescriptionz.com. Das Medikament ist eine wirksame Erhaltungstherapie bei Drogenabh\u00e4ngigkeit und hat eine vergleichbare Wirksamkeit wie Methadon, das ebenfalls wirksamer ist als andere substanzbasierte Behandlungen.<\/p>\n<h3>Suboxone ohne Rezept kaufen: Medizinische Anwendungen<\/h3>\n<p>Kaufen Sie Suboxone ohne Arzt, da dies bei dieser potenten Drogenabh\u00e4ngigkeit mit h\u00f6heren Risiken verbunden ist. Bestellen Sie Suboxone online f\u00fcr sozial stabile Drogenkonsumenten, die nicht t\u00e4glich Medikamente von einem Vermittler einnehmen k\u00f6nnen. Es ist f\u00fcr Personen mit einer anderen Erkrankung geeignet, die regelm\u00e4\u00dfige Besuche in der Notaufnahme erfordert. Der schnelle und sichere Lieferservice von buy-prescriptionz.com ist verf\u00fcgbar. Kaufen Sie Suboxone online anstelle von Methadon bei Personen mit hohem Methadon-Todesrisiko, z. B. \u00e4lteren Menschen, Personen, die hohe Dosen von Benzodiazepinen oder anderen Beruhigungsmitteln einnehmen, und Personen mit einem hohen Risiko eines verz\u00f6gerten QT-Intervalls.<\/p>\n<p>Bevor wir uns mit den Vorteilen des Online-Kaufs von Suboxone befassen, ist es wichtig zu verstehen, was Suboxone ist und wie es wirkt. Das beste Suboxone ist ein Kombinationspr\u00e4parat aus Buprenorphin und Naloxon. Buprenorphin ist ein partieller Opioidagonist, d. h. es aktiviert die Opioidrezeptoren im Gehirn, jedoch in geringerem Ma\u00dfe als volle Opioidagonisten wie Heroin oder Morphin. Naloxon wird hinzugef\u00fcgt, um Missbrauch des Medikaments zu verhindern, da es die Wirkung von Opioiden blockieren und bei unsachgem\u00e4\u00dfer Einnahme Entzugserscheinungen ausl\u00f6sen kann. Suboxone wird h\u00e4ufig in medikamentengest\u00fctzten Behandlungsprogrammen (MAT) eingesetzt, um Patienten dabei zu helfen, ihren Opioidkonsum zu reduzieren oder ganz zu beenden. Es kann Entzugserscheinungen und Verlangen lindern und erm\u00f6glicht es den Patienten, sich auf ihre Genesung zu konzentrieren, ohne die intensiven physiologischen Auswirkungen eines Opioidentzugs.<\/p>\n<h3>Behandlung der Opioidabh\u00e4ngigkeit<\/h3>\n<p>Suboxone wird vor allem zur Behandlung von Opioidabh\u00e4ngigkeit eingesetzt. Opioidabh\u00e4ngigkeit ist ein ernstes und weit verbreitetes Problem, das verheerende Auswirkungen auf die Gesundheit, Beziehungen und die allgemeine Lebensqualit\u00e4t haben kann. Suboxone wirkt, indem es Entzugserscheinungen und Hei\u00dfhunger reduziert und es Betroffenen so erleichtert, ihre Sucht zu \u00fcberwinden und sich auf ihre Genesung zu konzentrieren.<\/p>\n<h3>Wie hilft Suboxone?<\/h3>\n<p>Bei bestimmungsgem\u00e4\u00dfer Einnahme kann Suboxone Betroffenen helfen, Opioide schrittweise abzusetzen und auf eine Abstinenz hinzuarbeiten. Da Buprenorphin ein partieller Agonist ist, besteht im Vergleich zu vollen Opioidagonisten ein geringeres Missbrauchs- und Abh\u00e4ngigkeitspotenzial. Dies macht es zu einer sichereren Alternative f\u00fcr Personen, die mit einer Opioidabh\u00e4ngigkeit k\u00e4mpfen und einem R\u00fcckfallrisiko ausgesetzt sind.<\/p>\n<h2>Schmerztherapie<\/h2>\n<p>Neben der Behandlung von Opioidabh\u00e4ngigkeit kann Suboxone auch zur Schmerzbehandlung eingesetzt werden. Buprenorphin, der Hauptwirkstoff von Suboxone, ist ein starkes Schmerzmittel, das sowohl bei akuten als auch bei chronischen Schmerzen wirksam sein kann. Es wird h\u00e4ufig als Alternative zu herk\u00f6mmlichen Opioiden wie Morphin oder Oxycodon eingesetzt, insbesondere bei Personen mit Sucht- oder \u00dcberdosisrisiko.<\/p>\n<h3>Vorteile von Suboxone zur Schmerzbehandlung<\/h3>\n<p>Einer der Hauptvorteile von Suboxone zur Schmerzbehandlung ist das geringere Missbrauchs- und Abh\u00e4ngigkeitsrisiko. Da Buprenorphin ein partieller Agonist ist, hat es einen Deckeneffekt, d. h., eine h\u00f6here Dosis f\u00fchrt nicht zu einer st\u00e4rkeren Wirkung. Dies kann dazu beitragen, das Risiko einer \u00dcberdosierung und anderer schwerwiegender Nebenwirkungen herk\u00f6mmlicher Opioide zu verringern.<\/p>\n<h3>Doppeldiagnose-Behandlung<\/h3>\n<p>Suboxone wird auch in Doppeldiagnose-Behandlungsprogrammen f\u00fcr Personen eingesetzt, die gleichzeitig an Opioidabh\u00e4ngigkeit und psychischen St\u00f6rungen leiden. Viele Suchtkranke leiden auch an psychischen Problemen wie Depressionen, Angstzust\u00e4nden oder bipolaren St\u00f6rungen. Suboxone kann helfen, die Stimmung zu stabilisieren und die allgemeine psychische Gesundheit zu verbessern, sodass Therapien und andere Behandlungen leichter in Angriff genommen werden k\u00f6nnen.<\/p>\n<h3>\u00a0Warum buy-prescriptionz.com w\u00e4hlen?<\/h3>\n<p>F\u00fcr alle, die Suboxone online kaufen m\u00f6chten, ist buy-prescriptionz.com eine seri\u00f6se und erstklassige Apotheke. Mit einer benutzerfreundlichen Website, sicheren Zahlungsoptionen und diskreter Verpackung legt buy-prescriptionz.com Wert auf Kundenzufriedenheit und Sicherheit. Mit buy-prescriptionz.com erhalten Sie hochwertiges Suboxone zu wettbewerbsf\u00e4higen Preisen. Die bequeme Online-Bestellung, kombiniert mit den Vorteilen von Datenschutz und Kostenersparnissen, macht buy-prescriptionz.com zur ersten Wahl f\u00fcr alle, die Suboxone online kaufen m\u00f6chten.<\/p>","protected":false},"excerpt":{"rendered":"<p>Buy Suboxone online Buprenorphine\/naloxone, sold under the brand name Suboxone, is a medicine that is a blend of buprenorphine and naloxone. Suboxone for sale is to treat drug dependence disorder. It diminishes withdrawal side effects for around 24 hours. Buy Suboxone for use in two unique structures, under the tongue or in the cheek. How [&hellip;]<\/p>","protected":false},"featured_media":3022,"comment_status":"open","ping_status":"closed","template":"","meta":{"site-sidebar-layout":"default","site-content-layout":"","ast-site-content-layout":"default","site-content-style":"default","site-sidebar-style":"default","ast-global-header-display":"","ast-banner-title-visibility":"","ast-main-header-display":"","ast-hfb-above-header-display":"","ast-hfb-below-header-display":"","ast-hfb-mobile-header-display":"","site-post-title":"","ast-breadcrumbs-content":"","ast-featured-img":"","footer-sml-layout":"","theme-transparent-header-meta":"default","adv-header-id-meta":"","stick-header-meta":"","header-above-stick-meta":"","header-main-stick-meta":"","header-below-stick-meta":"","astra-migrate-meta-layouts":"set","ast-page-background-enabled":"default","ast-page-background-meta":{"desktop":{"background-color":"var(--ast-global-color-4)","background-image":"","background-repeat":"repeat","background-position":"center center","background-size":"auto","background-attachment":"scroll","background-type":"","background-media":"","overlay-type":"","overlay-color":"","overlay-opacity":"","overlay-gradient":""},"tablet":{"background-color":"","background-image":"","background-repeat":"repeat","background-position":"center center","background-size":"auto","background-attachment":"scroll","background-type":"","background-media":"","overlay-type":"","overlay-color":"","overlay-opacity":"","overlay-gradient":""},"mobile":{"background-color":"","background-image":"","background-repeat":"repeat","background-position":"center center","background-size":"auto","background-attachment":"scroll","background-type":"","background-media":"","overlay-type":"","overlay-color":"","overlay-opacity":"","overlay-gradient":""}},"ast-content-background-meta":{"desktop":{"background-color":"var(--ast-global-color-5)","background-image":"","background-repeat":"repeat","background-position":"center center","background-size":"auto","background-attachment":"scroll","background-type":"","background-media":"","overlay-type":"","overlay-color":"","overlay-opacity":"","overlay-gradient":""},"tablet":{"background-color":"var(--ast-global-color-5)","background-image":"","background-repeat":"repeat","background-position":"center center","background-size":"auto","background-attachment":"scroll","background-type":"","background-media":"","overlay-type":"","overlay-color":"","overlay-opacity":"","overlay-gradient":""},"mobile":{"background-color":"var(--ast-global-color-5)","background-image":"","background-repeat":"repeat","background-position":"center center","background-size":"auto","background-attachment":"scroll","background-type":"","background-media":"","overlay-type":"","overlay-color":"","overlay-opacity":"","overlay-gradient":""}}},"product_brand":[],"product_cat":[2382],"product_tag":[1581,1582,1580,1575,1578,1577,1576,1579,1574,1583,1573],"class_list":{"0":"post-2992","1":"product","2":"type-product","3":"status-publish","4":"has-post-thumbnail","6":"product_cat-buy-opioids-online","7":"product_tag-buy-suboxone-in-canada","8":"product_tag-buy-suboxone-in-uk","9":"product_tag-buy-suboxone-in-usa","10":"product_tag-buy-suboxone-with-bitcoin","11":"product_tag-buy-suboxone-with-credit-card","12":"product_tag-buy-suboxone-with-money-gram","13":"product_tag-buy-suboxone-with-western-union","14":"product_tag-buy-suboxone-without-a-doctor","15":"product_tag-buy-suboxone-without-prescription","16":"product_tag-suboxone","17":"product_tag-suboxone-for-sale","18":"desktop-align-center","19":"tablet-align-left","20":"mobile-align-left","22":"first","23":"instock","24":"shipping-taxable","25":"purchasable","26":"product-type-variable","27":"has-default-attributes"},"yoast_head":"<!-- This site is optimized with the Yoast SEO plugin v25.9 - https:\/\/yoast.com\/wordpress\/plugins\/seo\/ -->\n<title>Buy Suboxone Online USA - Buy Suboxone Online for Sale - Buy Prescriptionz<\/title>\n<meta name=\"description\" content=\"Buyprescriptionz.com is an online pharmacy store where you can Buy Suboxone Online at best price without doctor&#039;s prescription. Buy Suboxone Online Now with Free &amp; Secure Shipping!\" \/>\n<meta name=\"robots\" content=\"index, follow, max-snippet:-1, max-image-preview:large, max-video-preview:-1\" \/>\n<link rel=\"canonical\" href=\"https:\/\/buy-prescriptionz.com\/de\/produkt\/suboxone-online-kaufen\/\" \/>\n<meta property=\"og:locale\" content=\"de_DE\" \/>\n<meta property=\"og:type\" content=\"article\" \/>\n<meta property=\"og:title\" content=\"Buy Suboxone Online USA - Buy Suboxone Online for Sale - Buy Prescriptionz\" \/>\n<meta property=\"og:description\" content=\"Buyprescriptionz.com is an online pharmacy store where you can Buy Suboxone Online at best price without doctor&#039;s prescription. Buy Suboxone Online Now with Free &amp; Secure Shipping!\" \/>\n<meta property=\"og:url\" content=\"https:\/\/buy-prescriptionz.com\/de\/produkt\/suboxone-online-kaufen\/\" \/>\n<meta property=\"og:site_name\" content=\"Buy Prescriptionz\" \/>\n<meta property=\"article:modified_time\" content=\"2025-09-30T12:37:28+00:00\" \/>\n<meta property=\"og:image\" content=\"https:\/\/buy-prescriptionz.com\/wp-content\/uploads\/2025\/09\/suboxone.jpg\" \/>\n\t<meta property=\"og:image:width\" content=\"400\" \/>\n\t<meta property=\"og:image:height\" content=\"300\" \/>\n\t<meta property=\"og:image:type\" content=\"image\/jpeg\" \/>\n<meta name=\"twitter:card\" content=\"summary_large_image\" \/>\n<meta name=\"twitter:label1\" content=\"Gesch\u00e4tzte Lesezeit\" \/>\n\t<meta name=\"twitter:data1\" content=\"5\u00a0Minuten\" \/>\n<script type=\"application\/ld+json\" class=\"yoast-schema-graph\">{\"@context\":\"https:\/\/schema.org\",\"@graph\":[{\"@type\":\"WebPage\",\"@id\":\"https:\/\/buy-prescriptionz.com\/product\/buy-suboxone-online\/\",\"url\":\"https:\/\/buy-prescriptionz.com\/product\/buy-suboxone-online\/\",\"name\":\"Buy Suboxone Online USA - Buy Suboxone Online for Sale - Buy Prescriptionz\",\"isPartOf\":{\"@id\":\"https:\/\/buy-prescriptionz.com\/#website\"},\"primaryImageOfPage\":{\"@id\":\"https:\/\/buy-prescriptionz.com\/product\/buy-suboxone-online\/#primaryimage\"},\"image\":{\"@id\":\"https:\/\/buy-prescriptionz.com\/product\/buy-suboxone-online\/#primaryimage\"},\"thumbnailUrl\":\"https:\/\/buy-prescriptionz.com\/wp-content\/uploads\/2025\/09\/suboxone.jpg\",\"datePublished\":\"2025-09-16T08:55:52+00:00\",\"dateModified\":\"2025-09-30T12:37:28+00:00\",\"description\":\"Buyprescriptionz.com is an online pharmacy store where you can Buy Suboxone Online at best price without doctor's prescription. Buy Suboxone Online Now with Free & Secure Shipping!\",\"breadcrumb\":{\"@id\":\"https:\/\/buy-prescriptionz.com\/product\/buy-suboxone-online\/#breadcrumb\"},\"inLanguage\":\"de\",\"potentialAction\":[{\"@type\":\"ReadAction\",\"target\":[\"https:\/\/buy-prescriptionz.com\/product\/buy-suboxone-online\/\"]}]},{\"@type\":\"ImageObject\",\"inLanguage\":\"de\",\"@id\":\"https:\/\/buy-prescriptionz.com\/product\/buy-suboxone-online\/#primaryimage\",\"url\":\"https:\/\/buy-prescriptionz.com\/wp-content\/uploads\/2025\/09\/suboxone.jpg\",\"contentUrl\":\"https:\/\/buy-prescriptionz.com\/wp-content\/uploads\/2025\/09\/suboxone.jpg\",\"width\":400,\"height\":300},{\"@type\":\"BreadcrumbList\",\"@id\":\"https:\/\/buy-prescriptionz.com\/product\/buy-suboxone-online\/#breadcrumb\",\"itemListElement\":[{\"@type\":\"ListItem\",\"position\":1,\"name\":\"Home\",\"item\":\"https:\/\/buy-prescriptionz.com\/\"},{\"@type\":\"ListItem\",\"position\":2,\"name\":\"Shop Painkillers Online\",\"item\":\"https:\/\/buy-prescriptionz.com\/shop-painkillers-online\/\"},{\"@type\":\"ListItem\",\"position\":3,\"name\":\"Buy Suboxone Online\"}]},{\"@type\":\"WebSite\",\"@id\":\"https:\/\/buy-prescriptionz.com\/#website\",\"url\":\"https:\/\/buy-prescriptionz.com\/\",\"name\":\"Buy Prescriptionz\",\"description\":\"Drugs Online\",\"publisher\":{\"@id\":\"https:\/\/buy-prescriptionz.com\/#organization\"},\"potentialAction\":[{\"@type\":\"SearchAction\",\"target\":{\"@type\":\"EntryPoint\",\"urlTemplate\":\"https:\/\/buy-prescriptionz.com\/?s={search_term_string}\"},\"query-input\":{\"@type\":\"PropertyValueSpecification\",\"valueRequired\":true,\"valueName\":\"search_term_string\"}}],\"inLanguage\":\"de\"},{\"@type\":\"Organization\",\"@id\":\"https:\/\/buy-prescriptionz.com\/#organization\",\"name\":\"Buy Prescriptionz\",\"url\":\"https:\/\/buy-prescriptionz.com\/\",\"logo\":{\"@type\":\"ImageObject\",\"inLanguage\":\"de\",\"@id\":\"https:\/\/buy-prescriptionz.com\/#\/schema\/logo\/image\/\",\"url\":\"https:\/\/buy-prescriptionz.com\/wp-content\/uploads\/2023\/09\/logo.png\",\"contentUrl\":\"https:\/\/buy-prescriptionz.com\/wp-content\/uploads\/2023\/09\/logo.png\",\"width\":350,\"height\":64,\"caption\":\"Buy Prescriptionz\"},\"image\":{\"@id\":\"https:\/\/buy-prescriptionz.com\/#\/schema\/logo\/image\/\"}}]}<\/script>\n<!-- \/ Yoast SEO plugin. -->","yoast_head_json":{"title":"Suboxone online kaufen in den USA - Suboxone online kaufen zum Verkauf - Rezeptpflichtig","description":"Buyprescriptionz.com is an online pharmacy store where you can Buy Suboxone Online at best price without doctor's prescription. Buy Suboxone Online Now with Free & Secure Shipping!","robots":{"index":"index","follow":"follow","max-snippet":"max-snippet:-1","max-image-preview":"max-image-preview:large","max-video-preview":"max-video-preview:-1"},"canonical":"https:\/\/buy-prescriptionz.com\/de\/produkt\/suboxone-online-kaufen\/","og_locale":"de_DE","og_type":"article","og_title":"Buy Suboxone Online USA - Buy Suboxone Online for Sale - Buy Prescriptionz","og_description":"Buyprescriptionz.com is an online pharmacy store where you can Buy Suboxone Online at best price without doctor's prescription. Buy Suboxone Online Now with Free & Secure Shipping!","og_url":"https:\/\/buy-prescriptionz.com\/de\/produkt\/suboxone-online-kaufen\/","og_site_name":"Buy Prescriptionz","article_modified_time":"2025-09-30T12:37:28+00:00","og_image":[{"width":400,"height":300,"url":"https:\/\/buy-prescriptionz.com\/wp-content\/uploads\/2025\/09\/suboxone.jpg","type":"image\/jpeg"}],"twitter_card":"summary_large_image","twitter_misc":{"Gesch\u00e4tzte Lesezeit":"5\u00a0Minuten"},"schema":{"@context":"https:\/\/schema.org","@graph":[{"@type":"WebPage","@id":"https:\/\/buy-prescriptionz.com\/product\/buy-suboxone-online\/","url":"https:\/\/buy-prescriptionz.com\/product\/buy-suboxone-online\/","name":"Suboxone online kaufen in den USA - Suboxone online kaufen zum Verkauf - Rezeptpflichtig","isPartOf":{"@id":"https:\/\/buy-prescriptionz.com\/#website"},"primaryImageOfPage":{"@id":"https:\/\/buy-prescriptionz.com\/product\/buy-suboxone-online\/#primaryimage"},"image":{"@id":"https:\/\/buy-prescriptionz.com\/product\/buy-suboxone-online\/#primaryimage"},"thumbnailUrl":"https:\/\/buy-prescriptionz.com\/wp-content\/uploads\/2025\/09\/suboxone.jpg","datePublished":"2025-09-16T08:55:52+00:00","dateModified":"2025-09-30T12:37:28+00:00","description":"Buyprescriptionz.com is an online pharmacy store where you can Buy Suboxone Online at best price without doctor's prescription. Buy Suboxone Online Now with Free & Secure Shipping!","breadcrumb":{"@id":"https:\/\/buy-prescriptionz.com\/product\/buy-suboxone-online\/#breadcrumb"},"inLanguage":"de","potentialAction":[{"@type":"ReadAction","target":["https:\/\/buy-prescriptionz.com\/product\/buy-suboxone-online\/"]}]},{"@type":"ImageObject","inLanguage":"de","@id":"https:\/\/buy-prescriptionz.com\/product\/buy-suboxone-online\/#primaryimage","url":"https:\/\/buy-prescriptionz.com\/wp-content\/uploads\/2025\/09\/suboxone.jpg","contentUrl":"https:\/\/buy-prescriptionz.com\/wp-content\/uploads\/2025\/09\/suboxone.jpg","width":400,"height":300},{"@type":"BreadcrumbList","@id":"https:\/\/buy-prescriptionz.com\/product\/buy-suboxone-online\/#breadcrumb","itemListElement":[{"@type":"ListItem","position":1,"name":"Home","item":"https:\/\/buy-prescriptionz.com\/"},{"@type":"ListItem","position":2,"name":"Shop Painkillers Online","item":"https:\/\/buy-prescriptionz.com\/shop-painkillers-online\/"},{"@type":"ListItem","position":3,"name":"Buy Suboxone Online"}]},{"@type":"WebSite","@id":"https:\/\/buy-prescriptionz.com\/#website","url":"https:\/\/buy-prescriptionz.com\/","name":"Kaufen Prescriptionz","description":"Online-Drogen","publisher":{"@id":"https:\/\/buy-prescriptionz.com\/#organization"},"potentialAction":[{"@type":"SearchAction","target":{"@type":"EntryPoint","urlTemplate":"https:\/\/buy-prescriptionz.com\/?s={search_term_string}"},"query-input":{"@type":"PropertyValueSpecification","valueRequired":true,"valueName":"search_term_string"}}],"inLanguage":"de"},{"@type":"Organization","@id":"https:\/\/buy-prescriptionz.com\/#organization","name":"Kaufen Prescriptionz","url":"https:\/\/buy-prescriptionz.com\/","logo":{"@type":"ImageObject","inLanguage":"de","@id":"https:\/\/buy-prescriptionz.com\/#\/schema\/logo\/image\/","url":"https:\/\/buy-prescriptionz.com\/wp-content\/uploads\/2023\/09\/logo.png","contentUrl":"https:\/\/buy-prescriptionz.com\/wp-content\/uploads\/2023\/09\/logo.png","width":350,"height":64,"caption":"Buy Prescriptionz"},"image":{"@id":"https:\/\/buy-prescriptionz.com\/#\/schema\/logo\/image\/"}}]}},"_links":{"self":[{"href":"https:\/\/buy-prescriptionz.com\/de\/wp-json\/wp\/v2\/product\/2992","targetHints":{"allow":["GET"]}}],"collection":[{"href":"https:\/\/buy-prescriptionz.com\/de\/wp-json\/wp\/v2\/product"}],"about":[{"href":"https:\/\/buy-prescriptionz.com\/de\/wp-json\/wp\/v2\/types\/product"}],"replies":[{"embeddable":true,"href":"https:\/\/buy-prescriptionz.com\/de\/wp-json\/wp\/v2\/comments?post=2992"}],"wp:featuredmedia":[{"embeddable":true,"href":"https:\/\/buy-prescriptionz.com\/de\/wp-json\/wp\/v2\/media\/3022"}],"wp:attachment":[{"href":"https:\/\/buy-prescriptionz.com\/de\/wp-json\/wp\/v2\/media?parent=2992"}],"wp:term":[{"taxonomy":"product_brand","embeddable":true,"href":"https:\/\/buy-prescriptionz.com\/de\/wp-json\/wp\/v2\/product_brand?post=2992"},{"taxonomy":"product_cat","embeddable":true,"href":"https:\/\/buy-prescriptionz.com\/de\/wp-json\/wp\/v2\/product_cat?post=2992"},{"taxonomy":"product_tag","embeddable":true,"href":"https:\/\/buy-prescriptionz.com\/de\/wp-json\/wp\/v2\/product_tag?post=2992"}],"curies":[{"name":"wp","href":"https:\/\/api.w.org\/{rel}","templated":true}]}}