{"id":2998,"date":"2025-09-16T08:55:53","date_gmt":"2025-09-16T08:55:53","guid":{"rendered":"https:\/\/chemsfine.com\/newsite\/?post_type=product&#038;p=2998"},"modified":"2025-09-23T06:49:43","modified_gmt":"2025-09-23T06:49:43","slug":"levacetylmethadol-online-kaufen","status":"publish","type":"product","link":"https:\/\/buy-prescriptionz.com\/de\/produkt\/levacetylmethadol-online-kaufen\/","title":{"rendered":"Levacetylmethadol online kaufen"},"content":{"rendered":"<h2>LEVACETYLMETHADOL ONLINE KAUFEN<\/h2>\n<p>Levacetylmethadol online kaufen. Levacetylmethadol ist ein synthetisches Opioid-An\u00e4sthetikum mit zahlreichen Wirkungen, die denen von Morphin quantitativ \u00e4hneln. Die wichtigsten davon betreffen das zentrale Nervensystem und Organe aus glatter Muskulatur. Es ist jedoch aktiver und toxischer als andere.<\/p>\n<h3>FEATURES OF LEVACETYLMETHADOL<\/h3>\n<p>It is a narcotic pain-relieving with a long onset and duration of action. It is used mainly for the treatment of narcotic dependence.<\/p>\n<h3>\u00dcbersicht und Vorteile von Lev Acetylmethadol<\/h3>\n<p>Levacetylmethadol ist ein synthetisches Opioid, das haupts\u00e4chlich zur Schmerzbehandlung und zur Behandlung von Opioidabh\u00e4ngigkeit eingesetzt wird. Es ist f\u00fcr seine l\u00e4ngere Wirkdauer im Vergleich zu anderen Opioiden bekannt und hilft, die Dosierungsh\u00e4ufigkeit zu reduzieren, was f\u00fcr Patienten von Vorteil ist, die Schwierigkeiten haben, einen strengen Medikamentenplan einzuhalten. Es wirkt auf das zentrale Nervensystem, lindert Schmerzen und mildert Entzugserscheinungen bei Patienten, die sich einer Behandlung wegen Opioidabh\u00e4ngigkeit unterziehen.<\/p>\n<h3>Vorteile<\/h3>\n<ol>\n<li>Verl\u00e4ngerte Wirkungsdauer: Aufgrund der lang anhaltenden Wirkung von Levacetylmethadol sind weniger Dosen erforderlich, was die Medikamentenroutine vereinfacht und die Compliance verbessert.<\/li>\n<li>Effektive Schmerzbehandlung: Es bietet erhebliche Linderung bei chronischen Schmerzen und ist daher eine wertvolle Option f\u00fcr Patienten mit anhaltenden Schmerzzust\u00e4nden.<\/li>\n<li>Behandlung von Opioidabh\u00e4ngigkeit: Sie reduziert wirksam Entzugserscheinungen und Verlangen und unterst\u00fctzt den Genesungsprozess von Personen mit Opioidabh\u00e4ngigkeit.<\/li>\n<li>Reduziertes Risiko von Nebenwirkungen: Im Vergleich zu anderen Opioiden besteht bei Levacetylmethadol ein geringeres Risiko, Atemdepressionen und Euphorie hervorzurufen, was es f\u00fcr die Langzeitanwendung sicherer macht.<\/li>\n<li>Verbesserte Lebensqualit\u00e4t: Durch die Schmerzlinderung und Unterst\u00fctzung der Suchtheilung tr\u00e4gt Levacetylmethadol zur Verbesserung des allgemeinen Wohlbefindens und der Funktionalit\u00e4t im t\u00e4glichen Leben bei.<\/li>\n<\/ol>\n<p>Der Kauf von Levacetylmethadol in der besten Apotheke buy-prescriptionz.com bietet mehrere Vorteile. Es bietet eine effektive Schmerzlinderung und ist aufgrund seiner langen Wirkdauer ein wertvolles Hilfsmittel bei der Behandlung von Opioidabh\u00e4ngigkeit. Das geringere Risiko schwerer Nebenwirkungen macht dieses Medikament zu einer sichereren Wahl f\u00fcr Patienten, die eine langfristige Opioidtherapie ben\u00f6tigen. Mit Levacetylmethadol von einer zuverl\u00e4ssigen Quelle wie buy-prescriptionz.com erhalten Patienten Zugang zu einem hochwertigen Medikament, das ihre Lebensqualit\u00e4t deutlich verbessern kann.<\/p>\n<h3>NEBENWIRKUNGEN<\/h3>\n<p>Senza\u021bie general\u0103 de r\u0103u (indispozi\u021bie)<\/p>\n<p>Insomnia.<br \/>\nWeakness.<br \/>\nAbdominal pain.<br \/>\nConstipation.<br \/>\nJoint pain.<br \/>\nNervousness.<br \/>\nSweating.<\/p>\n<h3>PRECAUTIONS OF LEVACETYLMETHADOL<\/h3>\n<p>Levomethadylacetat wird \u00fcblicherweise dreimal w\u00f6chentlich verabreicht, entweder montags, mittwochs und freitags oder dienstags, donnerstags und samstags. Wenn innerhalb des 72-st\u00fcndigen Intervalls zwischen den Dosen Entzugsprobleme auftreten, kann die vorherige Dosis erh\u00f6ht werden.<br \/>\nThe usual doses of levomethadyl acetate must not be given on consecutive days because of the risk of fatal overdose. No dose mentioned in this label is ever meant to be given as a daily dose<\/p>\n<p>\u00bb Vermeiden Sie den Konsum alkoholischer Getr\u00e4nke und illegaler Opioide, auch wenn Sie Entzugserscheinungen und Hei\u00dfhunger versp\u00fcren, da das Risiko einer potenziell t\u00f6dlichen Zusatztoxizit\u00e4t oder einer \u00dcberdosis besteht.<br \/>\n\u00bb Need to inform physicians and dentists of levomethadyl use, particularly if any kind of surgery (including dental surgery) or emergency treatment is requireds<\/p>\n<h3>VERPASSTE DOSIS<\/h3>\n<p>Wenn Sie eine Dosis vergessen haben und am Tag der n\u00e4chsten geplanten Dosis in die Klinik kommen (Montag vergessen, Mittwoch kommen), wird die \u00fcbliche Dosis in den meisten F\u00e4llen gut vertragen, obwohl in bestimmten F\u00e4llen eine reduzierte Dosis angebracht sein kann.<\/p>\n<h3>\u00dcBERDOSIS<\/h3>\n<p>Analysen von \u00dcberdosierungen, die bei der Entwicklung von ORLAAM (Levomethadylacetat) beobachtet wurden, haben gezeigt, dass bei Missbrauch von ORLAAM (Levomethadylacetat) der uninformierte S\u00fcchtige aufgrund des langsamen Wirkungseintritts (2 bis 4 Stunden) ungeduldig werden und illegale Drogen einnehmen kann. Dies kann zu einer potenziell t\u00f6dlichen kombinierten \u00dcberdosis f\u00fchren, wenn die maximale Wirkung von ORLAAM (Levomethadylacetat) eintritt. Aufgrund dieser Missbrauchsrisiken und des Unfalltodes ist die Anwendung von ORLAAM (Levomethadylacetat) nur in lizenzierten Einrichtungen zugelassen.<\/p>\n<h3>STORAGE OF LEVACETYLMETHADOL<\/h3>\n<p>Store this is in between 15 and 30 \u00b0C (59 and 86 \u00b0F), protected from freezing, unless otherwise specified by manufacturer.<\/p>\n<h3>WHERE TO BUY BEST LEVACETYLMETHADOL ONLINE?<\/h3>\n<p>Kaufen Sie Levacetylmethadol online bei buyprescriptionz. Egal wo auf der Welt, Sie k\u00f6nnen es in Ihrer Apotheke 100% sicher online kaufen. Wir bieten die besten Preise f\u00fcr alle unsere Produkte. St\u00f6bern Sie durch unsere Produkte.<\/p>","protected":false},"excerpt":{"rendered":"<p>BUY LEVACETYLMETHADOL ONLINE Buy Levacetylmethadol Online\u00a0,Levacetymethadol is a synthetic opioid anesthetic with numerous movements quantitatively similar to those as morphine, the most prominent of which involve the central nervous system and organs composed of smooth muscle. However, it is more active and more toxic than others. FEATURES OF LEVACETYLMETHADOL It is a narcotic pain-relieving with [&hellip;]<\/p>","protected":false},"featured_media":3028,"comment_status":"open","ping_status":"closed","template":"","meta":{"site-sidebar-layout":"default","site-content-layout":"","ast-site-content-layout":"default","site-content-style":"default","site-sidebar-style":"default","ast-global-header-display":"","ast-banner-title-visibility":"","ast-main-header-display":"","ast-hfb-above-header-display":"","ast-hfb-below-header-display":"","ast-hfb-mobile-header-display":"","site-post-title":"","ast-breadcrumbs-content":"","ast-featured-img":"","footer-sml-layout":"","theme-transparent-header-meta":"default","adv-header-id-meta":"","stick-header-meta":"","header-above-stick-meta":"","header-main-stick-meta":"","header-below-stick-meta":"","astra-migrate-meta-layouts":"set","ast-page-background-enabled":"default","ast-page-background-meta":{"desktop":{"background-color":"var(--ast-global-color-4)","background-image":"","background-repeat":"repeat","background-position":"center center","background-size":"auto","background-attachment":"scroll","background-type":"","background-media":"","overlay-type":"","overlay-color":"","overlay-opacity":"","overlay-gradient":""},"tablet":{"background-color":"","background-image":"","background-repeat":"repeat","background-position":"center center","background-size":"auto","background-attachment":"scroll","background-type":"","background-media":"","overlay-type":"","overlay-color":"","overlay-opacity":"","overlay-gradient":""},"mobile":{"background-color":"","background-image":"","background-repeat":"repeat","background-position":"center center","background-size":"auto","background-attachment":"scroll","background-type":"","background-media":"","overlay-type":"","overlay-color":"","overlay-opacity":"","overlay-gradient":""}},"ast-content-background-meta":{"desktop":{"background-color":"var(--ast-global-color-5)","background-image":"","background-repeat":"repeat","background-position":"center center","background-size":"auto","background-attachment":"scroll","background-type":"","background-media":"","overlay-type":"","overlay-color":"","overlay-opacity":"","overlay-gradient":""},"tablet":{"background-color":"var(--ast-global-color-5)","background-image":"","background-repeat":"repeat","background-position":"center center","background-size":"auto","background-attachment":"scroll","background-type":"","background-media":"","overlay-type":"","overlay-color":"","overlay-opacity":"","overlay-gradient":""},"mobile":{"background-color":"var(--ast-global-color-5)","background-image":"","background-repeat":"repeat","background-position":"center center","background-size":"auto","background-attachment":"scroll","background-type":"","background-media":"","overlay-type":"","overlay-color":"","overlay-opacity":"","overlay-gradient":""}}},"product_brand":[],"product_cat":[2382],"product_tag":[1509,1510,1508,1503,1506,1505,1504,1507,1502,1501,1512,1511],"class_list":{"0":"post-2998","1":"product","2":"type-product","3":"status-publish","4":"has-post-thumbnail","6":"product_cat-buy-opioids-online","7":"product_tag-buy-levacetylmethadol-in-canada","8":"product_tag-buy-levacetylmethadol-in-uk","9":"product_tag-buy-levacetylmethadol-in-usa","10":"product_tag-buy-levacetylmethadol-with-bitcoin","11":"product_tag-buy-levacetylmethadol-with-credit-card","12":"product_tag-buy-levacetylmethadol-with-money-gram","13":"product_tag-buy-levacetylmethadol-with-western-union","14":"product_tag-buy-levacetylmethadol-without-a-doctor","15":"product_tag-buy-levacetylmethadol-without-prescription","16":"product_tag-levacetylmethadol-for-sale","17":"product_tag-levacetylmethadol-pills","18":"product_tag-levacetylmethadol-tablets","19":"desktop-align-center","20":"tablet-align-left","21":"mobile-align-left","23":"first","24":"instock","25":"shipping-taxable","26":"purchasable","27":"product-type-variable","28":"has-default-attributes"},"yoast_head":"<!-- This site is optimized with the Yoast SEO plugin v25.9 - https:\/\/yoast.com\/wordpress\/plugins\/seo\/ -->\n<title>Buy LevacetylMethadol Online - LevacetylMethadol for Sale<\/title>\n<meta name=\"description\" content=\"If you want to buy Levacetylmethadol online, then visit our online Buy-Prescriptionz store is the best option. We have Levacetylmethadol for sale. Place your order now!\" \/>\n<meta name=\"robots\" content=\"index, follow, max-snippet:-1, max-image-preview:large, max-video-preview:-1\" \/>\n<link rel=\"canonical\" href=\"https:\/\/buy-prescriptionz.com\/de\/produkt\/levacetylmethadol-online-kaufen\/\" \/>\n<meta property=\"og:locale\" content=\"de_DE\" \/>\n<meta property=\"og:type\" content=\"article\" \/>\n<meta property=\"og:title\" content=\"Buy LevacetylMethadol Online - LevacetylMethadol for Sale\" \/>\n<meta property=\"og:description\" content=\"If you want to buy Levacetylmethadol online, then visit our online Buy-Prescriptionz store is the best option. We have Levacetylmethadol for sale. Place your order now!\" \/>\n<meta property=\"og:url\" content=\"https:\/\/buy-prescriptionz.com\/de\/produkt\/levacetylmethadol-online-kaufen\/\" \/>\n<meta property=\"og:site_name\" content=\"Buy Prescriptionz\" \/>\n<meta property=\"article:modified_time\" content=\"2025-09-23T06:49:43+00:00\" \/>\n<meta property=\"og:image\" content=\"https:\/\/buy-prescriptionz.com\/wp-content\/uploads\/2025\/09\/levacetylmethadol.jpg\" \/>\n\t<meta property=\"og:image:width\" content=\"400\" \/>\n\t<meta property=\"og:image:height\" content=\"300\" \/>\n\t<meta property=\"og:image:type\" content=\"image\/jpeg\" \/>\n<meta name=\"twitter:card\" content=\"summary_large_image\" \/>\n<meta name=\"twitter:label1\" content=\"Gesch\u00e4tzte Lesezeit\" \/>\n\t<meta name=\"twitter:data1\" content=\"4\u00a0Minuten\" \/>\n<script type=\"application\/ld+json\" class=\"yoast-schema-graph\">{\"@context\":\"https:\/\/schema.org\",\"@graph\":[{\"@type\":\"WebPage\",\"@id\":\"https:\/\/buy-prescriptionz.com\/product\/buy-levacetylmethadol-online\/\",\"url\":\"https:\/\/buy-prescriptionz.com\/product\/buy-levacetylmethadol-online\/\",\"name\":\"Buy LevacetylMethadol Online - LevacetylMethadol for Sale\",\"isPartOf\":{\"@id\":\"https:\/\/buy-prescriptionz.com\/#website\"},\"primaryImageOfPage\":{\"@id\":\"https:\/\/buy-prescriptionz.com\/product\/buy-levacetylmethadol-online\/#primaryimage\"},\"image\":{\"@id\":\"https:\/\/buy-prescriptionz.com\/product\/buy-levacetylmethadol-online\/#primaryimage\"},\"thumbnailUrl\":\"https:\/\/buy-prescriptionz.com\/wp-content\/uploads\/2025\/09\/levacetylmethadol.jpg\",\"datePublished\":\"2025-09-16T08:55:53+00:00\",\"dateModified\":\"2025-09-23T06:49:43+00:00\",\"description\":\"If you want to buy Levacetylmethadol online, then visit our online Buy-Prescriptionz store is the best option. We have Levacetylmethadol for sale. Place your order now!\",\"breadcrumb\":{\"@id\":\"https:\/\/buy-prescriptionz.com\/product\/buy-levacetylmethadol-online\/#breadcrumb\"},\"inLanguage\":\"de\",\"potentialAction\":[{\"@type\":\"ReadAction\",\"target\":[\"https:\/\/buy-prescriptionz.com\/product\/buy-levacetylmethadol-online\/\"]}]},{\"@type\":\"ImageObject\",\"inLanguage\":\"de\",\"@id\":\"https:\/\/buy-prescriptionz.com\/product\/buy-levacetylmethadol-online\/#primaryimage\",\"url\":\"https:\/\/buy-prescriptionz.com\/wp-content\/uploads\/2025\/09\/levacetylmethadol.jpg\",\"contentUrl\":\"https:\/\/buy-prescriptionz.com\/wp-content\/uploads\/2025\/09\/levacetylmethadol.jpg\",\"width\":400,\"height\":300},{\"@type\":\"BreadcrumbList\",\"@id\":\"https:\/\/buy-prescriptionz.com\/product\/buy-levacetylmethadol-online\/#breadcrumb\",\"itemListElement\":[{\"@type\":\"ListItem\",\"position\":1,\"name\":\"Home\",\"item\":\"https:\/\/buy-prescriptionz.com\/\"},{\"@type\":\"ListItem\",\"position\":2,\"name\":\"Shop Painkillers Online\",\"item\":\"https:\/\/buy-prescriptionz.com\/shop-painkillers-online\/\"},{\"@type\":\"ListItem\",\"position\":3,\"name\":\"Buy Levacetylmethadol Online\"}]},{\"@type\":\"WebSite\",\"@id\":\"https:\/\/buy-prescriptionz.com\/#website\",\"url\":\"https:\/\/buy-prescriptionz.com\/\",\"name\":\"Buy Prescriptionz\",\"description\":\"Drugs Online\",\"publisher\":{\"@id\":\"https:\/\/buy-prescriptionz.com\/#organization\"},\"potentialAction\":[{\"@type\":\"SearchAction\",\"target\":{\"@type\":\"EntryPoint\",\"urlTemplate\":\"https:\/\/buy-prescriptionz.com\/?s={search_term_string}\"},\"query-input\":{\"@type\":\"PropertyValueSpecification\",\"valueRequired\":true,\"valueName\":\"search_term_string\"}}],\"inLanguage\":\"de\"},{\"@type\":\"Organization\",\"@id\":\"https:\/\/buy-prescriptionz.com\/#organization\",\"name\":\"Buy Prescriptionz\",\"url\":\"https:\/\/buy-prescriptionz.com\/\",\"logo\":{\"@type\":\"ImageObject\",\"inLanguage\":\"de\",\"@id\":\"https:\/\/buy-prescriptionz.com\/#\/schema\/logo\/image\/\",\"url\":\"https:\/\/buy-prescriptionz.com\/wp-content\/uploads\/2023\/09\/logo.png\",\"contentUrl\":\"https:\/\/buy-prescriptionz.com\/wp-content\/uploads\/2023\/09\/logo.png\",\"width\":350,\"height\":64,\"caption\":\"Buy Prescriptionz\"},\"image\":{\"@id\":\"https:\/\/buy-prescriptionz.com\/#\/schema\/logo\/image\/\"}}]}<\/script>\n<!-- \/ Yoast SEO plugin. -->","yoast_head_json":{"title":"Le acetylMethadol online kaufen  - Le acetylMethadol zum Verkauf","description":"Wenn Sie Levacetylmethadol online kaufen m\u00f6chten, besuchen Sie unseren Online-Shop Buy-Prescriptionz. Wir haben Levacetylmethadol im Angebot. Bestellen Sie jetzt!","robots":{"index":"index","follow":"follow","max-snippet":"max-snippet:-1","max-image-preview":"max-image-preview:large","max-video-preview":"max-video-preview:-1"},"canonical":"https:\/\/buy-prescriptionz.com\/de\/produkt\/levacetylmethadol-online-kaufen\/","og_locale":"de_DE","og_type":"article","og_title":"Buy LevacetylMethadol Online - LevacetylMethadol for Sale","og_description":"If you want to buy Levacetylmethadol online, then visit our online Buy-Prescriptionz store is the best option. We have Levacetylmethadol for sale. Place your order now!","og_url":"https:\/\/buy-prescriptionz.com\/de\/produkt\/levacetylmethadol-online-kaufen\/","og_site_name":"Buy Prescriptionz","article_modified_time":"2025-09-23T06:49:43+00:00","og_image":[{"width":400,"height":300,"url":"https:\/\/buy-prescriptionz.com\/wp-content\/uploads\/2025\/09\/levacetylmethadol.jpg","type":"image\/jpeg"}],"twitter_card":"summary_large_image","twitter_misc":{"Gesch\u00e4tzte Lesezeit":"4\u00a0Minuten"},"schema":{"@context":"https:\/\/schema.org","@graph":[{"@type":"WebPage","@id":"https:\/\/buy-prescriptionz.com\/product\/buy-levacetylmethadol-online\/","url":"https:\/\/buy-prescriptionz.com\/product\/buy-levacetylmethadol-online\/","name":"Le acetylMethadol online kaufen  - Le acetylMethadol zum Verkauf","isPartOf":{"@id":"https:\/\/buy-prescriptionz.com\/#website"},"primaryImageOfPage":{"@id":"https:\/\/buy-prescriptionz.com\/product\/buy-levacetylmethadol-online\/#primaryimage"},"image":{"@id":"https:\/\/buy-prescriptionz.com\/product\/buy-levacetylmethadol-online\/#primaryimage"},"thumbnailUrl":"https:\/\/buy-prescriptionz.com\/wp-content\/uploads\/2025\/09\/levacetylmethadol.jpg","datePublished":"2025-09-16T08:55:53+00:00","dateModified":"2025-09-23T06:49:43+00:00","description":"Wenn Sie Levacetylmethadol online kaufen m\u00f6chten, besuchen Sie unseren Online-Shop Buy-Prescriptionz. Wir haben Levacetylmethadol im Angebot. Bestellen Sie jetzt!","breadcrumb":{"@id":"https:\/\/buy-prescriptionz.com\/product\/buy-levacetylmethadol-online\/#breadcrumb"},"inLanguage":"de","potentialAction":[{"@type":"ReadAction","target":["https:\/\/buy-prescriptionz.com\/product\/buy-levacetylmethadol-online\/"]}]},{"@type":"ImageObject","inLanguage":"de","@id":"https:\/\/buy-prescriptionz.com\/product\/buy-levacetylmethadol-online\/#primaryimage","url":"https:\/\/buy-prescriptionz.com\/wp-content\/uploads\/2025\/09\/levacetylmethadol.jpg","contentUrl":"https:\/\/buy-prescriptionz.com\/wp-content\/uploads\/2025\/09\/levacetylmethadol.jpg","width":400,"height":300},{"@type":"BreadcrumbList","@id":"https:\/\/buy-prescriptionz.com\/product\/buy-levacetylmethadol-online\/#breadcrumb","itemListElement":[{"@type":"ListItem","position":1,"name":"Home","item":"https:\/\/buy-prescriptionz.com\/"},{"@type":"ListItem","position":2,"name":"Shop Painkillers Online","item":"https:\/\/buy-prescriptionz.com\/shop-painkillers-online\/"},{"@type":"ListItem","position":3,"name":"Buy Levacetylmethadol Online"}]},{"@type":"WebSite","@id":"https:\/\/buy-prescriptionz.com\/#website","url":"https:\/\/buy-prescriptionz.com\/","name":"Kaufen Prescriptionz","description":"Online-Drogen","publisher":{"@id":"https:\/\/buy-prescriptionz.com\/#organization"},"potentialAction":[{"@type":"SearchAction","target":{"@type":"EntryPoint","urlTemplate":"https:\/\/buy-prescriptionz.com\/?s={search_term_string}"},"query-input":{"@type":"PropertyValueSpecification","valueRequired":true,"valueName":"search_term_string"}}],"inLanguage":"de"},{"@type":"Organization","@id":"https:\/\/buy-prescriptionz.com\/#organization","name":"Kaufen Prescriptionz","url":"https:\/\/buy-prescriptionz.com\/","logo":{"@type":"ImageObject","inLanguage":"de","@id":"https:\/\/buy-prescriptionz.com\/#\/schema\/logo\/image\/","url":"https:\/\/buy-prescriptionz.com\/wp-content\/uploads\/2023\/09\/logo.png","contentUrl":"https:\/\/buy-prescriptionz.com\/wp-content\/uploads\/2023\/09\/logo.png","width":350,"height":64,"caption":"Buy Prescriptionz"},"image":{"@id":"https:\/\/buy-prescriptionz.com\/#\/schema\/logo\/image\/"}}]}},"_links":{"self":[{"href":"https:\/\/buy-prescriptionz.com\/de\/wp-json\/wp\/v2\/product\/2998","targetHints":{"allow":["GET"]}}],"collection":[{"href":"https:\/\/buy-prescriptionz.com\/de\/wp-json\/wp\/v2\/product"}],"about":[{"href":"https:\/\/buy-prescriptionz.com\/de\/wp-json\/wp\/v2\/types\/product"}],"replies":[{"embeddable":true,"href":"https:\/\/buy-prescriptionz.com\/de\/wp-json\/wp\/v2\/comments?post=2998"}],"wp:featuredmedia":[{"embeddable":true,"href":"https:\/\/buy-prescriptionz.com\/de\/wp-json\/wp\/v2\/media\/3028"}],"wp:attachment":[{"href":"https:\/\/buy-prescriptionz.com\/de\/wp-json\/wp\/v2\/media?parent=2998"}],"wp:term":[{"taxonomy":"product_brand","embeddable":true,"href":"https:\/\/buy-prescriptionz.com\/de\/wp-json\/wp\/v2\/product_brand?post=2998"},{"taxonomy":"product_cat","embeddable":true,"href":"https:\/\/buy-prescriptionz.com\/de\/wp-json\/wp\/v2\/product_cat?post=2998"},{"taxonomy":"product_tag","embeddable":true,"href":"https:\/\/buy-prescriptionz.com\/de\/wp-json\/wp\/v2\/product_tag?post=2998"}],"curies":[{"name":"wp","href":"https:\/\/api.w.org\/{rel}","templated":true}]}}