{"id":2999,"date":"2025-09-16T08:55:53","date_gmt":"2025-09-16T08:55:53","guid":{"rendered":"https:\/\/chemsfine.com\/newsite\/?post_type=product&#038;p=2999"},"modified":"2025-09-23T07:02:45","modified_gmt":"2025-09-23T07:02:45","slug":"methadon-online-kaufen","status":"publish","type":"product","link":"https:\/\/buy-prescriptionz.com\/de\/produkt\/methadon-online-kaufen\/","title":{"rendered":"Methadon online kaufen"},"content":{"rendered":"<h2>BUY METHADONE ONLINE<\/h2>\n<p>Methadone is in a class of prescriptions called opiate analgesics. It can works to treat persons who addicted to opiate by turn out similar effects and it preventing withdrawal symptoms in people who have stopped using these drugs.<\/p>\n<h3>FEATURES OF LEVACETYLMETHADOL<\/h3>\n<p>Methadone works by changing the brain and nervous system respond to pain. It lessens the painful symptoms of opiate extraction and blocks the elated effects of opiate medicine such as heroin, morphine, and codeine, as well as semi-synthetic opioids like oxycodone and hydrocodone.<\/p>\n<h3>Methadon online kaufen<\/h3>\n<p>Methadon ist ein synthetisches Opioid, das haupts\u00e4chlich zur Schmerzlinderung und im Rahmen der medikamentengest\u00fctzten Behandlung (MAT) von Opioidabh\u00e4ngigkeit eingesetzt wird. Es ver\u00e4ndert die Schmerzreaktion von Gehirn und Nervensystem und blockiert die euphorisierende Wirkung anderer Opioide. Dies macht es zu einem unverzichtbaren Mittel in der Behandlung von Opioidabh\u00e4ngigkeit. Methadon ist bekannt f\u00fcr seine langanhaltende Wirkung, die das Verlangen nach Medikamenten und Entzugserscheinungen reduziert und es den Betroffenen erm\u00f6glicht, sich auf ihre Genesung zu konzentrieren.<\/p>\n<h3>Vorteile<\/h3>\n<ol>\n<li>Effektive Schmerzbehandlung: Es bietet erhebliche Linderung bei chronischen Schmerzen und ist daher eine wertvolle Option f\u00fcr Patienten mit anhaltenden Schmerzzust\u00e4nden.<\/li>\n<li>Behandlung von Opioidabh\u00e4ngigkeit: Sie reduziert wirksam Entzugserscheinungen und Verlangen und unterst\u00fctzt den Genesungsprozess von Personen mit Opioidabh\u00e4ngigkeit.<\/li>\n<li>Langanhaltende Wirkung: Die verl\u00e4ngerte Wirkdauer von Methadon erm\u00f6glicht eine seltenere Dosierung, vereinfacht den Medikamentenplan und verbessert die Therapietreue.<\/li>\n<li>Verringerung der Euphorie: Im Vergleich zu anderen Opioiden hat Methadon ein geringeres Potenzial, Euphorie auszul\u00f6sen, was das Risiko von Missbrauch und Abh\u00e4ngigkeit verringert.<\/li>\n<li>Verbesserte Lebensqualit\u00e4t: Durch die Schmerzlinderung und Unterst\u00fctzung der Suchtheilung tr\u00e4gt Levacetylmethadol zur Verbesserung des allgemeinen Wohlbefindens und der Funktionalit\u00e4t im t\u00e4glichen Leben bei.<\/li>\n<\/ol>\n<p>Der Kauf von Methadon in einer der besten Apotheken bietet erhebliche Vorteile sowohl f\u00fcr die Schmerzbehandlung als auch f\u00fcr die Behandlung von Opioidabh\u00e4ngigkeit. Die F\u00e4higkeit, Schmerzen langanhaltend zu lindern, gew\u00e4hrleistet eine konsistente und \u00fcberschaubare Dosierung und verbessert so die Therapietreue. Die Wirksamkeit von Methadon bei der Reduzierung von Entzugserscheinungen und Hei\u00dfhunger macht es zu einem wichtigen Bestandteil der Opioidabh\u00e4ngigkeitsbehandlung und unterst\u00fctzt Betroffene auf ihrem Weg zur Genesung. Zudem verringert das im Vergleich zu anderen Opioiden geringere Euphoriepotenzial das Risiko von Missbrauch und Abh\u00e4ngigkeit. Mit Methadon von buy-prescriptionz.com erhalten Patienten Zugang zu einem zuverl\u00e4ssigen und hochwertigen Medikament, das ihre Lebensqualit\u00e4t insgesamt verbessern, chronische Schmerzen lindern und die Opioidabh\u00e4ngigkeit \u00fcberwinden kann.<\/p>\n<h3>NEBENWIRKUNGEN<\/h3>\n<p><strong>Side effects should be taken <\/strong>seriously,<strong> if any below side effects.<\/strong><\/p>\n<p>Experience difficulty breathing or shallow breathing<br \/>\nFeel lightheaded or faint<br \/>\nExperience a rash; swelling of the lips, face, tongue, or throat<br \/>\nFeel chest pain<br \/>\nExperience a fast or pounding heartbeat<br \/>\nExperience hallucinations or confusion<\/p>\n<h3>PRECAUTIONS OF LEVACETYLMETHADOL<\/h3>\n<p>Never use more than the amount prescribed, and always take at the times prescribed. If a dose is missed, or if it feels like it\u2019s not working, do not take an extra dose of methadone.<br \/>\nDo not consume alcohol while taking methadone.<br \/>\nBe careful driving or operating machinery on methadone.<\/p>\n<h3>VERPASSTE DOSIS<\/h3>\n<p>If your doctor told you to take methadone for pain, take missed dose as soon as you remember it and then go for continue your regular dose schedule. However, if it is almost time for next dose, skip the missed dose and continue regular dosing schedule. Do not take double dose for a missed one.<br \/>\nIf you are taking this to treat opioid addiction, skip the missed dose and take the next dose the next day as scheduled. Do not take double dose to overcome a missed one.<\/p>\n<h3>\u00dcBERDOSIS<\/h3>\n<p>It is used to reverse the life-threatening effects of an overdose. You will perhaps be unable to treat yourself if you experience an opiate overdose. You should make sure that your family members, caregivers, or others who spend time with you know how to tell if you are experiencing an overdose, how to use this, and what to do until emergency medical help arrives.<\/p>\n<p><strong>Zu den Symptomen einer \u00dcberdosierung k\u00f6nnen geh\u00f6ren:<\/strong><\/p>\n<p>small, pinpoint pupils (black circles in the center of the eyes)<br \/>\nslow or shallow breathing<br \/>\ndrowsiness<br \/>\ncool, clammy, or blue skin<br \/>\nloss of consciousness (coma)<br \/>\nschlaffe Muskeln<\/p>\n<h3>STORAGE OF LEVACETYLMETHADOL<\/h3>\n<p>Store this methadone at general room temperature and away from light as well as children.<br \/>\nDispose of unused methadone by the flushing it down the toilet.<\/p>\n<h3>WHERE TO BUY BEST METHADONE ONLINE?<\/h3>\n<p>Methadon snel nodig? U kunt online bestellen met buyprescriptionz en krijg op de stoep vroeg.<\/p>","protected":false},"excerpt":{"rendered":"<p>BUY METHADONE ONLINE Methadone is in a class of prescriptions called opiate analgesics. It can works to treat persons who addicted to opiate by turn out similar effects and it preventing withdrawal symptoms in people who have stopped using these drugs. FEATURES OF LEVACETYLMETHADOL Methadone works by changing the brain and nervous system respond to [&hellip;]<\/p>","protected":false},"featured_media":3029,"comment_status":"open","ping_status":"closed","template":"","meta":{"site-sidebar-layout":"default","site-content-layout":"","ast-site-content-layout":"default","site-content-style":"default","site-sidebar-style":"default","ast-global-header-display":"","ast-banner-title-visibility":"","ast-main-header-display":"","ast-hfb-above-header-display":"","ast-hfb-below-header-display":"","ast-hfb-mobile-header-display":"","site-post-title":"","ast-breadcrumbs-content":"","ast-featured-img":"","footer-sml-layout":"","theme-transparent-header-meta":"default","adv-header-id-meta":"","stick-header-meta":"","header-above-stick-meta":"","header-main-stick-meta":"","header-below-stick-meta":"","astra-migrate-meta-layouts":"set","ast-page-background-enabled":"default","ast-page-background-meta":{"desktop":{"background-color":"var(--ast-global-color-4)","background-image":"","background-repeat":"repeat","background-position":"center center","background-size":"auto","background-attachment":"scroll","background-type":"","background-media":"","overlay-type":"","overlay-color":"","overlay-opacity":"","overlay-gradient":""},"tablet":{"background-color":"","background-image":"","background-repeat":"repeat","background-position":"center center","background-size":"auto","background-attachment":"scroll","background-type":"","background-media":"","overlay-type":"","overlay-color":"","overlay-opacity":"","overlay-gradient":""},"mobile":{"background-color":"","background-image":"","background-repeat":"repeat","background-position":"center center","background-size":"auto","background-attachment":"scroll","background-type":"","background-media":"","overlay-type":"","overlay-color":"","overlay-opacity":"","overlay-gradient":""}},"ast-content-background-meta":{"desktop":{"background-color":"var(--ast-global-color-5)","background-image":"","background-repeat":"repeat","background-position":"center center","background-size":"auto","background-attachment":"scroll","background-type":"","background-media":"","overlay-type":"","overlay-color":"","overlay-opacity":"","overlay-gradient":""},"tablet":{"background-color":"var(--ast-global-color-5)","background-image":"","background-repeat":"repeat","background-position":"center center","background-size":"auto","background-attachment":"scroll","background-type":"","background-media":"","overlay-type":"","overlay-color":"","overlay-opacity":"","overlay-gradient":""},"mobile":{"background-color":"var(--ast-global-color-5)","background-image":"","background-repeat":"repeat","background-position":"center center","background-size":"auto","background-attachment":"scroll","background-type":"","background-media":"","overlay-type":"","overlay-color":"","overlay-opacity":"","overlay-gradient":""}}},"product_brand":[],"product_cat":[2382],"product_tag":[1498,1499,1497,1492,1495,1494,1493,1496,1491,1490,1500],"class_list":{"0":"post-2999","1":"product","2":"type-product","3":"status-publish","4":"has-post-thumbnail","6":"product_cat-buy-opioids-online","7":"product_tag-buy-methadone-in-canada","8":"product_tag-buy-methadone-in-uk","9":"product_tag-buy-methadone-in-usa","10":"product_tag-buy-methadone-with-bitcoin","11":"product_tag-buy-methadone-with-credit-card","12":"product_tag-buy-methadone-with-money-gram","13":"product_tag-buy-methadone-with-western-union","14":"product_tag-buy-methadone-without-a-doctor","15":"product_tag-buy-methadone-without-prescription","16":"product_tag-methadone-for-sale","17":"product_tag-methadone-oral-solution","18":"desktop-align-center","19":"tablet-align-left","20":"mobile-align-left","22":"first","23":"instock","24":"shipping-taxable","25":"purchasable","26":"product-type-variable","27":"has-default-attributes"},"yoast_head":"<!-- This site is optimized with the Yoast SEO plugin v25.9 - https:\/\/yoast.com\/wordpress\/plugins\/seo\/ -->\n<title>Buy Methadone Online USA - Buy Methadone Online for Sale - Buy Prescriptionz<\/title>\n<meta name=\"description\" content=\"Buyprescriptionz.com is an online pharmacy store where you can Buy Methadone Online at best price without doctor&#039;s prescription. Buy Methadone Online Now with Free &amp; Secure Shipping!\" \/>\n<meta name=\"robots\" content=\"index, follow, max-snippet:-1, max-image-preview:large, max-video-preview:-1\" \/>\n<link rel=\"canonical\" href=\"https:\/\/buy-prescriptionz.com\/de\/produkt\/methadon-online-kaufen\/\" \/>\n<meta property=\"og:locale\" content=\"de_DE\" \/>\n<meta property=\"og:type\" content=\"article\" \/>\n<meta property=\"og:title\" content=\"Buy Methadone Online USA - Buy Methadone Online for Sale - Buy Prescriptionz\" \/>\n<meta property=\"og:description\" content=\"Buyprescriptionz.com is an online pharmacy store where you can Buy Methadone Online at best price without doctor&#039;s prescription. Buy Methadone Online Now with Free &amp; Secure Shipping!\" \/>\n<meta property=\"og:url\" content=\"https:\/\/buy-prescriptionz.com\/de\/produkt\/methadon-online-kaufen\/\" \/>\n<meta property=\"og:site_name\" content=\"Buy Prescriptionz\" \/>\n<meta property=\"article:modified_time\" content=\"2025-09-23T07:02:45+00:00\" \/>\n<meta property=\"og:image\" content=\"https:\/\/buy-prescriptionz.com\/wp-content\/uploads\/2025\/09\/methadone.jpg\" \/>\n\t<meta property=\"og:image:width\" content=\"400\" \/>\n\t<meta property=\"og:image:height\" content=\"300\" \/>\n\t<meta property=\"og:image:type\" content=\"image\/jpeg\" \/>\n<meta name=\"twitter:card\" content=\"summary_large_image\" \/>\n<meta name=\"twitter:label1\" content=\"Gesch\u00e4tzte Lesezeit\" \/>\n\t<meta name=\"twitter:data1\" content=\"4\u00a0Minuten\" \/>\n<script type=\"application\/ld+json\" class=\"yoast-schema-graph\">{\"@context\":\"https:\/\/schema.org\",\"@graph\":[{\"@type\":\"WebPage\",\"@id\":\"https:\/\/buy-prescriptionz.com\/product\/buy-methadone-online\/\",\"url\":\"https:\/\/buy-prescriptionz.com\/product\/buy-methadone-online\/\",\"name\":\"Buy Methadone Online USA - Buy Methadone Online for Sale - Buy Prescriptionz\",\"isPartOf\":{\"@id\":\"https:\/\/buy-prescriptionz.com\/#website\"},\"primaryImageOfPage\":{\"@id\":\"https:\/\/buy-prescriptionz.com\/product\/buy-methadone-online\/#primaryimage\"},\"image\":{\"@id\":\"https:\/\/buy-prescriptionz.com\/product\/buy-methadone-online\/#primaryimage\"},\"thumbnailUrl\":\"https:\/\/buy-prescriptionz.com\/wp-content\/uploads\/2025\/09\/methadone.jpg\",\"datePublished\":\"2025-09-16T08:55:53+00:00\",\"dateModified\":\"2025-09-23T07:02:45+00:00\",\"description\":\"Buyprescriptionz.com is an online pharmacy store where you can Buy Methadone Online at best price without doctor's prescription. Buy Methadone Online Now with Free & Secure Shipping!\",\"breadcrumb\":{\"@id\":\"https:\/\/buy-prescriptionz.com\/product\/buy-methadone-online\/#breadcrumb\"},\"inLanguage\":\"de\",\"potentialAction\":[{\"@type\":\"ReadAction\",\"target\":[\"https:\/\/buy-prescriptionz.com\/product\/buy-methadone-online\/\"]}]},{\"@type\":\"ImageObject\",\"inLanguage\":\"de\",\"@id\":\"https:\/\/buy-prescriptionz.com\/product\/buy-methadone-online\/#primaryimage\",\"url\":\"https:\/\/buy-prescriptionz.com\/wp-content\/uploads\/2025\/09\/methadone.jpg\",\"contentUrl\":\"https:\/\/buy-prescriptionz.com\/wp-content\/uploads\/2025\/09\/methadone.jpg\",\"width\":400,\"height\":300},{\"@type\":\"BreadcrumbList\",\"@id\":\"https:\/\/buy-prescriptionz.com\/product\/buy-methadone-online\/#breadcrumb\",\"itemListElement\":[{\"@type\":\"ListItem\",\"position\":1,\"name\":\"Home\",\"item\":\"https:\/\/buy-prescriptionz.com\/\"},{\"@type\":\"ListItem\",\"position\":2,\"name\":\"Shop Painkillers Online\",\"item\":\"https:\/\/buy-prescriptionz.com\/shop-painkillers-online\/\"},{\"@type\":\"ListItem\",\"position\":3,\"name\":\"Buy Methadone Online\"}]},{\"@type\":\"WebSite\",\"@id\":\"https:\/\/buy-prescriptionz.com\/#website\",\"url\":\"https:\/\/buy-prescriptionz.com\/\",\"name\":\"Buy Prescriptionz\",\"description\":\"Drugs Online\",\"publisher\":{\"@id\":\"https:\/\/buy-prescriptionz.com\/#organization\"},\"potentialAction\":[{\"@type\":\"SearchAction\",\"target\":{\"@type\":\"EntryPoint\",\"urlTemplate\":\"https:\/\/buy-prescriptionz.com\/?s={search_term_string}\"},\"query-input\":{\"@type\":\"PropertyValueSpecification\",\"valueRequired\":true,\"valueName\":\"search_term_string\"}}],\"inLanguage\":\"de\"},{\"@type\":\"Organization\",\"@id\":\"https:\/\/buy-prescriptionz.com\/#organization\",\"name\":\"Buy Prescriptionz\",\"url\":\"https:\/\/buy-prescriptionz.com\/\",\"logo\":{\"@type\":\"ImageObject\",\"inLanguage\":\"de\",\"@id\":\"https:\/\/buy-prescriptionz.com\/#\/schema\/logo\/image\/\",\"url\":\"https:\/\/buy-prescriptionz.com\/wp-content\/uploads\/2023\/09\/logo.png\",\"contentUrl\":\"https:\/\/buy-prescriptionz.com\/wp-content\/uploads\/2023\/09\/logo.png\",\"width\":350,\"height\":64,\"caption\":\"Buy Prescriptionz\"},\"image\":{\"@id\":\"https:\/\/buy-prescriptionz.com\/#\/schema\/logo\/image\/\"}}]}<\/script>\n<!-- \/ Yoast SEO plugin. -->","yoast_head_json":{"title":"Kaufen Sie Methadon online in den USA \u2013 Kaufen Sie Methadon online zum Verkauf \u2013 Kaufen Sie Rezepte","description":"Buyprescriptionz.com is an online pharmacy store where you can Buy Methadone Online at best price without doctor's prescription. Buy Methadone Online Now with Free & Secure Shipping!","robots":{"index":"index","follow":"follow","max-snippet":"max-snippet:-1","max-image-preview":"max-image-preview:large","max-video-preview":"max-video-preview:-1"},"canonical":"https:\/\/buy-prescriptionz.com\/de\/produkt\/methadon-online-kaufen\/","og_locale":"de_DE","og_type":"article","og_title":"Buy Methadone Online USA - Buy Methadone Online for Sale - Buy Prescriptionz","og_description":"Buyprescriptionz.com is an online pharmacy store where you can Buy Methadone Online at best price without doctor's prescription. Buy Methadone Online Now with Free & Secure Shipping!","og_url":"https:\/\/buy-prescriptionz.com\/de\/produkt\/methadon-online-kaufen\/","og_site_name":"Buy Prescriptionz","article_modified_time":"2025-09-23T07:02:45+00:00","og_image":[{"width":400,"height":300,"url":"https:\/\/buy-prescriptionz.com\/wp-content\/uploads\/2025\/09\/methadone.jpg","type":"image\/jpeg"}],"twitter_card":"summary_large_image","twitter_misc":{"Gesch\u00e4tzte Lesezeit":"4\u00a0Minuten"},"schema":{"@context":"https:\/\/schema.org","@graph":[{"@type":"WebPage","@id":"https:\/\/buy-prescriptionz.com\/product\/buy-methadone-online\/","url":"https:\/\/buy-prescriptionz.com\/product\/buy-methadone-online\/","name":"Kaufen Sie Methadon online in den USA \u2013 Kaufen Sie Methadon online zum Verkauf \u2013 Kaufen Sie Rezepte","isPartOf":{"@id":"https:\/\/buy-prescriptionz.com\/#website"},"primaryImageOfPage":{"@id":"https:\/\/buy-prescriptionz.com\/product\/buy-methadone-online\/#primaryimage"},"image":{"@id":"https:\/\/buy-prescriptionz.com\/product\/buy-methadone-online\/#primaryimage"},"thumbnailUrl":"https:\/\/buy-prescriptionz.com\/wp-content\/uploads\/2025\/09\/methadone.jpg","datePublished":"2025-09-16T08:55:53+00:00","dateModified":"2025-09-23T07:02:45+00:00","description":"Buyprescriptionz.com is an online pharmacy store where you can Buy Methadone Online at best price without doctor's prescription. Buy Methadone Online Now with Free & Secure Shipping!","breadcrumb":{"@id":"https:\/\/buy-prescriptionz.com\/product\/buy-methadone-online\/#breadcrumb"},"inLanguage":"de","potentialAction":[{"@type":"ReadAction","target":["https:\/\/buy-prescriptionz.com\/product\/buy-methadone-online\/"]}]},{"@type":"ImageObject","inLanguage":"de","@id":"https:\/\/buy-prescriptionz.com\/product\/buy-methadone-online\/#primaryimage","url":"https:\/\/buy-prescriptionz.com\/wp-content\/uploads\/2025\/09\/methadone.jpg","contentUrl":"https:\/\/buy-prescriptionz.com\/wp-content\/uploads\/2025\/09\/methadone.jpg","width":400,"height":300},{"@type":"BreadcrumbList","@id":"https:\/\/buy-prescriptionz.com\/product\/buy-methadone-online\/#breadcrumb","itemListElement":[{"@type":"ListItem","position":1,"name":"Home","item":"https:\/\/buy-prescriptionz.com\/"},{"@type":"ListItem","position":2,"name":"Shop Painkillers Online","item":"https:\/\/buy-prescriptionz.com\/shop-painkillers-online\/"},{"@type":"ListItem","position":3,"name":"Buy Methadone Online"}]},{"@type":"WebSite","@id":"https:\/\/buy-prescriptionz.com\/#website","url":"https:\/\/buy-prescriptionz.com\/","name":"Kaufen Prescriptionz","description":"Online-Drogen","publisher":{"@id":"https:\/\/buy-prescriptionz.com\/#organization"},"potentialAction":[{"@type":"SearchAction","target":{"@type":"EntryPoint","urlTemplate":"https:\/\/buy-prescriptionz.com\/?s={search_term_string}"},"query-input":{"@type":"PropertyValueSpecification","valueRequired":true,"valueName":"search_term_string"}}],"inLanguage":"de"},{"@type":"Organization","@id":"https:\/\/buy-prescriptionz.com\/#organization","name":"Kaufen Prescriptionz","url":"https:\/\/buy-prescriptionz.com\/","logo":{"@type":"ImageObject","inLanguage":"de","@id":"https:\/\/buy-prescriptionz.com\/#\/schema\/logo\/image\/","url":"https:\/\/buy-prescriptionz.com\/wp-content\/uploads\/2023\/09\/logo.png","contentUrl":"https:\/\/buy-prescriptionz.com\/wp-content\/uploads\/2023\/09\/logo.png","width":350,"height":64,"caption":"Buy Prescriptionz"},"image":{"@id":"https:\/\/buy-prescriptionz.com\/#\/schema\/logo\/image\/"}}]}},"_links":{"self":[{"href":"https:\/\/buy-prescriptionz.com\/de\/wp-json\/wp\/v2\/product\/2999","targetHints":{"allow":["GET"]}}],"collection":[{"href":"https:\/\/buy-prescriptionz.com\/de\/wp-json\/wp\/v2\/product"}],"about":[{"href":"https:\/\/buy-prescriptionz.com\/de\/wp-json\/wp\/v2\/types\/product"}],"replies":[{"embeddable":true,"href":"https:\/\/buy-prescriptionz.com\/de\/wp-json\/wp\/v2\/comments?post=2999"}],"wp:featuredmedia":[{"embeddable":true,"href":"https:\/\/buy-prescriptionz.com\/de\/wp-json\/wp\/v2\/media\/3029"}],"wp:attachment":[{"href":"https:\/\/buy-prescriptionz.com\/de\/wp-json\/wp\/v2\/media?parent=2999"}],"wp:term":[{"taxonomy":"product_brand","embeddable":true,"href":"https:\/\/buy-prescriptionz.com\/de\/wp-json\/wp\/v2\/product_brand?post=2999"},{"taxonomy":"product_cat","embeddable":true,"href":"https:\/\/buy-prescriptionz.com\/de\/wp-json\/wp\/v2\/product_cat?post=2999"},{"taxonomy":"product_tag","embeddable":true,"href":"https:\/\/buy-prescriptionz.com\/de\/wp-json\/wp\/v2\/product_tag?post=2999"}],"curies":[{"name":"wp","href":"https:\/\/api.w.org\/{rel}","templated":true}]}}