{"id":3001,"date":"2025-09-16T08:55:53","date_gmt":"2025-09-16T08:55:53","guid":{"rendered":"https:\/\/chemsfine.com\/newsite\/?post_type=product&#038;p=3001"},"modified":"2025-09-19T13:33:38","modified_gmt":"2025-09-19T13:33:38","slug":"actavis-promethazin-sirup-online-kaufen","status":"publish","type":"product","link":"https:\/\/buy-prescriptionz.com\/de\/produkt\/actavis-promethazin-sirup-online-kaufen\/","title":{"rendered":"Actavis Promethazin Sirup online kaufen"},"content":{"rendered":"<h2 style=\"text-align: justify;\">ACTAVIS PROMETHAZIN-SIRUP ONLINE KAUFEN<\/h2>\n<p style=\"text-align: justify;\">Actavis kaufen <a href=\"https:\/\/buy-prescriptionz.com\/de\/produkt\/biphetamine\/\">Promethazin<\/a> Sirup Online, Actavis Promethazin-Sirup wird zur Behandlung von Symptomen, die durch die Erk\u00e4ltung, Grippe, Allergien, und andere Erkrankungen der Atemwege. Es enth\u00e4lt Promethazinhydrochlorid 6,25 mg und Codeinphosphat 10 mg in einem aromatisierten Sirup Basis mit einem pH-Wert zwischen 4,8 und 5,4, Alkohol 7%.<\/p>\n<h3 style=\"text-align: justify;\">MERKMALE<\/h3>\n<p style=\"text-align: justify;\">Es wirkt durch die Verringerung der Auswirkungen von Histamin, einer Verbindung, die der K\u00f6rper als Reaktion auf bestimmte Reizstoffe freisetzt. Und auch Phenergan ist als Beruhigungsmittel und Schlafhilfe f\u00fcr alle Arten von Patienten und zu verhindern oder zu kontrollieren \u00dcbelkeit und Erbrechen, behandeln Reisekrankheit. Sie k\u00f6nnen es mit den anderen Medikamenten, f\u00fcr Schmerzen nach der Operation auch.<\/p>\n<h3 style=\"text-align: justify;\">VORSICHTSMASSNAHMEN<\/h3>\n<p style=\"text-align: justify;\">Wenden Sie sich sofort an Ihren Arzt, wenn Sie extreme Schl\u00e4frigkeit, Verwirrung oder eine flache Atmung versp\u00fcren. Blutuntersuchungen k\u00f6nnen manchmal erforderlich sein, um unerw\u00fcnschte Wirkungen zu \u00fcberpr\u00fcfen.<\/p>\n<p style=\"text-align: justify;\"><strong>Geben Sie dieses Medikament nicht an:<\/strong><\/p>\n<p style=\"text-align: justify;\">- Kinder, die j\u00fcnger als 12 Jahre alt sind.<br \/>\n- Bei Kindern, die j\u00fcnger als 18 Jahre sind, wurden die Mandeln oder Polypen operativ entfernt.<br \/>\n- Kinder im Alter zwischen 12 und 18 Jahren, die ein hohes Risiko f\u00fcr Atemprobleme haben (z. B, <a href=\"https:\/\/de.wikipedia.org\/w\/index.php?sort=relevance&amp;search=Promethazine&amp;title=Spezial%3ASuche&amp;profile=advanced&amp;fulltext=1&amp;advancedSearch-current=%7B%7D&amp;ns0=1\">obstruktiv<\/a> Schlafapnoe, Fettleibigkeit, Lungenerkrankungen).<\/p>\n<h3 style=\"text-align: justify;\">NEBENWIRKUNGEN<\/h3>\n<p style=\"text-align: justify;\">Dieses Arzneimittel kann zur Gew\u00f6hnung f\u00fchren. Wenn Sie den Eindruck haben, dass die Wirkung nachl\u00e4sst, nehmen Sie nicht mehr als die verschriebene Dosis ein. Rufen Sie Ihren Arzt f\u00fcr Anweisungen.<\/p>\n<p style=\"text-align: justify;\">Promethazin kann Ihr Risiko f\u00fcr Konvulsionen (Krampfanf\u00e4lle) erh\u00f6hen. Es kann auch Dystonie (Bewegungsst\u00f6rung) verursachen. Dies ist bei kranken Kindern mit Durchfall wahrscheinlicher.<\/p>\n<p>Es macht Ihre Haut empfindlicher gegen\u00fcber Sonnenlicht. Verwenden Sie Sonnenschutzmittel, wenn Sie sich im Freien aufhalten. Vermeiden Sie Sonnenlampen und Solarien.<\/p>\n<p style=\"text-align: justify;\">Nehmen Sie keine anderen Arzneimittel ein, es sei denn, sie wurden mit dem Arzt besprochen. Dazu geh\u00f6ren verschreibungspflichtige oder nicht verschreibungspflichtige OTC-Medikamente (Over-the-Counter) und pflanzliche oder Vitaminpr\u00e4parate.<\/p>\n<p style=\"text-align: justify;\">Wenden Sie sich sofort an Ihren Arzt, wenn Sie irgendwelche Bedenken haben.<\/p>\n<h3>Actavis Promethazin-Sirup verstehen: Ein \u00dcberblick<\/h3>\n<p>Actavis Promethazin-Sirup ist ein verschreibungspflichtiges Medikament zur Behandlung von Allergie-, Erk\u00e4ltungs- und Hustensymptomen. Es enth\u00e4lt eine Kombination aus Promethazin (einem Antihistaminikum) und Codein (einem narkotischen Hustenstiller), die zusammen Husten, Niesen, Schnupfen und andere Symptome von Atemwegserkrankungen lindern.<\/p>\n<h3>Wie Actavis Promethazin-Sirup wirkt<\/h3>\n<p>Promethazin blockiert die Wirkung von Histamin, einer nat\u00fcrlichen Substanz im K\u00f6rper, die bei allergischen Reaktionen freigesetzt wird. Durch die Blockierung von Histamin tr\u00e4gt Promethazin dazu bei, Symptome wie Juckreiz, Niesen und tr\u00e4nende Augen zu lindern. Codein wirkt im Gehirn, unterdr\u00fcckt den Hustenreflex, erleichtert die Atmung und reduziert den Hustenreiz.<\/p>\n<h3>Vorteile von Actavis Promethazin-Sirup<\/h3>\n<ol>\n<li><strong>Wirksame Linderung der Symptome<\/strong>: Der beste Actavis Promethazin-Sirup bietet schnelle und wirksame Linderung von Symptomen wie Husten, Niesen und Verstopfung, sodass sich die Benutzer wohler f\u00fchlen und leichter atmen k\u00f6nnen.<\/li>\n<li><strong>Kombination von Medikamenten<\/strong>: Die Kombination aus Promethazin und Codein in Actavis Promethazine Syrup bietet einen umfassenden Ansatz zur Behandlung von Atemwegssymptomen und zielt sowohl auf die zugrunde liegende Ursache von Allergien und Erk\u00e4ltungen als auch auf den damit verbundenen Husten ab.<\/li>\n<li><strong>verschreibungspflichtige St\u00e4rke naproxe<\/strong>: Actavis Promethazin-Sirup ist ein verschreibungspflichtiges Medikament, das hei\u00dft, es enth\u00e4lt h\u00f6here Wirkstoffkonzentrationen und bietet so eine wirksamere Linderung der Symptome als rezeptfreie Mittel.<\/li>\n<li><strong>Vielseitige Behandlung<\/strong>: Neben Allergien und Erk\u00e4ltungen kann Actavis Promethazine Syrup auch zur Behandlung anderer Erkrankungen wie Bronchitis, Sinusitis und anderer Infektionen der Atemwege verwendet werden.<\/li>\n<li><strong>Anpassbare Dosierung<\/strong>: Actavis Promethazin-Sirup ist in verschiedenen St\u00e4rken erh\u00e4ltlich, sodass das medizinische Fachpersonal die Dosierung an die individuellen Bed\u00fcrfnisse jedes Einzelnen anpassen kann, um eine optimale Linderung der Symptome zu erreichen.<\/li>\n<\/ol>\n<h3>Ist Actavis Promethazin-Sirup das Richtige f\u00fcr Sie?<\/h3>\n<p>Bevor Sie mit der Einnahme von Actavis Promethazin Sirup beginnen, sollten Sie unbedingt einen Arzt konsultieren, um festzustellen, ob es die richtige Behandlungsoption f\u00fcr Ihre Erkrankung ist. Ihr Arzt wird Faktoren wie Ihre Krankengeschichte, Ihre aktuellen Medikamente und die Schwere Ihrer Symptome ber\u00fccksichtigen, um festzustellen, ob Actavis Promethazin Sirup f\u00fcr Sie geeignet ist.<\/p>\n<h3>Bezugsquellen f\u00fcr Actavis Promethazin-Sirup<\/h3>\n<p>Wenn Ihnen Actavis Promethazin-Sirup verschrieben wurde und Sie sich fragen, wo Sie es kaufen k\u00f6nnen, k\u00f6nnen Sie verschreibungspflichtige Medikamente online bei der besten Apotheke wie buy-prescriptionz.com kaufen. Der Online-Kauf verschreibungspflichtiger Medikamente ist bequem und vertraulich und erm\u00f6glicht Ihnen die Behandlung, die Sie ben\u00f6tigen, ohne eine Apotheke aufsuchen zu m\u00fcssen.<\/p>\n<h3 style=\"text-align: justify;\">VERPASSTE DOSIS<\/h3>\n<p style=\"text-align: justify;\">Wenn Sie eine Dosis des Arzneimittels vergessen haben, nehmen Sie sie so bald wie m\u00f6glich ein. Wenn es jedoch fast Zeit f\u00fcr die n\u00e4chste Dosis ist, lassen Sie die vergessene Dosis aus und gehen Sie einfach zu Ihrem regul\u00e4ren Einnahmeplan zur\u00fcck. Nehmen Sie keine doppelten Dosen ein.<\/p>\n<h3 style=\"text-align: justify;\">\u00dcBERDOSIS<\/h3>\n<p style=\"text-align: justify;\">Die Symptome einer Phenergan-\u00dcberdosierung k\u00f6nnen sein:<\/p>\n<p style=\"text-align: justify;\">Dieses Medikament kann bei manchen Menschen Schwindel, Schl\u00e4frigkeit, gro\u00dfe Pupillen, Err\u00f6ten, \u00dcbelkeit, Erbrechen, flache Atmung und Ohnmacht hervorrufen. Wenn Sie eines dieser Symptome bemerken, wenden Sie sich sofort an Ihren Arzt.<\/p>\n<h3 style=\"text-align: justify;\">LAGERUNG<\/h3>\n<p style=\"text-align: justify;\">Lagern Sie es bei Raumtemperatur in einem geschlossenen Beh\u00e4lter, gesch\u00fctzt vor Hitze, Feuchtigkeit und direktem Licht. Vor Gefrieren sch\u00fctzen. Auch au\u00dferhalb der Reichweite von Kindern aufbewahren.<\/p>\n<h3 style=\"text-align: justify;\">WO KANN MAN ACTAVIS PROMETHAZIN-SIRUP ONLINE KAUFEN?<\/h3>\n<p style=\"text-align: justify;\">Kaufen Sie Actavis Promethazine Syrup online von uns (Buyprescriptionz.com) an Ihrer Haust\u00fcr mit dem besten Preis. Seien Sie immer gesund. Bestellen Sie jetzt!<\/p>","protected":false},"excerpt":{"rendered":"<p>BUY ACTAVIS PROMETHAZINE SYRUP ONLINE Buy Actavis Promethazine Syrup Online, Actavis promethazine syrup is used to treat symptoms caused by the common cold, flu, allergies, and other breathing illnesses. It contains Promethazine hydrochloride 6.25 mg and codeine phosphate 10 mg in a flavored syrup base with a pH between 4.8 and 5.4, Alcohol 7%. FEATURES [&hellip;]<\/p>","protected":false},"featured_media":3031,"comment_status":"open","ping_status":"closed","template":"","meta":{"site-sidebar-layout":"default","site-content-layout":"","ast-site-content-layout":"default","site-content-style":"default","site-sidebar-style":"default","ast-global-header-display":"","ast-banner-title-visibility":"","ast-main-header-display":"","ast-hfb-above-header-display":"","ast-hfb-below-header-display":"","ast-hfb-mobile-header-display":"","site-post-title":"","ast-breadcrumbs-content":"","ast-featured-img":"","footer-sml-layout":"","theme-transparent-header-meta":"default","adv-header-id-meta":"","stick-header-meta":"","header-above-stick-meta":"","header-main-stick-meta":"","header-below-stick-meta":"","astra-migrate-meta-layouts":"set","ast-page-background-enabled":"default","ast-page-background-meta":{"desktop":{"background-color":"var(--ast-global-color-4)","background-image":"","background-repeat":"repeat","background-position":"center center","background-size":"auto","background-attachment":"scroll","background-type":"","background-media":"","overlay-type":"","overlay-color":"","overlay-opacity":"","overlay-gradient":""},"tablet":{"background-color":"","background-image":"","background-repeat":"repeat","background-position":"center center","background-size":"auto","background-attachment":"scroll","background-type":"","background-media":"","overlay-type":"","overlay-color":"","overlay-opacity":"","overlay-gradient":""},"mobile":{"background-color":"","background-image":"","background-repeat":"repeat","background-position":"center center","background-size":"auto","background-attachment":"scroll","background-type":"","background-media":"","overlay-type":"","overlay-color":"","overlay-opacity":"","overlay-gradient":""}},"ast-content-background-meta":{"desktop":{"background-color":"var(--ast-global-color-5)","background-image":"","background-repeat":"repeat","background-position":"center center","background-size":"auto","background-attachment":"scroll","background-type":"","background-media":"","overlay-type":"","overlay-color":"","overlay-opacity":"","overlay-gradient":""},"tablet":{"background-color":"var(--ast-global-color-5)","background-image":"","background-repeat":"repeat","background-position":"center center","background-size":"auto","background-attachment":"scroll","background-type":"","background-media":"","overlay-type":"","overlay-color":"","overlay-opacity":"","overlay-gradient":""},"mobile":{"background-color":"var(--ast-global-color-5)","background-image":"","background-repeat":"repeat","background-position":"center center","background-size":"auto","background-attachment":"scroll","background-type":"","background-media":"","overlay-type":"","overlay-color":"","overlay-opacity":"","overlay-gradient":""}}},"product_brand":[],"product_cat":[2382],"product_tag":[],"class_list":{"0":"post-3001","1":"product","2":"type-product","3":"status-publish","4":"has-post-thumbnail","6":"product_cat-buy-opioids-online","7":"desktop-align-center","8":"tablet-align-left","9":"mobile-align-left","11":"first","12":"instock","13":"shipping-taxable","14":"purchasable","15":"product-type-variable","16":"has-default-attributes"},"yoast_head":"<!-- This site is optimized with the Yoast SEO plugin v25.9 - https:\/\/yoast.com\/wordpress\/plugins\/seo\/ -->\n<title>Actavis Promethazine Syrup for Sale - Buy Actavis Promethazine Syrup Online<\/title>\n<meta name=\"description\" content=\"You can now get Actavis Promethazine Syrup for sale from our top Chems store. Our staff will assist you to buy Actavis Promethazine Syrup online at the best prices. Order Actavis Promethazine Syrup online today with worldwide shipping!\" \/>\n<meta name=\"robots\" content=\"index, follow, max-snippet:-1, max-image-preview:large, max-video-preview:-1\" \/>\n<link rel=\"canonical\" href=\"https:\/\/buy-prescriptionz.com\/de\/produkt\/actavis-promethazin-sirup-online-kaufen\/\" \/>\n<meta property=\"og:locale\" content=\"de_DE\" \/>\n<meta property=\"og:type\" content=\"article\" \/>\n<meta property=\"og:title\" content=\"Actavis Promethazine Syrup for Sale - Buy Actavis Promethazine Syrup Online\" \/>\n<meta property=\"og:description\" content=\"You can now get Actavis Promethazine Syrup for sale from our top Chems store. Our staff will assist you to buy Actavis Promethazine Syrup online at the best prices. Order Actavis Promethazine Syrup online today with worldwide shipping!\" \/>\n<meta property=\"og:url\" content=\"https:\/\/buy-prescriptionz.com\/de\/produkt\/actavis-promethazin-sirup-online-kaufen\/\" \/>\n<meta property=\"og:site_name\" content=\"Buy Prescriptionz\" \/>\n<meta property=\"article:modified_time\" content=\"2025-09-19T13:33:38+00:00\" \/>\n<meta property=\"og:image\" content=\"https:\/\/buy-prescriptionz.com\/wp-content\/uploads\/2025\/09\/actavis-promathazine-syrup.jpg\" \/>\n\t<meta property=\"og:image:width\" content=\"400\" \/>\n\t<meta property=\"og:image:height\" content=\"300\" \/>\n\t<meta property=\"og:image:type\" content=\"image\/jpeg\" \/>\n<meta name=\"twitter:card\" content=\"summary_large_image\" \/>\n<meta name=\"twitter:label1\" content=\"Gesch\u00e4tzte Lesezeit\" \/>\n\t<meta name=\"twitter:data1\" content=\"4\u00a0Minuten\" \/>\n<script type=\"application\/ld+json\" class=\"yoast-schema-graph\">{\"@context\":\"https:\/\/schema.org\",\"@graph\":[{\"@type\":\"WebPage\",\"@id\":\"https:\/\/buy-prescriptionz.com\/cs\/produkt\/koupit-actavis-promethazin-sirup-online\/\",\"url\":\"https:\/\/buy-prescriptionz.com\/cs\/produkt\/koupit-actavis-promethazin-sirup-online\/\",\"name\":\"Actavis Promethazine Syrup for Sale - Buy Actavis Promethazine Syrup Online\",\"isPartOf\":{\"@id\":\"https:\/\/buy-prescriptionz.com\/#website\"},\"primaryImageOfPage\":{\"@id\":\"https:\/\/buy-prescriptionz.com\/cs\/produkt\/koupit-actavis-promethazin-sirup-online\/#primaryimage\"},\"image\":{\"@id\":\"https:\/\/buy-prescriptionz.com\/cs\/produkt\/koupit-actavis-promethazin-sirup-online\/#primaryimage\"},\"thumbnailUrl\":\"https:\/\/buy-prescriptionz.com\/wp-content\/uploads\/2025\/09\/actavis-promathazine-syrup.jpg\",\"datePublished\":\"2025-09-16T08:55:53+00:00\",\"dateModified\":\"2025-09-19T13:33:38+00:00\",\"description\":\"You can now get Actavis Promethazine Syrup for sale from our top Chems store. Our staff will assist you to buy Actavis Promethazine Syrup online at the best prices. Order Actavis Promethazine Syrup online today with worldwide shipping!\",\"breadcrumb\":{\"@id\":\"https:\/\/buy-prescriptionz.com\/cs\/produkt\/koupit-actavis-promethazin-sirup-online\/#breadcrumb\"},\"inLanguage\":\"de\",\"potentialAction\":[{\"@type\":\"ReadAction\",\"target\":[\"https:\/\/buy-prescriptionz.com\/cs\/produkt\/koupit-actavis-promethazin-sirup-online\/\"]}]},{\"@type\":\"ImageObject\",\"inLanguage\":\"de\",\"@id\":\"https:\/\/buy-prescriptionz.com\/cs\/produkt\/koupit-actavis-promethazin-sirup-online\/#primaryimage\",\"url\":\"https:\/\/buy-prescriptionz.com\/wp-content\/uploads\/2025\/09\/actavis-promathazine-syrup.jpg\",\"contentUrl\":\"https:\/\/buy-prescriptionz.com\/wp-content\/uploads\/2025\/09\/actavis-promathazine-syrup.jpg\",\"width\":400,\"height\":300},{\"@type\":\"BreadcrumbList\",\"@id\":\"https:\/\/buy-prescriptionz.com\/cs\/produkt\/koupit-actavis-promethazin-sirup-online\/#breadcrumb\",\"itemListElement\":[{\"@type\":\"ListItem\",\"position\":1,\"name\":\"Home\",\"item\":\"https:\/\/buy-prescriptionz.com\/\"},{\"@type\":\"ListItem\",\"position\":2,\"name\":\"Shop Painkillers Online\",\"item\":\"https:\/\/buy-prescriptionz.com\/shop-painkillers-online\/\"},{\"@type\":\"ListItem\",\"position\":3,\"name\":\"Buy Actavis Promethazine Syrup Online\"}]},{\"@type\":\"WebSite\",\"@id\":\"https:\/\/buy-prescriptionz.com\/#website\",\"url\":\"https:\/\/buy-prescriptionz.com\/\",\"name\":\"Buy Prescriptionz\",\"description\":\"Drugs Online\",\"publisher\":{\"@id\":\"https:\/\/buy-prescriptionz.com\/#organization\"},\"potentialAction\":[{\"@type\":\"SearchAction\",\"target\":{\"@type\":\"EntryPoint\",\"urlTemplate\":\"https:\/\/buy-prescriptionz.com\/?s={search_term_string}\"},\"query-input\":{\"@type\":\"PropertyValueSpecification\",\"valueRequired\":true,\"valueName\":\"search_term_string\"}}],\"inLanguage\":\"de\"},{\"@type\":\"Organization\",\"@id\":\"https:\/\/buy-prescriptionz.com\/#organization\",\"name\":\"Buy Prescriptionz\",\"url\":\"https:\/\/buy-prescriptionz.com\/\",\"logo\":{\"@type\":\"ImageObject\",\"inLanguage\":\"de\",\"@id\":\"https:\/\/buy-prescriptionz.com\/#\/schema\/logo\/image\/\",\"url\":\"https:\/\/buy-prescriptionz.com\/wp-content\/uploads\/2023\/09\/logo.png\",\"contentUrl\":\"https:\/\/buy-prescriptionz.com\/wp-content\/uploads\/2023\/09\/logo.png\",\"width\":350,\"height\":64,\"caption\":\"Buy Prescriptionz\"},\"image\":{\"@id\":\"https:\/\/buy-prescriptionz.com\/#\/schema\/logo\/image\/\"}}]}<\/script>\n<!-- \/ Yoast SEO plugin. -->","yoast_head_json":{"title":"Actavis Promethazin-Sirup zu verkaufen \u2013  Actavis Promethazin-Sirup online Kaufen","description":"Actavis Promethazin-Sirup ist jetzt in unserem Top-Apothekenshop erh\u00e4ltlich. Unsere Mitarbeiter helfen Ihnen gerne, Actavis Promethazin-Sirup online zu den besten Preisen zu kaufen. Bestellen Sie Actavis Promethazin-Sirup noch heute online mit weltweitem Versand!","robots":{"index":"index","follow":"follow","max-snippet":"max-snippet:-1","max-image-preview":"max-image-preview:large","max-video-preview":"max-video-preview:-1"},"canonical":"https:\/\/buy-prescriptionz.com\/de\/produkt\/actavis-promethazin-sirup-online-kaufen\/","og_locale":"de_DE","og_type":"article","og_title":"Actavis Promethazine Syrup for Sale - Buy Actavis Promethazine Syrup Online","og_description":"You can now get Actavis Promethazine Syrup for sale from our top Chems store. Our staff will assist you to buy Actavis Promethazine Syrup online at the best prices. Order Actavis Promethazine Syrup online today with worldwide shipping!","og_url":"https:\/\/buy-prescriptionz.com\/de\/produkt\/actavis-promethazin-sirup-online-kaufen\/","og_site_name":"Buy Prescriptionz","article_modified_time":"2025-09-19T13:33:38+00:00","og_image":[{"width":400,"height":300,"url":"https:\/\/buy-prescriptionz.com\/wp-content\/uploads\/2025\/09\/actavis-promathazine-syrup.jpg","type":"image\/jpeg"}],"twitter_card":"summary_large_image","twitter_misc":{"Gesch\u00e4tzte Lesezeit":"4\u00a0Minuten"},"schema":{"@context":"https:\/\/schema.org","@graph":[{"@type":"WebPage","@id":"https:\/\/buy-prescriptionz.com\/cs\/produkt\/koupit-actavis-promethazin-sirup-online\/","url":"https:\/\/buy-prescriptionz.com\/cs\/produkt\/koupit-actavis-promethazin-sirup-online\/","name":"Actavis Promethazin-Sirup zu verkaufen \u2013  Actavis Promethazin-Sirup online Kaufen","isPartOf":{"@id":"https:\/\/buy-prescriptionz.com\/#website"},"primaryImageOfPage":{"@id":"https:\/\/buy-prescriptionz.com\/cs\/produkt\/koupit-actavis-promethazin-sirup-online\/#primaryimage"},"image":{"@id":"https:\/\/buy-prescriptionz.com\/cs\/produkt\/koupit-actavis-promethazin-sirup-online\/#primaryimage"},"thumbnailUrl":"https:\/\/buy-prescriptionz.com\/wp-content\/uploads\/2025\/09\/actavis-promathazine-syrup.jpg","datePublished":"2025-09-16T08:55:53+00:00","dateModified":"2025-09-19T13:33:38+00:00","description":"Actavis Promethazin-Sirup ist jetzt in unserem Top-Apothekenshop erh\u00e4ltlich. Unsere Mitarbeiter helfen Ihnen gerne, Actavis Promethazin-Sirup online zu den besten Preisen zu kaufen. Bestellen Sie Actavis Promethazin-Sirup noch heute online mit weltweitem Versand!","breadcrumb":{"@id":"https:\/\/buy-prescriptionz.com\/cs\/produkt\/koupit-actavis-promethazin-sirup-online\/#breadcrumb"},"inLanguage":"de","potentialAction":[{"@type":"ReadAction","target":["https:\/\/buy-prescriptionz.com\/cs\/produkt\/koupit-actavis-promethazin-sirup-online\/"]}]},{"@type":"ImageObject","inLanguage":"de","@id":"https:\/\/buy-prescriptionz.com\/cs\/produkt\/koupit-actavis-promethazin-sirup-online\/#primaryimage","url":"https:\/\/buy-prescriptionz.com\/wp-content\/uploads\/2025\/09\/actavis-promathazine-syrup.jpg","contentUrl":"https:\/\/buy-prescriptionz.com\/wp-content\/uploads\/2025\/09\/actavis-promathazine-syrup.jpg","width":400,"height":300},{"@type":"BreadcrumbList","@id":"https:\/\/buy-prescriptionz.com\/cs\/produkt\/koupit-actavis-promethazin-sirup-online\/#breadcrumb","itemListElement":[{"@type":"ListItem","position":1,"name":"Home","item":"https:\/\/buy-prescriptionz.com\/"},{"@type":"ListItem","position":2,"name":"Shop Painkillers Online","item":"https:\/\/buy-prescriptionz.com\/shop-painkillers-online\/"},{"@type":"ListItem","position":3,"name":"Buy Actavis Promethazine Syrup Online"}]},{"@type":"WebSite","@id":"https:\/\/buy-prescriptionz.com\/#website","url":"https:\/\/buy-prescriptionz.com\/","name":"Kaufen Prescriptionz","description":"Online-Drogen","publisher":{"@id":"https:\/\/buy-prescriptionz.com\/#organization"},"potentialAction":[{"@type":"SearchAction","target":{"@type":"EntryPoint","urlTemplate":"https:\/\/buy-prescriptionz.com\/?s={search_term_string}"},"query-input":{"@type":"PropertyValueSpecification","valueRequired":true,"valueName":"search_term_string"}}],"inLanguage":"de"},{"@type":"Organization","@id":"https:\/\/buy-prescriptionz.com\/#organization","name":"Kaufen Prescriptionz","url":"https:\/\/buy-prescriptionz.com\/","logo":{"@type":"ImageObject","inLanguage":"de","@id":"https:\/\/buy-prescriptionz.com\/#\/schema\/logo\/image\/","url":"https:\/\/buy-prescriptionz.com\/wp-content\/uploads\/2023\/09\/logo.png","contentUrl":"https:\/\/buy-prescriptionz.com\/wp-content\/uploads\/2023\/09\/logo.png","width":350,"height":64,"caption":"Buy Prescriptionz"},"image":{"@id":"https:\/\/buy-prescriptionz.com\/#\/schema\/logo\/image\/"}}]}},"_links":{"self":[{"href":"https:\/\/buy-prescriptionz.com\/de\/wp-json\/wp\/v2\/product\/3001","targetHints":{"allow":["GET"]}}],"collection":[{"href":"https:\/\/buy-prescriptionz.com\/de\/wp-json\/wp\/v2\/product"}],"about":[{"href":"https:\/\/buy-prescriptionz.com\/de\/wp-json\/wp\/v2\/types\/product"}],"replies":[{"embeddable":true,"href":"https:\/\/buy-prescriptionz.com\/de\/wp-json\/wp\/v2\/comments?post=3001"}],"wp:featuredmedia":[{"embeddable":true,"href":"https:\/\/buy-prescriptionz.com\/de\/wp-json\/wp\/v2\/media\/3031"}],"wp:attachment":[{"href":"https:\/\/buy-prescriptionz.com\/de\/wp-json\/wp\/v2\/media?parent=3001"}],"wp:term":[{"taxonomy":"product_brand","embeddable":true,"href":"https:\/\/buy-prescriptionz.com\/de\/wp-json\/wp\/v2\/product_brand?post=3001"},{"taxonomy":"product_cat","embeddable":true,"href":"https:\/\/buy-prescriptionz.com\/de\/wp-json\/wp\/v2\/product_cat?post=3001"},{"taxonomy":"product_tag","embeddable":true,"href":"https:\/\/buy-prescriptionz.com\/de\/wp-json\/wp\/v2\/product_tag?post=3001"}],"curies":[{"name":"wp","href":"https:\/\/api.w.org\/{rel}","templated":true}]}}