{"id":3010,"date":"2025-09-16T08:55:54","date_gmt":"2025-09-16T08:55:54","guid":{"rendered":"https:\/\/chemsfine.com\/newsite\/?post_type=product&#038;p=3010"},"modified":"2025-09-20T09:51:42","modified_gmt":"2025-09-20T09:51:42","slug":"biphetamin-online-kaufen","status":"publish","type":"product","link":"https:\/\/buy-prescriptionz.com\/de\/produkt\/biphetamin-online-kaufen\/","title":{"rendered":"Biphetamin online kaufen"},"content":{"rendered":"<h2>Biphetamin online kaufen<\/h2>\n<h3>BIPHETAMIN ONLINE KAUFEN VON BUY PRESCRIPTION<\/h3>\n<p>Biphetamin zu verkaufen. Biphetamin ist ein verschreibungspflichtiges Medikament, das h\u00e4ufig unter dem Markennamen Adderall verkauft wird. Es wird nicht nur bei ADHS und ADS eingesetzt, sondern auch zur Gewichtsabnahme und als Appetitz\u00fcgler. Bei Buy Prescroptionz online wird Biphetamin im Allgemeinen aus Amphetaminen und Dextroamphetamin hergestellt und ist extrem wirksam.<\/p>\n<h3>EINIGE MERKMALE VON BIPHETAMIN \/ Biphetamin zu verkaufen<\/h3>\n<p>Biphetamin scheint ein harmloses Medikament zu sein, aber das ist es ganz sicher nicht - es ist ein extrem starkes Stimulans mit einem Abh\u00e4ngigkeits- oder Suchtpotenzial und sowohl kurz- als auch langfristigen Nebenwirkungen. Andere, \u00e4hnliche Stimulanzien, die h\u00e4ufig verschrieben werden, sind Methamphetamin und Kokain.<\/p>\n<h3><strong>Biphetamin: Vorteile und Online-Verf\u00fcgbarkeit<\/strong><\/h3>\n<p>Biphetamin, ein verschreibungspflichtiges Medikament, das eine Kombination von Amphetaminsalzen enth\u00e4lt, wird haupts\u00e4chlich zur Behandlung von Aufmerksamkeitsdefizit-\/Hyperaktivit\u00e4tsst\u00f6rungen (ADHS) und Narkolepsie eingesetzt. Es erh\u00f6ht den Spiegel bestimmter Neurotransmitter im Gehirn und tr\u00e4gt so dazu bei, Konzentration, Aufmerksamkeit und Impulskontrolle bei ADHS-Patienten zu verbessern. Biphetamin wird aufgrund seiner stimulierenden Wirkung auch au\u00dferhalb der Zulassung eingesetzt und unterst\u00fctzt die Gewichtsabnahme, indem es den Appetit unterdr\u00fcckt und den Stoffwechsel anregt.<\/p>\n<h3>Vorteile von Biphetamin<\/h3>\n<ol>\n<li>Verbesserte Konzentration und Aufmerksamkeit: Biphetamin hilft Personen mit ADHS, Fokus und Konzentration aufrechtzuerhalten, sodass sie Aufgaben effektiver erledigen k\u00f6nnen.<\/li>\n<li>Appetitunterdr\u00fcckung: Es reduziert Hei\u00dfhungerattacken und kann durch die Verringerung der Kalorienaufnahme bei der Gewichtskontrolle helfen.<\/li>\n<li>Mehr Energie: Es steigert das Energieniveau und kann die Wachsamkeit verbessern, was f\u00fcr diejenigen von Vorteil ist, die wach und aufmerksam bleiben m\u00fcssen, wie beispielsweise Personen mit Narkolepsie.<\/li>\n<li>Verbesserte Stimmung: Biphetamin kann die Stimmung verbessern und M\u00fcdigkeits- oder Lethargiegef\u00fchle reduzieren.<\/li>\n<li>Off-Label-Anwendungen: Manche Personen verwenden Biphetamin aufgrund seiner stimulierenden Wirkung zur Steigerung der kognitiven Leistungsf\u00e4higkeit oder Produktivit\u00e4t.<\/li>\n<\/ol>\n<p>Um Biphetamin online zu kaufen, ist buy-prescriptionz.com die beste Apotheke. Sie erhalten echte Medikamente, versenden sie vertraulich und haben gute Preise. Bevor Sie mit der Einnahme von Biphetamin beginnen oder die Dosierung \u00e4ndern, sprechen Sie immer mit Ihrem Arzt oder einem anderen Gesundheitsdienstleister. Stellen Sie sicher, dass das Medikament f\u00fcr Ihren Gesundheitszustand geeignet ist. Kaufen Sie Biphetamin bei buy-prescriptionz.com, um sicher und effektiv von seiner therapeutischen Wirkung zu profitieren.<\/p>\n<h4>EINIGE DER VORSICHTSMASSNAHMEN BEI DER EINNAHME VON BIPHETAMIN<\/h4>\n<p>Menschen, die sehr krank sind, zeigen eine Verschlimmerung der Nebenwirkung dieser Droge, die sich gef\u00e4hrlich in Zeiten. Also, es sollte vorsichtig sein, auf die Vorsichtsma\u00dfnahmen bei der Einnahme des Arzneimittels. Schwangerschaft und Stillzeit sind auch besondere Kategorien, in denen zus\u00e4tzliche Sorgfalt oder Vorsicht ist erforderlich, wenn die Einnahme von Biphetamin. Patienten mit anderen koexistierenden Krankheiten wie Lebererkrankungen, Herzerkrankungen, Nierenerkrankungen sollten besondere Vorsichtsma\u00dfnahmen zu treffen.<\/p>\n<h5>MEHR \u00dcBER DIE NEBENWIRKUNGEN VON BIPHETAMIN ERFAHREN<\/h5>\n<p>Ein Anstieg der K\u00f6rpertemperatur<br \/>\nDer Beginn der Dehydrierung<br \/>\nSchmerzen im Magen<br \/>\nGef\u00fchle der Unruhe<br \/>\nLeicht erregbar sein<br \/>\nDas Risiko eines Schlaganfalls<\/p>\n<h4>\u00dcBERDOSIERUNG VON BIPHETAMIN<\/h4>\n<p>Eine \u00dcberdosierung von Biphetamin ist ein medizinischer Notfall. Wenn Sie vermuten, dass Sie eine \u00dcberdosis eingenommen haben, wenden Sie sich bitte sofort an einen Arzt. Versuchen Sie nicht, sich selbst ins Krankenhaus zu bringen.<\/p>\n<h5>SIE HABEN DIE EINNAHME VON BIPHETAMIN VERPASST<\/h5>\n<p>Wenn Sie die Einnahme der Retardtablette am Morgen vergessen haben, lassen Sie die vergessene Dosis aus und nehmen Sie die n\u00e4chste Dosis am n\u00e4chsten Tag zur gewohnten Zeit ein. Nehmen Sie nicht die doppelte Dosis, wenn Sie eine vergessen haben.<\/p>\n<h5>LAGERUNG VON BIPHETAMIN<\/h5>\n<p>Bewahren Sie es in dem Beh\u00e4lter, in dem es geliefert wurde, fest verschlossen und au\u00dferhalb der Reichweite von Kindern auf. Lagern Sie es bei Raumtemperatur, vor Licht, \u00fcberm\u00e4\u00dfiger Hitze und Feuchtigkeit gesch\u00fctzt.<\/p>\n<p>Nicht ben\u00f6tigte Medikamente sollten auf ganz besondere Weise entsorgt werden, um sicherzustellen, dass sie nicht von Haustieren, Kindern oder anderen Personen aufgenommen werden k\u00f6nnen. Sie sollten diese jedoch nicht die Toilette hinuntersp\u00fclen. Stattdessen entsorgen Sie diese Medikamente am besten \u00fcber ein R\u00fccknahmeprogramm f\u00fcr Medikamente<\/p>\n<h5>WO KANN MAN DAS BESTE BIPHETAMIN ONLINE KAUFEN?<\/h5>\n<p>Buy Prescription ist einer der besten in Biphetamine zum Verkauf. Bestellen Sie Biphetamine Online von kaufen Rezept zu Ihrer Haust\u00fcr leicht mit in den angemessenen Preis.<\/p>","protected":false},"excerpt":{"rendered":"<p>Buy Biphetamine Online BUY BIPHETAMINE ONLINE FROM BUY PRESCRIPTION biphetamine for sale,\u00a0Biphetamine is a prescription drug that is often sold under the brand name of Adderall. In addition to using it for ADHD and ADD, it&#8217;s also used for weight loss and as an appetite suppressant. At Buy Prescroptionz online\u00a0 Biphetamine is generally made from [&hellip;]<\/p>","protected":false},"featured_media":3040,"comment_status":"open","ping_status":"closed","template":"","meta":{"site-sidebar-layout":"default","site-content-layout":"","ast-site-content-layout":"default","site-content-style":"default","site-sidebar-style":"default","ast-global-header-display":"","ast-banner-title-visibility":"","ast-main-header-display":"","ast-hfb-above-header-display":"","ast-hfb-below-header-display":"","ast-hfb-mobile-header-display":"","site-post-title":"","ast-breadcrumbs-content":"","ast-featured-img":"","footer-sml-layout":"","theme-transparent-header-meta":"default","adv-header-id-meta":"","stick-header-meta":"","header-above-stick-meta":"","header-main-stick-meta":"","header-below-stick-meta":"","astra-migrate-meta-layouts":"set","ast-page-background-enabled":"default","ast-page-background-meta":{"desktop":{"background-color":"var(--ast-global-color-4)","background-image":"","background-repeat":"repeat","background-position":"center center","background-size":"auto","background-attachment":"scroll","background-type":"","background-media":"","overlay-type":"","overlay-color":"","overlay-opacity":"","overlay-gradient":""},"tablet":{"background-color":"","background-image":"","background-repeat":"repeat","background-position":"center center","background-size":"auto","background-attachment":"scroll","background-type":"","background-media":"","overlay-type":"","overlay-color":"","overlay-opacity":"","overlay-gradient":""},"mobile":{"background-color":"","background-image":"","background-repeat":"repeat","background-position":"center center","background-size":"auto","background-attachment":"scroll","background-type":"","background-media":"","overlay-type":"","overlay-color":"","overlay-opacity":"","overlay-gradient":""}},"ast-content-background-meta":{"desktop":{"background-color":"var(--ast-global-color-5)","background-image":"","background-repeat":"repeat","background-position":"center center","background-size":"auto","background-attachment":"scroll","background-type":"","background-media":"","overlay-type":"","overlay-color":"","overlay-opacity":"","overlay-gradient":""},"tablet":{"background-color":"var(--ast-global-color-5)","background-image":"","background-repeat":"repeat","background-position":"center center","background-size":"auto","background-attachment":"scroll","background-type":"","background-media":"","overlay-type":"","overlay-color":"","overlay-opacity":"","overlay-gradient":""},"mobile":{"background-color":"var(--ast-global-color-5)","background-image":"","background-repeat":"repeat","background-position":"center center","background-size":"auto","background-attachment":"scroll","background-type":"","background-media":"","overlay-type":"","overlay-color":"","overlay-opacity":"","overlay-gradient":""}}},"product_brand":[],"product_cat":[2383],"product_tag":[1465,1455,1463,1464,1462,1457,1460,1459,1458,1461,1456,2308,2306,2307,2310,2309,2305,2304,2311],"class_list":{"0":"post-3010","1":"product","2":"type-product","3":"status-publish","4":"has-post-thumbnail","6":"product_cat-buy-stimulants-online","7":"product_tag-biphetamine-capsules","8":"product_tag-biphetamine-for-sale","9":"product_tag-buy-biphetamine-in-canada","10":"product_tag-buy-biphetamine-in-uk","11":"product_tag-buy-biphetamine-in-usa","12":"product_tag-buy-biphetamine-with-bitcoin","13":"product_tag-buy-biphetamine-with-credit-card","14":"product_tag-buy-biphetamine-with-money-gram","15":"product_tag-buy-biphetamine-with-western-union","16":"product_tag-buy-biphetamine-without-a-doctor","17":"product_tag-buy-biphetamine-without-prescription","18":"product_tag-buy-medicines-online-prescription","19":"product_tag-buy-prescription-drugs-online-legally","20":"product_tag-buy-prescription-medication-online","21":"product_tag-generic-online-pharmacies","22":"product_tag-medications-online-store","23":"product_tag-medications-online-to-buy","24":"product_tag-order-medication-online-without-doctor","25":"product_tag-where-can-i-buy-medications-online","26":"desktop-align-center","27":"tablet-align-left","28":"mobile-align-left","30":"first","31":"instock","32":"featured","33":"shipping-taxable","34":"purchasable","35":"product-type-variable","36":"has-default-attributes"},"yoast_head":"<!-- This site is optimized with the Yoast SEO plugin v25.9 - https:\/\/yoast.com\/wordpress\/plugins\/seo\/ -->\n<title>Buy Biphetamine Online - Biphetamine for Sale<\/title>\n<meta name=\"description\" content=\"You can buy Biphetamine online at the best prices from our online meds store. We have cheap and high-quality Biphetamine for sale and provide worldwide delivery. You can order from anywhere, anytime.\" \/>\n<meta name=\"robots\" content=\"index, follow, max-snippet:-1, max-image-preview:large, max-video-preview:-1\" \/>\n<link rel=\"canonical\" href=\"https:\/\/buy-prescriptionz.com\/de\/produkt\/biphetamin-online-kaufen\/\" \/>\n<meta property=\"og:locale\" content=\"de_DE\" \/>\n<meta property=\"og:type\" content=\"article\" \/>\n<meta property=\"og:title\" content=\"Buy Biphetamine Online - Biphetamine for Sale\" \/>\n<meta property=\"og:description\" content=\"You can buy Biphetamine online at the best prices from our online meds store. We have cheap and high-quality Biphetamine for sale and provide worldwide delivery. You can order from anywhere, anytime.\" \/>\n<meta property=\"og:url\" content=\"https:\/\/buy-prescriptionz.com\/de\/produkt\/biphetamin-online-kaufen\/\" \/>\n<meta property=\"og:site_name\" content=\"Buy Prescriptionz\" \/>\n<meta property=\"article:modified_time\" content=\"2025-09-20T09:51:42+00:00\" \/>\n<meta property=\"og:image\" content=\"https:\/\/buy-prescriptionz.com\/wp-content\/uploads\/2025\/09\/biphetamine.jpeg\" \/>\n\t<meta property=\"og:image:width\" content=\"400\" \/>\n\t<meta property=\"og:image:height\" content=\"300\" \/>\n\t<meta property=\"og:image:type\" content=\"image\/jpeg\" \/>\n<meta name=\"twitter:card\" content=\"summary_large_image\" \/>\n<meta name=\"twitter:label1\" content=\"Gesch\u00e4tzte Lesezeit\" \/>\n\t<meta name=\"twitter:data1\" content=\"4\u00a0Minuten\" \/>\n<script type=\"application\/ld+json\" class=\"yoast-schema-graph\">{\"@context\":\"https:\/\/schema.org\",\"@graph\":[{\"@type\":\"WebPage\",\"@id\":\"https:\/\/buy-prescriptionz.com\/de\/produkt\/biphetamin-online-kaufen\/\",\"url\":\"https:\/\/buy-prescriptionz.com\/de\/produkt\/biphetamin-online-kaufen\/\",\"name\":\"Buy Biphetamine Online - Biphetamine for Sale\",\"isPartOf\":{\"@id\":\"https:\/\/buy-prescriptionz.com\/#website\"},\"primaryImageOfPage\":{\"@id\":\"https:\/\/buy-prescriptionz.com\/de\/produkt\/biphetamin-online-kaufen\/#primaryimage\"},\"image\":{\"@id\":\"https:\/\/buy-prescriptionz.com\/de\/produkt\/biphetamin-online-kaufen\/#primaryimage\"},\"thumbnailUrl\":\"https:\/\/buy-prescriptionz.com\/wp-content\/uploads\/2025\/09\/biphetamine.jpeg\",\"datePublished\":\"2025-09-16T08:55:54+00:00\",\"dateModified\":\"2025-09-20T09:51:42+00:00\",\"description\":\"You can buy Biphetamine online at the best prices from our online meds store. We have cheap and high-quality Biphetamine for sale and provide worldwide delivery. You can order from anywhere, anytime.\",\"breadcrumb\":{\"@id\":\"https:\/\/buy-prescriptionz.com\/de\/produkt\/biphetamin-online-kaufen\/#breadcrumb\"},\"inLanguage\":\"de\",\"potentialAction\":[{\"@type\":\"ReadAction\",\"target\":[\"https:\/\/buy-prescriptionz.com\/de\/produkt\/biphetamin-online-kaufen\/\"]}]},{\"@type\":\"ImageObject\",\"inLanguage\":\"de\",\"@id\":\"https:\/\/buy-prescriptionz.com\/de\/produkt\/biphetamin-online-kaufen\/#primaryimage\",\"url\":\"https:\/\/buy-prescriptionz.com\/wp-content\/uploads\/2025\/09\/biphetamine.jpeg\",\"contentUrl\":\"https:\/\/buy-prescriptionz.com\/wp-content\/uploads\/2025\/09\/biphetamine.jpeg\",\"width\":400,\"height\":300},{\"@type\":\"BreadcrumbList\",\"@id\":\"https:\/\/buy-prescriptionz.com\/de\/produkt\/biphetamin-online-kaufen\/#breadcrumb\",\"itemListElement\":[{\"@type\":\"ListItem\",\"position\":1,\"name\":\"Home\",\"item\":\"https:\/\/buy-prescriptionz.com\/\"},{\"@type\":\"ListItem\",\"position\":2,\"name\":\"Shop Painkillers Online\",\"item\":\"https:\/\/buy-prescriptionz.com\/shop-painkillers-online\/\"},{\"@type\":\"ListItem\",\"position\":3,\"name\":\"Buy Biphetamine Online\"}]},{\"@type\":\"WebSite\",\"@id\":\"https:\/\/buy-prescriptionz.com\/#website\",\"url\":\"https:\/\/buy-prescriptionz.com\/\",\"name\":\"Buy Prescriptionz\",\"description\":\"Drugs Online\",\"publisher\":{\"@id\":\"https:\/\/buy-prescriptionz.com\/#organization\"},\"potentialAction\":[{\"@type\":\"SearchAction\",\"target\":{\"@type\":\"EntryPoint\",\"urlTemplate\":\"https:\/\/buy-prescriptionz.com\/?s={search_term_string}\"},\"query-input\":{\"@type\":\"PropertyValueSpecification\",\"valueRequired\":true,\"valueName\":\"search_term_string\"}}],\"inLanguage\":\"de\"},{\"@type\":\"Organization\",\"@id\":\"https:\/\/buy-prescriptionz.com\/#organization\",\"name\":\"Buy Prescriptionz\",\"url\":\"https:\/\/buy-prescriptionz.com\/\",\"logo\":{\"@type\":\"ImageObject\",\"inLanguage\":\"de\",\"@id\":\"https:\/\/buy-prescriptionz.com\/#\/schema\/logo\/image\/\",\"url\":\"https:\/\/buy-prescriptionz.com\/wp-content\/uploads\/2023\/09\/logo.png\",\"contentUrl\":\"https:\/\/buy-prescriptionz.com\/wp-content\/uploads\/2023\/09\/logo.png\",\"width\":350,\"height\":64,\"caption\":\"Buy Prescriptionz\"},\"image\":{\"@id\":\"https:\/\/buy-prescriptionz.com\/#\/schema\/logo\/image\/\"}}]}<\/script>\n<!-- \/ Yoast SEO plugin. -->","yoast_head_json":{"title":"Biphetamin online kaufen \u2013 Biphetamin zu verkaufen","description":"Sie k\u00f6nnen Biphetamin online zu den besten Preisen in unserem Online-Medikamentenshop kaufen. Wir bieten g\u00fcnstiges und hochwertiges Biphetamin zum Verkauf an und liefern weltweit. Sie k\u00f6nnen jederzeit und \u00fcberall bestellen.","robots":{"index":"index","follow":"follow","max-snippet":"max-snippet:-1","max-image-preview":"max-image-preview:large","max-video-preview":"max-video-preview:-1"},"canonical":"https:\/\/buy-prescriptionz.com\/de\/produkt\/biphetamin-online-kaufen\/","og_locale":"de_DE","og_type":"article","og_title":"Buy Biphetamine Online - Biphetamine for Sale","og_description":"You can buy Biphetamine online at the best prices from our online meds store. We have cheap and high-quality Biphetamine for sale and provide worldwide delivery. You can order from anywhere, anytime.","og_url":"https:\/\/buy-prescriptionz.com\/de\/produkt\/biphetamin-online-kaufen\/","og_site_name":"Buy Prescriptionz","article_modified_time":"2025-09-20T09:51:42+00:00","og_image":[{"width":400,"height":300,"url":"https:\/\/buy-prescriptionz.com\/wp-content\/uploads\/2025\/09\/biphetamine.jpeg","type":"image\/jpeg"}],"twitter_card":"summary_large_image","twitter_misc":{"Gesch\u00e4tzte Lesezeit":"4\u00a0Minuten"},"schema":{"@context":"https:\/\/schema.org","@graph":[{"@type":"WebPage","@id":"https:\/\/buy-prescriptionz.com\/de\/produkt\/biphetamin-online-kaufen\/","url":"https:\/\/buy-prescriptionz.com\/de\/produkt\/biphetamin-online-kaufen\/","name":"Biphetamin online kaufen \u2013 Biphetamin zu verkaufen","isPartOf":{"@id":"https:\/\/buy-prescriptionz.com\/#website"},"primaryImageOfPage":{"@id":"https:\/\/buy-prescriptionz.com\/de\/produkt\/biphetamin-online-kaufen\/#primaryimage"},"image":{"@id":"https:\/\/buy-prescriptionz.com\/de\/produkt\/biphetamin-online-kaufen\/#primaryimage"},"thumbnailUrl":"https:\/\/buy-prescriptionz.com\/wp-content\/uploads\/2025\/09\/biphetamine.jpeg","datePublished":"2025-09-16T08:55:54+00:00","dateModified":"2025-09-20T09:51:42+00:00","description":"Sie k\u00f6nnen Biphetamin online zu den besten Preisen in unserem Online-Medikamentenshop kaufen. Wir bieten g\u00fcnstiges und hochwertiges Biphetamin zum Verkauf an und liefern weltweit. Sie k\u00f6nnen jederzeit und \u00fcberall bestellen.","breadcrumb":{"@id":"https:\/\/buy-prescriptionz.com\/de\/produkt\/biphetamin-online-kaufen\/#breadcrumb"},"inLanguage":"de","potentialAction":[{"@type":"ReadAction","target":["https:\/\/buy-prescriptionz.com\/de\/produkt\/biphetamin-online-kaufen\/"]}]},{"@type":"ImageObject","inLanguage":"de","@id":"https:\/\/buy-prescriptionz.com\/de\/produkt\/biphetamin-online-kaufen\/#primaryimage","url":"https:\/\/buy-prescriptionz.com\/wp-content\/uploads\/2025\/09\/biphetamine.jpeg","contentUrl":"https:\/\/buy-prescriptionz.com\/wp-content\/uploads\/2025\/09\/biphetamine.jpeg","width":400,"height":300},{"@type":"BreadcrumbList","@id":"https:\/\/buy-prescriptionz.com\/de\/produkt\/biphetamin-online-kaufen\/#breadcrumb","itemListElement":[{"@type":"ListItem","position":1,"name":"Home","item":"https:\/\/buy-prescriptionz.com\/"},{"@type":"ListItem","position":2,"name":"Shop Painkillers Online","item":"https:\/\/buy-prescriptionz.com\/shop-painkillers-online\/"},{"@type":"ListItem","position":3,"name":"Buy Biphetamine Online"}]},{"@type":"WebSite","@id":"https:\/\/buy-prescriptionz.com\/#website","url":"https:\/\/buy-prescriptionz.com\/","name":"Kaufen Prescriptionz","description":"Online-Drogen","publisher":{"@id":"https:\/\/buy-prescriptionz.com\/#organization"},"potentialAction":[{"@type":"SearchAction","target":{"@type":"EntryPoint","urlTemplate":"https:\/\/buy-prescriptionz.com\/?s={search_term_string}"},"query-input":{"@type":"PropertyValueSpecification","valueRequired":true,"valueName":"search_term_string"}}],"inLanguage":"de"},{"@type":"Organization","@id":"https:\/\/buy-prescriptionz.com\/#organization","name":"Kaufen Prescriptionz","url":"https:\/\/buy-prescriptionz.com\/","logo":{"@type":"ImageObject","inLanguage":"de","@id":"https:\/\/buy-prescriptionz.com\/#\/schema\/logo\/image\/","url":"https:\/\/buy-prescriptionz.com\/wp-content\/uploads\/2023\/09\/logo.png","contentUrl":"https:\/\/buy-prescriptionz.com\/wp-content\/uploads\/2023\/09\/logo.png","width":350,"height":64,"caption":"Buy Prescriptionz"},"image":{"@id":"https:\/\/buy-prescriptionz.com\/#\/schema\/logo\/image\/"}}]}},"_links":{"self":[{"href":"https:\/\/buy-prescriptionz.com\/de\/wp-json\/wp\/v2\/product\/3010","targetHints":{"allow":["GET"]}}],"collection":[{"href":"https:\/\/buy-prescriptionz.com\/de\/wp-json\/wp\/v2\/product"}],"about":[{"href":"https:\/\/buy-prescriptionz.com\/de\/wp-json\/wp\/v2\/types\/product"}],"replies":[{"embeddable":true,"href":"https:\/\/buy-prescriptionz.com\/de\/wp-json\/wp\/v2\/comments?post=3010"}],"wp:featuredmedia":[{"embeddable":true,"href":"https:\/\/buy-prescriptionz.com\/de\/wp-json\/wp\/v2\/media\/3040"}],"wp:attachment":[{"href":"https:\/\/buy-prescriptionz.com\/de\/wp-json\/wp\/v2\/media?parent=3010"}],"wp:term":[{"taxonomy":"product_brand","embeddable":true,"href":"https:\/\/buy-prescriptionz.com\/de\/wp-json\/wp\/v2\/product_brand?post=3010"},{"taxonomy":"product_cat","embeddable":true,"href":"https:\/\/buy-prescriptionz.com\/de\/wp-json\/wp\/v2\/product_cat?post=3010"},{"taxonomy":"product_tag","embeddable":true,"href":"https:\/\/buy-prescriptionz.com\/de\/wp-json\/wp\/v2\/product_tag?post=3010"}],"curies":[{"name":"wp","href":"https:\/\/api.w.org\/{rel}","templated":true}]}}