{"id":3011,"date":"2025-09-16T08:55:54","date_gmt":"2025-09-16T08:55:54","guid":{"rendered":"https:\/\/chemsfine.com\/newsite\/?post_type=product&#038;p=3011"},"modified":"2025-09-26T17:49:58","modified_gmt":"2025-09-26T17:49:58","slug":"winstrol-online-kaufen","status":"publish","type":"product","link":"https:\/\/buy-prescriptionz.com\/de\/produkt\/winstrol-online-kaufen\/","title":{"rendered":"Winstrol online kaufen"},"content":{"rendered":"<h2>Winstrol online kaufen<\/h2>\n<p>Stanozolol oder Winstrol ist ein verschreibungspflichtiges Androgen und Anabolikum (AAS), ein Derivat von Dihydrotestosteron. Es wurde 1962 vom amerikanischen Pharmaunternehmen Winthrop Laboratories (Sterling Drug) entwickelt und ist seitdem im Umlauf. Sie k\u00f6nnen Winstrol online bei buy-prescriptionz.com mit schnellem und sicherem Versandservice kaufen.<\/p>\n<h3>Kaufen Sie Winstrol zur Anwendung bei Tieren und Menschen in oraler oder injizierbarer Form<\/h3>\n<p>Stanozolol (oder Winstrol) ist online erh\u00e4ltlich und dient der Behandlung von Venenproblemen. Es wirkt auf die Blutfibrinolyse und wird zur Behandlung von Hautver\u00e4nderungen bei Venenerkrankungen, beispielsweise Lipodermatosklerose, eingesetzt. Winstrol ist rezeptfrei f\u00fcr Pferderennen und Freizeitsport erh\u00e4ltlich. Winstrol ist bei Androgenmangel erh\u00e4ltlich (buy-prescriptionz.com). Einige Studien zeigten Verbesserungen bei Lipodermatosklerose, eine Verringerung der Hautdicke und eine m\u00f6gliche Heilung von Geschw\u00fcren durch Stanozolol. Wir liefern Ihre Bestellung mit unserem besten, schnellsten und sichersten Service. Stanozolol bietet aufgrund seiner C17\u03b1-Alkyl-Verbindung und der damit verbundenen Schutzwirkung vor Magen-Darm- und Leberbeschwerden eine hohe orale Bioverf\u00fcgbarkeit. Sind Sie unsicher, wie Sie Winstrol online bei buy-prescriptionz.com kaufen k\u00f6nnen? Bei Fragen nutzen Sie unseren Online-Chat.<\/p>\n<h3>Kaufen Sie Winstrol ohne Arzt oder andere Rezeptpflicht<\/h3>\n<p>Bestellen Sie Winstrol online zur Anwendung in der Leber als Glucuronid- und Sulfatkonjugat. Die Wirkungsdauer betr\u00e4gt 9 Stunden bei oraler Einnahme und 24 Stunden bei Injektion als w\u00e4ssrige Suspension. Wie andere injizierbare AAS ist Stanozolol nicht verestert und wird als w\u00e4ssrige Suspension oder in Tablettenform verkauft. Das Medikament hat eine hohe orale Bioverf\u00fcgbarkeit aufgrund einer C17\u03b1-Alkylierung, die es dem Hormon erm\u00f6glicht, nach Einnahme in der Leber zu verbleiben.<\/p>\n<h3>Kaufen Sie Winstrol zu einem g\u00fcnstigen Preis<\/h3>\n<p>El estanozolol es uno de los esteroides anab\u00f3licos androg\u00e9nicos (EAA) utilizados para mejorar el rendimiento y su uso est\u00e1 restringido en competiciones deportivas bajo el patrocinio de la Asociaci\u00f3n Internacional de Federaciones de Atletismo (IAAF) y otras organizaciones deportivas. Sin embargo, en buy-prescriptionz.com es donde se puede comprar Winstrol en l\u00ednea.<\/p>\n<p><strong>Winstrol (Stanozolol) kennenlernen: Vorteile, Risiken und Online-Verf\u00fcgbarkeit<\/strong><\/p>\n<p>Winstrol, auch bekannt unter dem generischen Namen Stanozolol, ist ein anaboles Steroid, das sowohl in der Medizin als auch im Sport weit verbreitet ist. Urspr\u00fcnglich zur Behandlung von Erkrankungen wie Angio\u00f6demen und An\u00e4mie entwickelt, erfreut es sich im Sport aufgrund seiner F\u00e4higkeit, die k\u00f6rperliche Leistungsf\u00e4higkeit und das Muskelwachstum zu steigern, gro\u00dfer Beliebtheit. Winstrol ist sowohl in oraler als auch in injizierbarer Form erh\u00e4ltlich, wobei jede Form ihre eigenen einzigartigen Eigenschaften und Verabreichungsmethoden aufweist.<\/p>\n<h3>Vorteile von Winstrol<\/h3>\n<ol>\n<li>Muskelwachstum: Winstrol f\u00f6rdert das Muskelwachstum durch die Steigerung der Proteinsynthese und Stickstoffretention in den Muskeln. Dies hilft Sportlern und Bodybuildern, einen definierteren und muskul\u00f6seren K\u00f6rper zu erreichen.<\/li>\n<li>Verbesserte Kraft: Es verbessert Kraft und Ausdauer und ist daher f\u00fcr Sportler wertvoll, die beim Training und bei Wettk\u00e4mpfen bessere Leistungen erzielen m\u00f6chten.<\/li>\n<li>Fettabbau: Winstrol hilft bei der Fettverbrennung und erh\u00e4lt gleichzeitig die Muskelmasse, was f\u00fcr eine schlankere und definiertere K\u00f6rperzusammensetzung von Vorteil ist.<\/li>\n<li>Verbesserte Vaskularit\u00e4t: Es verbessert die Vaskularit\u00e4t, indem es Wassereinlagerungen reduziert und ein trockenes und vaskularisiertes Erscheinungsbild f\u00f6rdert.<\/li>\n<li>Medizinische Verwendung: Im medizinischen Bereich wird Winstrol zur Behandlung von Erkrankungen wie dem heredit\u00e4ren Angio\u00f6dem und zur Unterst\u00fctzung der Genesung nach schweren Verbrennungen eingesetzt.<\/li>\n<\/ol>\n<h3>Nebenwirkungen von Winstrol<\/h3>\n<p>Obwohl das beste Winstrol mehrere Vorteile bietet, kann es auch zu potenziellen Nebenwirkungen kommen, insbesondere bei unsachgem\u00e4\u00dfer Anwendung oder in hohen Dosen:<\/p>\n<ol>\n<li>Lebertoxizit\u00e4t: Winstrol kann hepatotoxisch sein, d. h. es kann die Leber belasten. Dieses Risiko ist bei oralen Darreichungsformen h\u00f6her als bei injizierbaren Darreichungsformen.<\/li>\n<li>Herz-Kreislauf-Probleme: Es kann sich negativ auf den Cholesterinspiegel auswirken und das Risiko von Herz-Kreislauf-Problemen wie Herzerkrankungen und Schlaganf\u00e4llen erh\u00f6hen.<\/li>\n<li>Androgene Wirkungen: Winstrol kann androgene Nebenwirkungen wie Akne, Haarausfall und Stimmvertiefung bei Frauen verursachen.<\/li>\n<li>Hormonelles Ungleichgewicht: Die l\u00e4ngere Einnahme von Winstrol kann die nat\u00fcrliche Hormonproduktion st\u00f6ren und zu Problemen wie Unfruchtbarkeit und Stimmungsschwankungen f\u00fchren.<\/li>\n<li>Virilisierung (bei Frauen): Bei weiblichen Anwenderinnen k\u00f6nnen maskulinisierende Effekte wie Gesichtsbehaarung und Menstruationsunregelm\u00e4\u00dfigkeiten auftreten.<\/li>\n<\/ol>\n<p>F\u00fcr einen sicheren und bequemen Kauf von Winstrol besuchen Sie die beste Apotheke buy-prescriptionz.com. Diese vertrauensw\u00fcrdige Online-Plattform bietet authentische Produkte mit diskretem Versand und wettbewerbsf\u00e4higen Preisen. Es ist wichtig, Winstrol verantwortungsvoll und unter \u00e4rztlicher Aufsicht anzuwenden, um m\u00f6gliche Nebenwirkungen zu minimieren und den Nutzen sicher zu maximieren. Konsultieren Sie einen Arzt, bevor Sie mit der Einnahme eines neuen Nahrungserg\u00e4nzungsmittels oder einer neuen Medikation beginnen, um sicherzustellen, dass es f\u00fcr Ihre Gesundheits- und Fitnessziele geeignet ist.<\/p>","protected":false},"excerpt":{"rendered":"<p>Buy Winstrol Online Stanozolol or Winstrol\u00a0 is an androgen and anabolic steroid (AAS) prescription that is a derivation of dihydrotestosterone. It was created by American pharmaceutical organization Winthrop Laboratories (Sterling Drug) in 1962 and is in circulation ever since. You can buy Winstrol online at buy-prescriptionz.com with fast and secure shipping service. Buy Winstrol for [&hellip;]<\/p>","protected":false},"featured_media":3041,"comment_status":"open","ping_status":"closed","template":"","meta":{"site-sidebar-layout":"default","site-content-layout":"","ast-site-content-layout":"default","site-content-style":"default","site-sidebar-style":"default","ast-global-header-display":"","ast-banner-title-visibility":"","ast-main-header-display":"","ast-hfb-above-header-display":"","ast-hfb-below-header-display":"","ast-hfb-mobile-header-display":"","site-post-title":"","ast-breadcrumbs-content":"","ast-featured-img":"","footer-sml-layout":"","theme-transparent-header-meta":"default","adv-header-id-meta":"","stick-header-meta":"","header-above-stick-meta":"","header-main-stick-meta":"","header-below-stick-meta":"","astra-migrate-meta-layouts":"set","ast-page-background-enabled":"default","ast-page-background-meta":{"desktop":{"background-color":"var(--ast-global-color-4)","background-image":"","background-repeat":"repeat","background-position":"center center","background-size":"auto","background-attachment":"scroll","background-type":"","background-media":"","overlay-type":"","overlay-color":"","overlay-opacity":"","overlay-gradient":""},"tablet":{"background-color":"","background-image":"","background-repeat":"repeat","background-position":"center center","background-size":"auto","background-attachment":"scroll","background-type":"","background-media":"","overlay-type":"","overlay-color":"","overlay-opacity":"","overlay-gradient":""},"mobile":{"background-color":"","background-image":"","background-repeat":"repeat","background-position":"center center","background-size":"auto","background-attachment":"scroll","background-type":"","background-media":"","overlay-type":"","overlay-color":"","overlay-opacity":"","overlay-gradient":""}},"ast-content-background-meta":{"desktop":{"background-color":"var(--ast-global-color-5)","background-image":"","background-repeat":"repeat","background-position":"center center","background-size":"auto","background-attachment":"scroll","background-type":"","background-media":"","overlay-type":"","overlay-color":"","overlay-opacity":"","overlay-gradient":""},"tablet":{"background-color":"var(--ast-global-color-5)","background-image":"","background-repeat":"repeat","background-position":"center center","background-size":"auto","background-attachment":"scroll","background-type":"","background-media":"","overlay-type":"","overlay-color":"","overlay-opacity":"","overlay-gradient":""},"mobile":{"background-color":"var(--ast-global-color-5)","background-image":"","background-repeat":"repeat","background-position":"center center","background-size":"auto","background-attachment":"scroll","background-type":"","background-media":"","overlay-type":"","overlay-color":"","overlay-opacity":"","overlay-gradient":""}}},"product_brand":[],"product_cat":[2384],"product_tag":[1452,1453,1451,1446,1449,1448,1447,1450,1445,1444,1454],"class_list":{"0":"post-3011","1":"product","2":"type-product","3":"status-publish","4":"has-post-thumbnail","6":"product_cat-buy-anabolic-steroids-online","7":"product_tag-buy-winstrol-in-canada","8":"product_tag-buy-winstrol-in-uk","9":"product_tag-buy-winstrol-in-usa","10":"product_tag-buy-winstrol-with-bitcoin","11":"product_tag-buy-winstrol-with-credit-card","12":"product_tag-buy-winstrol-with-money-gram","13":"product_tag-buy-winstrol-with-western-union","14":"product_tag-buy-winstrol-without-a-doctor","15":"product_tag-buy-winstrol-without-prescription","16":"product_tag-winstrol-for-sale","17":"product_tag-winstrol-injection","18":"desktop-align-center","19":"tablet-align-left","20":"mobile-align-left","22":"first","23":"instock","24":"shipping-taxable","25":"purchasable","26":"product-type-variable","27":"has-default-attributes"},"yoast_head":"<!-- This site is optimized with the Yoast SEO plugin v25.9 - https:\/\/yoast.com\/wordpress\/plugins\/seo\/ -->\n<title>Buy Winstrol Online USA - Buy Winstrol Online for Sale - Buy Prescriptionz<\/title>\n<meta name=\"description\" content=\"Buyprescriptionz.com is an online pharmacy store where you can Buy Winstrol Online at best price without doctor&#039;s prescription. Buy Winstrol Online Now with Free &amp; Secure Shipping!\" \/>\n<meta name=\"robots\" content=\"index, follow, max-snippet:-1, max-image-preview:large, max-video-preview:-1\" \/>\n<link rel=\"canonical\" href=\"https:\/\/buy-prescriptionz.com\/de\/produkt\/winstrol-online-kaufen\/\" \/>\n<meta property=\"og:locale\" content=\"de_DE\" \/>\n<meta property=\"og:type\" content=\"article\" \/>\n<meta property=\"og:title\" content=\"Buy Winstrol Online USA - Buy Winstrol Online for Sale - Buy Prescriptionz\" \/>\n<meta property=\"og:description\" content=\"Buyprescriptionz.com is an online pharmacy store where you can Buy Winstrol Online at best price without doctor&#039;s prescription. Buy Winstrol Online Now with Free &amp; Secure Shipping!\" \/>\n<meta property=\"og:url\" content=\"https:\/\/buy-prescriptionz.com\/de\/produkt\/winstrol-online-kaufen\/\" \/>\n<meta property=\"og:site_name\" content=\"Buy Prescriptionz\" \/>\n<meta property=\"article:modified_time\" content=\"2025-09-26T17:49:58+00:00\" \/>\n<meta property=\"og:image\" content=\"https:\/\/buy-prescriptionz.com\/wp-content\/uploads\/2025\/09\/winstrol.jpg\" \/>\n\t<meta property=\"og:image:width\" content=\"400\" \/>\n\t<meta property=\"og:image:height\" content=\"300\" \/>\n\t<meta property=\"og:image:type\" content=\"image\/jpeg\" \/>\n<meta name=\"twitter:card\" content=\"summary_large_image\" \/>\n<meta name=\"twitter:label1\" content=\"Gesch\u00e4tzte Lesezeit\" \/>\n\t<meta name=\"twitter:data1\" content=\"4\u00a0Minuten\" \/>\n<script type=\"application\/ld+json\" class=\"yoast-schema-graph\">{\"@context\":\"https:\/\/schema.org\",\"@graph\":[{\"@type\":\"WebPage\",\"@id\":\"https:\/\/buy-prescriptionz.com\/product\/buy-winstrol-online\/\",\"url\":\"https:\/\/buy-prescriptionz.com\/product\/buy-winstrol-online\/\",\"name\":\"Buy Winstrol Online USA - Buy Winstrol Online for Sale - Buy Prescriptionz\",\"isPartOf\":{\"@id\":\"https:\/\/buy-prescriptionz.com\/#website\"},\"primaryImageOfPage\":{\"@id\":\"https:\/\/buy-prescriptionz.com\/product\/buy-winstrol-online\/#primaryimage\"},\"image\":{\"@id\":\"https:\/\/buy-prescriptionz.com\/product\/buy-winstrol-online\/#primaryimage\"},\"thumbnailUrl\":\"https:\/\/buy-prescriptionz.com\/wp-content\/uploads\/2025\/09\/winstrol.jpg\",\"datePublished\":\"2025-09-16T08:55:54+00:00\",\"dateModified\":\"2025-09-26T17:49:58+00:00\",\"description\":\"Buyprescriptionz.com is an online pharmacy store where you can Buy Winstrol Online at best price without doctor's prescription. Buy Winstrol Online Now with Free & Secure Shipping!\",\"breadcrumb\":{\"@id\":\"https:\/\/buy-prescriptionz.com\/product\/buy-winstrol-online\/#breadcrumb\"},\"inLanguage\":\"de\",\"potentialAction\":[{\"@type\":\"ReadAction\",\"target\":[\"https:\/\/buy-prescriptionz.com\/product\/buy-winstrol-online\/\"]}]},{\"@type\":\"ImageObject\",\"inLanguage\":\"de\",\"@id\":\"https:\/\/buy-prescriptionz.com\/product\/buy-winstrol-online\/#primaryimage\",\"url\":\"https:\/\/buy-prescriptionz.com\/wp-content\/uploads\/2025\/09\/winstrol.jpg\",\"contentUrl\":\"https:\/\/buy-prescriptionz.com\/wp-content\/uploads\/2025\/09\/winstrol.jpg\",\"width\":400,\"height\":300},{\"@type\":\"BreadcrumbList\",\"@id\":\"https:\/\/buy-prescriptionz.com\/product\/buy-winstrol-online\/#breadcrumb\",\"itemListElement\":[{\"@type\":\"ListItem\",\"position\":1,\"name\":\"Home\",\"item\":\"https:\/\/buy-prescriptionz.com\/\"},{\"@type\":\"ListItem\",\"position\":2,\"name\":\"Shop Painkillers Online\",\"item\":\"https:\/\/buy-prescriptionz.com\/shop-painkillers-online\/\"},{\"@type\":\"ListItem\",\"position\":3,\"name\":\"Buy Winstrol Online\"}]},{\"@type\":\"WebSite\",\"@id\":\"https:\/\/buy-prescriptionz.com\/#website\",\"url\":\"https:\/\/buy-prescriptionz.com\/\",\"name\":\"Buy Prescriptionz\",\"description\":\"Drugs Online\",\"publisher\":{\"@id\":\"https:\/\/buy-prescriptionz.com\/#organization\"},\"potentialAction\":[{\"@type\":\"SearchAction\",\"target\":{\"@type\":\"EntryPoint\",\"urlTemplate\":\"https:\/\/buy-prescriptionz.com\/?s={search_term_string}\"},\"query-input\":{\"@type\":\"PropertyValueSpecification\",\"valueRequired\":true,\"valueName\":\"search_term_string\"}}],\"inLanguage\":\"de\"},{\"@type\":\"Organization\",\"@id\":\"https:\/\/buy-prescriptionz.com\/#organization\",\"name\":\"Buy Prescriptionz\",\"url\":\"https:\/\/buy-prescriptionz.com\/\",\"logo\":{\"@type\":\"ImageObject\",\"inLanguage\":\"de\",\"@id\":\"https:\/\/buy-prescriptionz.com\/#\/schema\/logo\/image\/\",\"url\":\"https:\/\/buy-prescriptionz.com\/wp-content\/uploads\/2023\/09\/logo.png\",\"contentUrl\":\"https:\/\/buy-prescriptionz.com\/wp-content\/uploads\/2023\/09\/logo.png\",\"width\":350,\"height\":64,\"caption\":\"Buy Prescriptionz\"},\"image\":{\"@id\":\"https:\/\/buy-prescriptionz.com\/#\/schema\/logo\/image\/\"}}]}<\/script>\n<!-- \/ Yoast SEO plugin. -->","yoast_head_json":{"title":"Winstrol online kaufen in den USA \u2013 Winstrol online kaufen zum Verkauf \u2013 Prescriptionz kaufen","description":"Buyprescriptionz.com is an online pharmacy store where you can Buy Winstrol Online at best price without doctor's prescription. Buy Winstrol Online Now with Free & Secure Shipping!","robots":{"index":"index","follow":"follow","max-snippet":"max-snippet:-1","max-image-preview":"max-image-preview:large","max-video-preview":"max-video-preview:-1"},"canonical":"https:\/\/buy-prescriptionz.com\/de\/produkt\/winstrol-online-kaufen\/","og_locale":"de_DE","og_type":"article","og_title":"Buy Winstrol Online USA - Buy Winstrol Online for Sale - Buy Prescriptionz","og_description":"Buyprescriptionz.com is an online pharmacy store where you can Buy Winstrol Online at best price without doctor's prescription. Buy Winstrol Online Now with Free & Secure Shipping!","og_url":"https:\/\/buy-prescriptionz.com\/de\/produkt\/winstrol-online-kaufen\/","og_site_name":"Buy Prescriptionz","article_modified_time":"2025-09-26T17:49:58+00:00","og_image":[{"width":400,"height":300,"url":"https:\/\/buy-prescriptionz.com\/wp-content\/uploads\/2025\/09\/winstrol.jpg","type":"image\/jpeg"}],"twitter_card":"summary_large_image","twitter_misc":{"Gesch\u00e4tzte Lesezeit":"4\u00a0Minuten"},"schema":{"@context":"https:\/\/schema.org","@graph":[{"@type":"WebPage","@id":"https:\/\/buy-prescriptionz.com\/product\/buy-winstrol-online\/","url":"https:\/\/buy-prescriptionz.com\/product\/buy-winstrol-online\/","name":"Winstrol online kaufen in den USA \u2013 Winstrol online kaufen zum Verkauf \u2013 Prescriptionz kaufen","isPartOf":{"@id":"https:\/\/buy-prescriptionz.com\/#website"},"primaryImageOfPage":{"@id":"https:\/\/buy-prescriptionz.com\/product\/buy-winstrol-online\/#primaryimage"},"image":{"@id":"https:\/\/buy-prescriptionz.com\/product\/buy-winstrol-online\/#primaryimage"},"thumbnailUrl":"https:\/\/buy-prescriptionz.com\/wp-content\/uploads\/2025\/09\/winstrol.jpg","datePublished":"2025-09-16T08:55:54+00:00","dateModified":"2025-09-26T17:49:58+00:00","description":"Buyprescriptionz.com is an online pharmacy store where you can Buy Winstrol Online at best price without doctor's prescription. Buy Winstrol Online Now with Free & Secure Shipping!","breadcrumb":{"@id":"https:\/\/buy-prescriptionz.com\/product\/buy-winstrol-online\/#breadcrumb"},"inLanguage":"de","potentialAction":[{"@type":"ReadAction","target":["https:\/\/buy-prescriptionz.com\/product\/buy-winstrol-online\/"]}]},{"@type":"ImageObject","inLanguage":"de","@id":"https:\/\/buy-prescriptionz.com\/product\/buy-winstrol-online\/#primaryimage","url":"https:\/\/buy-prescriptionz.com\/wp-content\/uploads\/2025\/09\/winstrol.jpg","contentUrl":"https:\/\/buy-prescriptionz.com\/wp-content\/uploads\/2025\/09\/winstrol.jpg","width":400,"height":300},{"@type":"BreadcrumbList","@id":"https:\/\/buy-prescriptionz.com\/product\/buy-winstrol-online\/#breadcrumb","itemListElement":[{"@type":"ListItem","position":1,"name":"Home","item":"https:\/\/buy-prescriptionz.com\/"},{"@type":"ListItem","position":2,"name":"Shop Painkillers Online","item":"https:\/\/buy-prescriptionz.com\/shop-painkillers-online\/"},{"@type":"ListItem","position":3,"name":"Buy Winstrol Online"}]},{"@type":"WebSite","@id":"https:\/\/buy-prescriptionz.com\/#website","url":"https:\/\/buy-prescriptionz.com\/","name":"Kaufen Prescriptionz","description":"Online-Drogen","publisher":{"@id":"https:\/\/buy-prescriptionz.com\/#organization"},"potentialAction":[{"@type":"SearchAction","target":{"@type":"EntryPoint","urlTemplate":"https:\/\/buy-prescriptionz.com\/?s={search_term_string}"},"query-input":{"@type":"PropertyValueSpecification","valueRequired":true,"valueName":"search_term_string"}}],"inLanguage":"de"},{"@type":"Organization","@id":"https:\/\/buy-prescriptionz.com\/#organization","name":"Kaufen Prescriptionz","url":"https:\/\/buy-prescriptionz.com\/","logo":{"@type":"ImageObject","inLanguage":"de","@id":"https:\/\/buy-prescriptionz.com\/#\/schema\/logo\/image\/","url":"https:\/\/buy-prescriptionz.com\/wp-content\/uploads\/2023\/09\/logo.png","contentUrl":"https:\/\/buy-prescriptionz.com\/wp-content\/uploads\/2023\/09\/logo.png","width":350,"height":64,"caption":"Buy Prescriptionz"},"image":{"@id":"https:\/\/buy-prescriptionz.com\/#\/schema\/logo\/image\/"}}]}},"_links":{"self":[{"href":"https:\/\/buy-prescriptionz.com\/de\/wp-json\/wp\/v2\/product\/3011","targetHints":{"allow":["GET"]}}],"collection":[{"href":"https:\/\/buy-prescriptionz.com\/de\/wp-json\/wp\/v2\/product"}],"about":[{"href":"https:\/\/buy-prescriptionz.com\/de\/wp-json\/wp\/v2\/types\/product"}],"replies":[{"embeddable":true,"href":"https:\/\/buy-prescriptionz.com\/de\/wp-json\/wp\/v2\/comments?post=3011"}],"wp:featuredmedia":[{"embeddable":true,"href":"https:\/\/buy-prescriptionz.com\/de\/wp-json\/wp\/v2\/media\/3041"}],"wp:attachment":[{"href":"https:\/\/buy-prescriptionz.com\/de\/wp-json\/wp\/v2\/media?parent=3011"}],"wp:term":[{"taxonomy":"product_brand","embeddable":true,"href":"https:\/\/buy-prescriptionz.com\/de\/wp-json\/wp\/v2\/product_brand?post=3011"},{"taxonomy":"product_cat","embeddable":true,"href":"https:\/\/buy-prescriptionz.com\/de\/wp-json\/wp\/v2\/product_cat?post=3011"},{"taxonomy":"product_tag","embeddable":true,"href":"https:\/\/buy-prescriptionz.com\/de\/wp-json\/wp\/v2\/product_tag?post=3011"}],"curies":[{"name":"wp","href":"https:\/\/api.w.org\/{rel}","templated":true}]}}