{"id":3043,"date":"2025-09-16T08:56:08","date_gmt":"2025-09-16T08:56:08","guid":{"rendered":"https:\/\/chemsfine.com\/newsite\/?post_type=product&#038;p=3043"},"modified":"2025-09-27T11:46:54","modified_gmt":"2025-09-27T11:46:54","slug":"propionat-online-kaufen","status":"publish","type":"product","link":"https:\/\/buy-prescriptionz.com\/de\/produkt\/propionat-online-kaufen\/","title":{"rendered":"Propionat online kaufen"},"content":{"rendered":"<h2>Propionat online kaufen<\/h2>\n<p>Kaufen Sie Propionat online. Testosteronpropionat oder Propionat ist ein verschreibungspflichtiges Androgen und anaboles Steroid zur Behandlung eines niedrigen Testosteronspiegels bei M\u00e4nnern. Kaufen Sie 100 mg Propionat zur Behandlung von Brustkrebs bei Frauen auf buy-prescriptionz.com.<\/p>\n<h3>Propionat 100 mg online zur Erh\u00f6hung des Testosteronspiegels im K\u00f6rper<\/h3>\n<p>Propionat 100 mg wird als l\u00e4ngerwirksamer Testosteronester wie Testosteronenantat, Testosteroncypionat und Testosteronundecanoat angeboten. Seit den 1950er Jahren ist Testosteronpropionat erh\u00e4ltlich. Sie m\u00f6chten wissen, wie Sie Propionat 100 mg online kaufen k\u00f6nnen, sind aber noch nicht auf buy-prescriptionz.com gesto\u00dfen? Jetzt wissen Sie, wo Sie Propionat 100 mg online kaufen k\u00f6nnen. Sorgen Sie f\u00fcr Ordnung und decken Sie Ihre Medikamente \u00fcberall in den USA ein.<\/p>\n<h3>Kaufen Sie Propionat 100 mg ohne Rezept<\/h3>\n<p>Das Medikament ist ein im Labor hergestelltes Androgen und Anabolikum und wirkt als Agonist des Androgenrezeptors, der nat\u00fcrlichen Natur von Androgenen wie Testosteron und Dihydrotestosteron. Auf buy-prescriptionz.com k\u00f6nnen Sie 100 mg Propionat ohne Arztbesuch mit schnellem und sicherem Versand kaufen. Testosteronpropionat dient der Androgensubstitutionstherapie. Es wird zur Behandlung von Hypogonadismus bei M\u00e4nnern, Brustkrebs, geringer Libido, sp\u00e4ter Pubert\u00e4t bei jungen M\u00e4nnern und Wechseljahrsbeschwerden bei Frauen eingesetzt. Kaufen Sie 100 mg Propionat g\u00fcnstig f\u00fcr Frauen und M\u00e4nner.<\/p>\n<h3>Propionat online kaufen: \u00dcbersicht, Vorteile und Nebenwirkungen<\/h3>\n<p>Propionat ist eine Form von Testosteron, die in der Hormonersatztherapie (HRT) bei M\u00e4nnern mit niedrigem Testosteronspiegel eingesetzt wird. Aufgrund seiner schnell wirkenden Wirkung wird es auch von Bodybuildern und Sportlern zur Steigerung von Muskelmasse und Leistungsf\u00e4higkeit eingesetzt.<\/p>\n<h4>Vorteile von Propionat<\/h4>\n<ol>\n<li>Testosteronersatz: Das beste Propionat hilft, den Testosteronspiegel bei M\u00e4nnern mit Hypogonadismus oder anderen Testosteronmangelzust\u00e4nden wiederherzustellen und verbessert die Libido, das Energieniveau und das allgemeine Wohlbefinden.<\/li>\n<li>Muskelwachstum: Es f\u00f6rdert das Muskelwachstum und die Muskelentwicklung, indem es die Proteinsynthese und Stickstoffretention in den Muskeln verbessert und so eine schnellere Erholung und Muskelreparatur nach dem Training erm\u00f6glicht.<\/li>\n<li>Erh\u00f6hte Kraft: Benutzer erfahren h\u00e4ufig eine erh\u00f6hte Kraft und Ausdauer, was intensivere und produktivere Trainingseinheiten erm\u00f6glicht.<\/li>\n<li>Verbesserte Knochendichte: Testosteron, einschlie\u00dflich Propionat, tr\u00e4gt zur Aufrechterhaltung der Knochendichte bei und verringert das Risiko von Osteoporose und Knochenbr\u00fcchen.<\/li>\n<\/ol>\n<h4>Nebenwirkungen von Propionat<\/h4>\n<ol>\n<li>Androgene Wirkungen: Propionat kann androgene Nebenwirkungen wie Akne, fettige Haut und verst\u00e4rkten Haarwuchs im Gesicht\/K\u00f6rper verursachen.<\/li>\n<li>Herz-Kreislauf-Probleme: Es kann sich negativ auf den Cholesterinspiegel auswirken und das Risiko von Herz-Kreislauf-Problemen wie Herzerkrankungen und Schlaganf\u00e4llen erh\u00f6hen.<\/li>\n<li>Unterdr\u00fcckung des nat\u00fcrlichen Testosterons: Die langfristige Einnahme von Propionat kann die nat\u00fcrliche Testosteronproduktion des K\u00f6rpers unterdr\u00fccken und zu einer Abh\u00e4ngigkeit von externem Testosteron f\u00fchren.<\/li>\n<li>Stimmungsschwankungen: Bei manchen Benutzern kann es zu Stimmungsschwankungen, Reizbarkeit oder Aggressivit\u00e4t kommen.<\/li>\n<li>Missbrauchspotenzial: Wie alle Testosteronderivate besteht bei Propionat das Potenzial f\u00fcr Missbrauch und Fehlgebrauch, was zu schwerwiegenden gesundheitlichen Folgen f\u00fchren kann.<\/li>\n<\/ol>\n<p>Propionat sollte unter \u00e4rztlicher Aufsicht und in der Dosierung individuell auf die Bed\u00fcrfnisse und Beschwerden abgestimmt werden. Es ist wichtig, Testosteronspiegel, H\u00e4matokrit und Lipidwerte w\u00e4hrend der Behandlung regelm\u00e4\u00dfig zu \u00fcberwachen. Authentische und zuverl\u00e4ssige Propionat-Quellen finden Sie in einer der besten Apotheken: buy-prescriptionz.com. Diese gew\u00e4hrleisten Qualit\u00e4t und sichere Medikamentenlieferung.<\/p>\n<h3>Kaufen Sie Propionat 100 mg mit diskreter Verpackung<\/h3>\n<p>Bestellen Sie 100 mg Propionat online wegen seiner androgenen und moderaten anabolen Wirkung, die es f\u00fcr die Maskulinisierung wertvoll und f\u00fcr die Androgenersatztherapie geeignet machen. Testosteronpropionat ist ein Testosteronester und ein kurzwirksames Prodrug von Testosteron im K\u00f6rper. Kaufen Sie 100 mg Propionat online in jeder gew\u00fcnschten Menge f\u00fcr Ihre Behandlung oder zur Steigerung des Sexualtriebs. Dieses Medikament behandelt Ihre Sexualprobleme, Erektionsst\u00f6rungen und den psychischen Sexualprozess. Testosteronpropionat ist mit schnellem und sicherem Lieferservice unter buy-prescriptionz.com erh\u00e4ltlich, wie in \u00d6l durch intramuskul\u00e4re Injektion angegeben. Es wirkt innerhalb einer relativ kurzen Zeit von 0,8 bis 1,5 Tagen im K\u00f6rper. Es hat eine kurze Wirkungsdauer und muss mehrmals pro Woche eingenommen werden.<\/p>","protected":false},"excerpt":{"rendered":"<p>Buy Propionate Online Buy Propionate Online,Testosterone Propionate or Propionate is an androgen and anabolic steroid prescription for the treatment of low testosterone levels in men. Buy Propionate 100 mg to treat breast cancer growth in women at buy-prescriptionz.com. Propionate 100 mg online to increase testosterone in the body Propionate 100 mg for sale as a [&hellip;]<\/p>","protected":false},"featured_media":3073,"comment_status":"open","ping_status":"closed","template":"","meta":{"site-sidebar-layout":"default","site-content-layout":"","ast-site-content-layout":"default","site-content-style":"default","site-sidebar-style":"default","ast-global-header-display":"","ast-banner-title-visibility":"","ast-main-header-display":"","ast-hfb-above-header-display":"","ast-hfb-below-header-display":"","ast-hfb-mobile-header-display":"","site-post-title":"","ast-breadcrumbs-content":"","ast-featured-img":"","footer-sml-layout":"","theme-transparent-header-meta":"default","adv-header-id-meta":"","stick-header-meta":"","header-above-stick-meta":"","header-main-stick-meta":"","header-below-stick-meta":"","astra-migrate-meta-layouts":"set","ast-page-background-enabled":"default","ast-page-background-meta":{"desktop":{"background-color":"var(--ast-global-color-4)","background-image":"","background-repeat":"repeat","background-position":"center center","background-size":"auto","background-attachment":"scroll","background-type":"","background-media":"","overlay-type":"","overlay-color":"","overlay-opacity":"","overlay-gradient":""},"tablet":{"background-color":"","background-image":"","background-repeat":"repeat","background-position":"center center","background-size":"auto","background-attachment":"scroll","background-type":"","background-media":"","overlay-type":"","overlay-color":"","overlay-opacity":"","overlay-gradient":""},"mobile":{"background-color":"","background-image":"","background-repeat":"repeat","background-position":"center center","background-size":"auto","background-attachment":"scroll","background-type":"","background-media":"","overlay-type":"","overlay-color":"","overlay-opacity":"","overlay-gradient":""}},"ast-content-background-meta":{"desktop":{"background-color":"var(--ast-global-color-5)","background-image":"","background-repeat":"repeat","background-position":"center center","background-size":"auto","background-attachment":"scroll","background-type":"","background-media":"","overlay-type":"","overlay-color":"","overlay-opacity":"","overlay-gradient":""},"tablet":{"background-color":"var(--ast-global-color-5)","background-image":"","background-repeat":"repeat","background-position":"center center","background-size":"auto","background-attachment":"scroll","background-type":"","background-media":"","overlay-type":"","overlay-color":"","overlay-opacity":"","overlay-gradient":""},"mobile":{"background-color":"var(--ast-global-color-5)","background-image":"","background-repeat":"repeat","background-position":"center center","background-size":"auto","background-attachment":"scroll","background-type":"","background-media":"","overlay-type":"","overlay-color":"","overlay-opacity":"","overlay-gradient":""}}},"product_brand":[],"product_cat":[2384],"product_tag":[1313,1314,1312,1307,1310,1309,1308,1311,1306,1305,1315],"class_list":{"0":"post-3043","1":"product","2":"type-product","3":"status-publish","4":"has-post-thumbnail","6":"product_cat-buy-anabolic-steroids-online","7":"product_tag-buy-propionate-in-canada","8":"product_tag-buy-propionate-in-uk","9":"product_tag-buy-propionate-in-usa","10":"product_tag-buy-propionate-with-bitcoin","11":"product_tag-buy-propionate-with-credit-card","12":"product_tag-buy-propionate-with-money-gram","13":"product_tag-buy-propionate-with-western-union","14":"product_tag-buy-propionate-without-a-doctor","15":"product_tag-buy-propionate-without-prescription","16":"product_tag-propionate-for-sale","17":"product_tag-propionate-injection","18":"desktop-align-center","19":"tablet-align-left","20":"mobile-align-left","22":"first","23":"instock","24":"shipping-taxable","25":"purchasable","26":"product-type-variable","27":"has-default-attributes"},"yoast_head":"<!-- This site is optimized with the Yoast SEO plugin v25.9 - https:\/\/yoast.com\/wordpress\/plugins\/seo\/ -->\n<title>Buy Propionate Online - Propionate for Sale<\/title>\n<meta name=\"description\" content=\"Our store has the top quality Propionate for sale. You can never get over the quality of our products. If you need then, You can buy Propionate online right away. Order now!\" \/>\n<meta name=\"robots\" content=\"index, follow, max-snippet:-1, max-image-preview:large, max-video-preview:-1\" \/>\n<link rel=\"canonical\" href=\"https:\/\/buy-prescriptionz.com\/de\/produkt\/propionat-online-kaufen\/\" \/>\n<meta property=\"og:locale\" content=\"de_DE\" \/>\n<meta property=\"og:type\" content=\"article\" \/>\n<meta property=\"og:title\" content=\"Buy Propionate Online - Propionate for Sale\" \/>\n<meta property=\"og:description\" content=\"Our store has the top quality Propionate for sale. You can never get over the quality of our products. If you need then, You can buy Propionate online right away. Order now!\" \/>\n<meta property=\"og:url\" content=\"https:\/\/buy-prescriptionz.com\/de\/produkt\/propionat-online-kaufen\/\" \/>\n<meta property=\"og:site_name\" content=\"Buy Prescriptionz\" \/>\n<meta property=\"article:modified_time\" content=\"2025-09-27T11:46:54+00:00\" \/>\n<meta property=\"og:image\" content=\"https:\/\/buy-prescriptionz.com\/wp-content\/uploads\/2025\/09\/propionate.jpg\" \/>\n\t<meta property=\"og:image:width\" content=\"400\" \/>\n\t<meta property=\"og:image:height\" content=\"300\" \/>\n\t<meta property=\"og:image:type\" content=\"image\/jpeg\" \/>\n<meta name=\"twitter:card\" content=\"summary_large_image\" \/>\n<meta name=\"twitter:label1\" content=\"Gesch\u00e4tzte Lesezeit\" \/>\n\t<meta name=\"twitter:data1\" content=\"3\u00a0Minuten\" \/>\n<script type=\"application\/ld+json\" class=\"yoast-schema-graph\">{\"@context\":\"https:\/\/schema.org\",\"@graph\":[{\"@type\":\"WebPage\",\"@id\":\"https:\/\/buy-prescriptionz.com\/product\/buy-propionate-online\/\",\"url\":\"https:\/\/buy-prescriptionz.com\/product\/buy-propionate-online\/\",\"name\":\"Buy Propionate Online - Propionate for Sale\",\"isPartOf\":{\"@id\":\"https:\/\/buy-prescriptionz.com\/#website\"},\"primaryImageOfPage\":{\"@id\":\"https:\/\/buy-prescriptionz.com\/product\/buy-propionate-online\/#primaryimage\"},\"image\":{\"@id\":\"https:\/\/buy-prescriptionz.com\/product\/buy-propionate-online\/#primaryimage\"},\"thumbnailUrl\":\"https:\/\/buy-prescriptionz.com\/wp-content\/uploads\/2025\/09\/propionate.jpg\",\"datePublished\":\"2025-09-16T08:56:08+00:00\",\"dateModified\":\"2025-09-27T11:46:54+00:00\",\"description\":\"Our store has the top quality Propionate for sale. You can never get over the quality of our products. If you need then, You can buy Propionate online right away. Order now!\",\"breadcrumb\":{\"@id\":\"https:\/\/buy-prescriptionz.com\/product\/buy-propionate-online\/#breadcrumb\"},\"inLanguage\":\"de\",\"potentialAction\":[{\"@type\":\"ReadAction\",\"target\":[\"https:\/\/buy-prescriptionz.com\/product\/buy-propionate-online\/\"]}]},{\"@type\":\"ImageObject\",\"inLanguage\":\"de\",\"@id\":\"https:\/\/buy-prescriptionz.com\/product\/buy-propionate-online\/#primaryimage\",\"url\":\"https:\/\/buy-prescriptionz.com\/wp-content\/uploads\/2025\/09\/propionate.jpg\",\"contentUrl\":\"https:\/\/buy-prescriptionz.com\/wp-content\/uploads\/2025\/09\/propionate.jpg\",\"width\":400,\"height\":300},{\"@type\":\"BreadcrumbList\",\"@id\":\"https:\/\/buy-prescriptionz.com\/product\/buy-propionate-online\/#breadcrumb\",\"itemListElement\":[{\"@type\":\"ListItem\",\"position\":1,\"name\":\"Home\",\"item\":\"https:\/\/buy-prescriptionz.com\/\"},{\"@type\":\"ListItem\",\"position\":2,\"name\":\"Shop Painkillers Online\",\"item\":\"https:\/\/buy-prescriptionz.com\/shop-painkillers-online\/\"},{\"@type\":\"ListItem\",\"position\":3,\"name\":\"Buy Propionate Online\"}]},{\"@type\":\"WebSite\",\"@id\":\"https:\/\/buy-prescriptionz.com\/#website\",\"url\":\"https:\/\/buy-prescriptionz.com\/\",\"name\":\"Buy Prescriptionz\",\"description\":\"Drugs Online\",\"publisher\":{\"@id\":\"https:\/\/buy-prescriptionz.com\/#organization\"},\"potentialAction\":[{\"@type\":\"SearchAction\",\"target\":{\"@type\":\"EntryPoint\",\"urlTemplate\":\"https:\/\/buy-prescriptionz.com\/?s={search_term_string}\"},\"query-input\":{\"@type\":\"PropertyValueSpecification\",\"valueRequired\":true,\"valueName\":\"search_term_string\"}}],\"inLanguage\":\"de\"},{\"@type\":\"Organization\",\"@id\":\"https:\/\/buy-prescriptionz.com\/#organization\",\"name\":\"Buy Prescriptionz\",\"url\":\"https:\/\/buy-prescriptionz.com\/\",\"logo\":{\"@type\":\"ImageObject\",\"inLanguage\":\"de\",\"@id\":\"https:\/\/buy-prescriptionz.com\/#\/schema\/logo\/image\/\",\"url\":\"https:\/\/buy-prescriptionz.com\/wp-content\/uploads\/2023\/09\/logo.png\",\"contentUrl\":\"https:\/\/buy-prescriptionz.com\/wp-content\/uploads\/2023\/09\/logo.png\",\"width\":350,\"height\":64,\"caption\":\"Buy Prescriptionz\"},\"image\":{\"@id\":\"https:\/\/buy-prescriptionz.com\/#\/schema\/logo\/image\/\"}}]}<\/script>\n<!-- \/ Yoast SEO plugin. -->","yoast_head_json":{"title":"Propionat online kaufen \u2013 Propionat zu verkaufen","description":"Unser Shop bietet hochwertiges Propionat zum Verkauf an. Die Qualit\u00e4t unserer Produkte ist unschlagbar. Bei Bedarf k\u00f6nnen Sie Propionat sofort online kaufen. Jetzt bestellen!","robots":{"index":"index","follow":"follow","max-snippet":"max-snippet:-1","max-image-preview":"max-image-preview:large","max-video-preview":"max-video-preview:-1"},"canonical":"https:\/\/buy-prescriptionz.com\/de\/produkt\/propionat-online-kaufen\/","og_locale":"de_DE","og_type":"article","og_title":"Buy Propionate Online - Propionate for Sale","og_description":"Our store has the top quality Propionate for sale. You can never get over the quality of our products. If you need then, You can buy Propionate online right away. Order now!","og_url":"https:\/\/buy-prescriptionz.com\/de\/produkt\/propionat-online-kaufen\/","og_site_name":"Buy Prescriptionz","article_modified_time":"2025-09-27T11:46:54+00:00","og_image":[{"width":400,"height":300,"url":"https:\/\/buy-prescriptionz.com\/wp-content\/uploads\/2025\/09\/propionate.jpg","type":"image\/jpeg"}],"twitter_card":"summary_large_image","twitter_misc":{"Gesch\u00e4tzte Lesezeit":"3\u00a0Minuten"},"schema":{"@context":"https:\/\/schema.org","@graph":[{"@type":"WebPage","@id":"https:\/\/buy-prescriptionz.com\/product\/buy-propionate-online\/","url":"https:\/\/buy-prescriptionz.com\/product\/buy-propionate-online\/","name":"Propionat online kaufen \u2013 Propionat zu verkaufen","isPartOf":{"@id":"https:\/\/buy-prescriptionz.com\/#website"},"primaryImageOfPage":{"@id":"https:\/\/buy-prescriptionz.com\/product\/buy-propionate-online\/#primaryimage"},"image":{"@id":"https:\/\/buy-prescriptionz.com\/product\/buy-propionate-online\/#primaryimage"},"thumbnailUrl":"https:\/\/buy-prescriptionz.com\/wp-content\/uploads\/2025\/09\/propionate.jpg","datePublished":"2025-09-16T08:56:08+00:00","dateModified":"2025-09-27T11:46:54+00:00","description":"Unser Shop bietet hochwertiges Propionat zum Verkauf an. Die Qualit\u00e4t unserer Produkte ist unschlagbar. Bei Bedarf k\u00f6nnen Sie Propionat sofort online kaufen. Jetzt bestellen!","breadcrumb":{"@id":"https:\/\/buy-prescriptionz.com\/product\/buy-propionate-online\/#breadcrumb"},"inLanguage":"de","potentialAction":[{"@type":"ReadAction","target":["https:\/\/buy-prescriptionz.com\/product\/buy-propionate-online\/"]}]},{"@type":"ImageObject","inLanguage":"de","@id":"https:\/\/buy-prescriptionz.com\/product\/buy-propionate-online\/#primaryimage","url":"https:\/\/buy-prescriptionz.com\/wp-content\/uploads\/2025\/09\/propionate.jpg","contentUrl":"https:\/\/buy-prescriptionz.com\/wp-content\/uploads\/2025\/09\/propionate.jpg","width":400,"height":300},{"@type":"BreadcrumbList","@id":"https:\/\/buy-prescriptionz.com\/product\/buy-propionate-online\/#breadcrumb","itemListElement":[{"@type":"ListItem","position":1,"name":"Home","item":"https:\/\/buy-prescriptionz.com\/"},{"@type":"ListItem","position":2,"name":"Shop Painkillers Online","item":"https:\/\/buy-prescriptionz.com\/shop-painkillers-online\/"},{"@type":"ListItem","position":3,"name":"Buy Propionate Online"}]},{"@type":"WebSite","@id":"https:\/\/buy-prescriptionz.com\/#website","url":"https:\/\/buy-prescriptionz.com\/","name":"Kaufen Prescriptionz","description":"Online-Drogen","publisher":{"@id":"https:\/\/buy-prescriptionz.com\/#organization"},"potentialAction":[{"@type":"SearchAction","target":{"@type":"EntryPoint","urlTemplate":"https:\/\/buy-prescriptionz.com\/?s={search_term_string}"},"query-input":{"@type":"PropertyValueSpecification","valueRequired":true,"valueName":"search_term_string"}}],"inLanguage":"de"},{"@type":"Organization","@id":"https:\/\/buy-prescriptionz.com\/#organization","name":"Kaufen Prescriptionz","url":"https:\/\/buy-prescriptionz.com\/","logo":{"@type":"ImageObject","inLanguage":"de","@id":"https:\/\/buy-prescriptionz.com\/#\/schema\/logo\/image\/","url":"https:\/\/buy-prescriptionz.com\/wp-content\/uploads\/2023\/09\/logo.png","contentUrl":"https:\/\/buy-prescriptionz.com\/wp-content\/uploads\/2023\/09\/logo.png","width":350,"height":64,"caption":"Buy Prescriptionz"},"image":{"@id":"https:\/\/buy-prescriptionz.com\/#\/schema\/logo\/image\/"}}]}},"_links":{"self":[{"href":"https:\/\/buy-prescriptionz.com\/de\/wp-json\/wp\/v2\/product\/3043","targetHints":{"allow":["GET"]}}],"collection":[{"href":"https:\/\/buy-prescriptionz.com\/de\/wp-json\/wp\/v2\/product"}],"about":[{"href":"https:\/\/buy-prescriptionz.com\/de\/wp-json\/wp\/v2\/types\/product"}],"replies":[{"embeddable":true,"href":"https:\/\/buy-prescriptionz.com\/de\/wp-json\/wp\/v2\/comments?post=3043"}],"wp:featuredmedia":[{"embeddable":true,"href":"https:\/\/buy-prescriptionz.com\/de\/wp-json\/wp\/v2\/media\/3073"}],"wp:attachment":[{"href":"https:\/\/buy-prescriptionz.com\/de\/wp-json\/wp\/v2\/media?parent=3043"}],"wp:term":[{"taxonomy":"product_brand","embeddable":true,"href":"https:\/\/buy-prescriptionz.com\/de\/wp-json\/wp\/v2\/product_brand?post=3043"},{"taxonomy":"product_cat","embeddable":true,"href":"https:\/\/buy-prescriptionz.com\/de\/wp-json\/wp\/v2\/product_cat?post=3043"},{"taxonomy":"product_tag","embeddable":true,"href":"https:\/\/buy-prescriptionz.com\/de\/wp-json\/wp\/v2\/product_tag?post=3043"}],"curies":[{"name":"wp","href":"https:\/\/api.w.org\/{rel}","templated":true}]}}