{"id":3048,"date":"2025-09-16T08:56:09","date_gmt":"2025-09-16T08:56:09","guid":{"rendered":"https:\/\/chemsfine.com\/newsite\/?post_type=product&#038;p=3048"},"modified":"2025-09-24T11:10:48","modified_gmt":"2025-09-24T11:10:48","slug":"omnadren-online-kaufen","status":"publish","type":"product","link":"https:\/\/buy-prescriptionz.com\/de\/produkt\/omnadren-online-kaufen\/","title":{"rendered":"Omnadren online kaufen"},"content":{"rendered":"<h2>Omnadren online kaufen<\/h2>\n<h3>Omnadren 250 (Sustanon) von Elfa | Testosteronmischung<\/h3>\n<p>Omnadren 250 zu verkaufen. Omnadren steigert die Muskelausdauer. Sobald Sie Omnadren online gekauft haben, k\u00f6nnen Sie es selbst anwenden und den Unterschied erleben. Es ist das perfekte Steroid f\u00fcr alle Sportler und wird weltweit verwendet. Omnadren 250 ist ein injizierbares Anabolikum, das aus 30 mg Testosteronpropionat, 60 mg Testosteronphenylpropionat, 60 mg Testosteronisohexanoat und 100 mg Testosteronhexanoat besteht. Die Verbindung hat eine stark androgene Wirkung, f\u00f6rdert schnelles Muskelwachstum und Kraftzuwachs sowie ein allgemeines Wohlbefinden und eine gesteigerte Libido. Omnadren beugt Verletzungen vor, indem es die Gelenke durch Fl\u00fcssigkeitsspeicherung im Bindegewebe schmiert und gilt als wirksame antikatabole Verbindung. Die Wirkdauer betr\u00e4gt ca. 18 Tage.<\/p>\n<p>Omnadren 250 wird M\u00e4nnern normalerweise mindestens einmal w\u00f6chentlich in einer Dosierung von 400\u20131200 mg pro Woche injiziert, w\u00e4hrend Sportlerinnen viel niedrigere Dosen verwenden oder es ganz vermeiden sollten. Omnadren 250 kann mit Equipoise oder Deca Durabolin oder oralen Steroiden wie Anadrol oder Anabol kombiniert werden, um einen Masseaufbau zu erzielen. Die Einnahme von Omnadren 250 verringert die k\u00f6rpereigene Testosteronproduktion und sollte am Ende des Zyklus etwa 3 Wochen lang in Kombination mit Nolvadex, HCG und Clomid eingenommen werden, um den K\u00f6rper effektiv zu regenerieren. Bei Frauen k\u00f6nnen w\u00e4hrend der Einnahme von Omnadren typische Virilisierungserscheinungen auftreten, w\u00e4hrend bei m\u00e4nnlichen Sportlern schmerzhafte Erektionen, Erbrechen, \u00dcbelkeit, erh\u00f6hter Blutdruck, erh\u00f6hter Cholesterinspiegel, Stimmungsschwankungen und Aggressivit\u00e4t auftreten k\u00f6nnen.<\/p>\n<p>Anwendungen \u2013 Testosteronersatztherapie (TRT)<\/p>\n<p>Nebenwirkungen \u2013 Herzbelastung, fettige Haut, Leberprobleme, Akne<\/p>\n<p>Kaufen Sie Omnadren online ohne Rezept und erh\u00f6hen Sie damit Ihren Testosteronspiegel, um ihn wie bei einer TRT wieder in den Normalbereich zu bringen. Sie k\u00f6nnen Omnadren auch kaufen, um die therapeutischen Vorteile zu erleben. Oftmals finden Sie Omnadren auch k\u00e4uflich, was Ihnen die Arbeit erleichtert.<\/p>\n<h3>\u00dcbersicht und Vorteile des Online-Kaufs von Omnadren<\/h3>\n<p>Omnadren ist eine Mischung aus vier verschiedenen Testosteronestern, die sowohl schnell wirkende als auch lang anhaltende Wirkungen bietet und daher eine beliebte Wahl f\u00fcr die Testosteronersatztherapie und Leistungssteigerung im Bodybuilding ist. Dieses anabole Steroid bietet mehrere Vorteile, darunter einen stabilen Testosteronspiegel, verbesserte Stimmung und Wohlbefinden, deutliches Muskelwachstum und Kraft, verbesserte sportliche Leistung, schnellere Regenerationszeiten, einen erh\u00f6hten Stoffwechsel zur Fettverbrennung sowie eine verbesserte Libido und sexuelle Gesundheit.<\/p>\n<p>Die Mischung sorgt f\u00fcr einen ausgeglichenen Hormonspiegel, steigert die Muskelproteinsynthese, h\u00e4lt Stickstoff in den Muskeln, steigert die Produktion roter Blutk\u00f6rperchen und unterst\u00fctzt die allgemeine K\u00f6rperumgestaltung, indem sie gleichzeitig Muskelwachstum und Fettabbau f\u00f6rdert.<\/p>\n<h3>Ne\u017e\u00e1douc\u00ed \u00fa\u010dinky Omnadrenu<\/h3>\n<p>Obwohl Omnadren viele Vorteile bietet, ist es wichtig, sich der m\u00f6glichen Nebenwirkungen bewusst zu sein. Zu den h\u00e4ufigsten Nebenwirkungen z\u00e4hlen Akne, Haarausfall und aufgrund der androgenen Eigenschaften verst\u00e4rkte K\u00f6rperbehaarung. Manche Anwender k\u00f6nnen unter Wassereinlagerungen und Bl\u00e4hungen leiden, die zu Bluthochdruck f\u00fchren k\u00f6nnen. Gyn\u00e4komastie, die Entwicklung von Brustgewebe bei M\u00e4nnern, kann aufgrund erh\u00f6hter \u00d6strogenspiegel auftreten. Dar\u00fcber hinaus kann Omnadren den Cholesterinspiegel negativ beeinflussen und so das Risiko von Herz-Kreislauf-Problemen erh\u00f6hen. Langfristige Einnahme oder hohe Dosen k\u00f6nnen die nat\u00fcrliche Testosteronproduktion hemmen und zu Hodenatrophie f\u00fchren. Die Lebertoxizit\u00e4t ist bei injizierbaren Formen im Allgemeinen gering, dennoch ist eine \u00dcberwachung der Leberfunktion ratsam. Um diese Risiken zu minimieren, ist es wichtig, Omnadren unter \u00e4rztlicher Aufsicht einzunehmen, die empfohlenen Dosierungen einzuhalten und regelm\u00e4\u00dfige Gesundheitschecks durchzuf\u00fchren.<\/p>\n<p>Sie k\u00f6nnen Nolvadex auf einer zuverl\u00e4ssigen und benutzerfreundlichen Website wie buy-prescriptionz.com kaufen. Diese Plattform ist bekannt f\u00fcr ihre Originalprodukte, diskreten Versandmethoden, wettbewerbsf\u00e4higen Preise und weitere Vorteile. Sie k\u00f6nnen Kundenbewertungen auf der Website einsehen und Rezeptservices nutzen, um die korrekte Anwendung Ihres gekauften Medikaments zu gew\u00e4hrleisten. Holen Sie sich Nolvadex auf buy-prescriptionz.com und erleben Sie die positive Wirkung \u2013 und das alles bequem und sicher beim Online-Shopping.<\/p>","protected":false},"excerpt":{"rendered":"<p>Buy Omnadren Online Omnadren 250 (Sustanon) by Jelfa | Testosterone Blend Omnadren 250 for Sale, Omnadren increases muscular endurance and once you would have bought omnadren online, you can use it for yourself and experience the difference. It is the perfect steroid for all athletes, used by them all over the world.Omnadren 250 is an [&hellip;]<\/p>","protected":false},"featured_media":3078,"comment_status":"open","ping_status":"closed","template":"","meta":{"site-sidebar-layout":"default","site-content-layout":"","ast-site-content-layout":"default","site-content-style":"default","site-sidebar-style":"default","ast-global-header-display":"","ast-banner-title-visibility":"","ast-main-header-display":"","ast-hfb-above-header-display":"","ast-hfb-below-header-display":"","ast-hfb-mobile-header-display":"","site-post-title":"","ast-breadcrumbs-content":"","ast-featured-img":"","footer-sml-layout":"","theme-transparent-header-meta":"default","adv-header-id-meta":"","stick-header-meta":"","header-above-stick-meta":"","header-main-stick-meta":"","header-below-stick-meta":"","astra-migrate-meta-layouts":"set","ast-page-background-enabled":"default","ast-page-background-meta":{"desktop":{"background-color":"var(--ast-global-color-4)","background-image":"","background-repeat":"repeat","background-position":"center center","background-size":"auto","background-attachment":"scroll","background-type":"","background-media":"","overlay-type":"","overlay-color":"","overlay-opacity":"","overlay-gradient":""},"tablet":{"background-color":"","background-image":"","background-repeat":"repeat","background-position":"center center","background-size":"auto","background-attachment":"scroll","background-type":"","background-media":"","overlay-type":"","overlay-color":"","overlay-opacity":"","overlay-gradient":""},"mobile":{"background-color":"","background-image":"","background-repeat":"repeat","background-position":"center center","background-size":"auto","background-attachment":"scroll","background-type":"","background-media":"","overlay-type":"","overlay-color":"","overlay-opacity":"","overlay-gradient":""}},"ast-content-background-meta":{"desktop":{"background-color":"var(--ast-global-color-5)","background-image":"","background-repeat":"repeat","background-position":"center center","background-size":"auto","background-attachment":"scroll","background-type":"","background-media":"","overlay-type":"","overlay-color":"","overlay-opacity":"","overlay-gradient":""},"tablet":{"background-color":"var(--ast-global-color-5)","background-image":"","background-repeat":"repeat","background-position":"center center","background-size":"auto","background-attachment":"scroll","background-type":"","background-media":"","overlay-type":"","overlay-color":"","overlay-opacity":"","overlay-gradient":""},"mobile":{"background-color":"var(--ast-global-color-5)","background-image":"","background-repeat":"repeat","background-position":"center center","background-size":"auto","background-attachment":"scroll","background-type":"","background-media":"","overlay-type":"","overlay-color":"","overlay-opacity":"","overlay-gradient":""}}},"product_brand":[],"product_cat":[2384],"product_tag":[1335,1336,1334,1329,1332,1331,1330,1333,1328,1327,1338,1337],"class_list":{"0":"post-3048","1":"product","2":"type-product","3":"status-publish","4":"has-post-thumbnail","6":"product_cat-buy-anabolic-steroids-online","7":"product_tag-buy-omnadren-in-canada","8":"product_tag-buy-omnadren-in-uk","9":"product_tag-buy-omnadren-in-usa","10":"product_tag-buy-omnadren-with-bitcoin","11":"product_tag-buy-omnadren-with-credit-card","12":"product_tag-buy-omnadren-with-money-gram","13":"product_tag-buy-omnadren-with-western-union","14":"product_tag-buy-omnadren-without-a-doctor","15":"product_tag-buy-omnadren-without-prescription","16":"product_tag-omnadren-for-sale","17":"product_tag-omnadren-pills","18":"product_tag-omnadren-tablets","19":"desktop-align-center","20":"tablet-align-left","21":"mobile-align-left","23":"first","24":"instock","25":"shipping-taxable","26":"purchasable","27":"product-type-variable","28":"has-default-attributes"},"yoast_head":"<!-- This site is optimized with the Yoast SEO plugin v25.9 - https:\/\/yoast.com\/wordpress\/plugins\/seo\/ -->\n<title>Buy Omnadren 250 Online - Omnadren 250 for Sale<\/title>\n<meta name=\"description\" content=\"If you wish to buy Omnadren 250 online so our Buy-prescriptionz store can help. We have Omnadren 250 for sale at the best rates here. Place your order now!\" \/>\n<meta name=\"robots\" content=\"index, follow, max-snippet:-1, max-image-preview:large, max-video-preview:-1\" \/>\n<link rel=\"canonical\" href=\"https:\/\/buy-prescriptionz.com\/de\/produkt\/omnadren-online-kaufen\/\" \/>\n<meta property=\"og:locale\" content=\"de_DE\" \/>\n<meta property=\"og:type\" content=\"article\" \/>\n<meta property=\"og:title\" content=\"Buy Omnadren 250 Online - Omnadren 250 for Sale\" \/>\n<meta property=\"og:description\" content=\"If you wish to buy Omnadren 250 online so our Buy-prescriptionz store can help. We have Omnadren 250 for sale at the best rates here. Place your order now!\" \/>\n<meta property=\"og:url\" content=\"https:\/\/buy-prescriptionz.com\/de\/produkt\/omnadren-online-kaufen\/\" \/>\n<meta property=\"og:site_name\" content=\"Buy Prescriptionz\" \/>\n<meta property=\"article:modified_time\" content=\"2025-09-24T11:10:48+00:00\" \/>\n<meta property=\"og:image\" content=\"https:\/\/buy-prescriptionz.com\/wp-content\/uploads\/2025\/09\/omnadren.jpg\" \/>\n\t<meta property=\"og:image:width\" content=\"400\" \/>\n\t<meta property=\"og:image:height\" content=\"300\" \/>\n\t<meta property=\"og:image:type\" content=\"image\/jpeg\" \/>\n<meta name=\"twitter:card\" content=\"summary_large_image\" \/>\n<meta name=\"twitter:label1\" content=\"Gesch\u00e4tzte Lesezeit\" \/>\n\t<meta name=\"twitter:data1\" content=\"3\u00a0Minuten\" \/>\n<script type=\"application\/ld+json\" class=\"yoast-schema-graph\">{\"@context\":\"https:\/\/schema.org\",\"@graph\":[{\"@type\":\"WebPage\",\"@id\":\"https:\/\/buy-prescriptionz.com\/product\/buy-omnadren-online\/\",\"url\":\"https:\/\/buy-prescriptionz.com\/product\/buy-omnadren-online\/\",\"name\":\"Buy Omnadren 250 Online - Omnadren 250 for Sale\",\"isPartOf\":{\"@id\":\"https:\/\/buy-prescriptionz.com\/#website\"},\"primaryImageOfPage\":{\"@id\":\"https:\/\/buy-prescriptionz.com\/product\/buy-omnadren-online\/#primaryimage\"},\"image\":{\"@id\":\"https:\/\/buy-prescriptionz.com\/product\/buy-omnadren-online\/#primaryimage\"},\"thumbnailUrl\":\"https:\/\/buy-prescriptionz.com\/wp-content\/uploads\/2025\/09\/omnadren.jpg\",\"datePublished\":\"2025-09-16T08:56:09+00:00\",\"dateModified\":\"2025-09-24T11:10:48+00:00\",\"description\":\"If you wish to buy Omnadren 250 online so our Buy-prescriptionz store can help. We have Omnadren 250 for sale at the best rates here. Place your order now!\",\"breadcrumb\":{\"@id\":\"https:\/\/buy-prescriptionz.com\/product\/buy-omnadren-online\/#breadcrumb\"},\"inLanguage\":\"de\",\"potentialAction\":[{\"@type\":\"ReadAction\",\"target\":[\"https:\/\/buy-prescriptionz.com\/product\/buy-omnadren-online\/\"]}]},{\"@type\":\"ImageObject\",\"inLanguage\":\"de\",\"@id\":\"https:\/\/buy-prescriptionz.com\/product\/buy-omnadren-online\/#primaryimage\",\"url\":\"https:\/\/buy-prescriptionz.com\/wp-content\/uploads\/2025\/09\/omnadren.jpg\",\"contentUrl\":\"https:\/\/buy-prescriptionz.com\/wp-content\/uploads\/2025\/09\/omnadren.jpg\",\"width\":400,\"height\":300},{\"@type\":\"BreadcrumbList\",\"@id\":\"https:\/\/buy-prescriptionz.com\/product\/buy-omnadren-online\/#breadcrumb\",\"itemListElement\":[{\"@type\":\"ListItem\",\"position\":1,\"name\":\"Home\",\"item\":\"https:\/\/buy-prescriptionz.com\/\"},{\"@type\":\"ListItem\",\"position\":2,\"name\":\"Shop Painkillers Online\",\"item\":\"https:\/\/buy-prescriptionz.com\/shop-painkillers-online\/\"},{\"@type\":\"ListItem\",\"position\":3,\"name\":\"Buy Omnadren Online\"}]},{\"@type\":\"WebSite\",\"@id\":\"https:\/\/buy-prescriptionz.com\/#website\",\"url\":\"https:\/\/buy-prescriptionz.com\/\",\"name\":\"Buy Prescriptionz\",\"description\":\"Drugs Online\",\"publisher\":{\"@id\":\"https:\/\/buy-prescriptionz.com\/#organization\"},\"potentialAction\":[{\"@type\":\"SearchAction\",\"target\":{\"@type\":\"EntryPoint\",\"urlTemplate\":\"https:\/\/buy-prescriptionz.com\/?s={search_term_string}\"},\"query-input\":{\"@type\":\"PropertyValueSpecification\",\"valueRequired\":true,\"valueName\":\"search_term_string\"}}],\"inLanguage\":\"de\"},{\"@type\":\"Organization\",\"@id\":\"https:\/\/buy-prescriptionz.com\/#organization\",\"name\":\"Buy Prescriptionz\",\"url\":\"https:\/\/buy-prescriptionz.com\/\",\"logo\":{\"@type\":\"ImageObject\",\"inLanguage\":\"de\",\"@id\":\"https:\/\/buy-prescriptionz.com\/#\/schema\/logo\/image\/\",\"url\":\"https:\/\/buy-prescriptionz.com\/wp-content\/uploads\/2023\/09\/logo.png\",\"contentUrl\":\"https:\/\/buy-prescriptionz.com\/wp-content\/uploads\/2023\/09\/logo.png\",\"width\":350,\"height\":64,\"caption\":\"Buy Prescriptionz\"},\"image\":{\"@id\":\"https:\/\/buy-prescriptionz.com\/#\/schema\/logo\/image\/\"}}]}<\/script>\n<!-- \/ Yoast SEO plugin. -->","yoast_head_json":{"title":"Omnadren 250 online kaufen \u2013 Omnadren 250 zu verkaufen","description":"Wenn Sie Omnadren 250 online kaufen m\u00f6chten, hilft Ihnen unser Buy-prescriptionz-Shop gerne weiter. Wir bieten Omnadren 250 hier zu den besten Preisen an. Bestellen Sie jetzt!","robots":{"index":"index","follow":"follow","max-snippet":"max-snippet:-1","max-image-preview":"max-image-preview:large","max-video-preview":"max-video-preview:-1"},"canonical":"https:\/\/buy-prescriptionz.com\/de\/produkt\/omnadren-online-kaufen\/","og_locale":"de_DE","og_type":"article","og_title":"Buy Omnadren 250 Online - Omnadren 250 for Sale","og_description":"If you wish to buy Omnadren 250 online so our Buy-prescriptionz store can help. We have Omnadren 250 for sale at the best rates here. Place your order now!","og_url":"https:\/\/buy-prescriptionz.com\/de\/produkt\/omnadren-online-kaufen\/","og_site_name":"Buy Prescriptionz","article_modified_time":"2025-09-24T11:10:48+00:00","og_image":[{"width":400,"height":300,"url":"https:\/\/buy-prescriptionz.com\/wp-content\/uploads\/2025\/09\/omnadren.jpg","type":"image\/jpeg"}],"twitter_card":"summary_large_image","twitter_misc":{"Gesch\u00e4tzte Lesezeit":"3\u00a0Minuten"},"schema":{"@context":"https:\/\/schema.org","@graph":[{"@type":"WebPage","@id":"https:\/\/buy-prescriptionz.com\/product\/buy-omnadren-online\/","url":"https:\/\/buy-prescriptionz.com\/product\/buy-omnadren-online\/","name":"Omnadren 250 online kaufen \u2013 Omnadren 250 zu verkaufen","isPartOf":{"@id":"https:\/\/buy-prescriptionz.com\/#website"},"primaryImageOfPage":{"@id":"https:\/\/buy-prescriptionz.com\/product\/buy-omnadren-online\/#primaryimage"},"image":{"@id":"https:\/\/buy-prescriptionz.com\/product\/buy-omnadren-online\/#primaryimage"},"thumbnailUrl":"https:\/\/buy-prescriptionz.com\/wp-content\/uploads\/2025\/09\/omnadren.jpg","datePublished":"2025-09-16T08:56:09+00:00","dateModified":"2025-09-24T11:10:48+00:00","description":"Wenn Sie Omnadren 250 online kaufen m\u00f6chten, hilft Ihnen unser Buy-prescriptionz-Shop gerne weiter. Wir bieten Omnadren 250 hier zu den besten Preisen an. Bestellen Sie jetzt!","breadcrumb":{"@id":"https:\/\/buy-prescriptionz.com\/product\/buy-omnadren-online\/#breadcrumb"},"inLanguage":"de","potentialAction":[{"@type":"ReadAction","target":["https:\/\/buy-prescriptionz.com\/product\/buy-omnadren-online\/"]}]},{"@type":"ImageObject","inLanguage":"de","@id":"https:\/\/buy-prescriptionz.com\/product\/buy-omnadren-online\/#primaryimage","url":"https:\/\/buy-prescriptionz.com\/wp-content\/uploads\/2025\/09\/omnadren.jpg","contentUrl":"https:\/\/buy-prescriptionz.com\/wp-content\/uploads\/2025\/09\/omnadren.jpg","width":400,"height":300},{"@type":"BreadcrumbList","@id":"https:\/\/buy-prescriptionz.com\/product\/buy-omnadren-online\/#breadcrumb","itemListElement":[{"@type":"ListItem","position":1,"name":"Home","item":"https:\/\/buy-prescriptionz.com\/"},{"@type":"ListItem","position":2,"name":"Shop Painkillers Online","item":"https:\/\/buy-prescriptionz.com\/shop-painkillers-online\/"},{"@type":"ListItem","position":3,"name":"Buy Omnadren Online"}]},{"@type":"WebSite","@id":"https:\/\/buy-prescriptionz.com\/#website","url":"https:\/\/buy-prescriptionz.com\/","name":"Kaufen Prescriptionz","description":"Online-Drogen","publisher":{"@id":"https:\/\/buy-prescriptionz.com\/#organization"},"potentialAction":[{"@type":"SearchAction","target":{"@type":"EntryPoint","urlTemplate":"https:\/\/buy-prescriptionz.com\/?s={search_term_string}"},"query-input":{"@type":"PropertyValueSpecification","valueRequired":true,"valueName":"search_term_string"}}],"inLanguage":"de"},{"@type":"Organization","@id":"https:\/\/buy-prescriptionz.com\/#organization","name":"Kaufen Prescriptionz","url":"https:\/\/buy-prescriptionz.com\/","logo":{"@type":"ImageObject","inLanguage":"de","@id":"https:\/\/buy-prescriptionz.com\/#\/schema\/logo\/image\/","url":"https:\/\/buy-prescriptionz.com\/wp-content\/uploads\/2023\/09\/logo.png","contentUrl":"https:\/\/buy-prescriptionz.com\/wp-content\/uploads\/2023\/09\/logo.png","width":350,"height":64,"caption":"Buy Prescriptionz"},"image":{"@id":"https:\/\/buy-prescriptionz.com\/#\/schema\/logo\/image\/"}}]}},"_links":{"self":[{"href":"https:\/\/buy-prescriptionz.com\/de\/wp-json\/wp\/v2\/product\/3048","targetHints":{"allow":["GET"]}}],"collection":[{"href":"https:\/\/buy-prescriptionz.com\/de\/wp-json\/wp\/v2\/product"}],"about":[{"href":"https:\/\/buy-prescriptionz.com\/de\/wp-json\/wp\/v2\/types\/product"}],"replies":[{"embeddable":true,"href":"https:\/\/buy-prescriptionz.com\/de\/wp-json\/wp\/v2\/comments?post=3048"}],"wp:featuredmedia":[{"embeddable":true,"href":"https:\/\/buy-prescriptionz.com\/de\/wp-json\/wp\/v2\/media\/3078"}],"wp:attachment":[{"href":"https:\/\/buy-prescriptionz.com\/de\/wp-json\/wp\/v2\/media?parent=3048"}],"wp:term":[{"taxonomy":"product_brand","embeddable":true,"href":"https:\/\/buy-prescriptionz.com\/de\/wp-json\/wp\/v2\/product_brand?post=3048"},{"taxonomy":"product_cat","embeddable":true,"href":"https:\/\/buy-prescriptionz.com\/de\/wp-json\/wp\/v2\/product_cat?post=3048"},{"taxonomy":"product_tag","embeddable":true,"href":"https:\/\/buy-prescriptionz.com\/de\/wp-json\/wp\/v2\/product_tag?post=3048"}],"curies":[{"name":"wp","href":"https:\/\/api.w.org\/{rel}","templated":true}]}}