{"id":3053,"date":"2025-09-16T08:56:09","date_gmt":"2025-09-16T08:56:09","guid":{"rendered":"https:\/\/chemsfine.com\/newsite\/?post_type=product&#038;p=3053"},"modified":"2025-09-26T17:48:15","modified_gmt":"2025-09-26T17:48:15","slug":"vicoprofen-online-kaufen","status":"publish","type":"product","link":"https:\/\/buy-prescriptionz.com\/de\/produkt\/vicoprofen-online-kaufen\/","title":{"rendered":"Vicoprofen online kaufen"},"content":{"rendered":"<h2>Vicoprofen online kaufen<\/h2>\n<h3>Buy Vicoprofen Online,What are hydrocodone and ibuprofen, and how can it work (system of activity)?<\/h3>\n<p>Buy Vicoprofen Online, it is a mix of a narcotic pain-relieving (hydrocodone bitartrate, an agony reliever identified with opiates) and a nonsteroidal mitigating drug (ibuprofen). The two meds are powerful for agony the board. It is evaluated that one tablet of Vicoprofen is as compelling as two tablets of Tylenol #3 (acetaminophen 300 mg in addition to codeine 30 mg). Vicoprofen was affirmed by the FDA in 1997.<\/p>\n<p>Vicoprofen wird bei mittelschweren bis starken Schmerzen eingesetzt, wenn st\u00e4rkere Medikamente erforderlich sind. Es enth\u00e4lt Hydrocodon, ein st\u00e4rkeres opioides Schmerzmittel, und Ibuprofen, ein rezeptfreies Schmerzmittel. Es soll starke Schmerzen lindern. Die Opioidkonzentration von Vicoprofen sollte jedoch vorsichtig und unter \u00e4rztlicher Aufsicht angewendet werden, um Abh\u00e4ngigkeit und Nebenwirkungen zu vermeiden. Lassen Sie sich immer von Ihrem Arzt best\u00e4tigen, dass es f\u00fcr Ihre Schmerzbehandlung geeignet ist. Kaufen Sie nur in der besten Apotheke: Buy-prescriptionz.com.<\/p>\n<p><strong>What brand names are accessible for hydrocodone and ibuprofen?<\/strong><\/p>\n<p>Vicoprofen, Reprexain, Xylon<\/p>\n<p><strong>Are hydrocodone and ibuprofen accessible as a nonexclusive medication?<\/strong><\/p>\n<p>Conventional AVAILABLE: Yes<\/p>\n<p><strong>Do I need a remedy for hydrocodone and ibuprofen?<\/strong><\/p>\n<p>Indeed<\/p>\n<p><strong>What are the utilizations for hydrocodone and ibuprofen?<\/strong><\/p>\n<p>Hydrocodone and ibuprofen (Vicoprofen) is a narcotic pain-relieving endorsed for the administration of moderate to extreme agony, utilized on a transient premise.<\/p>\n<h3>Buy vicoprofen online. <strong>What are the symptoms of hydrocodone and ibuprofen?<\/strong><\/h3>\n<p><strong>The most successive symptoms experienced with hydrocodone include:<\/strong><\/p>\n<p>dizziness,<\/p>\n<p>dazedness,<\/p>\n<p>sedation,<\/p>\n<p>sickness,<\/p>\n<p>dyspepsia (acid reflux),<\/p>\n<p>regurgitating,<\/p>\n<p>uneasiness,<\/p>\n<p>anxiety, and<\/p>\n<p>sluggishness (languor).<\/p>\n<h3>Vicoprofen-Dosis<\/h3>\n<p>Das beste Vicoprofen behandelt akute Schmerzen. \u00dcber seine Dosierung:<\/p>\n<p>Sicherer Start: Um die Abh\u00e4ngigkeit und die negativen Auswirkungen zu verringern, wird Ihr Arzt Ihnen die niedrigste wirksame Dosis f\u00fcr die k\u00fcrzeste Zeit verschreiben.<\/p>\n<p>Typische Dosis: Die \u00fcbliche Dosis zur Schmerzbehandlung betr\u00e4gt eine Tablette alle 4\u20136 Stunden. \u00dcberschreiten Sie nicht die von Ihrem Arzt verordnete Tagesdosis von in der Regel 5 Tabletten.<br \/>\nDie Dauer ist wichtig: Vicoprofen wird zur Behandlung akuter Schmerzen empfohlen und h\u00e4lt normalerweise 10 Tage an.<\/p>\n<p>Anpassungen: Ihre Dosis kann je nach Schmerzen, Arzneimittelreaktion und gesundheitlichen Bedenken ge\u00e4ndert werden.<\/p>\n<p>Vicoprofen ist ein starkes Schmerzmittel und muss sorgf\u00e4ltig angewendet werden, um maximale Sicherheit und Wirksamkeit zu gew\u00e4hrleisten. Eine offene Kommunikation mit Ihrem Arzt \u00fcber Schmerzen und Behandlungserfolg ist unerl\u00e4sslich.<\/p>\n<h3>Was sind die Nebenwirkungen von Vicoprofen?<\/h3>\n<p>Vicoprofen wirkt gut, hat aber Nebenwirkungen. Im Folgenden finden Sie eine Zusammenfassung der m\u00f6glichen Nebenwirkungen:<\/p>\n<p>M\u00f6glicherweise treten Magenbeschwerden, \u00dcbelkeit oder Verstopfung auf. Um Magenschmerzen zu lindern, sollten Sie w\u00e4hrend der Einnahme etwas essen.<\/p>\n<p>Vicoprofen kann Schl\u00e4frigkeit oder Schwindel verursachen. Vermeiden Sie daher das Autofahren oder Bedienen schwerer Ger\u00e4te, bis Sie wissen, welche Auswirkungen es auf Sie hat.<\/p>\n<p>Kopfschmerzen und Schwindel: Ironischerweise kann es Kopfschmerzen verursachen.<\/p>\n<p>Stimmungsschwankungen oder erh\u00f6hte Angst? Das Medikament k\u00f6nnte helfen.<\/p>\n<p>Da es Hydrocodon enth\u00e4lt, kann es zu Abh\u00e4ngigkeit f\u00fchren. Nehmen Sie dies ernst und befolgen Sie die Anweisungen Ihres Arztes.<\/p>\n<p>Eine kurze Zusammenfassung: Die Nebenwirkungen von Vicoprofen k\u00f6nnen unterschiedlich sein. Wenn Sie sich Sorgen machen oder ein merkw\u00fcrdiges Gef\u00fchl haben, sprechen Sie mit Ihrem Arzt.<\/p>\n<p><strong>Other significant symptoms incorporate obstruction and fit of the ureter, which can prompt trouble in peeing.<\/strong><\/p>\n<p>The most widely recognized reactions of ibuprofen include the gastrointestinal framework. It can cause ulcerations, stomach torment, cramping, sickness, gastritis, and even genuine gastrointestinal dying. Some of the time, stomach ulceration and draining can happen without stomach agony, and dark delay stools, shortcoming, and wooziness after standing might be the main indications of inner dying. Rash, kidney weakness, ringing in the ears (tinnitus), and dizziness can likewise happen.Buy Vicoprofen Online<\/p>\n<p>Hydrocodon kann die Atmung beeintr\u00e4chtigen und wird daher bei \u00e4lteren, behinderten Patienten sowie Patienten mit Magengeschw\u00fcren oder schweren Lungenerkrankungen mit Vorsicht angewendet. Hydrocodon kann das Denkverm\u00f6gen und die zum F\u00fchren von Fahrzeugen oder zum Bedienen von Maschinen erforderlichen k\u00f6rperlichen F\u00e4higkeiten beeintr\u00e4chtigen. Hydrocodon kann gewohnheitsbildend wirken. Psychische und k\u00f6rperliche Abh\u00e4ngigkeit k\u00f6nnen auftreten, sind aber bei vor\u00fcbergehender Schmerzlinderung nicht m\u00f6glich. Was sind die Dosierungen von Hydrocodon und Ibuprofen?<\/p>\n<p>The typical portion of Vicoprofen is one tablet each 4 to 6 hours as required for agony. The maker prescribes a limit of 5 tablets for each day and a momentary span of treatment (under ten days).<\/p>\n<h3>QUESTION<\/h3>\n<p><strong>Restoratively, the expression &#8220;myalgia&#8221; alludes to what kind of agony?<\/strong><\/p>\n<p>See Answer<\/p>\n<p><strong>Which medications or enhancements associate with hydrocodone and ibuprofen?<\/strong><\/p>\n<p>Hydrocodone, as other opiate torment relievers, interfaces with prescriptions and medications that moderate the cerebrum&#8217;s procedures, for example, liquor, barbiturates, skeletal muscle relaxants including carisoprodol (Soma), cyclobenzaprine (Flexeril), and benzodiazepines (for instance, lorazepam [Ativan], and clonazepam [Klonopin]).<\/p>\n<p>Narcotics, for example, hydrocodone can slow entrail motility. At the point when joined with prescriptions that have anticholinergic action, this impact on the gut might be complemented, prompting stamped clogging. Such medications incorporate dicyclomine (Bentyl), a few antihistamines (for instance, carbinoxamine [Rondec], clemastine [Tavist], diphenhydramine [Benadryl], promethazine [Phenergan]); a few phenothiazines (for instance, thioridazine [Mellaril], triflupromazine [Stelazine]); some tricyclic antidepressants (for instance, amitriptyline [Elavil, Endep] amoxapine [Asendin], clomipramine [Anafranil], protriptyline [Vivactil]); clozapine (Clozaril), cyclobenzaprine (Flexeril), and disopyramide (Norpace). The utilization of antidiarrheals (for instance, diphenoxylate [Lomotil], loperamide [Imodium]) in people taking narcotic analgesics, for example, hydrocodone can prompt serious stoppage and perhaps more noteworthy sedation.<\/p>\n<p>Cimetidine (Tagamet), when utilized with sedative analgesics, for example, hydrocodone, can cause perplexity, bewilderment, seizures or respiratory wretchedness by expanding blood groupings of the sedative.<\/p>\n<p>Ibuprofen, which has blood diminishing (anticoagulant) properties, is utilized with alert in patients taking other blood diminishing anticoagulants, for example, warfarin (Coumadin), as a result of an expanded danger of dying. Simultaneous utilization of ibuprofen and clopidogrel (Plavix) can likewise prompt expanded danger of dying. Patients taking lithium (Eskalith, Lithobid) can create lethal blood lithium levels if ibuprofen is taken simultaneously. Ibuprofen may build methotrexate (Rheumatrex, Trexall) poisonous quality when utilized together.<\/p>\n<p>Are hydrocodone and ibuprofen safe to take in case I&#8217;m pregnant or breastfeeding?<\/p>\n<p>Hydrocodone and ibuprofen cross the placenta. Be that as it may, there isn&#8217;t sufficient data thought about the impacts of hydrocodone and ibuprofen on the hatchling. Doctors may utilize hydrocodone and ibuprofen if the advantages exceed potential dangers.<\/p>\n<p>It isn&#8217;t known whether hydrocodone is emitted in bosom milk.<\/p>\n<p>What else would it be a good idea for me to think about hydrocodone and ibuprofen?<\/p>\n<p>What arrangements of hydrocodone and ibuprofen are accessible?<\/p>\n<p>Tablets: hydrocodone bitartrate 7.5 mg and ibuprofen 200 mg.<\/p>\n<p>By what method would it be advisable for me to keep hydrocodone and ibuprofen put away?<\/p>\n<p>Tablets ought to be put away at room temperature between 15 C &#8211; 30 C (59 F &#8211; 86 F).<\/p>\n<p>Most recent Chronic Pain News<\/p>\n<p>Could CBD Treat Opioid Addiction?<\/p>\n<p>Less Pain, More Car Crashes: Legalized Marijuana<\/p>\n<p>Hypnotherapy, Alternative to Opioids for Pain?<\/p>\n<p>Researchers Spot Unexpected Player in Fibromyalgia<\/p>\n<p>1 of every 4 American Workers Struggles With Back Pain<\/p>\n<p>Need More News? Pursue Buyprescriptionz Newsletters!<\/p>\n<p>Day by day Health News<\/p>\n<p>Exercise Hunger-Cutting Effects<\/p>\n<p>Is Chlamydia Vaccine Effective?<\/p>\n<p>Long Workouts, Heart Problems<\/p>\n<p>Dentures During Surgery<\/p>\n<p>Basic Football Cause of Death<\/p>\n<p>XML More Health News \u00bb<\/p>\n<p>Drifting on Buyprescriptionz<\/p>\n<p>Dengue Fever<\/p>\n<p>Hepatitis A<\/p>\n<p>Ebola Virus<\/p>\n<p>Early Pregnancy Symptoms and Signs<\/p>\n<p>Hack<\/p>\n<p>Rundown<\/p>\n<p>Hydrocodone and ibuprofen (Vicoprofen) is a narcotic pain-relieving endorsed for the administration of moderate to serious torment, utilized on a transient premise. Survey symptoms, sedate communications, admonitions and insurances before taking any prescription.<\/p>","protected":false},"excerpt":{"rendered":"<p>Buy Vicoprofen Online Buy Vicoprofen Online,What are hydrocodone and ibuprofen, and how can it work (system of activity)? Buy Vicoprofen Online, it is a mix of a narcotic pain-relieving (hydrocodone bitartrate, an agony reliever identified with opiates) and a nonsteroidal mitigating drug (ibuprofen). The two meds are powerful for agony the board. It is evaluated [&hellip;]<\/p>","protected":false},"featured_media":3083,"comment_status":"open","ping_status":"closed","template":"","meta":{"site-sidebar-layout":"default","site-content-layout":"","ast-site-content-layout":"default","site-content-style":"default","site-sidebar-style":"default","ast-global-header-display":"","ast-banner-title-visibility":"","ast-main-header-display":"","ast-hfb-above-header-display":"","ast-hfb-below-header-display":"","ast-hfb-mobile-header-display":"","site-post-title":"","ast-breadcrumbs-content":"","ast-featured-img":"","footer-sml-layout":"","theme-transparent-header-meta":"default","adv-header-id-meta":"","stick-header-meta":"","header-above-stick-meta":"","header-main-stick-meta":"","header-below-stick-meta":"","astra-migrate-meta-layouts":"set","ast-page-background-enabled":"default","ast-page-background-meta":{"desktop":{"background-color":"var(--ast-global-color-4)","background-image":"","background-repeat":"repeat","background-position":"center center","background-size":"auto","background-attachment":"scroll","background-type":"","background-media":"","overlay-type":"","overlay-color":"","overlay-opacity":"","overlay-gradient":""},"tablet":{"background-color":"","background-image":"","background-repeat":"repeat","background-position":"center center","background-size":"auto","background-attachment":"scroll","background-type":"","background-media":"","overlay-type":"","overlay-color":"","overlay-opacity":"","overlay-gradient":""},"mobile":{"background-color":"","background-image":"","background-repeat":"repeat","background-position":"center center","background-size":"auto","background-attachment":"scroll","background-type":"","background-media":"","overlay-type":"","overlay-color":"","overlay-opacity":"","overlay-gradient":""}},"ast-content-background-meta":{"desktop":{"background-color":"var(--ast-global-color-5)","background-image":"","background-repeat":"repeat","background-position":"center center","background-size":"auto","background-attachment":"scroll","background-type":"","background-media":"","overlay-type":"","overlay-color":"","overlay-opacity":"","overlay-gradient":""},"tablet":{"background-color":"var(--ast-global-color-5)","background-image":"","background-repeat":"repeat","background-position":"center center","background-size":"auto","background-attachment":"scroll","background-type":"","background-media":"","overlay-type":"","overlay-color":"","overlay-opacity":"","overlay-gradient":""},"mobile":{"background-color":"var(--ast-global-color-5)","background-image":"","background-repeat":"repeat","background-position":"center center","background-size":"auto","background-attachment":"scroll","background-type":"","background-media":"","overlay-type":"","overlay-color":"","overlay-opacity":"","overlay-gradient":""}}},"product_brand":[],"product_cat":[2385],"product_tag":[1230,1231,1229,1224,1227,1226,1225,1228,1223,1222,1233,1232],"class_list":{"0":"post-3053","1":"product","2":"type-product","3":"status-publish","4":"has-post-thumbnail","6":"product_cat-buy-pain-killer-pills-online","7":"product_tag-buy-vicoprofen-in-canada","8":"product_tag-buy-vicoprofen-in-uk","9":"product_tag-buy-vicoprofen-in-usa","10":"product_tag-buy-vicoprofen-with-bitcoin","11":"product_tag-buy-vicoprofen-with-credit-card","12":"product_tag-buy-vicoprofen-with-money-gram","13":"product_tag-buy-vicoprofen-with-western-union","14":"product_tag-buy-vicoprofen-without-a-doctor","15":"product_tag-buy-vicoprofen-without-prescription","16":"product_tag-vicoprofen-for-sale","17":"product_tag-vicoprofen-pills","18":"product_tag-vicoprofen-tablets","19":"desktop-align-center","20":"tablet-align-left","21":"mobile-align-left","23":"first","24":"instock","25":"shipping-taxable","26":"purchasable","27":"product-type-variable","28":"has-default-attributes"},"yoast_head":"<!-- This site is optimized with the Yoast SEO plugin v25.9 - https:\/\/yoast.com\/wordpress\/plugins\/seo\/ -->\n<title>Buy Vicoprofen Online USA - Buy Vicoprofen Online for Sale -<\/title>\n<meta name=\"description\" content=\"Buy Vicoprofen Online, we are best sellers of this drug. we sell other drugs for pain and anxiety. we do discrete shipping and safe delBuy Vicoprofen Online\" \/>\n<meta name=\"robots\" content=\"index, follow, max-snippet:-1, max-image-preview:large, max-video-preview:-1\" \/>\n<link rel=\"canonical\" href=\"https:\/\/buy-prescriptionz.com\/de\/produkt\/vicoprofen-online-kaufen\/\" \/>\n<meta property=\"og:locale\" content=\"de_DE\" \/>\n<meta property=\"og:type\" content=\"article\" \/>\n<meta property=\"og:title\" content=\"Buy Vicoprofen Online USA - Buy Vicoprofen Online for Sale -\" \/>\n<meta property=\"og:description\" content=\"Buy Vicoprofen Online, we are best sellers of this drug. we sell other drugs for pain and anxiety. we do discrete shipping and safe delBuy Vicoprofen Online\" \/>\n<meta property=\"og:url\" content=\"https:\/\/buy-prescriptionz.com\/de\/produkt\/vicoprofen-online-kaufen\/\" \/>\n<meta property=\"og:site_name\" content=\"Buy Prescriptionz\" \/>\n<meta property=\"article:modified_time\" content=\"2025-09-26T17:48:15+00:00\" \/>\n<meta property=\"og:image\" content=\"https:\/\/buy-prescriptionz.com\/wp-content\/uploads\/2025\/09\/vicoprofen.jpg\" \/>\n\t<meta property=\"og:image:width\" content=\"400\" \/>\n\t<meta property=\"og:image:height\" content=\"300\" \/>\n\t<meta property=\"og:image:type\" content=\"image\/jpeg\" \/>\n<meta name=\"twitter:card\" content=\"summary_large_image\" \/>\n<meta name=\"twitter:label1\" content=\"Gesch\u00e4tzte Lesezeit\" \/>\n\t<meta name=\"twitter:data1\" content=\"6\u00a0Minuten\" \/>\n<script type=\"application\/ld+json\" class=\"yoast-schema-graph\">{\"@context\":\"https:\/\/schema.org\",\"@graph\":[{\"@type\":\"WebPage\",\"@id\":\"https:\/\/buy-prescriptionz.com\/es\/producto\/comprar-vicoprofeno-en-linea\/\",\"url\":\"https:\/\/buy-prescriptionz.com\/es\/producto\/comprar-vicoprofeno-en-linea\/\",\"name\":\"Buy Vicoprofen Online USA - Buy Vicoprofen Online for Sale -\",\"isPartOf\":{\"@id\":\"https:\/\/buy-prescriptionz.com\/#website\"},\"primaryImageOfPage\":{\"@id\":\"https:\/\/buy-prescriptionz.com\/es\/producto\/comprar-vicoprofeno-en-linea\/#primaryimage\"},\"image\":{\"@id\":\"https:\/\/buy-prescriptionz.com\/es\/producto\/comprar-vicoprofeno-en-linea\/#primaryimage\"},\"thumbnailUrl\":\"https:\/\/buy-prescriptionz.com\/wp-content\/uploads\/2025\/09\/vicoprofen.jpg\",\"datePublished\":\"2025-09-16T08:56:09+00:00\",\"dateModified\":\"2025-09-26T17:48:15+00:00\",\"description\":\"Buy Vicoprofen Online, we are best sellers of this drug. we sell other drugs for pain and anxiety. we do discrete shipping and safe delBuy Vicoprofen Online\",\"breadcrumb\":{\"@id\":\"https:\/\/buy-prescriptionz.com\/es\/producto\/comprar-vicoprofeno-en-linea\/#breadcrumb\"},\"inLanguage\":\"de\",\"potentialAction\":[{\"@type\":\"ReadAction\",\"target\":[\"https:\/\/buy-prescriptionz.com\/es\/producto\/comprar-vicoprofeno-en-linea\/\"]}]},{\"@type\":\"ImageObject\",\"inLanguage\":\"de\",\"@id\":\"https:\/\/buy-prescriptionz.com\/es\/producto\/comprar-vicoprofeno-en-linea\/#primaryimage\",\"url\":\"https:\/\/buy-prescriptionz.com\/wp-content\/uploads\/2025\/09\/vicoprofen.jpg\",\"contentUrl\":\"https:\/\/buy-prescriptionz.com\/wp-content\/uploads\/2025\/09\/vicoprofen.jpg\",\"width\":400,\"height\":300},{\"@type\":\"BreadcrumbList\",\"@id\":\"https:\/\/buy-prescriptionz.com\/es\/producto\/comprar-vicoprofeno-en-linea\/#breadcrumb\",\"itemListElement\":[{\"@type\":\"ListItem\",\"position\":1,\"name\":\"Home\",\"item\":\"https:\/\/buy-prescriptionz.com\/\"},{\"@type\":\"ListItem\",\"position\":2,\"name\":\"Shop Painkillers Online\",\"item\":\"https:\/\/buy-prescriptionz.com\/shop-painkillers-online\/\"},{\"@type\":\"ListItem\",\"position\":3,\"name\":\"Buy Vicoprofen Online\"}]},{\"@type\":\"WebSite\",\"@id\":\"https:\/\/buy-prescriptionz.com\/#website\",\"url\":\"https:\/\/buy-prescriptionz.com\/\",\"name\":\"Buy Prescriptionz\",\"description\":\"Drugs Online\",\"publisher\":{\"@id\":\"https:\/\/buy-prescriptionz.com\/#organization\"},\"potentialAction\":[{\"@type\":\"SearchAction\",\"target\":{\"@type\":\"EntryPoint\",\"urlTemplate\":\"https:\/\/buy-prescriptionz.com\/?s={search_term_string}\"},\"query-input\":{\"@type\":\"PropertyValueSpecification\",\"valueRequired\":true,\"valueName\":\"search_term_string\"}}],\"inLanguage\":\"de\"},{\"@type\":\"Organization\",\"@id\":\"https:\/\/buy-prescriptionz.com\/#organization\",\"name\":\"Buy Prescriptionz\",\"url\":\"https:\/\/buy-prescriptionz.com\/\",\"logo\":{\"@type\":\"ImageObject\",\"inLanguage\":\"de\",\"@id\":\"https:\/\/buy-prescriptionz.com\/#\/schema\/logo\/image\/\",\"url\":\"https:\/\/buy-prescriptionz.com\/wp-content\/uploads\/2023\/09\/logo.png\",\"contentUrl\":\"https:\/\/buy-prescriptionz.com\/wp-content\/uploads\/2023\/09\/logo.png\",\"width\":350,\"height\":64,\"caption\":\"Buy Prescriptionz\"},\"image\":{\"@id\":\"https:\/\/buy-prescriptionz.com\/#\/schema\/logo\/image\/\"}}]}<\/script>\n<!-- \/ Yoast SEO plugin. -->","yoast_head_json":{"title":"Vicoprofen online in den USA kaufen \u2013 Vicoprofen online zum Verkauf kaufen \u2013","description":"Kaufen Sie Vicoprofen online, wir sind Bestseller dieses Medikaments. Wir verkaufen auch andere Medikamente gegen Schmerzen und Angstzust\u00e4nde. Wir bieten diskreten Versand und sichere Lieferung. Kaufen Sie Vicoprofen online","robots":{"index":"index","follow":"follow","max-snippet":"max-snippet:-1","max-image-preview":"max-image-preview:large","max-video-preview":"max-video-preview:-1"},"canonical":"https:\/\/buy-prescriptionz.com\/de\/produkt\/vicoprofen-online-kaufen\/","og_locale":"de_DE","og_type":"article","og_title":"Buy Vicoprofen Online USA - Buy Vicoprofen Online for Sale -","og_description":"Buy Vicoprofen Online, we are best sellers of this drug. we sell other drugs for pain and anxiety. we do discrete shipping and safe delBuy Vicoprofen Online","og_url":"https:\/\/buy-prescriptionz.com\/de\/produkt\/vicoprofen-online-kaufen\/","og_site_name":"Buy Prescriptionz","article_modified_time":"2025-09-26T17:48:15+00:00","og_image":[{"width":400,"height":300,"url":"https:\/\/buy-prescriptionz.com\/wp-content\/uploads\/2025\/09\/vicoprofen.jpg","type":"image\/jpeg"}],"twitter_card":"summary_large_image","twitter_misc":{"Gesch\u00e4tzte Lesezeit":"6\u00a0Minuten"},"schema":{"@context":"https:\/\/schema.org","@graph":[{"@type":"WebPage","@id":"https:\/\/buy-prescriptionz.com\/es\/producto\/comprar-vicoprofeno-en-linea\/","url":"https:\/\/buy-prescriptionz.com\/es\/producto\/comprar-vicoprofeno-en-linea\/","name":"Vicoprofen online in den USA kaufen \u2013 Vicoprofen online zum Verkauf kaufen \u2013","isPartOf":{"@id":"https:\/\/buy-prescriptionz.com\/#website"},"primaryImageOfPage":{"@id":"https:\/\/buy-prescriptionz.com\/es\/producto\/comprar-vicoprofeno-en-linea\/#primaryimage"},"image":{"@id":"https:\/\/buy-prescriptionz.com\/es\/producto\/comprar-vicoprofeno-en-linea\/#primaryimage"},"thumbnailUrl":"https:\/\/buy-prescriptionz.com\/wp-content\/uploads\/2025\/09\/vicoprofen.jpg","datePublished":"2025-09-16T08:56:09+00:00","dateModified":"2025-09-26T17:48:15+00:00","description":"Kaufen Sie Vicoprofen online, wir sind Bestseller dieses Medikaments. Wir verkaufen auch andere Medikamente gegen Schmerzen und Angstzust\u00e4nde. Wir bieten diskreten Versand und sichere Lieferung. Kaufen Sie Vicoprofen online","breadcrumb":{"@id":"https:\/\/buy-prescriptionz.com\/es\/producto\/comprar-vicoprofeno-en-linea\/#breadcrumb"},"inLanguage":"de","potentialAction":[{"@type":"ReadAction","target":["https:\/\/buy-prescriptionz.com\/es\/producto\/comprar-vicoprofeno-en-linea\/"]}]},{"@type":"ImageObject","inLanguage":"de","@id":"https:\/\/buy-prescriptionz.com\/es\/producto\/comprar-vicoprofeno-en-linea\/#primaryimage","url":"https:\/\/buy-prescriptionz.com\/wp-content\/uploads\/2025\/09\/vicoprofen.jpg","contentUrl":"https:\/\/buy-prescriptionz.com\/wp-content\/uploads\/2025\/09\/vicoprofen.jpg","width":400,"height":300},{"@type":"BreadcrumbList","@id":"https:\/\/buy-prescriptionz.com\/es\/producto\/comprar-vicoprofeno-en-linea\/#breadcrumb","itemListElement":[{"@type":"ListItem","position":1,"name":"Home","item":"https:\/\/buy-prescriptionz.com\/"},{"@type":"ListItem","position":2,"name":"Shop Painkillers Online","item":"https:\/\/buy-prescriptionz.com\/shop-painkillers-online\/"},{"@type":"ListItem","position":3,"name":"Buy Vicoprofen Online"}]},{"@type":"WebSite","@id":"https:\/\/buy-prescriptionz.com\/#website","url":"https:\/\/buy-prescriptionz.com\/","name":"Kaufen Prescriptionz","description":"Online-Drogen","publisher":{"@id":"https:\/\/buy-prescriptionz.com\/#organization"},"potentialAction":[{"@type":"SearchAction","target":{"@type":"EntryPoint","urlTemplate":"https:\/\/buy-prescriptionz.com\/?s={search_term_string}"},"query-input":{"@type":"PropertyValueSpecification","valueRequired":true,"valueName":"search_term_string"}}],"inLanguage":"de"},{"@type":"Organization","@id":"https:\/\/buy-prescriptionz.com\/#organization","name":"Kaufen Prescriptionz","url":"https:\/\/buy-prescriptionz.com\/","logo":{"@type":"ImageObject","inLanguage":"de","@id":"https:\/\/buy-prescriptionz.com\/#\/schema\/logo\/image\/","url":"https:\/\/buy-prescriptionz.com\/wp-content\/uploads\/2023\/09\/logo.png","contentUrl":"https:\/\/buy-prescriptionz.com\/wp-content\/uploads\/2023\/09\/logo.png","width":350,"height":64,"caption":"Buy Prescriptionz"},"image":{"@id":"https:\/\/buy-prescriptionz.com\/#\/schema\/logo\/image\/"}}]}},"_links":{"self":[{"href":"https:\/\/buy-prescriptionz.com\/de\/wp-json\/wp\/v2\/product\/3053","targetHints":{"allow":["GET"]}}],"collection":[{"href":"https:\/\/buy-prescriptionz.com\/de\/wp-json\/wp\/v2\/product"}],"about":[{"href":"https:\/\/buy-prescriptionz.com\/de\/wp-json\/wp\/v2\/types\/product"}],"replies":[{"embeddable":true,"href":"https:\/\/buy-prescriptionz.com\/de\/wp-json\/wp\/v2\/comments?post=3053"}],"wp:featuredmedia":[{"embeddable":true,"href":"https:\/\/buy-prescriptionz.com\/de\/wp-json\/wp\/v2\/media\/3083"}],"wp:attachment":[{"href":"https:\/\/buy-prescriptionz.com\/de\/wp-json\/wp\/v2\/media?parent=3053"}],"wp:term":[{"taxonomy":"product_brand","embeddable":true,"href":"https:\/\/buy-prescriptionz.com\/de\/wp-json\/wp\/v2\/product_brand?post=3053"},{"taxonomy":"product_cat","embeddable":true,"href":"https:\/\/buy-prescriptionz.com\/de\/wp-json\/wp\/v2\/product_cat?post=3053"},{"taxonomy":"product_tag","embeddable":true,"href":"https:\/\/buy-prescriptionz.com\/de\/wp-json\/wp\/v2\/product_tag?post=3053"}],"curies":[{"name":"wp","href":"https:\/\/api.w.org\/{rel}","templated":true}]}}