{"id":3055,"date":"2025-09-16T08:56:09","date_gmt":"2025-09-16T08:56:09","guid":{"rendered":"https:\/\/chemsfine.com\/newsite\/?post_type=product&#038;p=3055"},"modified":"2025-09-27T09:36:07","modified_gmt":"2025-09-27T09:36:07","slug":"soma-generikum","status":"publish","type":"product","link":"https:\/\/buy-prescriptionz.com\/de\/produkt\/soma-generikum\/","title":{"rendered":"Soma Generika"},"content":{"rendered":"<h2>Kaufen Sie Soma Generika online<\/h2>\n<p>Kaufen Sie Soma online. Soma ist ein Schmerzmittel zur kontinuierlichen Behandlung von Schmerzen oder Verletzungen der Skelettmuskulatur. Patienten sollten dieses Medikament als Muskelrelaxans zusammen mit Ruhe und Physiotherapie zur Behandlung von Muskelschmerzen anwenden. Es wirkt, indem es die Schmerzempfindungen in Gehirn und Nerven hemmt. Missbrauch kann zu Abh\u00e4ngigkeit und \u00dcberdosierung f\u00fchren. Daher wird empfohlen, sich vor dem Online-Kauf von Soma zu informieren. Soma ist ein Muskelrelaxans, das das Gehirn daran hindert, Schmerzsignale von den Nerven zu empfangen. Soma wird zur Behandlung von Skelettmuskelerkrankungen, einschlie\u00dflich Schmerzen oder Verletzungen, in Kombination mit Ruhe und Physiotherapie eingesetzt. Da die meisten Skelettmuskelverletzungen eher kurzfristig sind, sollte Soma nur f\u00fcr kurze Zeitr\u00e4ume \u2013 bis zu zwei bis drei Wochen \u2013 eingenommen werden, da es kaum Belege f\u00fcr seine Wirksamkeit bei l\u00e4ngerer Anwendung gibt.<\/p>\n<h3>Dosierungsdetails<\/h3>\n<p>250\u2013350 mg dreimal t\u00e4glich, auch vor dem Schlafengehen, eingenommen. Die Therapie kann bis zu zwei oder drei Wochen dauern.<\/p>\n<p>Anmerkungen: - Dieses Medikament sollte nur f\u00fcr kurze Zeit (bis zu 2 oder 3 Wochen) eingenommen werden, da die Belege f\u00fcr eine l\u00e4ngere Anwendung nicht ausreichen und akute, schmerzhafte Erkrankungen des Bewegungsapparats oft schnell abklingen.<\/p>\n<p>Anwendung: Zur Linderung von Schmerzen und Leiden, die durch schwere, qu\u00e4lende Erkrankungen des Bewegungsapparates verursacht werden<br \/>\n<strong><br \/>\nNebenwirkungen von Soma<\/strong><\/p>\n<p>Wenn Sie eines der folgenden Symptome einer Soma-Allergie haben: Nesselsucht, Atembeschwerden, Schwellungen im Gesicht, an den Lippen, der Zunge oder im Rachen, suchen Sie sofort einen Arzt auf. Wenn Sie eines der folgenden Symptome bemerken, beenden Sie die Einnahme dieses Medikaments und wenden Sie sich sofort an Ihren Arzt:<\/p>\n<p>Kr\u00e4mpfe w\u00e4hrend eines Anfalls; oder erh\u00f6hte Serotoninspiegel im K\u00f6rper k\u00f6nnen Unruhe, Wahnvorstellungen, Fieber, Schwitzen, Sch\u00fcttelfrost, Zuckungen, Muskelsteifheit, Koordinationsst\u00f6rungen, \u00dcbelkeit, Erbrechen und Durchfall verursachen.<\/p>\n<p>Benommenheit oder Kopfschmerzen. Soma Generic ist eine bew\u00e4hrte L\u00f6sung zur Linderung von Muskelschmerzen. Um Soma Generic bequem und zuverl\u00e4ssig zu kaufen, besuchen Sie noch heute die beste Apotheke, Buy-prescriptionz.com.<\/p>\n<h3>Feinheiten der Verschreibung:<\/h3>\n<p>Personen, die bereits an Erkrankungen wie Porphyrie, Leber- oder Nierenerkrankungen, Atemproblemen wie Asthma, COPD, Epilepsie, Krampfanf\u00e4llen, einem Magen- oder Darmverschluss, Verstopfung der Verdauungsorgane, \u00dcberempfindlichkeit gegen Ibuprofen usw. leiden. Dieses Medikament sollte niemals von schwangeren Frauen und stillenden M\u00fcttern sowie von Kindern unter 16 Jahren eingenommen werden, da es bei Kindern w\u00e4hrend der Wachstumsphase eine schwere Medikamentenabh\u00e4ngigkeit oder Entzugserscheinungen hervorrufen kann. Dieses Medikament kann eine Reihe von negativen Wechselwirkungen mit Alkohol haben und aufgrund schlechter Medikamentenwechselwirkungen zu erh\u00f6hter Schl\u00e4frigkeit und t\u00f6dlichen Herzinfarkten f\u00fchren. Dieses Medikament kann allein schon leichte Schl\u00e4frigkeit verursachen. Deshalb wird Personen, die dieses Medikament einnehmen, geraten, keine Arbeiten auszuf\u00fchren, die Konzentration erfordern, wie Autofahren oder Bedienen von Maschinen.<\/p>\n<h3>Auswirkungen und Vorsichtsma\u00dfnahmen:<\/h3>\n<p>Wenn Menschen Soma online kaufen und es zum ersten Mal einnehmen, k\u00f6nnen einige der typischen Symptome auftreten, die auch die meisten Anf\u00e4nger kennen, wie z. B. Schwindel, Kopfschmerzen, M\u00fcdigkeit, \u00dcbelkeit, Erbrechen, Magenschmerzen, Appetitlosigkeit, Hitzewallungen oder R\u00f6tungen der Haut und Schlafst\u00f6rungen. M\u00f6gliche Nebenwirkungen sind \u00dcberempfindlichkeitsreaktionen mit Nesselsucht, Atembeschwerden und Schwellungen im Gesicht, an den Lippen, im Rachen oder der Zunge. Serotoninst\u00f6rungen k\u00f6nnen auftreten, wenn andere Opiate, Narkotika oder Beruhigungsmittel zusammen mit diesem Medikament eingenommen werden. Diese Kombination kann verschiedene Nebenwirkungen wie Angstzust\u00e4nde, Tr\u00e4ume, Verwirrung, Koordinationsverlust, Fieber, Schwitzen, Sch\u00fcttelfrost und Herzklopfen hervorrufen. Bei Auftreten dieser Symptome sollten Sie das Medikament absetzen und einen Arzt aufsuchen. Dieses Medikament sollte in einer privaten Kabine aufbewahrt werden, die nur der Person zug\u00e4nglich ist, die es einnimmt, und au\u00dferhalb der Reichweite von Kindern, Haustieren und Personen mit chronischen Drogen- oder Alkoholproblemen.<\/p>\n<h3>Dosierungsinformationen:<\/h3>\n<p>Wenn Sie Soma online bestellen, lesen Sie bitte alle Dosierungsangaben in der Packungsbeilage, um eine sichere Anwendung zu gew\u00e4hrleisten. Bevor Sie Soma online bestellen und die empfohlene Dosierung von Soma besprechen, m\u00f6chten wir zun\u00e4chst dar\u00fcber sprechen, was Soma ist und wof\u00fcr es eingenommen wird. Soma ist der Name, unter dem Carisoprodol bekannt ist, und wirkt h\u00e4ufig als Muskelrelaxans. Das bedeutet, dass das Medikament das Schmerzgef\u00fchl zwischen den Nerven des K\u00f6rpers und dem Gehirn lindert. Die empfohlene Dosis liegt zwischen 250 und 350 mg und sollte dreimal t\u00e4glich und vor dem Schlafengehen oral eingenommen werden. Die maximale Dauer der Einnahme des Medikaments betr\u00e4gt zwei Wochen, da nicht garantiert werden kann, dass das Medikament auch bei l\u00e4ngerer Einnahme wirkt, und da die Krankheit, f\u00fcr die es verschrieben wird (Erkrankungen des Bewegungsapparats), in der Regel kurzfristiger Natur ist.<\/p>\n<h3>Soma-Zeichen<\/h3>\n<p>Wir haben bereits dar\u00fcber gesprochen, dass Soma der Name ist, unter dem das Medikament Carisoprodol bekannt ist und haupts\u00e4chlich als Muskelrelaxans verschrieben wird. Was Sie jedoch am meisten \u00fcberraschen mag: Es ist als kontrollierte Substanz der Kategorie IV gem\u00e4\u00df dem Controlled Substances Act von 1970 eingestuft. Das bedeutet, dass das Medikament weniger anf\u00e4llig f\u00fcr Missbrauch ist. Wenn Sie Soma online bestellen, wird Ihnen nachgewiesen, dass das Medikament zur Linderung von Schmerzen bei Erkrankungen des Bewegungsapparats in Kombination mit ausreichend Ruhe und Bewegung eingenommen wird. Das Medikament wird jedoch zur vor\u00fcbergehenden Behandlung von Schmerzen bei Erkrankungen des Bewegungsapparats verschrieben und sollte langfristig eingenommen werden.<\/p>\n<h3>Soma-Verb\u00e4nde<\/h3>\n<p>Wenn Sie glauben, dass Sie Soma online bestellen und es zusammen mit einem beliebigen Medikament einnehmen k\u00f6nnen, liegen Sie meiner Meinung nach falsch, da die Wechselwirkung des Medikaments mit anderen Medikamenten das Risiko f\u00fcr die Entwicklung schwerer Symptome erh\u00f6ht.<\/p>\n<p><strong>Zu den Wechselwirkungen zwischen Medikamenten, die f\u00fcr die Person, die das Medikament einnimmt, sch\u00e4dlich sein k\u00f6nnen, geh\u00f6ren:<\/strong><\/p>\n<p>Alkohol<\/p>\n<p>Diphenhydramin<\/p>\n<p>Alprazolam<\/p>\n<p>Codeine<\/p>\n<p>Medikament zur Behandlung von \u00dcberempfindlichkeit oder Erk\u00e4ltung und Husten<\/p>\n<p>Kurz gesagt: Bevor Sie das Medikament kaufen oder sogar mit der Einnahme beginnen, sollten Sie unbedingt einen Arzt zu den aufgef\u00fchrten Nebenwirkungen konsultieren, damit Sie wissen, ob sich das Medikament in Kombination mit den oben genannten Medikamenten als wirksam erweist.<\/p>\n<h3>Ung\u00fcnstige Auswirkungen<\/h3>\n<p>Normalerweise wird man beim Kauf von Medikamenten im Voraus dar\u00fcber informiert, wof\u00fcr das Medikament verschrieben wird und welche sch\u00e4dlichen Folgen es haben kann, wenn man es \u00fcberdosiert einnimmt. Manche Menschen tun dies jedoch, um die Wirkung des Medikaments immer wieder zu erleben. Dadurch entwickeln sie eine Abh\u00e4ngigkeit und haben das Gef\u00fchl, nicht mehr lange ohne das Medikament leben zu k\u00f6nnen. Dasselbe gilt, wenn Menschen Generic Soma online zur Behandlung von Erkrankungen des Bewegungsapparats kaufen und das Medikament dauerhaft einnehmen. Dadurch erh\u00f6hen sie nicht nur das Risiko unerw\u00fcnschter Nebenwirkungen, sondern machen sich auch anf\u00e4lliger f\u00fcr die Nebenwirkungen. Zu den Nebenwirkungen, die dem Patienten schaden k\u00f6nnen, geh\u00f6ren:<\/p>\n<p>Schl\u00e4frigkeit<\/p>\n<p>aturdimiento,<\/p>\n<p>Verschwommene Sicht<\/p>\n<p>.zerebrale Schmerzen<\/p>\n<p>Verlust des Gleichgewichts oder der Koordination<\/p>\n<p>Krampfanf\u00e4lle<\/p>\n<h3>Wie Soma Ihr Framework beeinflusst<\/h3>\n<p>Soma wird h\u00e4ufig online bestellt, da es haupts\u00e4chlich muskelentspannend wirkt und Schmerzen lindert. Das Medikament ist in Tablettenform sowie in Kombinationspr\u00e4paraten erh\u00e4ltlich, die Ibuprofen oder Codein und Schmerzmittel enthalten. Es wird empfohlen, es mehrmals t\u00e4glich einzunehmen. Es beeinflusst die Nervenkommunikation im zentralen Nervensystem (ZNS) und bewirkt Muskelentspannung und Schmerzlinderung. Das Medikament wird normalerweise mit dem Urin ausgeschieden und ist nach der Einnahme mehrere Tage lang nachweisbar. Soma online kaufen<\/p>\n<h3>Schutzma\u00dfnahmen mit Soma<\/h3>\n<p>Bevor Sie Soma online in den USA bestellen, sollten Sie sich umfassend \u00fcber das Medikament informieren. Um Nebenwirkungen und Wechselwirkungen zu vermeiden, besprechen Sie alle Medikamente, die Sie einnehmen oder einnehmen m\u00f6chten, mit Ihrem Arzt. Ihre Soma-Vertr\u00e4glichkeit kann beeintr\u00e4chtigt sein, wenn Sie jemals eine Leber- oder Nierenerkrankung hatten. Wenn Sie schwanger sind, stillen oder Mutter werden m\u00f6chten, sprechen Sie mit Ihrem Arzt \u00fcber die Auswirkungen der Einnahme des Medikaments unter den oben genannten Bedingungen. Das Medikament kann M\u00fcdigkeit verursachen, daher ist es wichtig, das Risiko beim Autofahren oder Bedienen von Maschinen zu vermeiden. Nebenwirkungen des Medikaments sind Kopfschmerzen, Herzrasen, M\u00fcdigkeit, Verwirrung, verlangsamtes Denken, Magenverstimmung, Hautausschlag und M\u00fcdigkeit.<\/p>\n<p><strong>Vermeiden Sie extreme Symptome mit Soma<\/strong><\/p>\n<p>Wenn Sie Soma online kaufen, sollten Sie es genau nach Anweisung einnehmen. Um das Auftreten von Symptomen zu vermeiden, nehmen Sie es nicht h\u00e4ufiger als empfohlen oder h\u00e4ufiger als in der Ihnen gegebenen L\u00f6sung angegeben ein. Zu den schwerwiegenden Symptomen des Medikaments geh\u00f6ren:<\/p>\n<p>Wenn Sie generisches Soma online kaufen und die Einnahme nach l\u00e4ngerer Einnahme pl\u00f6tzlich abbrechen, k\u00f6nnen leichte Entzugserscheinungen auftreten, die 12 bis 48 Stunden anhalten k\u00f6nnen. Wenn Sie jedoch ein Kombinationsprodukt mit Codein einnehmen, wird das Medikament identifiziert. Besprechen Sie die Medikamente, die Sie einnehmen, unbedingt mit dem Labor, in dem Sie getestet werden, um die Verf\u00fcgbarkeit des Medikaments in Ihrem K\u00f6rper zu \u00fcberpr\u00fcfen, damit die Testergebnisse besser ausgewertet werden k\u00f6nnen. Soma online kaufen<\/p>","protected":false},"excerpt":{"rendered":"<p>Buy Soma Generic Online Buy Soma online, Soma is a painkiller medication utilized in the nonstop treatment of agony or damage in skeletal muscle. Patients need to utilize this medication as a muscle relaxant alongside complete rest and physiotherapy for treatment of torment conditions in the muscles. This medication works by hindering the torment sensations [&hellip;]<\/p>","protected":false},"featured_media":3085,"comment_status":"open","ping_status":"closed","template":"","meta":{"site-sidebar-layout":"default","site-content-layout":"","ast-site-content-layout":"default","site-content-style":"default","site-sidebar-style":"default","ast-global-header-display":"","ast-banner-title-visibility":"","ast-main-header-display":"","ast-hfb-above-header-display":"","ast-hfb-below-header-display":"","ast-hfb-mobile-header-display":"","site-post-title":"","ast-breadcrumbs-content":"","ast-featured-img":"","footer-sml-layout":"","theme-transparent-header-meta":"default","adv-header-id-meta":"","stick-header-meta":"","header-above-stick-meta":"","header-main-stick-meta":"","header-below-stick-meta":"","astra-migrate-meta-layouts":"set","ast-page-background-enabled":"default","ast-page-background-meta":{"desktop":{"background-color":"var(--ast-global-color-4)","background-image":"","background-repeat":"repeat","background-position":"center center","background-size":"auto","background-attachment":"scroll","background-type":"","background-media":"","overlay-type":"","overlay-color":"","overlay-opacity":"","overlay-gradient":""},"tablet":{"background-color":"","background-image":"","background-repeat":"repeat","background-position":"center center","background-size":"auto","background-attachment":"scroll","background-type":"","background-media":"","overlay-type":"","overlay-color":"","overlay-opacity":"","overlay-gradient":""},"mobile":{"background-color":"","background-image":"","background-repeat":"repeat","background-position":"center center","background-size":"auto","background-attachment":"scroll","background-type":"","background-media":"","overlay-type":"","overlay-color":"","overlay-opacity":"","overlay-gradient":""}},"ast-content-background-meta":{"desktop":{"background-color":"var(--ast-global-color-5)","background-image":"","background-repeat":"repeat","background-position":"center center","background-size":"auto","background-attachment":"scroll","background-type":"","background-media":"","overlay-type":"","overlay-color":"","overlay-opacity":"","overlay-gradient":""},"tablet":{"background-color":"var(--ast-global-color-5)","background-image":"","background-repeat":"repeat","background-position":"center center","background-size":"auto","background-attachment":"scroll","background-type":"","background-media":"","overlay-type":"","overlay-color":"","overlay-opacity":"","overlay-gradient":""},"mobile":{"background-color":"var(--ast-global-color-5)","background-image":"","background-repeat":"repeat","background-position":"center center","background-size":"auto","background-attachment":"scroll","background-type":"","background-media":"","overlay-type":"","overlay-color":"","overlay-opacity":"","overlay-gradient":""}}},"product_brand":[],"product_cat":[2385],"product_tag":[1254,1255,1253,1248,1251,1250,1249,1252,1247,1246,1257,1256],"class_list":{"0":"post-3055","1":"product","2":"type-product","3":"status-publish","4":"has-post-thumbnail","6":"product_cat-buy-pain-killer-pills-online","7":"product_tag-buy-soma-generic-in-canada","8":"product_tag-buy-soma-generic-in-uk","9":"product_tag-buy-soma-generic-in-usa","10":"product_tag-buy-soma-generic-with-bitcoin","11":"product_tag-buy-soma-generic-with-credit-card","12":"product_tag-buy-soma-generic-with-money-gram","13":"product_tag-buy-soma-generic-with-western-union","14":"product_tag-buy-soma-generic-without-a-doctor","15":"product_tag-buy-soma-generic-without-prescription","16":"product_tag-soma-generic-for-sale","17":"product_tag-soma-generic-pills","18":"product_tag-soma-generic-tablets","19":"desktop-align-center","20":"tablet-align-left","21":"mobile-align-left","23":"first","24":"instock","25":"shipping-taxable","26":"purchasable","27":"product-type-variable","28":"has-default-attributes"},"yoast_head":"<!-- This site is optimized with the Yoast SEO plugin v25.9 - https:\/\/yoast.com\/wordpress\/plugins\/seo\/ -->\n<title>Buy Soma online - Cheapest generic soma 350mg - Carisoprodol Online<\/title>\n<meta name=\"description\" content=\"Buy Soma online,- Buy Soma, Online P h a r m a c y Information on Soma. Click here to buy Soma online! Buy Soma online Buy Cheap Soma\" \/>\n<meta name=\"robots\" content=\"index, follow, max-snippet:-1, max-image-preview:large, max-video-preview:-1\" \/>\n<link rel=\"canonical\" href=\"https:\/\/buy-prescriptionz.com\/de\/produkt\/soma-generikum\/\" \/>\n<meta property=\"og:locale\" content=\"de_DE\" \/>\n<meta property=\"og:type\" content=\"article\" \/>\n<meta property=\"og:title\" content=\"Buy Soma online - Cheapest generic soma 350mg - Carisoprodol Online\" \/>\n<meta property=\"og:description\" content=\"Buy Soma online,- Buy Soma, Online P h a r m a c y Information on Soma. Click here to buy Soma online! Buy Soma online Buy Cheap Soma\" \/>\n<meta property=\"og:url\" content=\"https:\/\/buy-prescriptionz.com\/de\/produkt\/soma-generikum\/\" \/>\n<meta property=\"og:site_name\" content=\"Buy Prescriptionz\" \/>\n<meta property=\"article:modified_time\" content=\"2025-09-27T09:36:07+00:00\" \/>\n<meta property=\"og:image\" content=\"https:\/\/buy-prescriptionz.com\/wp-content\/uploads\/2025\/09\/soma-generic.jpg\" \/>\n\t<meta property=\"og:image:width\" content=\"400\" \/>\n\t<meta property=\"og:image:height\" content=\"300\" \/>\n\t<meta property=\"og:image:type\" content=\"image\/jpeg\" \/>\n<meta name=\"twitter:card\" content=\"summary_large_image\" \/>\n<meta name=\"twitter:label1\" content=\"Gesch\u00e4tzte Lesezeit\" \/>\n\t<meta name=\"twitter:data1\" content=\"8\u00a0Minuten\" \/>\n<script type=\"application\/ld+json\" class=\"yoast-schema-graph\">{\"@context\":\"https:\/\/schema.org\",\"@graph\":[{\"@type\":\"WebPage\",\"@id\":\"https:\/\/buy-prescriptionz.com\/product\/soma-generic\/\",\"url\":\"https:\/\/buy-prescriptionz.com\/product\/soma-generic\/\",\"name\":\"Buy Soma online - Cheapest generic soma 350mg - Carisoprodol Online\",\"isPartOf\":{\"@id\":\"https:\/\/buy-prescriptionz.com\/#website\"},\"primaryImageOfPage\":{\"@id\":\"https:\/\/buy-prescriptionz.com\/product\/soma-generic\/#primaryimage\"},\"image\":{\"@id\":\"https:\/\/buy-prescriptionz.com\/product\/soma-generic\/#primaryimage\"},\"thumbnailUrl\":\"https:\/\/buy-prescriptionz.com\/wp-content\/uploads\/2025\/09\/soma-generic.jpg\",\"datePublished\":\"2025-09-16T08:56:09+00:00\",\"dateModified\":\"2025-09-27T09:36:07+00:00\",\"description\":\"Buy Soma online,- Buy Soma, Online P h a r m a c y Information on Soma. Click here to buy Soma online! Buy Soma online Buy Cheap Soma\",\"breadcrumb\":{\"@id\":\"https:\/\/buy-prescriptionz.com\/product\/soma-generic\/#breadcrumb\"},\"inLanguage\":\"de\",\"potentialAction\":[{\"@type\":\"ReadAction\",\"target\":[\"https:\/\/buy-prescriptionz.com\/product\/soma-generic\/\"]}]},{\"@type\":\"ImageObject\",\"inLanguage\":\"de\",\"@id\":\"https:\/\/buy-prescriptionz.com\/product\/soma-generic\/#primaryimage\",\"url\":\"https:\/\/buy-prescriptionz.com\/wp-content\/uploads\/2025\/09\/soma-generic.jpg\",\"contentUrl\":\"https:\/\/buy-prescriptionz.com\/wp-content\/uploads\/2025\/09\/soma-generic.jpg\",\"width\":400,\"height\":300},{\"@type\":\"BreadcrumbList\",\"@id\":\"https:\/\/buy-prescriptionz.com\/product\/soma-generic\/#breadcrumb\",\"itemListElement\":[{\"@type\":\"ListItem\",\"position\":1,\"name\":\"Home\",\"item\":\"https:\/\/buy-prescriptionz.com\/\"},{\"@type\":\"ListItem\",\"position\":2,\"name\":\"Shop Painkillers Online\",\"item\":\"https:\/\/buy-prescriptionz.com\/shop-painkillers-online\/\"},{\"@type\":\"ListItem\",\"position\":3,\"name\":\"Soma Generic\"}]},{\"@type\":\"WebSite\",\"@id\":\"https:\/\/buy-prescriptionz.com\/#website\",\"url\":\"https:\/\/buy-prescriptionz.com\/\",\"name\":\"Buy Prescriptionz\",\"description\":\"Drugs Online\",\"publisher\":{\"@id\":\"https:\/\/buy-prescriptionz.com\/#organization\"},\"potentialAction\":[{\"@type\":\"SearchAction\",\"target\":{\"@type\":\"EntryPoint\",\"urlTemplate\":\"https:\/\/buy-prescriptionz.com\/?s={search_term_string}\"},\"query-input\":{\"@type\":\"PropertyValueSpecification\",\"valueRequired\":true,\"valueName\":\"search_term_string\"}}],\"inLanguage\":\"de\"},{\"@type\":\"Organization\",\"@id\":\"https:\/\/buy-prescriptionz.com\/#organization\",\"name\":\"Buy Prescriptionz\",\"url\":\"https:\/\/buy-prescriptionz.com\/\",\"logo\":{\"@type\":\"ImageObject\",\"inLanguage\":\"de\",\"@id\":\"https:\/\/buy-prescriptionz.com\/#\/schema\/logo\/image\/\",\"url\":\"https:\/\/buy-prescriptionz.com\/wp-content\/uploads\/2023\/09\/logo.png\",\"contentUrl\":\"https:\/\/buy-prescriptionz.com\/wp-content\/uploads\/2023\/09\/logo.png\",\"width\":350,\"height\":64,\"caption\":\"Buy Prescriptionz\"},\"image\":{\"@id\":\"https:\/\/buy-prescriptionz.com\/#\/schema\/logo\/image\/\"}}]}<\/script>\n<!-- \/ Yoast SEO plugin. -->","yoast_head_json":{"title":"Soma online kaufen - G\u00fcnstigstes generisches Soma 350 mg - Carisoprodol Online","description":"Soma online kaufen, Soma online kaufen, Informationen zu Soma in der Online-Apotheke. Klicken Sie hier, um Soma online zu kaufen! Soma online kaufen. Soma g\u00fcnstig kaufen.","robots":{"index":"index","follow":"follow","max-snippet":"max-snippet:-1","max-image-preview":"max-image-preview:large","max-video-preview":"max-video-preview:-1"},"canonical":"https:\/\/buy-prescriptionz.com\/de\/produkt\/soma-generikum\/","og_locale":"de_DE","og_type":"article","og_title":"Buy Soma online - Cheapest generic soma 350mg - Carisoprodol Online","og_description":"Buy Soma online,- Buy Soma, Online P h a r m a c y Information on Soma. Click here to buy Soma online! Buy Soma online Buy Cheap Soma","og_url":"https:\/\/buy-prescriptionz.com\/de\/produkt\/soma-generikum\/","og_site_name":"Buy Prescriptionz","article_modified_time":"2025-09-27T09:36:07+00:00","og_image":[{"width":400,"height":300,"url":"https:\/\/buy-prescriptionz.com\/wp-content\/uploads\/2025\/09\/soma-generic.jpg","type":"image\/jpeg"}],"twitter_card":"summary_large_image","twitter_misc":{"Gesch\u00e4tzte Lesezeit":"8\u00a0Minuten"},"schema":{"@context":"https:\/\/schema.org","@graph":[{"@type":"WebPage","@id":"https:\/\/buy-prescriptionz.com\/product\/soma-generic\/","url":"https:\/\/buy-prescriptionz.com\/product\/soma-generic\/","name":"Soma online kaufen - G\u00fcnstigstes generisches Soma 350 mg - Carisoprodol Online","isPartOf":{"@id":"https:\/\/buy-prescriptionz.com\/#website"},"primaryImageOfPage":{"@id":"https:\/\/buy-prescriptionz.com\/product\/soma-generic\/#primaryimage"},"image":{"@id":"https:\/\/buy-prescriptionz.com\/product\/soma-generic\/#primaryimage"},"thumbnailUrl":"https:\/\/buy-prescriptionz.com\/wp-content\/uploads\/2025\/09\/soma-generic.jpg","datePublished":"2025-09-16T08:56:09+00:00","dateModified":"2025-09-27T09:36:07+00:00","description":"Soma online kaufen, Soma online kaufen, Informationen zu Soma in der Online-Apotheke. Klicken Sie hier, um Soma online zu kaufen! Soma online kaufen. Soma g\u00fcnstig kaufen.","breadcrumb":{"@id":"https:\/\/buy-prescriptionz.com\/product\/soma-generic\/#breadcrumb"},"inLanguage":"de","potentialAction":[{"@type":"ReadAction","target":["https:\/\/buy-prescriptionz.com\/product\/soma-generic\/"]}]},{"@type":"ImageObject","inLanguage":"de","@id":"https:\/\/buy-prescriptionz.com\/product\/soma-generic\/#primaryimage","url":"https:\/\/buy-prescriptionz.com\/wp-content\/uploads\/2025\/09\/soma-generic.jpg","contentUrl":"https:\/\/buy-prescriptionz.com\/wp-content\/uploads\/2025\/09\/soma-generic.jpg","width":400,"height":300},{"@type":"BreadcrumbList","@id":"https:\/\/buy-prescriptionz.com\/product\/soma-generic\/#breadcrumb","itemListElement":[{"@type":"ListItem","position":1,"name":"Home","item":"https:\/\/buy-prescriptionz.com\/"},{"@type":"ListItem","position":2,"name":"Shop Painkillers Online","item":"https:\/\/buy-prescriptionz.com\/shop-painkillers-online\/"},{"@type":"ListItem","position":3,"name":"Soma Generic"}]},{"@type":"WebSite","@id":"https:\/\/buy-prescriptionz.com\/#website","url":"https:\/\/buy-prescriptionz.com\/","name":"Kaufen Prescriptionz","description":"Online-Drogen","publisher":{"@id":"https:\/\/buy-prescriptionz.com\/#organization"},"potentialAction":[{"@type":"SearchAction","target":{"@type":"EntryPoint","urlTemplate":"https:\/\/buy-prescriptionz.com\/?s={search_term_string}"},"query-input":{"@type":"PropertyValueSpecification","valueRequired":true,"valueName":"search_term_string"}}],"inLanguage":"de"},{"@type":"Organization","@id":"https:\/\/buy-prescriptionz.com\/#organization","name":"Kaufen Prescriptionz","url":"https:\/\/buy-prescriptionz.com\/","logo":{"@type":"ImageObject","inLanguage":"de","@id":"https:\/\/buy-prescriptionz.com\/#\/schema\/logo\/image\/","url":"https:\/\/buy-prescriptionz.com\/wp-content\/uploads\/2023\/09\/logo.png","contentUrl":"https:\/\/buy-prescriptionz.com\/wp-content\/uploads\/2023\/09\/logo.png","width":350,"height":64,"caption":"Buy Prescriptionz"},"image":{"@id":"https:\/\/buy-prescriptionz.com\/#\/schema\/logo\/image\/"}}]}},"_links":{"self":[{"href":"https:\/\/buy-prescriptionz.com\/de\/wp-json\/wp\/v2\/product\/3055","targetHints":{"allow":["GET"]}}],"collection":[{"href":"https:\/\/buy-prescriptionz.com\/de\/wp-json\/wp\/v2\/product"}],"about":[{"href":"https:\/\/buy-prescriptionz.com\/de\/wp-json\/wp\/v2\/types\/product"}],"replies":[{"embeddable":true,"href":"https:\/\/buy-prescriptionz.com\/de\/wp-json\/wp\/v2\/comments?post=3055"}],"wp:featuredmedia":[{"embeddable":true,"href":"https:\/\/buy-prescriptionz.com\/de\/wp-json\/wp\/v2\/media\/3085"}],"wp:attachment":[{"href":"https:\/\/buy-prescriptionz.com\/de\/wp-json\/wp\/v2\/media?parent=3055"}],"wp:term":[{"taxonomy":"product_brand","embeddable":true,"href":"https:\/\/buy-prescriptionz.com\/de\/wp-json\/wp\/v2\/product_brand?post=3055"},{"taxonomy":"product_cat","embeddable":true,"href":"https:\/\/buy-prescriptionz.com\/de\/wp-json\/wp\/v2\/product_cat?post=3055"},{"taxonomy":"product_tag","embeddable":true,"href":"https:\/\/buy-prescriptionz.com\/de\/wp-json\/wp\/v2\/product_tag?post=3055"}],"curies":[{"name":"wp","href":"https:\/\/api.w.org\/{rel}","templated":true}]}}