{"id":3061,"date":"2025-09-16T08:56:10","date_gmt":"2025-09-16T08:56:10","guid":{"rendered":"https:\/\/chemsfine.com\/newsite\/?post_type=product&#038;p=3061"},"modified":"2025-09-24T14:12:05","modified_gmt":"2025-09-24T14:12:05","slug":"oxycodon-apap-wattson-labs-online-kaufen","status":"publish","type":"product","link":"https:\/\/buy-prescriptionz.com\/de\/produkt\/oxycodon-apap-wattson-labs-online-kaufen\/","title":{"rendered":"Oxycodon - Apap (Wattson Labs) online kaufen"},"content":{"rendered":"<h2>Oxycodon - Apap (Wattson Labs) online kaufen<\/h2>\n<h3>Purchase Oxycodone Online-Buy Oxycodone &#8211; Apap (Wattson Labs) Online<\/h3>\n<p>Oxycodon \u2013 Apap (Wattson Labs) online kaufen. Bestellen Sie Oxycodon HIER bei der besten Online-Apotheke. Altruism Pharmacy ist die beste Online-Apotheke f\u00fcr Oxycodon-Bestellungen. Oxycodon ist ein halbsynthetisches Narkotikum, das aus Thebain, einem narkotischen Alkaloid des Persischen Mohns und einem der zahlreichen Alkaloide des Schlafmohns, hergestellt wird. Es ist ein relativ starkes narkotisches Schmerzmittel (oral eingenommen in der Regel 1,5-mal st\u00e4rker als Morphin), das sich vor allem zur Linderung mittelschwerer bis starker Schmerzen bew\u00e4hrt hat. Oxycodon ist ein reines Agonist-Narkotikum, dessen prim\u00e4re therapeutische Wirkung die Schmerzfreiheit ist. Zu den verschiedenen als narkotische Agonisten bekannten Substanzen geh\u00f6ren Morphin, Hydromorphon, Fentanyl, Codein und Hydrocodon. Zu den pharmakologischen Wirkungen von narkotischen Agonisten geh\u00f6ren Anxiolyse, Euphorie, Entspannungsgef\u00fchle, Atemnot, Verstopfung, Miosis und Hustenverhalt sowie Schmerzfreiheit. Wie bei allen reinen narkotischen Agonisten kommt es mit zunehmender Dosierung zu einer Zunahme. Kaufen Sie Oxycodon \u2013 Apap (Wattson Labs) online \u00a0 Schmerzfreiheit, im Gegensatz zu gemischten Agonisten\/Konkurrenten oder nicht-narkotischen Analgetika, bei denen die schmerzlindernde Wirkung mit zunehmender Dosis nachl\u00e4sst \u2013 kaufen Sie Oxycodon online zur Linderung Ihrer mittelschweren oder starken Schmerzen.<\/p>\n<h3>Purchasing Oxycodone Online Legally<\/h3>\n<p>Oxycodon \u2013 Apap (Wattson Labs) online kaufen. Der legale Online-Kauf von Oxycodon ist hier im Buy-prescriptionz Online-Shop m\u00f6glich. Kaufen Sie Oxycodon online bei Buy-prescriptionz. Ihre Dosierung sollte an die Schwere der Schmerzen und die Reaktion des Patienten angepasst sein. Gelegentlich kann es notwendig sein, die unten angegebene Standarddosis zu \u00fcberschreiten.<\/p>\n<h3>So nehmen Sie Oxycodon ein:<\/h3>\n<p>Lesen Sie jedes Mal, wenn Sie ein neues Rezept erhalten oder mit der Einnahme von Oxycodon\/Acetaminophen beginnen, die Packungsbeilage Ihres Apothekers. Bei Fragen wenden Sie sich an Ihren Arzt oder Apotheker.<\/p>\n<p>Nehmen Sie dieses Arzneimittel oral wie von Ihrem Arzt verschrieben ein. Dieses Arzneimittel kann mit oder ohne Mahlzeiten eingenommen werden. Die Einnahme dieses Arzneimittels zu den Mahlzeiten kann bei \u00dcbelkeit helfen. Informieren Sie sich bei Ihrem Arzt oder Apotheker \u00fcber weitere Strategien zur Linderung von \u00dcbelkeit (z. B. Hinlegen f\u00fcr ein bis zwei Stunden mit m\u00f6glichst wenig Kopfbewegungen). Wenn Ihr Arzt oder Apotheker weitere Informationen ben\u00f6tigt, sprechen Sie mit Ihrem Arzt oder Apotheker.<\/p>\n<p>Wenn Sie Oxycodon in fl\u00fcssiger Form einnehmen, messen Sie die empfohlene Dosis genau mit einem pharmazeutischen Messbecher ab. Ein Haushaltsl\u00f6ffel reicht m\u00f6glicherweise nicht aus, um die richtige Dosis zu erhalten. Vermeiden Sie daher die Verwendung eines solchen. Ihr Gesundheitszustand und Ihr Ansprechen auf die Therapie bestimmen die Dosis. Nehmen Sie niemals mehr von dem Medikament ein als empfohlen, niemals h\u00e4ufiger und niemals l\u00e4nger als empfohlen. Beenden Sie die Einnahme des Medikaments wie empfohlen.<\/p>\n<h3>(Measurement AND ADMINISTRATION)<\/h3>\n<p>Bei zunehmend starken Schmerzen oder bei Patienten, die auf die schmerzlindernde Wirkung von Narkotika ansprechen. Bei anhaltenden Schmerzen sollte das Narkotika-Schmerzmittel in regelm\u00e4\u00dfigen Abst\u00e4nden verabreicht werden. PERCOCET-Tabletten werden oral eingenommen. Oxycodon \u2013 Apap (Wattson Labs) online kaufen<\/p>\n<h3>Purchase Oxycodone Pills Online (POSSIBLE SIDE EFFECTS)<\/h3>\n<p>Purchase Oxycodone Pills Online from Buy-prescriptionz Online store. This is the Best spot you can Buy Oxycodone Pills Online and have it conveyed to you in a couple of hours. Purchase Oxycodone Online from Our Pharmacy and furthermore know that it accompanies some symptoms, for example, ;<\/p>\n<p>Chills<\/p>\n<p>cold sweats<\/p>\n<p>perplexity<\/p>\n<p>troublesome or toiled relaxing<\/p>\n<p>wooziness, faintness, or discombobulation when getting up all of a sudden from a lying or sitting position<\/p>\n<p>fever<\/p>\n<p>snugness in the chest<\/p>\n<p>jerking<\/p>\n<h3>Nebenwirkungen von Oxycodon<\/h3>\n<p>Die Einnahme von Oxycodon kann zu Benommenheit, Schwindel, Verstopfung, \u00dcbelkeit und Schl\u00e4frigkeit f\u00fchren. Nach l\u00e4ngerer Einnahme k\u00f6nnen einige dieser Nebenwirkungen verschwinden. Informieren Sie Ihren Apotheker oder Arzt umgehend, wenn eine dieser Nebenwirkungen anh\u00e4lt oder sich verschlimmert. Um Verstopfung vorzubeugen, sollten Sie ballaststoffreich sein, ausreichend trinken und Sport treiben. M\u00f6glicherweise ben\u00f6tigen Sie zus\u00e4tzlich ein Abf\u00fchrmittel. Fragen Sie Ihren Apotheker, welches Abf\u00fchrmittel f\u00fcr Sie am besten geeignet ist.<\/p>\n<p>Wenn Sie aus einer sitzenden oder liegenden Position aufstehen, tun Sie dies vorsichtig, um das Risiko von Benommenheit und Schwindel zu verringern. Denken Sie daran, dass Ihr Arzt Ihnen dieses Medikament empfohlen hat, weil er davon \u00fcberzeugt ist, dass es Ihnen mehr hilft als negative Nebenwirkungen verursacht. Viele Anwender dieses Medikaments berichten von keinen nennenswerten Nebenwirkungen.<\/p>\n<p>Sie erhalten das beste Oxycodon \u2013 APAP online unter buy-prescriptionz.com. Dieses Medikament verst\u00e4rkt die Wirkung von Oxycodon, einem starken Schmerzmittel, mit Paracetamol (APAP). Aufgrund seines Suchtpotenzials und seiner Nebenwirkungen ist die Einnahme dieses Medikaments unbedingt unter \u00e4rztlicher Aufsicht erforderlich. Der Kauf in einer hochwertigen Apotheke garantiert die Echtheit des Produkts. Lassen Sie sich immer \u00e4rztlich beraten, um sicherzustellen, dass dieses Medikament f\u00fcr Sie geeignet ist, und informieren Sie sich \u00fcber die richtige Dosierung und m\u00f6gliche Risiken.<\/p>\n<h3>CONTRAINDICATIONS<\/h3>\n<p>Purchase Oxycodone Online, however, pursue the accompanying contraindications. Tablets ought not to be directed to patients with known extreme touchiness to oxycodone, acetaminophen, or some other segment of this item. Oxycodone is contraindicated in any circumstance where narcotics are contraindicated incorporating patients with noteworthy respiratory despondency (in unmonitored settings or the nonattendance of resuscitative gear) and patients with intense or extreme bronchial asthma or hypercarbia. Oxycodone is contraindicated in the setting of suspected or known disabled ileus.\u00a0 Buy Oxycodone &#8211; Apap (Wattson Labs) Online<\/p>","protected":false},"excerpt":{"rendered":"<p>Buy Oxycodone &#8211; Apap (Wattson Labs) Online Purchase Oxycodone Online-Buy Oxycodone &#8211; Apap (Wattson Labs) Online Buy Oxycodone &#8211; Apap (Wattson Labs) Online, Purchase Oxycodone Online HERE from the Best Online Pharmacy. Altruism Pharmacy is the Best Online Pharmacy to Order Oxycodone Online. Oxycodone is a semisynthetic narcotic blended from thebaine, a narcotic alkaloid found [&hellip;]<\/p>","protected":false},"featured_media":3091,"comment_status":"open","ping_status":"closed","template":"","meta":{"site-sidebar-layout":"default","site-content-layout":"","ast-site-content-layout":"default","site-content-style":"default","site-sidebar-style":"default","ast-global-header-display":"","ast-banner-title-visibility":"","ast-main-header-display":"","ast-hfb-above-header-display":"","ast-hfb-below-header-display":"","ast-hfb-mobile-header-display":"","site-post-title":"","ast-breadcrumbs-content":"","ast-featured-img":"","footer-sml-layout":"","theme-transparent-header-meta":"default","adv-header-id-meta":"","stick-header-meta":"","header-above-stick-meta":"","header-main-stick-meta":"","header-below-stick-meta":"","astra-migrate-meta-layouts":"set","ast-page-background-enabled":"default","ast-page-background-meta":{"desktop":{"background-color":"var(--ast-global-color-4)","background-image":"","background-repeat":"repeat","background-position":"center center","background-size":"auto","background-attachment":"scroll","background-type":"","background-media":"","overlay-type":"","overlay-color":"","overlay-opacity":"","overlay-gradient":""},"tablet":{"background-color":"","background-image":"","background-repeat":"repeat","background-position":"center center","background-size":"auto","background-attachment":"scroll","background-type":"","background-media":"","overlay-type":"","overlay-color":"","overlay-opacity":"","overlay-gradient":""},"mobile":{"background-color":"","background-image":"","background-repeat":"repeat","background-position":"center center","background-size":"auto","background-attachment":"scroll","background-type":"","background-media":"","overlay-type":"","overlay-color":"","overlay-opacity":"","overlay-gradient":""}},"ast-content-background-meta":{"desktop":{"background-color":"var(--ast-global-color-5)","background-image":"","background-repeat":"repeat","background-position":"center center","background-size":"auto","background-attachment":"scroll","background-type":"","background-media":"","overlay-type":"","overlay-color":"","overlay-opacity":"","overlay-gradient":""},"tablet":{"background-color":"var(--ast-global-color-5)","background-image":"","background-repeat":"repeat","background-position":"center center","background-size":"auto","background-attachment":"scroll","background-type":"","background-media":"","overlay-type":"","overlay-color":"","overlay-opacity":"","overlay-gradient":""},"mobile":{"background-color":"var(--ast-global-color-5)","background-image":"","background-repeat":"repeat","background-position":"center center","background-size":"auto","background-attachment":"scroll","background-type":"","background-media":"","overlay-type":"","overlay-color":"","overlay-opacity":"","overlay-gradient":""}}},"product_brand":[],"product_cat":[2385],"product_tag":[1123,1124,1122,1117,1120,1119,1118,1121,1116,1115,1126,1125],"class_list":{"0":"post-3061","1":"product","2":"type-product","3":"status-publish","4":"has-post-thumbnail","6":"product_cat-buy-pain-killer-pills-online","7":"product_tag-buy-oxycodone-apap-wattson-labs-in-canada","8":"product_tag-buy-oxycodone-apap-wattson-labs-in-uk","9":"product_tag-buy-oxycodone-apap-wattson-labs-in-usa","10":"product_tag-buy-oxycodone-apap-wattson-labs-with-bitcoin","11":"product_tag-buy-oxycodone-apap-wattson-labs-with-credit-card","12":"product_tag-buy-oxycodone-apap-wattson-labs-with-money-gram","13":"product_tag-buy-oxycodone-apap-wattson-labs-with-western-union","14":"product_tag-buy-oxycodone-apap-wattson-labs-without-a-doctor","15":"product_tag-buy-oxycodone-apap-wattson-labs-without-prescription","16":"product_tag-oxycodone-apap-wattson-labs-for-sale","17":"product_tag-oxycodone-apap-wattson-labs-pills","18":"product_tag-oxycodone-apap-wattson-labs-tablets","19":"desktop-align-center","20":"tablet-align-left","21":"mobile-align-left","23":"first","24":"instock","25":"shipping-taxable","26":"purchasable","27":"product-type-variable","28":"has-default-attributes"},"yoast_head":"<!-- This site is optimized with the Yoast SEO plugin v25.9 - https:\/\/yoast.com\/wordpress\/plugins\/seo\/ -->\n<title>Buy Oxycodone Apap (Physicians Tc.) Online - Oxycodone Apap (Physicians Tc.) for Sale<\/title>\n<meta name=\"description\" content=\"We are the leading store available with Oxycodone for sale. If you wish to buy Oxycodone Apap (Physicians Tc.), contact us right away and get the order delivered. Order Now!\" \/>\n<meta name=\"robots\" content=\"index, follow, max-snippet:-1, max-image-preview:large, max-video-preview:-1\" \/>\n<link rel=\"canonical\" href=\"https:\/\/buy-prescriptionz.com\/de\/produkt\/oxycodon-apap-wattson-labs-online-kaufen\/\" \/>\n<meta property=\"og:locale\" content=\"de_DE\" \/>\n<meta property=\"og:type\" content=\"article\" \/>\n<meta property=\"og:title\" content=\"Buy Oxycodone Apap (Physicians Tc.) Online - Oxycodone Apap (Physicians Tc.) for Sale\" \/>\n<meta property=\"og:description\" content=\"We are the leading store available with Oxycodone for sale. If you wish to buy Oxycodone Apap (Physicians Tc.), contact us right away and get the order delivered. Order Now!\" \/>\n<meta property=\"og:url\" content=\"https:\/\/buy-prescriptionz.com\/de\/produkt\/oxycodon-apap-wattson-labs-online-kaufen\/\" \/>\n<meta property=\"og:site_name\" content=\"Buy Prescriptionz\" \/>\n<meta property=\"article:modified_time\" content=\"2025-09-24T14:12:05+00:00\" \/>\n<meta property=\"og:image\" content=\"https:\/\/buy-prescriptionz.com\/wp-content\/uploads\/2025\/09\/oxycodone-apap-wattson-labs.jpg\" \/>\n\t<meta property=\"og:image:width\" content=\"400\" \/>\n\t<meta property=\"og:image:height\" content=\"300\" \/>\n\t<meta property=\"og:image:type\" content=\"image\/jpeg\" \/>\n<meta name=\"twitter:card\" content=\"summary_large_image\" \/>\n<meta name=\"twitter:label1\" content=\"Gesch\u00e4tzte Lesezeit\" \/>\n\t<meta name=\"twitter:data1\" content=\"5\u00a0Minuten\" \/>\n<script type=\"application\/ld+json\" class=\"yoast-schema-graph\">{\"@context\":\"https:\/\/schema.org\",\"@graph\":[{\"@type\":\"WebPage\",\"@id\":\"https:\/\/buy-prescriptionz.com\/product\/buy-oxycodone-apap-wattson-labs-online\/\",\"url\":\"https:\/\/buy-prescriptionz.com\/product\/buy-oxycodone-apap-wattson-labs-online\/\",\"name\":\"Buy Oxycodone Apap (Physicians Tc.) Online - Oxycodone Apap (Physicians Tc.) for Sale\",\"isPartOf\":{\"@id\":\"https:\/\/buy-prescriptionz.com\/#website\"},\"primaryImageOfPage\":{\"@id\":\"https:\/\/buy-prescriptionz.com\/product\/buy-oxycodone-apap-wattson-labs-online\/#primaryimage\"},\"image\":{\"@id\":\"https:\/\/buy-prescriptionz.com\/product\/buy-oxycodone-apap-wattson-labs-online\/#primaryimage\"},\"thumbnailUrl\":\"https:\/\/buy-prescriptionz.com\/wp-content\/uploads\/2025\/09\/oxycodone-apap-wattson-labs.jpg\",\"datePublished\":\"2025-09-16T08:56:10+00:00\",\"dateModified\":\"2025-09-24T14:12:05+00:00\",\"description\":\"We are the leading store available with Oxycodone for sale. If you wish to buy Oxycodone Apap (Physicians Tc.), contact us right away and get the order delivered. Order Now!\",\"breadcrumb\":{\"@id\":\"https:\/\/buy-prescriptionz.com\/product\/buy-oxycodone-apap-wattson-labs-online\/#breadcrumb\"},\"inLanguage\":\"de\",\"potentialAction\":[{\"@type\":\"ReadAction\",\"target\":[\"https:\/\/buy-prescriptionz.com\/product\/buy-oxycodone-apap-wattson-labs-online\/\"]}]},{\"@type\":\"ImageObject\",\"inLanguage\":\"de\",\"@id\":\"https:\/\/buy-prescriptionz.com\/product\/buy-oxycodone-apap-wattson-labs-online\/#primaryimage\",\"url\":\"https:\/\/buy-prescriptionz.com\/wp-content\/uploads\/2025\/09\/oxycodone-apap-wattson-labs.jpg\",\"contentUrl\":\"https:\/\/buy-prescriptionz.com\/wp-content\/uploads\/2025\/09\/oxycodone-apap-wattson-labs.jpg\",\"width\":400,\"height\":300},{\"@type\":\"BreadcrumbList\",\"@id\":\"https:\/\/buy-prescriptionz.com\/product\/buy-oxycodone-apap-wattson-labs-online\/#breadcrumb\",\"itemListElement\":[{\"@type\":\"ListItem\",\"position\":1,\"name\":\"Home\",\"item\":\"https:\/\/buy-prescriptionz.com\/\"},{\"@type\":\"ListItem\",\"position\":2,\"name\":\"Shop Painkillers Online\",\"item\":\"https:\/\/buy-prescriptionz.com\/shop-painkillers-online\/\"},{\"@type\":\"ListItem\",\"position\":3,\"name\":\"Buy Oxycodone &#8211; Apap (Wattson Labs) Online\"}]},{\"@type\":\"WebSite\",\"@id\":\"https:\/\/buy-prescriptionz.com\/#website\",\"url\":\"https:\/\/buy-prescriptionz.com\/\",\"name\":\"Buy Prescriptionz\",\"description\":\"Drugs Online\",\"publisher\":{\"@id\":\"https:\/\/buy-prescriptionz.com\/#organization\"},\"potentialAction\":[{\"@type\":\"SearchAction\",\"target\":{\"@type\":\"EntryPoint\",\"urlTemplate\":\"https:\/\/buy-prescriptionz.com\/?s={search_term_string}\"},\"query-input\":{\"@type\":\"PropertyValueSpecification\",\"valueRequired\":true,\"valueName\":\"search_term_string\"}}],\"inLanguage\":\"de\"},{\"@type\":\"Organization\",\"@id\":\"https:\/\/buy-prescriptionz.com\/#organization\",\"name\":\"Buy Prescriptionz\",\"url\":\"https:\/\/buy-prescriptionz.com\/\",\"logo\":{\"@type\":\"ImageObject\",\"inLanguage\":\"de\",\"@id\":\"https:\/\/buy-prescriptionz.com\/#\/schema\/logo\/image\/\",\"url\":\"https:\/\/buy-prescriptionz.com\/wp-content\/uploads\/2023\/09\/logo.png\",\"contentUrl\":\"https:\/\/buy-prescriptionz.com\/wp-content\/uploads\/2023\/09\/logo.png\",\"width\":350,\"height\":64,\"caption\":\"Buy Prescriptionz\"},\"image\":{\"@id\":\"https:\/\/buy-prescriptionz.com\/#\/schema\/logo\/image\/\"}}]}<\/script>\n<!-- \/ Yoast SEO plugin. -->","yoast_head_json":{"title":"Oxycodon Apap (Physicians Tc.) online kaufen \u2013 Oxycodon Apap (Physicians Tc.) zu verkaufen","description":"Wir sind der f\u00fchrende Anbieter von Oxycodon. Wenn Sie Oxycodon Apap (Physicians Tc.) kaufen m\u00f6chten, kontaktieren Sie uns sofort und lassen Sie sich die Bestellung liefern. Jetzt bestellen!","robots":{"index":"index","follow":"follow","max-snippet":"max-snippet:-1","max-image-preview":"max-image-preview:large","max-video-preview":"max-video-preview:-1"},"canonical":"https:\/\/buy-prescriptionz.com\/de\/produkt\/oxycodon-apap-wattson-labs-online-kaufen\/","og_locale":"de_DE","og_type":"article","og_title":"Buy Oxycodone Apap (Physicians Tc.) Online - Oxycodone Apap (Physicians Tc.) for Sale","og_description":"We are the leading store available with Oxycodone for sale. If you wish to buy Oxycodone Apap (Physicians Tc.), contact us right away and get the order delivered. Order Now!","og_url":"https:\/\/buy-prescriptionz.com\/de\/produkt\/oxycodon-apap-wattson-labs-online-kaufen\/","og_site_name":"Buy Prescriptionz","article_modified_time":"2025-09-24T14:12:05+00:00","og_image":[{"width":400,"height":300,"url":"https:\/\/buy-prescriptionz.com\/wp-content\/uploads\/2025\/09\/oxycodone-apap-wattson-labs.jpg","type":"image\/jpeg"}],"twitter_card":"summary_large_image","twitter_misc":{"Gesch\u00e4tzte Lesezeit":"5\u00a0Minuten"},"schema":{"@context":"https:\/\/schema.org","@graph":[{"@type":"WebPage","@id":"https:\/\/buy-prescriptionz.com\/product\/buy-oxycodone-apap-wattson-labs-online\/","url":"https:\/\/buy-prescriptionz.com\/product\/buy-oxycodone-apap-wattson-labs-online\/","name":"Oxycodon Apap (Physicians Tc.) online kaufen \u2013 Oxycodon Apap (Physicians Tc.) zu verkaufen","isPartOf":{"@id":"https:\/\/buy-prescriptionz.com\/#website"},"primaryImageOfPage":{"@id":"https:\/\/buy-prescriptionz.com\/product\/buy-oxycodone-apap-wattson-labs-online\/#primaryimage"},"image":{"@id":"https:\/\/buy-prescriptionz.com\/product\/buy-oxycodone-apap-wattson-labs-online\/#primaryimage"},"thumbnailUrl":"https:\/\/buy-prescriptionz.com\/wp-content\/uploads\/2025\/09\/oxycodone-apap-wattson-labs.jpg","datePublished":"2025-09-16T08:56:10+00:00","dateModified":"2025-09-24T14:12:05+00:00","description":"Wir sind der f\u00fchrende Anbieter von Oxycodon. Wenn Sie Oxycodon Apap (Physicians Tc.) kaufen m\u00f6chten, kontaktieren Sie uns sofort und lassen Sie sich die Bestellung liefern. Jetzt bestellen!","breadcrumb":{"@id":"https:\/\/buy-prescriptionz.com\/product\/buy-oxycodone-apap-wattson-labs-online\/#breadcrumb"},"inLanguage":"de","potentialAction":[{"@type":"ReadAction","target":["https:\/\/buy-prescriptionz.com\/product\/buy-oxycodone-apap-wattson-labs-online\/"]}]},{"@type":"ImageObject","inLanguage":"de","@id":"https:\/\/buy-prescriptionz.com\/product\/buy-oxycodone-apap-wattson-labs-online\/#primaryimage","url":"https:\/\/buy-prescriptionz.com\/wp-content\/uploads\/2025\/09\/oxycodone-apap-wattson-labs.jpg","contentUrl":"https:\/\/buy-prescriptionz.com\/wp-content\/uploads\/2025\/09\/oxycodone-apap-wattson-labs.jpg","width":400,"height":300},{"@type":"BreadcrumbList","@id":"https:\/\/buy-prescriptionz.com\/product\/buy-oxycodone-apap-wattson-labs-online\/#breadcrumb","itemListElement":[{"@type":"ListItem","position":1,"name":"Home","item":"https:\/\/buy-prescriptionz.com\/"},{"@type":"ListItem","position":2,"name":"Shop Painkillers Online","item":"https:\/\/buy-prescriptionz.com\/shop-painkillers-online\/"},{"@type":"ListItem","position":3,"name":"Buy Oxycodone &#8211; Apap (Wattson Labs) Online"}]},{"@type":"WebSite","@id":"https:\/\/buy-prescriptionz.com\/#website","url":"https:\/\/buy-prescriptionz.com\/","name":"Kaufen Prescriptionz","description":"Online-Drogen","publisher":{"@id":"https:\/\/buy-prescriptionz.com\/#organization"},"potentialAction":[{"@type":"SearchAction","target":{"@type":"EntryPoint","urlTemplate":"https:\/\/buy-prescriptionz.com\/?s={search_term_string}"},"query-input":{"@type":"PropertyValueSpecification","valueRequired":true,"valueName":"search_term_string"}}],"inLanguage":"de"},{"@type":"Organization","@id":"https:\/\/buy-prescriptionz.com\/#organization","name":"Kaufen Prescriptionz","url":"https:\/\/buy-prescriptionz.com\/","logo":{"@type":"ImageObject","inLanguage":"de","@id":"https:\/\/buy-prescriptionz.com\/#\/schema\/logo\/image\/","url":"https:\/\/buy-prescriptionz.com\/wp-content\/uploads\/2023\/09\/logo.png","contentUrl":"https:\/\/buy-prescriptionz.com\/wp-content\/uploads\/2023\/09\/logo.png","width":350,"height":64,"caption":"Buy Prescriptionz"},"image":{"@id":"https:\/\/buy-prescriptionz.com\/#\/schema\/logo\/image\/"}}]}},"_links":{"self":[{"href":"https:\/\/buy-prescriptionz.com\/de\/wp-json\/wp\/v2\/product\/3061","targetHints":{"allow":["GET"]}}],"collection":[{"href":"https:\/\/buy-prescriptionz.com\/de\/wp-json\/wp\/v2\/product"}],"about":[{"href":"https:\/\/buy-prescriptionz.com\/de\/wp-json\/wp\/v2\/types\/product"}],"replies":[{"embeddable":true,"href":"https:\/\/buy-prescriptionz.com\/de\/wp-json\/wp\/v2\/comments?post=3061"}],"wp:featuredmedia":[{"embeddable":true,"href":"https:\/\/buy-prescriptionz.com\/de\/wp-json\/wp\/v2\/media\/3091"}],"wp:attachment":[{"href":"https:\/\/buy-prescriptionz.com\/de\/wp-json\/wp\/v2\/media?parent=3061"}],"wp:term":[{"taxonomy":"product_brand","embeddable":true,"href":"https:\/\/buy-prescriptionz.com\/de\/wp-json\/wp\/v2\/product_brand?post=3061"},{"taxonomy":"product_cat","embeddable":true,"href":"https:\/\/buy-prescriptionz.com\/de\/wp-json\/wp\/v2\/product_cat?post=3061"},{"taxonomy":"product_tag","embeddable":true,"href":"https:\/\/buy-prescriptionz.com\/de\/wp-json\/wp\/v2\/product_tag?post=3061"}],"curies":[{"name":"wp","href":"https:\/\/api.w.org\/{rel}","templated":true}]}}