{"id":3065,"date":"2025-09-16T08:56:10","date_gmt":"2025-09-16T08:56:10","guid":{"rendered":"https:\/\/chemsfine.com\/newsite\/?post_type=product&#038;p=3065"},"modified":"2025-09-24T06:50:48","modified_gmt":"2025-09-24T06:50:48","slug":"kaufen-nitrazepam-nipam-online-3","status":"publish","type":"product","link":"https:\/\/buy-prescriptionz.com\/de\/produkt\/kaufen-nitrazepam-nipam-online-3\/","title":{"rendered":"Nitrazepam (Nipam) online kaufen"},"content":{"rendered":"<h2>Nitrazepam (Nipam) online kaufen<\/h2>\n<h3>Kaufen Nitrazepam (Nipam) Online Allgemeine Informationen:<\/h3>\n<p>Nitrazepam ist ein Beruhigungsmittel, das kurzfristig zur Schlaff\u00f6rderung eingesetzt wird. Es geh\u00f6rt zur Gruppe der Benzodiazepine. Es wird vor allem bei schweren, behindernden oder extrem belastenden F\u00e4llen eingesetzt.<\/p>\n<p>Der Medikamentenpreis f\u00fcr Nitrazepam 5 mg ist deutlich niedriger als der Einzelhandelspreis. Besorgen Sie sich in den USA legale und vertrauensw\u00fcrdige, \u00e4rztlich verschreibungspflichtige Medikamente, die wenig bis gar keinen Aufwand erfordern. Nitrazepam kann Schwindel, Schl\u00e4frigkeit oder Sehst\u00f6rungen verursachen. Diese Auswirkungen k\u00f6nnen schlimmer sein, wenn Sie es zusammen mit Alkohol oder bestimmten Medikamenten einnehmen. Verwenden Sie Nitrazepam mit Vorsicht. Fahren Sie nicht Auto und erledigen Sie keine anderen potenziell gef\u00e4hrlichen Aufgaben, bis Sie wissen, wie Sie darauf reagieren. Seien Sie auch am Morgen nach der Einnahme von Nitrazepam vorsichtig. Trinken Sie keinen Alkohol und nehmen Sie keine Medikamente ein, die Schl\u00e4frigkeit verursachen k\u00f6nnen (z. B. Beruhigungsmittel, Muskelrelaxantien), w\u00e4hrend Sie Nitrazepam einnehmen; dies k\u00f6nnte zu deren Auswirkungen beitragen. Fragen Sie Ihren Apotheker, wenn Sie Fragen zu Medikamenten haben, die Schl\u00e4frigkeit verursachen k\u00f6nnen. Typische Symptome wie Verwirrung, Schwindel, Koordinationsst\u00f6rungen und Ged\u00e4chtnisprobleme treten oft innerhalb einer Stunde nach der Einnahme von Nitrazepam auf. Nehmen Sie Nitrazepam unbedingt direkt vor dem Schlafengehen oder nach dem Zubettgehen ein. Dies lindert die Symptome. Nitrazepam kann Sonnenbrand beg\u00fcnstigen. Meiden Sie Sonne, Sonnenlampen und Solarien, bis Sie wissen, wie Sie auf Nitrazepam reagieren. Verwenden Sie Sonnenschutzmittel oder tragen Sie Schutzkleidung, wenn Sie sich l\u00e4nger als kurz im Freien aufhalten. Informieren Sie Ihren Arzt oder Zahnarzt \u00fcber die Einnahme von Nitrazepam, bevor Sie medizinische oder zahn\u00e4rztliche Behandlung, Notfallversorgung oder einen chirurgischen Eingriff erhalten. Dieses Produkt kann den Farbstoff Tartrazin enthalten. Dies kann bei manchen Patienten eine allergische Reaktion hervorrufen. Falls Sie bereits eine \u00dcberempfindlichkeit gegen Tartrazin hatten, fragen Sie Ihren Arzt, ob Ihr Produkt Tartrazin enth\u00e4lt. Nehmen Sie nicht mehr als die empfohlene Dosis ein und wenden Sie das Produkt nicht l\u00e4nger als empfohlen an, ohne R\u00fccksprache mit Ihrem Arzt zu halten. Nach dem Absetzen von Nitrazepam k\u00f6nnen ein bis zwei N\u00e4chte lang Schlafst\u00f6rungen auftreten. Sollten diese anhalten, wenden Sie sich an Ihren Arzt.<\/p>\n<h3>Kaufen Nitrazepam (Nipam) 5mg<\/h3>\n<p>Kaufen Sie Nitrazepam (Nipam) Online, Sie k\u00f6nnen Nitrazepam (Nipam) 5mg hier kaufen, wir haben ausgezeichnete Nitrazepam (Mogadon) 5mg Pillen. kaufen Nitrazepam (Nipam) 5mg Online ohne Medizin.<\/p>\n<p><strong>Kaufen Sie Nitrazepam (Nipam) 5mg Online von Best Online Without Prescription Site.<\/strong><\/p>\n<p>Nitrazepam (Nipam) 5mg<\/p>\n<p>Erstklassige Nitrazepam (Nipam) 5mg Pillen<\/p>\n<p>Gesamtlieferung<\/p>\n<p>Umsichtige Verpackung<\/p>\n<p>Live-Unterst\u00fctzung<\/p>\n<p>100% Zufriedenheitsgarantie<\/p>\n<p><strong>Kaufen Sie Nitrazepam im Internet (Nipam) 5mg von Best Online Without Prescription Site.<\/strong><\/p>\n<p>WIR BIETEN \u00dcBERSEE-DIENSTE SICHEREN VERSAND AN IHRER T\u00dcR!<\/p>\n<p>Sie k\u00f6nnen per Kredit- und Debitkarte bezahlen.<\/p>\n<p>EMS\/USPS Express Discreet TrackAble Delivery Gesamtbereich.<\/p>\n<p>Nitrazepam (Nipam) 5mg wird f\u00fcr die Verwaltung der Spannung Problem, die vor\u00fcbergehende Hilfe von Nebenwirkungen von Nervosit\u00e4t oder Unbehagen im Zusammenhang mit misery.buy-nitrazepam-nipam-online<\/p>\n<h3>\u00dcber Nipam 5 MG Tablette<\/h3>\n<p>Nipam 5 mg Tabletten sind ein hypnotisches Benzodiazepam, das zur Behandlung von infantilen Spasmen und Schlaflosigkeit eingesetzt wird. Von der Einnahme von Nipam 5 mg Tabletten wird dringend abgeraten, wenn Sie an COPD, Allergien, hohem Augeninnendruck oder schweren Lebersch\u00e4den leiden. Das Medikament kann auch bei Stimmungsst\u00f6rungen, Alkoholentzugserscheinungen, Muskelrelaxantien und Erkrankungen, die Krampfanf\u00e4lle verursachen, helfen.<br \/>\n<strong><br \/>\n<\/strong>Nipam 5 mg Tabletten werden schwangeren Frauen weiterhin verabreicht, obwohl die M\u00f6glichkeit besteht, dass die Einnahme w\u00e4hrend der Schwangerschaft dem ungeborenen Kind schaden k\u00f6nnte. Der Grund hierf\u00fcr ist, dass der m\u00f6gliche Nutzen die Risiken deutlich \u00fcberwiegt.<\/p>\n<h3><strong>Wie soll die Menge eingenommen werden?<\/strong><\/h3>\n<p>Wenn Sie die Einnahme Ihrer Nipam 5 mg Tablette vergessen haben, holen Sie diese nach, sobald Sie sich daran erinnern. Wenn es fast Zeit f\u00fcr Ihre n\u00e4chste Dosis ist, nehmen Sie die vergessene nicht ein. Nehmen Sie nicht zwei Dosen auf einmal ein, um die vergessene nachzuholen.<\/p>\n<p><strong>Gibt es Anweisungen f\u00fcr den Fall einer \u00dcberdosierung?<\/strong><\/p>\n<p>Wenn Sie vermuten, dass jemand eine \u00dcberdosis eingenommen hat, holen Sie sofort medizinische Hilfe oder rufen Sie Ihren Arzt an. Die hier angegebenen Informationen basieren auf dem Salzgehalt des Arzneimittels. Das Arzneimittel kann bei verschiedenen Menschen unterschiedliche Wirkungen haben. Sprechen Sie vor der Einnahme dieses Arzneimittels mit einem Psychiater.<\/p>\n<p><strong>Wichtige Dinge \u00fcber Nipam 5 MG Tablet <\/strong><\/p>\n<p>Wie lange h\u00e4lt die Wirkung an?<\/p>\n<p>Generelt varer virkningen af \u200b\u200bdenne medicin mellem 6 og 8 timer.<\/p>\n<p>Wann beginnt der Kampf?<\/p>\n<p>Sie werden nach 30 bis 60 Minuten merken, dass dieses Medikament wirkt.<\/p>\n<p>Gibt es Anzeichen f\u00fcr eine Schwangerschaft?<\/p>\n<p>Schwangere sollten dieses Arzneimittel nicht einnehmen. Nipam 5 mg Tabletten passieren die Plazenta. Es wurde \u00fcber Lippen-Kiefer-Gaumenspalten berichtet, neuere Daten st\u00fctzen jedoch keinen Zusammenhang zwischen Medikamentenkonsum und Lippen-Kiefer-Gaumenspalten. Weitere berichtete Geburtsfehler sind Leistenbr\u00fcche, Herzfehler, Spina bifida, dysmorphe Gesichtsz\u00fcge, Skelettdefekte und viele andere. Hypotonie und Entzugserscheinungen wurden auch nach Einnahme kurz vor der Geburt berichtet.<\/p>\n<p>Wird es zur Gewohnheit?<\/p>\n<p>Es wurde eine Tendenz zur Gewohnheitsbildung beschrieben.<\/p>\n<p>Gibt es Tipps zum Stillen?<\/p>\n<p>Stillende Frauen sollten dieses Arzneimittel nicht einnehmen. Die 5 mg Nipam-Tablette kann in die Muttermilch \u00fcbergehen.<\/p>\n<p>Ist es sicher, wenn Sie trinken?<\/p>\n<p>Benzodiazepine werden mit einer verst\u00e4rkten Depression des ZNS in Verbindung gebracht. Vermeiden oder trinken Sie weniger Alkohol.<\/p>\n<p>Darf ich nach der Einnahme dieses Arzneimittels Auto fahren?<\/p>\n<p>Dieses Arzneimittel hat Nebenwirkungen, die zu Bewusstlosigkeit f\u00fchren k\u00f6nnen. Daher sollte der Patient nicht Auto fahren, wenn er sich schlecht f\u00fchlt, z. B. schl\u00e4frig, schwindelig ist oder Sehst\u00f6rungen hat.<\/p>\n<p>\u00c4ndert dies die Funktion der Nieren?<\/p>\n<p>Kann nicht dialysiert werden (0 % bis 5 %); zus\u00e4tzliche Menge ist nicht erforderlich.<\/p>\n<p>Ver\u00e4ndert dies die Funktionsweise der Leber?<\/p>\n<p>Nehmen Sie es nicht ein, wenn Sie an Leberzirrhose oder einer schweren oder akuten Lebererkrankung leiden; reduzieren Sie die Menge um die H\u00e4lfte.<\/p>\n<p>Wenn Sie vermuten, dass jemand eine \u00dcberdosis eingenommen hat, holen Sie sofort medizinische Hilfe oder rufen Sie Ihren Arzt an. Die hier angegebenen Informationen basieren auf dem Salzgehalt des Arzneimittels. Das Arzneimittel kann bei verschiedenen Menschen unterschiedliche Wirkungen haben. Sprechen Sie vor der Einnahme dieses Arzneimittels mit einem Psychiater.<\/p>\n<h3>Wie k\u00f6nnen wir Pakete versenden?<\/h3>\n<p>Wir verpacken die Pakete vorsichtig mit Wolfram- und Kohlepapier, um die traditionellen R\u00f6ntgenger\u00e4te an den Flugh\u00e4fen zu umgehen. Die Pakete werden von au\u00dfen einwandfrei mit Segenspapieren gestopft.<\/p>\n<h3>Wie kann das funktionieren?<\/h3>\n<p>Kaufen Sie Nitrazepam (Nipam) Online, Nitrazepam hat einen Platz mit einer Versammlung von Drogen genannt Benzodiazepine. Es wirkt auf Rezeptoren im Gro\u00dfhirn (GABA-Rezeptoren) und bewirkt die Aussch\u00fcttung einer Verbindung namens GABA (Gamma-Aminobutters\u00e4ure). GABA ist eine bemerkenswerte hemmende Substanz im Gro\u00dfhirn, die mit der Anregung von Lethargie und der Kontrolle von Unruhe und Anf\u00e4llen verbunden ist.<\/p>\n<p>Nitrazepam wirkt, indem es die Bewegung von GABA ausweitet und auf diese Weise die Arbeit spezifischer Zonen des Geistes vermindert. Dies f\u00fchrt zu Tr\u00e4gheit, einer Verringerung der Spannung und der Entspannung der Muskeln.<\/p>\n<p>Nitrazepam wird in der Regel zur Behandlung von Schlafst\u00f6rungen eingesetzt. Es verringert die Zeit, die zum Einschlafen ben\u00f6tigt wird, und die n\u00e4chtlichen Erregungszust\u00e4nde, ebenso wie es die Gesamtzeit, die mit dem Ausruhen verbracht wird, vergr\u00f6\u00dfert. Da Nitrazepam lange Zeit dynamisch im K\u00f6rper bleibt, kann es am n\u00e4chsten Tag zu M\u00fcdigkeit kommen. buy-nitrazepam-nipam-online<\/p>\n<h3>Warum wird Nipam 5 mg Tablette gegen Schlaflosigkeit verwendet?<\/h3>\n<p>Wenn Sie vermuten, dass jemand eine \u00dcberdosis eingenommen hat, holen Sie sofort medizinische Hilfe oder rufen Sie Ihren Arzt an. Die hier angegebenen Informationen basieren auf dem Salzgehalt des Arzneimittels. Das Arzneimittel kann bei verschiedenen Menschen unterschiedliche Wirkungen haben. Sprechen Sie vor der Einnahme dieses Arzneimittels mit einem Psychiater.<\/p>","protected":false},"excerpt":{"rendered":"<p>Buy Nitrazepam (Nipam) Online Buy Nitrazepam (Nipam) Online\u00a0General Information: buy-nitrazepam-nipam-online, Nitrazepam is a sedative medication which is used in the short-term to help people sleep. It belongs to a group of drugs called benzodiazepines. It is mostly used in cases which are severe, disabling or causing extreme distress The medicine cost on Buy Nitrazepam 5mg [&hellip;]<\/p>","protected":false},"featured_media":3095,"comment_status":"open","ping_status":"closed","template":"","meta":{"site-sidebar-layout":"default","site-content-layout":"","ast-site-content-layout":"default","site-content-style":"default","site-sidebar-style":"default","ast-global-header-display":"","ast-banner-title-visibility":"","ast-main-header-display":"","ast-hfb-above-header-display":"","ast-hfb-below-header-display":"","ast-hfb-mobile-header-display":"","site-post-title":"","ast-breadcrumbs-content":"","ast-featured-img":"","footer-sml-layout":"","theme-transparent-header-meta":"default","adv-header-id-meta":"","stick-header-meta":"","header-above-stick-meta":"","header-main-stick-meta":"","header-below-stick-meta":"","astra-migrate-meta-layouts":"set","ast-page-background-enabled":"default","ast-page-background-meta":{"desktop":{"background-color":"var(--ast-global-color-4)","background-image":"","background-repeat":"repeat","background-position":"center center","background-size":"auto","background-attachment":"scroll","background-type":"","background-media":"","overlay-type":"","overlay-color":"","overlay-opacity":"","overlay-gradient":""},"tablet":{"background-color":"","background-image":"","background-repeat":"repeat","background-position":"center center","background-size":"auto","background-attachment":"scroll","background-type":"","background-media":"","overlay-type":"","overlay-color":"","overlay-opacity":"","overlay-gradient":""},"mobile":{"background-color":"","background-image":"","background-repeat":"repeat","background-position":"center center","background-size":"auto","background-attachment":"scroll","background-type":"","background-media":"","overlay-type":"","overlay-color":"","overlay-opacity":"","overlay-gradient":""}},"ast-content-background-meta":{"desktop":{"background-color":"var(--ast-global-color-5)","background-image":"","background-repeat":"repeat","background-position":"center center","background-size":"auto","background-attachment":"scroll","background-type":"","background-media":"","overlay-type":"","overlay-color":"","overlay-opacity":"","overlay-gradient":""},"tablet":{"background-color":"var(--ast-global-color-5)","background-image":"","background-repeat":"repeat","background-position":"center center","background-size":"auto","background-attachment":"scroll","background-type":"","background-media":"","overlay-type":"","overlay-color":"","overlay-opacity":"","overlay-gradient":""},"mobile":{"background-color":"var(--ast-global-color-5)","background-image":"","background-repeat":"repeat","background-position":"center center","background-size":"auto","background-attachment":"scroll","background-type":"","background-media":"","overlay-type":"","overlay-color":"","overlay-opacity":"","overlay-gradient":""}}},"product_brand":[],"product_cat":[2385],"product_tag":[1087,1088,1086,1081,1084,1083,1082,1085,1080,1079,1090,1089],"class_list":{"0":"post-3065","1":"product","2":"type-product","3":"status-publish","4":"has-post-thumbnail","6":"product_cat-buy-pain-killer-pills-online","7":"product_tag-buy-nitrazeoam-nipam-in-canada","8":"product_tag-buy-nitrazeoam-nipam-in-uk","9":"product_tag-buy-nitrazeoam-nipam-in-usa","10":"product_tag-buy-nitrazeoam-nipam-with-bitcoin","11":"product_tag-buy-nitrazeoam-nipam-with-credit-card","12":"product_tag-buy-nitrazeoam-nipam-with-money-gram","13":"product_tag-buy-nitrazeoam-nipam-with-western-union","14":"product_tag-buy-nitrazeoam-nipam-without-a-doctor","15":"product_tag-buy-nitrazeoam-nipam-without-prescription","16":"product_tag-nitrazeoam-nipam-for-sale","17":"product_tag-nitrazeoam-nipam-pills","18":"product_tag-nitrazeoam-nipam-tablets","19":"desktop-align-center","20":"tablet-align-left","21":"mobile-align-left","23":"first","24":"instock","25":"shipping-taxable","26":"purchasable","27":"product-type-variable","28":"has-default-attributes"},"yoast_head":"<!-- This site is optimized with the Yoast SEO plugin v25.9 - https:\/\/yoast.com\/wordpress\/plugins\/seo\/ -->\n<title>Buy Nitrazepam (Nipam) Online - Sleeping Pills Vendor<\/title>\n<meta name=\"description\" content=\"Buy Nitrazepam (Nipam) Online, Nitrazepam-5-MG and there variants. Check for ... Nitrazepam 5 MG This composition has 44 Products ... NIPAM 5MG TAB\" \/>\n<meta name=\"robots\" content=\"index, follow, max-snippet:-1, max-image-preview:large, max-video-preview:-1\" \/>\n<link rel=\"canonical\" href=\"https:\/\/buy-prescriptionz.com\/de\/produkt\/kaufen-nitrazepam-nipam-online-3\/\" \/>\n<meta property=\"og:locale\" content=\"de_DE\" \/>\n<meta property=\"og:type\" content=\"article\" \/>\n<meta property=\"og:title\" content=\"Buy Nitrazepam (Nipam) Online - Sleeping Pills Vendor\" \/>\n<meta property=\"og:description\" content=\"Buy Nitrazepam (Nipam) Online, Nitrazepam-5-MG and there variants. Check for ... Nitrazepam 5 MG This composition has 44 Products ... NIPAM 5MG TAB\" \/>\n<meta property=\"og:url\" content=\"https:\/\/buy-prescriptionz.com\/de\/produkt\/kaufen-nitrazepam-nipam-online-3\/\" \/>\n<meta property=\"og:site_name\" content=\"Buy Prescriptionz\" \/>\n<meta property=\"article:modified_time\" content=\"2025-09-24T06:50:48+00:00\" \/>\n<meta property=\"og:image\" content=\"https:\/\/buy-prescriptionz.com\/wp-content\/uploads\/2025\/09\/nitrazeoam-nipam.jpg\" \/>\n\t<meta property=\"og:image:width\" content=\"400\" \/>\n\t<meta property=\"og:image:height\" content=\"300\" \/>\n\t<meta property=\"og:image:type\" content=\"image\/jpeg\" \/>\n<meta name=\"twitter:card\" content=\"summary_large_image\" \/>\n<meta name=\"twitter:label1\" content=\"Gesch\u00e4tzte Lesezeit\" \/>\n\t<meta name=\"twitter:data1\" content=\"6\u00a0Minuten\" \/>\n<script type=\"application\/ld+json\" class=\"yoast-schema-graph\">{\"@context\":\"https:\/\/schema.org\",\"@graph\":[{\"@type\":\"WebPage\",\"@id\":\"https:\/\/buy-prescriptionz.com\/product\/buy-nitrazepam-nipam-online\/\",\"url\":\"https:\/\/buy-prescriptionz.com\/product\/buy-nitrazepam-nipam-online\/\",\"name\":\"Buy Nitrazepam (Nipam) Online - Sleeping Pills Vendor\",\"isPartOf\":{\"@id\":\"https:\/\/buy-prescriptionz.com\/#website\"},\"primaryImageOfPage\":{\"@id\":\"https:\/\/buy-prescriptionz.com\/product\/buy-nitrazepam-nipam-online\/#primaryimage\"},\"image\":{\"@id\":\"https:\/\/buy-prescriptionz.com\/product\/buy-nitrazepam-nipam-online\/#primaryimage\"},\"thumbnailUrl\":\"https:\/\/buy-prescriptionz.com\/wp-content\/uploads\/2025\/09\/nitrazeoam-nipam.jpg\",\"datePublished\":\"2025-09-16T08:56:10+00:00\",\"dateModified\":\"2025-09-24T06:50:48+00:00\",\"description\":\"Buy Nitrazepam (Nipam) Online, Nitrazepam-5-MG and there variants. Check for ... Nitrazepam 5 MG This composition has 44 Products ... NIPAM 5MG TAB\",\"breadcrumb\":{\"@id\":\"https:\/\/buy-prescriptionz.com\/product\/buy-nitrazepam-nipam-online\/#breadcrumb\"},\"inLanguage\":\"de\",\"potentialAction\":[{\"@type\":\"ReadAction\",\"target\":[\"https:\/\/buy-prescriptionz.com\/product\/buy-nitrazepam-nipam-online\/\"]}]},{\"@type\":\"ImageObject\",\"inLanguage\":\"de\",\"@id\":\"https:\/\/buy-prescriptionz.com\/product\/buy-nitrazepam-nipam-online\/#primaryimage\",\"url\":\"https:\/\/buy-prescriptionz.com\/wp-content\/uploads\/2025\/09\/nitrazeoam-nipam.jpg\",\"contentUrl\":\"https:\/\/buy-prescriptionz.com\/wp-content\/uploads\/2025\/09\/nitrazeoam-nipam.jpg\",\"width\":400,\"height\":300},{\"@type\":\"BreadcrumbList\",\"@id\":\"https:\/\/buy-prescriptionz.com\/product\/buy-nitrazepam-nipam-online\/#breadcrumb\",\"itemListElement\":[{\"@type\":\"ListItem\",\"position\":1,\"name\":\"Home\",\"item\":\"https:\/\/buy-prescriptionz.com\/\"},{\"@type\":\"ListItem\",\"position\":2,\"name\":\"Shop Painkillers Online\",\"item\":\"https:\/\/buy-prescriptionz.com\/shop-painkillers-online\/\"},{\"@type\":\"ListItem\",\"position\":3,\"name\":\"Buy Nitrazepam (Nipam) Online\"}]},{\"@type\":\"WebSite\",\"@id\":\"https:\/\/buy-prescriptionz.com\/#website\",\"url\":\"https:\/\/buy-prescriptionz.com\/\",\"name\":\"Buy Prescriptionz\",\"description\":\"Drugs Online\",\"publisher\":{\"@id\":\"https:\/\/buy-prescriptionz.com\/#organization\"},\"potentialAction\":[{\"@type\":\"SearchAction\",\"target\":{\"@type\":\"EntryPoint\",\"urlTemplate\":\"https:\/\/buy-prescriptionz.com\/?s={search_term_string}\"},\"query-input\":{\"@type\":\"PropertyValueSpecification\",\"valueRequired\":true,\"valueName\":\"search_term_string\"}}],\"inLanguage\":\"de\"},{\"@type\":\"Organization\",\"@id\":\"https:\/\/buy-prescriptionz.com\/#organization\",\"name\":\"Buy Prescriptionz\",\"url\":\"https:\/\/buy-prescriptionz.com\/\",\"logo\":{\"@type\":\"ImageObject\",\"inLanguage\":\"de\",\"@id\":\"https:\/\/buy-prescriptionz.com\/#\/schema\/logo\/image\/\",\"url\":\"https:\/\/buy-prescriptionz.com\/wp-content\/uploads\/2023\/09\/logo.png\",\"contentUrl\":\"https:\/\/buy-prescriptionz.com\/wp-content\/uploads\/2023\/09\/logo.png\",\"width\":350,\"height\":64,\"caption\":\"Buy Prescriptionz\"},\"image\":{\"@id\":\"https:\/\/buy-prescriptionz.com\/#\/schema\/logo\/image\/\"}}]}<\/script>\n<!-- \/ Yoast SEO plugin. -->","yoast_head_json":{"title":"Nitrazepam (Nipam) online kaufen - Schlaftabletten-Verk\u00e4ufer","description":"Kaufen Sie Nitrazepam (Nipam) Online, Nitrazepam-5-MG und ihre Varianten. Pr\u00fcfen Sie auf ... Nitrazepam 5 MG Diese Zusammensetzung hat 44 Produkte ... NIPAM 5MG TAB","robots":{"index":"index","follow":"follow","max-snippet":"max-snippet:-1","max-image-preview":"max-image-preview:large","max-video-preview":"max-video-preview:-1"},"canonical":"https:\/\/buy-prescriptionz.com\/de\/produkt\/kaufen-nitrazepam-nipam-online-3\/","og_locale":"de_DE","og_type":"article","og_title":"Buy Nitrazepam (Nipam) Online - Sleeping Pills Vendor","og_description":"Buy Nitrazepam (Nipam) Online, Nitrazepam-5-MG and there variants. Check for ... Nitrazepam 5 MG This composition has 44 Products ... NIPAM 5MG TAB","og_url":"https:\/\/buy-prescriptionz.com\/de\/produkt\/kaufen-nitrazepam-nipam-online-3\/","og_site_name":"Buy Prescriptionz","article_modified_time":"2025-09-24T06:50:48+00:00","og_image":[{"width":400,"height":300,"url":"https:\/\/buy-prescriptionz.com\/wp-content\/uploads\/2025\/09\/nitrazeoam-nipam.jpg","type":"image\/jpeg"}],"twitter_card":"summary_large_image","twitter_misc":{"Gesch\u00e4tzte Lesezeit":"6\u00a0Minuten"},"schema":{"@context":"https:\/\/schema.org","@graph":[{"@type":"WebPage","@id":"https:\/\/buy-prescriptionz.com\/product\/buy-nitrazepam-nipam-online\/","url":"https:\/\/buy-prescriptionz.com\/product\/buy-nitrazepam-nipam-online\/","name":"Nitrazepam (Nipam) online kaufen - Schlaftabletten-Verk\u00e4ufer","isPartOf":{"@id":"https:\/\/buy-prescriptionz.com\/#website"},"primaryImageOfPage":{"@id":"https:\/\/buy-prescriptionz.com\/product\/buy-nitrazepam-nipam-online\/#primaryimage"},"image":{"@id":"https:\/\/buy-prescriptionz.com\/product\/buy-nitrazepam-nipam-online\/#primaryimage"},"thumbnailUrl":"https:\/\/buy-prescriptionz.com\/wp-content\/uploads\/2025\/09\/nitrazeoam-nipam.jpg","datePublished":"2025-09-16T08:56:10+00:00","dateModified":"2025-09-24T06:50:48+00:00","description":"Kaufen Sie Nitrazepam (Nipam) Online, Nitrazepam-5-MG und ihre Varianten. Pr\u00fcfen Sie auf ... Nitrazepam 5 MG Diese Zusammensetzung hat 44 Produkte ... NIPAM 5MG TAB","breadcrumb":{"@id":"https:\/\/buy-prescriptionz.com\/product\/buy-nitrazepam-nipam-online\/#breadcrumb"},"inLanguage":"de","potentialAction":[{"@type":"ReadAction","target":["https:\/\/buy-prescriptionz.com\/product\/buy-nitrazepam-nipam-online\/"]}]},{"@type":"ImageObject","inLanguage":"de","@id":"https:\/\/buy-prescriptionz.com\/product\/buy-nitrazepam-nipam-online\/#primaryimage","url":"https:\/\/buy-prescriptionz.com\/wp-content\/uploads\/2025\/09\/nitrazeoam-nipam.jpg","contentUrl":"https:\/\/buy-prescriptionz.com\/wp-content\/uploads\/2025\/09\/nitrazeoam-nipam.jpg","width":400,"height":300},{"@type":"BreadcrumbList","@id":"https:\/\/buy-prescriptionz.com\/product\/buy-nitrazepam-nipam-online\/#breadcrumb","itemListElement":[{"@type":"ListItem","position":1,"name":"Home","item":"https:\/\/buy-prescriptionz.com\/"},{"@type":"ListItem","position":2,"name":"Shop Painkillers Online","item":"https:\/\/buy-prescriptionz.com\/shop-painkillers-online\/"},{"@type":"ListItem","position":3,"name":"Buy Nitrazepam (Nipam) Online"}]},{"@type":"WebSite","@id":"https:\/\/buy-prescriptionz.com\/#website","url":"https:\/\/buy-prescriptionz.com\/","name":"Kaufen Prescriptionz","description":"Online-Drogen","publisher":{"@id":"https:\/\/buy-prescriptionz.com\/#organization"},"potentialAction":[{"@type":"SearchAction","target":{"@type":"EntryPoint","urlTemplate":"https:\/\/buy-prescriptionz.com\/?s={search_term_string}"},"query-input":{"@type":"PropertyValueSpecification","valueRequired":true,"valueName":"search_term_string"}}],"inLanguage":"de"},{"@type":"Organization","@id":"https:\/\/buy-prescriptionz.com\/#organization","name":"Kaufen Prescriptionz","url":"https:\/\/buy-prescriptionz.com\/","logo":{"@type":"ImageObject","inLanguage":"de","@id":"https:\/\/buy-prescriptionz.com\/#\/schema\/logo\/image\/","url":"https:\/\/buy-prescriptionz.com\/wp-content\/uploads\/2023\/09\/logo.png","contentUrl":"https:\/\/buy-prescriptionz.com\/wp-content\/uploads\/2023\/09\/logo.png","width":350,"height":64,"caption":"Buy Prescriptionz"},"image":{"@id":"https:\/\/buy-prescriptionz.com\/#\/schema\/logo\/image\/"}}]}},"_links":{"self":[{"href":"https:\/\/buy-prescriptionz.com\/de\/wp-json\/wp\/v2\/product\/3065","targetHints":{"allow":["GET"]}}],"collection":[{"href":"https:\/\/buy-prescriptionz.com\/de\/wp-json\/wp\/v2\/product"}],"about":[{"href":"https:\/\/buy-prescriptionz.com\/de\/wp-json\/wp\/v2\/types\/product"}],"replies":[{"embeddable":true,"href":"https:\/\/buy-prescriptionz.com\/de\/wp-json\/wp\/v2\/comments?post=3065"}],"wp:featuredmedia":[{"embeddable":true,"href":"https:\/\/buy-prescriptionz.com\/de\/wp-json\/wp\/v2\/media\/3095"}],"wp:attachment":[{"href":"https:\/\/buy-prescriptionz.com\/de\/wp-json\/wp\/v2\/media?parent=3065"}],"wp:term":[{"taxonomy":"product_brand","embeddable":true,"href":"https:\/\/buy-prescriptionz.com\/de\/wp-json\/wp\/v2\/product_brand?post=3065"},{"taxonomy":"product_cat","embeddable":true,"href":"https:\/\/buy-prescriptionz.com\/de\/wp-json\/wp\/v2\/product_cat?post=3065"},{"taxonomy":"product_tag","embeddable":true,"href":"https:\/\/buy-prescriptionz.com\/de\/wp-json\/wp\/v2\/product_tag?post=3065"}],"curies":[{"name":"wp","href":"https:\/\/api.w.org\/{rel}","templated":true}]}}