{"id":3066,"date":"2025-09-16T08:56:11","date_gmt":"2025-09-16T08:56:11","guid":{"rendered":"https:\/\/chemsfine.com\/newsite\/?post_type=product&#038;p=3066"},"modified":"2025-09-29T11:01:19","modified_gmt":"2025-09-29T11:01:19","slug":"mepron-chemikalie-online-kaufen","status":"publish","type":"product","link":"https:\/\/buy-prescriptionz.com\/de\/produkt\/mepron-chemikalie-online-kaufen\/","title":{"rendered":"Mepron Chemical online kaufen"},"content":{"rendered":"<h2>Mepron Chemical online kaufen<\/h2>\n<h3>Was bewirkt Mepron?<\/h3>\n<p>W\u00e4hrend manche Menschen Trimethoprim-Sulfamethoxazol (TMP-SMX) nicht einnehmen k\u00f6nnen, ist Mepron (Atovaquon) ein Antiprotozoikum, das zur Behandlung einer leichten bis mittelschweren Pneumocystis-carinii-Pneumonie eingesetzt wird. Es wird auch verwendet, um diese Infektion bei Menschen zu vermeiden, die dazu in der Lage sind.<\/p>\n<h3>Wie f\u00fchlen Sie sich mit Mepron?<\/h3>\n<p>Magenschmerzen oder -verstimmung, Durchfall, Verstopfung, Kopfschmerzen, M\u00fcdigkeit, Schwindel, Muskelschmerzen, Hautausschlag, Schwitzen oder Schlafst\u00f6rungen und Unf\u00e4higkeit einzuschlafen oder durchzuschlafen. Wenn bei Ihnen eine der folgenden gef\u00e4hrlichen Nebenwirkungen auftritt, sollten Sie sofort einen Arzt aufsuchen oder die Notrufnummer 911 anrufen. Warnsignale an den Augen wie schneller Sehverlust, verschwommenes Sehen, Tunnelblick, Augenschmerzen oder -schwellungen oder das Sehen von Ringen um Lichter. Schwere Herzprobleme wie schneller, unregelm\u00e4\u00dfiger oder pochender Herzschlag, Zittern in der Brust, Kurzatmigkeit und schnelles Schwindelgef\u00fchl, Benommenheit oder Ohnmacht. Starke Kopfschmerzen, Verwirrtheit, undeutliche Aussprache, schwache Arme oder Beine, Schwierigkeiten beim Gehen, Gleichgewichtsverlust, Zittern, sehr steife Muskeln, hohes Fieber, starkes Schwitzen oder Zittern. Es k\u00f6nnen noch weitere Nebenwirkungen auftreten, die in diesem Text nicht aufgef\u00fchrt sind. Sprechen Sie mit Ihrem Arzt, wenn Sie mehr \u00fcber Nebenwirkungen erfahren m\u00f6chten.<\/p>\n<h3>Wie viel Mepron soll ich einnehmen?<\/h3>\n<p>Mepron (Atovaquon) ist in einer St\u00e4rke von 750 mg Atovaquon pro Teel\u00f6ffel (5 ml) erh\u00e4ltlich. Die Dosierung ist f\u00fcr Erwachsene und Kinder unterschiedlich und wird vom verschreibenden Arzt festgelegt. Beachten Sie, dass die Einnahme von Mepron Suspension ohne Nahrung den Behandlungserfolg beeintr\u00e4chtigen kann. Personen mit einer Atovaquonallergie sollten dieses Arzneimittel nicht einnehmen.<\/p>\n<p>Welche anderen Medikamente, Substanzen oder Nahrungserg\u00e4nzungsmittel wirken zusammen mit Mepron? Mepron kann in Kombination mit einigen Medikamenten, wie Rifabutin, Rifampin, Blutverd\u00fcnnern oder Medikamenten zur Behandlung von Krampfanf\u00e4llen, nicht gut wirken.<\/p>\n<p>Mepron w\u00e4hrend der Schwangerschaft oder Stillzeit Es liegen nicht gen\u00fcgend Berichte \u00fcber die Anwendung von Mepron bei Schwangeren vor. Mepron sollte w\u00e4hrend der Schwangerschaft nur angewendet werden, wenn der m\u00f6gliche Nutzen das m\u00f6gliche Risiko f\u00fcr das ungeborene Kind \u00fcberwiegt. Es ist nicht bekannt, ob Mepron in die Muttermilch \u00fcbergeht. Sprechen Sie mit Ihrem Arzt, bevor Sie mit dem Stillen beginnen.<\/p>\n<p>F\u00fcr eine zuverl\u00e4ssige und bequeme M\u00f6glichkeit, Mepron zu kaufen, w\u00e4hlen Sie die beste Apotheke Buy-prescriptionz.com. Mit einer gro\u00dfen Auswahl an Originalmedikamenten, wettbewerbsf\u00e4higen Preisen, sicheren Transaktionen und exzellentem Kundenservice sorgt Buy-prescriptionz.com f\u00fcr ein reibungsloses und zuverl\u00e4ssiges Einkaufserlebnis. Besuchen Sie Buy-prescriptionz.com noch heute und sichern Sie sich Ihre Rezeptw\u00fcnsche.<\/p>\n<h3>Wichtige Informationen zu Mepron<\/h3>\n<p>Kaufen Sie Mepron online. Pneumocystis-jiroveci-Pneumonie ist eine Form der Lungenentz\u00fcndung, die die Lunge bef\u00e4llt. Der Pneumocystis-jiroveci-Wurzeln verursachen Infektionen. Marken- oder Standard-Mepron enth\u00e4lt Atovaquon in feinerer Form. Dies f\u00f6rdert die bessere Aufnahme des Medikaments im Vergleich zu anderen Tabletten. Es wird sowohl zur Vorbeugung als auch zur Behandlung von Pneumocystis-jiroveci-Pneumonie eingesetzt. Marken- oder Standard-Mepron hemmt das Wachstum der Pneumocystis-jiroveci-Wurzeln bei HIV-bedingten Raten. Es kann f\u00fcr jede Altersgruppe mit einer angemessenen Dosis empfohlen werden. Das Medikament wird auch zur Vorbeugung von Pneumocystis-carinii-Pneumonie bei Personen verschrieben, die eine Behandlung mit Trimethoprim-Sulfamethoxazol nicht vertragen.<\/p>\n<h3>Schutzma\u00dfnahmen\/Nebenwirkungen f\u00fcr M\u00e4nner<\/h3>\n<p>Nehmen Sie Mepron\/Atovaquon (Marken- oder Generikapr\u00e4parate) zusammen mit einer Mahlzeit ein. Es verbessert die Bioverf\u00fcgbarkeit, d. h. die Konzentration des Medikaments im K\u00f6rper wird bei Einnahme mit einer Mahlzeit erh\u00f6ht. Ihr Arzt wird Ihnen das Medikament in Form einer Infusion verabreichen, wenn Sie es nicht zusammen mit einer Mahlzeit einnehmen k\u00f6nnen. Dies ist wichtig f\u00fcr die Heilungs- und \u00dcberlebenschancen. Bei Vorliegen anderer bakterieller oder viraler Infektionen ist die gleichzeitige Einnahme dieses Medikaments nicht ratsam. Fragen Sie Ihren Arzt, wenn Sie schwanger sind. Um die Vorteile einer Mepron-Behandlung gegen\u00fcber dem Risiko einer Pneumocystis-jiroveci-Pneumonie abzuw\u00e4gen, ist eine fundierte Entscheidung erforderlich. Fragen Sie Ihren Arzt, wenn das Medikament w\u00e4hrend der Schwangerschaft eingenommen werden soll. Informieren Sie Ihren Arzt, wenn Sie an Leber- oder Niereninfektionen leiden oder bestimmte Medikamente wie Rifabutin, Rifampicin, Mepron-Pr\u00e4parate online kaufen, Medikamente gegen Anf\u00e4lle usw. einnehmen. Die Nebenwirkungen, die w\u00e4hrend der Behandlung mit dem Original- oder konventionellen Mepron\/Atovaquon auftreten k\u00f6nnen, sind: Schmerzen, \u00dcbelkeit, Schwindel, ungew\u00f6hnliche Schw\u00e4che und wei\u00dfe Flecken im Hals oder Mund. Das Original- oder konventionelle Mepron kann auch leichte Nebenwirkungen wie Verstopfung, Durchfall, Schlaflosigkeit, Schwitzen und leichte Hautausschl\u00e4ge verursachen.<\/p>\n<h3>Mepron Dosierung<\/h3>\n<p>Die Original- oder Standard-Mepron-Suspension ist in Fl\u00e4schchen erh\u00e4ltlich. Zur Vorbeugung wird eine Dosis von 10 ml einmal t\u00e4glich zu den Mahlzeiten empfohlen. Zur Behandlung wird eine Dosis von 5 ml Suspension zweimal t\u00e4glich \u00fcber 21 Tage empfohlen. Die Dosierungen sind f\u00fcr Erwachsene und Jugendliche \u00fcber 13 Jahre gleich. Halten Sie zwischen den beiden Dosen einen gleichm\u00e4\u00dfigen Zeitabstand ein, um eine gleichm\u00e4\u00dfige Konzentration des Medikaments im K\u00f6rper zu gew\u00e4hrleisten. Entfernen Sie die Lasche an der \u00d6ffnung und rei\u00dfen Sie an der Einkerbung auf, um die Tasche zu \u00f6ffnen. Sch\u00fctteln Sie die Flasche vor Gebrauch vorsichtig. Beenden Sie die Einnahme des Medikaments nicht innerhalb der empfohlenen Zeitspanne. Wir f\u00fchren Mepron-Suspension zum Einnehmen in Dosen von 750 mg\/5 ml. Ich spare bei anhaltender Krankheit. Kaufen Sie Mepron bei Buyprescriptionz und profitieren Sie von den niedrigeren Preisen.<\/p>","protected":false},"excerpt":{"rendered":"<p>Buy Mepron Chemical Online What does mepron do? While some people can&#8217;t take trimethoprim-sulfamethoxazole (TMP-SMX), mepron (atovaquone) is an antiprotozoal drug that is used to treat mild to moderate Pneumocystis carinii pneumonia, it is also used to avoid this infection in people who can. How does Mepron make you feel? stomach pain or upset, diarrhoea, [&hellip;]<\/p>","protected":false},"featured_media":3096,"comment_status":"open","ping_status":"closed","template":"","meta":{"site-sidebar-layout":"default","site-content-layout":"","ast-site-content-layout":"default","site-content-style":"default","site-sidebar-style":"default","ast-global-header-display":"","ast-banner-title-visibility":"","ast-main-header-display":"","ast-hfb-above-header-display":"","ast-hfb-below-header-display":"","ast-hfb-mobile-header-display":"","site-post-title":"","ast-breadcrumbs-content":"","ast-featured-img":"","footer-sml-layout":"","theme-transparent-header-meta":"default","adv-header-id-meta":"","stick-header-meta":"","header-above-stick-meta":"","header-main-stick-meta":"","header-below-stick-meta":"","astra-migrate-meta-layouts":"set","ast-page-background-enabled":"default","ast-page-background-meta":{"desktop":{"background-color":"var(--ast-global-color-4)","background-image":"","background-repeat":"repeat","background-position":"center center","background-size":"auto","background-attachment":"scroll","background-type":"","background-media":"","overlay-type":"","overlay-color":"","overlay-opacity":"","overlay-gradient":""},"tablet":{"background-color":"","background-image":"","background-repeat":"repeat","background-position":"center center","background-size":"auto","background-attachment":"scroll","background-type":"","background-media":"","overlay-type":"","overlay-color":"","overlay-opacity":"","overlay-gradient":""},"mobile":{"background-color":"","background-image":"","background-repeat":"repeat","background-position":"center center","background-size":"auto","background-attachment":"scroll","background-type":"","background-media":"","overlay-type":"","overlay-color":"","overlay-opacity":"","overlay-gradient":""}},"ast-content-background-meta":{"desktop":{"background-color":"var(--ast-global-color-5)","background-image":"","background-repeat":"repeat","background-position":"center center","background-size":"auto","background-attachment":"scroll","background-type":"","background-media":"","overlay-type":"","overlay-color":"","overlay-opacity":"","overlay-gradient":""},"tablet":{"background-color":"var(--ast-global-color-5)","background-image":"","background-repeat":"repeat","background-position":"center center","background-size":"auto","background-attachment":"scroll","background-type":"","background-media":"","overlay-type":"","overlay-color":"","overlay-opacity":"","overlay-gradient":""},"mobile":{"background-color":"var(--ast-global-color-5)","background-image":"","background-repeat":"repeat","background-position":"center center","background-size":"auto","background-attachment":"scroll","background-type":"","background-media":"","overlay-type":"","overlay-color":"","overlay-opacity":"","overlay-gradient":""}}},"product_brand":[],"product_cat":[2385],"product_tag":[1170,1171,1165,1168,1167,1166,1169,1164,1163,1173,1172],"class_list":{"0":"post-3066","1":"product","2":"type-product","3":"status-publish","4":"has-post-thumbnail","6":"product_cat-buy-pain-killer-pills-online","7":"product_tag-buy-mepron-chemical-name-atovaquone-in-canada","8":"product_tag-buy-mepron-chemical-name-atovaquone-in-uk","9":"product_tag-buy-mepron-chemical-name-atovaquone-with-bitcoin","10":"product_tag-buy-mepron-chemical-name-atovaquone-with-credit-card","11":"product_tag-buy-mepron-chemical-name-atovaquone-with-money-gram","12":"product_tag-buy-mepron-chemical-name-atovaquone-with-western-union","13":"product_tag-buy-mepron-chemical-name-atovaquone-without-a-doctor","14":"product_tag-buy-mepron-chemical-name-atovaquone-without-prescription","15":"product_tag-mepron-chemical-name-atovaquone-for-sale","16":"product_tag-mepron-chemical-name-atovaquone-pills","17":"product_tag-mepron-chemical-name-atovaquone-tablets","18":"desktop-align-center","19":"tablet-align-left","20":"mobile-align-left","22":"first","23":"instock","24":"shipping-taxable","25":"purchasable","26":"product-type-variable","27":"has-default-attributes"},"yoast_head":"<!-- This site is optimized with the Yoast SEO plugin v25.9 - https:\/\/yoast.com\/wordpress\/plugins\/seo\/ -->\n<title>Buy Mepron Chemical Online Buy Mepron Chemical Online-<\/title>\n<meta name=\"description\" content=\"Buy Mepron Chemical Online where you can buy Buy Mepron Chemical Online Online name-atovaquone at best prices with free shipping and home delivery\" \/>\n<meta name=\"robots\" content=\"index, follow, max-snippet:-1, max-image-preview:large, max-video-preview:-1\" \/>\n<link rel=\"canonical\" href=\"https:\/\/buy-prescriptionz.com\/de\/produkt\/mepron-chemikalie-online-kaufen\/\" \/>\n<meta property=\"og:locale\" content=\"de_DE\" \/>\n<meta property=\"og:type\" content=\"article\" \/>\n<meta property=\"og:title\" content=\"Buy Mepron Chemical Online Buy Mepron Chemical Online-\" \/>\n<meta property=\"og:description\" content=\"Buy Mepron Chemical Online where you can buy Buy Mepron Chemical Online Online name-atovaquone at best prices with free shipping and home delivery\" \/>\n<meta property=\"og:url\" content=\"https:\/\/buy-prescriptionz.com\/de\/produkt\/mepron-chemikalie-online-kaufen\/\" \/>\n<meta property=\"og:site_name\" content=\"Buy Prescriptionz\" \/>\n<meta property=\"article:modified_time\" content=\"2025-09-29T11:01:19+00:00\" \/>\n<meta property=\"og:image\" content=\"https:\/\/buy-prescriptionz.com\/wp-content\/uploads\/2025\/09\/mepron-chemical-name-atovaquone.jpg\" \/>\n\t<meta property=\"og:image:width\" content=\"400\" \/>\n\t<meta property=\"og:image:height\" content=\"300\" \/>\n\t<meta property=\"og:image:type\" content=\"image\/jpeg\" \/>\n<meta name=\"twitter:card\" content=\"summary_large_image\" \/>\n<meta name=\"twitter:label1\" content=\"Gesch\u00e4tzte Lesezeit\" \/>\n\t<meta name=\"twitter:data1\" content=\"4\u00a0Minuten\" \/>\n<script type=\"application\/ld+json\" class=\"yoast-schema-graph\">{\"@context\":\"https:\/\/schema.org\",\"@graph\":[{\"@type\":\"WebPage\",\"@id\":\"https:\/\/buy-prescriptionz.com\/product\/buy-mepron-chemical-online\/\",\"url\":\"https:\/\/buy-prescriptionz.com\/product\/buy-mepron-chemical-online\/\",\"name\":\"Buy Mepron Chemical Online Buy Mepron Chemical Online-\",\"isPartOf\":{\"@id\":\"https:\/\/buy-prescriptionz.com\/#website\"},\"primaryImageOfPage\":{\"@id\":\"https:\/\/buy-prescriptionz.com\/product\/buy-mepron-chemical-online\/#primaryimage\"},\"image\":{\"@id\":\"https:\/\/buy-prescriptionz.com\/product\/buy-mepron-chemical-online\/#primaryimage\"},\"thumbnailUrl\":\"https:\/\/buy-prescriptionz.com\/wp-content\/uploads\/2025\/09\/mepron-chemical-name-atovaquone.jpg\",\"datePublished\":\"2025-09-16T08:56:11+00:00\",\"dateModified\":\"2025-09-29T11:01:19+00:00\",\"description\":\"Buy Mepron Chemical Online where you can buy Buy Mepron Chemical Online Online name-atovaquone at best prices with free shipping and home delivery\",\"breadcrumb\":{\"@id\":\"https:\/\/buy-prescriptionz.com\/product\/buy-mepron-chemical-online\/#breadcrumb\"},\"inLanguage\":\"de\",\"potentialAction\":[{\"@type\":\"ReadAction\",\"target\":[\"https:\/\/buy-prescriptionz.com\/product\/buy-mepron-chemical-online\/\"]}]},{\"@type\":\"ImageObject\",\"inLanguage\":\"de\",\"@id\":\"https:\/\/buy-prescriptionz.com\/product\/buy-mepron-chemical-online\/#primaryimage\",\"url\":\"https:\/\/buy-prescriptionz.com\/wp-content\/uploads\/2025\/09\/mepron-chemical-name-atovaquone.jpg\",\"contentUrl\":\"https:\/\/buy-prescriptionz.com\/wp-content\/uploads\/2025\/09\/mepron-chemical-name-atovaquone.jpg\",\"width\":400,\"height\":300},{\"@type\":\"BreadcrumbList\",\"@id\":\"https:\/\/buy-prescriptionz.com\/product\/buy-mepron-chemical-online\/#breadcrumb\",\"itemListElement\":[{\"@type\":\"ListItem\",\"position\":1,\"name\":\"Home\",\"item\":\"https:\/\/buy-prescriptionz.com\/\"},{\"@type\":\"ListItem\",\"position\":2,\"name\":\"Shop Painkillers Online\",\"item\":\"https:\/\/buy-prescriptionz.com\/shop-painkillers-online\/\"},{\"@type\":\"ListItem\",\"position\":3,\"name\":\"Buy Mepron Chemical Online\"}]},{\"@type\":\"WebSite\",\"@id\":\"https:\/\/buy-prescriptionz.com\/#website\",\"url\":\"https:\/\/buy-prescriptionz.com\/\",\"name\":\"Buy Prescriptionz\",\"description\":\"Drugs Online\",\"publisher\":{\"@id\":\"https:\/\/buy-prescriptionz.com\/#organization\"},\"potentialAction\":[{\"@type\":\"SearchAction\",\"target\":{\"@type\":\"EntryPoint\",\"urlTemplate\":\"https:\/\/buy-prescriptionz.com\/?s={search_term_string}\"},\"query-input\":{\"@type\":\"PropertyValueSpecification\",\"valueRequired\":true,\"valueName\":\"search_term_string\"}}],\"inLanguage\":\"de\"},{\"@type\":\"Organization\",\"@id\":\"https:\/\/buy-prescriptionz.com\/#organization\",\"name\":\"Buy Prescriptionz\",\"url\":\"https:\/\/buy-prescriptionz.com\/\",\"logo\":{\"@type\":\"ImageObject\",\"inLanguage\":\"de\",\"@id\":\"https:\/\/buy-prescriptionz.com\/#\/schema\/logo\/image\/\",\"url\":\"https:\/\/buy-prescriptionz.com\/wp-content\/uploads\/2023\/09\/logo.png\",\"contentUrl\":\"https:\/\/buy-prescriptionz.com\/wp-content\/uploads\/2023\/09\/logo.png\",\"width\":350,\"height\":64,\"caption\":\"Buy Prescriptionz\"},\"image\":{\"@id\":\"https:\/\/buy-prescriptionz.com\/#\/schema\/logo\/image\/\"}}]}<\/script>\n<!-- \/ Yoast SEO plugin. -->","yoast_head_json":{"title":"Mepron Chemical online kaufen. Mepron Chemical online kaufen.","description":"Kaufen Sie Mepron Chemical online, wo Sie Mepron Chemical online kaufen k\u00f6nnen. Online-Name Atovaquon zu den besten Preisen mit kostenlosem Versand und Lieferung nach Hause","robots":{"index":"index","follow":"follow","max-snippet":"max-snippet:-1","max-image-preview":"max-image-preview:large","max-video-preview":"max-video-preview:-1"},"canonical":"https:\/\/buy-prescriptionz.com\/de\/produkt\/mepron-chemikalie-online-kaufen\/","og_locale":"de_DE","og_type":"article","og_title":"Buy Mepron Chemical Online Buy Mepron Chemical Online-","og_description":"Buy Mepron Chemical Online where you can buy Buy Mepron Chemical Online Online name-atovaquone at best prices with free shipping and home delivery","og_url":"https:\/\/buy-prescriptionz.com\/de\/produkt\/mepron-chemikalie-online-kaufen\/","og_site_name":"Buy Prescriptionz","article_modified_time":"2025-09-29T11:01:19+00:00","og_image":[{"width":400,"height":300,"url":"https:\/\/buy-prescriptionz.com\/wp-content\/uploads\/2025\/09\/mepron-chemical-name-atovaquone.jpg","type":"image\/jpeg"}],"twitter_card":"summary_large_image","twitter_misc":{"Gesch\u00e4tzte Lesezeit":"4\u00a0Minuten"},"schema":{"@context":"https:\/\/schema.org","@graph":[{"@type":"WebPage","@id":"https:\/\/buy-prescriptionz.com\/product\/buy-mepron-chemical-online\/","url":"https:\/\/buy-prescriptionz.com\/product\/buy-mepron-chemical-online\/","name":"Mepron Chemical online kaufen. Mepron Chemical online kaufen.","isPartOf":{"@id":"https:\/\/buy-prescriptionz.com\/#website"},"primaryImageOfPage":{"@id":"https:\/\/buy-prescriptionz.com\/product\/buy-mepron-chemical-online\/#primaryimage"},"image":{"@id":"https:\/\/buy-prescriptionz.com\/product\/buy-mepron-chemical-online\/#primaryimage"},"thumbnailUrl":"https:\/\/buy-prescriptionz.com\/wp-content\/uploads\/2025\/09\/mepron-chemical-name-atovaquone.jpg","datePublished":"2025-09-16T08:56:11+00:00","dateModified":"2025-09-29T11:01:19+00:00","description":"Kaufen Sie Mepron Chemical online, wo Sie Mepron Chemical online kaufen k\u00f6nnen. Online-Name Atovaquon zu den besten Preisen mit kostenlosem Versand und Lieferung nach Hause","breadcrumb":{"@id":"https:\/\/buy-prescriptionz.com\/product\/buy-mepron-chemical-online\/#breadcrumb"},"inLanguage":"de","potentialAction":[{"@type":"ReadAction","target":["https:\/\/buy-prescriptionz.com\/product\/buy-mepron-chemical-online\/"]}]},{"@type":"ImageObject","inLanguage":"de","@id":"https:\/\/buy-prescriptionz.com\/product\/buy-mepron-chemical-online\/#primaryimage","url":"https:\/\/buy-prescriptionz.com\/wp-content\/uploads\/2025\/09\/mepron-chemical-name-atovaquone.jpg","contentUrl":"https:\/\/buy-prescriptionz.com\/wp-content\/uploads\/2025\/09\/mepron-chemical-name-atovaquone.jpg","width":400,"height":300},{"@type":"BreadcrumbList","@id":"https:\/\/buy-prescriptionz.com\/product\/buy-mepron-chemical-online\/#breadcrumb","itemListElement":[{"@type":"ListItem","position":1,"name":"Home","item":"https:\/\/buy-prescriptionz.com\/"},{"@type":"ListItem","position":2,"name":"Shop Painkillers Online","item":"https:\/\/buy-prescriptionz.com\/shop-painkillers-online\/"},{"@type":"ListItem","position":3,"name":"Buy Mepron Chemical Online"}]},{"@type":"WebSite","@id":"https:\/\/buy-prescriptionz.com\/#website","url":"https:\/\/buy-prescriptionz.com\/","name":"Kaufen Prescriptionz","description":"Online-Drogen","publisher":{"@id":"https:\/\/buy-prescriptionz.com\/#organization"},"potentialAction":[{"@type":"SearchAction","target":{"@type":"EntryPoint","urlTemplate":"https:\/\/buy-prescriptionz.com\/?s={search_term_string}"},"query-input":{"@type":"PropertyValueSpecification","valueRequired":true,"valueName":"search_term_string"}}],"inLanguage":"de"},{"@type":"Organization","@id":"https:\/\/buy-prescriptionz.com\/#organization","name":"Kaufen Prescriptionz","url":"https:\/\/buy-prescriptionz.com\/","logo":{"@type":"ImageObject","inLanguage":"de","@id":"https:\/\/buy-prescriptionz.com\/#\/schema\/logo\/image\/","url":"https:\/\/buy-prescriptionz.com\/wp-content\/uploads\/2023\/09\/logo.png","contentUrl":"https:\/\/buy-prescriptionz.com\/wp-content\/uploads\/2023\/09\/logo.png","width":350,"height":64,"caption":"Buy Prescriptionz"},"image":{"@id":"https:\/\/buy-prescriptionz.com\/#\/schema\/logo\/image\/"}}]}},"_links":{"self":[{"href":"https:\/\/buy-prescriptionz.com\/de\/wp-json\/wp\/v2\/product\/3066","targetHints":{"allow":["GET"]}}],"collection":[{"href":"https:\/\/buy-prescriptionz.com\/de\/wp-json\/wp\/v2\/product"}],"about":[{"href":"https:\/\/buy-prescriptionz.com\/de\/wp-json\/wp\/v2\/types\/product"}],"replies":[{"embeddable":true,"href":"https:\/\/buy-prescriptionz.com\/de\/wp-json\/wp\/v2\/comments?post=3066"}],"wp:featuredmedia":[{"embeddable":true,"href":"https:\/\/buy-prescriptionz.com\/de\/wp-json\/wp\/v2\/media\/3096"}],"wp:attachment":[{"href":"https:\/\/buy-prescriptionz.com\/de\/wp-json\/wp\/v2\/media?parent=3066"}],"wp:term":[{"taxonomy":"product_brand","embeddable":true,"href":"https:\/\/buy-prescriptionz.com\/de\/wp-json\/wp\/v2\/product_brand?post=3066"},{"taxonomy":"product_cat","embeddable":true,"href":"https:\/\/buy-prescriptionz.com\/de\/wp-json\/wp\/v2\/product_cat?post=3066"},{"taxonomy":"product_tag","embeddable":true,"href":"https:\/\/buy-prescriptionz.com\/de\/wp-json\/wp\/v2\/product_tag?post=3066"}],"curies":[{"name":"wp","href":"https:\/\/api.w.org\/{rel}","templated":true}]}}