{"id":3070,"date":"2025-09-16T08:56:11","date_gmt":"2025-09-16T08:56:11","guid":{"rendered":"https:\/\/chemsfine.com\/newsite\/?post_type=product&#038;p=3070"},"modified":"2025-09-22T08:46:34","modified_gmt":"2025-09-22T08:46:34","slug":"flexeril-online-kaufen-cyclobenzaprin","status":"publish","type":"product","link":"https:\/\/buy-prescriptionz.com\/de\/produkt\/flexeril-online-kaufen-cyclobenzaprin\/","title":{"rendered":"Kaufen Flexeril Online(Cyclobenzaprin)"},"content":{"rendered":"<h2>Kaufen Flexeril (Cyclobenzaprin) Online<\/h2>\n<h3>Was ist Flexeril? Wof\u00fcr wird es verwendet?<\/h3>\n<p>Was ist Flexeril? Warum wird es verwendet? Kaufen Flexeril Online(Cyclobenzaprine), Flexeril ist ein Medikament, allgemein bekannt durch seinen Markennamen Cyclobenzaprine. Dieses Medikament (Flexeril) ist ein ZNS (zentrales Nervensystem) Muskel beruhigend, was bedeutet, dass es hilft, um Ihre Muskeln zu entspannen. Flexiril verwendet f\u00fcr einige Physiotherapie als auch durch den Arzt und ...<\/p>\n<p>Flexeril, allgemein bekannt als Cyclobenzaprin, ist ein Muskelrelaxans, das h\u00e4ufig zur Behandlung von Muskelkr\u00e4mpfen verschrieben wird. Es wird h\u00e4ufig in Kombination mit Ruhe und Physiotherapie eingesetzt, um Beschwerden bei akuten Erkrankungen des Bewegungsapparates zu lindern. Sobald Sie Flexeril als Teil einer medikament\u00f6sen Muskelentspannung anwenden, werden Sie Ver\u00e4nderungen in Ihrem K\u00f6rper feststellen. Extrem verspannte Muskeln werden gelockert, wodurch Ihre k\u00f6rperliche Aktivit\u00e4t schneller vorankommt. Sie k\u00f6nnen Flexeril online zu g\u00fcnstigen Preisen auf unserer Website kaufen.<\/p>\n<h3>Welche anderen Dinge sollten nicht zusammen mit Flexeril verwendet werden?<\/h3>\n<p>Flexeril (Cyclobenzaprin) online kaufen. Es gibt bestimmte Produkte und Medikamente, die nicht zusammen mit Flexeril eingenommen werden sollten. Dies liegt daran, dass bestimmte zentral d\u00e4mpfende Substanzen bei gleichzeitiger Anwendung mit Flexeril Nebenwirkungen haben k\u00f6nnen. Wenn Sie Flexeril online kaufen m\u00f6chten, sollten Sie sich \u00fcber die m\u00f6glichen Nebenwirkungen informieren. Zu diesen d\u00e4mpfenden Substanzen geh\u00f6ren Benzodiazepine, Barbiturate und Alkohol.<\/p>\n<p>Wir haben Ihnen bereits gesagt, dass die Einnahme von Flexeril gem\u00e4\u00df der vorgeschriebenen Dosierung nicht sch\u00e4dlich ist. Eine \u00fcberm\u00e4\u00dfige Einnahme ohne R\u00fccksprache mit einem Arzt kann jedoch sch\u00e4dlich sein.<\/p>\n<h3>C\u00f3mo usar Flexeril<strong><br \/>\n<\/strong><\/h3>\n<p>Dosierung: Halten Sie sich genau an die Anweisungen Ihres Arztes. Die \u00fcbliche Anfangsdosis betr\u00e4gt 5 mg dreimal t\u00e4glich. Diese kann je nach Ansprechen und Gesundheitszustand angepasst werden.<\/p>\n<p>Anwendung: Flexeril wird \u00fcblicherweise oral eingenommen, unabh\u00e4ngig von den Mahlzeiten. Es ist ratsam, das Medikament jeden Tag zur gleichen Zeit einzunehmen.<\/p>\n<p>Dauer: Im Allgemeinen f\u00fcr die kurzfristige Anwendung von bis zu 2\u20133 Wochen verschrieben, sofern nicht anders von einem Arzt verordnet.<\/p>\n<p>Flexeril (Cyclobenzaprin) ist ein wirksames Muskelrelaxans zur Linderung von Muskelkr\u00e4mpfen und damit verbundenen Schmerzen. Wenn Sie Flexeril online kaufen m\u00f6chten, achten Sie auf Ihre Sicherheit. Konsultieren Sie einen Arzt, nutzen Sie seri\u00f6se und gepr\u00fcfte Online-Apotheken wie buy-prescriptionz.com und halten Sie sich an die vorgeschriebenen Richtlinien. Achten Sie stets auf m\u00f6gliche Nebenwirkungen und Wechselwirkungen und verwenden Sie das Medikament verantwortungsvoll zur kurzfristigen Linderung.<\/p>\n<h3>Verwendung von Flexeril<\/h3>\n<p>Muskelkr\u00e4mpfe: Flexeril wird haupts\u00e4chlich zur Behandlung von Muskelkr\u00e4mpfen verwendet, die durch akute Erkrankungen des Bewegungsapparats wie Zerrungen und Verstauchungen verursacht werden.<\/p>\n<p>Schmerzlinderung: Es wird oft in Kombination mit Ruhe und Physiotherapie verwendet, um Muskelschmerzen zu lindern und die Beweglichkeit zu verbessern.<\/p>\n<p>Off-Label-Anwendungen: Obwohl es nicht \u00fcblich ist, kann es manchmal unter Aufsicht eines Arztes bei Erkrankungen wie Fibromyalgie oder chronischen Schmerzsyndromen off-label verwendet werden.<\/p>\n<h3>Wichtige \u00dcberlegungen<\/h3>\n<p>Dosierung und Anwendung: Befolgen Sie die Dosierungsanweisungen Ihres Arztes. Nehmen Sie keine Selbstmedikation vor und passen Sie die Dosierung nicht ohne \u00e4rztlichen Rat an.<\/p>\n<p>M\u00f6gliche Nebenwirkungen: Achten Sie auf m\u00f6gliche Nebenwirkungen wie Schl\u00e4frigkeit, Mundtrockenheit oder Schwindel. Wenden Sie sich bei Nebenwirkungen an Ihren Arzt.<\/p>\n<p>Lagerung: Lagern Sie Flexeril am besten bei Raumtemperatur, fern von Feuchtigkeit und Hitze.<\/p>\n<h3>Nebenwirkungen von Flexeril<\/h3>\n<p>Wenn Sie Flexeril online kaufen, erhalten Sie ein verschreibungspflichtiges Medikament zur kurzfristigen Behandlung schwerer Muskelverletzungen mit k\u00f6rperlicher Bet\u00e4tigung und Ruhe. Sie sollten jedoch wissen, dass ein verschreibungspflichtiges Medikament, egal wie viel es verschrieben wird, nie frei von Nebenwirkungen ist. Diese k\u00f6nnen je nach Einnahme auftreten oder nicht und k\u00f6nnen je nach Immunit\u00e4t Auswirkungen haben oder nicht.<\/p>\n<p><strong>Daher ist es am besten, sich \u00fcber die Nebenwirkungen von Flexeril zu informieren, bevor Sie es kaufen und mit der Einnahme beginnen:<\/strong><\/p>\n<p>Erh\u00f6hte Herzfrequenz.<br \/>\n\u00dcbelkeit<br \/>\nSchwindel<br \/>\nDer Mund beginnt wiederholt auszutrocknen<br \/>\nKopfschmerzen<br \/>\nVerwirrung<\/p>\n<p>Wenn Sie das Medikament einnehmen und gleichzeitig Alkohol oder andere Drogen konsumieren, selbst wenn Sie Flexeril online kaufen und ohne Rezept mit der Einnahme beginnen, k\u00f6nnen auch Sie unter den schweren Nebenwirkungen des Medikaments leiden, wie:<\/p>","protected":false},"excerpt":{"rendered":"<p>Buy Flexeril (Cyclobenzaprine) Online What is Flexeril? Why is it used? Buy Flexeril Online(Cyclobenzaprine), Flexeril is a medication, commonly known by its brand name Cyclobenzaprine. This drug (Flexeril) is a CNS (central nervous system) muscle soothing which means that it helps to get relax your muscles. Flexiril used for some physiotherapy as well as prescribed [&hellip;]<\/p>","protected":false},"featured_media":3100,"comment_status":"open","ping_status":"closed","template":"","meta":{"site-sidebar-layout":"default","site-content-layout":"","ast-site-content-layout":"default","site-content-style":"default","site-sidebar-style":"default","ast-global-header-display":"","ast-banner-title-visibility":"","ast-main-header-display":"","ast-hfb-above-header-display":"","ast-hfb-below-header-display":"","ast-hfb-mobile-header-display":"","site-post-title":"","ast-breadcrumbs-content":"","ast-featured-img":"","footer-sml-layout":"","theme-transparent-header-meta":"default","adv-header-id-meta":"","stick-header-meta":"","header-above-stick-meta":"","header-main-stick-meta":"","header-below-stick-meta":"","astra-migrate-meta-layouts":"set","ast-page-background-enabled":"default","ast-page-background-meta":{"desktop":{"background-color":"var(--ast-global-color-4)","background-image":"","background-repeat":"repeat","background-position":"center center","background-size":"auto","background-attachment":"scroll","background-type":"","background-media":"","overlay-type":"","overlay-color":"","overlay-opacity":"","overlay-gradient":""},"tablet":{"background-color":"","background-image":"","background-repeat":"repeat","background-position":"center center","background-size":"auto","background-attachment":"scroll","background-type":"","background-media":"","overlay-type":"","overlay-color":"","overlay-opacity":"","overlay-gradient":""},"mobile":{"background-color":"","background-image":"","background-repeat":"repeat","background-position":"center center","background-size":"auto","background-attachment":"scroll","background-type":"","background-media":"","overlay-type":"","overlay-color":"","overlay-opacity":"","overlay-gradient":""}},"ast-content-background-meta":{"desktop":{"background-color":"var(--ast-global-color-5)","background-image":"","background-repeat":"repeat","background-position":"center center","background-size":"auto","background-attachment":"scroll","background-type":"","background-media":"","overlay-type":"","overlay-color":"","overlay-opacity":"","overlay-gradient":""},"tablet":{"background-color":"var(--ast-global-color-5)","background-image":"","background-repeat":"repeat","background-position":"center center","background-size":"auto","background-attachment":"scroll","background-type":"","background-media":"","overlay-type":"","overlay-color":"","overlay-opacity":"","overlay-gradient":""},"mobile":{"background-color":"var(--ast-global-color-5)","background-image":"","background-repeat":"repeat","background-position":"center center","background-size":"auto","background-attachment":"scroll","background-type":"","background-media":"","overlay-type":"","overlay-color":"","overlay-opacity":"","overlay-gradient":""}}},"product_brand":[],"product_cat":[2385],"product_tag":[1051,1052,1050,1045,1048,1047,1046,1049,1044,1043,1054,1053],"class_list":{"0":"post-3070","1":"product","2":"type-product","3":"status-publish","4":"has-post-thumbnail","6":"product_cat-buy-pain-killer-pills-online","7":"product_tag-buy-flexeril-cyclobenzaprine-in-canada","8":"product_tag-buy-flexeril-cyclobenzaprine-in-uk","9":"product_tag-buy-flexeril-cyclobenzaprine-in-usa","10":"product_tag-buy-flexeril-cyclobenzaprine-with-bitcoin","11":"product_tag-buy-flexeril-cyclobenzaprine-with-credit-card","12":"product_tag-buy-flexeril-cyclobenzaprine-with-money-gram","13":"product_tag-buy-flexeril-cyclobenzaprine-with-western-union","14":"product_tag-buy-flexeril-cyclobenzaprine-without-a-doctor","15":"product_tag-buy-flexeril-cyclobenzaprine-without-prescription","16":"product_tag-flexeril-cyclobenzaprine-for-sale","17":"product_tag-flexeril-cyclobenzaprine-pills","18":"product_tag-flexeril-cyclobenzaprine-tablets","19":"desktop-align-center","20":"tablet-align-left","21":"mobile-align-left","23":"first","24":"instock","25":"shipping-taxable","26":"purchasable","27":"product-type-variable","28":"has-default-attributes"},"yoast_head":"<!-- This site is optimized with the Yoast SEO plugin v25.9 - https:\/\/yoast.com\/wordpress\/plugins\/seo\/ -->\n<title>Buy Flexeril Online - Flexeril for Sale - Order Flexeril<\/title>\n<meta name=\"description\" content=\"Our online Buy-Prescriptionz store has the best quality Flexeril for sale. If you want to buy Flexeril online, then we can help you from all ends. Order today!\" \/>\n<meta name=\"robots\" content=\"index, follow, max-snippet:-1, max-image-preview:large, max-video-preview:-1\" \/>\n<link rel=\"canonical\" href=\"https:\/\/buy-prescriptionz.com\/de\/produkt\/flexeril-online-kaufen-cyclobenzaprin\/\" \/>\n<meta property=\"og:locale\" content=\"de_DE\" \/>\n<meta property=\"og:type\" content=\"article\" \/>\n<meta property=\"og:title\" content=\"Buy Flexeril Online - Flexeril for Sale - Order Flexeril\" \/>\n<meta property=\"og:description\" content=\"Our online Buy-Prescriptionz store has the best quality Flexeril for sale. If you want to buy Flexeril online, then we can help you from all ends. Order today!\" \/>\n<meta property=\"og:url\" content=\"https:\/\/buy-prescriptionz.com\/de\/produkt\/flexeril-online-kaufen-cyclobenzaprin\/\" \/>\n<meta property=\"og:site_name\" content=\"Buy Prescriptionz\" \/>\n<meta property=\"article:modified_time\" content=\"2025-09-22T08:46:34+00:00\" \/>\n<meta property=\"og:image\" content=\"https:\/\/buy-prescriptionz.com\/wp-content\/uploads\/2025\/09\/flexeril-cyclobenzaprine.jpeg\" \/>\n\t<meta property=\"og:image:width\" content=\"400\" \/>\n\t<meta property=\"og:image:height\" content=\"300\" \/>\n\t<meta property=\"og:image:type\" content=\"image\/jpeg\" \/>\n<meta name=\"twitter:card\" content=\"summary_large_image\" \/>\n<meta name=\"twitter:label1\" content=\"Gesch\u00e4tzte Lesezeit\" \/>\n\t<meta name=\"twitter:data1\" content=\"4\u00a0Minuten\" \/>\n<script type=\"application\/ld+json\" class=\"yoast-schema-graph\">{\"@context\":\"https:\/\/schema.org\",\"@graph\":[{\"@type\":\"WebPage\",\"@id\":\"https:\/\/buy-prescriptionz.com\/product\/buy-flexeril-onlinecyclobenzaprine\/\",\"url\":\"https:\/\/buy-prescriptionz.com\/product\/buy-flexeril-onlinecyclobenzaprine\/\",\"name\":\"Buy Flexeril Online - Flexeril for Sale - Order Flexeril\",\"isPartOf\":{\"@id\":\"https:\/\/buy-prescriptionz.com\/#website\"},\"primaryImageOfPage\":{\"@id\":\"https:\/\/buy-prescriptionz.com\/product\/buy-flexeril-onlinecyclobenzaprine\/#primaryimage\"},\"image\":{\"@id\":\"https:\/\/buy-prescriptionz.com\/product\/buy-flexeril-onlinecyclobenzaprine\/#primaryimage\"},\"thumbnailUrl\":\"https:\/\/buy-prescriptionz.com\/wp-content\/uploads\/2025\/09\/flexeril-cyclobenzaprine.jpeg\",\"datePublished\":\"2025-09-16T08:56:11+00:00\",\"dateModified\":\"2025-09-22T08:46:34+00:00\",\"description\":\"Our online Buy-Prescriptionz store has the best quality Flexeril for sale. If you want to buy Flexeril online, then we can help you from all ends. Order today!\",\"breadcrumb\":{\"@id\":\"https:\/\/buy-prescriptionz.com\/product\/buy-flexeril-onlinecyclobenzaprine\/#breadcrumb\"},\"inLanguage\":\"de\",\"potentialAction\":[{\"@type\":\"ReadAction\",\"target\":[\"https:\/\/buy-prescriptionz.com\/product\/buy-flexeril-onlinecyclobenzaprine\/\"]}]},{\"@type\":\"ImageObject\",\"inLanguage\":\"de\",\"@id\":\"https:\/\/buy-prescriptionz.com\/product\/buy-flexeril-onlinecyclobenzaprine\/#primaryimage\",\"url\":\"https:\/\/buy-prescriptionz.com\/wp-content\/uploads\/2025\/09\/flexeril-cyclobenzaprine.jpeg\",\"contentUrl\":\"https:\/\/buy-prescriptionz.com\/wp-content\/uploads\/2025\/09\/flexeril-cyclobenzaprine.jpeg\",\"width\":400,\"height\":300},{\"@type\":\"BreadcrumbList\",\"@id\":\"https:\/\/buy-prescriptionz.com\/product\/buy-flexeril-onlinecyclobenzaprine\/#breadcrumb\",\"itemListElement\":[{\"@type\":\"ListItem\",\"position\":1,\"name\":\"Home\",\"item\":\"https:\/\/buy-prescriptionz.com\/\"},{\"@type\":\"ListItem\",\"position\":2,\"name\":\"Shop Painkillers Online\",\"item\":\"https:\/\/buy-prescriptionz.com\/shop-painkillers-online\/\"},{\"@type\":\"ListItem\",\"position\":3,\"name\":\"Buy Flexeril Online(Cyclobenzaprine)\"}]},{\"@type\":\"WebSite\",\"@id\":\"https:\/\/buy-prescriptionz.com\/#website\",\"url\":\"https:\/\/buy-prescriptionz.com\/\",\"name\":\"Buy Prescriptionz\",\"description\":\"Drugs Online\",\"publisher\":{\"@id\":\"https:\/\/buy-prescriptionz.com\/#organization\"},\"potentialAction\":[{\"@type\":\"SearchAction\",\"target\":{\"@type\":\"EntryPoint\",\"urlTemplate\":\"https:\/\/buy-prescriptionz.com\/?s={search_term_string}\"},\"query-input\":{\"@type\":\"PropertyValueSpecification\",\"valueRequired\":true,\"valueName\":\"search_term_string\"}}],\"inLanguage\":\"de\"},{\"@type\":\"Organization\",\"@id\":\"https:\/\/buy-prescriptionz.com\/#organization\",\"name\":\"Buy Prescriptionz\",\"url\":\"https:\/\/buy-prescriptionz.com\/\",\"logo\":{\"@type\":\"ImageObject\",\"inLanguage\":\"de\",\"@id\":\"https:\/\/buy-prescriptionz.com\/#\/schema\/logo\/image\/\",\"url\":\"https:\/\/buy-prescriptionz.com\/wp-content\/uploads\/2023\/09\/logo.png\",\"contentUrl\":\"https:\/\/buy-prescriptionz.com\/wp-content\/uploads\/2023\/09\/logo.png\",\"width\":350,\"height\":64,\"caption\":\"Buy Prescriptionz\"},\"image\":{\"@id\":\"https:\/\/buy-prescriptionz.com\/#\/schema\/logo\/image\/\"}}]}<\/script>\n<!-- \/ Yoast SEO plugin. -->","yoast_head_json":{"title":"Flexeril online kaufen \u2013 Flexeril zum Verkauf \u2013 Bestellen Sie Flexeril","description":"Unser Online-Shop Buy-Prescriptionz bietet Flexeril in bester Qualit\u00e4t an. Wenn Sie Flexeril online kaufen m\u00f6chten, helfen wir Ihnen gerne weiter. Bestellen Sie noch heute!","robots":{"index":"index","follow":"follow","max-snippet":"max-snippet:-1","max-image-preview":"max-image-preview:large","max-video-preview":"max-video-preview:-1"},"canonical":"https:\/\/buy-prescriptionz.com\/de\/produkt\/flexeril-online-kaufen-cyclobenzaprin\/","og_locale":"de_DE","og_type":"article","og_title":"Buy Flexeril Online - Flexeril for Sale - Order Flexeril","og_description":"Our online Buy-Prescriptionz store has the best quality Flexeril for sale. If you want to buy Flexeril online, then we can help you from all ends. Order today!","og_url":"https:\/\/buy-prescriptionz.com\/de\/produkt\/flexeril-online-kaufen-cyclobenzaprin\/","og_site_name":"Buy Prescriptionz","article_modified_time":"2025-09-22T08:46:34+00:00","og_image":[{"width":400,"height":300,"url":"https:\/\/buy-prescriptionz.com\/wp-content\/uploads\/2025\/09\/flexeril-cyclobenzaprine.jpeg","type":"image\/jpeg"}],"twitter_card":"summary_large_image","twitter_misc":{"Gesch\u00e4tzte Lesezeit":"4\u00a0Minuten"},"schema":{"@context":"https:\/\/schema.org","@graph":[{"@type":"WebPage","@id":"https:\/\/buy-prescriptionz.com\/product\/buy-flexeril-onlinecyclobenzaprine\/","url":"https:\/\/buy-prescriptionz.com\/product\/buy-flexeril-onlinecyclobenzaprine\/","name":"Flexeril online kaufen \u2013 Flexeril zum Verkauf \u2013 Bestellen Sie Flexeril","isPartOf":{"@id":"https:\/\/buy-prescriptionz.com\/#website"},"primaryImageOfPage":{"@id":"https:\/\/buy-prescriptionz.com\/product\/buy-flexeril-onlinecyclobenzaprine\/#primaryimage"},"image":{"@id":"https:\/\/buy-prescriptionz.com\/product\/buy-flexeril-onlinecyclobenzaprine\/#primaryimage"},"thumbnailUrl":"https:\/\/buy-prescriptionz.com\/wp-content\/uploads\/2025\/09\/flexeril-cyclobenzaprine.jpeg","datePublished":"2025-09-16T08:56:11+00:00","dateModified":"2025-09-22T08:46:34+00:00","description":"Unser Online-Shop Buy-Prescriptionz bietet Flexeril in bester Qualit\u00e4t an. Wenn Sie Flexeril online kaufen m\u00f6chten, helfen wir Ihnen gerne weiter. Bestellen Sie noch heute!","breadcrumb":{"@id":"https:\/\/buy-prescriptionz.com\/product\/buy-flexeril-onlinecyclobenzaprine\/#breadcrumb"},"inLanguage":"de","potentialAction":[{"@type":"ReadAction","target":["https:\/\/buy-prescriptionz.com\/product\/buy-flexeril-onlinecyclobenzaprine\/"]}]},{"@type":"ImageObject","inLanguage":"de","@id":"https:\/\/buy-prescriptionz.com\/product\/buy-flexeril-onlinecyclobenzaprine\/#primaryimage","url":"https:\/\/buy-prescriptionz.com\/wp-content\/uploads\/2025\/09\/flexeril-cyclobenzaprine.jpeg","contentUrl":"https:\/\/buy-prescriptionz.com\/wp-content\/uploads\/2025\/09\/flexeril-cyclobenzaprine.jpeg","width":400,"height":300},{"@type":"BreadcrumbList","@id":"https:\/\/buy-prescriptionz.com\/product\/buy-flexeril-onlinecyclobenzaprine\/#breadcrumb","itemListElement":[{"@type":"ListItem","position":1,"name":"Home","item":"https:\/\/buy-prescriptionz.com\/"},{"@type":"ListItem","position":2,"name":"Shop Painkillers Online","item":"https:\/\/buy-prescriptionz.com\/shop-painkillers-online\/"},{"@type":"ListItem","position":3,"name":"Buy Flexeril Online(Cyclobenzaprine)"}]},{"@type":"WebSite","@id":"https:\/\/buy-prescriptionz.com\/#website","url":"https:\/\/buy-prescriptionz.com\/","name":"Kaufen Prescriptionz","description":"Online-Drogen","publisher":{"@id":"https:\/\/buy-prescriptionz.com\/#organization"},"potentialAction":[{"@type":"SearchAction","target":{"@type":"EntryPoint","urlTemplate":"https:\/\/buy-prescriptionz.com\/?s={search_term_string}"},"query-input":{"@type":"PropertyValueSpecification","valueRequired":true,"valueName":"search_term_string"}}],"inLanguage":"de"},{"@type":"Organization","@id":"https:\/\/buy-prescriptionz.com\/#organization","name":"Kaufen Prescriptionz","url":"https:\/\/buy-prescriptionz.com\/","logo":{"@type":"ImageObject","inLanguage":"de","@id":"https:\/\/buy-prescriptionz.com\/#\/schema\/logo\/image\/","url":"https:\/\/buy-prescriptionz.com\/wp-content\/uploads\/2023\/09\/logo.png","contentUrl":"https:\/\/buy-prescriptionz.com\/wp-content\/uploads\/2023\/09\/logo.png","width":350,"height":64,"caption":"Buy Prescriptionz"},"image":{"@id":"https:\/\/buy-prescriptionz.com\/#\/schema\/logo\/image\/"}}]}},"_links":{"self":[{"href":"https:\/\/buy-prescriptionz.com\/de\/wp-json\/wp\/v2\/product\/3070","targetHints":{"allow":["GET"]}}],"collection":[{"href":"https:\/\/buy-prescriptionz.com\/de\/wp-json\/wp\/v2\/product"}],"about":[{"href":"https:\/\/buy-prescriptionz.com\/de\/wp-json\/wp\/v2\/types\/product"}],"replies":[{"embeddable":true,"href":"https:\/\/buy-prescriptionz.com\/de\/wp-json\/wp\/v2\/comments?post=3070"}],"wp:featuredmedia":[{"embeddable":true,"href":"https:\/\/buy-prescriptionz.com\/de\/wp-json\/wp\/v2\/media\/3100"}],"wp:attachment":[{"href":"https:\/\/buy-prescriptionz.com\/de\/wp-json\/wp\/v2\/media?parent=3070"}],"wp:term":[{"taxonomy":"product_brand","embeddable":true,"href":"https:\/\/buy-prescriptionz.com\/de\/wp-json\/wp\/v2\/product_brand?post=3070"},{"taxonomy":"product_cat","embeddable":true,"href":"https:\/\/buy-prescriptionz.com\/de\/wp-json\/wp\/v2\/product_cat?post=3070"},{"taxonomy":"product_tag","embeddable":true,"href":"https:\/\/buy-prescriptionz.com\/de\/wp-json\/wp\/v2\/product_tag?post=3070"}],"curies":[{"name":"wp","href":"https:\/\/api.w.org\/{rel}","templated":true}]}}