{"id":3071,"date":"2025-09-16T08:56:11","date_gmt":"2025-09-16T08:56:11","guid":{"rendered":"https:\/\/chemsfine.com\/newsite\/?post_type=product&#038;p=3071"},"modified":"2025-09-21T12:21:54","modified_gmt":"2025-09-21T12:21:54","slug":"fioricet-butalbitol-online-kaufen","status":"publish","type":"product","link":"https:\/\/buy-prescriptionz.com\/de\/produkt\/fioricet-butalbitol-online-kaufen\/","title":{"rendered":"Fioricet (Butalbitol) online kaufen"},"content":{"rendered":"<h2>Fioricet online kaufen<\/h2>\n<p>Kaufen Sie Fioricet (Butalbitol) online. Patienten, die ein Rezept f\u00fcr Fioricet ben\u00f6tigen, haben jetzt die M\u00f6glichkeit, Fioricet online per Kreditkarte in den USA zu kaufen. Der Online-Kauf von Fioricet ist f\u00fcr den Patienten wesentlich bequemer. Sie ben\u00f6tigen kein vorheriges Rezept von einem Arzt, um Fioricet online \u00fcber die Online-Apotheke zu bestellen. Die Online-Apotheke bietet Patienten hochwertige Medikamente zu einem g\u00fcnstigen Preis, ohne dass sie einen Arzt aufsuchen m\u00fcssen. Fioricet ist nur eines von vielen Medikamenten, f\u00fcr die kein Arztbesuch erforderlich ist. Kaufen Sie Fioricet (Butalbitol) online. Das bedeutet, dass der Patient nicht einmal das Haus verlassen muss, um das ben\u00f6tigte Medikament zu erhalten.<\/p>\n<p>Fioricet ist ein Kombinationspr\u00e4parat aus Koffein, Paracetamol und Butalbital. Es wird bei Bedarf oral eingenommen, um Spannungskopfschmerzen zu lindern, in der Regel alle vier Stunden. Da es jedoch gewohnheitsbildend sein und bei zu regelm\u00e4\u00dfiger Einnahme die Kopfschmerzen verschlimmern kann, wird es nicht als erste Alternative empfohlen. Auch das beste Fioricet kann Nebenwirkungen wie Benommenheit und Schl\u00e4frigkeit haben. Es gibt Medikamente und einen oralen Sirup dagegen.<\/p>\n<p>Fioricet-Tabletten enthalten Butalbital, Koffein und Paracetamol. Paracetamol ist ein Schmerzmittel und Antipyretikum. Zu den Barbituraten geh\u00f6rt Butalbital. Es lindert Spannungskopfschmerzen, die Muskelkr\u00e4mpfe verursachen. Koffein ist ein Stimulans des zentralen Nervensystems. Es f\u00f6rdert die Durchblutung und lindert Muskelkr\u00e4mpfe in den Blutgef\u00e4\u00dfen. Menschen mit Spannungskopfschmerzen (verursacht durch verspannte Muskeln) nehmen Fioricet.<\/p>\n<p>Um Fioricet online zu bestellen, muss ein Patient einen Fragebogen ausf\u00fcllen. Dieser enth\u00e4lt verschiedene medizinische und gesundheitsbezogene Fragen, die beantwortet werden m\u00fcssen. Sobald der Patient den Fragebogen ausgef\u00fcllt hat, kann er ihn an die Online-Apotheke senden. Der Fragebogen wird an einen der vielen zugelassenen \u00c4rzte der Online-Apotheke weitergeleitet. Der zugelassene Arzt pr\u00fcft den Fragebogen und entscheidet, ob er die Bestellung annimmt oder nicht. Wird die Bestellung angenommen, kann der Patient Fioricet g\u00fcnstig online kaufen. Der Arzt sendet das Fioricet-Rezept online an den zugelassenen Apotheker, der die Bestellung bearbeitet und an die vom Patienten angegebene Adresse sendet. Kaufen Sie Fioricet (Butalbitol) online. Medikamentenbestellungen werden in der Regel mit einem Lieferservice am n\u00e4chsten Tag verschickt, sodass der Patient nicht auf das ben\u00f6tigte Medikament warten muss.<\/p>\n<h3><strong>Fioricet (Butalbitol) online kaufen<\/strong><\/h3>\n<p>Fioricet ist ein Kombinationspr\u00e4parat aus Koffein, Paracetamol und Butalbital. Es wird bei Bedarf oral eingenommen, um Spannungskopfschmerzen zu lindern, in der Regel alle vier Stunden. Da es jedoch gewohnheitsbildend sein und bei zu regelm\u00e4\u00dfiger Einnahme die Kopfschmerzen verschlimmern kann, wird es nicht als erste Alternative empfohlen. Auch das beste Fioricet kann Nebenwirkungen wie Benommenheit und Schl\u00e4frigkeit haben. Es gibt Medikamente und einen oralen Sirup dagegen.<\/p>\n<p>Fioricet-Tabletten enthalten Butalbital, Koffein und Paracetamol. Paracetamol ist ein Schmerzmittel und Antipyretikum. Zu den Barbituraten geh\u00f6rt Butalbital. Es lindert Spannungskopfschmerzen, die Muskelkr\u00e4mpfe verursachen. Koffein ist ein Stimulans des zentralen Nervensystems. Es f\u00f6rdert die Durchblutung und lindert Muskelkr\u00e4mpfe in den Blutgef\u00e4\u00dfen. Menschen mit Spannungskopfschmerzen (verursacht durch verspannte Muskeln) nehmen Fioricet.<\/p>\n<p>Warnhinweise<\/p>\n<p>Wenn Sie an Porphyrie leiden oder vor Kurzem Alkohol, Beruhigungsmittel, Tranquilizer oder andere Bet\u00e4ubungsmittel konsumiert haben, sollten Sie Fioricet nicht anwenden.<\/p>\n<p>Wenn Sie innerhalb der letzten 14 Tage einen MAO-Hemmer eingenommen haben, d\u00fcrfen Sie Fioricet nicht anwenden. Es besteht die Gefahr einer riskanten Wechselwirkung mit anderen Medikamenten. Beispiele f\u00fcr MAO-Hemmer sind Isocarboxazid, Linezolid, Methylenblau-Injektion, Phenelzin und Tranylcypromin.<\/p>\n<p>Nehmen Sie nicht mehr Fioricet ein als empfohlen. Eine \u00dcberdosierung von Paracetamol kann Ihre Leber sch\u00e4digen oder sogar zum Tod f\u00fchren. Wenn Sie eines der folgenden Symptome haben: dunkler Urin, lehmfarbener Stuhl, \u00dcbelkeit, Beschwerden im Oberbauch, Juckreiz, Appetitlosigkeit oder Gelbsucht (Gelbf\u00e4rbung der Haut oder Augen). Suchen Sie sofort Ihren Arzt auf. In seltenen F\u00e4llen kann Paracetamol zu schweren Hautreaktionen f\u00fchren. Wenn Ihre Haut rot wird oder Sie einen brennenden und sich sch\u00e4lenden Ausschlag bekommen, beenden Sie die Einnahme von Fioricet und suchen Sie sofort Ihren Arzt auf.<\/p>\n<p>Fioricet ist ein wirksames Medikament zur Linderung von Spannungskopfschmerzen. Es kombiniert Paracetamol, Butalbital und Koffein und sorgt f\u00fcr umfassende Schmerzlinderung und Muskelentspannung. Aufgrund m\u00f6glicher Nebenwirkungen und der Notwendigkeit einer korrekten Dosierung sollte es verantwortungsvoll unter Aufsicht eines Arztes angewendet werden. F\u00fcr einen sicheren und zuverl\u00e4ssigen Zugang zu Fioricet sollten Sie den Kauf in einer Apotheke in Betracht ziehen. <a href=\"https:\/\/buy-prescriptionz.com\/de\/\">buy-prescriptionz.com<\/a>Befolgen Sie immer die Anweisungen Ihres Arztes und wenden Sie sich bei Fragen oder Bedenken bez\u00fcglich der Anwendung an ihn.<\/p>\n<h3>Warnhinweise<\/h3>\n<p>Wenn Sie an Porphyrie leiden oder vor Kurzem Alkohol, Beruhigungsmittel, Tranquilizer oder andere Bet\u00e4ubungsmittel konsumiert haben, sollten Sie Fioricet nicht anwenden.<\/p>\n<p>Wenn Sie innerhalb der letzten 14 Tage einen MAO-Hemmer eingenommen haben, d\u00fcrfen Sie Fioricet nicht anwenden. Es besteht die Gefahr einer riskanten Wechselwirkung mit anderen Medikamenten. Beispiele f\u00fcr MAO-Hemmer sind Isocarboxazid, Linezolid, Methylenblau-Injektion, Phenelzin und Tranylcypromin.<\/p>\n<p>Nehmen Sie nicht mehr Fioricet ein als empfohlen. Eine \u00dcberdosierung von Paracetamol kann Ihre Leber sch\u00e4digen oder sogar zum Tod f\u00fchren. Wenn Sie eines der folgenden Symptome haben: dunkler Urin, lehmfarbener Stuhl, \u00dcbelkeit, Beschwerden im Oberbauch, Juckreiz, Appetitlosigkeit oder Gelbsucht (Gelbf\u00e4rbung der Haut oder Augen). Suchen Sie sofort Ihren Arzt auf. In seltenen F\u00e4llen kann Paracetamol zu schweren Hautreaktionen f\u00fchren. Wenn Ihre Haut rot wird oder Sie einen brennenden und sich sch\u00e4lenden Ausschlag bekommen, beenden Sie die Einnahme von Fioricet und suchen Sie sofort Ihren Arzt auf.<\/p>\n<p>Fioricet ist ein wirksames Medikament zur Linderung von Spannungskopfschmerzen. Es kombiniert Paracetamol, Butalbital und Koffein und sorgt f\u00fcr umfassende Schmerzlinderung und Muskelentspannung. Aufgrund m\u00f6glicher Nebenwirkungen und der Notwendigkeit einer korrekten Dosierung sollte es verantwortungsvoll unter Aufsicht eines Arztes angewendet werden. F\u00fcr einen sicheren und zuverl\u00e4ssigen Zugang zu Fioricet sollten Sie den Kauf in einer Apotheke in Betracht ziehen. <a href=\"https:\/\/buy-prescriptionz.com\/de\/\">Buy-Prescriptionz.com<\/a>Befolgen Sie immer die Anweisungen Ihres Arztes und wenden Sie sich bei Fragen oder Bedenken bez\u00fcglich der Anwendung an ihn.<\/p>","protected":false},"excerpt":{"rendered":"<p>Buy Fioricet Online Buy Fioricet (Butalbitol) Online, Patients who need a prescription for Fioricet now have the opportunity to buy fioricet online with credit card in USA. Being able to buy online Fioricet is much more convenient to the patient. The patient does not need a prior prescription for a physician to be able to [&hellip;]<\/p>","protected":false},"featured_media":3101,"comment_status":"open","ping_status":"closed","template":"","meta":{"site-sidebar-layout":"default","site-content-layout":"","ast-site-content-layout":"default","site-content-style":"default","site-sidebar-style":"default","ast-global-header-display":"","ast-banner-title-visibility":"","ast-main-header-display":"","ast-hfb-above-header-display":"","ast-hfb-below-header-display":"","ast-hfb-mobile-header-display":"","site-post-title":"","ast-breadcrumbs-content":"","ast-featured-img":"","footer-sml-layout":"","theme-transparent-header-meta":"default","adv-header-id-meta":"","stick-header-meta":"","header-above-stick-meta":"","header-main-stick-meta":"","header-below-stick-meta":"","astra-migrate-meta-layouts":"set","ast-page-background-enabled":"default","ast-page-background-meta":{"desktop":{"background-color":"var(--ast-global-color-4)","background-image":"","background-repeat":"repeat","background-position":"center center","background-size":"auto","background-attachment":"scroll","background-type":"","background-media":"","overlay-type":"","overlay-color":"","overlay-opacity":"","overlay-gradient":""},"tablet":{"background-color":"","background-image":"","background-repeat":"repeat","background-position":"center center","background-size":"auto","background-attachment":"scroll","background-type":"","background-media":"","overlay-type":"","overlay-color":"","overlay-opacity":"","overlay-gradient":""},"mobile":{"background-color":"","background-image":"","background-repeat":"repeat","background-position":"center center","background-size":"auto","background-attachment":"scroll","background-type":"","background-media":"","overlay-type":"","overlay-color":"","overlay-opacity":"","overlay-gradient":""}},"ast-content-background-meta":{"desktop":{"background-color":"var(--ast-global-color-5)","background-image":"","background-repeat":"repeat","background-position":"center center","background-size":"auto","background-attachment":"scroll","background-type":"","background-media":"","overlay-type":"","overlay-color":"","overlay-opacity":"","overlay-gradient":""},"tablet":{"background-color":"var(--ast-global-color-5)","background-image":"","background-repeat":"repeat","background-position":"center center","background-size":"auto","background-attachment":"scroll","background-type":"","background-media":"","overlay-type":"","overlay-color":"","overlay-opacity":"","overlay-gradient":""},"mobile":{"background-color":"var(--ast-global-color-5)","background-image":"","background-repeat":"repeat","background-position":"center center","background-size":"auto","background-attachment":"scroll","background-type":"","background-media":"","overlay-type":"","overlay-color":"","overlay-opacity":"","overlay-gradient":""}}},"product_brand":[],"product_cat":[2385],"product_tag":[1039,1040,1038,1033,1036,1035,1034,1037,1032,1031,1042,1041],"class_list":{"0":"post-3071","1":"product","2":"type-product","3":"status-publish","4":"has-post-thumbnail","6":"product_cat-buy-pain-killer-pills-online","7":"product_tag-buy-fioricet-butalbitol-in-canada","8":"product_tag-buy-fioricet-butalbitol-in-uk","9":"product_tag-buy-fioricet-butalbitol-in-usa","10":"product_tag-buy-fioricet-butalbitol-with-bitcoin","11":"product_tag-buy-fioricet-butalbitol-with-credit-card","12":"product_tag-buy-fioricet-butalbitol-with-money-gram","13":"product_tag-buy-fioricet-butalbitol-with-western-union","14":"product_tag-buy-fioricet-butalbitol-without-a-doctor","15":"product_tag-buy-fioricet-butalbitol-without-prescription","16":"product_tag-fioricet-butalbitol-for-sale","17":"product_tag-fioricet-butalbitol-pills","18":"product_tag-fioricet-butalbitol-tablets","19":"desktop-align-center","20":"tablet-align-left","21":"mobile-align-left","23":"first","24":"instock","25":"shipping-taxable","26":"purchasable","27":"product-type-variable","28":"has-default-attributes"},"yoast_head":"<!-- This site is optimized with the Yoast SEO plugin v25.9 - https:\/\/yoast.com\/wordpress\/plugins\/seo\/ -->\n<title>Buy Fioricet (Butalbitol) Online , Online USA - Fioricet for Sale<\/title>\n<meta name=\"description\" content=\"Buy Fioricet (Butalbitol) Online at best price without doctor&#039;s prescription. Buy Fioricet (Butalbitol) Online, buy-prescriptionz.com ,\" \/>\n<meta name=\"robots\" content=\"index, follow, max-snippet:-1, max-image-preview:large, max-video-preview:-1\" \/>\n<link rel=\"canonical\" href=\"https:\/\/buy-prescriptionz.com\/de\/produkt\/fioricet-butalbitol-online-kaufen\/\" \/>\n<meta property=\"og:locale\" content=\"de_DE\" \/>\n<meta property=\"og:type\" content=\"article\" \/>\n<meta property=\"og:title\" content=\"Buy Fioricet (Butalbitol) Online , Online USA - Fioricet for Sale\" \/>\n<meta property=\"og:description\" content=\"Buy Fioricet (Butalbitol) Online at best price without doctor&#039;s prescription. Buy Fioricet (Butalbitol) Online, buy-prescriptionz.com ,\" \/>\n<meta property=\"og:url\" content=\"https:\/\/buy-prescriptionz.com\/de\/produkt\/fioricet-butalbitol-online-kaufen\/\" \/>\n<meta property=\"og:site_name\" content=\"Buy Prescriptionz\" \/>\n<meta property=\"article:modified_time\" content=\"2025-09-21T12:21:54+00:00\" \/>\n<meta property=\"og:image\" content=\"https:\/\/buy-prescriptionz.com\/wp-content\/uploads\/2025\/09\/fioricet-butalbitol.jpg\" \/>\n\t<meta property=\"og:image:width\" content=\"400\" \/>\n\t<meta property=\"og:image:height\" content=\"300\" \/>\n\t<meta property=\"og:image:type\" content=\"image\/jpeg\" \/>\n<meta name=\"twitter:card\" content=\"summary_large_image\" \/>\n<meta name=\"twitter:label1\" content=\"Gesch\u00e4tzte Lesezeit\" \/>\n\t<meta name=\"twitter:data1\" content=\"5\u00a0Minuten\" \/>\n<script type=\"application\/ld+json\" class=\"yoast-schema-graph\">{\"@context\":\"https:\/\/schema.org\",\"@graph\":[{\"@type\":\"WebPage\",\"@id\":\"https:\/\/buy-prescriptionz.com\/product\/buy-fioricet-butalbitol-online\/\",\"url\":\"https:\/\/buy-prescriptionz.com\/product\/buy-fioricet-butalbitol-online\/\",\"name\":\"Buy Fioricet (Butalbitol) Online , Online USA - Fioricet for Sale\",\"isPartOf\":{\"@id\":\"https:\/\/buy-prescriptionz.com\/#website\"},\"primaryImageOfPage\":{\"@id\":\"https:\/\/buy-prescriptionz.com\/product\/buy-fioricet-butalbitol-online\/#primaryimage\"},\"image\":{\"@id\":\"https:\/\/buy-prescriptionz.com\/product\/buy-fioricet-butalbitol-online\/#primaryimage\"},\"thumbnailUrl\":\"https:\/\/buy-prescriptionz.com\/wp-content\/uploads\/2025\/09\/fioricet-butalbitol.jpg\",\"datePublished\":\"2025-09-16T08:56:11+00:00\",\"dateModified\":\"2025-09-21T12:21:54+00:00\",\"description\":\"Buy Fioricet (Butalbitol) Online at best price without doctor's prescription. Buy Fioricet (Butalbitol) Online, buy-prescriptionz.com ,\",\"breadcrumb\":{\"@id\":\"https:\/\/buy-prescriptionz.com\/product\/buy-fioricet-butalbitol-online\/#breadcrumb\"},\"inLanguage\":\"de\",\"potentialAction\":[{\"@type\":\"ReadAction\",\"target\":[\"https:\/\/buy-prescriptionz.com\/product\/buy-fioricet-butalbitol-online\/\"]}]},{\"@type\":\"ImageObject\",\"inLanguage\":\"de\",\"@id\":\"https:\/\/buy-prescriptionz.com\/product\/buy-fioricet-butalbitol-online\/#primaryimage\",\"url\":\"https:\/\/buy-prescriptionz.com\/wp-content\/uploads\/2025\/09\/fioricet-butalbitol.jpg\",\"contentUrl\":\"https:\/\/buy-prescriptionz.com\/wp-content\/uploads\/2025\/09\/fioricet-butalbitol.jpg\",\"width\":400,\"height\":300},{\"@type\":\"BreadcrumbList\",\"@id\":\"https:\/\/buy-prescriptionz.com\/product\/buy-fioricet-butalbitol-online\/#breadcrumb\",\"itemListElement\":[{\"@type\":\"ListItem\",\"position\":1,\"name\":\"Home\",\"item\":\"https:\/\/buy-prescriptionz.com\/\"},{\"@type\":\"ListItem\",\"position\":2,\"name\":\"Shop Painkillers Online\",\"item\":\"https:\/\/buy-prescriptionz.com\/shop-painkillers-online\/\"},{\"@type\":\"ListItem\",\"position\":3,\"name\":\"Buy Fioricet (Butalbitol) Online\"}]},{\"@type\":\"WebSite\",\"@id\":\"https:\/\/buy-prescriptionz.com\/#website\",\"url\":\"https:\/\/buy-prescriptionz.com\/\",\"name\":\"Buy Prescriptionz\",\"description\":\"Drugs Online\",\"publisher\":{\"@id\":\"https:\/\/buy-prescriptionz.com\/#organization\"},\"potentialAction\":[{\"@type\":\"SearchAction\",\"target\":{\"@type\":\"EntryPoint\",\"urlTemplate\":\"https:\/\/buy-prescriptionz.com\/?s={search_term_string}\"},\"query-input\":{\"@type\":\"PropertyValueSpecification\",\"valueRequired\":true,\"valueName\":\"search_term_string\"}}],\"inLanguage\":\"de\"},{\"@type\":\"Organization\",\"@id\":\"https:\/\/buy-prescriptionz.com\/#organization\",\"name\":\"Buy Prescriptionz\",\"url\":\"https:\/\/buy-prescriptionz.com\/\",\"logo\":{\"@type\":\"ImageObject\",\"inLanguage\":\"de\",\"@id\":\"https:\/\/buy-prescriptionz.com\/#\/schema\/logo\/image\/\",\"url\":\"https:\/\/buy-prescriptionz.com\/wp-content\/uploads\/2023\/09\/logo.png\",\"contentUrl\":\"https:\/\/buy-prescriptionz.com\/wp-content\/uploads\/2023\/09\/logo.png\",\"width\":350,\"height\":64,\"caption\":\"Buy Prescriptionz\"},\"image\":{\"@id\":\"https:\/\/buy-prescriptionz.com\/#\/schema\/logo\/image\/\"}}]}<\/script>\n<!-- \/ Yoast SEO plugin. -->","yoast_head_json":{"title":"Kaufen Sie Fioricet (Butalbitol) online, online in den USA \u2013 Fioricet zum Verkauf","description":"Buy Fioricet (Butalbitol) Online at best price without doctor's prescription. Buy Fioricet (Butalbitol) Online, buy-prescriptionz.com ,","robots":{"index":"index","follow":"follow","max-snippet":"max-snippet:-1","max-image-preview":"max-image-preview:large","max-video-preview":"max-video-preview:-1"},"canonical":"https:\/\/buy-prescriptionz.com\/de\/produkt\/fioricet-butalbitol-online-kaufen\/","og_locale":"de_DE","og_type":"article","og_title":"Buy Fioricet (Butalbitol) Online , Online USA - Fioricet for Sale","og_description":"Buy Fioricet (Butalbitol) Online at best price without doctor's prescription. Buy Fioricet (Butalbitol) Online, buy-prescriptionz.com ,","og_url":"https:\/\/buy-prescriptionz.com\/de\/produkt\/fioricet-butalbitol-online-kaufen\/","og_site_name":"Buy Prescriptionz","article_modified_time":"2025-09-21T12:21:54+00:00","og_image":[{"width":400,"height":300,"url":"https:\/\/buy-prescriptionz.com\/wp-content\/uploads\/2025\/09\/fioricet-butalbitol.jpg","type":"image\/jpeg"}],"twitter_card":"summary_large_image","twitter_misc":{"Gesch\u00e4tzte Lesezeit":"5\u00a0Minuten"},"schema":{"@context":"https:\/\/schema.org","@graph":[{"@type":"WebPage","@id":"https:\/\/buy-prescriptionz.com\/product\/buy-fioricet-butalbitol-online\/","url":"https:\/\/buy-prescriptionz.com\/product\/buy-fioricet-butalbitol-online\/","name":"Kaufen Sie Fioricet (Butalbitol) online, online in den USA \u2013 Fioricet zum Verkauf","isPartOf":{"@id":"https:\/\/buy-prescriptionz.com\/#website"},"primaryImageOfPage":{"@id":"https:\/\/buy-prescriptionz.com\/product\/buy-fioricet-butalbitol-online\/#primaryimage"},"image":{"@id":"https:\/\/buy-prescriptionz.com\/product\/buy-fioricet-butalbitol-online\/#primaryimage"},"thumbnailUrl":"https:\/\/buy-prescriptionz.com\/wp-content\/uploads\/2025\/09\/fioricet-butalbitol.jpg","datePublished":"2025-09-16T08:56:11+00:00","dateModified":"2025-09-21T12:21:54+00:00","description":"Buy Fioricet (Butalbitol) Online at best price without doctor's prescription. Buy Fioricet (Butalbitol) Online, buy-prescriptionz.com ,","breadcrumb":{"@id":"https:\/\/buy-prescriptionz.com\/product\/buy-fioricet-butalbitol-online\/#breadcrumb"},"inLanguage":"de","potentialAction":[{"@type":"ReadAction","target":["https:\/\/buy-prescriptionz.com\/product\/buy-fioricet-butalbitol-online\/"]}]},{"@type":"ImageObject","inLanguage":"de","@id":"https:\/\/buy-prescriptionz.com\/product\/buy-fioricet-butalbitol-online\/#primaryimage","url":"https:\/\/buy-prescriptionz.com\/wp-content\/uploads\/2025\/09\/fioricet-butalbitol.jpg","contentUrl":"https:\/\/buy-prescriptionz.com\/wp-content\/uploads\/2025\/09\/fioricet-butalbitol.jpg","width":400,"height":300},{"@type":"BreadcrumbList","@id":"https:\/\/buy-prescriptionz.com\/product\/buy-fioricet-butalbitol-online\/#breadcrumb","itemListElement":[{"@type":"ListItem","position":1,"name":"Home","item":"https:\/\/buy-prescriptionz.com\/"},{"@type":"ListItem","position":2,"name":"Shop Painkillers Online","item":"https:\/\/buy-prescriptionz.com\/shop-painkillers-online\/"},{"@type":"ListItem","position":3,"name":"Buy Fioricet (Butalbitol) Online"}]},{"@type":"WebSite","@id":"https:\/\/buy-prescriptionz.com\/#website","url":"https:\/\/buy-prescriptionz.com\/","name":"Kaufen Prescriptionz","description":"Online-Drogen","publisher":{"@id":"https:\/\/buy-prescriptionz.com\/#organization"},"potentialAction":[{"@type":"SearchAction","target":{"@type":"EntryPoint","urlTemplate":"https:\/\/buy-prescriptionz.com\/?s={search_term_string}"},"query-input":{"@type":"PropertyValueSpecification","valueRequired":true,"valueName":"search_term_string"}}],"inLanguage":"de"},{"@type":"Organization","@id":"https:\/\/buy-prescriptionz.com\/#organization","name":"Kaufen Prescriptionz","url":"https:\/\/buy-prescriptionz.com\/","logo":{"@type":"ImageObject","inLanguage":"de","@id":"https:\/\/buy-prescriptionz.com\/#\/schema\/logo\/image\/","url":"https:\/\/buy-prescriptionz.com\/wp-content\/uploads\/2023\/09\/logo.png","contentUrl":"https:\/\/buy-prescriptionz.com\/wp-content\/uploads\/2023\/09\/logo.png","width":350,"height":64,"caption":"Buy Prescriptionz"},"image":{"@id":"https:\/\/buy-prescriptionz.com\/#\/schema\/logo\/image\/"}}]}},"_links":{"self":[{"href":"https:\/\/buy-prescriptionz.com\/de\/wp-json\/wp\/v2\/product\/3071","targetHints":{"allow":["GET"]}}],"collection":[{"href":"https:\/\/buy-prescriptionz.com\/de\/wp-json\/wp\/v2\/product"}],"about":[{"href":"https:\/\/buy-prescriptionz.com\/de\/wp-json\/wp\/v2\/types\/product"}],"replies":[{"embeddable":true,"href":"https:\/\/buy-prescriptionz.com\/de\/wp-json\/wp\/v2\/comments?post=3071"}],"wp:featuredmedia":[{"embeddable":true,"href":"https:\/\/buy-prescriptionz.com\/de\/wp-json\/wp\/v2\/media\/3101"}],"wp:attachment":[{"href":"https:\/\/buy-prescriptionz.com\/de\/wp-json\/wp\/v2\/media?parent=3071"}],"wp:term":[{"taxonomy":"product_brand","embeddable":true,"href":"https:\/\/buy-prescriptionz.com\/de\/wp-json\/wp\/v2\/product_brand?post=3071"},{"taxonomy":"product_cat","embeddable":true,"href":"https:\/\/buy-prescriptionz.com\/de\/wp-json\/wp\/v2\/product_cat?post=3071"},{"taxonomy":"product_tag","embeddable":true,"href":"https:\/\/buy-prescriptionz.com\/de\/wp-json\/wp\/v2\/product_tag?post=3071"}],"curies":[{"name":"wp","href":"https:\/\/api.w.org\/{rel}","templated":true}]}}