{"id":3102,"date":"2025-09-16T08:56:24","date_gmt":"2025-09-16T08:56:24","guid":{"rendered":"https:\/\/chemsfine.com\/newsite\/?post_type=product&#038;p=3102"},"modified":"2025-09-16T08:58:25","modified_gmt":"2025-09-16T08:58:25","slug":"dormicum-online-kaufen","status":"publish","type":"product","link":"https:\/\/buy-prescriptionz.com\/de\/produkt\/dormicum-online-kaufen\/","title":{"rendered":"Dormicum online kaufen"},"content":{"rendered":"<h2>Siebenschl\u00e4fer online kaufen | Siebenschl\u00e4fer zu verkaufen<\/h2>\n<p>Dormicum ist ein Medikament, das den Wirkstoff Midazolam enth\u00e4lt. Es geh\u00f6rt zu einer Klasse von Medikamenten, die als Benzodiazepine bekannt sind. Es wird zur Behandlung von Schlaflosigkeit und zur Vorbereitung von Patienten auf Operationen angewendet. Es ist ein schnell wirkendes Hypnotikum mit einer kurzen biologischen Halbwertszeit und in zwei Dosierungen erh\u00e4ltlich (Dormicum 15 mg und Dormicum 7,5 mg). Die Tabletten reduzierten in vielen kontrollierten Studien sowie im Schlaflabor erfolgreich die Einschlafzeit. Das bedeutet, dass Sie durch die Einnahme der richtigen Dormicum-Dosierung f\u00fcr den Schlaf Ihre Schlafzeit verl\u00e4ngern k\u00f6nnen, ohne Ihren REM-Schlaf zu beeintr\u00e4chtigen. Dadurch verbessert sich die Schlafeffizienz.<\/p>\n<p>Sie k\u00f6nnen innerhalb von 20 Minuten nach der Einnahme von Dormicum einschlafen, und Ihre Schlafdauer passt sich automatisch Ihrem altersbedingten Schlafmuster an. Da Midazolam, der Wirkstoff in Dormicum, angstl\u00f6sende, krampfl\u00f6sende, muskelentspannende und beruhigende Eigenschaften hat, werden Sie beim Aufwachen keine Leistungseinschr\u00e4nkungen bemerken.<\/p>\n<h3>Dormicum online<\/h3>\n<p>Dormicum online kaufen | Dormicum im Angebot | dormicum ist Midazolam ein Schlafmittel mit schnellem Wirkungseintritt, kurzer Halbwertszeit im K\u00f6rper und effektiver, gleichm\u00e4\u00dfiger und einfacher Verabreichung. In klinischen Studien und Labortests wurde auch festgestellt, dass DORMICUM den Schlafbeginn verk\u00fcrzt und die Schlafdauer verl\u00e4ngert, ohne quantitative Ver\u00e4nderungen im paradoxen Schlaf (REM) zu verursachen. Typischerweise betr\u00e4gt die Zeit zwischen der Einnahme von Dormicum und dem Einschlafen weniger als 20 Minuten, danach normalisiert sich der Schlaf wieder. Der Patient f\u00fchlt sich erfrischt und ausgeruht, wenn er oder sie aufwacht.<br \/>\nZweitens k\u00f6nnen Sie Midazolam (Dormicum) 15 mg Tabletten online bei uns bestellen; wir haben hochwertige Midazolam (Dormicum) 15 mg Tabletten. Kaufen Sie Midazolam (Dormicum) 15 mg ohne Rezept online.<br \/>\nDie beste Online-Site ohne Rezept verkauft Midazolam (Lorazepam) 15 mg.<br \/>\n15mg Midazolam (Dormicum)<br \/>\nMidazolam (Dormicum) 15 mg Tabletten von h\u00f6chster Qualit\u00e4t<br \/>\nLieferung in jedes Land der Welt<br \/>\nUnauff\u00e4llige Verpackung<br \/>\nDer Support ist rund um die Uhr verf\u00fcgbar.<br \/>\nGuaranteed 100% Customer Satisfaction<br \/>\nDie beste Online-Site ohne Rezept verkauft Midazolam (Lorazepam) 15 mg.<\/p>\n<div>\n<div class=\"b_factrow\">Propofol<\/div>\n<\/div>\n<div>\n<div class=\"b_factrow\">Lorazepam<\/div>\n<\/div>\n<div>\n<div class=\"b_factrow\">Fentanyl<\/div>\n<\/div>\n<div>\n<div class=\"b_factrow\">Diazepam<\/div>\n<\/div>\n<div>\n<div class=\"b_factrow\">Ketamin<\/div>\n<div>\n<h3>\u00dcberblick<\/h3>\n<p>Dormicum 15 mg ist ein wirksames Medikament zur kurzfristigen Behandlung von schwerer Schlaflosigkeit und Angstzust\u00e4nden vor Operationen. Aufgrund seiner Wirksamkeit und m\u00f6glicher Nebenwirkungen sollte es unter \u00e4rztlicher Aufsicht angewendet werden.<\/p>\n<p>Midazolammaleat ist in Dormicum-Tabletten enthalten, w\u00e4hrend Midazolam HCl in Ampullen enthalten ist.<br \/>\nAls Hilfsstoffe enth\u00e4lt jede Ampulle au\u00dferdem Natriumhydroxid, Salzs\u00e4ure, Natriumchlorid und Injektionswasser.<br \/>\nMidazolam ist 8-Chlor-6-(2-fluorphenyl)-1-methyl-4H-imidazo[1,5-a][1,4]benzodiazepin.<\/p>\n<h3><strong>Zeichen und Verwendungen <\/strong><\/h3>\n<p>Tablette: Als vor\u00fcbergehendes Schlafmittel. Nur schwere Erkrankungen, die zu Behinderungen oder gro\u00dfem Leiden f\u00fchren, sollten mit Benzodiazepinen behandelt werden. Vor Operationen oder diagnostischen Behandlungen wird eine Sedierung als Pr\u00e4medikation eingesetzt.<br \/>\nAmpoule: Inducing conscious sedation, either with or without local anesthetic (IV injection), prior to diagnostic or therapeutic treatments.<br \/>\nPremedication prior to anesthetic induction (intranasal or rectal in youngsters).<br \/>\nNarkoseeinleitung und -erhaltung: entweder als Sedativum bei Mischan\u00e4sthesie, wie z. B. einer vollst\u00e4ndigen intraven\u00f6sen An\u00e4sthesie (intraven\u00f6se Injektion, intraven\u00f6se Infusion), oder als Einleitungsmedikament bei einer Inhalationsan\u00e4sthesie.<br \/>\nBei Jugendlichen wird Ataralgesie mit Ketamin kombiniert (IM-Verabreichung).<br \/>\nl\u00e4ngere sedierte Behandlung auf Intensivstationen (iv verabreicht als Dauerinfusion oder als Bolusinjektion).<\/p>\n<p>Para una fuente confiable, considere comprar Dormicum 15 mg en Buy-Prescriptionz.com. Ofrecen medicamentos genuinos con entrega r\u00e1pida y un excelente servicio al cliente. Aseg\u00farese de recibir un tratamiento seguro y eficaz eligiendo la mejor farmacia como Buy-Prescriptionz.com.<\/p>\n<\/div>\n<\/div>\n<h2>Anstellung<\/h2>\n<p>This medicine is utilized as a part of kids before a methodology or anesthesia to cause sleepiness, diminish tension, and reason distraction of the surgery or method. It ought to be utilized while the kid is under the consideration of a wellbeing proficient. It is not for home or long haul use. midazolam has a place with a class of drugs called benzodiazepines, which process a quieting impact on the cerebrum and nerves (focal sensory system). It is thought to work by expanding the impact of a certain regular concoction (GABA) in the brain. This pill might likewise be utilized fleeting for slumber issues (e.g., inconvenience resting, \u201cnight dread\u201d)<\/p>\n<p><strong>WIR BIETEN \u00dcBERSEE-DIENSTE SICHEREN VERSAND AN IHRER T\u00dcR!<\/strong><\/p>\n<p>Furthermore, You Can Make Payment Via Credit &amp; Debit Card.<br \/>\nEMS\/USPS Express Discreet Trackable Delivery worldwide Range.<br \/>\nHow do we send packages?<br \/>\nMoreover, We pack the packages carefully with tungsten and carbon papers to skip through customs x-ray machines at airports.<br \/>\nFinally, you can<\/p>\n<p>Buy Dormicum Online, you can purchase Dormicum 15mg online here without portrayal at shoddy rate. we are the best USA online solid pharmacy.<\/p>\n<p>can i buy midazolam<br \/>\ndormicum where to buy<\/p>\n<h3>To relax before operation, take 15mg of Domicum Midazolam.<\/h3>\n<p><strong>Introduction<\/strong>:<\/p>\n<p>Dormicum Midazolam 15 mg ist ein Muskelrelaxans und Beruhigungsmittel, das bei Kindern vor einem Eingriff oder einer Narkose angewendet wird, um Schl\u00e4frigkeit zu f\u00f6rdern, Angstzust\u00e4nde zu reduzieren und den chirurgischen Eingriff oder die Operation unvergesslich zu machen. Es ist ein Narkotikum mit amnesischen Eigenschaften. Dieses Medikament ist in dieser Gruppe einzigartig, da seine Wirkung kurz und unmittelbar eintritt. Dieses einzigartige Medikament kann in einer Vielzahl von biomedizinischen Bereichen eingesetzt werden, darunter kardiovaskul\u00e4re medizinische Verfahren, Zahnmedizin und endoskopische Systeme. Es sollte unter \u00e4rztlicher Aufsicht angewendet werden. Es ist nicht f\u00fcr die Anwendung zu Hause oder \u00fcber einen l\u00e4ngeren Zeitraum vorgesehen. Midazolam geh\u00f6rt zur Klasse der Benzodiazepine, die eine beruhigende Wirkung auf Gehirn und Nerven, auch als zentrales Nervensystem bekannt, haben. Es wirkt vermutlich, indem es die Wirkung einer nat\u00fcrlichen Chemikalie im Gehirn verst\u00e4rkt.<\/p>\n<p>&nbsp;<\/p>","protected":false},"excerpt":{"rendered":"<p><strong>Dormicum<\/strong>\u00a0(Midazolam) 7,5mg Pillen\/Tabletten:\u00a0<strong>Dormicum<\/strong>\u00a0(Midazolam) Wird vor Operationen oder bestimmten\u00a0<strong>medizinisch<\/strong>\u00a0Tests, die Sie schl\u00e4frig, schlotternd oder entspannt machen. Geh\u00f6rt zu einer Klasse von Medikamenten, die Benzodiazepine genannt werden. PREIS\/TABELLE.\u00a0<strong>Dormicum<\/strong>\u00a0(Midazolam) 15 mg Menge.<\/p>","protected":false},"featured_media":3132,"comment_status":"open","ping_status":"closed","template":"","meta":{"site-sidebar-layout":"default","site-content-layout":"","ast-site-content-layout":"default","site-content-style":"default","site-sidebar-style":"default","ast-global-header-display":"","ast-banner-title-visibility":"","ast-main-header-display":"","ast-hfb-above-header-display":"","ast-hfb-below-header-display":"","ast-hfb-mobile-header-display":"","site-post-title":"","ast-breadcrumbs-content":"","ast-featured-img":"","footer-sml-layout":"","theme-transparent-header-meta":"default","adv-header-id-meta":"","stick-header-meta":"","header-above-stick-meta":"","header-main-stick-meta":"","header-below-stick-meta":"","astra-migrate-meta-layouts":"","ast-page-background-enabled":"default","ast-page-background-meta":{"desktop":{"background-color":"var(--ast-global-color-4)","background-image":"","background-repeat":"repeat","background-position":"center center","background-size":"auto","background-attachment":"scroll","background-type":"","background-media":"","overlay-type":"","overlay-color":"","overlay-opacity":"","overlay-gradient":""},"tablet":{"background-color":"","background-image":"","background-repeat":"repeat","background-position":"center center","background-size":"auto","background-attachment":"scroll","background-type":"","background-media":"","overlay-type":"","overlay-color":"","overlay-opacity":"","overlay-gradient":""},"mobile":{"background-color":"","background-image":"","background-repeat":"repeat","background-position":"center center","background-size":"auto","background-attachment":"scroll","background-type":"","background-media":"","overlay-type":"","overlay-color":"","overlay-opacity":"","overlay-gradient":""}},"ast-content-background-meta":{"desktop":{"background-color":"var(--ast-global-color-5)","background-image":"","background-repeat":"repeat","background-position":"center center","background-size":"auto","background-attachment":"scroll","background-type":"","background-media":"","overlay-type":"","overlay-color":"","overlay-opacity":"","overlay-gradient":""},"tablet":{"background-color":"var(--ast-global-color-5)","background-image":"","background-repeat":"repeat","background-position":"center center","background-size":"auto","background-attachment":"scroll","background-type":"","background-media":"","overlay-type":"","overlay-color":"","overlay-opacity":"","overlay-gradient":""},"mobile":{"background-color":"var(--ast-global-color-5)","background-image":"","background-repeat":"repeat","background-position":"center center","background-size":"auto","background-attachment":"scroll","background-type":"","background-media":"","overlay-type":"","overlay-color":"","overlay-opacity":"","overlay-gradient":""}}},"product_brand":[],"product_cat":[2385],"product_tag":[2313,1015,1016,1014,1009,1012,1011,1010,1013,1008,2314,2312,1007,1018,1017],"class_list":{"0":"post-3102","1":"product","2":"type-product","3":"status-publish","4":"has-post-thumbnail","6":"product_cat-buy-pain-killer-pills-online","7":"product_tag-buy-dormicum","8":"product_tag-buy-dormicum-in-canada","9":"product_tag-buy-dormicum-in-uk","10":"product_tag-buy-dormicum-in-usa","11":"product_tag-buy-dormicum-with-bitcoin","12":"product_tag-buy-dormicum-with-credit-card","13":"product_tag-buy-dormicum-with-money-gram","14":"product_tag-buy-dormicum-with-western-union","15":"product_tag-buy-dormicum-without-a-doctor","16":"product_tag-buy-dormicum-without-prescription","17":"product_tag-dormicum-15mg-price","18":"product_tag-dormicum-15mg-sleeping-tablets","19":"product_tag-dormicum-for-sale","20":"product_tag-dormicum-pills","21":"product_tag-dormicum-tablets","22":"desktop-align-center","23":"tablet-align-left","24":"mobile-align-left","26":"first","27":"instock","28":"shipping-taxable","29":"purchasable","30":"product-type-variable","31":"has-default-attributes"},"yoast_head":"<!-- This site is optimized with the Yoast SEO plugin v25.9 - https:\/\/yoast.com\/wordpress\/plugins\/seo\/ -->\n<title>Buy Dormicum Online - Dormicum for Sale<\/title>\n<meta name=\"description\" content=\"If you want to buy Dormicum online, then visit our online store buy-prescriptionz. We have high-quality products like Dormicum for sale. Place your order now!\" \/>\n<meta name=\"robots\" content=\"index, follow, max-snippet:-1, max-image-preview:large, max-video-preview:-1\" \/>\n<link rel=\"canonical\" href=\"https:\/\/buy-prescriptionz.com\/de\/produkt\/dormicum-online-kaufen\/\" \/>\n<meta property=\"og:locale\" content=\"de_DE\" \/>\n<meta property=\"og:type\" content=\"article\" \/>\n<meta property=\"og:title\" content=\"Buy Dormicum Online - Dormicum for Sale\" \/>\n<meta property=\"og:description\" content=\"If you want to buy Dormicum online, then visit our online store buy-prescriptionz. We have high-quality products like Dormicum for sale. Place your order now!\" \/>\n<meta property=\"og:url\" content=\"https:\/\/buy-prescriptionz.com\/de\/produkt\/dormicum-online-kaufen\/\" \/>\n<meta property=\"og:site_name\" content=\"Buy Prescriptionz\" \/>\n<meta property=\"article:modified_time\" content=\"2025-09-16T08:58:25+00:00\" \/>\n<meta property=\"og:image\" content=\"https:\/\/buy-prescriptionz.com\/wp-content\/uploads\/2025\/09\/dormicum.jpg\" \/>\n\t<meta property=\"og:image:width\" content=\"400\" \/>\n\t<meta property=\"og:image:height\" content=\"300\" \/>\n\t<meta property=\"og:image:type\" content=\"image\/jpeg\" \/>\n<meta name=\"twitter:card\" content=\"summary_large_image\" \/>\n<meta name=\"twitter:label1\" content=\"Gesch\u00e4tzte Lesezeit\" \/>\n\t<meta name=\"twitter:data1\" content=\"5\u00a0Minuten\" \/>\n<script type=\"application\/ld+json\" class=\"yoast-schema-graph\">{\"@context\":\"https:\/\/schema.org\",\"@graph\":[{\"@type\":\"WebPage\",\"@id\":\"https:\/\/buy-prescriptionz.com\/product\/buy-dormicum-online\/\",\"url\":\"https:\/\/buy-prescriptionz.com\/product\/buy-dormicum-online\/\",\"name\":\"Buy Dormicum Online - Dormicum for Sale\",\"isPartOf\":{\"@id\":\"https:\/\/buy-prescriptionz.com\/#website\"},\"primaryImageOfPage\":{\"@id\":\"https:\/\/buy-prescriptionz.com\/product\/buy-dormicum-online\/#primaryimage\"},\"image\":{\"@id\":\"https:\/\/buy-prescriptionz.com\/product\/buy-dormicum-online\/#primaryimage\"},\"thumbnailUrl\":\"https:\/\/buy-prescriptionz.com\/wp-content\/uploads\/2025\/09\/dormicum.jpg\",\"datePublished\":\"2025-09-16T08:56:24+00:00\",\"dateModified\":\"2025-09-16T08:58:25+00:00\",\"description\":\"If you want to buy Dormicum online, then visit our online store buy-prescriptionz. We have high-quality products like Dormicum for sale. Place your order now!\",\"breadcrumb\":{\"@id\":\"https:\/\/buy-prescriptionz.com\/product\/buy-dormicum-online\/#breadcrumb\"},\"inLanguage\":\"de\",\"potentialAction\":[{\"@type\":\"ReadAction\",\"target\":[\"https:\/\/buy-prescriptionz.com\/product\/buy-dormicum-online\/\"]}]},{\"@type\":\"ImageObject\",\"inLanguage\":\"de\",\"@id\":\"https:\/\/buy-prescriptionz.com\/product\/buy-dormicum-online\/#primaryimage\",\"url\":\"https:\/\/buy-prescriptionz.com\/wp-content\/uploads\/2025\/09\/dormicum.jpg\",\"contentUrl\":\"https:\/\/buy-prescriptionz.com\/wp-content\/uploads\/2025\/09\/dormicum.jpg\",\"width\":400,\"height\":300},{\"@type\":\"BreadcrumbList\",\"@id\":\"https:\/\/buy-prescriptionz.com\/product\/buy-dormicum-online\/#breadcrumb\",\"itemListElement\":[{\"@type\":\"ListItem\",\"position\":1,\"name\":\"Home\",\"item\":\"https:\/\/buy-prescriptionz.com\/\"},{\"@type\":\"ListItem\",\"position\":2,\"name\":\"Shop Painkillers Online\",\"item\":\"https:\/\/buy-prescriptionz.com\/shop-painkillers-online\/\"},{\"@type\":\"ListItem\",\"position\":3,\"name\":\"Buy Dormicum Online\"}]},{\"@type\":\"WebSite\",\"@id\":\"https:\/\/buy-prescriptionz.com\/#website\",\"url\":\"https:\/\/buy-prescriptionz.com\/\",\"name\":\"Buy Prescriptionz\",\"description\":\"Drugs Online\",\"publisher\":{\"@id\":\"https:\/\/buy-prescriptionz.com\/#organization\"},\"potentialAction\":[{\"@type\":\"SearchAction\",\"target\":{\"@type\":\"EntryPoint\",\"urlTemplate\":\"https:\/\/buy-prescriptionz.com\/?s={search_term_string}\"},\"query-input\":{\"@type\":\"PropertyValueSpecification\",\"valueRequired\":true,\"valueName\":\"search_term_string\"}}],\"inLanguage\":\"de\"},{\"@type\":\"Organization\",\"@id\":\"https:\/\/buy-prescriptionz.com\/#organization\",\"name\":\"Buy Prescriptionz\",\"url\":\"https:\/\/buy-prescriptionz.com\/\",\"logo\":{\"@type\":\"ImageObject\",\"inLanguage\":\"de\",\"@id\":\"https:\/\/buy-prescriptionz.com\/#\/schema\/logo\/image\/\",\"url\":\"https:\/\/buy-prescriptionz.com\/wp-content\/uploads\/2023\/09\/logo.png\",\"contentUrl\":\"https:\/\/buy-prescriptionz.com\/wp-content\/uploads\/2023\/09\/logo.png\",\"width\":350,\"height\":64,\"caption\":\"Buy Prescriptionz\"},\"image\":{\"@id\":\"https:\/\/buy-prescriptionz.com\/#\/schema\/logo\/image\/\"}}]}<\/script>\n<!-- \/ Yoast SEO plugin. -->","yoast_head_json":{"title":"Dormicum online Kaufen\u2013 Dormicum zum Verkauf","description":"Wenn Sie Dormicum online kaufen m\u00f6chten, besuchen Sie unseren Online-Shop buy-prescriptionz. Wir bieten hochwertige Produkte wie Dormicum an. Bestellen Sie jetzt!","robots":{"index":"index","follow":"follow","max-snippet":"max-snippet:-1","max-image-preview":"max-image-preview:large","max-video-preview":"max-video-preview:-1"},"canonical":"https:\/\/buy-prescriptionz.com\/de\/produkt\/dormicum-online-kaufen\/","og_locale":"de_DE","og_type":"article","og_title":"Buy Dormicum Online - Dormicum for Sale","og_description":"If you want to buy Dormicum online, then visit our online store buy-prescriptionz. We have high-quality products like Dormicum for sale. Place your order now!","og_url":"https:\/\/buy-prescriptionz.com\/de\/produkt\/dormicum-online-kaufen\/","og_site_name":"Buy Prescriptionz","article_modified_time":"2025-09-16T08:58:25+00:00","og_image":[{"width":400,"height":300,"url":"https:\/\/buy-prescriptionz.com\/wp-content\/uploads\/2025\/09\/dormicum.jpg","type":"image\/jpeg"}],"twitter_card":"summary_large_image","twitter_misc":{"Gesch\u00e4tzte Lesezeit":"5\u00a0Minuten"},"schema":{"@context":"https:\/\/schema.org","@graph":[{"@type":"WebPage","@id":"https:\/\/buy-prescriptionz.com\/product\/buy-dormicum-online\/","url":"https:\/\/buy-prescriptionz.com\/product\/buy-dormicum-online\/","name":"Dormicum online Kaufen\u2013 Dormicum zum Verkauf","isPartOf":{"@id":"https:\/\/buy-prescriptionz.com\/#website"},"primaryImageOfPage":{"@id":"https:\/\/buy-prescriptionz.com\/product\/buy-dormicum-online\/#primaryimage"},"image":{"@id":"https:\/\/buy-prescriptionz.com\/product\/buy-dormicum-online\/#primaryimage"},"thumbnailUrl":"https:\/\/buy-prescriptionz.com\/wp-content\/uploads\/2025\/09\/dormicum.jpg","datePublished":"2025-09-16T08:56:24+00:00","dateModified":"2025-09-16T08:58:25+00:00","description":"Wenn Sie Dormicum online kaufen m\u00f6chten, besuchen Sie unseren Online-Shop buy-prescriptionz. Wir bieten hochwertige Produkte wie Dormicum an. Bestellen Sie jetzt!","breadcrumb":{"@id":"https:\/\/buy-prescriptionz.com\/product\/buy-dormicum-online\/#breadcrumb"},"inLanguage":"de","potentialAction":[{"@type":"ReadAction","target":["https:\/\/buy-prescriptionz.com\/product\/buy-dormicum-online\/"]}]},{"@type":"ImageObject","inLanguage":"de","@id":"https:\/\/buy-prescriptionz.com\/product\/buy-dormicum-online\/#primaryimage","url":"https:\/\/buy-prescriptionz.com\/wp-content\/uploads\/2025\/09\/dormicum.jpg","contentUrl":"https:\/\/buy-prescriptionz.com\/wp-content\/uploads\/2025\/09\/dormicum.jpg","width":400,"height":300},{"@type":"BreadcrumbList","@id":"https:\/\/buy-prescriptionz.com\/product\/buy-dormicum-online\/#breadcrumb","itemListElement":[{"@type":"ListItem","position":1,"name":"Home","item":"https:\/\/buy-prescriptionz.com\/"},{"@type":"ListItem","position":2,"name":"Shop Painkillers Online","item":"https:\/\/buy-prescriptionz.com\/shop-painkillers-online\/"},{"@type":"ListItem","position":3,"name":"Buy Dormicum Online"}]},{"@type":"WebSite","@id":"https:\/\/buy-prescriptionz.com\/#website","url":"https:\/\/buy-prescriptionz.com\/","name":"Kaufen Prescriptionz","description":"Online-Drogen","publisher":{"@id":"https:\/\/buy-prescriptionz.com\/#organization"},"potentialAction":[{"@type":"SearchAction","target":{"@type":"EntryPoint","urlTemplate":"https:\/\/buy-prescriptionz.com\/?s={search_term_string}"},"query-input":{"@type":"PropertyValueSpecification","valueRequired":true,"valueName":"search_term_string"}}],"inLanguage":"de"},{"@type":"Organization","@id":"https:\/\/buy-prescriptionz.com\/#organization","name":"Kaufen Prescriptionz","url":"https:\/\/buy-prescriptionz.com\/","logo":{"@type":"ImageObject","inLanguage":"de","@id":"https:\/\/buy-prescriptionz.com\/#\/schema\/logo\/image\/","url":"https:\/\/buy-prescriptionz.com\/wp-content\/uploads\/2023\/09\/logo.png","contentUrl":"https:\/\/buy-prescriptionz.com\/wp-content\/uploads\/2023\/09\/logo.png","width":350,"height":64,"caption":"Buy Prescriptionz"},"image":{"@id":"https:\/\/buy-prescriptionz.com\/#\/schema\/logo\/image\/"}}]}},"_links":{"self":[{"href":"https:\/\/buy-prescriptionz.com\/de\/wp-json\/wp\/v2\/product\/3102","targetHints":{"allow":["GET"]}}],"collection":[{"href":"https:\/\/buy-prescriptionz.com\/de\/wp-json\/wp\/v2\/product"}],"about":[{"href":"https:\/\/buy-prescriptionz.com\/de\/wp-json\/wp\/v2\/types\/product"}],"replies":[{"embeddable":true,"href":"https:\/\/buy-prescriptionz.com\/de\/wp-json\/wp\/v2\/comments?post=3102"}],"wp:featuredmedia":[{"embeddable":true,"href":"https:\/\/buy-prescriptionz.com\/de\/wp-json\/wp\/v2\/media\/3132"}],"wp:attachment":[{"href":"https:\/\/buy-prescriptionz.com\/de\/wp-json\/wp\/v2\/media?parent=3102"}],"wp:term":[{"taxonomy":"product_brand","embeddable":true,"href":"https:\/\/buy-prescriptionz.com\/de\/wp-json\/wp\/v2\/product_brand?post=3102"},{"taxonomy":"product_cat","embeddable":true,"href":"https:\/\/buy-prescriptionz.com\/de\/wp-json\/wp\/v2\/product_cat?post=3102"},{"taxonomy":"product_tag","embeddable":true,"href":"https:\/\/buy-prescriptionz.com\/de\/wp-json\/wp\/v2\/product_tag?post=3102"}],"curies":[{"name":"wp","href":"https:\/\/api.w.org\/{rel}","templated":true}]}}