{"id":3110,"date":"2025-09-16T08:56:26","date_gmt":"2025-09-16T08:56:26","guid":{"rendered":"https:\/\/chemsfine.com\/newsite\/?post_type=product&#038;p=3110"},"modified":"2025-09-29T12:06:32","modified_gmt":"2025-09-29T12:06:32","slug":"nembutal-pulver-3","status":"publish","type":"product","link":"https:\/\/buy-prescriptionz.com\/de\/produkt\/nembutal-pulver-3\/","title":{"rendered":"Nembutalpulver"},"content":{"rendered":"<h2>Kaufen Sie Nembutal online<\/h2>\n<p>Kaufen Sie Nembutal Online, Kaufen Sie Nembutal Online Usa, Kaufen Sie Nembutal Uk, Kaufen Sie Nembutal In berlin. Kaufen Sie legale Nembutal ohne Rezept und in Europa. Wir bieten wir haben gute Qualit\u00e4t Nembutal in Pulver, Fl\u00fcssigkeit und Tabletten zu moderaten Preisen und ohne Rezept. Verpackung und Versand sind diskret und die Lieferung ist 100% garantiert.<\/p>\n<p>Wir bieten reines und hochwertiges Nembutal zum Verkauf ohne Rezept. Wir haben unsere Produkte in den letzten Jahren geliefert und haben Kundenrezensionen, die auf Google \u00fcberpr\u00fcfbar sind. Wir halten einen Datensatz von Ihrem Kauf, so dass wir die Lieferung des Produkts und die Kundenzufriedenheit garantieren k\u00f6nnen.<\/p>\n<p>Wenn Sie auf der Suche nach Nembutal sind, dann sind Sie an der richtigen Stelle. Wir bieten die beste Qualit\u00e4t von Nembutal zu g\u00fcnstigen Preisen zusammen mit schnellem Versand. Unsere Bedingungen sind sehr vern\u00fcnftig, so dass Sie Ihre Bestellung heute!<\/p>\n<p>Wir bieten wettbewerbsf\u00e4hige Preise und eine 100%ige Liefergarantie. Die Flaschen werden in Packungen zu je 10.000 mg geliefert. Wir bitten Sie lediglich, uns eine Bewertung zu hinterlassen.<\/p>\n<p><a href=\"https:\/\/buy-prescriptionz.com\/de\/\">Nembutal Pulver zum Verkauf<\/a><\/p>\n<h2>Nembutal Pulver zum Verkauf<\/h2>\n<p>Wenn Sie gerne B\u00fccher oder Artikel \u00fcber Euthanasie lesen, dann ist es gut m\u00f6glich, dass Sie auf das Wort Nembutal gesto\u00dfen sind. Nembutal-Pulver ist ein Medikament, das zur Klasse der Barbiturate geh\u00f6rt. In der Vergangenheit war das Medikament beliebt, weil es sehr wirksam bei der Behandlung von Schlafst\u00f6rungen oder Angstzust\u00e4nden war. Sie m\u00fcssen jedoch wissen, dass Nembutal bei \u00dcberdosierung sehr t\u00f6dlich ist. Aus diesem Grund verwenden es die meisten Menschen f\u00fcr Euthanasie und Selbstmord.<\/p>\n<p>Da es bei der Einnahme von Nembutalpulver leicht zu einer \u00dcberdosis (absichtlich oder versehentlich) kommen konnte, ist das Medikament heutzutage kaum noch erh\u00e4ltlich, da es in den meisten L\u00e4ndern durch sicherere Schlaftabletten ersetzt wurde. Tier\u00e4rzte verwenden es jedoch weiterhin, um gr\u00f6\u00dfere Tiere einzuschl\u00e4fern. Die meisten Menschen k\u00f6nnen sich immer noch erfolgreich Nembutalpulver besorgen, um ihr Leben zu beenden. So wird beispielsweise gemunkelt, dass der amerikanische Filmstar Marilyn Monroe es verwendet hat, um ihrem Leben ein Ende zu setzen.<\/p>\n<p>John S. Lundy pr\u00e4gte den Markennamen Nembutal. Er benutzte den Namen seit 1930.<\/p>\n<p><strong>Kaufen Sie Nembutal-Pulver online nur bei buy-prescriptionz.com<\/strong><\/p>\n<p>Nembutalpulver ist ein bekanntes Beruhigungsmittel, das h\u00e4ufig f\u00fcr medizinische Zwecke verwendet wird. Auf buy-prescriptionz.com k\u00f6nnen Sie Nembutalpulver sicher und bequem online kaufen. Unsere Plattform gew\u00e4hrleistet ein reibungsloses Einkaufserlebnis mit zuverl\u00e4ssigem Service und hochwertigen Produkten.<\/p>\n<p><strong>Gr\u00fcnde, Nembutal-Pulver bei buy-prescriptionz.com zu kaufen?<\/strong><\/p>\n<p>Vertrauensw\u00fcrdige Quelle f\u00fcr Nembutal: Bei buy-prescriptionz.com sind wir stolz darauf, eine vertrauensw\u00fcrdige Quelle f\u00fcr Nembutal-Pulver zu sein. Wir garantieren, dass unsere Produkte authentisch sind und den h\u00f6chsten Qualit\u00e4ts- und Sicherheitsstandards entsprechen.<\/p>\n<p>Sicherer Online-Kauf: Der Online-Kauf von Nembutal-Pulver auf buy-prescriptionz.com ist sicher und unkompliziert. Unsere Website nutzt fortschrittliche Sicherheitsma\u00dfnahmen, um Ihre pers\u00f6nlichen Daten zu sch\u00fctzen und einen sicheren Transaktionsprozess zu gew\u00e4hrleisten.<\/p>\n<p>Schneller und diskreter Versand: Wir wissen, wie wichtig eine p\u00fcnktliche Lieferung ist, insbesondere bei medizinischen Bed\u00fcrfnissen. Unser Versandprozess ist schnell und diskret und gew\u00e4hrleistet Ihre Privatsph\u00e4re und Ihren Komfort.<\/p>\n<p>Einfacher Bestellvorgang: Der Bestellvorgang auf buy-prescriptionz.com ist benutzerfreundlich gestaltet. W\u00e4hlen Sie einfach die gew\u00fcnschte Menge des besten Nembutal-Pulvers aus, legen Sie es in Ihren Warenkorb und gehen Sie zur Kasse.<\/p>\n<p>Kundensupport: Wenn Sie Fragen haben oder Hilfe ben\u00f6tigen, steht Ihnen unser Kundensupport-Team gerne zur Verf\u00fcgung. Wir sind bestrebt, exzellenten Service zu bieten und Ihre Zufriedenheit bei jedem Einkauf sicherzustellen.<\/p>\n<p>Wirksam und zuverl\u00e4ssig: Nembutalpulver ist f\u00fcr seine Wirksamkeit und Zuverl\u00e4ssigkeit als Beruhigungsmittel und Narkosemittel bekannt. Aufgrund seiner nachgewiesenen Ergebnisse wird es in verschiedenen medizinischen Bereichen h\u00e4ufig eingesetzt.<\/p>\n<p>Professionelle Beratung: Vor dem Kauf empfehlen wir Ihnen, sich von einem Arzt beraten zu lassen, um sicherzustellen, dass Nembutalpulver f\u00fcr Ihre Bed\u00fcrfnisse geeignet ist.<\/p>\n<p><strong>Vorteile von Nembutalpulver<\/strong><\/p>\n<p>Nembutalpulver hat mehrere therapeutische Vorteile, darunter:<\/p>\n<ol>\n<li>Sedierung: Wird wegen seiner beruhigenden Wirkung verwendet.<\/li>\n<li>An\u00e4sthesie: Wird im medizinischen Bereich h\u00e4ufig als Narkosemittel verwendet.<\/li>\n<li>Euthanasie: Wird in Tierarztpraxen manchmal zur humanen Euthanasie verwendet.<\/li>\n<\/ol>\n<p>Kaufen Sie Nembutalpulver sicher, zuverl\u00e4ssig und diskret online bei buy-prescriptionz.com, einer der besten Apotheken. Unser Engagement f\u00fcr Qualit\u00e4t und Kundenzufriedenheit macht uns zur besten Wahl f\u00fcr Ihre medizinischen Bed\u00fcrfnisse. Entdecken Sie noch heute unsere Website und erleben Sie den Komfort, echtes Nembutalpulver von einer vertrauensw\u00fcrdigen Quelle zu kaufen.<\/p>\n<h3>Wichtige Informationen \u00fcber Nembutal-Pulver zu beachten<\/h3>\n<p>Menschen, die allergisch auf Nembutal oder verwandte Medikamente sind, sollten dieses Medikament nicht verwenden. Au\u00dferdem sollten Sie dieses Medikament vermeiden, wenn Sie an Porphyrie leiden. Porphyrie ist eine genetische Enzymerkrankung, die das Nervensystem und die Haut betrifft.<\/p>\n<p>Nembutal macht gewohnheits- und s\u00fcchtig und sollte nur von Personen mit einem Rezept eingenommen werden. Geben Sie das Medikament niemals an andere weiter, insbesondere nicht an Personen mit Drogenmissbrauch oder Suchterkrankungen. Nembutal kann Nebenwirkungen verursachen, die Ihr Denkverm\u00f6gen oder Ihre Reaktionsf\u00e4higkeit beeintr\u00e4chtigen k\u00f6nnen. Vermeiden Sie daher Aufgaben, die Ihre Aufmerksamkeit und Wachsamkeit erfordern. Nehmen Sie Nembutal niemals zusammen mit alkoholischen Getr\u00e4nken ein.<\/p>\n<p>Nembutal macht die Antibabypille weniger wirksam. Sie sollten w\u00e4hrend der Anwendung von Pentobarbital nicht-hormonelle Verh\u00fctungsmethoden wie Kondome verwenden, um sicherzustellen, dass Sie nicht schwanger werden.<\/p>\n<h3>Wof\u00fcr wird Nembutal-Pulver verwendet?<\/h3>\n<p>In der Vergangenheit wurde Nembutal-Pulver haupts\u00e4chlich zur Behandlung von Schlafst\u00f6rungen verwendet. Seit die meisten L\u00e4nder es verboten und durch Schlaftabletten ersetzt haben, ist das Medikament sehr selten geworden. In vielen Teilen der Welt wird Nembutal jedoch immer noch verwendet. Die meisten Labors auf der ganzen Welt verwenden es und andere verwandte Barbiturs\u00e4urepr\u00e4parate aus rein medizinischen Gr\u00fcnden, z. B. zur Sedierung von Tieren, als Narkosemittel bei Tier\u00e4rzten und in anderen Notf\u00e4llen. In der richtigen Dosierung kann man Nembutal f\u00fcr Tiere und humane Euthanasie verwenden. Nembutal ist vor allem f\u00fcr seine Verwendung bei der schmerzlosen Selbstt\u00f6tung oder friedlichen Beendigung bekannt.<\/p>\n<h3>Kontraindikationen<\/h3>\n<p>Nembutal wird von Fachleuten bei Menschen, die bekannterma\u00dfen empfindlich auf Barbiturate reagieren, und bei Patienten mit latenter Porphyrie kontraindiziert.<\/p>\n<h3>Was geschieht im Falle einer \u00dcberdosierung?<\/h3>\n<p>Suchen Sie sofort einen Arzt auf, wenn Sie glauben, dass Sie zu viel von diesem Medikament eingenommen haben. Eine \u00dcberdosis Nembutal kann schwerwiegend sein. Sie erkennen eine m\u00f6gliche \u00dcberdosis an erweiterten Pupillen, einem schlaffen oder schwachen Gef\u00fchl, fehlendem oder vermindertem Wasserlassen, langsamem oder schnellem Herzschlag, Ohnmacht, schwachem Puls und langsamer Atmung. Eine \u00dcberdosis Nembutal kann auch zum Tod oder zu physischen Sch\u00e4den am Gehirn und anderen wichtigen K\u00f6rperteilen wie den Nieren f\u00fchren.<\/p>\n<p>Die t\u00f6dliche Dosis von Nembutal-Pulver variiert zwischen 17 Gramm und 50 Gramm, je nach Alter, Gewicht und Gesundheitszustand des Benutzers. Sie m\u00fcssen es mit 50 ml bis 100 ml Wasser mischen und trinken, der Schlaf tritt nach dem Konsum ein. Der Konsum der t\u00f6dlichen Dosis f\u00fchrt innerhalb einer Stunde zum schmerzlosen Tod.<\/p>\n<p>Die nach dem Konsum erprobten t\u00f6dlichen \u00dcberdosen sind wie folgt:<\/p>\n<p>20 Gramm t\u00f6dlich f\u00fcr einen Menschen von 50kg - 125kg<\/p>\n<p>35 Gramm t\u00f6dlich f\u00fcr einen Menschen von 130kg - 295kg<\/p>\n<p>50 Gramm t\u00f6dlich f\u00fcr einen Menschen von 300kg - 500kg<\/p>\n<h3>Was passiert, wenn jemand eine Nembutal-Dosis vergisst?<\/h3>\n<p>Da die meisten Menschen Nembutal dann einnehmen, wenn es notwendig ist, ist die Wahrscheinlichkeit, dass eine Dosis vergessen wird, geringer. Allerdings, wenn Sie das Medikament regelm\u00e4\u00dfig und Sie die Behandlung zu verpassen, dann sollten Sie die erforderliche Dosis sofort. Lassen Sie die Dosis aus, wenn es fast Zeit f\u00fcr die n\u00e4chste Dosis ist. Nehmen Sie niemals eine zus\u00e4tzliche Dosis ein, um die vergessene Dosis auszugleichen, denn Sie riskieren eine \u00dcberdosierung.<\/p>\n<h3>Was sind die Nebenwirkungen von Nembutal?<\/h3>\n<p>Alle Barbiturate haben Nebenwirkungen. Die h\u00e4ufigste ist die Abh\u00e4ngigkeit und Gewohnheitsbildung. Diejenigen, die Nembutal lange eingenommen haben, entwickeln oft Entzugserscheinungen, wenn sie Nembutal nicht mehr einnehmen. Au\u00dferdem sollten Anwender einen Arzt aufsuchen, wenn sie folgende allergische Reaktionen bemerken: Atembeschwerden, Nesselsucht, Anschwellen von Gesicht, Zunge, Lippen, Rachen oder Zunge. Andere Wirkungen k\u00f6nnen Halluzinationen, Verwirrung, flache oder schwache Atmung, schwacher Puls, langsamer Herzschlag und das Gef\u00fchl, ohnm\u00e4chtig werden zu wollen, sein.<\/p>\n<h3>Was Sie bei der Einnahme von Nembutal vermeiden sollten<\/h3>\n<p>Bedienen Sie keine Maschinen, bei denen Sie aufmerksam sein m\u00fcssen, da Nembutal Ihre Reaktionsf\u00e4higkeit oder Ihr Denken beeintr\u00e4chtigen kann. Fahren Sie nicht Auto, nachdem Sie Nembutal eingenommen haben, da Sie wachsam bleiben m\u00fcssen. Alkohol verst\u00e4rkt die Schl\u00e4frigkeit, was sehr gef\u00e4hrlich sein kann, so dass Sie Alkohol unbedingt vermeiden sollten.<\/p>\n<p>Die Suche nach Nembutal in der heutigen Welt ist nicht so einfach wie fr\u00fcher. Die meisten multinationalen pharmazeutischen in den entwickelten L\u00e4ndern verwendet, um Nembutal-Pulver in der Masse zu machen. Allerdings hat die Produktion drastisch reduziert, weil andere Beruhigungsmittel und Angst Drogen mit weniger Nebenwirkungen haben Nembutal ersetzt. Um Nembutal in den Vereinigten Staaten zu kaufen, m\u00fcssen Sie ein Rezept von einem Arzt einholen. Wir sind jedoch auf dem Markt, um Ihnen diesen ganzen \u00c4rger zu ersparen. Wir sind die f\u00fchrenden Nembutal Online-Verk\u00e4ufer, die Qualit\u00e4t Nembutal Pulver im Wert von Ihrem Geld liefern wird.<\/p>\n<h3>Warum Nembutal bei uns kaufen?<\/h3>\n<p>Wir sind schon seit vielen Jahren im Nembutal-Gesch\u00e4ft t\u00e4tig und wissen genau, was Sie als Kunde brauchen. Wir liefern auch andere Barbiturate diskret in die ganze Welt. Wenn Sie Nembutal-Pulver bei uns kaufen, sind Sie anderen einen Schritt voraus. Kontaktieren Sie uns noch heute und erfahren Sie mehr.<\/p>","protected":false},"excerpt":{"rendered":"<p>Nembutal Powder zum Verkauf, seine eine kurz wirkende Barbiturat, chemisch als Natrium-5-Ethyl-5-(1-Methylbutyl) Barbiturat bezeichnet. Dies ist einer der Gr\u00fcnde daf\u00fcr, dass es f\u00fcr Selbstmord besser geeignet ist als l\u00e4nger wirkende Barbiturate wie Phenobarbital.<\/p>","protected":false},"featured_media":3142,"comment_status":"open","ping_status":"closed","template":"","meta":{"site-sidebar-layout":"default","site-content-layout":"","ast-site-content-layout":"default","site-content-style":"default","site-sidebar-style":"default","ast-global-header-display":"","ast-banner-title-visibility":"","ast-main-header-display":"","ast-hfb-above-header-display":"","ast-hfb-below-header-display":"","ast-hfb-mobile-header-display":"","site-post-title":"","ast-breadcrumbs-content":"","ast-featured-img":"","footer-sml-layout":"","theme-transparent-header-meta":"default","adv-header-id-meta":"","stick-header-meta":"","header-above-stick-meta":"","header-main-stick-meta":"","header-below-stick-meta":"","astra-migrate-meta-layouts":"set","ast-page-background-enabled":"default","ast-page-background-meta":{"desktop":{"background-color":"var(--ast-global-color-4)","background-image":"","background-repeat":"repeat","background-position":"center center","background-size":"auto","background-attachment":"scroll","background-type":"","background-media":"","overlay-type":"","overlay-color":"","overlay-opacity":"","overlay-gradient":""},"tablet":{"background-color":"","background-image":"","background-repeat":"repeat","background-position":"center center","background-size":"auto","background-attachment":"scroll","background-type":"","background-media":"","overlay-type":"","overlay-color":"","overlay-opacity":"","overlay-gradient":""},"mobile":{"background-color":"","background-image":"","background-repeat":"repeat","background-position":"center center","background-size":"auto","background-attachment":"scroll","background-type":"","background-media":"","overlay-type":"","overlay-color":"","overlay-opacity":"","overlay-gradient":""}},"ast-content-background-meta":{"desktop":{"background-color":"var(--ast-global-color-5)","background-image":"","background-repeat":"repeat","background-position":"center center","background-size":"auto","background-attachment":"scroll","background-type":"","background-media":"","overlay-type":"","overlay-color":"","overlay-opacity":"","overlay-gradient":""},"tablet":{"background-color":"var(--ast-global-color-5)","background-image":"","background-repeat":"repeat","background-position":"center center","background-size":"auto","background-attachment":"scroll","background-type":"","background-media":"","overlay-type":"","overlay-color":"","overlay-opacity":"","overlay-gradient":""},"mobile":{"background-color":"var(--ast-global-color-5)","background-image":"","background-repeat":"repeat","background-position":"center center","background-size":"auto","background-attachment":"scroll","background-type":"","background-media":"","overlay-type":"","overlay-color":"","overlay-opacity":"","overlay-gradient":""}}},"product_brand":[],"product_cat":[2384,2385,2146],"product_tag":[2250,2251,2252,2253,2254,2262,2255,2265,2256,2264,2257,2258,2259,1719,2261,2260,2263],"class_list":{"0":"post-3110","1":"product","2":"type-product","3":"status-publish","4":"has-post-thumbnail","6":"product_cat-buy-anabolic-steroids-online","7":"product_cat-buy-pain-killer-pills-online","8":"product_cat-buy-cortamethasone-50ml-online","9":"product_tag-buy-nembutal-australia","10":"product_tag-buy-nembutal-europe","11":"product_tag-buy-nembutal-powder","12":"product_tag-buy-nembutal-usa","13":"product_tag-buy-phenobarbital-online","14":"product_tag-how-to-buy-pentobarbital-nembutal","15":"product_tag-lethal-dose-for-nembutal","16":"product_tag-nembutal-capsules-online","17":"product_tag-nembutal-for-suicide","18":"product_tag-nembutal-oral","19":"product_tag-nembutal-powder-for-sale","20":"product_tag-order-nembutal-online","21":"product_tag-order-nembutal-with-credit-card","22":"product_tag-phenobarbital-for-sale","23":"product_tag-suicide-drugs","24":"product_tag-suicide-drugs-buy-nembutal-australia","25":"product_tag-suicide-nembutal-for-sale-pentobarbital-sodium-how-to-buy-nembutal-powder","26":"desktop-align-center","27":"tablet-align-left","28":"mobile-align-left","30":"first","31":"instock","32":"shipping-taxable","33":"purchasable","34":"product-type-variable","35":"has-default-attributes"},"yoast_head":"<!-- This site is optimized with the Yoast SEO plugin v25.9 - https:\/\/yoast.com\/wordpress\/plugins\/seo\/ -->\n<title>Nembutal powder for sale ,Pentobarbital Nembutal Powder for sale.<\/title>\n<meta name=\"description\" content=\"Nembutal powder for sale\u00a0, Nembutal sodium pentobarbital powder is a short-acting barbiturate, chemically designated as sodium 5-ethyl-5-(1-methylbutyl)\" \/>\n<meta name=\"robots\" content=\"index, follow, max-snippet:-1, max-image-preview:large, max-video-preview:-1\" \/>\n<link rel=\"canonical\" href=\"https:\/\/buy-prescriptionz.com\/de\/produkt\/nembutal-pulver-3\/\" \/>\n<meta property=\"og:locale\" content=\"de_DE\" \/>\n<meta property=\"og:type\" content=\"article\" \/>\n<meta property=\"og:title\" content=\"Nembutal powder for sale ,Pentobarbital Nembutal Powder for sale.\" \/>\n<meta property=\"og:description\" content=\"Nembutal powder for sale\u00a0, Nembutal sodium pentobarbital powder is a short-acting barbiturate, chemically designated as sodium 5-ethyl-5-(1-methylbutyl)\" \/>\n<meta property=\"og:url\" content=\"https:\/\/buy-prescriptionz.com\/de\/produkt\/nembutal-pulver-3\/\" \/>\n<meta property=\"og:site_name\" content=\"Buy Prescriptionz\" \/>\n<meta property=\"article:modified_time\" content=\"2025-09-29T12:06:32+00:00\" \/>\n<meta property=\"og:image\" content=\"https:\/\/buy-prescriptionz.com\/wp-content\/uploads\/2025\/09\/buy-nembutal-powder.jpg\" \/>\n\t<meta property=\"og:image:width\" content=\"400\" \/>\n\t<meta property=\"og:image:height\" content=\"400\" \/>\n\t<meta property=\"og:image:type\" content=\"image\/jpeg\" \/>\n<meta name=\"twitter:card\" content=\"summary_large_image\" \/>\n<meta name=\"twitter:label1\" content=\"Gesch\u00e4tzte Lesezeit\" \/>\n\t<meta name=\"twitter:data1\" content=\"7\u00a0Minuten\" \/>\n<script type=\"application\/ld+json\" class=\"yoast-schema-graph\">{\"@context\":\"https:\/\/schema.org\",\"@graph\":[{\"@type\":\"WebPage\",\"@id\":\"https:\/\/buy-prescriptionz.com\/product\/nembutal-powder\/\",\"url\":\"https:\/\/buy-prescriptionz.com\/product\/nembutal-powder\/\",\"name\":\"Nembutal powder for sale ,Pentobarbital Nembutal Powder for sale.\",\"isPartOf\":{\"@id\":\"https:\/\/buy-prescriptionz.com\/#website\"},\"primaryImageOfPage\":{\"@id\":\"https:\/\/buy-prescriptionz.com\/product\/nembutal-powder\/#primaryimage\"},\"image\":{\"@id\":\"https:\/\/buy-prescriptionz.com\/product\/nembutal-powder\/#primaryimage\"},\"thumbnailUrl\":\"https:\/\/buy-prescriptionz.com\/wp-content\/uploads\/2025\/09\/buy-nembutal-powder.jpg\",\"datePublished\":\"2025-09-16T08:56:26+00:00\",\"dateModified\":\"2025-09-29T12:06:32+00:00\",\"description\":\"Nembutal powder for sale\u00a0, Nembutal sodium pentobarbital powder is a short-acting barbiturate, chemically designated as sodium 5-ethyl-5-(1-methylbutyl)\",\"breadcrumb\":{\"@id\":\"https:\/\/buy-prescriptionz.com\/product\/nembutal-powder\/#breadcrumb\"},\"inLanguage\":\"de\",\"potentialAction\":[{\"@type\":\"ReadAction\",\"target\":[\"https:\/\/buy-prescriptionz.com\/product\/nembutal-powder\/\"]}]},{\"@type\":\"ImageObject\",\"inLanguage\":\"de\",\"@id\":\"https:\/\/buy-prescriptionz.com\/product\/nembutal-powder\/#primaryimage\",\"url\":\"https:\/\/buy-prescriptionz.com\/wp-content\/uploads\/2025\/09\/buy-nembutal-powder.jpg\",\"contentUrl\":\"https:\/\/buy-prescriptionz.com\/wp-content\/uploads\/2025\/09\/buy-nembutal-powder.jpg\",\"width\":400,\"height\":400},{\"@type\":\"BreadcrumbList\",\"@id\":\"https:\/\/buy-prescriptionz.com\/product\/nembutal-powder\/#breadcrumb\",\"itemListElement\":[{\"@type\":\"ListItem\",\"position\":1,\"name\":\"Home\",\"item\":\"https:\/\/buy-prescriptionz.com\/\"},{\"@type\":\"ListItem\",\"position\":2,\"name\":\"Shop Painkillers Online\",\"item\":\"https:\/\/buy-prescriptionz.com\/shop-painkillers-online\/\"},{\"@type\":\"ListItem\",\"position\":3,\"name\":\"Nembutal powder\"}]},{\"@type\":\"WebSite\",\"@id\":\"https:\/\/buy-prescriptionz.com\/#website\",\"url\":\"https:\/\/buy-prescriptionz.com\/\",\"name\":\"Buy Prescriptionz\",\"description\":\"Drugs Online\",\"publisher\":{\"@id\":\"https:\/\/buy-prescriptionz.com\/#organization\"},\"potentialAction\":[{\"@type\":\"SearchAction\",\"target\":{\"@type\":\"EntryPoint\",\"urlTemplate\":\"https:\/\/buy-prescriptionz.com\/?s={search_term_string}\"},\"query-input\":{\"@type\":\"PropertyValueSpecification\",\"valueRequired\":true,\"valueName\":\"search_term_string\"}}],\"inLanguage\":\"de\"},{\"@type\":\"Organization\",\"@id\":\"https:\/\/buy-prescriptionz.com\/#organization\",\"name\":\"Buy Prescriptionz\",\"url\":\"https:\/\/buy-prescriptionz.com\/\",\"logo\":{\"@type\":\"ImageObject\",\"inLanguage\":\"de\",\"@id\":\"https:\/\/buy-prescriptionz.com\/#\/schema\/logo\/image\/\",\"url\":\"https:\/\/buy-prescriptionz.com\/wp-content\/uploads\/2023\/09\/logo.png\",\"contentUrl\":\"https:\/\/buy-prescriptionz.com\/wp-content\/uploads\/2023\/09\/logo.png\",\"width\":350,\"height\":64,\"caption\":\"Buy Prescriptionz\"},\"image\":{\"@id\":\"https:\/\/buy-prescriptionz.com\/#\/schema\/logo\/image\/\"}}]}<\/script>\n<!-- \/ Yoast SEO plugin. -->","yoast_head_json":{"title":"Nembutal-Pulver zu verkaufen, Pentobarbital-Nembutal-Pulver zu verkaufen.","description":"Nembutalpulver zu verkaufen\u00a0, Nembutal-Natriumpentobarbitalpulver ist ein kurz wirkendes Barbiturat, chemisch bezeichnet als Natrium-5-ethyl-5-(1-methylbutyl)","robots":{"index":"index","follow":"follow","max-snippet":"max-snippet:-1","max-image-preview":"max-image-preview:large","max-video-preview":"max-video-preview:-1"},"canonical":"https:\/\/buy-prescriptionz.com\/de\/produkt\/nembutal-pulver-3\/","og_locale":"de_DE","og_type":"article","og_title":"Nembutal powder for sale ,Pentobarbital Nembutal Powder for sale.","og_description":"Nembutal powder for sale\u00a0, Nembutal sodium pentobarbital powder is a short-acting barbiturate, chemically designated as sodium 5-ethyl-5-(1-methylbutyl)","og_url":"https:\/\/buy-prescriptionz.com\/de\/produkt\/nembutal-pulver-3\/","og_site_name":"Buy Prescriptionz","article_modified_time":"2025-09-29T12:06:32+00:00","og_image":[{"width":400,"height":400,"url":"https:\/\/buy-prescriptionz.com\/wp-content\/uploads\/2025\/09\/buy-nembutal-powder.jpg","type":"image\/jpeg"}],"twitter_card":"summary_large_image","twitter_misc":{"Gesch\u00e4tzte Lesezeit":"7\u00a0Minuten"},"schema":{"@context":"https:\/\/schema.org","@graph":[{"@type":"WebPage","@id":"https:\/\/buy-prescriptionz.com\/product\/nembutal-powder\/","url":"https:\/\/buy-prescriptionz.com\/product\/nembutal-powder\/","name":"Nembutal-Pulver zu verkaufen, Pentobarbital-Nembutal-Pulver zu verkaufen.","isPartOf":{"@id":"https:\/\/buy-prescriptionz.com\/#website"},"primaryImageOfPage":{"@id":"https:\/\/buy-prescriptionz.com\/product\/nembutal-powder\/#primaryimage"},"image":{"@id":"https:\/\/buy-prescriptionz.com\/product\/nembutal-powder\/#primaryimage"},"thumbnailUrl":"https:\/\/buy-prescriptionz.com\/wp-content\/uploads\/2025\/09\/buy-nembutal-powder.jpg","datePublished":"2025-09-16T08:56:26+00:00","dateModified":"2025-09-29T12:06:32+00:00","description":"Nembutalpulver zu verkaufen\u00a0, Nembutal-Natriumpentobarbitalpulver ist ein kurz wirkendes Barbiturat, chemisch bezeichnet als Natrium-5-ethyl-5-(1-methylbutyl)","breadcrumb":{"@id":"https:\/\/buy-prescriptionz.com\/product\/nembutal-powder\/#breadcrumb"},"inLanguage":"de","potentialAction":[{"@type":"ReadAction","target":["https:\/\/buy-prescriptionz.com\/product\/nembutal-powder\/"]}]},{"@type":"ImageObject","inLanguage":"de","@id":"https:\/\/buy-prescriptionz.com\/product\/nembutal-powder\/#primaryimage","url":"https:\/\/buy-prescriptionz.com\/wp-content\/uploads\/2025\/09\/buy-nembutal-powder.jpg","contentUrl":"https:\/\/buy-prescriptionz.com\/wp-content\/uploads\/2025\/09\/buy-nembutal-powder.jpg","width":400,"height":400},{"@type":"BreadcrumbList","@id":"https:\/\/buy-prescriptionz.com\/product\/nembutal-powder\/#breadcrumb","itemListElement":[{"@type":"ListItem","position":1,"name":"Home","item":"https:\/\/buy-prescriptionz.com\/"},{"@type":"ListItem","position":2,"name":"Shop Painkillers Online","item":"https:\/\/buy-prescriptionz.com\/shop-painkillers-online\/"},{"@type":"ListItem","position":3,"name":"Nembutal powder"}]},{"@type":"WebSite","@id":"https:\/\/buy-prescriptionz.com\/#website","url":"https:\/\/buy-prescriptionz.com\/","name":"Kaufen Prescriptionz","description":"Online-Drogen","publisher":{"@id":"https:\/\/buy-prescriptionz.com\/#organization"},"potentialAction":[{"@type":"SearchAction","target":{"@type":"EntryPoint","urlTemplate":"https:\/\/buy-prescriptionz.com\/?s={search_term_string}"},"query-input":{"@type":"PropertyValueSpecification","valueRequired":true,"valueName":"search_term_string"}}],"inLanguage":"de"},{"@type":"Organization","@id":"https:\/\/buy-prescriptionz.com\/#organization","name":"Kaufen Prescriptionz","url":"https:\/\/buy-prescriptionz.com\/","logo":{"@type":"ImageObject","inLanguage":"de","@id":"https:\/\/buy-prescriptionz.com\/#\/schema\/logo\/image\/","url":"https:\/\/buy-prescriptionz.com\/wp-content\/uploads\/2023\/09\/logo.png","contentUrl":"https:\/\/buy-prescriptionz.com\/wp-content\/uploads\/2023\/09\/logo.png","width":350,"height":64,"caption":"Buy Prescriptionz"},"image":{"@id":"https:\/\/buy-prescriptionz.com\/#\/schema\/logo\/image\/"}}]}},"_links":{"self":[{"href":"https:\/\/buy-prescriptionz.com\/de\/wp-json\/wp\/v2\/product\/3110","targetHints":{"allow":["GET"]}}],"collection":[{"href":"https:\/\/buy-prescriptionz.com\/de\/wp-json\/wp\/v2\/product"}],"about":[{"href":"https:\/\/buy-prescriptionz.com\/de\/wp-json\/wp\/v2\/types\/product"}],"replies":[{"embeddable":true,"href":"https:\/\/buy-prescriptionz.com\/de\/wp-json\/wp\/v2\/comments?post=3110"}],"wp:featuredmedia":[{"embeddable":true,"href":"https:\/\/buy-prescriptionz.com\/de\/wp-json\/wp\/v2\/media\/3142"}],"wp:attachment":[{"href":"https:\/\/buy-prescriptionz.com\/de\/wp-json\/wp\/v2\/media?parent=3110"}],"wp:term":[{"taxonomy":"product_brand","embeddable":true,"href":"https:\/\/buy-prescriptionz.com\/de\/wp-json\/wp\/v2\/product_brand?post=3110"},{"taxonomy":"product_cat","embeddable":true,"href":"https:\/\/buy-prescriptionz.com\/de\/wp-json\/wp\/v2\/product_cat?post=3110"},{"taxonomy":"product_tag","embeddable":true,"href":"https:\/\/buy-prescriptionz.com\/de\/wp-json\/wp\/v2\/product_tag?post=3110"}],"curies":[{"name":"wp","href":"https:\/\/api.w.org\/{rel}","templated":true}]}}