{"id":965,"date":"2019-04-12T17:48:19","date_gmt":"2019-04-12T17:48:19","guid":{"rendered":"https:\/\/buyprescriptionz.com\/?page_id=965"},"modified":"2019-04-12T17:52:15","modified_gmt":"2019-04-12T17:52:15","slug":"about-us","status":"publish","type":"page","link":"https:\/\/buy-prescriptionz.com\/es\/about-us\/","title":{"rendered":"Sobre nosotros"},"content":{"rendered":"<p style=\"text-align: justify;\">Buy Prescriptionz: Una organizaci\u00f3n farmac\u00e9utica notable que se establece en Albany, NY 12223 (EE. UU.). Somos mayoristas, fabricantes, distribuidores, comerciantes, minoristas y exportadores. Dirigimos fundamentalmente nuestros ejercicios comerciales en USA, Australia, Reino Unido y Europa.<\/p>\n<p style=\"text-align: justify;\">De esta manera, como hablamos de estos medicamentos o productos farmac\u00e9uticos son valiosos como inseguros.<\/p>\n<p style=\"text-align: justify;\">La relaci\u00f3n de confianza que nos hemos ganado con nuestros clientes a trav\u00e9s de nuestro ejercicio empresarial nos lleva cada vez m\u00e1s hacia su Bienestar. De esta manera, satisfaremos sus deseos.<\/p>\n<p style=\"text-align: justify;\">Buy Prescriptionz fabrica un vecindario cordial que ofrece una amplia gama de medicamentos terap\u00e9uticos con medidas de precauci\u00f3n completas. Estamos completamente preparados para usted y, como resultado de usted, estamos aqu\u00ed. Le prometemos que todos nuestros art\u00edculos est\u00e1n protegidos y la calidad est\u00e1 bien.<\/p>\n<p style=\"text-align: justify;\"><strong>Principalmente, nos ocupamos de los productos mencionados a continuaci\u00f3n:<\/strong><\/p>\n<ul style=\"text-align: justify;\">\n<li>Esteroides anab\u00f3licos<\/li>\n<li>Medicamentos con receta<\/li>\n<li>Depressants and Anxiety<\/li>\n<li>Alucin\u00f3genos<\/li>\n<li>Marijuana and Hashish<\/li>\n<li>Opioides<\/li>\n<li>Pastillas<\/li>\n<li>Estimulantes<\/li>\n<\/ul>\n<p style=\"text-align: justify;\">Nuestra administraci\u00f3n los ejecutivos exacerbando, la administraci\u00f3n de transporte y la conferencia de especialistas en drogas. Que es por tu bienestar.<\/p>\n<p style=\"text-align: justify;\">Nuestra organizaci\u00f3n Buy Prescriptionz es equivalente a todas las puertas abiertas, independientemente de su estado, sexo, estado de salud, idioma, religi\u00f3n, edad e introducci\u00f3n sexual. Presentamos con usted y para usted en general.<\/p>\n<p style=\"text-align: justify;\">Nuestro personal apuesta por la mejor administraci\u00f3n y calidad para usted. En esta l\u00ednea, conseguimos la mano de obra indicada por su necesidad. Preparamos a nuestro personal en general ventajoso y actualizado para usted con el fin de que podamos brindarle lo mejor. Nos ocupamos de su tiempo y bienestar esa es nuestra intenci\u00f3n.<\/p>\n<p style=\"text-align: justify;\">Nuestra intenci\u00f3n es transmitir la mejor administraci\u00f3n de farmacia y medicamentos seguros con sus grandes objetivos de bienestar. Somos competentes.<\/p>\n<p style=\"text-align: justify;\">Nos aseguramos de que nuestra administraci\u00f3n debe ser moderada y puede comprar cuando y en cualquier lugar. No negociamos con su bienestar.<\/p>\n<p style=\"text-align: justify;\">Con respecto a nuestra red cercana Buy Prescriptionz, comprenda su necesidad de una consideraci\u00f3n asombrosa por nuestra parte. En este sentido, que no tengas que desplazarte ni informarte m\u00e1s.<\/p>\n<p style=\"text-align: justify;\">De hecho, aunque pensamos en la red cercana, fabricamos nuestra notoriedad y nombre en la farmacia.<\/p>\n<p style=\"text-align: justify;\">Hacemos que nuestra administraci\u00f3n sea lo mejor para usted con nuestros incre\u00edbles esfuerzos.<\/p>\n<p style=\"text-align: justify;\">Su Confianza, Nuestro Esfuerzo.<\/p>\n<p style=\"text-align: justify;\"><strong>PARA CUALQUIER CONSULTA ADICIONAL O DETALLE, TAMBI\u00c9N PUEDE CONTACTARNOS EN:<\/strong><\/p>\n<p style=\"text-align: justify;\"><strong>DIRECCI\u00d3N:<\/strong> 115 Fire Access Road, Albany, NY 12223 (USA)<\/p>\n<p style=\"text-align: justify;\"><strong>Correo electr\u00f3nico:<\/strong> info@buy-prescriptionz.com<\/p>\n<p style=\"text-align: justify;\"><strong>Llamada\/WhatsApp:<\/strong> +1 (510) 972-3097<\/p>","protected":false},"excerpt":{"rendered":"<p>Buy Prescriptionz: A notable pharmaceutical organization that is set up in Albany, NY 12223 (USA). We are Wholesaler, Manufacturer, Distributor, Trader, Retailer, and Exporter. We fundamentally direct our business exercises in the USA, Australia, United Kingdom, and Europe. In this way, as we talk about these medications or pharmaceutical item they are valuable just as [&hellip;]<\/p>","protected":false},"author":1,"featured_media":0,"parent":0,"menu_order":0,"comment_status":"open","ping_status":"open","template":"","meta":{"site-sidebar-layout":"default","site-content-layout":"","ast-site-content-layout":"default","site-content-style":"default","site-sidebar-style":"default","ast-global-header-display":"","ast-banner-title-visibility":"","ast-main-header-display":"","ast-hfb-above-header-display":"","ast-hfb-below-header-display":"","ast-hfb-mobile-header-display":"","site-post-title":"","ast-breadcrumbs-content":"","ast-featured-img":"","footer-sml-layout":"","theme-transparent-header-meta":"","adv-header-id-meta":"","stick-header-meta":"","header-above-stick-meta":"","header-main-stick-meta":"","header-below-stick-meta":"","astra-migrate-meta-layouts":"default","ast-page-background-enabled":"default","ast-page-background-meta":{"desktop":{"background-color":"var(--ast-global-color-4)","background-image":"","background-repeat":"repeat","background-position":"center center","background-size":"auto","background-attachment":"scroll","background-type":"","background-media":"","overlay-type":"","overlay-color":"","overlay-opacity":"","overlay-gradient":""},"tablet":{"background-color":"","background-image":"","background-repeat":"repeat","background-position":"center center","background-size":"auto","background-attachment":"scroll","background-type":"","background-media":"","overlay-type":"","overlay-color":"","overlay-opacity":"","overlay-gradient":""},"mobile":{"background-color":"","background-image":"","background-repeat":"repeat","background-position":"center center","background-size":"auto","background-attachment":"scroll","background-type":"","background-media":"","overlay-type":"","overlay-color":"","overlay-opacity":"","overlay-gradient":""}},"ast-content-background-meta":{"desktop":{"background-color":"var(--ast-global-color-5)","background-image":"","background-repeat":"repeat","background-position":"center center","background-size":"auto","background-attachment":"scroll","background-type":"","background-media":"","overlay-type":"","overlay-color":"","overlay-opacity":"","overlay-gradient":""},"tablet":{"background-color":"var(--ast-global-color-5)","background-image":"","background-repeat":"repeat","background-position":"center center","background-size":"auto","background-attachment":"scroll","background-type":"","background-media":"","overlay-type":"","overlay-color":"","overlay-opacity":"","overlay-gradient":""},"mobile":{"background-color":"var(--ast-global-color-5)","background-image":"","background-repeat":"repeat","background-position":"center center","background-size":"auto","background-attachment":"scroll","background-type":"","background-media":"","overlay-type":"","overlay-color":"","overlay-opacity":"","overlay-gradient":""}},"footnotes":""},"class_list":["post-965","page","type-page","status-publish","hentry"],"yoast_head":"<!-- This site is optimized with the Yoast SEO plugin v25.9 - https:\/\/yoast.com\/wordpress\/plugins\/seo\/ -->\n<title>About us - Buy Prescriptionz<\/title>\n<meta name=\"robots\" content=\"index, follow, max-snippet:-1, max-image-preview:large, max-video-preview:-1\" \/>\n<link rel=\"canonical\" href=\"https:\/\/buy-prescriptionz.com\/es\/about-us\/\" \/>\n<meta property=\"og:locale\" content=\"es_ES\" \/>\n<meta property=\"og:type\" content=\"article\" \/>\n<meta property=\"og:title\" content=\"About us - Buy Prescriptionz\" \/>\n<meta property=\"og:description\" content=\"Buy Prescriptionz: A notable pharmaceutical organization that is set up in Albany, NY 12223 (USA). We are Wholesaler, Manufacturer, Distributor, Trader, Retailer, and Exporter. We fundamentally direct our business exercises in the USA, Australia, United Kingdom, and Europe. In this way, as we talk about these medications or pharmaceutical item they are valuable just as [&hellip;]\" \/>\n<meta property=\"og:url\" content=\"https:\/\/buy-prescriptionz.com\/es\/about-us\/\" \/>\n<meta property=\"og:site_name\" content=\"Buy Prescriptionz\" \/>\n<meta property=\"article:modified_time\" content=\"2019-04-12T17:52:15+00:00\" \/>\n<meta name=\"twitter:card\" content=\"summary_large_image\" \/>\n<meta name=\"twitter:label1\" content=\"Tiempo de lectura\" \/>\n\t<meta name=\"twitter:data1\" content=\"2 minutos\" \/>\n<script type=\"application\/ld+json\" class=\"yoast-schema-graph\">{\"@context\":\"https:\/\/schema.org\",\"@graph\":[{\"@type\":\"WebPage\",\"@id\":\"https:\/\/buy-prescriptionz.com\/about-us\/\",\"url\":\"https:\/\/buy-prescriptionz.com\/about-us\/\",\"name\":\"About us - Buy Prescriptionz\",\"isPartOf\":{\"@id\":\"https:\/\/buy-prescriptionz.com\/#website\"},\"datePublished\":\"2019-04-12T17:48:19+00:00\",\"dateModified\":\"2019-04-12T17:52:15+00:00\",\"breadcrumb\":{\"@id\":\"https:\/\/buy-prescriptionz.com\/about-us\/#breadcrumb\"},\"inLanguage\":\"es\",\"potentialAction\":[{\"@type\":\"ReadAction\",\"target\":[\"https:\/\/buy-prescriptionz.com\/about-us\/\"]}]},{\"@type\":\"BreadcrumbList\",\"@id\":\"https:\/\/buy-prescriptionz.com\/about-us\/#breadcrumb\",\"itemListElement\":[{\"@type\":\"ListItem\",\"position\":1,\"name\":\"Home\",\"item\":\"https:\/\/buy-prescriptionz.com\/\"},{\"@type\":\"ListItem\",\"position\":2,\"name\":\"About us\"}]},{\"@type\":\"WebSite\",\"@id\":\"https:\/\/buy-prescriptionz.com\/#website\",\"url\":\"https:\/\/buy-prescriptionz.com\/\",\"name\":\"Buy Prescriptionz\",\"description\":\"Drugs Online\",\"publisher\":{\"@id\":\"https:\/\/buy-prescriptionz.com\/#organization\"},\"potentialAction\":[{\"@type\":\"SearchAction\",\"target\":{\"@type\":\"EntryPoint\",\"urlTemplate\":\"https:\/\/buy-prescriptionz.com\/?s={search_term_string}\"},\"query-input\":{\"@type\":\"PropertyValueSpecification\",\"valueRequired\":true,\"valueName\":\"search_term_string\"}}],\"inLanguage\":\"es\"},{\"@type\":\"Organization\",\"@id\":\"https:\/\/buy-prescriptionz.com\/#organization\",\"name\":\"Buy Prescriptionz\",\"url\":\"https:\/\/buy-prescriptionz.com\/\",\"logo\":{\"@type\":\"ImageObject\",\"inLanguage\":\"es\",\"@id\":\"https:\/\/buy-prescriptionz.com\/#\/schema\/logo\/image\/\",\"url\":\"https:\/\/buy-prescriptionz.com\/wp-content\/uploads\/2023\/09\/logo.png\",\"contentUrl\":\"https:\/\/buy-prescriptionz.com\/wp-content\/uploads\/2023\/09\/logo.png\",\"width\":350,\"height\":64,\"caption\":\"Buy Prescriptionz\"},\"image\":{\"@id\":\"https:\/\/buy-prescriptionz.com\/#\/schema\/logo\/image\/\"}}]}<\/script>\n<!-- \/ Yoast SEO plugin. -->","yoast_head_json":{"title":"About us - Buy Prescriptionz","robots":{"index":"index","follow":"follow","max-snippet":"max-snippet:-1","max-image-preview":"max-image-preview:large","max-video-preview":"max-video-preview:-1"},"canonical":"https:\/\/buy-prescriptionz.com\/es\/about-us\/","og_locale":"es_ES","og_type":"article","og_title":"About us - Buy Prescriptionz","og_description":"Buy Prescriptionz: A notable pharmaceutical organization that is set up in Albany, NY 12223 (USA). We are Wholesaler, Manufacturer, Distributor, Trader, Retailer, and Exporter. We fundamentally direct our business exercises in the USA, Australia, United Kingdom, and Europe. In this way, as we talk about these medications or pharmaceutical item they are valuable just as [&hellip;]","og_url":"https:\/\/buy-prescriptionz.com\/es\/about-us\/","og_site_name":"Buy Prescriptionz","article_modified_time":"2019-04-12T17:52:15+00:00","twitter_card":"summary_large_image","twitter_misc":{"Tiempo de lectura":"2 minutos"},"schema":{"@context":"https:\/\/schema.org","@graph":[{"@type":"WebPage","@id":"https:\/\/buy-prescriptionz.com\/about-us\/","url":"https:\/\/buy-prescriptionz.com\/about-us\/","name":"About us - Buy Prescriptionz","isPartOf":{"@id":"https:\/\/buy-prescriptionz.com\/#website"},"datePublished":"2019-04-12T17:48:19+00:00","dateModified":"2019-04-12T17:52:15+00:00","breadcrumb":{"@id":"https:\/\/buy-prescriptionz.com\/about-us\/#breadcrumb"},"inLanguage":"es","potentialAction":[{"@type":"ReadAction","target":["https:\/\/buy-prescriptionz.com\/about-us\/"]}]},{"@type":"BreadcrumbList","@id":"https:\/\/buy-prescriptionz.com\/about-us\/#breadcrumb","itemListElement":[{"@type":"ListItem","position":1,"name":"Home","item":"https:\/\/buy-prescriptionz.com\/"},{"@type":"ListItem","position":2,"name":"About us"}]},{"@type":"WebSite","@id":"https:\/\/buy-prescriptionz.com\/#website","url":"https:\/\/buy-prescriptionz.com\/","name":"Buy Prescriptionz","description":"Medicamentos en l\u00ednea","publisher":{"@id":"https:\/\/buy-prescriptionz.com\/#organization"},"potentialAction":[{"@type":"SearchAction","target":{"@type":"EntryPoint","urlTemplate":"https:\/\/buy-prescriptionz.com\/?s={search_term_string}"},"query-input":{"@type":"PropertyValueSpecification","valueRequired":true,"valueName":"search_term_string"}}],"inLanguage":"es"},{"@type":"Organization","@id":"https:\/\/buy-prescriptionz.com\/#organization","name":"Buy Prescriptionz","url":"https:\/\/buy-prescriptionz.com\/","logo":{"@type":"ImageObject","inLanguage":"es","@id":"https:\/\/buy-prescriptionz.com\/#\/schema\/logo\/image\/","url":"https:\/\/buy-prescriptionz.com\/wp-content\/uploads\/2023\/09\/logo.png","contentUrl":"https:\/\/buy-prescriptionz.com\/wp-content\/uploads\/2023\/09\/logo.png","width":350,"height":64,"caption":"Buy Prescriptionz"},"image":{"@id":"https:\/\/buy-prescriptionz.com\/#\/schema\/logo\/image\/"}}]}},"_links":{"self":[{"href":"https:\/\/buy-prescriptionz.com\/es\/wp-json\/wp\/v2\/pages\/965","targetHints":{"allow":["GET"]}}],"collection":[{"href":"https:\/\/buy-prescriptionz.com\/es\/wp-json\/wp\/v2\/pages"}],"about":[{"href":"https:\/\/buy-prescriptionz.com\/es\/wp-json\/wp\/v2\/types\/page"}],"author":[{"embeddable":true,"href":"https:\/\/buy-prescriptionz.com\/es\/wp-json\/wp\/v2\/users\/1"}],"replies":[{"embeddable":true,"href":"https:\/\/buy-prescriptionz.com\/es\/wp-json\/wp\/v2\/comments?post=965"}],"version-history":[{"count":0,"href":"https:\/\/buy-prescriptionz.com\/es\/wp-json\/wp\/v2\/pages\/965\/revisions"}],"wp:attachment":[{"href":"https:\/\/buy-prescriptionz.com\/es\/wp-json\/wp\/v2\/media?parent=965"}],"curies":[{"name":"wp","href":"https:\/\/api.w.org\/{rel}","templated":true}]}}