{"id":986,"date":"2019-05-08T05:53:37","date_gmt":"2019-05-08T05:53:37","guid":{"rendered":"https:\/\/buyprescriptionz.com\/?page_id=986"},"modified":"2019-05-08T05:53:37","modified_gmt":"2019-05-08T05:53:37","slug":"payment","status":"publish","type":"page","link":"https:\/\/buy-prescriptionz.com\/es\/payment\/","title":{"rendered":"Pago"},"content":{"rendered":"<p style=\"text-align: justify;\">En Buyprescriptionz Pharmacy, los m\u00e9todos de pago son f\u00e1ciles de usar y realizar. Siempre hay actualizaciones de la pasarela de pago para que los pagos sean seguros y an\u00f3nimos para nuestros clientes. Estamos agregando m\u00e1s opciones a nuestros m\u00e9todos de pago porque sabemos que hacer un pago en l\u00ednea deber\u00eda ser m\u00e1s pr\u00e1ctico y sencillo que nunca.<\/p>\n<p style=\"text-align: justify;\">La farmacia en l\u00ednea Buyprescriptionz es donde comprar medicamentos en l\u00ednea sin receta y un m\u00e9dico en cualquier momento y en cualquier lugar adecuado para hacer un pedido. Actualmente, estamos aceptando pagos de cuatro pasarelas de pago, y eso es:<\/p>\n<h3 style=\"text-align: justify;\">Western Union<\/h3>\n<p style=\"text-align: justify;\">Western Union es un servicio de pago global disponible para todos los pa\u00edses enumerados en el mundo. Puede visitar cualquier tienda de Western Union para su pedido de medicamentos en l\u00ednea y enviar el pago por all\u00ed. Tenga en cuenta que enviar el monto en l\u00ednea a trav\u00e9s de Western Union no es compatible con nosotros. Por favor, revise la informaci\u00f3n de pago a continuaci\u00f3n para pagar despu\u00e9s de realizar el pedido:<\/p>\n<p style=\"text-align: justify;\"><strong>Nombre: Ejemplo<\/strong><\/p>\n<p style=\"text-align: justify;\"><strong>Pa\u00eds: Estados Unidos<\/strong><\/p>\n<p style=\"text-align: justify;\"><strong>Ciudad: Ciudad del Lago<\/strong><\/p>\n<p style=\"text-align: justify;\"><strong>C\u00f3digo postal: 32055<\/strong><\/p>\n<p style=\"text-align: justify;\">Importe: el importe de su pedido<\/p>\n<h3 style=\"text-align: justify;\">Bitcoins (10% de descuento)<\/h3>\n<p style=\"text-align: justify;\">En este momento, creemos que esta es la mejor opci\u00f3n de pago disponible con nosotros. Brinda privacidad y seguridad de alto nivel a nuestros clientes cuando compran medicamentos en l\u00ednea. Puede pagar a trav\u00e9s de Bitcoin Cash, Ethereum, LiteCoin y DogeCoin. Hay sitios web para comprar Bitcoins en l\u00ednea. Y, con este m\u00e9todo de pago, obtendr\u00e1s un descuento del 10 por ciento.<\/p>\n<h3 style=\"text-align: justify;\">dinero gramo<\/h3>\n<p style=\"text-align: justify;\">MoneyGram es otro proveedor global de servicios de pago a trav\u00e9s del cual puede enviarnos el pago de su pedido. Puedes visitar cualquier tienda MoneyGram de tu zona y enviarnos el pago de tu pedido con un embalaje discreto. Para obtener m\u00e1s detalles sobre este m\u00e9todo de pago, env\u00edenos un correo electr\u00f3nico con los detalles de su pedido: info@buy-prescriptionz.com. En caso de que no reciba la informaci\u00f3n de pago de MoneyGram en cinco minutos, inf\u00f3rmenos tambi\u00e9n.<\/p>","protected":false},"excerpt":{"rendered":"<p>At Buyprescriptionz Pharmacy, payments modes are easy to use and make. There are always payment gateway upgrades to make payments secure and anonymous for our clients. We are adding more options to our payment methods because we know making a payment online should come handy and simple than ever. Buyprescriptionz online Pharmacy is where to [&hellip;]<\/p>","protected":false},"author":1,"featured_media":0,"parent":0,"menu_order":0,"comment_status":"open","ping_status":"open","template":"","meta":{"site-sidebar-layout":"default","site-content-layout":"","ast-site-content-layout":"default","site-content-style":"default","site-sidebar-style":"default","ast-global-header-display":"","ast-banner-title-visibility":"","ast-main-header-display":"","ast-hfb-above-header-display":"","ast-hfb-below-header-display":"","ast-hfb-mobile-header-display":"","site-post-title":"","ast-breadcrumbs-content":"","ast-featured-img":"","footer-sml-layout":"","theme-transparent-header-meta":"","adv-header-id-meta":"","stick-header-meta":"","header-above-stick-meta":"","header-main-stick-meta":"","header-below-stick-meta":"","astra-migrate-meta-layouts":"default","ast-page-background-enabled":"default","ast-page-background-meta":{"desktop":{"background-color":"var(--ast-global-color-4)","background-image":"","background-repeat":"repeat","background-position":"center center","background-size":"auto","background-attachment":"scroll","background-type":"","background-media":"","overlay-type":"","overlay-color":"","overlay-opacity":"","overlay-gradient":""},"tablet":{"background-color":"","background-image":"","background-repeat":"repeat","background-position":"center center","background-size":"auto","background-attachment":"scroll","background-type":"","background-media":"","overlay-type":"","overlay-color":"","overlay-opacity":"","overlay-gradient":""},"mobile":{"background-color":"","background-image":"","background-repeat":"repeat","background-position":"center center","background-size":"auto","background-attachment":"scroll","background-type":"","background-media":"","overlay-type":"","overlay-color":"","overlay-opacity":"","overlay-gradient":""}},"ast-content-background-meta":{"desktop":{"background-color":"var(--ast-global-color-5)","background-image":"","background-repeat":"repeat","background-position":"center center","background-size":"auto","background-attachment":"scroll","background-type":"","background-media":"","overlay-type":"","overlay-color":"","overlay-opacity":"","overlay-gradient":""},"tablet":{"background-color":"var(--ast-global-color-5)","background-image":"","background-repeat":"repeat","background-position":"center center","background-size":"auto","background-attachment":"scroll","background-type":"","background-media":"","overlay-type":"","overlay-color":"","overlay-opacity":"","overlay-gradient":""},"mobile":{"background-color":"var(--ast-global-color-5)","background-image":"","background-repeat":"repeat","background-position":"center center","background-size":"auto","background-attachment":"scroll","background-type":"","background-media":"","overlay-type":"","overlay-color":"","overlay-opacity":"","overlay-gradient":""}},"footnotes":""},"class_list":["post-986","page","type-page","status-publish","hentry"],"yoast_head":"<!-- This site is optimized with the Yoast SEO plugin v25.9 - https:\/\/yoast.com\/wordpress\/plugins\/seo\/ -->\n<title>Payment - Buy Prescriptionz<\/title>\n<meta name=\"robots\" content=\"index, follow, max-snippet:-1, max-image-preview:large, max-video-preview:-1\" \/>\n<link rel=\"canonical\" href=\"https:\/\/buy-prescriptionz.com\/es\/payment\/\" \/>\n<meta property=\"og:locale\" content=\"es_ES\" \/>\n<meta property=\"og:type\" content=\"article\" \/>\n<meta property=\"og:title\" content=\"Payment - Buy Prescriptionz\" \/>\n<meta property=\"og:description\" content=\"At Buyprescriptionz Pharmacy, payments modes are easy to use and make. There are always payment gateway upgrades to make payments secure and anonymous for our clients. We are adding more options to our payment methods because we know making a payment online should come handy and simple than ever. Buyprescriptionz online Pharmacy is where to [&hellip;]\" \/>\n<meta property=\"og:url\" content=\"https:\/\/buy-prescriptionz.com\/es\/payment\/\" \/>\n<meta property=\"og:site_name\" content=\"Buy Prescriptionz\" \/>\n<meta name=\"twitter:card\" content=\"summary_large_image\" \/>\n<meta name=\"twitter:label1\" content=\"Tiempo de lectura\" \/>\n\t<meta name=\"twitter:data1\" content=\"1 minuto\" \/>\n<script type=\"application\/ld+json\" class=\"yoast-schema-graph\">{\"@context\":\"https:\/\/schema.org\",\"@graph\":[{\"@type\":\"WebPage\",\"@id\":\"https:\/\/buy-prescriptionz.com\/payment\/\",\"url\":\"https:\/\/buy-prescriptionz.com\/payment\/\",\"name\":\"Payment - Buy Prescriptionz\",\"isPartOf\":{\"@id\":\"https:\/\/buy-prescriptionz.com\/#website\"},\"datePublished\":\"2019-05-08T05:53:37+00:00\",\"breadcrumb\":{\"@id\":\"https:\/\/buy-prescriptionz.com\/payment\/#breadcrumb\"},\"inLanguage\":\"es\",\"potentialAction\":[{\"@type\":\"ReadAction\",\"target\":[\"https:\/\/buy-prescriptionz.com\/payment\/\"]}]},{\"@type\":\"BreadcrumbList\",\"@id\":\"https:\/\/buy-prescriptionz.com\/payment\/#breadcrumb\",\"itemListElement\":[{\"@type\":\"ListItem\",\"position\":1,\"name\":\"Home\",\"item\":\"https:\/\/buy-prescriptionz.com\/\"},{\"@type\":\"ListItem\",\"position\":2,\"name\":\"Payment\"}]},{\"@type\":\"WebSite\",\"@id\":\"https:\/\/buy-prescriptionz.com\/#website\",\"url\":\"https:\/\/buy-prescriptionz.com\/\",\"name\":\"Buy Prescriptionz\",\"description\":\"Drugs Online\",\"publisher\":{\"@id\":\"https:\/\/buy-prescriptionz.com\/#organization\"},\"potentialAction\":[{\"@type\":\"SearchAction\",\"target\":{\"@type\":\"EntryPoint\",\"urlTemplate\":\"https:\/\/buy-prescriptionz.com\/?s={search_term_string}\"},\"query-input\":{\"@type\":\"PropertyValueSpecification\",\"valueRequired\":true,\"valueName\":\"search_term_string\"}}],\"inLanguage\":\"es\"},{\"@type\":\"Organization\",\"@id\":\"https:\/\/buy-prescriptionz.com\/#organization\",\"name\":\"Buy Prescriptionz\",\"url\":\"https:\/\/buy-prescriptionz.com\/\",\"logo\":{\"@type\":\"ImageObject\",\"inLanguage\":\"es\",\"@id\":\"https:\/\/buy-prescriptionz.com\/#\/schema\/logo\/image\/\",\"url\":\"https:\/\/buy-prescriptionz.com\/wp-content\/uploads\/2023\/09\/logo.png\",\"contentUrl\":\"https:\/\/buy-prescriptionz.com\/wp-content\/uploads\/2023\/09\/logo.png\",\"width\":350,\"height\":64,\"caption\":\"Buy Prescriptionz\"},\"image\":{\"@id\":\"https:\/\/buy-prescriptionz.com\/#\/schema\/logo\/image\/\"}}]}<\/script>\n<!-- \/ Yoast SEO plugin. -->","yoast_head_json":{"title":"Payment - Buy Prescriptionz","robots":{"index":"index","follow":"follow","max-snippet":"max-snippet:-1","max-image-preview":"max-image-preview:large","max-video-preview":"max-video-preview:-1"},"canonical":"https:\/\/buy-prescriptionz.com\/es\/payment\/","og_locale":"es_ES","og_type":"article","og_title":"Payment - Buy Prescriptionz","og_description":"At Buyprescriptionz Pharmacy, payments modes are easy to use and make. There are always payment gateway upgrades to make payments secure and anonymous for our clients. We are adding more options to our payment methods because we know making a payment online should come handy and simple than ever. Buyprescriptionz online Pharmacy is where to [&hellip;]","og_url":"https:\/\/buy-prescriptionz.com\/es\/payment\/","og_site_name":"Buy Prescriptionz","twitter_card":"summary_large_image","twitter_misc":{"Tiempo de lectura":"1 minuto"},"schema":{"@context":"https:\/\/schema.org","@graph":[{"@type":"WebPage","@id":"https:\/\/buy-prescriptionz.com\/payment\/","url":"https:\/\/buy-prescriptionz.com\/payment\/","name":"Payment - Buy Prescriptionz","isPartOf":{"@id":"https:\/\/buy-prescriptionz.com\/#website"},"datePublished":"2019-05-08T05:53:37+00:00","breadcrumb":{"@id":"https:\/\/buy-prescriptionz.com\/payment\/#breadcrumb"},"inLanguage":"es","potentialAction":[{"@type":"ReadAction","target":["https:\/\/buy-prescriptionz.com\/payment\/"]}]},{"@type":"BreadcrumbList","@id":"https:\/\/buy-prescriptionz.com\/payment\/#breadcrumb","itemListElement":[{"@type":"ListItem","position":1,"name":"Home","item":"https:\/\/buy-prescriptionz.com\/"},{"@type":"ListItem","position":2,"name":"Payment"}]},{"@type":"WebSite","@id":"https:\/\/buy-prescriptionz.com\/#website","url":"https:\/\/buy-prescriptionz.com\/","name":"Buy Prescriptionz","description":"Medicamentos en l\u00ednea","publisher":{"@id":"https:\/\/buy-prescriptionz.com\/#organization"},"potentialAction":[{"@type":"SearchAction","target":{"@type":"EntryPoint","urlTemplate":"https:\/\/buy-prescriptionz.com\/?s={search_term_string}"},"query-input":{"@type":"PropertyValueSpecification","valueRequired":true,"valueName":"search_term_string"}}],"inLanguage":"es"},{"@type":"Organization","@id":"https:\/\/buy-prescriptionz.com\/#organization","name":"Buy Prescriptionz","url":"https:\/\/buy-prescriptionz.com\/","logo":{"@type":"ImageObject","inLanguage":"es","@id":"https:\/\/buy-prescriptionz.com\/#\/schema\/logo\/image\/","url":"https:\/\/buy-prescriptionz.com\/wp-content\/uploads\/2023\/09\/logo.png","contentUrl":"https:\/\/buy-prescriptionz.com\/wp-content\/uploads\/2023\/09\/logo.png","width":350,"height":64,"caption":"Buy Prescriptionz"},"image":{"@id":"https:\/\/buy-prescriptionz.com\/#\/schema\/logo\/image\/"}}]}},"_links":{"self":[{"href":"https:\/\/buy-prescriptionz.com\/es\/wp-json\/wp\/v2\/pages\/986","targetHints":{"allow":["GET"]}}],"collection":[{"href":"https:\/\/buy-prescriptionz.com\/es\/wp-json\/wp\/v2\/pages"}],"about":[{"href":"https:\/\/buy-prescriptionz.com\/es\/wp-json\/wp\/v2\/types\/page"}],"author":[{"embeddable":true,"href":"https:\/\/buy-prescriptionz.com\/es\/wp-json\/wp\/v2\/users\/1"}],"replies":[{"embeddable":true,"href":"https:\/\/buy-prescriptionz.com\/es\/wp-json\/wp\/v2\/comments?post=986"}],"version-history":[{"count":0,"href":"https:\/\/buy-prescriptionz.com\/es\/wp-json\/wp\/v2\/pages\/986\/revisions"}],"wp:attachment":[{"href":"https:\/\/buy-prescriptionz.com\/es\/wp-json\/wp\/v2\/media?parent=986"}],"curies":[{"name":"wp","href":"https:\/\/api.w.org\/{rel}","templated":true}]}}