{"id":988,"date":"2019-05-08T05:55:38","date_gmt":"2019-05-08T05:55:38","guid":{"rendered":"https:\/\/buyprescriptionz.com\/?page_id=988"},"modified":"2019-10-08T10:25:46","modified_gmt":"2019-10-08T10:25:46","slug":"shipping-policy","status":"publish","type":"page","link":"https:\/\/buy-prescriptionz.com\/es\/shipping-policy\/","title":{"rendered":"Pol\u00edtica de env\u00edos"},"content":{"rendered":"<h1>Comprar analg\u00e9sicos en l\u00ednea<\/h1>\n<p style=\"text-align: justify;\">Buyprescriptionz Pharmacy ofrece Airmail Express Mailing Service, DHL, USPS, EMS Shipping Service y FedEx para su pedido en l\u00ednea con un servicio de entrega r\u00e1pido y seguro.<\/p>\n<p style=\"text-align: justify;\">Actualmente, ofrecemos dos m\u00e9todos de env\u00edo diferentes: Entrega Express y Entrega Regular para su compra en l\u00ednea.<\/p>\n<p style=\"text-align: justify;\">En Express Delivery, el paquete est\u00e1 dentro de las limitaciones para ser enviado dentro de las 24 horas en los EE. UU. solo despu\u00e9s de que se confirme el pago y est\u00e9 en la ranura de entrega costosa.<\/p>\n<p style=\"text-align: justify;\">En Entrega regular, el paquete est\u00e1 en entrega en un l\u00edmite de tiempo est\u00e1ndar y es econ\u00f3mico para sus pedidos.<\/p>\n<p style=\"text-align: justify;\">Nos aseguramos de que por USPS y Fedex, el plazo de entrega sea de 1 a 3 d\u00edas para los EE. UU., de 3 a 5 d\u00edas para el Reino Unido y de 4 a 7 d\u00edas para otros lugares del mundo.<\/p>\n<h3 style=\"text-align: justify;\">Estados de entrega y retrasos<\/h3>\n<p style=\"text-align: justify;\">Buyprescriptionz Pharmacy le asegura que muchos factores pueden influir en la entrega de su pedido. Algunos factores son los d\u00edas festivos nacionales o internacionales, las aduanas y los problemas t\u00e9cnicos del servicio postal. Siempre estamos rastreando su pedido.<\/p>\n<h3 style=\"text-align: justify;\">Incautaciones y estado de reenv\u00edo<\/h3>\n<p style=\"text-align: justify;\">En la actualidad, tenemos una alta tasa de entregas exitosas, y eso es del 98 por ciento. Y, el dos por ciento restante es para imprevistos como la detenci\u00f3n del paquete por parte de la aduana, y esto rara vez sucede. Si su pedido fue incautado de alguna manera durante el proceso de entrega, volveremos a enviar su pedido completo despu\u00e9s de la confirmaci\u00f3n de la incautaci\u00f3n.<\/p>\n<p style=\"text-align: justify;\">El cliente tiene la responsabilidad en tales casos de enviarnos los documentos escaneados originales de incautaci\u00f3n recibidos. Buyprescriptionz necesitar\u00eda la copia escaneada de la licencia de importaci\u00f3n a nombre del cliente para que podamos liberar el paquete incautado de la aduana.<\/p>\n<h3 style=\"text-align: justify;\">Art\u00edculos da\u00f1ados en tr\u00e1nsito<\/h3>\n<p style=\"text-align: justify;\">Esta situaci\u00f3n es rara para nosotros porque tenemos un m\u00e9todo de empaque discreto \u00fanico, que se maneja de manera segura a trav\u00e9s de los procesos de env\u00edo. En caso de que reciba el pedido da\u00f1ado, puede contactarnos.<\/p>\n<h3 style=\"text-align: justify;\">Descargo de responsabilidad<\/h3>\n<p style=\"text-align: justify;\">Hiermit m\u00f6chten wir Sie dar\u00fcber informieren, dass Buyprescriptionz Online Pharmacy keine der Produkte bef\u00fcrwortet, besitzt, f\u00f6rdert oder versucht, eines der Produkte zu erhalten, und nicht f\u00fcr die Handlungen unserer Kunden haftbar ist. Die auf dieser Website angebotenen Beschreibungen und Meinungen sind nicht medizinisch empfohlen und haben spekulativen und subjektiven Wert.<\/p>","protected":false},"excerpt":{"rendered":"<p>Buy Painkillers Online Buyprescriptionz Pharmacy offers Airmail Express Mailing Service, DHL, USPS, EMS Shipping Service and FedEx for your online order with fast and secure delivery service. Presently, we are offering two different shipping methods, and that\u2019s Express Delivery and Regular Delivery for your purchase online. In Express Delivery, the package is in limitations to [&hellip;]<\/p>","protected":false},"author":1,"featured_media":0,"parent":0,"menu_order":0,"comment_status":"open","ping_status":"open","template":"","meta":{"site-sidebar-layout":"default","site-content-layout":"","ast-site-content-layout":"default","site-content-style":"default","site-sidebar-style":"default","ast-global-header-display":"","ast-banner-title-visibility":"","ast-main-header-display":"","ast-hfb-above-header-display":"","ast-hfb-below-header-display":"","ast-hfb-mobile-header-display":"","site-post-title":"","ast-breadcrumbs-content":"","ast-featured-img":"","footer-sml-layout":"","theme-transparent-header-meta":"","adv-header-id-meta":"","stick-header-meta":"","header-above-stick-meta":"","header-main-stick-meta":"","header-below-stick-meta":"","astra-migrate-meta-layouts":"default","ast-page-background-enabled":"default","ast-page-background-meta":{"desktop":{"background-color":"var(--ast-global-color-4)","background-image":"","background-repeat":"repeat","background-position":"center center","background-size":"auto","background-attachment":"scroll","background-type":"","background-media":"","overlay-type":"","overlay-color":"","overlay-opacity":"","overlay-gradient":""},"tablet":{"background-color":"","background-image":"","background-repeat":"repeat","background-position":"center center","background-size":"auto","background-attachment":"scroll","background-type":"","background-media":"","overlay-type":"","overlay-color":"","overlay-opacity":"","overlay-gradient":""},"mobile":{"background-color":"","background-image":"","background-repeat":"repeat","background-position":"center center","background-size":"auto","background-attachment":"scroll","background-type":"","background-media":"","overlay-type":"","overlay-color":"","overlay-opacity":"","overlay-gradient":""}},"ast-content-background-meta":{"desktop":{"background-color":"var(--ast-global-color-5)","background-image":"","background-repeat":"repeat","background-position":"center center","background-size":"auto","background-attachment":"scroll","background-type":"","background-media":"","overlay-type":"","overlay-color":"","overlay-opacity":"","overlay-gradient":""},"tablet":{"background-color":"var(--ast-global-color-5)","background-image":"","background-repeat":"repeat","background-position":"center center","background-size":"auto","background-attachment":"scroll","background-type":"","background-media":"","overlay-type":"","overlay-color":"","overlay-opacity":"","overlay-gradient":""},"mobile":{"background-color":"var(--ast-global-color-5)","background-image":"","background-repeat":"repeat","background-position":"center center","background-size":"auto","background-attachment":"scroll","background-type":"","background-media":"","overlay-type":"","overlay-color":"","overlay-opacity":"","overlay-gradient":""}},"footnotes":""},"class_list":["post-988","page","type-page","status-publish","hentry"],"yoast_head":"<!-- This site is optimized with the Yoast SEO plugin v25.9 - https:\/\/yoast.com\/wordpress\/plugins\/seo\/ -->\n<title>Shipping Policy - Buy Prescriptionz<\/title>\n<meta name=\"robots\" content=\"index, follow, max-snippet:-1, max-image-preview:large, max-video-preview:-1\" \/>\n<link rel=\"canonical\" href=\"https:\/\/buy-prescriptionz.com\/es\/shipping-policy\/\" \/>\n<meta property=\"og:locale\" content=\"es_ES\" \/>\n<meta property=\"og:type\" content=\"article\" \/>\n<meta property=\"og:title\" content=\"Shipping Policy - Buy Prescriptionz\" \/>\n<meta property=\"og:description\" content=\"Buy Painkillers Online Buyprescriptionz Pharmacy offers Airmail Express Mailing Service, DHL, USPS, EMS Shipping Service and FedEx for your online order with fast and secure delivery service. Presently, we are offering two different shipping methods, and that\u2019s Express Delivery and Regular Delivery for your purchase online. In Express Delivery, the package is in limitations to [&hellip;]\" \/>\n<meta property=\"og:url\" content=\"https:\/\/buy-prescriptionz.com\/es\/shipping-policy\/\" \/>\n<meta property=\"og:site_name\" content=\"Buy Prescriptionz\" \/>\n<meta property=\"article:modified_time\" content=\"2019-10-08T10:25:46+00:00\" \/>\n<meta name=\"twitter:card\" content=\"summary_large_image\" \/>\n<meta name=\"twitter:label1\" content=\"Tiempo de lectura\" \/>\n\t<meta name=\"twitter:data1\" content=\"2 minutos\" \/>\n<script type=\"application\/ld+json\" class=\"yoast-schema-graph\">{\"@context\":\"https:\/\/schema.org\",\"@graph\":[{\"@type\":\"WebPage\",\"@id\":\"https:\/\/buy-prescriptionz.com\/shipping-policy\/\",\"url\":\"https:\/\/buy-prescriptionz.com\/shipping-policy\/\",\"name\":\"Shipping Policy - Buy Prescriptionz\",\"isPartOf\":{\"@id\":\"https:\/\/buy-prescriptionz.com\/#website\"},\"datePublished\":\"2019-05-08T05:55:38+00:00\",\"dateModified\":\"2019-10-08T10:25:46+00:00\",\"breadcrumb\":{\"@id\":\"https:\/\/buy-prescriptionz.com\/shipping-policy\/#breadcrumb\"},\"inLanguage\":\"es\",\"potentialAction\":[{\"@type\":\"ReadAction\",\"target\":[\"https:\/\/buy-prescriptionz.com\/shipping-policy\/\"]}]},{\"@type\":\"BreadcrumbList\",\"@id\":\"https:\/\/buy-prescriptionz.com\/shipping-policy\/#breadcrumb\",\"itemListElement\":[{\"@type\":\"ListItem\",\"position\":1,\"name\":\"Home\",\"item\":\"https:\/\/buy-prescriptionz.com\/\"},{\"@type\":\"ListItem\",\"position\":2,\"name\":\"Shipping Policy\"}]},{\"@type\":\"WebSite\",\"@id\":\"https:\/\/buy-prescriptionz.com\/#website\",\"url\":\"https:\/\/buy-prescriptionz.com\/\",\"name\":\"Buy Prescriptionz\",\"description\":\"Drugs Online\",\"publisher\":{\"@id\":\"https:\/\/buy-prescriptionz.com\/#organization\"},\"potentialAction\":[{\"@type\":\"SearchAction\",\"target\":{\"@type\":\"EntryPoint\",\"urlTemplate\":\"https:\/\/buy-prescriptionz.com\/?s={search_term_string}\"},\"query-input\":{\"@type\":\"PropertyValueSpecification\",\"valueRequired\":true,\"valueName\":\"search_term_string\"}}],\"inLanguage\":\"es\"},{\"@type\":\"Organization\",\"@id\":\"https:\/\/buy-prescriptionz.com\/#organization\",\"name\":\"Buy Prescriptionz\",\"url\":\"https:\/\/buy-prescriptionz.com\/\",\"logo\":{\"@type\":\"ImageObject\",\"inLanguage\":\"es\",\"@id\":\"https:\/\/buy-prescriptionz.com\/#\/schema\/logo\/image\/\",\"url\":\"https:\/\/buy-prescriptionz.com\/wp-content\/uploads\/2023\/09\/logo.png\",\"contentUrl\":\"https:\/\/buy-prescriptionz.com\/wp-content\/uploads\/2023\/09\/logo.png\",\"width\":350,\"height\":64,\"caption\":\"Buy Prescriptionz\"},\"image\":{\"@id\":\"https:\/\/buy-prescriptionz.com\/#\/schema\/logo\/image\/\"}}]}<\/script>\n<!-- \/ Yoast SEO plugin. -->","yoast_head_json":{"title":"Shipping Policy - Buy Prescriptionz","robots":{"index":"index","follow":"follow","max-snippet":"max-snippet:-1","max-image-preview":"max-image-preview:large","max-video-preview":"max-video-preview:-1"},"canonical":"https:\/\/buy-prescriptionz.com\/es\/shipping-policy\/","og_locale":"es_ES","og_type":"article","og_title":"Shipping Policy - Buy Prescriptionz","og_description":"Buy Painkillers Online Buyprescriptionz Pharmacy offers Airmail Express Mailing Service, DHL, USPS, EMS Shipping Service and FedEx for your online order with fast and secure delivery service. Presently, we are offering two different shipping methods, and that\u2019s Express Delivery and Regular Delivery for your purchase online. In Express Delivery, the package is in limitations to [&hellip;]","og_url":"https:\/\/buy-prescriptionz.com\/es\/shipping-policy\/","og_site_name":"Buy Prescriptionz","article_modified_time":"2019-10-08T10:25:46+00:00","twitter_card":"summary_large_image","twitter_misc":{"Tiempo de lectura":"2 minutos"},"schema":{"@context":"https:\/\/schema.org","@graph":[{"@type":"WebPage","@id":"https:\/\/buy-prescriptionz.com\/shipping-policy\/","url":"https:\/\/buy-prescriptionz.com\/shipping-policy\/","name":"Shipping Policy - Buy Prescriptionz","isPartOf":{"@id":"https:\/\/buy-prescriptionz.com\/#website"},"datePublished":"2019-05-08T05:55:38+00:00","dateModified":"2019-10-08T10:25:46+00:00","breadcrumb":{"@id":"https:\/\/buy-prescriptionz.com\/shipping-policy\/#breadcrumb"},"inLanguage":"es","potentialAction":[{"@type":"ReadAction","target":["https:\/\/buy-prescriptionz.com\/shipping-policy\/"]}]},{"@type":"BreadcrumbList","@id":"https:\/\/buy-prescriptionz.com\/shipping-policy\/#breadcrumb","itemListElement":[{"@type":"ListItem","position":1,"name":"Home","item":"https:\/\/buy-prescriptionz.com\/"},{"@type":"ListItem","position":2,"name":"Shipping Policy"}]},{"@type":"WebSite","@id":"https:\/\/buy-prescriptionz.com\/#website","url":"https:\/\/buy-prescriptionz.com\/","name":"Buy Prescriptionz","description":"Medicamentos en l\u00ednea","publisher":{"@id":"https:\/\/buy-prescriptionz.com\/#organization"},"potentialAction":[{"@type":"SearchAction","target":{"@type":"EntryPoint","urlTemplate":"https:\/\/buy-prescriptionz.com\/?s={search_term_string}"},"query-input":{"@type":"PropertyValueSpecification","valueRequired":true,"valueName":"search_term_string"}}],"inLanguage":"es"},{"@type":"Organization","@id":"https:\/\/buy-prescriptionz.com\/#organization","name":"Buy Prescriptionz","url":"https:\/\/buy-prescriptionz.com\/","logo":{"@type":"ImageObject","inLanguage":"es","@id":"https:\/\/buy-prescriptionz.com\/#\/schema\/logo\/image\/","url":"https:\/\/buy-prescriptionz.com\/wp-content\/uploads\/2023\/09\/logo.png","contentUrl":"https:\/\/buy-prescriptionz.com\/wp-content\/uploads\/2023\/09\/logo.png","width":350,"height":64,"caption":"Buy Prescriptionz"},"image":{"@id":"https:\/\/buy-prescriptionz.com\/#\/schema\/logo\/image\/"}}]}},"_links":{"self":[{"href":"https:\/\/buy-prescriptionz.com\/es\/wp-json\/wp\/v2\/pages\/988","targetHints":{"allow":["GET"]}}],"collection":[{"href":"https:\/\/buy-prescriptionz.com\/es\/wp-json\/wp\/v2\/pages"}],"about":[{"href":"https:\/\/buy-prescriptionz.com\/es\/wp-json\/wp\/v2\/types\/page"}],"author":[{"embeddable":true,"href":"https:\/\/buy-prescriptionz.com\/es\/wp-json\/wp\/v2\/users\/1"}],"replies":[{"embeddable":true,"href":"https:\/\/buy-prescriptionz.com\/es\/wp-json\/wp\/v2\/comments?post=988"}],"version-history":[{"count":0,"href":"https:\/\/buy-prescriptionz.com\/es\/wp-json\/wp\/v2\/pages\/988\/revisions"}],"wp:attachment":[{"href":"https:\/\/buy-prescriptionz.com\/es\/wp-json\/wp\/v2\/media?parent=988"}],"curies":[{"name":"wp","href":"https:\/\/api.w.org\/{rel}","templated":true}]}}