{"id":2931,"date":"2025-09-16T08:55:27","date_gmt":"2025-09-16T08:55:27","guid":{"rendered":"https:\/\/chemsfine.com\/newsite\/?post_type=product&#038;p=2931"},"modified":"2025-09-20T04:59:46","modified_gmt":"2025-09-20T04:59:46","slug":"comprar-anfetamina-en-linea","status":"publish","type":"product","link":"https:\/\/buy-prescriptionz.com\/es\/producto\/comprar-anfetamina-en-linea\/","title":{"rendered":"Comprar anfetamina en l\u00ednea"},"content":{"rendered":"<h2 style=\"text-align: justify;\">COMPRAR ANFETAMINAS ONLINE<\/h2>\n<p style=\"text-align: justify;\">Las anfetaminas son una droga psicoestimulante sint\u00e9tica, lo que significa que aceleran el funcionamiento del cerebro.<\/p>\n<h3>Entendiendo la anfetamina: usos, beneficios y dosis<\/h3>\n<p>La mejor anfetamina es un estimulante del sistema nervioso central que afecta las sustancias qu\u00edmicas del cerebro y los nervios que contribuyen a la hiperactividad y al control de los impulsos. Se receta com\u00fanmente para el trastorno por d\u00e9ficit de atenci\u00f3n e hiperactividad (TDAH) y la narcolepsia.<\/p>\n<h4>Beneficios de la anfetamina<\/h4>\n<p>La anfetamina ofrece varios beneficios cuando se usa seg\u00fan lo prescrito:<\/p>\n<h5>1. Mayor enfoque y concentraci\u00f3n<\/h5>\n<p>La anfetamina ayuda a las personas con TDAH a concentrarse mejor y permanecer enfocadas en las tareas.<\/p>\n<h5>2  Mayor energ\u00eda y estado de alerta<\/h5>\n<p>Favorece la vigilia y reduce la somnolencia diurna excesiva en pacientes con narcolepsia.<\/p>\n<h5>3. Funci\u00f3n cognitiva mejorada<\/h5>\n<p>Los usuarios pueden experimentar capacidades cognitivas mejoradas, como mejores habilidades para resolver problemas y una mejor recuperaci\u00f3n de la memoria.<\/p>\n<h4>Dosis adecuada de anfetamina<\/h4>\n<p>Las pautas de dosificaci\u00f3n de anfetamina var\u00edan seg\u00fan la afecci\u00f3n a tratar y la respuesta individual. Es fundamental seguir cuidadosamente la prescripci\u00f3n m\u00e9dica para evitar efectos adversos y maximizar los beneficios terap\u00e9uticos.<\/p>\n<h5>Tratamiento del TDAH<\/h5>\n<ul>\n<li>Dosis inicial: generalmente se comienza con dosis m\u00e1s bajas y se ajusta seg\u00fan la respuesta individual.<\/li>\n<li>Dosis de mantenimiento: Normalmente oscila entre 10 mg y 60 mg por d\u00eda, tomados en dosis divididas.<\/li>\n<\/ul>\n<h5>Tratamiento de la narcolepsia<\/h5>\n<ul>\n<li>Dosis inicial: Generalmente se comienza con una dosis baja para evaluar la tolerancia.<\/li>\n<li>Dosis de mantenimiento: Normalmente oscila entre 10 mg y 60 mg por d\u00eda, tomados en dosis divididas.<\/li>\n<\/ul>\n<p>Buy-Prescriptionz.com, la mejor farmacia, ofrece una soluci\u00f3n pr\u00e1ctica para comprar anfetaminas y otros medicamentos recetados en l\u00ednea. Con una interfaz intuitiva y un servicio de entrega confiable, garantiza el acceso a medicamentos genuinos recetados por profesionales certificados. Visite Buy-Prescriptionz.com para obtener m\u00e1s informaci\u00f3n sobre c\u00f3mo adquirir sus medicamentos recetados hoy mismo.<\/p>\n<h3 style=\"text-align: justify;\">CARACTER\u00cdSTICAS<\/h3>\n<p style=\"text-align: justify;\">La anfetamina se utiliza principalmente como tratamiento del TDAH, ya que aumenta la atenci\u00f3n y disminuye la inquietud de los ni\u00f1os que no pueden concentrarse durante mucho tiempo o que se distraen f\u00e1cilmente y no piensan. Se utiliza como parte de un tratamiento total que tambi\u00e9n incluye tratamiento social, educativo y psicol\u00f3gico.<\/p>\n<h3 style=\"text-align: justify;\">PRECAUCIONES<\/h3>\n<p style=\"text-align: justify;\">Antes de usar esta medicina, diga a su doctor la historia m\u00e9dica, especialmente de: problemas de circulaci\u00f3n de sangre, ciertas condiciones mentales, des\u00f3rdenes personales, problemas de coraz\u00f3n, tensi\u00f3n arterial alta, tiroides hiperactivo, un cierto problema de ojo (glaucoma), asimientos, historia personal o familiar de un desorden de uso de sustancia, historia personal o familiar de movimientos de m\u00fasculo incontrolados, enfermedad de ri\u00f1\u00f3n, enfermedad de h\u00edgado. Consulte a su m\u00e9dico antes de dar el pecho.<\/p>\n<h3 style=\"text-align: justify;\">EFECTOS SECUNDARIOS<\/h3>\n<p style=\"text-align: justify;\">Los efectos secundarios de las anfetaminas incluyen:<\/p>\n<p style=\"text-align: justify;\">- Nerviosismo,<br \/>\n- Inquietud,<br \/>\n- Excitabilidad,<br \/>\n- Mareos,<br \/>\n- Dolor de cabeza,<br \/>\n- La ansiedad,<br \/>\n- Temblor,<br \/>\n\u2022 Hallucinations<br \/>\n- Convulsiones (ataques).<br \/>\n- Muerte s\u00fabita,<br \/>\n- ataque al coraz\u00f3n,<br \/>\n- depresi\u00f3n,<br \/>\n- comportamiento agresivo u hostilidad,<br \/>\n- psicosis,<br \/>\n- supresi\u00f3n del crecimiento (uso a largo plazo),<br \/>\n- s\u00edntomas de abstinencia<\/p>\n<h3 style=\"text-align: justify;\">SOBREDOSIS<\/h3>\n<p style=\"text-align: justify;\">Si toma una sobredosis, si tiene alguno de los siguientes s\u00edntomas, llame a su m\u00e9dico inmediatamente. La sobredosis puede ser efectos a:<\/p>\n<p style=\"text-align: justify;\">- Latidos acelerados<br \/>\n- Desmayo o dificultad para respirar<br \/>\n- No hay salida de orina<br \/>\n- Arqueamiento de la espalda\/convulsiones<br \/>\n- Accidente cerebrovascular, infarto de miocardio y muerte<\/p>\n<h3 style=\"text-align: justify;\">DOSIS PERDIDAS<\/h3>\n<p style=\"text-align: justify;\">Tome la dosis olvidada una vez que lo recuerde. Sin embargo, si es casi la hora de la siguiente dosis, s\u00e1ltese la dosis olvidada y contin\u00fae con su horario habitual. No tome una dosis doble si ha omitido una.<\/p>\n<h3 style=\"text-align: justify;\">ALMACENAMIENTO<\/h3>\n<p style=\"text-align: justify;\">La anfetamina debe almacenarse a temperatura ambiente, entre 15 C y 30 C (59 F y 86 F). Evitar que se congele. Mantener fuera del alcance de los ni\u00f1os. No conservar medicamentos caducados o que ya no se necesiten.<\/p>\n<h3 style=\"text-align: justify;\">\u00bfD\u00d3NDE COMPRAR ANFETAMINAS EN L\u00cdNEA?<\/h3>\n<p style=\"text-align: justify;\">buy-prescriptionz.com ha experimentado un r\u00e1pido crecimiento en la venta de anfetaminas en tan solo unos a\u00f1os. Compre anfetaminas en l\u00ednea sin ir a ning\u00fan lado. Haga su pedido en solo unos minutos siguiendo sencillos pasos. Compre anfetaminas en l\u00ednea y reciba en su domicilio.<\/p>","protected":false},"excerpt":{"rendered":"<p>La anfetamina es un potente estimulante del sistema nervioso central que se utiliza en el tratamiento del trastorno por d\u00e9ficit de atenci\u00f3n e hiperactividad, la narcolepsia y la obesidad.<br \/>\nTambi\u00e9n conocido como Bifetamina, Dexedrina: bennies, bellezas negras, cruces, corazones, vuelta a LA, velocidad, camioneros, uppers<\/p>","protected":false},"featured_media":2961,"comment_status":"open","ping_status":"closed","template":"","meta":{"site-sidebar-layout":"default","site-content-layout":"","ast-site-content-layout":"default","site-content-style":"default","site-sidebar-style":"default","ast-global-header-display":"","ast-banner-title-visibility":"","ast-main-header-display":"","ast-hfb-above-header-display":"","ast-hfb-below-header-display":"","ast-hfb-mobile-header-display":"","site-post-title":"","ast-breadcrumbs-content":"","ast-featured-img":"","footer-sml-layout":"","theme-transparent-header-meta":"default","adv-header-id-meta":"","stick-header-meta":"","header-above-stick-meta":"","header-main-stick-meta":"","header-below-stick-meta":"","astra-migrate-meta-layouts":"set","ast-page-background-enabled":"default","ast-page-background-meta":{"desktop":{"background-color":"var(--ast-global-color-4)","background-image":"","background-repeat":"repeat","background-position":"center center","background-size":"auto","background-attachment":"scroll","background-type":"","background-media":"","overlay-type":"","overlay-color":"","overlay-opacity":"","overlay-gradient":""},"tablet":{"background-color":"","background-image":"","background-repeat":"repeat","background-position":"center center","background-size":"auto","background-attachment":"scroll","background-type":"","background-media":"","overlay-type":"","overlay-color":"","overlay-opacity":"","overlay-gradient":""},"mobile":{"background-color":"","background-image":"","background-repeat":"repeat","background-position":"center center","background-size":"auto","background-attachment":"scroll","background-type":"","background-media":"","overlay-type":"","overlay-color":"","overlay-opacity":"","overlay-gradient":""}},"ast-content-background-meta":{"desktop":{"background-color":"var(--ast-global-color-5)","background-image":"","background-repeat":"repeat","background-position":"center center","background-size":"auto","background-attachment":"scroll","background-type":"","background-media":"","overlay-type":"","overlay-color":"","overlay-opacity":"","overlay-gradient":""},"tablet":{"background-color":"var(--ast-global-color-5)","background-image":"","background-repeat":"repeat","background-position":"center center","background-size":"auto","background-attachment":"scroll","background-type":"","background-media":"","overlay-type":"","overlay-color":"","overlay-opacity":"","overlay-gradient":""},"mobile":{"background-color":"var(--ast-global-color-5)","background-image":"","background-repeat":"repeat","background-position":"center center","background-size":"auto","background-attachment":"scroll","background-type":"","background-media":"","overlay-type":"","overlay-color":"","overlay-opacity":"","overlay-gradient":""}}},"product_brand":[],"product_cat":[15],"product_tag":[2038,2049,2048,2046,2047,2045,2040,2043,2042,2041,2044,2039],"class_list":{"0":"post-2931","1":"product","2":"type-product","3":"status-publish","4":"has-post-thumbnail","6":"product_cat-buy-prescription-drugs","7":"product_tag-amphetamine-for-sale","8":"product_tag-amphetamine-pills","9":"product_tag-amphetamine-tablets","10":"product_tag-buy-amphetamine-in-canada","11":"product_tag-buy-amphetamine-in-uk","12":"product_tag-buy-amphetamine-in-usa","13":"product_tag-buy-amphetamine-with-bitcoin","14":"product_tag-buy-amphetamine-with-credit-card","15":"product_tag-buy-amphetamine-with-money-gram","16":"product_tag-buy-amphetamine-with-western-union","17":"product_tag-buy-amphetamine-without-a-doctor","18":"product_tag-buy-amphetamine-without-prescription","19":"desktop-align-center","20":"tablet-align-left","21":"mobile-align-left","23":"first","24":"instock","25":"shipping-taxable","26":"purchasable","27":"product-type-variable","28":"has-default-attributes"},"yoast_head":"<!-- This site is optimized with the Yoast SEO plugin v25.9 - https:\/\/yoast.com\/wordpress\/plugins\/seo\/ -->\n<title>Buy Amphetamine Online USA - Amphetamine for Sale at Low Prices<\/title>\n<meta name=\"description\" content=\"Want to buy Amphetamine online? If yes then, order amphetamine tablets online without any doctor&#039;s prescription at low prices. Free Shipping!\" \/>\n<meta name=\"robots\" content=\"index, follow, max-snippet:-1, max-image-preview:large, max-video-preview:-1\" \/>\n<link rel=\"canonical\" href=\"https:\/\/buy-prescriptionz.com\/es\/producto\/comprar-anfetamina-en-linea\/\" \/>\n<meta property=\"og:locale\" content=\"es_ES\" \/>\n<meta property=\"og:type\" content=\"article\" \/>\n<meta property=\"og:title\" content=\"Buy Amphetamine Online USA - Amphetamine for Sale at Low Prices\" \/>\n<meta property=\"og:description\" content=\"Want to buy Amphetamine online? If yes then, order amphetamine tablets online without any doctor&#039;s prescription at low prices. Free Shipping!\" \/>\n<meta property=\"og:url\" content=\"https:\/\/buy-prescriptionz.com\/es\/producto\/comprar-anfetamina-en-linea\/\" \/>\n<meta property=\"og:site_name\" content=\"Buy Prescriptionz\" \/>\n<meta property=\"article:modified_time\" content=\"2025-09-20T04:59:46+00:00\" \/>\n<meta property=\"og:image\" content=\"https:\/\/buy-prescriptionz.com\/wp-content\/uploads\/2025\/09\/Amphetamine.png\" \/>\n\t<meta property=\"og:image:width\" content=\"548\" \/>\n\t<meta property=\"og:image:height\" content=\"403\" \/>\n\t<meta property=\"og:image:type\" content=\"image\/png\" \/>\n<meta name=\"twitter:card\" content=\"summary_large_image\" \/>\n<meta name=\"twitter:label1\" content=\"Tiempo de lectura\" \/>\n\t<meta name=\"twitter:data1\" content=\"3 minutos\" \/>\n<script type=\"application\/ld+json\" class=\"yoast-schema-graph\">{\"@context\":\"https:\/\/schema.org\",\"@graph\":[{\"@type\":\"WebPage\",\"@id\":\"https:\/\/buy-prescriptionz.com\/product\/buy-amphetamine-online\/\",\"url\":\"https:\/\/buy-prescriptionz.com\/product\/buy-amphetamine-online\/\",\"name\":\"Buy Amphetamine Online USA - Amphetamine for Sale at Low Prices\",\"isPartOf\":{\"@id\":\"https:\/\/buy-prescriptionz.com\/#website\"},\"primaryImageOfPage\":{\"@id\":\"https:\/\/buy-prescriptionz.com\/product\/buy-amphetamine-online\/#primaryimage\"},\"image\":{\"@id\":\"https:\/\/buy-prescriptionz.com\/product\/buy-amphetamine-online\/#primaryimage\"},\"thumbnailUrl\":\"https:\/\/buy-prescriptionz.com\/wp-content\/uploads\/2025\/09\/Amphetamine.png\",\"datePublished\":\"2025-09-16T08:55:27+00:00\",\"dateModified\":\"2025-09-20T04:59:46+00:00\",\"description\":\"Want to buy Amphetamine online? If yes then, order amphetamine tablets online without any doctor's prescription at low prices. Free Shipping!\",\"breadcrumb\":{\"@id\":\"https:\/\/buy-prescriptionz.com\/product\/buy-amphetamine-online\/#breadcrumb\"},\"inLanguage\":\"es\",\"potentialAction\":[{\"@type\":\"ReadAction\",\"target\":[\"https:\/\/buy-prescriptionz.com\/product\/buy-amphetamine-online\/\"]}]},{\"@type\":\"ImageObject\",\"inLanguage\":\"es\",\"@id\":\"https:\/\/buy-prescriptionz.com\/product\/buy-amphetamine-online\/#primaryimage\",\"url\":\"https:\/\/buy-prescriptionz.com\/wp-content\/uploads\/2025\/09\/Amphetamine.png\",\"contentUrl\":\"https:\/\/buy-prescriptionz.com\/wp-content\/uploads\/2025\/09\/Amphetamine.png\",\"width\":548,\"height\":403},{\"@type\":\"BreadcrumbList\",\"@id\":\"https:\/\/buy-prescriptionz.com\/product\/buy-amphetamine-online\/#breadcrumb\",\"itemListElement\":[{\"@type\":\"ListItem\",\"position\":1,\"name\":\"Home\",\"item\":\"https:\/\/buy-prescriptionz.com\/\"},{\"@type\":\"ListItem\",\"position\":2,\"name\":\"Shop Painkillers Online\",\"item\":\"https:\/\/buy-prescriptionz.com\/shop-painkillers-online\/\"},{\"@type\":\"ListItem\",\"position\":3,\"name\":\"Buy Amphetamine Online\"}]},{\"@type\":\"WebSite\",\"@id\":\"https:\/\/buy-prescriptionz.com\/#website\",\"url\":\"https:\/\/buy-prescriptionz.com\/\",\"name\":\"Buy Prescriptionz\",\"description\":\"Drugs Online\",\"publisher\":{\"@id\":\"https:\/\/buy-prescriptionz.com\/#organization\"},\"potentialAction\":[{\"@type\":\"SearchAction\",\"target\":{\"@type\":\"EntryPoint\",\"urlTemplate\":\"https:\/\/buy-prescriptionz.com\/?s={search_term_string}\"},\"query-input\":{\"@type\":\"PropertyValueSpecification\",\"valueRequired\":true,\"valueName\":\"search_term_string\"}}],\"inLanguage\":\"es\"},{\"@type\":\"Organization\",\"@id\":\"https:\/\/buy-prescriptionz.com\/#organization\",\"name\":\"Buy Prescriptionz\",\"url\":\"https:\/\/buy-prescriptionz.com\/\",\"logo\":{\"@type\":\"ImageObject\",\"inLanguage\":\"es\",\"@id\":\"https:\/\/buy-prescriptionz.com\/#\/schema\/logo\/image\/\",\"url\":\"https:\/\/buy-prescriptionz.com\/wp-content\/uploads\/2023\/09\/logo.png\",\"contentUrl\":\"https:\/\/buy-prescriptionz.com\/wp-content\/uploads\/2023\/09\/logo.png\",\"width\":350,\"height\":64,\"caption\":\"Buy Prescriptionz\"},\"image\":{\"@id\":\"https:\/\/buy-prescriptionz.com\/#\/schema\/logo\/image\/\"}}]}<\/script>\n<!-- \/ Yoast SEO plugin. -->","yoast_head_json":{"title":"Comprar anfetamina en l\u00ednea EE.UU. - Anfetamina en venta a precios bajos","description":"\u00bfQuiere comprar anfetamina en l\u00ednea? Si es as\u00ed, ordene tabletas de anfetamina en l\u00ednea sin receta m\u00e9dica a precios bajos. \u00a1Env\u00edo gratuito!","robots":{"index":"index","follow":"follow","max-snippet":"max-snippet:-1","max-image-preview":"max-image-preview:large","max-video-preview":"max-video-preview:-1"},"canonical":"https:\/\/buy-prescriptionz.com\/es\/producto\/comprar-anfetamina-en-linea\/","og_locale":"es_ES","og_type":"article","og_title":"Buy Amphetamine Online USA - Amphetamine for Sale at Low Prices","og_description":"Want to buy Amphetamine online? If yes then, order amphetamine tablets online without any doctor's prescription at low prices. Free Shipping!","og_url":"https:\/\/buy-prescriptionz.com\/es\/producto\/comprar-anfetamina-en-linea\/","og_site_name":"Buy Prescriptionz","article_modified_time":"2025-09-20T04:59:46+00:00","og_image":[{"width":548,"height":403,"url":"https:\/\/buy-prescriptionz.com\/wp-content\/uploads\/2025\/09\/Amphetamine.png","type":"image\/png"}],"twitter_card":"summary_large_image","twitter_misc":{"Tiempo de lectura":"3 minutos"},"schema":{"@context":"https:\/\/schema.org","@graph":[{"@type":"WebPage","@id":"https:\/\/buy-prescriptionz.com\/product\/buy-amphetamine-online\/","url":"https:\/\/buy-prescriptionz.com\/product\/buy-amphetamine-online\/","name":"Comprar anfetamina en l\u00ednea EE.UU. - Anfetamina en venta a precios bajos","isPartOf":{"@id":"https:\/\/buy-prescriptionz.com\/#website"},"primaryImageOfPage":{"@id":"https:\/\/buy-prescriptionz.com\/product\/buy-amphetamine-online\/#primaryimage"},"image":{"@id":"https:\/\/buy-prescriptionz.com\/product\/buy-amphetamine-online\/#primaryimage"},"thumbnailUrl":"https:\/\/buy-prescriptionz.com\/wp-content\/uploads\/2025\/09\/Amphetamine.png","datePublished":"2025-09-16T08:55:27+00:00","dateModified":"2025-09-20T04:59:46+00:00","description":"\u00bfQuiere comprar anfetamina en l\u00ednea? Si es as\u00ed, ordene tabletas de anfetamina en l\u00ednea sin receta m\u00e9dica a precios bajos. \u00a1Env\u00edo gratuito!","breadcrumb":{"@id":"https:\/\/buy-prescriptionz.com\/product\/buy-amphetamine-online\/#breadcrumb"},"inLanguage":"es","potentialAction":[{"@type":"ReadAction","target":["https:\/\/buy-prescriptionz.com\/product\/buy-amphetamine-online\/"]}]},{"@type":"ImageObject","inLanguage":"es","@id":"https:\/\/buy-prescriptionz.com\/product\/buy-amphetamine-online\/#primaryimage","url":"https:\/\/buy-prescriptionz.com\/wp-content\/uploads\/2025\/09\/Amphetamine.png","contentUrl":"https:\/\/buy-prescriptionz.com\/wp-content\/uploads\/2025\/09\/Amphetamine.png","width":548,"height":403},{"@type":"BreadcrumbList","@id":"https:\/\/buy-prescriptionz.com\/product\/buy-amphetamine-online\/#breadcrumb","itemListElement":[{"@type":"ListItem","position":1,"name":"Home","item":"https:\/\/buy-prescriptionz.com\/"},{"@type":"ListItem","position":2,"name":"Shop Painkillers Online","item":"https:\/\/buy-prescriptionz.com\/shop-painkillers-online\/"},{"@type":"ListItem","position":3,"name":"Buy Amphetamine Online"}]},{"@type":"WebSite","@id":"https:\/\/buy-prescriptionz.com\/#website","url":"https:\/\/buy-prescriptionz.com\/","name":"Buy Prescriptionz","description":"Medicamentos en l\u00ednea","publisher":{"@id":"https:\/\/buy-prescriptionz.com\/#organization"},"potentialAction":[{"@type":"SearchAction","target":{"@type":"EntryPoint","urlTemplate":"https:\/\/buy-prescriptionz.com\/?s={search_term_string}"},"query-input":{"@type":"PropertyValueSpecification","valueRequired":true,"valueName":"search_term_string"}}],"inLanguage":"es"},{"@type":"Organization","@id":"https:\/\/buy-prescriptionz.com\/#organization","name":"Buy Prescriptionz","url":"https:\/\/buy-prescriptionz.com\/","logo":{"@type":"ImageObject","inLanguage":"es","@id":"https:\/\/buy-prescriptionz.com\/#\/schema\/logo\/image\/","url":"https:\/\/buy-prescriptionz.com\/wp-content\/uploads\/2023\/09\/logo.png","contentUrl":"https:\/\/buy-prescriptionz.com\/wp-content\/uploads\/2023\/09\/logo.png","width":350,"height":64,"caption":"Buy Prescriptionz"},"image":{"@id":"https:\/\/buy-prescriptionz.com\/#\/schema\/logo\/image\/"}}]}},"_links":{"self":[{"href":"https:\/\/buy-prescriptionz.com\/es\/wp-json\/wp\/v2\/product\/2931","targetHints":{"allow":["GET"]}}],"collection":[{"href":"https:\/\/buy-prescriptionz.com\/es\/wp-json\/wp\/v2\/product"}],"about":[{"href":"https:\/\/buy-prescriptionz.com\/es\/wp-json\/wp\/v2\/types\/product"}],"replies":[{"embeddable":true,"href":"https:\/\/buy-prescriptionz.com\/es\/wp-json\/wp\/v2\/comments?post=2931"}],"wp:featuredmedia":[{"embeddable":true,"href":"https:\/\/buy-prescriptionz.com\/es\/wp-json\/wp\/v2\/media\/2961"}],"wp:attachment":[{"href":"https:\/\/buy-prescriptionz.com\/es\/wp-json\/wp\/v2\/media?parent=2931"}],"wp:term":[{"taxonomy":"product_brand","embeddable":true,"href":"https:\/\/buy-prescriptionz.com\/es\/wp-json\/wp\/v2\/product_brand?post=2931"},{"taxonomy":"product_cat","embeddable":true,"href":"https:\/\/buy-prescriptionz.com\/es\/wp-json\/wp\/v2\/product_cat?post=2931"},{"taxonomy":"product_tag","embeddable":true,"href":"https:\/\/buy-prescriptionz.com\/es\/wp-json\/wp\/v2\/product_tag?post=2931"}],"curies":[{"name":"wp","href":"https:\/\/api.w.org\/{rel}","templated":true}]}}