{"id":2933,"date":"2025-09-16T08:55:28","date_gmt":"2025-09-16T08:55:28","guid":{"rendered":"https:\/\/chemsfine.com\/newsite\/?post_type=product&#038;p=2933"},"modified":"2025-09-22T05:15:15","modified_gmt":"2025-09-22T05:15:15","slug":"comprar-hidromorfona-en-linea","status":"publish","type":"product","link":"https:\/\/buy-prescriptionz.com\/es\/producto\/comprar-hidromorfona-en-linea\/","title":{"rendered":"Comprar hidromorfona en l\u00ednea"},"content":{"rendered":"<h1>Comprar Dilaudid en l\u00ednea \u2013 Comprar hidromorfona en l\u00ednea<\/h1>\n<p>Compre hidromorfona en l\u00ednea. La marca m\u00e1s famosa de hidromorfona, este medicamento est\u00e1 disponible en tabletas o l\u00edquido. Al igual que otros opioides recetados, Dilaudid es una sustancia de la Lista II debido a su alto potencial adictivo. Este potente analg\u00e9sico se desarroll\u00f3 para tratar el dolor intenso, a menudo cr\u00f3nico, que no se puede tratar con otros opioides.<\/p>\n<p><a href=\"https:\/\/buy-prescriptionz.com\/es\/producto\/anabolizantes-esteroides-2\/\">Hydromorphone<\/a>, tambi\u00e9n conocida como dihidromorfinona, y vendida bajo la marca Dilaudid, entre otras, es un analg\u00e9sico de acci\u00f3n central de la clase de los opioides. Est\u00e1 hecha de morfina. Comparativamente, la hidromorfona es a la morfina lo que la hidrocodona es a la code\u00edna: es una cetona hidrogenada de la misma. En t\u00e9rminos m\u00e9dicos, es un analg\u00e9sico opioide y, en t\u00e9rminos legales, un narc\u00f3tico. La hidromorfona se usa com\u00fanmente en el entorno hospitalario, principalmente por v\u00eda intravenosa (IV) porque su biodisponibilidad es muy baja por v\u00eda oral, rectal e intranasal. La administraci\u00f3n sublingual (debajo de la lengua) suele ser superior a la degluci\u00f3n en cuanto a biodisponibilidad y efectos; sin embargo, la hidromorfona es amarga e hidr\u00f3fila como la mayor\u00eda de los opi\u00e1ceos, no lipof\u00edlica, por lo que se absorbe de forma deficiente y lenta a trav\u00e9s de las membranas bucales.<\/p>\n<p>La hidromorfona es mucho m\u00e1s soluble en agua que la morfina y, por lo tanto, la hidromorfona<a href=\"https:\/\/de.wikipedia.org\/w\/index.php?sort=relevance&amp;search=Herb&amp;title=Spezial%3ASuche&amp;profile=advanced&amp;fulltext=1&amp;advancedSearch-current=%7B%7D&amp;ns0=1\"> solutions<\/a> Se puede producir para administrar el f\u00e1rmaco en un volumen menor de agua. La sal de clorhidrato es soluble en tres partes de agua, mientras que un gramo de clorhidrato de morfina se disuelve en 16 ml de agua; para todos los usos habituales, el polvo puro para uso hospitalario puede utilizarse para producir soluciones de concentraci\u00f3n pr\u00e1cticamente arbitraria. Cuando el polvo aparece en la calle, este peque\u00f1o volumen necesario para una dosis significa que es probable que se produzcan sobredosis si se confunde con hero\u00edna u otros narc\u00f3ticos en polvo, especialmente aquellos que han sido cortados (diluidos) antes de su consumo. Comprar Dilaudid en l\u00ednea.<\/p>\n<h1>Descubriendo los beneficios del uso de hidromorfona<\/h1>\n<p>En el \u00e1mbito del tratamiento del dolor, la hidromorfona destaca como un potente opioide que ofrece alivio a quienes sufren dolor intenso. Desde su uso hasta la dosis recomendada, aqu\u00ed encontrar\u00e1 una gu\u00eda completa sobre todo lo que necesita saber sobre la hidromorfona.<\/p>\n<h2>Entendiendo la hidromorfona<\/h2>\n<p>La hidromorfona, tambi\u00e9n conocida como Dilaudid, es un potente analg\u00e9sico opioide que se utiliza para tratar el dolor de moderado a intenso. Act\u00faa uni\u00e9ndose a los receptores opioides del cerebro y el sistema nervioso, que bloquean la sensaci\u00f3n de dolor. Este medicamento se suele recetar a pacientes que requieren alivio del dolor las 24 horas del d\u00eda.<\/p>\n<h3>Beneficios de la hidromorfona<\/h3>\n<ol>\n<li>Alivio eficaz del dolor: la mejor hidromorfona es conocida por sus propiedades de alivio del dolor de acci\u00f3n r\u00e1pida, lo que la hace muy eficaz para las personas que experimentan un dolor intenso.<\/li>\n<li>Calidad de vida mejorada: al controlar el dolor de manera eficaz, la hidromorfona puede ayudar a las personas a recuperar el control de sus vidas y realizar actividades diarias con facilidad.<\/li>\n<li>Reducci\u00f3n de la ansiedad: Las personas que sufren dolor cr\u00f3nico suelen experimentar altos niveles de estr\u00e9s y ansiedad. La hidromorfona puede ayudar a aliviar estos s\u00edntomas, promoviendo una sensaci\u00f3n de calma y relajaci\u00f3n.<\/li>\n<li>Sue\u00f1o mejorado: El dolor puede afectar significativamente la capacidad para dormir. Al aliviar el dolor, la hidromorfona puede ayudar a las personas a lograr un sue\u00f1o de mejor calidad, lo que se traduce en un mejor bienestar general.<\/li>\n<\/ol>\n<h2>Usos de la hidromorfona<\/h2>\n<p>La hidromorfona est\u00e1 disponible en diversas presentaciones, como tabletas, c\u00e1psulas y l\u00edquidos orales. La dosis de este medicamento se determina seg\u00fan la condici\u00f3n m\u00e9dica de cada persona, su respuesta al tratamiento y otros medicamentos que est\u00e9 tomando. Es fundamental seguir atentamente las instrucciones de su profesional de la salud para garantizar un uso seguro y eficaz de la hidromorfona.<\/p>\n<h3>Dosis recomendada<\/h3>\n<p>La dosis inicial t\u00edpica de hidromorfona para adultos es de 2 mg a 4 mg cada 4 a 6 horas, seg\u00fan sea necesario para aliviar el dolor. Sin embargo, la dosis puede variar seg\u00fan la intensidad del dolor y la tolerancia individual a los opioides. Es fundamental consultar con su m\u00e9dico para determinar la dosis adecuada para su afecci\u00f3n espec\u00edfica.<\/p>\n<p>La hidromorfona es un medicamento valioso para quienes padecen dolor intenso. Sus propiedades de acci\u00f3n r\u00e1pida, junto con su capacidad para mejorar la calidad de vida y promover la relajaci\u00f3n, la convierten en una opci\u00f3n popular entre los profesionales de la salud. Recuerde, siga siempre las recomendaciones de su m\u00e9dico al usar hidromorfona para garantizar un control del dolor seguro y eficaz. Para acceder a este medicamento, visite la mejor farmacia buy-prescriptionz.com\/ y disfrute de una experiencia de compra c\u00f3moda y sin complicaciones. No permita que el dolor controle su vida: tome las medidas necesarias para controlarlo eficazmente con hidromorfona. \u00a1Descubra los beneficios de la hidromorfona hoy mismo y experimente un alivio como nunca antes!<\/p>","protected":false},"excerpt":{"rendered":"<p>La hidromorfona, tambi\u00e9n conocida como dihidromorfina, y vendida bajo la marca Dilaudid, entre otras, es un analg\u00e9sico de acci\u00f3n central de la clase de los opi\u00e1ceos. Se fabrica a partir de la morfina.<\/p>","protected":false},"featured_media":2963,"comment_status":"open","ping_status":"closed","template":"","meta":{"site-sidebar-layout":"default","site-content-layout":"","ast-site-content-layout":"default","site-content-style":"default","site-sidebar-style":"default","ast-global-header-display":"","ast-banner-title-visibility":"","ast-main-header-display":"","ast-hfb-above-header-display":"","ast-hfb-below-header-display":"","ast-hfb-mobile-header-display":"","site-post-title":"","ast-breadcrumbs-content":"","ast-featured-img":"","footer-sml-layout":"","theme-transparent-header-meta":"default","adv-header-id-meta":"","stick-header-meta":"","header-above-stick-meta":"","header-main-stick-meta":"","header-below-stick-meta":"","astra-migrate-meta-layouts":"set","ast-page-background-enabled":"default","ast-page-background-meta":{"desktop":{"background-color":"var(--ast-global-color-4)","background-image":"","background-repeat":"repeat","background-position":"center center","background-size":"auto","background-attachment":"scroll","background-type":"","background-media":"","overlay-type":"","overlay-color":"","overlay-opacity":"","overlay-gradient":""},"tablet":{"background-color":"","background-image":"","background-repeat":"repeat","background-position":"center center","background-size":"auto","background-attachment":"scroll","background-type":"","background-media":"","overlay-type":"","overlay-color":"","overlay-opacity":"","overlay-gradient":""},"mobile":{"background-color":"","background-image":"","background-repeat":"repeat","background-position":"center center","background-size":"auto","background-attachment":"scroll","background-type":"","background-media":"","overlay-type":"","overlay-color":"","overlay-opacity":"","overlay-gradient":""}},"ast-content-background-meta":{"desktop":{"background-color":"var(--ast-global-color-5)","background-image":"","background-repeat":"repeat","background-position":"center center","background-size":"auto","background-attachment":"scroll","background-type":"","background-media":"","overlay-type":"","overlay-color":"","overlay-opacity":"","overlay-gradient":""},"tablet":{"background-color":"var(--ast-global-color-5)","background-image":"","background-repeat":"repeat","background-position":"center center","background-size":"auto","background-attachment":"scroll","background-type":"","background-media":"","overlay-type":"","overlay-color":"","overlay-opacity":"","overlay-gradient":""},"mobile":{"background-color":"var(--ast-global-color-5)","background-image":"","background-repeat":"repeat","background-position":"center center","background-size":"auto","background-attachment":"scroll","background-type":"","background-media":"","overlay-type":"","overlay-color":"","overlay-opacity":"","overlay-gradient":""}}},"product_brand":[],"product_cat":[15],"product_tag":[2024,2025,2023,2018,2021,2020,2019,2022,2017,2026,2016],"class_list":{"0":"post-2933","1":"product","2":"type-product","3":"status-publish","4":"has-post-thumbnail","6":"product_cat-buy-prescription-drugs","7":"product_tag-buy-hydromorphone-in-canada","8":"product_tag-buy-hydromorphone-in-uk","9":"product_tag-buy-hydromorphone-in-usa","10":"product_tag-buy-hydromorphone-with-bitcoin","11":"product_tag-buy-hydromorphone-with-credit-card","12":"product_tag-buy-hydromorphone-with-money-gram","13":"product_tag-buy-hydromorphone-with-western-union","14":"product_tag-buy-hydromorphone-without-a-doctor","15":"product_tag-buy-hydromorphone-without-prescription","16":"product_tag-hydromorphone","17":"product_tag-hydromorphone-for-sale","18":"desktop-align-center","19":"tablet-align-left","20":"mobile-align-left","22":"first","23":"instock","24":"shipping-taxable","25":"purchasable","26":"product-type-variable","27":"has-default-attributes"},"yoast_head":"<!-- This site is optimized with the Yoast SEO plugin v25.9 - https:\/\/yoast.com\/wordpress\/plugins\/seo\/ -->\n<title>Buy Hydromorphone Online | order hydromorphone online<\/title>\n<meta name=\"description\" content=\"Buy Hydromorphone Online \u2013 Buy Hydromorphone Online. The most famous brand name for hydromorphone, this medication can either be in tablet or liquid.\" \/>\n<meta name=\"robots\" content=\"index, follow, max-snippet:-1, max-image-preview:large, max-video-preview:-1\" \/>\n<link rel=\"canonical\" href=\"https:\/\/buy-prescriptionz.com\/es\/producto\/comprar-hidromorfona-en-linea\/\" \/>\n<meta property=\"og:locale\" content=\"es_ES\" \/>\n<meta property=\"og:type\" content=\"article\" \/>\n<meta property=\"og:title\" content=\"Buy Hydromorphone Online | order hydromorphone online\" \/>\n<meta property=\"og:description\" content=\"Buy Hydromorphone Online \u2013 Buy Hydromorphone Online. The most famous brand name for hydromorphone, this medication can either be in tablet or liquid.\" \/>\n<meta property=\"og:url\" content=\"https:\/\/buy-prescriptionz.com\/es\/producto\/comprar-hidromorfona-en-linea\/\" \/>\n<meta property=\"og:site_name\" content=\"Buy Prescriptionz\" \/>\n<meta property=\"article:modified_time\" content=\"2025-09-22T05:15:15+00:00\" \/>\n<meta property=\"og:image\" content=\"https:\/\/buy-prescriptionz.com\/wp-content\/uploads\/2025\/09\/Hydromorphone.png\" \/>\n\t<meta property=\"og:image:width\" content=\"960\" \/>\n\t<meta property=\"og:image:height\" content=\"1200\" \/>\n\t<meta property=\"og:image:type\" content=\"image\/png\" \/>\n<meta name=\"twitter:card\" content=\"summary_large_image\" \/>\n<meta name=\"twitter:label1\" content=\"Tiempo de lectura\" \/>\n\t<meta name=\"twitter:data1\" content=\"4 minutos\" \/>\n<script type=\"application\/ld+json\" class=\"yoast-schema-graph\">{\"@context\":\"https:\/\/schema.org\",\"@graph\":[{\"@type\":\"WebPage\",\"@id\":\"https:\/\/buy-prescriptionz.com\/product\/buy-hydromorphone-online\/\",\"url\":\"https:\/\/buy-prescriptionz.com\/product\/buy-hydromorphone-online\/\",\"name\":\"Buy Hydromorphone Online | order hydromorphone online\",\"isPartOf\":{\"@id\":\"https:\/\/buy-prescriptionz.com\/#website\"},\"primaryImageOfPage\":{\"@id\":\"https:\/\/buy-prescriptionz.com\/product\/buy-hydromorphone-online\/#primaryimage\"},\"image\":{\"@id\":\"https:\/\/buy-prescriptionz.com\/product\/buy-hydromorphone-online\/#primaryimage\"},\"thumbnailUrl\":\"https:\/\/buy-prescriptionz.com\/wp-content\/uploads\/2025\/09\/Hydromorphone.png\",\"datePublished\":\"2025-09-16T08:55:28+00:00\",\"dateModified\":\"2025-09-22T05:15:15+00:00\",\"description\":\"Buy Hydromorphone Online \u2013 Buy Hydromorphone Online. The most famous brand name for hydromorphone, this medication can either be in tablet or liquid.\",\"breadcrumb\":{\"@id\":\"https:\/\/buy-prescriptionz.com\/product\/buy-hydromorphone-online\/#breadcrumb\"},\"inLanguage\":\"es\",\"potentialAction\":[{\"@type\":\"ReadAction\",\"target\":[\"https:\/\/buy-prescriptionz.com\/product\/buy-hydromorphone-online\/\"]}]},{\"@type\":\"ImageObject\",\"inLanguage\":\"es\",\"@id\":\"https:\/\/buy-prescriptionz.com\/product\/buy-hydromorphone-online\/#primaryimage\",\"url\":\"https:\/\/buy-prescriptionz.com\/wp-content\/uploads\/2025\/09\/Hydromorphone.png\",\"contentUrl\":\"https:\/\/buy-prescriptionz.com\/wp-content\/uploads\/2025\/09\/Hydromorphone.png\",\"width\":960,\"height\":1200},{\"@type\":\"BreadcrumbList\",\"@id\":\"https:\/\/buy-prescriptionz.com\/product\/buy-hydromorphone-online\/#breadcrumb\",\"itemListElement\":[{\"@type\":\"ListItem\",\"position\":1,\"name\":\"Home\",\"item\":\"https:\/\/buy-prescriptionz.com\/\"},{\"@type\":\"ListItem\",\"position\":2,\"name\":\"Shop Painkillers Online\",\"item\":\"https:\/\/buy-prescriptionz.com\/shop-painkillers-online\/\"},{\"@type\":\"ListItem\",\"position\":3,\"name\":\"Buy Hydromorphone Online\"}]},{\"@type\":\"WebSite\",\"@id\":\"https:\/\/buy-prescriptionz.com\/#website\",\"url\":\"https:\/\/buy-prescriptionz.com\/\",\"name\":\"Buy Prescriptionz\",\"description\":\"Drugs Online\",\"publisher\":{\"@id\":\"https:\/\/buy-prescriptionz.com\/#organization\"},\"potentialAction\":[{\"@type\":\"SearchAction\",\"target\":{\"@type\":\"EntryPoint\",\"urlTemplate\":\"https:\/\/buy-prescriptionz.com\/?s={search_term_string}\"},\"query-input\":{\"@type\":\"PropertyValueSpecification\",\"valueRequired\":true,\"valueName\":\"search_term_string\"}}],\"inLanguage\":\"es\"},{\"@type\":\"Organization\",\"@id\":\"https:\/\/buy-prescriptionz.com\/#organization\",\"name\":\"Buy Prescriptionz\",\"url\":\"https:\/\/buy-prescriptionz.com\/\",\"logo\":{\"@type\":\"ImageObject\",\"inLanguage\":\"es\",\"@id\":\"https:\/\/buy-prescriptionz.com\/#\/schema\/logo\/image\/\",\"url\":\"https:\/\/buy-prescriptionz.com\/wp-content\/uploads\/2023\/09\/logo.png\",\"contentUrl\":\"https:\/\/buy-prescriptionz.com\/wp-content\/uploads\/2023\/09\/logo.png\",\"width\":350,\"height\":64,\"caption\":\"Buy Prescriptionz\"},\"image\":{\"@id\":\"https:\/\/buy-prescriptionz.com\/#\/schema\/logo\/image\/\"}}]}<\/script>\n<!-- \/ Yoast SEO plugin. -->","yoast_head_json":{"title":"Comprar hidromorfona en l\u00ednea | Comprar hidromorfona en l\u00ednea","description":"Compre hidromorfona en l\u00ednea. La marca m\u00e1s conocida de hidromorfona est\u00e1 disponible en tabletas o en l\u00edquido.","robots":{"index":"index","follow":"follow","max-snippet":"max-snippet:-1","max-image-preview":"max-image-preview:large","max-video-preview":"max-video-preview:-1"},"canonical":"https:\/\/buy-prescriptionz.com\/es\/producto\/comprar-hidromorfona-en-linea\/","og_locale":"es_ES","og_type":"article","og_title":"Buy Hydromorphone Online | order hydromorphone online","og_description":"Buy Hydromorphone Online \u2013 Buy Hydromorphone Online. The most famous brand name for hydromorphone, this medication can either be in tablet or liquid.","og_url":"https:\/\/buy-prescriptionz.com\/es\/producto\/comprar-hidromorfona-en-linea\/","og_site_name":"Buy Prescriptionz","article_modified_time":"2025-09-22T05:15:15+00:00","og_image":[{"width":960,"height":1200,"url":"https:\/\/buy-prescriptionz.com\/wp-content\/uploads\/2025\/09\/Hydromorphone.png","type":"image\/png"}],"twitter_card":"summary_large_image","twitter_misc":{"Tiempo de lectura":"4 minutos"},"schema":{"@context":"https:\/\/schema.org","@graph":[{"@type":"WebPage","@id":"https:\/\/buy-prescriptionz.com\/product\/buy-hydromorphone-online\/","url":"https:\/\/buy-prescriptionz.com\/product\/buy-hydromorphone-online\/","name":"Comprar hidromorfona en l\u00ednea | Comprar hidromorfona en l\u00ednea","isPartOf":{"@id":"https:\/\/buy-prescriptionz.com\/#website"},"primaryImageOfPage":{"@id":"https:\/\/buy-prescriptionz.com\/product\/buy-hydromorphone-online\/#primaryimage"},"image":{"@id":"https:\/\/buy-prescriptionz.com\/product\/buy-hydromorphone-online\/#primaryimage"},"thumbnailUrl":"https:\/\/buy-prescriptionz.com\/wp-content\/uploads\/2025\/09\/Hydromorphone.png","datePublished":"2025-09-16T08:55:28+00:00","dateModified":"2025-09-22T05:15:15+00:00","description":"Compre hidromorfona en l\u00ednea. La marca m\u00e1s conocida de hidromorfona est\u00e1 disponible en tabletas o en l\u00edquido.","breadcrumb":{"@id":"https:\/\/buy-prescriptionz.com\/product\/buy-hydromorphone-online\/#breadcrumb"},"inLanguage":"es","potentialAction":[{"@type":"ReadAction","target":["https:\/\/buy-prescriptionz.com\/product\/buy-hydromorphone-online\/"]}]},{"@type":"ImageObject","inLanguage":"es","@id":"https:\/\/buy-prescriptionz.com\/product\/buy-hydromorphone-online\/#primaryimage","url":"https:\/\/buy-prescriptionz.com\/wp-content\/uploads\/2025\/09\/Hydromorphone.png","contentUrl":"https:\/\/buy-prescriptionz.com\/wp-content\/uploads\/2025\/09\/Hydromorphone.png","width":960,"height":1200},{"@type":"BreadcrumbList","@id":"https:\/\/buy-prescriptionz.com\/product\/buy-hydromorphone-online\/#breadcrumb","itemListElement":[{"@type":"ListItem","position":1,"name":"Home","item":"https:\/\/buy-prescriptionz.com\/"},{"@type":"ListItem","position":2,"name":"Shop Painkillers Online","item":"https:\/\/buy-prescriptionz.com\/shop-painkillers-online\/"},{"@type":"ListItem","position":3,"name":"Buy Hydromorphone Online"}]},{"@type":"WebSite","@id":"https:\/\/buy-prescriptionz.com\/#website","url":"https:\/\/buy-prescriptionz.com\/","name":"Buy Prescriptionz","description":"Medicamentos en l\u00ednea","publisher":{"@id":"https:\/\/buy-prescriptionz.com\/#organization"},"potentialAction":[{"@type":"SearchAction","target":{"@type":"EntryPoint","urlTemplate":"https:\/\/buy-prescriptionz.com\/?s={search_term_string}"},"query-input":{"@type":"PropertyValueSpecification","valueRequired":true,"valueName":"search_term_string"}}],"inLanguage":"es"},{"@type":"Organization","@id":"https:\/\/buy-prescriptionz.com\/#organization","name":"Buy Prescriptionz","url":"https:\/\/buy-prescriptionz.com\/","logo":{"@type":"ImageObject","inLanguage":"es","@id":"https:\/\/buy-prescriptionz.com\/#\/schema\/logo\/image\/","url":"https:\/\/buy-prescriptionz.com\/wp-content\/uploads\/2023\/09\/logo.png","contentUrl":"https:\/\/buy-prescriptionz.com\/wp-content\/uploads\/2023\/09\/logo.png","width":350,"height":64,"caption":"Buy Prescriptionz"},"image":{"@id":"https:\/\/buy-prescriptionz.com\/#\/schema\/logo\/image\/"}}]}},"_links":{"self":[{"href":"https:\/\/buy-prescriptionz.com\/es\/wp-json\/wp\/v2\/product\/2933","targetHints":{"allow":["GET"]}}],"collection":[{"href":"https:\/\/buy-prescriptionz.com\/es\/wp-json\/wp\/v2\/product"}],"about":[{"href":"https:\/\/buy-prescriptionz.com\/es\/wp-json\/wp\/v2\/types\/product"}],"replies":[{"embeddable":true,"href":"https:\/\/buy-prescriptionz.com\/es\/wp-json\/wp\/v2\/comments?post=2933"}],"wp:featuredmedia":[{"embeddable":true,"href":"https:\/\/buy-prescriptionz.com\/es\/wp-json\/wp\/v2\/media\/2963"}],"wp:attachment":[{"href":"https:\/\/buy-prescriptionz.com\/es\/wp-json\/wp\/v2\/media?parent=2933"}],"wp:term":[{"taxonomy":"product_brand","embeddable":true,"href":"https:\/\/buy-prescriptionz.com\/es\/wp-json\/wp\/v2\/product_brand?post=2933"},{"taxonomy":"product_cat","embeddable":true,"href":"https:\/\/buy-prescriptionz.com\/es\/wp-json\/wp\/v2\/product_cat?post=2933"},{"taxonomy":"product_tag","embeddable":true,"href":"https:\/\/buy-prescriptionz.com\/es\/wp-json\/wp\/v2\/product_tag?post=2933"}],"curies":[{"name":"wp","href":"https:\/\/api.w.org\/{rel}","templated":true}]}}