{"id":2935,"date":"2025-09-16T08:55:28","date_gmt":"2025-09-16T08:55:28","guid":{"rendered":"https:\/\/chemsfine.com\/newsite\/?post_type=product&#038;p=2935"},"modified":"2025-09-19T13:30:58","modified_gmt":"2025-09-19T13:30:58","slug":"comprar-pastillas-de-mdma-de-120-mg","status":"publish","type":"product","link":"https:\/\/buy-prescriptionz.com\/es\/producto\/comprar-pastillas-de-mdma-de-120-mg\/","title":{"rendered":"Comprar pastillas de MDMA de 120 mg"},"content":{"rendered":"<h1>Comprar pastillas de MDMA de 120 mg<\/h1>\n<p>Comprar 120 mg <a href=\"https:\/\/buy-prescriptionz.com\/es\/producto\/cialis\/\">MDMA<\/a> Pastillas MDMA La 3,4-metilendioximetanfetamina (MDMA, \"\u00e9xtasis\") es una potente droga psicod\u00e9lica que induce euforia e hipersociabilidad en humanos, as\u00ed como hiperactividad y ansiedad en roedores. Compre pastillas de MDMA de 120 mg en l\u00ednea El pez cebra adulto (Danio rerio) se ha convertido en una especie ampliamente utilizada en la investigaci\u00f3n neuroconductual. Aqu\u00ed, exploramos los efectos de una amplia gama (0,25-120 mg\/L) de dosis agudas de MDMA en el comportamiento del pez cebra en la nueva prueba de tanque. Si bien el MDMA fue inactivo en dosis m\u00e1s bajas (0,25-10 mg\/L), las dosis m\u00e1s altas redujeron la nataci\u00f3n en el fondo y la inmovilidad (40-120 mg\/L) y deterioraron la habituaci\u00f3n intrasesi\u00f3n (10-120 mg\/L). El MDMA tambi\u00e9n elev\u00f3 la expresi\u00f3n cerebral de c-fos, lo que confirma colectivamente la utilidad de los modelos de pez cebra para la detecci\u00f3n de compuestos alucin\u00f3genos. Compre pastillas de MDMA de 120 mg en l\u00ednea<br \/>\nLa 3,4-metilendioximetanfetamina (MDMA, \"\u00c9xtasis\") es una popular droga recreativa que modula las monoaminas cerebrales inhibiendo su recaptaci\u00f3n (White et al., 1996; Kalant, 2001; de la Torre et al., 2004; Nagai et al., 2007; Doly et al., 2009) y su degradaci\u00f3n (Leonardi y Azmitia, 1994). El sistema serotonin\u00e9rgico parece ser el principal objetivo de la acci\u00f3n de la MDMA, aunque la dopamina tambi\u00e9n desempe\u00f1a un papel importante (Benturquia et al., 2008; NIDA, 2010; Stove et al., 2010).<\/p>\n<p>Los cristales de MDMA son una droga que act\u00faa como estimulante y psicod\u00e9lico, produciendo un efecto energizante, as\u00ed como distorsiones en el tiempo y la percepci\u00f3n y un mayor disfrute de las experiencias t\u00e1ctiles.1,2 Normalmente, la MDMA (acr\u00f3nimo de su nombre qu\u00edmico 3,4-metilendioximetanfetamina) se toma por v\u00eda oral, normalmente en forma de tableta o c\u00e1psula, y sus efectos duran aproximadamente de 3 a 6 horas. La dosis media comunicada es de uno a dos comprimidos, cada uno de los cuales suele contener entre 60 y 120 miligramos de MDMA.1 No es infrecuente que los consumidores tomen una segunda dosis de la droga cuando los efectos de la primera empiezan a desaparecer.<br \/>\nCristales de MDMA en polvo, la 3,4-metilenedioxi-metanfetamina (MDMA) es una droga sint\u00e9tica que altera el estado de \u00e1nimo y la percepci\u00f3n (la conciencia de los objetos y las condiciones circundantes). Es qu\u00edmicamente similar tanto a los estimulantes como a los alucin\u00f3genos, produciendo sensaciones de aumento de energ\u00eda, placer, calidez emocional y percepci\u00f3n sensorial y temporal distorsionada.<\/p>\n<h3>Beneficios de las pastillas de 120 mg: una gu\u00eda completa<\/h3>\n<p>En el mundo acelerado de hoy, muchas personas se enfrentan a diversos problemas de salud que pueden afectar significativamente su calidad de vida. Desde el dolor cr\u00f3nico hasta los trastornos de salud mental, encontrar la medicaci\u00f3n adecuada para controlar estas afecciones es crucial. Una opci\u00f3n que ha ganado popularidad en los \u00faltimos a\u00f1os son las pastillas de 120 mg, conocidas por su eficacia en el tratamiento de una amplia gama de dolencias. En este art\u00edculo, exploraremos los beneficios, el uso y la dosis recomendada de las pastillas de MDMA de 120 mg, y c\u00f3mo puedes aprovecharlas para mejorar tu bienestar.<\/p>\n<h3>Comprender los beneficios de las pastillas de 120 mg<\/h3>\n<p>Uno de los principales beneficios de las mejores pastillas de MDMA de 120 mg es su capacidad para aliviar el dolor cr\u00f3nico. Ya sea que sufra de artritis, dolor de espalda o migra\u00f1as, estas pastillas pueden ayudarle a aliviar sus s\u00edntomas y mejorar su calidad de vida en general.<\/p>\n<h3>Manejo de la ansiedad y la depresi\u00f3n<\/h3>\n<p>Adem\u00e1s de aliviar el dolor, las pastillas de MDMA de 120 mg tambi\u00e9n son eficaces para controlar la ansiedad y la depresi\u00f3n. Estas afecciones pueden ser debilitantes y dificultar las tareas cotidianas. Al incorporar estas pastillas a su plan de tratamiento, puede experimentar una mejora significativa en su bienestar mental.<\/p>\n<h3>Mayor concentraci\u00f3n y productividad<\/h3>\n<p>Otro beneficio de las pastillas de 120 mg es su capacidad para mejorar la concentraci\u00f3n y la productividad. Tanto si eres estudiante prepar\u00e1ndote para ex\u00e1menes como si eres un profesional con m\u00faltiples responsabilidades, estas pastillas pueden ayudarte a agudizar tus capacidades cognitivas y mejorar tu rendimiento.<\/p>\n<h2>Uso adecuado de pastillas de 120 mg Consulta con un profesional de la salud<\/h2>\n<p>Antes de incorporar pastillas de MDMA de 120 mg a su rutina diaria, es fundamental consultar con un profesional de la salud. Este podr\u00e1 evaluar su estado de salud, ofrecerle recomendaciones personalizadas y garantizar que estas pastillas se ajusten a sus necesidades.<\/p>\n<h3>Comience con una dosis baja<\/h3>\n<p>Al comenzar con pastillas de MDMA de 120 mg, se recomienda comenzar con una dosis baja e ir aument\u00e1ndola gradualmente seg\u00fan la respuesta del cuerpo. Este enfoque puede ayudar a minimizar los posibles efectos secundarios y optimizar la eficacia del medicamento.<\/p>\n<h3>Administraci\u00f3n consistente<\/h3>\n<p>Para disfrutar al m\u00e1ximo de los beneficios de las pastillas de MDMA de 120 mg, es fundamental tomarlas con regularidad seg\u00fan lo prescrito. Saltarse dosis o modificar la dosis recomendada puede reducir la eficacia del medicamento y afectar los resultados del tratamiento.<\/p>\n<h3>Dosis recomendada de pastillas de 120 mg<\/h3>\n<p>La dosis recomendada de pastillas de MDMA de 120 mg puede variar seg\u00fan el estado de salud, la edad y el historial m\u00e9dico de cada persona. Es fundamental seguir las instrucciones de dosificaci\u00f3n proporcionadas por su profesional de la salud o la etiqueta del medicamento para garantizar un uso seguro y eficaz.<\/p>\n<h3>Monitoreo y ajustes<\/h3>\n<p>Durante el tratamiento con pastillas de MDMA de 120 mg, su profesional de la salud podr\u00eda supervisar su progreso y realizar los ajustes necesarios en la dosis. Este enfoque proactivo puede ayudar a optimizar los beneficios del medicamento y abordar cualquier inquietud que surja.<\/p>\n<p>Las pastillas de MDMA de 120 mg ofrecen una amplia gama de beneficios para quienes buscan alivio del dolor cr\u00f3nico, control de la ansiedad y la depresi\u00f3n, y para mejorar la concentraci\u00f3n y la productividad. Al comprender el uso adecuado y la dosis recomendada de estas pastillas, podr\u00e1 aprovechar su potencial para mejorar su bienestar general. Para explorar m\u00e1s sobre los beneficios de las pastillas de MDMA de 120 mg y obtener este medicamento, visite hoy mismo la mejor farmacia: buy-prescriptionz.com.<\/p>\n<p><strong>\u00bfC\u00f3mo utiliza la gente los cristales de MDMA en polvo?<\/strong><br \/>\nLos cristales de polvo de MDMA suelen tomarse en forma de c\u00e1psulas o tabletas, aunque algunos la tragan en forma l\u00edquida o esnifan el polvo. El apodo popular Molly (argot para \"molecular\") suele referirse a la forma de polvo cristalino supuestamente \"puro\" de la MDMA, que suele venderse en c\u00e1psulas. Sin embargo, las personas que compran el polvo o las c\u00e1psulas que se venden como Molly a menudo adquieren en su lugar otras drogas como las catinonas sint\u00e9ticas (\"sales de ba\u00f1o\") (v\u00e9ase \"Riesgo a\u00f1adido de la MDMA\").<\/p>\n<p>La MDMA aumenta la actividad de tres sustancias qu\u00edmicas del cerebro:<\/p>\n<p>Dopamina: provoca un aumento de la euforia y de la energ\u00eda\/actividad<br \/>\nNorepinefrina: aumenta el ritmo card\u00edaco y la presi\u00f3n arterial, lo que es especialmente arriesgado para las personas con problemas card\u00edacos y vasculares<br \/>\nSerotonina: afecta al estado de \u00e1nimo, el apetito, el sue\u00f1o y otras funciones. Tambi\u00e9n desencadena hormonas que afectan a la excitaci\u00f3n sexual y a la confianza. La liberaci\u00f3n de grandes cantidades de serotonina probablemente provoca la cercan\u00eda emocional, la elevaci\u00f3n del estado de \u00e1nimo y la empat\u00eda que sienten quienes consumen MDMA<\/p>\n<p>&nbsp;<\/p>","protected":false},"excerpt":{"rendered":"<p>&nbsp;<\/p>\n<p>&nbsp;<\/p>","protected":false},"featured_media":2965,"comment_status":"open","ping_status":"closed","template":"","meta":{"site-sidebar-layout":"default","site-content-layout":"","ast-site-content-layout":"default","site-content-style":"default","site-sidebar-style":"default","ast-global-header-display":"","ast-banner-title-visibility":"","ast-main-header-display":"","ast-hfb-above-header-display":"","ast-hfb-below-header-display":"","ast-hfb-mobile-header-display":"","site-post-title":"","ast-breadcrumbs-content":"","ast-featured-img":"","footer-sml-layout":"","theme-transparent-header-meta":"default","adv-header-id-meta":"","stick-header-meta":"","header-above-stick-meta":"","header-main-stick-meta":"","header-below-stick-meta":"","astra-migrate-meta-layouts":"set","ast-page-background-enabled":"default","ast-page-background-meta":{"desktop":{"background-color":"var(--ast-global-color-4)","background-image":"","background-repeat":"repeat","background-position":"center center","background-size":"auto","background-attachment":"scroll","background-type":"","background-media":"","overlay-type":"","overlay-color":"","overlay-opacity":"","overlay-gradient":""},"tablet":{"background-color":"","background-image":"","background-repeat":"repeat","background-position":"center center","background-size":"auto","background-attachment":"scroll","background-type":"","background-media":"","overlay-type":"","overlay-color":"","overlay-opacity":"","overlay-gradient":""},"mobile":{"background-color":"","background-image":"","background-repeat":"repeat","background-position":"center center","background-size":"auto","background-attachment":"scroll","background-type":"","background-media":"","overlay-type":"","overlay-color":"","overlay-opacity":"","overlay-gradient":""}},"ast-content-background-meta":{"desktop":{"background-color":"var(--ast-global-color-5)","background-image":"","background-repeat":"repeat","background-position":"center center","background-size":"auto","background-attachment":"scroll","background-type":"","background-media":"","overlay-type":"","overlay-color":"","overlay-opacity":"","overlay-gradient":""},"tablet":{"background-color":"var(--ast-global-color-5)","background-image":"","background-repeat":"repeat","background-position":"center center","background-size":"auto","background-attachment":"scroll","background-type":"","background-media":"","overlay-type":"","overlay-color":"","overlay-opacity":"","overlay-gradient":""},"mobile":{"background-color":"var(--ast-global-color-5)","background-image":"","background-repeat":"repeat","background-position":"center center","background-size":"auto","background-attachment":"scroll","background-type":"","background-media":"","overlay-type":"","overlay-color":"","overlay-opacity":"","overlay-gradient":""}}},"product_brand":[],"product_cat":[15],"product_tag":[2083,2084,2085,2002,2003,2001,1996,1999,1998,1997,2000,1995,2086,2087,2088,2089,2090,2091,1994,2092,2093,2094,2095,2096,2097,2098,2099,2100,2101,2102,2103,2104,2105,2106,2004,2107,2108,2109,2110,2111,2112],"class_list":{"0":"post-2935","1":"product","2":"type-product","3":"status-publish","4":"has-post-thumbnail","6":"product_cat-buy-prescription-drugs","7":"product_tag-100mg-mdma","8":"product_tag-1g-mdma","9":"product_tag-brown-molly-mdma","10":"product_tag-buy-mdma-in-canada","11":"product_tag-buy-mdma-in-uk","12":"product_tag-buy-mdma-in-usa","13":"product_tag-buy-mdma-with-bitcoin","14":"product_tag-buy-mdma-with-credit-card","15":"product_tag-buy-mdma-with-money-gram","16":"product_tag-buy-mdma-with-western-union","17":"product_tag-buy-mdma-without-a-doctor","18":"product_tag-buy-mdma-without-prescription","19":"product_tag-get-mdma-online","20":"product_tag-illegal-drugs-for-sale-online-mdma","21":"product_tag-mdma-100mg","22":"product_tag-mdma-1g","23":"product_tag-mdma-3-4-methylenedioxy-n-methylamphetamine","24":"product_tag-mdma-3g","25":"product_tag-mdma-for-sale","26":"product_tag-mdma-for-sale-online","27":"product_tag-mdma-for-sale-online-usa","28":"product_tag-mdma-for-sale-order-online","29":"product_tag-mdma-molly","30":"product_tag-mdma-molly-crystals","31":"product_tag-mdma-molly-for-sale","32":"product_tag-mdma-molly-powder","33":"product_tag-mdma-online-order","34":"product_tag-mdma-online-sale","35":"product_tag-mdma-online-sales","36":"product_tag-mdma-online-sales-vendors","37":"product_tag-mdma-online-shop","38":"product_tag-mdma-order-online","39":"product_tag-mdma-pics","40":"product_tag-mdma-pill","41":"product_tag-mdma-pills","42":"product_tag-mdma-sale","43":"product_tag-mdma-sales","44":"product_tag-molly-mdma-powder","45":"product_tag-online-mdma-sales","46":"product_tag-order-mdma-online","47":"product_tag-real-mdma-for-sale-online","48":"desktop-align-center","49":"tablet-align-left","50":"mobile-align-left","52":"first","53":"instock","54":"shipping-taxable","55":"purchasable","56":"product-type-variable","57":"has-default-attributes"},"yoast_head":"<!-- This site is optimized with the Yoast SEO plugin v25.9 - https:\/\/yoast.com\/wordpress\/plugins\/seo\/ -->\n<title>Buy 120 mg MDMA Pills Online,Methylenedioxymethamphetamine<\/title>\n<meta name=\"description\" content=\"Buy 120 mg MDMA Pills Online. Methylenedioxymethamphetamine is commonly known as ecstasy, a psychoactive drug used primarily as a recreational drug.\" \/>\n<meta name=\"robots\" content=\"index, follow, max-snippet:-1, max-image-preview:large, max-video-preview:-1\" \/>\n<link rel=\"canonical\" href=\"https:\/\/buy-prescriptionz.com\/es\/producto\/comprar-pastillas-de-mdma-de-120-mg\/\" \/>\n<meta property=\"og:locale\" content=\"es_ES\" \/>\n<meta property=\"og:type\" content=\"article\" \/>\n<meta property=\"og:title\" content=\"Buy 120 mg MDMA Pills Online,Methylenedioxymethamphetamine\" \/>\n<meta property=\"og:description\" content=\"Buy 120 mg MDMA Pills Online. Methylenedioxymethamphetamine is commonly known as ecstasy, a psychoactive drug used primarily as a recreational drug.\" \/>\n<meta property=\"og:url\" content=\"https:\/\/buy-prescriptionz.com\/es\/producto\/comprar-pastillas-de-mdma-de-120-mg\/\" \/>\n<meta property=\"og:site_name\" content=\"Buy Prescriptionz\" \/>\n<meta property=\"article:modified_time\" content=\"2025-09-19T13:30:58+00:00\" \/>\n<meta property=\"og:image\" content=\"https:\/\/buy-prescriptionz.com\/wp-content\/uploads\/2025\/09\/MDMA.jpg\" \/>\n\t<meta property=\"og:image:width\" content=\"1920\" \/>\n\t<meta property=\"og:image:height\" content=\"1080\" \/>\n\t<meta property=\"og:image:type\" content=\"image\/jpeg\" \/>\n<meta name=\"twitter:card\" content=\"summary_large_image\" \/>\n<meta name=\"twitter:label1\" content=\"Tiempo de lectura\" \/>\n\t<meta name=\"twitter:data1\" content=\"5 minutos\" \/>\n<script type=\"application\/ld+json\" class=\"yoast-schema-graph\">{\"@context\":\"https:\/\/schema.org\",\"@graph\":[{\"@type\":\"WebPage\",\"@id\":\"https:\/\/buy-prescriptionz.com\/product\/buy-120-mg-mdma-pills\/\",\"url\":\"https:\/\/buy-prescriptionz.com\/product\/buy-120-mg-mdma-pills\/\",\"name\":\"Buy 120 mg MDMA Pills Online,Methylenedioxymethamphetamine\",\"isPartOf\":{\"@id\":\"https:\/\/buy-prescriptionz.com\/#website\"},\"primaryImageOfPage\":{\"@id\":\"https:\/\/buy-prescriptionz.com\/product\/buy-120-mg-mdma-pills\/#primaryimage\"},\"image\":{\"@id\":\"https:\/\/buy-prescriptionz.com\/product\/buy-120-mg-mdma-pills\/#primaryimage\"},\"thumbnailUrl\":\"https:\/\/buy-prescriptionz.com\/wp-content\/uploads\/2025\/09\/MDMA.jpg\",\"datePublished\":\"2025-09-16T08:55:28+00:00\",\"dateModified\":\"2025-09-19T13:30:58+00:00\",\"description\":\"Buy 120 mg MDMA Pills Online. Methylenedioxymethamphetamine is commonly known as ecstasy, a psychoactive drug used primarily as a recreational drug.\",\"breadcrumb\":{\"@id\":\"https:\/\/buy-prescriptionz.com\/product\/buy-120-mg-mdma-pills\/#breadcrumb\"},\"inLanguage\":\"es\",\"potentialAction\":[{\"@type\":\"ReadAction\",\"target\":[\"https:\/\/buy-prescriptionz.com\/product\/buy-120-mg-mdma-pills\/\"]}]},{\"@type\":\"ImageObject\",\"inLanguage\":\"es\",\"@id\":\"https:\/\/buy-prescriptionz.com\/product\/buy-120-mg-mdma-pills\/#primaryimage\",\"url\":\"https:\/\/buy-prescriptionz.com\/wp-content\/uploads\/2025\/09\/MDMA.jpg\",\"contentUrl\":\"https:\/\/buy-prescriptionz.com\/wp-content\/uploads\/2025\/09\/MDMA.jpg\",\"width\":1920,\"height\":1080},{\"@type\":\"BreadcrumbList\",\"@id\":\"https:\/\/buy-prescriptionz.com\/product\/buy-120-mg-mdma-pills\/#breadcrumb\",\"itemListElement\":[{\"@type\":\"ListItem\",\"position\":1,\"name\":\"Home\",\"item\":\"https:\/\/buy-prescriptionz.com\/\"},{\"@type\":\"ListItem\",\"position\":2,\"name\":\"Shop Painkillers Online\",\"item\":\"https:\/\/buy-prescriptionz.com\/shop-painkillers-online\/\"},{\"@type\":\"ListItem\",\"position\":3,\"name\":\"Buy 120 mg MDMA Pills\"}]},{\"@type\":\"WebSite\",\"@id\":\"https:\/\/buy-prescriptionz.com\/#website\",\"url\":\"https:\/\/buy-prescriptionz.com\/\",\"name\":\"Buy Prescriptionz\",\"description\":\"Drugs Online\",\"publisher\":{\"@id\":\"https:\/\/buy-prescriptionz.com\/#organization\"},\"potentialAction\":[{\"@type\":\"SearchAction\",\"target\":{\"@type\":\"EntryPoint\",\"urlTemplate\":\"https:\/\/buy-prescriptionz.com\/?s={search_term_string}\"},\"query-input\":{\"@type\":\"PropertyValueSpecification\",\"valueRequired\":true,\"valueName\":\"search_term_string\"}}],\"inLanguage\":\"es\"},{\"@type\":\"Organization\",\"@id\":\"https:\/\/buy-prescriptionz.com\/#organization\",\"name\":\"Buy Prescriptionz\",\"url\":\"https:\/\/buy-prescriptionz.com\/\",\"logo\":{\"@type\":\"ImageObject\",\"inLanguage\":\"es\",\"@id\":\"https:\/\/buy-prescriptionz.com\/#\/schema\/logo\/image\/\",\"url\":\"https:\/\/buy-prescriptionz.com\/wp-content\/uploads\/2023\/09\/logo.png\",\"contentUrl\":\"https:\/\/buy-prescriptionz.com\/wp-content\/uploads\/2023\/09\/logo.png\",\"width\":350,\"height\":64,\"caption\":\"Buy Prescriptionz\"},\"image\":{\"@id\":\"https:\/\/buy-prescriptionz.com\/#\/schema\/logo\/image\/\"}}]}<\/script>\n<!-- \/ Yoast SEO plugin. -->","yoast_head_json":{"title":"Comprar 120 mg de pastillas de MDMA online,Metilendioximetanfetamina","description":"Comprar pastillas de MDMA de 120 mg en l\u00ednea. La metilendioximetanfetamina es com\u00fanmente conocida como \u00e9xtasis, una droga psicoactiva utilizada principalmente como droga recreativa.","robots":{"index":"index","follow":"follow","max-snippet":"max-snippet:-1","max-image-preview":"max-image-preview:large","max-video-preview":"max-video-preview:-1"},"canonical":"https:\/\/buy-prescriptionz.com\/es\/producto\/comprar-pastillas-de-mdma-de-120-mg\/","og_locale":"es_ES","og_type":"article","og_title":"Buy 120 mg MDMA Pills Online,Methylenedioxymethamphetamine","og_description":"Buy 120 mg MDMA Pills Online. Methylenedioxymethamphetamine is commonly known as ecstasy, a psychoactive drug used primarily as a recreational drug.","og_url":"https:\/\/buy-prescriptionz.com\/es\/producto\/comprar-pastillas-de-mdma-de-120-mg\/","og_site_name":"Buy Prescriptionz","article_modified_time":"2025-09-19T13:30:58+00:00","og_image":[{"width":1920,"height":1080,"url":"https:\/\/buy-prescriptionz.com\/wp-content\/uploads\/2025\/09\/MDMA.jpg","type":"image\/jpeg"}],"twitter_card":"summary_large_image","twitter_misc":{"Tiempo de lectura":"5 minutos"},"schema":{"@context":"https:\/\/schema.org","@graph":[{"@type":"WebPage","@id":"https:\/\/buy-prescriptionz.com\/product\/buy-120-mg-mdma-pills\/","url":"https:\/\/buy-prescriptionz.com\/product\/buy-120-mg-mdma-pills\/","name":"Comprar 120 mg de pastillas de MDMA online,Metilendioximetanfetamina","isPartOf":{"@id":"https:\/\/buy-prescriptionz.com\/#website"},"primaryImageOfPage":{"@id":"https:\/\/buy-prescriptionz.com\/product\/buy-120-mg-mdma-pills\/#primaryimage"},"image":{"@id":"https:\/\/buy-prescriptionz.com\/product\/buy-120-mg-mdma-pills\/#primaryimage"},"thumbnailUrl":"https:\/\/buy-prescriptionz.com\/wp-content\/uploads\/2025\/09\/MDMA.jpg","datePublished":"2025-09-16T08:55:28+00:00","dateModified":"2025-09-19T13:30:58+00:00","description":"Comprar pastillas de MDMA de 120 mg en l\u00ednea. La metilendioximetanfetamina es com\u00fanmente conocida como \u00e9xtasis, una droga psicoactiva utilizada principalmente como droga recreativa.","breadcrumb":{"@id":"https:\/\/buy-prescriptionz.com\/product\/buy-120-mg-mdma-pills\/#breadcrumb"},"inLanguage":"es","potentialAction":[{"@type":"ReadAction","target":["https:\/\/buy-prescriptionz.com\/product\/buy-120-mg-mdma-pills\/"]}]},{"@type":"ImageObject","inLanguage":"es","@id":"https:\/\/buy-prescriptionz.com\/product\/buy-120-mg-mdma-pills\/#primaryimage","url":"https:\/\/buy-prescriptionz.com\/wp-content\/uploads\/2025\/09\/MDMA.jpg","contentUrl":"https:\/\/buy-prescriptionz.com\/wp-content\/uploads\/2025\/09\/MDMA.jpg","width":1920,"height":1080},{"@type":"BreadcrumbList","@id":"https:\/\/buy-prescriptionz.com\/product\/buy-120-mg-mdma-pills\/#breadcrumb","itemListElement":[{"@type":"ListItem","position":1,"name":"Home","item":"https:\/\/buy-prescriptionz.com\/"},{"@type":"ListItem","position":2,"name":"Shop Painkillers Online","item":"https:\/\/buy-prescriptionz.com\/shop-painkillers-online\/"},{"@type":"ListItem","position":3,"name":"Buy 120 mg MDMA Pills"}]},{"@type":"WebSite","@id":"https:\/\/buy-prescriptionz.com\/#website","url":"https:\/\/buy-prescriptionz.com\/","name":"Buy Prescriptionz","description":"Medicamentos en l\u00ednea","publisher":{"@id":"https:\/\/buy-prescriptionz.com\/#organization"},"potentialAction":[{"@type":"SearchAction","target":{"@type":"EntryPoint","urlTemplate":"https:\/\/buy-prescriptionz.com\/?s={search_term_string}"},"query-input":{"@type":"PropertyValueSpecification","valueRequired":true,"valueName":"search_term_string"}}],"inLanguage":"es"},{"@type":"Organization","@id":"https:\/\/buy-prescriptionz.com\/#organization","name":"Buy Prescriptionz","url":"https:\/\/buy-prescriptionz.com\/","logo":{"@type":"ImageObject","inLanguage":"es","@id":"https:\/\/buy-prescriptionz.com\/#\/schema\/logo\/image\/","url":"https:\/\/buy-prescriptionz.com\/wp-content\/uploads\/2023\/09\/logo.png","contentUrl":"https:\/\/buy-prescriptionz.com\/wp-content\/uploads\/2023\/09\/logo.png","width":350,"height":64,"caption":"Buy Prescriptionz"},"image":{"@id":"https:\/\/buy-prescriptionz.com\/#\/schema\/logo\/image\/"}}]}},"_links":{"self":[{"href":"https:\/\/buy-prescriptionz.com\/es\/wp-json\/wp\/v2\/product\/2935","targetHints":{"allow":["GET"]}}],"collection":[{"href":"https:\/\/buy-prescriptionz.com\/es\/wp-json\/wp\/v2\/product"}],"about":[{"href":"https:\/\/buy-prescriptionz.com\/es\/wp-json\/wp\/v2\/types\/product"}],"replies":[{"embeddable":true,"href":"https:\/\/buy-prescriptionz.com\/es\/wp-json\/wp\/v2\/comments?post=2935"}],"wp:featuredmedia":[{"embeddable":true,"href":"https:\/\/buy-prescriptionz.com\/es\/wp-json\/wp\/v2\/media\/2965"}],"wp:attachment":[{"href":"https:\/\/buy-prescriptionz.com\/es\/wp-json\/wp\/v2\/media?parent=2935"}],"wp:term":[{"taxonomy":"product_brand","embeddable":true,"href":"https:\/\/buy-prescriptionz.com\/es\/wp-json\/wp\/v2\/product_brand?post=2935"},{"taxonomy":"product_cat","embeddable":true,"href":"https:\/\/buy-prescriptionz.com\/es\/wp-json\/wp\/v2\/product_cat?post=2935"},{"taxonomy":"product_tag","embeddable":true,"href":"https:\/\/buy-prescriptionz.com\/es\/wp-json\/wp\/v2\/product_tag?post=2935"}],"curies":[{"name":"wp","href":"https:\/\/api.w.org\/{rel}","templated":true}]}}