{"id":2942,"date":"2025-09-16T08:55:29","date_gmt":"2025-09-16T08:55:29","guid":{"rendered":"https:\/\/chemsfine.com\/newsite\/?post_type=product&#038;p=2942"},"modified":"2025-09-21T06:31:09","modified_gmt":"2025-09-21T06:31:09","slug":"comprar-daz-10-mg-en-linea","status":"publish","type":"product","link":"https:\/\/buy-prescriptionz.com\/es\/producto\/comprar-daz-10-mg-en-linea\/","title":{"rendered":"Comprar Daz 10mg en l\u00ednea"},"content":{"rendered":"<h2>Comprar Daz 10mg en l\u00ednea<\/h2>\n<p>BUY DAZ BUY DAZ, Las ventajas del diazepam son un r\u00e1pido inicio de acci\u00f3n y altos \u00edndices de eficacia, lo cual es importante para el manejo de las convulsiones agudas, los ataques de ansiedad y los ataques de p\u00e1nico; las benzodiacepinas tambi\u00e9n tienen una toxicidad relativamente baja en caso de sobredosis. El diazepam es un medicamento b\u00e1sico en la \"Lista de Medicamentos Esenciales\" de la Organizaci\u00f3n Mundial de la Salud, que es una lista ...<\/p>\n<h3>Daz 10 mg: una gu\u00eda completa<\/h3>\n<p>El mejor Daz 10 mg, tambi\u00e9n conocido como diazepam, es un medicamento ampliamente recetado, conocido por sus efectos calmantes sobre el cerebro y los nervios. Pertenece a la clase de las benzodiazepinas, que act\u00faan como tranquilizantes potenciando los efectos de ciertas sustancias qu\u00edmicas naturales del organismo.<\/p>\n<p><strong>Beneficios de Daz 10 mg:<\/strong><\/p>\n<ol>\n<li>Alivio de la ansiedad: Daz 10 mg se utiliza principalmente para tratar los trastornos de ansiedad, ayudando a las personas a controlar s\u00edntomas como la preocupaci\u00f3n excesiva, la tensi\u00f3n y la inquietud.<\/li>\n<li>Relajaci\u00f3n muscular: Tambi\u00e9n es eficaz para aliviar los espasmos y la rigidez muscular, por lo que es beneficioso para afecciones como lesiones musculares o espasticidad.<\/li>\n<li>Control de convulsiones: Daz 10 mg puede ayudar a prevenir y controlar ciertos tipos de convulsiones, brindando alivio a las personas con epilepsia.<\/li>\n<li>Tratamiento del insomnio: Debido a sus efectos calmantes, puede ayudar en el tratamiento del insomnio promoviendo la relajaci\u00f3n y mejorando la calidad del sue\u00f1o.<\/li>\n<\/ol>\n<p><strong>Uso y dosis:<\/strong><\/p>\n<ul>\n<li>Uso: Daz 10 mg debe administrarse por v\u00eda oral seg\u00fan lo prescrito por un profesional de la salud. Generalmente se toma de 2 a 4 veces al d\u00eda, con o sin alimentos, seg\u00fan la afecci\u00f3n a tratar.<\/li>\n<li>Dosis: La dosis var\u00eda seg\u00fan las necesidades de salud y la condici\u00f3n m\u00e9dica de cada persona. Es fundamental seguir la dosis prescrita y no excederla sin consultar a un m\u00e9dico.<\/li>\n<\/ul>\n<p>Daz 10 mg (Diazepam) es un medicamento vers\u00e1til conocido por su eficacia en el tratamiento de la ansiedad, los espasmos musculares, las convulsiones y el insomnio. Proporciona el alivio necesario a quienes padecen estas afecciones, ayud\u00e1ndoles a recuperar el control de su vida diaria. Para adquirir Daz 10 mg y otros productos farmac\u00e9uticos de forma segura y c\u00f3moda, consulte la mejor farmacia. <a href=\"https:\/\/buy-prescriptionz.com\/es\/\">buy-prescriptionz.com<\/a>Su servicio confiable garantiza el acceso a medicamentos de calidad con la comodidad de realizar pedidos en l\u00ednea.<\/p>\n<h3>DAZ 10MG<\/h3>\n<p>El diazepam, comercializado inicialmente como Valium por Hoffmann-La Roche, es una benzodiazepina. En Australia tambi\u00e9n se comercializa como Antenex. Se utiliza com\u00fanmente para tratar la ansiedad, el insomnio, las convulsiones, incluido el estado epil\u00e9ptico, los espasmos musculares (como los del t\u00e9tanos), el s\u00edndrome de piernas inquietas, la abstinencia alcoh\u00f3lica, la abstinencia de benzodiazepinas y la enfermedad de M\u00e9ni\u00e8re. Tambi\u00e9n puede utilizarse antes de ciertos procedimientos m\u00e9dicos (como endoscopias) para reducir la tensi\u00f3n y la ansiedad, y en algunos procedimientos quir\u00fargicos para inducir amnesia. Posee propiedades ansiol\u00edticas, anticonvulsivas, hipn\u00f3ticas, sedantes, relajantes del m\u00fasculo esquel\u00e9tico y amn\u00e9sicas. La acci\u00f3n farmacol\u00f3gica del diazepam potencia el efecto del neurotransmisor GABA al unirse al sitio de la benzodiazepina en el receptor GABAA (a trav\u00e9s del \u00e1tomo de cloro), lo que provoca depresi\u00f3n del sistema nervioso central.<\/p>\n<p>Los efectos adversos del diazepam incluyen amnesia anter\u00f3grada (especialmente a dosis altas) y sedaci\u00f3n, as\u00ed como efectos parad\u00f3jicos como excitaci\u00f3n, ira o empeoramiento de las convulsiones en epil\u00e9pticos. Las benzodiazepinas tambi\u00e9n pueden causar o agravar la depresi\u00f3n. Los efectos a largo plazo de las benzodiazepinas, como el diazepam, incluyen tolerancia, dependencia y s\u00edndrome de abstinencia tras la reducci\u00f3n de la dosis. Adem\u00e1s, tras la interrupci\u00f3n del tratamiento con benzodiazepinas, los d\u00e9ficits cognitivos pueden persistir durante al menos seis meses y no normalizarse por completo; sin embargo, se ha sugerido que podr\u00edan necesitarse m\u00e1s de seis meses para la recuperaci\u00f3n de algunos d\u00e9ficits. El diazepam tambi\u00e9n tiene potencial de dependencia f\u00edsica y puede causar graves problemas de dependencia f\u00edsica con el uso prolongado. Sin embargo, en comparaci\u00f3n con otras benzodiazepinas, la abstinencia f\u00edsica del diazepam tras el uso prolongado suele ser mucho m\u00e1s leve debido a su larga vida media de eliminaci\u00f3n. No obstante, se ha recomendado que los gobiernos nacionales tomen medidas urgentes para mejorar las pr\u00e1cticas de prescripci\u00f3n.<\/p>\n<p class=\"p1\"><span class=\"s1\">Comprar analg\u00e9sicos baratos online, Lortab comprar online, pedir analg\u00e9sicos online, pedir analg\u00e9sicos online. Comprar analg\u00e9sicos online sin receta,<\/span> MEJOR OFERTA COMPRAR DAZ 10MG, COMPRAR DAZ 10MG BARATO EN L\u00cdNEA, C\u00d3MO COMPRAR COMPRAR DAZ 10MG EN L\u00cdNEA, PRECIO COMPRAR DAZ 10MG, PROVEEDORES DE CALIDAD COMPRAR DAZ 10MG EN L\u00cdNEA<\/p>","protected":false},"excerpt":{"rendered":"<p>Buy Daz 10mg Online BUY DAZ, Advantages of diazepam are a rapid onset of action and high efficacy rates which is important for managing acute seizures, anxiety attacks, and panic attacks; benzodiazepines also have a relatively low toxicity in overdose. Diazepam is a core medicine in the World Health Organization\u2019s \u201cEssential Drugs List\u201d, which is [&hellip;]<\/p>","protected":false},"featured_media":2972,"comment_status":"open","ping_status":"closed","template":"","meta":{"site-sidebar-layout":"default","site-content-layout":"","ast-site-content-layout":"default","site-content-style":"default","site-sidebar-style":"default","ast-global-header-display":"","ast-banner-title-visibility":"","ast-main-header-display":"","ast-hfb-above-header-display":"","ast-hfb-below-header-display":"","ast-hfb-mobile-header-display":"","site-post-title":"","ast-breadcrumbs-content":"","ast-featured-img":"","footer-sml-layout":"","theme-transparent-header-meta":"default","adv-header-id-meta":"","stick-header-meta":"","header-above-stick-meta":"","header-main-stick-meta":"","header-below-stick-meta":"","astra-migrate-meta-layouts":"set","ast-page-background-enabled":"default","ast-page-background-meta":{"desktop":{"background-color":"var(--ast-global-color-4)","background-image":"","background-repeat":"repeat","background-position":"center center","background-size":"auto","background-attachment":"scroll","background-type":"","background-media":"","overlay-type":"","overlay-color":"","overlay-opacity":"","overlay-gradient":""},"tablet":{"background-color":"","background-image":"","background-repeat":"repeat","background-position":"center center","background-size":"auto","background-attachment":"scroll","background-type":"","background-media":"","overlay-type":"","overlay-color":"","overlay-opacity":"","overlay-gradient":""},"mobile":{"background-color":"","background-image":"","background-repeat":"repeat","background-position":"center center","background-size":"auto","background-attachment":"scroll","background-type":"","background-media":"","overlay-type":"","overlay-color":"","overlay-opacity":"","overlay-gradient":""}},"ast-content-background-meta":{"desktop":{"background-color":"var(--ast-global-color-5)","background-image":"","background-repeat":"repeat","background-position":"center center","background-size":"auto","background-attachment":"scroll","background-type":"","background-media":"","overlay-type":"","overlay-color":"","overlay-opacity":"","overlay-gradient":""},"tablet":{"background-color":"var(--ast-global-color-5)","background-image":"","background-repeat":"repeat","background-position":"center center","background-size":"auto","background-attachment":"scroll","background-type":"","background-media":"","overlay-type":"","overlay-color":"","overlay-opacity":"","overlay-gradient":""},"mobile":{"background-color":"var(--ast-global-color-5)","background-image":"","background-repeat":"repeat","background-position":"center center","background-size":"auto","background-attachment":"scroll","background-type":"","background-media":"","overlay-type":"","overlay-color":"","overlay-opacity":"","overlay-gradient":""}}},"product_brand":[],"product_cat":[15],"product_tag":[1925,1926,1924,1919,1922,1921,1920,1923,1918,1917,1927],"class_list":{"0":"post-2942","1":"product","2":"type-product","3":"status-publish","4":"has-post-thumbnail","6":"product_cat-buy-prescription-drugs","7":"product_tag-buy-daz-10mg-in-canada","8":"product_tag-buy-daz-10mg-in-uk","9":"product_tag-buy-daz-10mg-in-usa","10":"product_tag-buy-daz-10mg-with-bitcoin","11":"product_tag-buy-daz-10mg-with-credit-card","12":"product_tag-buy-daz-10mg-with-money-gram","13":"product_tag-buy-daz-10mg-with-western-union","14":"product_tag-buy-daz-10mg-without-a-doctor","15":"product_tag-buy-daz-10mg-without-prescription","16":"product_tag-daz-10mg-for-sale","17":"product_tag-daz-10mg-tablets","18":"desktop-align-center","19":"tablet-align-left","20":"mobile-align-left","22":"first","23":"instock","24":"shipping-taxable","25":"purchasable","26":"product-type-variable","27":"has-default-attributes"},"yoast_head":"<!-- This site is optimized with the Yoast SEO plugin v25.9 - https:\/\/yoast.com\/wordpress\/plugins\/seo\/ -->\n<title>Buy Daz 10mg Online - Buy Prescriptionz How to Buy DAZ 10MG Online<\/title>\n<meta name=\"description\" content=\"If you want to cure acute seizures, anxiety attacks, and panic attacks, then you need to buy DAZ 10MG online from us. We have the best offer on buying DAZ 10MG.\" \/>\n<meta name=\"robots\" content=\"index, follow, max-snippet:-1, max-image-preview:large, max-video-preview:-1\" \/>\n<link rel=\"canonical\" href=\"https:\/\/buy-prescriptionz.com\/es\/producto\/comprar-daz-10-mg-en-linea\/\" \/>\n<meta property=\"og:locale\" content=\"es_ES\" \/>\n<meta property=\"og:type\" content=\"article\" \/>\n<meta property=\"og:title\" content=\"Buy Daz 10mg Online - Buy Prescriptionz How to Buy DAZ 10MG Online\" \/>\n<meta property=\"og:description\" content=\"If you want to cure acute seizures, anxiety attacks, and panic attacks, then you need to buy DAZ 10MG online from us. We have the best offer on buying DAZ 10MG.\" \/>\n<meta property=\"og:url\" content=\"https:\/\/buy-prescriptionz.com\/es\/producto\/comprar-daz-10-mg-en-linea\/\" \/>\n<meta property=\"og:site_name\" content=\"Buy Prescriptionz\" \/>\n<meta property=\"article:modified_time\" content=\"2025-09-21T06:31:09+00:00\" \/>\n<meta property=\"og:image\" content=\"https:\/\/buy-prescriptionz.com\/wp-content\/uploads\/2025\/09\/DAZ-10MG-600x450-1.jpg\" \/>\n\t<meta property=\"og:image:width\" content=\"600\" \/>\n\t<meta property=\"og:image:height\" content=\"450\" \/>\n\t<meta property=\"og:image:type\" content=\"image\/jpeg\" \/>\n<meta name=\"twitter:card\" content=\"summary_large_image\" \/>\n<meta name=\"twitter:label1\" content=\"Tiempo de lectura\" \/>\n\t<meta name=\"twitter:data1\" content=\"4 minutos\" \/>\n<script type=\"application\/ld+json\" class=\"yoast-schema-graph\">{\"@context\":\"https:\/\/schema.org\",\"@graph\":[{\"@type\":\"WebPage\",\"@id\":\"https:\/\/buy-prescriptionz.com\/product\/buy-daz-10mg-online\/\",\"url\":\"https:\/\/buy-prescriptionz.com\/product\/buy-daz-10mg-online\/\",\"name\":\"Buy Daz 10mg Online - Buy Prescriptionz How to Buy DAZ 10MG Online\",\"isPartOf\":{\"@id\":\"https:\/\/buy-prescriptionz.com\/#website\"},\"primaryImageOfPage\":{\"@id\":\"https:\/\/buy-prescriptionz.com\/product\/buy-daz-10mg-online\/#primaryimage\"},\"image\":{\"@id\":\"https:\/\/buy-prescriptionz.com\/product\/buy-daz-10mg-online\/#primaryimage\"},\"thumbnailUrl\":\"https:\/\/buy-prescriptionz.com\/wp-content\/uploads\/2025\/09\/DAZ-10MG-600x450-1.jpg\",\"datePublished\":\"2025-09-16T08:55:29+00:00\",\"dateModified\":\"2025-09-21T06:31:09+00:00\",\"description\":\"If you want to cure acute seizures, anxiety attacks, and panic attacks, then you need to buy DAZ 10MG online from us. We have the best offer on buying DAZ 10MG.\",\"breadcrumb\":{\"@id\":\"https:\/\/buy-prescriptionz.com\/product\/buy-daz-10mg-online\/#breadcrumb\"},\"inLanguage\":\"es\",\"potentialAction\":[{\"@type\":\"ReadAction\",\"target\":[\"https:\/\/buy-prescriptionz.com\/product\/buy-daz-10mg-online\/\"]}]},{\"@type\":\"ImageObject\",\"inLanguage\":\"es\",\"@id\":\"https:\/\/buy-prescriptionz.com\/product\/buy-daz-10mg-online\/#primaryimage\",\"url\":\"https:\/\/buy-prescriptionz.com\/wp-content\/uploads\/2025\/09\/DAZ-10MG-600x450-1.jpg\",\"contentUrl\":\"https:\/\/buy-prescriptionz.com\/wp-content\/uploads\/2025\/09\/DAZ-10MG-600x450-1.jpg\",\"width\":600,\"height\":450},{\"@type\":\"BreadcrumbList\",\"@id\":\"https:\/\/buy-prescriptionz.com\/product\/buy-daz-10mg-online\/#breadcrumb\",\"itemListElement\":[{\"@type\":\"ListItem\",\"position\":1,\"name\":\"Home\",\"item\":\"https:\/\/buy-prescriptionz.com\/\"},{\"@type\":\"ListItem\",\"position\":2,\"name\":\"Shop Painkillers Online\",\"item\":\"https:\/\/buy-prescriptionz.com\/shop-painkillers-online\/\"},{\"@type\":\"ListItem\",\"position\":3,\"name\":\"Buy Daz 10mg Online\"}]},{\"@type\":\"WebSite\",\"@id\":\"https:\/\/buy-prescriptionz.com\/#website\",\"url\":\"https:\/\/buy-prescriptionz.com\/\",\"name\":\"Buy Prescriptionz\",\"description\":\"Drugs Online\",\"publisher\":{\"@id\":\"https:\/\/buy-prescriptionz.com\/#organization\"},\"potentialAction\":[{\"@type\":\"SearchAction\",\"target\":{\"@type\":\"EntryPoint\",\"urlTemplate\":\"https:\/\/buy-prescriptionz.com\/?s={search_term_string}\"},\"query-input\":{\"@type\":\"PropertyValueSpecification\",\"valueRequired\":true,\"valueName\":\"search_term_string\"}}],\"inLanguage\":\"es\"},{\"@type\":\"Organization\",\"@id\":\"https:\/\/buy-prescriptionz.com\/#organization\",\"name\":\"Buy Prescriptionz\",\"url\":\"https:\/\/buy-prescriptionz.com\/\",\"logo\":{\"@type\":\"ImageObject\",\"inLanguage\":\"es\",\"@id\":\"https:\/\/buy-prescriptionz.com\/#\/schema\/logo\/image\/\",\"url\":\"https:\/\/buy-prescriptionz.com\/wp-content\/uploads\/2023\/09\/logo.png\",\"contentUrl\":\"https:\/\/buy-prescriptionz.com\/wp-content\/uploads\/2023\/09\/logo.png\",\"width\":350,\"height\":64,\"caption\":\"Buy Prescriptionz\"},\"image\":{\"@id\":\"https:\/\/buy-prescriptionz.com\/#\/schema\/logo\/image\/\"}}]}<\/script>\n<!-- \/ Yoast SEO plugin. -->","yoast_head_json":{"title":"Comprar Daz 10 mg en l\u00ednea - Comprar con receta C\u00f3mo comprar Daz 10 mg en l\u00ednea","description":"Si desea aliviar convulsiones agudas, ataques de ansiedad y ataques de p\u00e1nico, compre DAZ 10 mg en l\u00ednea con nosotros. Tenemos la mejor oferta.","robots":{"index":"index","follow":"follow","max-snippet":"max-snippet:-1","max-image-preview":"max-image-preview:large","max-video-preview":"max-video-preview:-1"},"canonical":"https:\/\/buy-prescriptionz.com\/es\/producto\/comprar-daz-10-mg-en-linea\/","og_locale":"es_ES","og_type":"article","og_title":"Buy Daz 10mg Online - Buy Prescriptionz How to Buy DAZ 10MG Online","og_description":"If you want to cure acute seizures, anxiety attacks, and panic attacks, then you need to buy DAZ 10MG online from us. We have the best offer on buying DAZ 10MG.","og_url":"https:\/\/buy-prescriptionz.com\/es\/producto\/comprar-daz-10-mg-en-linea\/","og_site_name":"Buy Prescriptionz","article_modified_time":"2025-09-21T06:31:09+00:00","og_image":[{"width":600,"height":450,"url":"https:\/\/buy-prescriptionz.com\/wp-content\/uploads\/2025\/09\/DAZ-10MG-600x450-1.jpg","type":"image\/jpeg"}],"twitter_card":"summary_large_image","twitter_misc":{"Tiempo de lectura":"4 minutos"},"schema":{"@context":"https:\/\/schema.org","@graph":[{"@type":"WebPage","@id":"https:\/\/buy-prescriptionz.com\/product\/buy-daz-10mg-online\/","url":"https:\/\/buy-prescriptionz.com\/product\/buy-daz-10mg-online\/","name":"Comprar Daz 10 mg en l\u00ednea - Comprar con receta C\u00f3mo comprar Daz 10 mg en l\u00ednea","isPartOf":{"@id":"https:\/\/buy-prescriptionz.com\/#website"},"primaryImageOfPage":{"@id":"https:\/\/buy-prescriptionz.com\/product\/buy-daz-10mg-online\/#primaryimage"},"image":{"@id":"https:\/\/buy-prescriptionz.com\/product\/buy-daz-10mg-online\/#primaryimage"},"thumbnailUrl":"https:\/\/buy-prescriptionz.com\/wp-content\/uploads\/2025\/09\/DAZ-10MG-600x450-1.jpg","datePublished":"2025-09-16T08:55:29+00:00","dateModified":"2025-09-21T06:31:09+00:00","description":"Si desea aliviar convulsiones agudas, ataques de ansiedad y ataques de p\u00e1nico, compre DAZ 10 mg en l\u00ednea con nosotros. Tenemos la mejor oferta.","breadcrumb":{"@id":"https:\/\/buy-prescriptionz.com\/product\/buy-daz-10mg-online\/#breadcrumb"},"inLanguage":"es","potentialAction":[{"@type":"ReadAction","target":["https:\/\/buy-prescriptionz.com\/product\/buy-daz-10mg-online\/"]}]},{"@type":"ImageObject","inLanguage":"es","@id":"https:\/\/buy-prescriptionz.com\/product\/buy-daz-10mg-online\/#primaryimage","url":"https:\/\/buy-prescriptionz.com\/wp-content\/uploads\/2025\/09\/DAZ-10MG-600x450-1.jpg","contentUrl":"https:\/\/buy-prescriptionz.com\/wp-content\/uploads\/2025\/09\/DAZ-10MG-600x450-1.jpg","width":600,"height":450},{"@type":"BreadcrumbList","@id":"https:\/\/buy-prescriptionz.com\/product\/buy-daz-10mg-online\/#breadcrumb","itemListElement":[{"@type":"ListItem","position":1,"name":"Home","item":"https:\/\/buy-prescriptionz.com\/"},{"@type":"ListItem","position":2,"name":"Shop Painkillers Online","item":"https:\/\/buy-prescriptionz.com\/shop-painkillers-online\/"},{"@type":"ListItem","position":3,"name":"Buy Daz 10mg Online"}]},{"@type":"WebSite","@id":"https:\/\/buy-prescriptionz.com\/#website","url":"https:\/\/buy-prescriptionz.com\/","name":"Buy Prescriptionz","description":"Medicamentos en l\u00ednea","publisher":{"@id":"https:\/\/buy-prescriptionz.com\/#organization"},"potentialAction":[{"@type":"SearchAction","target":{"@type":"EntryPoint","urlTemplate":"https:\/\/buy-prescriptionz.com\/?s={search_term_string}"},"query-input":{"@type":"PropertyValueSpecification","valueRequired":true,"valueName":"search_term_string"}}],"inLanguage":"es"},{"@type":"Organization","@id":"https:\/\/buy-prescriptionz.com\/#organization","name":"Buy Prescriptionz","url":"https:\/\/buy-prescriptionz.com\/","logo":{"@type":"ImageObject","inLanguage":"es","@id":"https:\/\/buy-prescriptionz.com\/#\/schema\/logo\/image\/","url":"https:\/\/buy-prescriptionz.com\/wp-content\/uploads\/2023\/09\/logo.png","contentUrl":"https:\/\/buy-prescriptionz.com\/wp-content\/uploads\/2023\/09\/logo.png","width":350,"height":64,"caption":"Buy Prescriptionz"},"image":{"@id":"https:\/\/buy-prescriptionz.com\/#\/schema\/logo\/image\/"}}]}},"_links":{"self":[{"href":"https:\/\/buy-prescriptionz.com\/es\/wp-json\/wp\/v2\/product\/2942","targetHints":{"allow":["GET"]}}],"collection":[{"href":"https:\/\/buy-prescriptionz.com\/es\/wp-json\/wp\/v2\/product"}],"about":[{"href":"https:\/\/buy-prescriptionz.com\/es\/wp-json\/wp\/v2\/types\/product"}],"replies":[{"embeddable":true,"href":"https:\/\/buy-prescriptionz.com\/es\/wp-json\/wp\/v2\/comments?post=2942"}],"wp:featuredmedia":[{"embeddable":true,"href":"https:\/\/buy-prescriptionz.com\/es\/wp-json\/wp\/v2\/media\/2972"}],"wp:attachment":[{"href":"https:\/\/buy-prescriptionz.com\/es\/wp-json\/wp\/v2\/media?parent=2942"}],"wp:term":[{"taxonomy":"product_brand","embeddable":true,"href":"https:\/\/buy-prescriptionz.com\/es\/wp-json\/wp\/v2\/product_brand?post=2942"},{"taxonomy":"product_cat","embeddable":true,"href":"https:\/\/buy-prescriptionz.com\/es\/wp-json\/wp\/v2\/product_cat?post=2942"},{"taxonomy":"product_tag","embeddable":true,"href":"https:\/\/buy-prescriptionz.com\/es\/wp-json\/wp\/v2\/product_tag?post=2942"}],"curies":[{"name":"wp","href":"https:\/\/api.w.org\/{rel}","templated":true}]}}