{"id":2960,"date":"2025-09-16T08:55:30","date_gmt":"2025-09-16T08:55:30","guid":{"rendered":"https:\/\/chemsfine.com\/newsite\/?post_type=product&#038;p=2960"},"modified":"2025-09-23T06:55:21","modified_gmt":"2025-09-23T06:55:21","slug":"comprar-lorazepam-en-linea","status":"publish","type":"product","link":"https:\/\/buy-prescriptionz.com\/es\/producto\/comprar-lorazepam-en-linea\/","title":{"rendered":"Comprar Lorazepam Online"},"content":{"rendered":"<h2>COMPRAR LORAZEPAM ONLINE<\/h2>\n<h3>\u00bfPor qu\u00e9 deber\u00eda comprar Lorazepam online?<\/h3>\n<p>Compre Ativan en l\u00ednea. El lorazepam pertenece a la clase de medicamentos llamados benzodiazepinas. El lorazepam se puede usar para el alivio a corto plazo de los s\u00edntomas de ansiedad intensa. Disminuye la comunicaci\u00f3n entre los nervios del cerebro. Algunas personas han experimentado una mejora considerable de la ansiedad, que dura aproximadamente media hora despu\u00e9s de tomarlo. Para convulsiones prolongadas, se puede usar lorazepam inyectable como tratamiento inicial. Con lorazepam, la somnolencia, la ansiedad y las convulsiones se pueden tratar r\u00e1pidamente. Este medicamento est\u00e1 disponible f\u00e1cilmente en l\u00ednea. La respuesta tambi\u00e9n es inmediata despu\u00e9s de su uso, lo que puede causar una mejor\u00eda en el estado de salud.<\/p>\n<h3>\u00bfQU\u00c9 PRECAUCIONES HAY QUE TOMAR MIENTRAS SE TOMA LORAZEPAM?<\/h3>\n<p>Si padece problemas respiratorios, disfunci\u00f3n pulmonar o renal, cardiopat\u00edas, trastornos del sue\u00f1o o impotencia, el lorazepam puede reaccionar con estas afecciones. Las mujeres que deseen quedar embarazadas o que est\u00e9n embarazadas no deben tomar esta tableta o deben consultar a un m\u00e9dico antes de tomarlo. Compre Ativan en l\u00ednea.<\/p>\n<h3>\u00bfQU\u00c9 OCURRE SI SE PRODUCE UNA SOBREDOSIS O SE DEJA DE TOMAR EL LORAZEPAM?<\/h3>\n<p>Si se olvida una dosis de Lorazepam, se puede tomar el comprimido en ese momento, pero no se debe tomar la dosis doble, si hay tiempo para la siguiente dosis.<br \/>\nEl lorazepam puede ser susceptible de ser abusado y es por esta raz\u00f3n que hay muchas posibilidades de sobredosis. Es por esto que uno debe tomar la ayuda de emergencia sobre una base inmediata.<\/p>\n<h3>\u00bfD\u00d3NDE SE PUEDE COMPRAR LORAZEPAM EN L\u00cdNEA?<\/h3>\n<p>Si necesita Lorazepam, puede comprarlo al mejor precio en buy-prescriptionz.com.<\/p>\n<h3>Descripci\u00f3n general y beneficios del lorazepam<\/h3>\n<p>El mejor lorazepam es un medicamento de la clase de las benzodiazepinas, ampliamente utilizado por sus efectos calmantes y sedantes. Se prescribe principalmente para el tratamiento de trastornos de ansiedad, insomnio y convulsiones. Al potenciar los efectos de una sustancia qu\u00edmica natural del cuerpo llamada GABA, el lorazepam ayuda a reducir la ansiedad e inducir la relajaci\u00f3n.<\/p>\n<h3>Tratamiento de los trastornos de ansiedad<\/h3>\n<p>Otro beneficio significativo del clonazepam es su eficacia en el tratamiento de los trastornos de ansiedad. Proporciona un alivio r\u00e1pido de s\u00edntomas como la preocupaci\u00f3n excesiva, la inquietud y la tensi\u00f3n. Su efecto calmante puede ayudar a las personas a sentirse m\u00e1s relajadas y menos ansiosas, lo cual es especialmente beneficioso para quienes padecen ansiedad cr\u00f3nica.<\/p>\n<h3>Manejo del insomnio<\/h3>\n<p>El lorazepam tambi\u00e9n se receta com\u00fanmente para tratar el insomnio, especialmente cuando se asocia con ansiedad. Sus propiedades sedantes ayudan a conciliar el sue\u00f1o m\u00e1s r\u00e1pido y a permanecer dormido durante m\u00e1s tiempo, lo que resulta en un sue\u00f1o m\u00e1s reparador y reparador. Esto es especialmente beneficioso para quienes tienen dificultad para dormir debido al estr\u00e9s o la ansiedad.<\/p>\n<h3>Control de las convulsiones<\/h3>\n<p>Adem\u00e1s de tratar la ansiedad y el insomnio, el lorazepam se utiliza para controlar las convulsiones. Puede ayudar a controlarlas y prevenirlas al calmar la actividad cerebral anormal. Esto lo convierte en un medicamento importante para personas con epilepsia u otras afecciones relacionadas con las convulsiones.<\/p>\n<p>El lorazepam es un potente medicamento que se usa para tratar la ansiedad, el insomnio y las convulsiones, mejorando la salud mental y f\u00edsica. Ofrece una variedad de beneficios que pueden mejorar considerablemente su calidad de vida. Para comprar lorazepam, visite la mejor farmacia buy-prescriptionz.com. Ofrecen una variedad de medicamentos con receta disponibles para comprar en l\u00ednea.<\/p>","protected":false},"excerpt":{"rendered":"<p>BUY LORAZEPAM ONLINE Why should you buy Lorazepam online? Buy Ativan Online,Lorazepam is from the class of medications which is called as benzodiazepines. Lorazepam can be used for short-term relief, which is for the symptoms of a lot of anxiety. It slows down the communication between the nerves of the brain. Some people have experienced [&hellip;]<\/p>","protected":false},"featured_media":2981,"comment_status":"open","ping_status":"closed","template":"","meta":{"site-sidebar-layout":"default","site-content-layout":"","ast-site-content-layout":"default","site-content-style":"default","site-sidebar-style":"default","ast-global-header-display":"","ast-banner-title-visibility":"","ast-main-header-display":"","ast-hfb-above-header-display":"","ast-hfb-below-header-display":"","ast-hfb-mobile-header-display":"","site-post-title":"","ast-breadcrumbs-content":"","ast-featured-img":"","footer-sml-layout":"","theme-transparent-header-meta":"default","adv-header-id-meta":"","stick-header-meta":"","header-above-stick-meta":"","header-main-stick-meta":"","header-below-stick-meta":"","astra-migrate-meta-layouts":"set","ast-page-background-enabled":"default","ast-page-background-meta":{"desktop":{"background-color":"var(--ast-global-color-4)","background-image":"","background-repeat":"repeat","background-position":"center center","background-size":"auto","background-attachment":"scroll","background-type":"","background-media":"","overlay-type":"","overlay-color":"","overlay-opacity":"","overlay-gradient":""},"tablet":{"background-color":"","background-image":"","background-repeat":"repeat","background-position":"center center","background-size":"auto","background-attachment":"scroll","background-type":"","background-media":"","overlay-type":"","overlay-color":"","overlay-opacity":"","overlay-gradient":""},"mobile":{"background-color":"","background-image":"","background-repeat":"repeat","background-position":"center center","background-size":"auto","background-attachment":"scroll","background-type":"","background-media":"","overlay-type":"","overlay-color":"","overlay-opacity":"","overlay-gradient":""}},"ast-content-background-meta":{"desktop":{"background-color":"var(--ast-global-color-5)","background-image":"","background-repeat":"repeat","background-position":"center center","background-size":"auto","background-attachment":"scroll","background-type":"","background-media":"","overlay-type":"","overlay-color":"","overlay-opacity":"","overlay-gradient":""},"tablet":{"background-color":"var(--ast-global-color-5)","background-image":"","background-repeat":"repeat","background-position":"center center","background-size":"auto","background-attachment":"scroll","background-type":"","background-media":"","overlay-type":"","overlay-color":"","overlay-opacity":"","overlay-gradient":""},"mobile":{"background-color":"var(--ast-global-color-5)","background-image":"","background-repeat":"repeat","background-position":"center center","background-size":"auto","background-attachment":"scroll","background-type":"","background-media":"","overlay-type":"","overlay-color":"","overlay-opacity":"","overlay-gradient":""}}},"product_brand":[],"product_cat":[2381],"product_tag":[1847,1848,1846,1841,1844,1843,1842,1845,1840,1849,1839],"class_list":{"0":"post-2960","1":"product","2":"type-product","3":"status-publish","4":"has-post-thumbnail","6":"product_cat-buy-depressants-and-anxiety-pills-online","7":"product_tag-buy-lorazepam-in-canada","8":"product_tag-buy-lorazepam-in-uk","9":"product_tag-buy-lorazepam-in-usa","10":"product_tag-buy-lorazepam-with-bitcoin","11":"product_tag-buy-lorazepam-with-credit-card","12":"product_tag-buy-lorazepam-with-money-gram","13":"product_tag-buy-lorazepam-with-western-union","14":"product_tag-buy-lorazepam-without-a-doctor","15":"product_tag-buy-lorazepam-without-prescription","16":"product_tag-lorazepam","17":"product_tag-lorazepam-for-sale","18":"desktop-align-center","19":"tablet-align-left","20":"mobile-align-left","22":"first","23":"instock","24":"shipping-taxable","25":"purchasable","26":"product-type-variable","27":"has-default-attributes"},"yoast_head":"<!-- This site is optimized with the Yoast SEO plugin v25.9 - https:\/\/yoast.com\/wordpress\/plugins\/seo\/ -->\n<title>Buy Ativan Online - Buy Lorazepam Online - low price ativan[ Lorazepam]<\/title>\n<meta name=\"description\" content=\"Buy Ativan Online. Besides, Ativan also know as Lorazepam . Additionally, Buy lorazepam online Try not to take this drug to much . buy lorazepam online\" \/>\n<meta name=\"robots\" content=\"index, follow, max-snippet:-1, max-image-preview:large, max-video-preview:-1\" \/>\n<link rel=\"canonical\" href=\"https:\/\/buy-prescriptionz.com\/es\/producto\/comprar-lorazepam-en-linea\/\" \/>\n<meta property=\"og:locale\" content=\"es_ES\" \/>\n<meta property=\"og:type\" content=\"article\" \/>\n<meta property=\"og:title\" content=\"Buy Ativan Online - Buy Lorazepam Online - low price ativan[ Lorazepam]\" \/>\n<meta property=\"og:description\" content=\"Buy Ativan Online. Besides, Ativan also know as Lorazepam . Additionally, Buy lorazepam online Try not to take this drug to much . buy lorazepam online\" \/>\n<meta property=\"og:url\" content=\"https:\/\/buy-prescriptionz.com\/es\/producto\/comprar-lorazepam-en-linea\/\" \/>\n<meta property=\"og:site_name\" content=\"Buy Prescriptionz\" \/>\n<meta property=\"article:modified_time\" content=\"2025-09-23T06:55:21+00:00\" \/>\n<meta property=\"og:image\" content=\"https:\/\/buy-prescriptionz.com\/wp-content\/uploads\/2025\/09\/lorazepam.jpg\" \/>\n\t<meta property=\"og:image:width\" content=\"400\" \/>\n\t<meta property=\"og:image:height\" content=\"300\" \/>\n\t<meta property=\"og:image:type\" content=\"image\/jpeg\" \/>\n<meta name=\"twitter:card\" content=\"summary_large_image\" \/>\n<meta name=\"twitter:label1\" content=\"Tiempo de lectura\" \/>\n\t<meta name=\"twitter:data1\" content=\"3 minutos\" \/>\n<script type=\"application\/ld+json\" class=\"yoast-schema-graph\">{\"@context\":\"https:\/\/schema.org\",\"@graph\":[{\"@type\":\"WebPage\",\"@id\":\"https:\/\/buy-prescriptionz.com\/product\/buy-lorazepam-online\/\",\"url\":\"https:\/\/buy-prescriptionz.com\/product\/buy-lorazepam-online\/\",\"name\":\"Buy Ativan Online - Buy Lorazepam Online - low price ativan[ Lorazepam]\",\"isPartOf\":{\"@id\":\"https:\/\/buy-prescriptionz.com\/#website\"},\"primaryImageOfPage\":{\"@id\":\"https:\/\/buy-prescriptionz.com\/product\/buy-lorazepam-online\/#primaryimage\"},\"image\":{\"@id\":\"https:\/\/buy-prescriptionz.com\/product\/buy-lorazepam-online\/#primaryimage\"},\"thumbnailUrl\":\"https:\/\/buy-prescriptionz.com\/wp-content\/uploads\/2025\/09\/lorazepam.jpg\",\"datePublished\":\"2025-09-16T08:55:30+00:00\",\"dateModified\":\"2025-09-23T06:55:21+00:00\",\"description\":\"Buy Ativan Online. Besides, Ativan also know as Lorazepam . Additionally, Buy lorazepam online Try not to take this drug to much . buy lorazepam online\",\"breadcrumb\":{\"@id\":\"https:\/\/buy-prescriptionz.com\/product\/buy-lorazepam-online\/#breadcrumb\"},\"inLanguage\":\"es\",\"potentialAction\":[{\"@type\":\"ReadAction\",\"target\":[\"https:\/\/buy-prescriptionz.com\/product\/buy-lorazepam-online\/\"]}]},{\"@type\":\"ImageObject\",\"inLanguage\":\"es\",\"@id\":\"https:\/\/buy-prescriptionz.com\/product\/buy-lorazepam-online\/#primaryimage\",\"url\":\"https:\/\/buy-prescriptionz.com\/wp-content\/uploads\/2025\/09\/lorazepam.jpg\",\"contentUrl\":\"https:\/\/buy-prescriptionz.com\/wp-content\/uploads\/2025\/09\/lorazepam.jpg\",\"width\":400,\"height\":300},{\"@type\":\"BreadcrumbList\",\"@id\":\"https:\/\/buy-prescriptionz.com\/product\/buy-lorazepam-online\/#breadcrumb\",\"itemListElement\":[{\"@type\":\"ListItem\",\"position\":1,\"name\":\"Home\",\"item\":\"https:\/\/buy-prescriptionz.com\/\"},{\"@type\":\"ListItem\",\"position\":2,\"name\":\"Shop Painkillers Online\",\"item\":\"https:\/\/buy-prescriptionz.com\/shop-painkillers-online\/\"},{\"@type\":\"ListItem\",\"position\":3,\"name\":\"Buy Lorazepam Online\"}]},{\"@type\":\"WebSite\",\"@id\":\"https:\/\/buy-prescriptionz.com\/#website\",\"url\":\"https:\/\/buy-prescriptionz.com\/\",\"name\":\"Buy Prescriptionz\",\"description\":\"Drugs Online\",\"publisher\":{\"@id\":\"https:\/\/buy-prescriptionz.com\/#organization\"},\"potentialAction\":[{\"@type\":\"SearchAction\",\"target\":{\"@type\":\"EntryPoint\",\"urlTemplate\":\"https:\/\/buy-prescriptionz.com\/?s={search_term_string}\"},\"query-input\":{\"@type\":\"PropertyValueSpecification\",\"valueRequired\":true,\"valueName\":\"search_term_string\"}}],\"inLanguage\":\"es\"},{\"@type\":\"Organization\",\"@id\":\"https:\/\/buy-prescriptionz.com\/#organization\",\"name\":\"Buy Prescriptionz\",\"url\":\"https:\/\/buy-prescriptionz.com\/\",\"logo\":{\"@type\":\"ImageObject\",\"inLanguage\":\"es\",\"@id\":\"https:\/\/buy-prescriptionz.com\/#\/schema\/logo\/image\/\",\"url\":\"https:\/\/buy-prescriptionz.com\/wp-content\/uploads\/2023\/09\/logo.png\",\"contentUrl\":\"https:\/\/buy-prescriptionz.com\/wp-content\/uploads\/2023\/09\/logo.png\",\"width\":350,\"height\":64,\"caption\":\"Buy Prescriptionz\"},\"image\":{\"@id\":\"https:\/\/buy-prescriptionz.com\/#\/schema\/logo\/image\/\"}}]}<\/script>\n<!-- \/ Yoast SEO plugin. -->","yoast_head_json":{"title":"Comprar Ativan Online - Comprar Lorazepam Online - ativan a bajo precio[ Lorazepam]","description":"Comprar Ativan en l\u00ednea. Adem\u00e1s, Ativan tambi\u00e9n se conoce como Lorazepam . Adem\u00e1s, Comprar lorazepam online Trate de no tomar este medicamento a mucho . comprar lorazepam online","robots":{"index":"index","follow":"follow","max-snippet":"max-snippet:-1","max-image-preview":"max-image-preview:large","max-video-preview":"max-video-preview:-1"},"canonical":"https:\/\/buy-prescriptionz.com\/es\/producto\/comprar-lorazepam-en-linea\/","og_locale":"es_ES","og_type":"article","og_title":"Buy Ativan Online - Buy Lorazepam Online - low price ativan[ Lorazepam]","og_description":"Buy Ativan Online. Besides, Ativan also know as Lorazepam . Additionally, Buy lorazepam online Try not to take this drug to much . buy lorazepam online","og_url":"https:\/\/buy-prescriptionz.com\/es\/producto\/comprar-lorazepam-en-linea\/","og_site_name":"Buy Prescriptionz","article_modified_time":"2025-09-23T06:55:21+00:00","og_image":[{"width":400,"height":300,"url":"https:\/\/buy-prescriptionz.com\/wp-content\/uploads\/2025\/09\/lorazepam.jpg","type":"image\/jpeg"}],"twitter_card":"summary_large_image","twitter_misc":{"Tiempo de lectura":"3 minutos"},"schema":{"@context":"https:\/\/schema.org","@graph":[{"@type":"WebPage","@id":"https:\/\/buy-prescriptionz.com\/product\/buy-lorazepam-online\/","url":"https:\/\/buy-prescriptionz.com\/product\/buy-lorazepam-online\/","name":"Comprar Ativan Online - Comprar Lorazepam Online - ativan a bajo precio[ Lorazepam]","isPartOf":{"@id":"https:\/\/buy-prescriptionz.com\/#website"},"primaryImageOfPage":{"@id":"https:\/\/buy-prescriptionz.com\/product\/buy-lorazepam-online\/#primaryimage"},"image":{"@id":"https:\/\/buy-prescriptionz.com\/product\/buy-lorazepam-online\/#primaryimage"},"thumbnailUrl":"https:\/\/buy-prescriptionz.com\/wp-content\/uploads\/2025\/09\/lorazepam.jpg","datePublished":"2025-09-16T08:55:30+00:00","dateModified":"2025-09-23T06:55:21+00:00","description":"Comprar Ativan en l\u00ednea. Adem\u00e1s, Ativan tambi\u00e9n se conoce como Lorazepam . Adem\u00e1s, Comprar lorazepam online Trate de no tomar este medicamento a mucho . comprar lorazepam online","breadcrumb":{"@id":"https:\/\/buy-prescriptionz.com\/product\/buy-lorazepam-online\/#breadcrumb"},"inLanguage":"es","potentialAction":[{"@type":"ReadAction","target":["https:\/\/buy-prescriptionz.com\/product\/buy-lorazepam-online\/"]}]},{"@type":"ImageObject","inLanguage":"es","@id":"https:\/\/buy-prescriptionz.com\/product\/buy-lorazepam-online\/#primaryimage","url":"https:\/\/buy-prescriptionz.com\/wp-content\/uploads\/2025\/09\/lorazepam.jpg","contentUrl":"https:\/\/buy-prescriptionz.com\/wp-content\/uploads\/2025\/09\/lorazepam.jpg","width":400,"height":300},{"@type":"BreadcrumbList","@id":"https:\/\/buy-prescriptionz.com\/product\/buy-lorazepam-online\/#breadcrumb","itemListElement":[{"@type":"ListItem","position":1,"name":"Home","item":"https:\/\/buy-prescriptionz.com\/"},{"@type":"ListItem","position":2,"name":"Shop Painkillers Online","item":"https:\/\/buy-prescriptionz.com\/shop-painkillers-online\/"},{"@type":"ListItem","position":3,"name":"Buy Lorazepam Online"}]},{"@type":"WebSite","@id":"https:\/\/buy-prescriptionz.com\/#website","url":"https:\/\/buy-prescriptionz.com\/","name":"Buy Prescriptionz","description":"Medicamentos en l\u00ednea","publisher":{"@id":"https:\/\/buy-prescriptionz.com\/#organization"},"potentialAction":[{"@type":"SearchAction","target":{"@type":"EntryPoint","urlTemplate":"https:\/\/buy-prescriptionz.com\/?s={search_term_string}"},"query-input":{"@type":"PropertyValueSpecification","valueRequired":true,"valueName":"search_term_string"}}],"inLanguage":"es"},{"@type":"Organization","@id":"https:\/\/buy-prescriptionz.com\/#organization","name":"Buy Prescriptionz","url":"https:\/\/buy-prescriptionz.com\/","logo":{"@type":"ImageObject","inLanguage":"es","@id":"https:\/\/buy-prescriptionz.com\/#\/schema\/logo\/image\/","url":"https:\/\/buy-prescriptionz.com\/wp-content\/uploads\/2023\/09\/logo.png","contentUrl":"https:\/\/buy-prescriptionz.com\/wp-content\/uploads\/2023\/09\/logo.png","width":350,"height":64,"caption":"Buy Prescriptionz"},"image":{"@id":"https:\/\/buy-prescriptionz.com\/#\/schema\/logo\/image\/"}}]}},"_links":{"self":[{"href":"https:\/\/buy-prescriptionz.com\/es\/wp-json\/wp\/v2\/product\/2960","targetHints":{"allow":["GET"]}}],"collection":[{"href":"https:\/\/buy-prescriptionz.com\/es\/wp-json\/wp\/v2\/product"}],"about":[{"href":"https:\/\/buy-prescriptionz.com\/es\/wp-json\/wp\/v2\/types\/product"}],"replies":[{"embeddable":true,"href":"https:\/\/buy-prescriptionz.com\/es\/wp-json\/wp\/v2\/comments?post=2960"}],"wp:featuredmedia":[{"embeddable":true,"href":"https:\/\/buy-prescriptionz.com\/es\/wp-json\/wp\/v2\/media\/2981"}],"wp:attachment":[{"href":"https:\/\/buy-prescriptionz.com\/es\/wp-json\/wp\/v2\/media?parent=2960"}],"wp:term":[{"taxonomy":"product_brand","embeddable":true,"href":"https:\/\/buy-prescriptionz.com\/es\/wp-json\/wp\/v2\/product_brand?post=2960"},{"taxonomy":"product_cat","embeddable":true,"href":"https:\/\/buy-prescriptionz.com\/es\/wp-json\/wp\/v2\/product_cat?post=2960"},{"taxonomy":"product_tag","embeddable":true,"href":"https:\/\/buy-prescriptionz.com\/es\/wp-json\/wp\/v2\/product_tag?post=2960"}],"curies":[{"name":"wp","href":"https:\/\/api.w.org\/{rel}","templated":true}]}}