{"id":2984,"date":"2025-09-16T08:55:51","date_gmt":"2025-09-16T08:55:51","guid":{"rendered":"https:\/\/chemsfine.com\/newsite\/?post_type=product&#038;p=2984"},"modified":"2025-09-26T10:12:51","modified_gmt":"2025-09-26T10:12:51","slug":"buy-xanax-online-2-2","status":"publish","type":"product","link":"https:\/\/buy-prescriptionz.com\/es\/producto\/buy-xanax-online-2-2\/","title":{"rendered":"Comprar Xanax en l\u00ednea"},"content":{"rendered":"<h2>Comprar Xanax en l\u00ednea<\/h2>\n<p>Comprar Xanax en l\u00ednea Perteneciente a una clase de medicamentos conocidos como benzodiazepinas, el Xanax se utiliza para curar los ataques de p\u00e1nico. Para comprar Xanax en l\u00ednea, hay que buscarlo y pedirlo. El proceso es tan sencillo como puede serlo. Comprar Xanax sin receta ya que funciona r\u00e1pidamente y cura los s\u00edntomas requeridos.<\/p>\n<p>Xanax, tambi\u00e9n conocido por su nombre gen\u00e9rico Alprazolam, es un medicamento ampliamente recetado, utilizado principalmente para tratar la ansiedad y los trastornos de p\u00e1nico. Aqu\u00ed tiene todo lo que necesita saber sobre este medicamento:<\/p>\n<h4>\u00bfQu\u00e9 es el Xanax?<\/h4>\n<p>Xanax pertenece a una clase de medicamentos llamados benzodiazepinas. Act\u00faa potenciando los efectos de un neurotransmisor llamado \u00e1cido gamma-aminobut\u00edrico (GABA) en el cerebro, lo que ayuda a calmar el sistema nervioso.<\/p>\n<h4>Usos de Xanax<\/h4>\n<ul>\n<li>Trastornos de ansiedad: el mejor Xanax se receta com\u00fanmente para controlar los s\u00edntomas del trastorno de ansiedad generalizada (TAG), el trastorno de ansiedad social y otras formas de ansiedad.<\/li>\n<li>Trastornos de p\u00e1nico: Tambi\u00e9n es eficaz para tratar los ataques de p\u00e1nico y prevenir su recurrencia.<\/li>\n<\/ul>\n<h4>C\u00f3mo funciona Xanax<\/h4>\n<p>Xanax act\u00faa r\u00e1pidamente en el organismo, alcanzando generalmente su concentraci\u00f3n m\u00e1xima entre una y dos horas despu\u00e9s de su ingesti\u00f3n. Sus efectos calmantes pueden durar hasta varias horas, lo que lo hace adecuado para controlar los s\u00edntomas agudos de ansiedad.<\/p>\n<h4>Efectos secundarios y riesgos<\/h4>\n<ul>\n<li>Efectos secundarios comunes: somnolencia, mareos, dolor de cabeza y visi\u00f3n borrosa.<\/li>\n<li>Riesgos potenciales: Dependencia y s\u00edntomas de abstinencia con el uso prolongado, especialmente cuando no se toma seg\u00fan lo prescrito.<\/li>\n<\/ul>\n<h4>Comprar Xanax en l\u00ednea<\/h4>\n<p>Al comprar el mejor Xanax en l\u00ednea, es fundamental garantizar su autenticidad y seguridad. Compre siempre en sitios confiables como buy-prescriptionz.com, donde encontrar\u00e1 medicamentos genuinos y un servicio confiable. Xanax es un medicamento valioso para controlar la ansiedad y los trastornos de p\u00e1nico, y ofrece alivio si se usa responsablemente. Para compras seguras y aut\u00e9nticas de Xanax y otros medicamentos, consulte la mejor farmacia en l\u00ednea: buy-prescriptionz.com. Asegure su salud y tranquilidad con proveedores en l\u00ednea confiables.<\/p>\n<h3>Tratamiento del trastorno de p\u00e1nico y ansiedad: Comprar Xanax en l\u00ednea<\/h3>\n<p>En l\u00ednea utilizado para el tratamiento del trastorno de p\u00e1nico un tipo de ataque que tiene un impacto muy perjudicial en el cuerpo. La gente no puede vivir con paciencia. Comprar Xanax en l\u00ednea de la tableta es muy \u00fatil para los trastornos de p\u00e1nico se trata como la terapia de la enfermedad algunas personas toman el resto en el p\u00e1nico Problema y tambi\u00e9n el control de ellos. Hay algunos s\u00edntomas de ataque de p\u00e1nico se dan como siguientes Tambling, sudoraci\u00f3n, Dyspnoea, mareos, sudoraci\u00f3n excesiva, Rapid Heartbeat etc. Xanax es la marca de la tableta, mientras que Alprazolam es el nombre gen\u00e9rico de la medicina. Est\u00e1 disponible en la tienda m\u00e9dica con precios asequibles y se puede comprar f\u00e1cilmente Xanax 1mg en l\u00ednea desde aqu\u00ed porque tenemos una amplia gama de medicamentos y proporcionar la entrega en l\u00ednea en casa. Xanax medicamento es tambi\u00e9n actuar como un anticonvulsivo. Xanax<br \/>\nEl trastorno de p\u00e1nico se caracteriza por ataques que suelen tener efectos perjudiciales para la persona. Los trastornos de p\u00e1nico se tratan con la ayuda de medicamentos y terapia. Algunas personas pueden necesitar tomar medicamentos durante el resto de su vida para controlar sus problemas de p\u00e1nico. Los ataques de p\u00e1nico frecuentes o los desmayos pueden llevar a la hospitalizaci\u00f3n e incluso a la muerte si el problema no se controla bien. Tanto las mujeres como los hombres que experimentan ataques de p\u00e1nico tienen un mayor peligro de sufrir infartos si sus problemas de p\u00e1nico no se controlan adecuadamente. Sin embargo, con benzodiazepinas fuertes como Xanax 1mg, podr\u00e1 controlar y tratar los ataques de p\u00e1nico considerablemente.<br \/>\nLas causas de estos trastornos pueden ser muchas, pero es f\u00e1cil que se manifiesten en las primeras etapas de la vida. Si una persona ha experimentado un acontecimiento vital impactante o traum\u00e1tico, las repercusiones de ese tr\u00e1gico suceso empezar\u00e1n a afectar a las actividades cotidianas de la persona y a la vida que de otro modo revelar\u00eda. A veces, los problemas de p\u00e1nico debilitan a esa persona y la obligan a evitar ir a lugares p\u00fablicos o participar en actividades que sol\u00eda apreciar. Este tipo de estilo de vida no es deseado por nadie, por lo que los m\u00e9dicos suelen recomendar la medicaci\u00f3n. Con las recomendaciones del m\u00e9dico, las personas pueden Comprar Xanax online de un d\u00eda para otro para tratar las condiciones de p\u00e1nico y ansiedad.<\/p>\n<h3>Algunos de los principales efectos secundarios de la medicaci\u00f3n Xanax se dan como sigue:<\/h3>\n<p>Somnolencia<br \/>\nErupciones de saliva<br \/>\nP\u00e9rdida de memoria<br \/>\nProblemas para hablar, respirar y caminar<br \/>\nComportamiento Cambio en el deseo sexual<br \/>\nInsomnio<br \/>\nMala vista<br \/>\nTartamudeo<br \/>\nDolor de cabeza<br \/>\nDolor de cuerpo<br \/>\nTranspiraci\u00f3n<br \/>\nAnsiedad<br \/>\nEstre\u00f1imiento<br \/>\nMala digesti\u00f3n<br \/>\nTemblor<\/p>\n<p>Encontrar Xanax para la venta y lo utilizan si usted es un paciente de la depresi\u00f3n a fin de salir del c\u00edrculo vicioso de la ansiedad y la depresi\u00f3n. Despu\u00e9s de haber comprado Xanax en l\u00ednea, o de las tiendas, usted ser\u00eda capaz de experimentar los beneficios que se dibuja por el consumo de esta droga.<\/p>\n<p>&nbsp;<\/p>","protected":false},"excerpt":{"rendered":"<p>Buy Xanax Online Buy Xanax Online\u00a0Belonging to a class of drugs known as benzodiazepines, Xanax is used to cure panic attacks. To buy Xanax online, search and order it. The process is as simple as it could get. Buy Xanax without prescription as works fast and cures the required symptoms. Xanax, also known by its [&hellip;]<\/p>","protected":false},"featured_media":3014,"comment_status":"open","ping_status":"closed","template":"","meta":{"site-sidebar-layout":"default","site-content-layout":"","ast-site-content-layout":"default","site-content-style":"default","site-sidebar-style":"default","ast-global-header-display":"","ast-banner-title-visibility":"","ast-main-header-display":"","ast-hfb-above-header-display":"","ast-hfb-below-header-display":"","ast-hfb-mobile-header-display":"","site-post-title":"","ast-breadcrumbs-content":"","ast-featured-img":"","footer-sml-layout":"","theme-transparent-header-meta":"default","adv-header-id-meta":"","stick-header-meta":"","header-above-stick-meta":"","header-main-stick-meta":"","header-below-stick-meta":"","astra-migrate-meta-layouts":"set","ast-page-background-enabled":"default","ast-page-background-meta":{"desktop":{"background-color":"var(--ast-global-color-4)","background-image":"","background-repeat":"repeat","background-position":"center center","background-size":"auto","background-attachment":"scroll","background-type":"","background-media":"","overlay-type":"","overlay-color":"","overlay-opacity":"","overlay-gradient":""},"tablet":{"background-color":"","background-image":"","background-repeat":"repeat","background-position":"center center","background-size":"auto","background-attachment":"scroll","background-type":"","background-media":"","overlay-type":"","overlay-color":"","overlay-opacity":"","overlay-gradient":""},"mobile":{"background-color":"","background-image":"","background-repeat":"repeat","background-position":"center center","background-size":"auto","background-attachment":"scroll","background-type":"","background-media":"","overlay-type":"","overlay-color":"","overlay-opacity":"","overlay-gradient":""}},"ast-content-background-meta":{"desktop":{"background-color":"var(--ast-global-color-5)","background-image":"","background-repeat":"repeat","background-position":"center center","background-size":"auto","background-attachment":"scroll","background-type":"","background-media":"","overlay-type":"","overlay-color":"","overlay-opacity":"","overlay-gradient":""},"tablet":{"background-color":"var(--ast-global-color-5)","background-image":"","background-repeat":"repeat","background-position":"center center","background-size":"auto","background-attachment":"scroll","background-type":"","background-media":"","overlay-type":"","overlay-color":"","overlay-opacity":"","overlay-gradient":""},"mobile":{"background-color":"var(--ast-global-color-5)","background-image":"","background-repeat":"repeat","background-position":"center center","background-size":"auto","background-attachment":"scroll","background-type":"","background-media":"","overlay-type":"","overlay-color":"","overlay-opacity":"","overlay-gradient":""}}},"product_brand":[],"product_cat":[2381],"product_tag":[2078,2079,2080,2081,2082,1825,1826,1824,1819,1822,1821,1820,1823,1818,1817,1827],"class_list":{"0":"post-2984","1":"product","2":"type-product","3":"status-publish","4":"has-post-thumbnail","6":"product_cat-buy-depressants-and-anxiety-pills-online","7":"product_tag-buy-all-medicine-online","8":"product_tag-buy-cialis-online","9":"product_tag-buy-soma-online","10":"product_tag-buy-tramadol-online","11":"product_tag-buy-viagra-online","12":"product_tag-buy-xanax-xr-in-canada","13":"product_tag-buy-xanax-xr-in-uk","14":"product_tag-buy-xanax-xr-in-usa","15":"product_tag-buy-xanax-xr-with-bitcoin","16":"product_tag-buy-xanax-xr-with-credit-card","17":"product_tag-buy-xanax-xr-with-money-gram","18":"product_tag-buy-xanax-xr-with-western-union","19":"product_tag-buy-xanax-xr-without-a-doctor","20":"product_tag-buy-xanax-xr-without-prescription","21":"product_tag-xanax-xr-for-sale","22":"product_tag-xanax-xr-pills","23":"desktop-align-center","24":"tablet-align-left","25":"mobile-align-left","27":"first","28":"instock","29":"shipping-taxable","30":"purchasable","31":"product-type-variable","32":"has-default-attributes"},"yoast_head":"<!-- This site is optimized with the Yoast SEO plugin v25.9 - https:\/\/yoast.com\/wordpress\/plugins\/seo\/ -->\n<title>Buy Xanax Online USA - Buy Xanax Online for Sale -<\/title>\n<meta name=\"description\" content=\"BUY XANAX ONLINE at buy-prescriptionz.com is an online pharmacy store where you can buy for a good prices with discout and also overnight and free shipping\" \/>\n<meta name=\"robots\" content=\"index, follow, max-snippet:-1, max-image-preview:large, max-video-preview:-1\" \/>\n<link rel=\"canonical\" href=\"https:\/\/buy-prescriptionz.com\/es\/producto\/buy-xanax-online-2-2\/\" \/>\n<meta property=\"og:locale\" content=\"es_ES\" \/>\n<meta property=\"og:type\" content=\"article\" \/>\n<meta property=\"og:title\" content=\"Buy Xanax Online USA - Buy Xanax Online for Sale -\" \/>\n<meta property=\"og:description\" content=\"BUY XANAX ONLINE at buy-prescriptionz.com is an online pharmacy store where you can buy for a good prices with discout and also overnight and free shipping\" \/>\n<meta property=\"og:url\" content=\"https:\/\/buy-prescriptionz.com\/es\/producto\/buy-xanax-online-2-2\/\" \/>\n<meta property=\"og:site_name\" content=\"Buy Prescriptionz\" \/>\n<meta property=\"article:modified_time\" content=\"2025-09-26T10:12:51+00:00\" \/>\n<meta property=\"og:image\" content=\"https:\/\/buy-prescriptionz.com\/wp-content\/uploads\/2025\/09\/xanax-xr.jpg\" \/>\n\t<meta property=\"og:image:width\" content=\"400\" \/>\n\t<meta property=\"og:image:height\" content=\"300\" \/>\n\t<meta property=\"og:image:type\" content=\"image\/jpeg\" \/>\n<meta name=\"twitter:card\" content=\"summary_large_image\" \/>\n<meta name=\"twitter:label1\" content=\"Tiempo de lectura\" \/>\n\t<meta name=\"twitter:data1\" content=\"4 minutos\" \/>\n<script type=\"application\/ld+json\" class=\"yoast-schema-graph\">{\"@context\":\"https:\/\/schema.org\",\"@graph\":[{\"@type\":\"WebPage\",\"@id\":\"https:\/\/buy-prescriptionz.com\/product\/buy-xanax-online-2-2\/\",\"url\":\"https:\/\/buy-prescriptionz.com\/product\/buy-xanax-online-2-2\/\",\"name\":\"Buy Xanax Online USA - Buy Xanax Online for Sale -\",\"isPartOf\":{\"@id\":\"https:\/\/buy-prescriptionz.com\/#website\"},\"primaryImageOfPage\":{\"@id\":\"https:\/\/buy-prescriptionz.com\/product\/buy-xanax-online-2-2\/#primaryimage\"},\"image\":{\"@id\":\"https:\/\/buy-prescriptionz.com\/product\/buy-xanax-online-2-2\/#primaryimage\"},\"thumbnailUrl\":\"https:\/\/buy-prescriptionz.com\/wp-content\/uploads\/2025\/09\/xanax-xr.jpg\",\"datePublished\":\"2025-09-16T08:55:51+00:00\",\"dateModified\":\"2025-09-26T10:12:51+00:00\",\"description\":\"BUY XANAX ONLINE at buy-prescriptionz.com is an online pharmacy store where you can buy for a good prices with discout and also overnight and free shipping\",\"breadcrumb\":{\"@id\":\"https:\/\/buy-prescriptionz.com\/product\/buy-xanax-online-2-2\/#breadcrumb\"},\"inLanguage\":\"es\",\"potentialAction\":[{\"@type\":\"ReadAction\",\"target\":[\"https:\/\/buy-prescriptionz.com\/product\/buy-xanax-online-2-2\/\"]}]},{\"@type\":\"ImageObject\",\"inLanguage\":\"es\",\"@id\":\"https:\/\/buy-prescriptionz.com\/product\/buy-xanax-online-2-2\/#primaryimage\",\"url\":\"https:\/\/buy-prescriptionz.com\/wp-content\/uploads\/2025\/09\/xanax-xr.jpg\",\"contentUrl\":\"https:\/\/buy-prescriptionz.com\/wp-content\/uploads\/2025\/09\/xanax-xr.jpg\",\"width\":400,\"height\":300},{\"@type\":\"BreadcrumbList\",\"@id\":\"https:\/\/buy-prescriptionz.com\/product\/buy-xanax-online-2-2\/#breadcrumb\",\"itemListElement\":[{\"@type\":\"ListItem\",\"position\":1,\"name\":\"Home\",\"item\":\"https:\/\/buy-prescriptionz.com\/\"},{\"@type\":\"ListItem\",\"position\":2,\"name\":\"Shop Painkillers Online\",\"item\":\"https:\/\/buy-prescriptionz.com\/shop-painkillers-online\/\"},{\"@type\":\"ListItem\",\"position\":3,\"name\":\"Buy Xanax Online\"}]},{\"@type\":\"WebSite\",\"@id\":\"https:\/\/buy-prescriptionz.com\/#website\",\"url\":\"https:\/\/buy-prescriptionz.com\/\",\"name\":\"Buy Prescriptionz\",\"description\":\"Drugs Online\",\"publisher\":{\"@id\":\"https:\/\/buy-prescriptionz.com\/#organization\"},\"potentialAction\":[{\"@type\":\"SearchAction\",\"target\":{\"@type\":\"EntryPoint\",\"urlTemplate\":\"https:\/\/buy-prescriptionz.com\/?s={search_term_string}\"},\"query-input\":{\"@type\":\"PropertyValueSpecification\",\"valueRequired\":true,\"valueName\":\"search_term_string\"}}],\"inLanguage\":\"es\"},{\"@type\":\"Organization\",\"@id\":\"https:\/\/buy-prescriptionz.com\/#organization\",\"name\":\"Buy Prescriptionz\",\"url\":\"https:\/\/buy-prescriptionz.com\/\",\"logo\":{\"@type\":\"ImageObject\",\"inLanguage\":\"es\",\"@id\":\"https:\/\/buy-prescriptionz.com\/#\/schema\/logo\/image\/\",\"url\":\"https:\/\/buy-prescriptionz.com\/wp-content\/uploads\/2023\/09\/logo.png\",\"contentUrl\":\"https:\/\/buy-prescriptionz.com\/wp-content\/uploads\/2023\/09\/logo.png\",\"width\":350,\"height\":64,\"caption\":\"Buy Prescriptionz\"},\"image\":{\"@id\":\"https:\/\/buy-prescriptionz.com\/#\/schema\/logo\/image\/\"}}]}<\/script>\n<!-- \/ Yoast SEO plugin. -->","yoast_head_json":{"title":"Comprar Xanax Online USA - Comprar Xanax Online para la venta -","description":"COMPRE XANAX EN L\u00cdNEA en buy-prescriptionz.com es una farmacia en l\u00ednea donde puede comprar a buenos precios con descuento y tambi\u00e9n env\u00edo al d\u00eda siguiente y gratis.","robots":{"index":"index","follow":"follow","max-snippet":"max-snippet:-1","max-image-preview":"max-image-preview:large","max-video-preview":"max-video-preview:-1"},"canonical":"https:\/\/buy-prescriptionz.com\/es\/producto\/buy-xanax-online-2-2\/","og_locale":"es_ES","og_type":"article","og_title":"Buy Xanax Online USA - Buy Xanax Online for Sale -","og_description":"BUY XANAX ONLINE at buy-prescriptionz.com is an online pharmacy store where you can buy for a good prices with discout and also overnight and free shipping","og_url":"https:\/\/buy-prescriptionz.com\/es\/producto\/buy-xanax-online-2-2\/","og_site_name":"Buy Prescriptionz","article_modified_time":"2025-09-26T10:12:51+00:00","og_image":[{"width":400,"height":300,"url":"https:\/\/buy-prescriptionz.com\/wp-content\/uploads\/2025\/09\/xanax-xr.jpg","type":"image\/jpeg"}],"twitter_card":"summary_large_image","twitter_misc":{"Tiempo de lectura":"4 minutos"},"schema":{"@context":"https:\/\/schema.org","@graph":[{"@type":"WebPage","@id":"https:\/\/buy-prescriptionz.com\/product\/buy-xanax-online-2-2\/","url":"https:\/\/buy-prescriptionz.com\/product\/buy-xanax-online-2-2\/","name":"Comprar Xanax Online USA - Comprar Xanax Online para la venta -","isPartOf":{"@id":"https:\/\/buy-prescriptionz.com\/#website"},"primaryImageOfPage":{"@id":"https:\/\/buy-prescriptionz.com\/product\/buy-xanax-online-2-2\/#primaryimage"},"image":{"@id":"https:\/\/buy-prescriptionz.com\/product\/buy-xanax-online-2-2\/#primaryimage"},"thumbnailUrl":"https:\/\/buy-prescriptionz.com\/wp-content\/uploads\/2025\/09\/xanax-xr.jpg","datePublished":"2025-09-16T08:55:51+00:00","dateModified":"2025-09-26T10:12:51+00:00","description":"COMPRE XANAX EN L\u00cdNEA en buy-prescriptionz.com es una farmacia en l\u00ednea donde puede comprar a buenos precios con descuento y tambi\u00e9n env\u00edo al d\u00eda siguiente y gratis.","breadcrumb":{"@id":"https:\/\/buy-prescriptionz.com\/product\/buy-xanax-online-2-2\/#breadcrumb"},"inLanguage":"es","potentialAction":[{"@type":"ReadAction","target":["https:\/\/buy-prescriptionz.com\/product\/buy-xanax-online-2-2\/"]}]},{"@type":"ImageObject","inLanguage":"es","@id":"https:\/\/buy-prescriptionz.com\/product\/buy-xanax-online-2-2\/#primaryimage","url":"https:\/\/buy-prescriptionz.com\/wp-content\/uploads\/2025\/09\/xanax-xr.jpg","contentUrl":"https:\/\/buy-prescriptionz.com\/wp-content\/uploads\/2025\/09\/xanax-xr.jpg","width":400,"height":300},{"@type":"BreadcrumbList","@id":"https:\/\/buy-prescriptionz.com\/product\/buy-xanax-online-2-2\/#breadcrumb","itemListElement":[{"@type":"ListItem","position":1,"name":"Home","item":"https:\/\/buy-prescriptionz.com\/"},{"@type":"ListItem","position":2,"name":"Shop Painkillers Online","item":"https:\/\/buy-prescriptionz.com\/shop-painkillers-online\/"},{"@type":"ListItem","position":3,"name":"Buy Xanax Online"}]},{"@type":"WebSite","@id":"https:\/\/buy-prescriptionz.com\/#website","url":"https:\/\/buy-prescriptionz.com\/","name":"Buy Prescriptionz","description":"Medicamentos en l\u00ednea","publisher":{"@id":"https:\/\/buy-prescriptionz.com\/#organization"},"potentialAction":[{"@type":"SearchAction","target":{"@type":"EntryPoint","urlTemplate":"https:\/\/buy-prescriptionz.com\/?s={search_term_string}"},"query-input":{"@type":"PropertyValueSpecification","valueRequired":true,"valueName":"search_term_string"}}],"inLanguage":"es"},{"@type":"Organization","@id":"https:\/\/buy-prescriptionz.com\/#organization","name":"Buy Prescriptionz","url":"https:\/\/buy-prescriptionz.com\/","logo":{"@type":"ImageObject","inLanguage":"es","@id":"https:\/\/buy-prescriptionz.com\/#\/schema\/logo\/image\/","url":"https:\/\/buy-prescriptionz.com\/wp-content\/uploads\/2023\/09\/logo.png","contentUrl":"https:\/\/buy-prescriptionz.com\/wp-content\/uploads\/2023\/09\/logo.png","width":350,"height":64,"caption":"Buy Prescriptionz"},"image":{"@id":"https:\/\/buy-prescriptionz.com\/#\/schema\/logo\/image\/"}}]}},"_links":{"self":[{"href":"https:\/\/buy-prescriptionz.com\/es\/wp-json\/wp\/v2\/product\/2984","targetHints":{"allow":["GET"]}}],"collection":[{"href":"https:\/\/buy-prescriptionz.com\/es\/wp-json\/wp\/v2\/product"}],"about":[{"href":"https:\/\/buy-prescriptionz.com\/es\/wp-json\/wp\/v2\/types\/product"}],"replies":[{"embeddable":true,"href":"https:\/\/buy-prescriptionz.com\/es\/wp-json\/wp\/v2\/comments?post=2984"}],"wp:featuredmedia":[{"embeddable":true,"href":"https:\/\/buy-prescriptionz.com\/es\/wp-json\/wp\/v2\/media\/3014"}],"wp:attachment":[{"href":"https:\/\/buy-prescriptionz.com\/es\/wp-json\/wp\/v2\/media?parent=2984"}],"wp:term":[{"taxonomy":"product_brand","embeddable":true,"href":"https:\/\/buy-prescriptionz.com\/es\/wp-json\/wp\/v2\/product_brand?post=2984"},{"taxonomy":"product_cat","embeddable":true,"href":"https:\/\/buy-prescriptionz.com\/es\/wp-json\/wp\/v2\/product_cat?post=2984"},{"taxonomy":"product_tag","embeddable":true,"href":"https:\/\/buy-prescriptionz.com\/es\/wp-json\/wp\/v2\/product_tag?post=2984"}],"curies":[{"name":"wp","href":"https:\/\/api.w.org\/{rel}","templated":true}]}}