{"id":2985,"date":"2025-09-16T08:55:51","date_gmt":"2025-09-16T08:55:51","guid":{"rendered":"https:\/\/chemsfine.com\/newsite\/?post_type=product&#038;p=2985"},"modified":"2026-01-30T13:59:44","modified_gmt":"2026-01-30T13:59:44","slug":"alprazolam","status":"publish","type":"product","link":"https:\/\/buy-prescriptionz.com\/es\/producto\/alprazolam\/","title":{"rendered":"Alprazolam"},"content":{"rendered":"<h2 style=\"text-align: justify;\">COMPRAR ALPRAZOLAM ONLINE<\/h2>\n<p style=\"text-align: justify;\">BUY ALPRAZOLAM ONLINE Buy alprazolam online, La droga alprazolam es una benzodiazepina com\u00fan en el \u00e1mbito m\u00e9dico que tambi\u00e9n se toma con fines recreativos. Se utiliza normalmente para la ansiedad y el trastorno de p\u00e1nico, aunque tiene propiedades antidepresivas. Sus efectos recreativos consisten en ansiolisis, desinhibici\u00f3n y euforia. CARACTER\u00cdSTICAS El alprazolam se utiliza para el tratamiento de la ansiedad y ...<\/p>\n<p style=\"text-align: justify;\">Sus efectos recreativos consisten en ansiolisis, desinhibici\u00f3n y euforia.<\/p>\n<h3>Descripci\u00f3n general del alprazolam<\/h3>\n<p>El alprazolam es un medicamento con receta que se utiliza principalmente para tratar trastornos de ansiedad y p\u00e1nico. Perteneciente a la clase de las benzodiazepinas, act\u00faa potenciando los efectos de una sustancia qu\u00edmica natural del cuerpo (GABA) para producir un efecto calmante. Se comercializa frecuentemente bajo la marca Xanax.<\/p>\n<h3>Usos del alprazolam<\/h3>\n<ol>\n<li><strong>Trastornos de ansiedad<\/strong>: La <strong>mejor Alprazolam <\/strong>Se prescribe com\u00fanmente para controlar los trastornos de ansiedad, proporcionando alivio de s\u00edntomas como preocupaci\u00f3n excesiva, inquietud e irritabilidad.<\/li>\n<li><strong>Trastornos de p\u00e1nico<\/strong>:Es eficaz en el tratamiento de los trastornos de p\u00e1nico, que se caracterizan por ataques repentinos de miedo y preocupaci\u00f3n intensos.<\/li>\n<li><strong>Alivio a corto plazo<\/strong>:A menudo se utiliza para el tratamiento a corto plazo de los s\u00edntomas de ansiedad mientras se implementan planes de tratamiento a largo plazo.<\/li>\n<\/ol>\n<h3>Beneficios del alprazolam<\/h3>\n<ol>\n<li><strong>Alivio r\u00e1pido<\/strong>El alprazolam es conocido por su acci\u00f3n r\u00e1pida, proporcionando un alivio r\u00e1pido de los s\u00edntomas de ansiedad y p\u00e1nico.<\/li>\n<li><strong>Mejora la calidad de vida<\/strong>Al controlar eficazmente los s\u00edntomas, puede mejorar significativamente la calidad de vida de las personas con trastornos de ansiedad.<\/li>\n<li><strong>Bien estudiado<\/strong>El alprazolam ha sido ampliamente estudiado y utilizado durante d\u00e9cadas, lo que lo convierte en un medicamento bien comprendido y confiable en la comunidad m\u00e9dica.<\/li>\n<\/ol>\n<h3>Consideraciones importantes<\/h3>\n<ol>\n<li><strong>Abh\u00e4ngigkeit<\/strong>:Existe riesgo de dependencia con el uso prolongado, por lo que se suele prescribir para uso a corto plazo.<\/li>\n<li><strong>Efectos secundarios<\/strong>Los efectos secundarios comunes incluyen somnolencia, mareos y aumento de la producci\u00f3n de saliva. Es importante seguir la dosis y las pautas prescritas para minimizar estos efectos.<\/li>\n<li><strong>Interacciones<\/strong>:El alprazolam puede interactuar con otros medicamentos y sustancias, por lo que es fundamental informar a su m\u00e9dico sobre todos los medicamentos que est\u00e1 tomando.<\/li>\n<\/ol>\n<p>El alprazolam es un medicamento valioso para quienes padecen ansiedad y trastornos de p\u00e1nico, ya que ofrece un alivio r\u00e1pido y eficaz. Sin embargo, es esencial usarlo bajo supervisi\u00f3n m\u00e9dica debido a su potencial dependencia y efectos secundarios. Para quienes buscan comprar alprazolam de forma segura y c\u00f3moda, una de las mejores farmacias... <a href=\"https:\/\/buy-prescriptionz.com\/es\/\">buy-prescriptionz.com<\/a>.<\/p>\n<h3 style=\"text-align: justify;\">CARACTER\u00cdSTICAS<\/h3>\n<p style=\"text-align: justify;\">El alprazolam se utiliza para el tratamiento de la ansiedad y los trastornos de p\u00e1nico. Pertenece a una clase de medicamentos llamados benzodiacepinas que act\u00faan en el cerebro y los nervios para producir un efecto calmante. Funciona potenciando los efectos de una determinada sustancia qu\u00edmica natural del cuerpo humano.<\/p>\n<h3 style=\"text-align: justify;\">PRECAUCIONES<\/h3>\n<p style=\"text-align: justify;\">Antes de tomarlo, d\u00edgale a su m\u00e9dico o farmac\u00e9utico si es al\u00e9rgico a \u00e9l; o a otras benzodiacepinas (como diazepam, lorazepam); o si tiene cualquier otra alergia. Este producto puede contener ingredientes inactivos, que causan reacciones al\u00e9rgicas o cualquier otro problema.Comprar alprazolam online<\/p>\n<p style=\"text-align: justify;\">Pasa a la leche materna y puede tener efectos indeseables en el lactante. No se recomienda amamantar mientras se usa este medicamento. Consulte a su m\u00e9dico antes de dar el pecho.<\/p>\n<h3 style=\"text-align: justify;\">EFECTOS SECUNDARIOS<\/h3>\n<p style=\"text-align: justify;\">\u2022 Somnolencia<br \/>\n- Fatiga<br \/>\n- Otros efectos secundarios son:<br \/>\n- Problemas de memoria<br \/>\n- Problemas de habla<br \/>\n- Estre\u00f1imiento<br \/>\n- Cambios en el peso<br \/>\n- Adicci\u00f3n (dependencia)<br \/>\n- Dolor de cabeza<br \/>\n- Estre\u00f1imiento<br \/>\n- Boca seca<\/p>\n<h3 style=\"text-align: justify;\">SOBREDOSIS<\/h3>\n<p style=\"text-align: justify;\">Los s\u00edntomas de sobredosis pueden incluir: somnolencia severa, reflejos lentos\/reducidos, respiraci\u00f3n lenta, p\u00e9rdida de conciencia.<\/p>\n<p style=\"text-align: justify;\">Si se sospecha de una sobredosis, contactar inmediatamente con el m\u00e9dico.<\/p>\n<h3 style=\"text-align: justify;\">DOSIS PERDIDAS<\/h3>\n<p style=\"text-align: justify;\">Si olvida una dosis, t\u00f3mela tan pronto como sea posible. Si es la hora de la siguiente dosis, s\u00e1ltese la dosis olvidada y contin\u00fae con su horario habitual. No duplique la dosis para ponerse al d\u00eda.<\/p>\n<h3 style=\"text-align: justify;\">ALMACENAMIENTO<\/h3>\n<p style=\"text-align: justify;\">Almacenar Alprazolam a temperatura ambiente lejos de la luz y la humedad. No lo guarde en el ba\u00f1o. Mantenga todos los medicamentos fuera del alcance de los ni\u00f1os y las mascotas. No tire este medicamento por el inodoro ni lo vierta en el desag\u00fce a menos que se le indique.<\/p>\n<h3 style=\"text-align: justify;\">\u00bfD\u00d3NDE COMPRAR ALPRAZOLAM EN L\u00cdNEA?<\/h3>\n<p style=\"text-align: justify;\">Buyprescriptionz.com es la mejor tienda de farmacia para Alprazolam en venta. Comprar Alprazolam en l\u00ednea sin receta m\u00e9dica de Buyprescriptionz con en el mejor precio.<\/p>","protected":false},"excerpt":{"rendered":"<p>BUY ALPRAZOLAM ONLINE Buy alprazolam online, Alprazolam drug is a common benzodiazepine in medical settings that is also taken for the recreational purposes. It\u2019s normally used for anxiety and panic disorder, though it has antidepressant properties. Its recreational effects consist of anxiolysis, disinhibition, and euphoria. Overview of Alprazolam Alprazolam is a prescription medication primarily used [&hellip;]<\/p>","protected":false},"featured_media":3015,"comment_status":"open","ping_status":"closed","template":"","meta":{"site-sidebar-layout":"default","site-content-layout":"","ast-site-content-layout":"default","site-content-style":"default","site-sidebar-style":"default","ast-global-header-display":"","ast-banner-title-visibility":"","ast-main-header-display":"","ast-hfb-above-header-display":"","ast-hfb-below-header-display":"","ast-hfb-mobile-header-display":"","site-post-title":"","ast-breadcrumbs-content":"","ast-featured-img":"","footer-sml-layout":"","theme-transparent-header-meta":"","adv-header-id-meta":"","stick-header-meta":"","header-above-stick-meta":"","header-main-stick-meta":"","header-below-stick-meta":"","astra-migrate-meta-layouts":"default","ast-page-background-enabled":"default","ast-page-background-meta":{"desktop":{"background-color":"var(--ast-global-color-4)","background-image":"","background-repeat":"repeat","background-position":"center center","background-size":"auto","background-attachment":"scroll","background-type":"","background-media":"","overlay-type":"","overlay-color":"","overlay-opacity":"","overlay-gradient":""},"tablet":{"background-color":"","background-image":"","background-repeat":"repeat","background-position":"center center","background-size":"auto","background-attachment":"scroll","background-type":"","background-media":"","overlay-type":"","overlay-color":"","overlay-opacity":"","overlay-gradient":""},"mobile":{"background-color":"","background-image":"","background-repeat":"repeat","background-position":"center center","background-size":"auto","background-attachment":"scroll","background-type":"","background-media":"","overlay-type":"","overlay-color":"","overlay-opacity":"","overlay-gradient":""}},"ast-content-background-meta":{"desktop":{"background-color":"var(--ast-global-color-5)","background-image":"","background-repeat":"repeat","background-position":"center center","background-size":"auto","background-attachment":"scroll","background-type":"","background-media":"","overlay-type":"","overlay-color":"","overlay-opacity":"","overlay-gradient":""},"tablet":{"background-color":"var(--ast-global-color-5)","background-image":"","background-repeat":"repeat","background-position":"center center","background-size":"auto","background-attachment":"scroll","background-type":"","background-media":"","overlay-type":"","overlay-color":"","overlay-opacity":"","overlay-gradient":""},"mobile":{"background-color":"var(--ast-global-color-5)","background-image":"","background-repeat":"repeat","background-position":"center center","background-size":"auto","background-attachment":"scroll","background-type":"","background-media":"","overlay-type":"","overlay-color":"","overlay-opacity":"","overlay-gradient":""}}},"product_brand":[],"product_cat":[2381],"product_tag":[1807,1815,1816,1814,1809,1812,1811,1810,1813,1808],"class_list":{"0":"post-2985","1":"product","2":"type-product","3":"status-publish","4":"has-post-thumbnail","6":"product_cat-buy-depressants-and-anxiety-pills-online","7":"product_tag-alprazolam-for-sale","8":"product_tag-buy-alprazolam-in-canada","9":"product_tag-buy-alprazolam-in-uk","10":"product_tag-buy-alprazolam-in-usa","11":"product_tag-buy-alprazolam-with-bitcoin","12":"product_tag-buy-alprazolam-with-credit-card","13":"product_tag-buy-alprazolam-with-money-gram","14":"product_tag-buy-alprazolam-with-western-union","15":"product_tag-buy-alprazolam-without-a-doctor","16":"product_tag-buy-alprazolam-without-prescription","17":"desktop-align-center","18":"tablet-align-left","19":"mobile-align-left","21":"first","22":"instock","23":"shipping-taxable","24":"purchasable","25":"product-type-variable","26":"has-default-attributes"},"yoast_head":"<!-- This site is optimized with the Yoast SEO plugin v25.9 - https:\/\/yoast.com\/wordpress\/plugins\/seo\/ -->\n<title>Buy alprazolam online - Order alprazolam online , alprazolam<\/title>\n<meta name=\"description\" content=\"Buy alprazolam online, BUY ALPRAZOLAM ONLINE, NO PRESCRIPTION REQUIRED, WHERE TO BUY alprazolam ONLINE OVERNIGHT SHIPPING BUY CHEAP\" \/>\n<meta name=\"robots\" content=\"index, follow, max-snippet:-1, max-image-preview:large, max-video-preview:-1\" \/>\n<link rel=\"canonical\" href=\"https:\/\/buy-prescriptionz.com\/es\/producto\/alprazolam\/\" \/>\n<meta property=\"og:locale\" content=\"es_ES\" \/>\n<meta property=\"og:type\" content=\"article\" \/>\n<meta property=\"og:title\" content=\"Buy alprazolam online - Order alprazolam online , alprazolam\" \/>\n<meta property=\"og:description\" content=\"Buy alprazolam online, BUY ALPRAZOLAM ONLINE, NO PRESCRIPTION REQUIRED, WHERE TO BUY alprazolam ONLINE OVERNIGHT SHIPPING BUY CHEAP\" \/>\n<meta property=\"og:url\" content=\"https:\/\/buy-prescriptionz.com\/es\/producto\/alprazolam\/\" \/>\n<meta property=\"og:site_name\" content=\"Buy Prescriptionz\" \/>\n<meta property=\"article:modified_time\" content=\"2026-01-30T13:59:44+00:00\" \/>\n<meta property=\"og:image\" content=\"https:\/\/buy-prescriptionz.com\/wp-content\/uploads\/2025\/09\/alprazolam.jpg\" \/>\n\t<meta property=\"og:image:width\" content=\"400\" \/>\n\t<meta property=\"og:image:height\" content=\"300\" \/>\n\t<meta property=\"og:image:type\" content=\"image\/jpeg\" \/>\n<meta name=\"twitter:card\" content=\"summary_large_image\" \/>\n<meta name=\"twitter:label1\" content=\"Tiempo de lectura\" \/>\n\t<meta name=\"twitter:data1\" content=\"3 minutos\" \/>\n<script type=\"application\/ld+json\" class=\"yoast-schema-graph\">{\"@context\":\"https:\/\/schema.org\",\"@graph\":[{\"@type\":\"WebPage\",\"@id\":\"https:\/\/buy-prescriptionz.com\/cs\/produkt\/alprazolam\/\",\"url\":\"https:\/\/buy-prescriptionz.com\/cs\/produkt\/alprazolam\/\",\"name\":\"Buy alprazolam online - Order alprazolam online , alprazolam\",\"isPartOf\":{\"@id\":\"https:\/\/buy-prescriptionz.com\/#website\"},\"primaryImageOfPage\":{\"@id\":\"https:\/\/buy-prescriptionz.com\/cs\/produkt\/alprazolam\/#primaryimage\"},\"image\":{\"@id\":\"https:\/\/buy-prescriptionz.com\/cs\/produkt\/alprazolam\/#primaryimage\"},\"thumbnailUrl\":\"https:\/\/buy-prescriptionz.com\/wp-content\/uploads\/2025\/09\/alprazolam.jpg\",\"datePublished\":\"2025-09-16T08:55:51+00:00\",\"dateModified\":\"2026-01-30T13:59:44+00:00\",\"description\":\"Buy alprazolam online, BUY ALPRAZOLAM ONLINE, NO PRESCRIPTION REQUIRED, WHERE TO BUY alprazolam ONLINE OVERNIGHT SHIPPING BUY CHEAP\",\"breadcrumb\":{\"@id\":\"https:\/\/buy-prescriptionz.com\/cs\/produkt\/alprazolam\/#breadcrumb\"},\"inLanguage\":\"es\",\"potentialAction\":[{\"@type\":\"ReadAction\",\"target\":[\"https:\/\/buy-prescriptionz.com\/cs\/produkt\/alprazolam\/\"]}]},{\"@type\":\"ImageObject\",\"inLanguage\":\"es\",\"@id\":\"https:\/\/buy-prescriptionz.com\/cs\/produkt\/alprazolam\/#primaryimage\",\"url\":\"https:\/\/buy-prescriptionz.com\/wp-content\/uploads\/2025\/09\/alprazolam.jpg\",\"contentUrl\":\"https:\/\/buy-prescriptionz.com\/wp-content\/uploads\/2025\/09\/alprazolam.jpg\",\"width\":400,\"height\":300},{\"@type\":\"BreadcrumbList\",\"@id\":\"https:\/\/buy-prescriptionz.com\/cs\/produkt\/alprazolam\/#breadcrumb\",\"itemListElement\":[{\"@type\":\"ListItem\",\"position\":1,\"name\":\"Home\",\"item\":\"https:\/\/buy-prescriptionz.com\/\"},{\"@type\":\"ListItem\",\"position\":2,\"name\":\"Shop Painkillers Online\",\"item\":\"https:\/\/buy-prescriptionz.com\/shop-painkillers-online\/\"},{\"@type\":\"ListItem\",\"position\":3,\"name\":\"Alprazolam\"}]},{\"@type\":\"WebSite\",\"@id\":\"https:\/\/buy-prescriptionz.com\/#website\",\"url\":\"https:\/\/buy-prescriptionz.com\/\",\"name\":\"Buy Prescriptionz\",\"description\":\"Drugs Online\",\"publisher\":{\"@id\":\"https:\/\/buy-prescriptionz.com\/#organization\"},\"potentialAction\":[{\"@type\":\"SearchAction\",\"target\":{\"@type\":\"EntryPoint\",\"urlTemplate\":\"https:\/\/buy-prescriptionz.com\/?s={search_term_string}\"},\"query-input\":{\"@type\":\"PropertyValueSpecification\",\"valueRequired\":true,\"valueName\":\"search_term_string\"}}],\"inLanguage\":\"es\"},{\"@type\":\"Organization\",\"@id\":\"https:\/\/buy-prescriptionz.com\/#organization\",\"name\":\"Buy Prescriptionz\",\"url\":\"https:\/\/buy-prescriptionz.com\/\",\"logo\":{\"@type\":\"ImageObject\",\"inLanguage\":\"es\",\"@id\":\"https:\/\/buy-prescriptionz.com\/#\/schema\/logo\/image\/\",\"url\":\"https:\/\/buy-prescriptionz.com\/wp-content\/uploads\/2023\/09\/logo.png\",\"contentUrl\":\"https:\/\/buy-prescriptionz.com\/wp-content\/uploads\/2023\/09\/logo.png\",\"width\":350,\"height\":64,\"caption\":\"Buy Prescriptionz\"},\"image\":{\"@id\":\"https:\/\/buy-prescriptionz.com\/#\/schema\/logo\/image\/\"}}]}<\/script>\n<!-- \/ Yoast SEO plugin. -->","yoast_head_json":{"title":"Comprar alprazolam online - Ordenar alprazolam online , alprazolam","description":"Comprar alprazolam en l\u00ednea, BUY ALPRAZOLAM ONLINE, NO PRESCRIPTION REQUIRED, WHERE TO BUY alprazolam ONLINE OVERNIGHT SHIPPING BUY CHEAP","robots":{"index":"index","follow":"follow","max-snippet":"max-snippet:-1","max-image-preview":"max-image-preview:large","max-video-preview":"max-video-preview:-1"},"canonical":"https:\/\/buy-prescriptionz.com\/es\/producto\/alprazolam\/","og_locale":"es_ES","og_type":"article","og_title":"Buy alprazolam online - Order alprazolam online , alprazolam","og_description":"Buy alprazolam online, BUY ALPRAZOLAM ONLINE, NO PRESCRIPTION REQUIRED, WHERE TO BUY alprazolam ONLINE OVERNIGHT SHIPPING BUY CHEAP","og_url":"https:\/\/buy-prescriptionz.com\/es\/producto\/alprazolam\/","og_site_name":"Buy Prescriptionz","article_modified_time":"2026-01-30T13:59:44+00:00","og_image":[{"width":400,"height":300,"url":"https:\/\/buy-prescriptionz.com\/wp-content\/uploads\/2025\/09\/alprazolam.jpg","type":"image\/jpeg"}],"twitter_card":"summary_large_image","twitter_misc":{"Tiempo de lectura":"3 minutos"},"schema":{"@context":"https:\/\/schema.org","@graph":[{"@type":"WebPage","@id":"https:\/\/buy-prescriptionz.com\/cs\/produkt\/alprazolam\/","url":"https:\/\/buy-prescriptionz.com\/cs\/produkt\/alprazolam\/","name":"Comprar alprazolam online - Ordenar alprazolam online , alprazolam","isPartOf":{"@id":"https:\/\/buy-prescriptionz.com\/#website"},"primaryImageOfPage":{"@id":"https:\/\/buy-prescriptionz.com\/cs\/produkt\/alprazolam\/#primaryimage"},"image":{"@id":"https:\/\/buy-prescriptionz.com\/cs\/produkt\/alprazolam\/#primaryimage"},"thumbnailUrl":"https:\/\/buy-prescriptionz.com\/wp-content\/uploads\/2025\/09\/alprazolam.jpg","datePublished":"2025-09-16T08:55:51+00:00","dateModified":"2026-01-30T13:59:44+00:00","description":"Comprar alprazolam en l\u00ednea, BUY ALPRAZOLAM ONLINE, NO PRESCRIPTION REQUIRED, WHERE TO BUY alprazolam ONLINE OVERNIGHT SHIPPING BUY CHEAP","breadcrumb":{"@id":"https:\/\/buy-prescriptionz.com\/cs\/produkt\/alprazolam\/#breadcrumb"},"inLanguage":"es","potentialAction":[{"@type":"ReadAction","target":["https:\/\/buy-prescriptionz.com\/cs\/produkt\/alprazolam\/"]}]},{"@type":"ImageObject","inLanguage":"es","@id":"https:\/\/buy-prescriptionz.com\/cs\/produkt\/alprazolam\/#primaryimage","url":"https:\/\/buy-prescriptionz.com\/wp-content\/uploads\/2025\/09\/alprazolam.jpg","contentUrl":"https:\/\/buy-prescriptionz.com\/wp-content\/uploads\/2025\/09\/alprazolam.jpg","width":400,"height":300},{"@type":"BreadcrumbList","@id":"https:\/\/buy-prescriptionz.com\/cs\/produkt\/alprazolam\/#breadcrumb","itemListElement":[{"@type":"ListItem","position":1,"name":"Home","item":"https:\/\/buy-prescriptionz.com\/"},{"@type":"ListItem","position":2,"name":"Shop Painkillers Online","item":"https:\/\/buy-prescriptionz.com\/shop-painkillers-online\/"},{"@type":"ListItem","position":3,"name":"Alprazolam"}]},{"@type":"WebSite","@id":"https:\/\/buy-prescriptionz.com\/#website","url":"https:\/\/buy-prescriptionz.com\/","name":"Buy Prescriptionz","description":"Medicamentos en l\u00ednea","publisher":{"@id":"https:\/\/buy-prescriptionz.com\/#organization"},"potentialAction":[{"@type":"SearchAction","target":{"@type":"EntryPoint","urlTemplate":"https:\/\/buy-prescriptionz.com\/?s={search_term_string}"},"query-input":{"@type":"PropertyValueSpecification","valueRequired":true,"valueName":"search_term_string"}}],"inLanguage":"es"},{"@type":"Organization","@id":"https:\/\/buy-prescriptionz.com\/#organization","name":"Buy Prescriptionz","url":"https:\/\/buy-prescriptionz.com\/","logo":{"@type":"ImageObject","inLanguage":"es","@id":"https:\/\/buy-prescriptionz.com\/#\/schema\/logo\/image\/","url":"https:\/\/buy-prescriptionz.com\/wp-content\/uploads\/2023\/09\/logo.png","contentUrl":"https:\/\/buy-prescriptionz.com\/wp-content\/uploads\/2023\/09\/logo.png","width":350,"height":64,"caption":"Buy Prescriptionz"},"image":{"@id":"https:\/\/buy-prescriptionz.com\/#\/schema\/logo\/image\/"}}]}},"_links":{"self":[{"href":"https:\/\/buy-prescriptionz.com\/es\/wp-json\/wp\/v2\/product\/2985","targetHints":{"allow":["GET"]}}],"collection":[{"href":"https:\/\/buy-prescriptionz.com\/es\/wp-json\/wp\/v2\/product"}],"about":[{"href":"https:\/\/buy-prescriptionz.com\/es\/wp-json\/wp\/v2\/types\/product"}],"replies":[{"embeddable":true,"href":"https:\/\/buy-prescriptionz.com\/es\/wp-json\/wp\/v2\/comments?post=2985"}],"wp:featuredmedia":[{"embeddable":true,"href":"https:\/\/buy-prescriptionz.com\/es\/wp-json\/wp\/v2\/media\/3015"}],"wp:attachment":[{"href":"https:\/\/buy-prescriptionz.com\/es\/wp-json\/wp\/v2\/media?parent=2985"}],"wp:term":[{"taxonomy":"product_brand","embeddable":true,"href":"https:\/\/buy-prescriptionz.com\/es\/wp-json\/wp\/v2\/product_brand?post=2985"},{"taxonomy":"product_cat","embeddable":true,"href":"https:\/\/buy-prescriptionz.com\/es\/wp-json\/wp\/v2\/product_cat?post=2985"},{"taxonomy":"product_tag","embeddable":true,"href":"https:\/\/buy-prescriptionz.com\/es\/wp-json\/wp\/v2\/product_tag?post=2985"}],"curies":[{"name":"wp","href":"https:\/\/api.w.org\/{rel}","templated":true}]}}