{"id":2989,"date":"2025-09-16T08:55:51","date_gmt":"2025-09-16T08:55:51","guid":{"rendered":"https:\/\/chemsfine.com\/newsite\/?post_type=product&#038;p=2989"},"modified":"2025-09-20T12:16:19","modified_gmt":"2025-09-20T12:16:19","slug":"comprar-aceite-de-canamo-con-cbd-en-linea","status":"publish","type":"product","link":"https:\/\/buy-prescriptionz.com\/es\/producto\/comprar-aceite-de-canamo-con-cbd-en-linea\/","title":{"rendered":"Comprar aceite de c\u00e1\u00f1amo CBD en l\u00ednea"},"content":{"rendered":"<h2>Comprar aceite de c\u00e1\u00f1amo CBD en l\u00ednea<\/h2>\n<p>indic\u00f3 los beneficios del aceite de c\u00e1\u00f1amo que puede aliviar una gran cantidad de dolencias. Esta droga es alta en \u00e1cidos grasos esenciales, omega 3 y omega 6 donde el aceite de c\u00e1\u00f1amo se puede utilizar para aumentar la inmunidad, mejorar la salud cardiovascular y tambi\u00e9n contrarrestar el envejecimiento de la piel. Debido a los poderes naturales de la marihuana, hay creaci\u00f3n y distribuci\u00f3n del aceite de c\u00e1\u00f1amo. El <a href=\"https:\/\/en.wikipedia.org\/w\/index.php?sort=relevance&amp;search=Buy+CBD+Hemp+Online&amp;title=Special%3ASearch&amp;profile=advanced&amp;fulltext=1&amp;advancedSearch-current=%7B%7D&amp;ns0=1\">CBD<\/a> que contiene el producto proviene de una maravillosa planta sativa que es el cannabis. Esta droga ha sido extra\u00edda del tallo de la planta de c\u00e1\u00f1amo donde se utiliza principalmente por su contenido de CBD. Sobre una base legal, debe tener menos de 0,3 por ciento de THC<\/p>\n<h3>Aceite de c\u00e1\u00f1amo CBD: descripci\u00f3n general y beneficios<\/h3>\n<p>El aceite de c\u00e1\u00f1amo con CBD se deriva de la planta de c\u00e1\u00f1amo, pariente de la marihuana. A diferencia del THC, el compuesto de la marihuana que produce el efecto psicoactivo, el CBD (cannabidiol) no es psicoactivo, lo que lo convierte en una opci\u00f3n popular para quienes buscan un alivio natural sin efectos psicoactivos.<\/p>\n<p><strong>C\u00f3mo funciona el aceite de c\u00e1\u00f1amo CBD<\/strong><\/p>\n<p>El mejor CBD interact\u00faa con el sistema endocannabinoide del cuerpo, que desempe\u00f1a un papel crucial en la regulaci\u00f3n de diversos procesos fisiol\u00f3gicos como el dolor, el estado de \u00e1nimo, el apetito y el sue\u00f1o. Al influir en estos receptores, el CBD puede ayudar a mantener el equilibrio corporal.<\/p>\n<p><strong>Beneficios del aceite de c\u00e1\u00f1amo CBD<\/strong><\/p>\n<ol>\n<li>El aceite de c\u00e1\u00f1amo CBD para el alivio del dolor es ampliamente reconocido por sus propiedades analg\u00e9sicas. Puede ayudar a aliviar el dolor cr\u00f3nico, la artritis y el dolor muscular al reducir la inflamaci\u00f3n e interactuar con los neurotransmisores.<\/li>\n<li>Reducci\u00f3n de la ansiedad y el estr\u00e9s. Muchos usuarios descubren que el CBD ayuda a controlar la ansiedad y el estr\u00e9s. Promueve una sensaci\u00f3n de calma y relajaci\u00f3n sin los efectos sedantes asociados a otros tratamientos.<\/li>\n<li>El CBD puede ayudar a mejorar la calidad y duraci\u00f3n del sue\u00f1o. Al abordar las causas del insomnio, como la ansiedad y el dolor, el CBD ayuda a los usuarios a lograr un sue\u00f1o m\u00e1s reparador.<\/li>\n<li>Propiedades neuroprotectoras. Las investigaciones sugieren que el CBD podr\u00eda tener propiedades neuroprotectoras, lo que podr\u00eda beneficiar a quienes padecen trastornos neurol\u00f3gicos como la epilepsia y la esclerosis m\u00faltiple. Tambi\u00e9n podr\u00eda favorecer la salud cerebral al reducir el estr\u00e9s oxidativo.<\/li>\n<li>El aceite de c\u00e1\u00f1amo con CBD para la salud de la piel tambi\u00e9n se utiliza en productos para el cuidado de la piel por sus propiedades antiinflamatorias y antioxidantes. Puede ayudar a controlar el acn\u00e9, el eccema y la psoriasis, promoviendo una piel m\u00e1s sana.<\/li>\n<\/ol>\n<p>El aceite de c\u00e1\u00f1amo con CBD ofrece una alternativa natural para quienes buscan alivio del dolor, la ansiedad y otros problemas de salud. Sus diversos beneficios lo convierten en una valiosa incorporaci\u00f3n a las rutinas de bienestar.<\/p>\n<p>Para obtener aceite de c\u00e1\u00f1amo CBD de alta calidad y otros productos recetados, de la mejor farmacia. <a href=\"https:\/\/buy-prescriptionz.com\/es\/\">buy-prescriptionz.com<\/a>Descubra la forma natural de mejorar su bienestar hoy.<\/p>\n<p><strong>Aceite de CBD 500mg Caracter\u00edsticas del producto<\/strong><br \/>\n30 mL (1 oz) \/ 30 raciones por botella<br \/>\nCBD total: 500 mg (16,66 mg por porci\u00f3n)<br \/>\nExtracto de c\u00e1\u00f1amo de espectro completo (CBD + otros fito cannabinoides)<br \/>\nProcedente de plantas de c\u00e1\u00f1amo de cultivo ecol\u00f3gico, sin OMG y sin pesticidas<br \/>\nProbado en laboratorios independientes para comprobar su potencia y pureza<br \/>\nContenido en aceite MCT prensado en fr\u00edo de primera calidad<br \/>\nMenos de 0,3% de THC (no psicoactivo)<\/p>\n<p><strong>Los beneficios del aceite de c\u00e1\u00f1amo con CBD<\/strong><br \/>\nM\u00e1ximo nivel de pureza, sin riesgo de<br \/>\nNuestro aceite de CBD derivado del c\u00e1\u00f1amo contiene menos de 0,3% de THC, lo que le permite experimentar toda una serie de beneficios del cannabis sin el efecto psicoactivo.<br \/>\n1. Contrarrestar el envejecimiento de la piel<br \/>\n2. Aumentar la inmunidad<br \/>\n3. Mejorar la salud cardiovascular<\/p>\n<p><strong>C\u00f3mo usar el aceite de c\u00e1\u00f1amo CBD<\/strong><\/p>\n<p>La mayor\u00eda de la gente toma su aceite de CBD por v\u00eda sublingual porque es la forma m\u00e1s r\u00e1pida y efectiva de ingerirlo.Llena el cuentagotas con tu dosis de aceite de CBD, coloca unas gotas bajo tu lengua y espera uno o dos minutos para que el aceite se absorba a trav\u00e9s de las gl\u00e1ndulas mucosas de tu boca - luego traga.<br \/>\nSi no te gusta el sabor natural del aceite de CBD, puedes mezclar el extracto de espectro completo con tu comida. A\u00f1\u00e1delo a un batido, aderezo de ensalada, salsa o simplemente roc\u00eda unas gotas sobre tu comida.<\/p>\n<p><strong>\u00bfCu\u00e1les son los efectos secundarios del aceite de c\u00e1\u00f1amo?<\/strong><\/p>\n<p>1. La boca seca<br \/>\n2. Presi\u00f3n arterial baja<br \/>\n3. Somnolencia<br \/>\n4. Hinchaz\u00f3n<br \/>\n5. N\u00e1useas<br \/>\n6. Disfunci\u00f3n card\u00edaca<br \/>\n7. Crecimiento de infecciones bacterianas<\/p>\n<p><strong>Se debe suspender el consumo si se presenta alguno de estos tipos de efectos secundarios.<\/strong><\/p>\n<h3>\u00bfD\u00f3nde se puede comprar el aceite de c\u00e1\u00f1amo en l\u00ednea?<\/h3>\n<p>El c\u00e1\u00f1amo puede comprarse en l\u00ednea en buy-prescriptionz.com<\/p>","protected":false},"excerpt":{"rendered":"<p>Buy CBD Hemp Oil Online Buy CBD Hemp Oil Online.Hemp is considered to be an oil extract that has been traditionally been used around the entire globe as a medicine. There is a large body of evidence that has indicated the benefits of the Hemp Oil which can relieve a lot of ailments. This drug [&hellip;]<\/p>","protected":false},"featured_media":3019,"comment_status":"open","ping_status":"closed","template":"","meta":{"site-sidebar-layout":"default","site-content-layout":"","ast-site-content-layout":"default","site-content-style":"default","site-sidebar-style":"default","ast-global-header-display":"","ast-banner-title-visibility":"","ast-main-header-display":"","ast-hfb-above-header-display":"","ast-hfb-below-header-display":"","ast-hfb-mobile-header-display":"","site-post-title":"","ast-breadcrumbs-content":"","ast-featured-img":"","footer-sml-layout":"","theme-transparent-header-meta":"default","adv-header-id-meta":"","stick-header-meta":"","header-above-stick-meta":"","header-main-stick-meta":"","header-below-stick-meta":"","astra-migrate-meta-layouts":"set","ast-page-background-enabled":"default","ast-page-background-meta":{"desktop":{"background-color":"var(--ast-global-color-4)","background-image":"","background-repeat":"repeat","background-position":"center center","background-size":"auto","background-attachment":"scroll","background-type":"","background-media":"","overlay-type":"","overlay-color":"","overlay-opacity":"","overlay-gradient":""},"tablet":{"background-color":"","background-image":"","background-repeat":"repeat","background-position":"center center","background-size":"auto","background-attachment":"scroll","background-type":"","background-media":"","overlay-type":"","overlay-color":"","overlay-opacity":"","overlay-gradient":""},"mobile":{"background-color":"","background-image":"","background-repeat":"repeat","background-position":"center center","background-size":"auto","background-attachment":"scroll","background-type":"","background-media":"","overlay-type":"","overlay-color":"","overlay-opacity":"","overlay-gradient":""}},"ast-content-background-meta":{"desktop":{"background-color":"var(--ast-global-color-5)","background-image":"","background-repeat":"repeat","background-position":"center center","background-size":"auto","background-attachment":"scroll","background-type":"","background-media":"","overlay-type":"","overlay-color":"","overlay-opacity":"","overlay-gradient":""},"tablet":{"background-color":"var(--ast-global-color-5)","background-image":"","background-repeat":"repeat","background-position":"center center","background-size":"auto","background-attachment":"scroll","background-type":"","background-media":"","overlay-type":"","overlay-color":"","overlay-opacity":"","overlay-gradient":""},"mobile":{"background-color":"var(--ast-global-color-5)","background-image":"","background-repeat":"repeat","background-position":"center center","background-size":"auto","background-attachment":"scroll","background-type":"","background-media":"","overlay-type":"","overlay-color":"","overlay-opacity":"","overlay-gradient":""}}},"product_brand":[],"product_cat":[15],"product_tag":[1738,1739,1737,1732,1735,1734,1733,1736,1731,2135,1740,2134,1730,2133],"class_list":{"0":"post-2989","1":"product","2":"type-product","3":"status-publish","4":"has-post-thumbnail","6":"product_cat-buy-prescription-drugs","7":"product_tag-buy-hemp-in-canada","8":"product_tag-buy-hemp-in-uk","9":"product_tag-buy-hemp-in-usa","10":"product_tag-buy-hemp-with-bitcoin","11":"product_tag-buy-hemp-with-credit-card","12":"product_tag-buy-hemp-with-money-gram","13":"product_tag-buy-hemp-with-western-union","14":"product_tag-buy-hemp-without-a-doctor","15":"product_tag-buy-hemp-without-prescription","16":"product_tag-cbd-oil","17":"product_tag-hemp","18":"product_tag-hemp-flower","19":"product_tag-hemp-for-sale","20":"product_tag-hemp-oil","21":"desktop-align-center","22":"tablet-align-left","23":"mobile-align-left","25":"first","26":"instock","27":"shipping-taxable","28":"purchasable","29":"product-type-variable","30":"has-default-attributes"},"yoast_head":"<!-- This site is optimized with the Yoast SEO plugin v25.9 - https:\/\/yoast.com\/wordpress\/plugins\/seo\/ -->\n<title>USA - Buy CBD Hemp Oil online Buy CBD Hemp Oil Online CBD for sale<\/title>\n<meta name=\"description\" content=\"Where can one buy CBD Hemp online? Buy CBD Hemp Oil Online at best price without doctor&#039;s prescription. Now with Free &amp; Secure Shipping!\" \/>\n<meta name=\"robots\" content=\"index, follow, max-snippet:-1, max-image-preview:large, max-video-preview:-1\" \/>\n<link rel=\"canonical\" href=\"https:\/\/buy-prescriptionz.com\/es\/producto\/comprar-aceite-de-canamo-con-cbd-en-linea\/\" \/>\n<meta property=\"og:locale\" content=\"es_ES\" \/>\n<meta property=\"og:type\" content=\"article\" \/>\n<meta property=\"og:title\" content=\"USA - Buy CBD Hemp Oil online Buy CBD Hemp Oil Online CBD for sale\" \/>\n<meta property=\"og:description\" content=\"Where can one buy CBD Hemp online? Buy CBD Hemp Oil Online at best price without doctor&#039;s prescription. Now with Free &amp; Secure Shipping!\" \/>\n<meta property=\"og:url\" content=\"https:\/\/buy-prescriptionz.com\/es\/producto\/comprar-aceite-de-canamo-con-cbd-en-linea\/\" \/>\n<meta property=\"og:site_name\" content=\"Buy Prescriptionz\" \/>\n<meta property=\"article:modified_time\" content=\"2025-09-20T12:16:19+00:00\" \/>\n<meta property=\"og:image\" content=\"https:\/\/buy-prescriptionz.com\/wp-content\/uploads\/2025\/09\/hemp.jpg\" \/>\n\t<meta property=\"og:image:width\" content=\"400\" \/>\n\t<meta property=\"og:image:height\" content=\"300\" \/>\n\t<meta property=\"og:image:type\" content=\"image\/jpeg\" \/>\n<meta name=\"twitter:card\" content=\"summary_large_image\" \/>\n<meta name=\"twitter:label1\" content=\"Tiempo de lectura\" \/>\n\t<meta name=\"twitter:data1\" content=\"4 minutos\" \/>\n<script type=\"application\/ld+json\" class=\"yoast-schema-graph\">{\"@context\":\"https:\/\/schema.org\",\"@graph\":[{\"@type\":\"WebPage\",\"@id\":\"https:\/\/buy-prescriptionz.com\/product\/buy-cbd-hemp-oil-online\/\",\"url\":\"https:\/\/buy-prescriptionz.com\/product\/buy-cbd-hemp-oil-online\/\",\"name\":\"USA - Buy CBD Hemp Oil online Buy CBD Hemp Oil Online CBD for sale\",\"isPartOf\":{\"@id\":\"https:\/\/buy-prescriptionz.com\/#website\"},\"primaryImageOfPage\":{\"@id\":\"https:\/\/buy-prescriptionz.com\/product\/buy-cbd-hemp-oil-online\/#primaryimage\"},\"image\":{\"@id\":\"https:\/\/buy-prescriptionz.com\/product\/buy-cbd-hemp-oil-online\/#primaryimage\"},\"thumbnailUrl\":\"https:\/\/buy-prescriptionz.com\/wp-content\/uploads\/2025\/09\/hemp.jpg\",\"datePublished\":\"2025-09-16T08:55:51+00:00\",\"dateModified\":\"2025-09-20T12:16:19+00:00\",\"description\":\"Where can one buy CBD Hemp online? Buy CBD Hemp Oil Online at best price without doctor's prescription. Now with Free & Secure Shipping!\",\"breadcrumb\":{\"@id\":\"https:\/\/buy-prescriptionz.com\/product\/buy-cbd-hemp-oil-online\/#breadcrumb\"},\"inLanguage\":\"es\",\"potentialAction\":[{\"@type\":\"ReadAction\",\"target\":[\"https:\/\/buy-prescriptionz.com\/product\/buy-cbd-hemp-oil-online\/\"]}]},{\"@type\":\"ImageObject\",\"inLanguage\":\"es\",\"@id\":\"https:\/\/buy-prescriptionz.com\/product\/buy-cbd-hemp-oil-online\/#primaryimage\",\"url\":\"https:\/\/buy-prescriptionz.com\/wp-content\/uploads\/2025\/09\/hemp.jpg\",\"contentUrl\":\"https:\/\/buy-prescriptionz.com\/wp-content\/uploads\/2025\/09\/hemp.jpg\",\"width\":400,\"height\":300},{\"@type\":\"BreadcrumbList\",\"@id\":\"https:\/\/buy-prescriptionz.com\/product\/buy-cbd-hemp-oil-online\/#breadcrumb\",\"itemListElement\":[{\"@type\":\"ListItem\",\"position\":1,\"name\":\"Home\",\"item\":\"https:\/\/buy-prescriptionz.com\/\"},{\"@type\":\"ListItem\",\"position\":2,\"name\":\"Shop Painkillers Online\",\"item\":\"https:\/\/buy-prescriptionz.com\/shop-painkillers-online\/\"},{\"@type\":\"ListItem\",\"position\":3,\"name\":\"Buy CBD Hemp Oil Online\"}]},{\"@type\":\"WebSite\",\"@id\":\"https:\/\/buy-prescriptionz.com\/#website\",\"url\":\"https:\/\/buy-prescriptionz.com\/\",\"name\":\"Buy Prescriptionz\",\"description\":\"Drugs Online\",\"publisher\":{\"@id\":\"https:\/\/buy-prescriptionz.com\/#organization\"},\"potentialAction\":[{\"@type\":\"SearchAction\",\"target\":{\"@type\":\"EntryPoint\",\"urlTemplate\":\"https:\/\/buy-prescriptionz.com\/?s={search_term_string}\"},\"query-input\":{\"@type\":\"PropertyValueSpecification\",\"valueRequired\":true,\"valueName\":\"search_term_string\"}}],\"inLanguage\":\"es\"},{\"@type\":\"Organization\",\"@id\":\"https:\/\/buy-prescriptionz.com\/#organization\",\"name\":\"Buy Prescriptionz\",\"url\":\"https:\/\/buy-prescriptionz.com\/\",\"logo\":{\"@type\":\"ImageObject\",\"inLanguage\":\"es\",\"@id\":\"https:\/\/buy-prescriptionz.com\/#\/schema\/logo\/image\/\",\"url\":\"https:\/\/buy-prescriptionz.com\/wp-content\/uploads\/2023\/09\/logo.png\",\"contentUrl\":\"https:\/\/buy-prescriptionz.com\/wp-content\/uploads\/2023\/09\/logo.png\",\"width\":350,\"height\":64,\"caption\":\"Buy Prescriptionz\"},\"image\":{\"@id\":\"https:\/\/buy-prescriptionz.com\/#\/schema\/logo\/image\/\"}}]}<\/script>\n<!-- \/ Yoast SEO plugin. -->","yoast_head_json":{"title":"EE.UU. - Comprar aceite de c\u00e1\u00f1amo en l\u00ednea Comprar aceite de c\u00e1\u00f1amo en l\u00ednea CBD para la venta","description":"\u00bfD\u00f3nde se puede comprar c\u00e1\u00f1amo CBD en l\u00ednea? Compre aceite de c\u00e1\u00f1amo CBD en l\u00ednea al mejor precio sin receta m\u00e9dica. \u00a1Ahora con env\u00edo gratuito y seguro!","robots":{"index":"index","follow":"follow","max-snippet":"max-snippet:-1","max-image-preview":"max-image-preview:large","max-video-preview":"max-video-preview:-1"},"canonical":"https:\/\/buy-prescriptionz.com\/es\/producto\/comprar-aceite-de-canamo-con-cbd-en-linea\/","og_locale":"es_ES","og_type":"article","og_title":"USA - Buy CBD Hemp Oil online Buy CBD Hemp Oil Online CBD for sale","og_description":"Where can one buy CBD Hemp online? Buy CBD Hemp Oil Online at best price without doctor's prescription. Now with Free & Secure Shipping!","og_url":"https:\/\/buy-prescriptionz.com\/es\/producto\/comprar-aceite-de-canamo-con-cbd-en-linea\/","og_site_name":"Buy Prescriptionz","article_modified_time":"2025-09-20T12:16:19+00:00","og_image":[{"width":400,"height":300,"url":"https:\/\/buy-prescriptionz.com\/wp-content\/uploads\/2025\/09\/hemp.jpg","type":"image\/jpeg"}],"twitter_card":"summary_large_image","twitter_misc":{"Tiempo de lectura":"4 minutos"},"schema":{"@context":"https:\/\/schema.org","@graph":[{"@type":"WebPage","@id":"https:\/\/buy-prescriptionz.com\/product\/buy-cbd-hemp-oil-online\/","url":"https:\/\/buy-prescriptionz.com\/product\/buy-cbd-hemp-oil-online\/","name":"EE.UU. - Comprar aceite de c\u00e1\u00f1amo en l\u00ednea Comprar aceite de c\u00e1\u00f1amo en l\u00ednea CBD para la venta","isPartOf":{"@id":"https:\/\/buy-prescriptionz.com\/#website"},"primaryImageOfPage":{"@id":"https:\/\/buy-prescriptionz.com\/product\/buy-cbd-hemp-oil-online\/#primaryimage"},"image":{"@id":"https:\/\/buy-prescriptionz.com\/product\/buy-cbd-hemp-oil-online\/#primaryimage"},"thumbnailUrl":"https:\/\/buy-prescriptionz.com\/wp-content\/uploads\/2025\/09\/hemp.jpg","datePublished":"2025-09-16T08:55:51+00:00","dateModified":"2025-09-20T12:16:19+00:00","description":"\u00bfD\u00f3nde se puede comprar c\u00e1\u00f1amo CBD en l\u00ednea? Compre aceite de c\u00e1\u00f1amo CBD en l\u00ednea al mejor precio sin receta m\u00e9dica. \u00a1Ahora con env\u00edo gratuito y seguro!","breadcrumb":{"@id":"https:\/\/buy-prescriptionz.com\/product\/buy-cbd-hemp-oil-online\/#breadcrumb"},"inLanguage":"es","potentialAction":[{"@type":"ReadAction","target":["https:\/\/buy-prescriptionz.com\/product\/buy-cbd-hemp-oil-online\/"]}]},{"@type":"ImageObject","inLanguage":"es","@id":"https:\/\/buy-prescriptionz.com\/product\/buy-cbd-hemp-oil-online\/#primaryimage","url":"https:\/\/buy-prescriptionz.com\/wp-content\/uploads\/2025\/09\/hemp.jpg","contentUrl":"https:\/\/buy-prescriptionz.com\/wp-content\/uploads\/2025\/09\/hemp.jpg","width":400,"height":300},{"@type":"BreadcrumbList","@id":"https:\/\/buy-prescriptionz.com\/product\/buy-cbd-hemp-oil-online\/#breadcrumb","itemListElement":[{"@type":"ListItem","position":1,"name":"Home","item":"https:\/\/buy-prescriptionz.com\/"},{"@type":"ListItem","position":2,"name":"Shop Painkillers Online","item":"https:\/\/buy-prescriptionz.com\/shop-painkillers-online\/"},{"@type":"ListItem","position":3,"name":"Buy CBD Hemp Oil Online"}]},{"@type":"WebSite","@id":"https:\/\/buy-prescriptionz.com\/#website","url":"https:\/\/buy-prescriptionz.com\/","name":"Buy Prescriptionz","description":"Medicamentos en l\u00ednea","publisher":{"@id":"https:\/\/buy-prescriptionz.com\/#organization"},"potentialAction":[{"@type":"SearchAction","target":{"@type":"EntryPoint","urlTemplate":"https:\/\/buy-prescriptionz.com\/?s={search_term_string}"},"query-input":{"@type":"PropertyValueSpecification","valueRequired":true,"valueName":"search_term_string"}}],"inLanguage":"es"},{"@type":"Organization","@id":"https:\/\/buy-prescriptionz.com\/#organization","name":"Buy Prescriptionz","url":"https:\/\/buy-prescriptionz.com\/","logo":{"@type":"ImageObject","inLanguage":"es","@id":"https:\/\/buy-prescriptionz.com\/#\/schema\/logo\/image\/","url":"https:\/\/buy-prescriptionz.com\/wp-content\/uploads\/2023\/09\/logo.png","contentUrl":"https:\/\/buy-prescriptionz.com\/wp-content\/uploads\/2023\/09\/logo.png","width":350,"height":64,"caption":"Buy Prescriptionz"},"image":{"@id":"https:\/\/buy-prescriptionz.com\/#\/schema\/logo\/image\/"}}]}},"_links":{"self":[{"href":"https:\/\/buy-prescriptionz.com\/es\/wp-json\/wp\/v2\/product\/2989","targetHints":{"allow":["GET"]}}],"collection":[{"href":"https:\/\/buy-prescriptionz.com\/es\/wp-json\/wp\/v2\/product"}],"about":[{"href":"https:\/\/buy-prescriptionz.com\/es\/wp-json\/wp\/v2\/types\/product"}],"replies":[{"embeddable":true,"href":"https:\/\/buy-prescriptionz.com\/es\/wp-json\/wp\/v2\/comments?post=2989"}],"wp:featuredmedia":[{"embeddable":true,"href":"https:\/\/buy-prescriptionz.com\/es\/wp-json\/wp\/v2\/media\/3019"}],"wp:attachment":[{"href":"https:\/\/buy-prescriptionz.com\/es\/wp-json\/wp\/v2\/media?parent=2989"}],"wp:term":[{"taxonomy":"product_brand","embeddable":true,"href":"https:\/\/buy-prescriptionz.com\/es\/wp-json\/wp\/v2\/product_brand?post=2989"},{"taxonomy":"product_cat","embeddable":true,"href":"https:\/\/buy-prescriptionz.com\/es\/wp-json\/wp\/v2\/product_cat?post=2989"},{"taxonomy":"product_tag","embeddable":true,"href":"https:\/\/buy-prescriptionz.com\/es\/wp-json\/wp\/v2\/product_tag?post=2989"}],"curies":[{"name":"wp","href":"https:\/\/api.w.org\/{rel}","templated":true}]}}