{"id":2990,"date":"2025-09-16T08:55:52","date_gmt":"2025-09-16T08:55:52","guid":{"rendered":"https:\/\/chemsfine.com\/newsite\/?post_type=product&#038;p=2990"},"modified":"2025-09-20T05:03:17","modified_gmt":"2025-09-20T05:03:17","slug":"comprar-capsulas-de-cannabis-online","status":"publish","type":"product","link":"https:\/\/buy-prescriptionz.com\/es\/producto\/comprar-capsulas-de-cannabis-online\/","title":{"rendered":"Comprar c\u00e1psulas de cannabis en l\u00ednea"},"content":{"rendered":"<h2>Comprar c\u00e1psulas de cannabis en l\u00ednea<\/h2>\n<h3>\u00bfPor qu\u00e9 comprar c\u00e1psulas de cannabis en l\u00ednea?  CBD\/THC - C\u00e1psula de 10MG<\/h3>\n<p>Compra c\u00e1psulas de cannabis online. El hach\u00eds se considera el momento en el que la esencia del cannabis (los tricomas) se separa de la planta. Uno de estos cogollos se considera tricomas, es decir, diminutos pelos de color blanco a \u00e1mbar, y es a partir de estos tricomas que se compone el hach\u00eds. El hach\u00eds contiene altos niveles de THC, que suelen estar entre el 70% y el 90%, lo que permite experimentar los efectos de la marihuana, pero de forma mucho m\u00e1s pronunciada. Muchos consumidores consumen o fuman hach\u00eds para relajarse, mejorar su estado de \u00e1nimo y olvidarse del estr\u00e9s. Compra c\u00e1psulas de cannabis online.<\/p>\n<h5>QU\u00c9 ES LA C\u00c1PSULA DE CANNABIS-Encuentra y compra c\u00e1psulas de cannabis<\/h5>\n<p>Como la palabra lo describe, es un cilindro disoluble del tama\u00f1o de una p\u00edldora para administrar la medicaci\u00f3n a trav\u00e9s de la ingesti\u00f3n. Las c\u00e1psulas van desde un solo cannabinoide hasta un aceite de espectro completo o de una cepa espec\u00edfica, lo que ofrece a los consumidores una gran variedad de opciones para satisfacer sus necesidades exactas. Es un m\u00e9todo m\u00e1s f\u00e1cil de consumir y m\u00e1s c\u00f3modo de ingerir la medicaci\u00f3n en comparaci\u00f3n con la combusti\u00f3n o la vaporizaci\u00f3n. C\u00c1PSULA DE ANABIS<\/p>\n<h3>Precauciones del hach\u00eds<\/h3>\n<p>1. No se debe tomar Hash si se padecen enfermedades relacionadas con el coraz\u00f3n, trastornos mentales, problemas respiratorios o trastornos hemorr\u00e1gicos.<br \/>\n2. Hay que consultar con un m\u00e9dico antes de tomar Hash si se est\u00e1 embarazada.<\/p>\n<p>3. Los medicamentos que pueden interactuar con el Hash incluyen sedantes, depresores del SNC, medicamentos para dormir, tranquilizantes, relajantes musculares y narc\u00f3ticos.<br \/>\n4. No se debe consumir alcohol con Hash de ninguna manera para que se evite la complicaci\u00f3n.<\/p>\n<p><span lang=\"EN-IN\" style=\"font-size: 11.0pt;\">Las c\u00e1psulas de cannabis se han convertido en un m\u00e9todo popular para consumir cannabis, ofreciendo una opci\u00f3n pr\u00e1ctica y sin humo. Estas c\u00e1psulas se elaboran encapsulando aceite de cannabis o extracto de cannabis en polvo, lo que facilita su dosificaci\u00f3n y consumo.<\/span><\/p>\n<h3><span style=\"font-size: 11.0pt; line-height: 115%;\">Beneficios de las c\u00e1psulas de cannabis<\/span><\/h3>\n<h3><span style=\"font-size: 11.0pt; line-height: 115%;\">Dosificaci\u00f3n precisa<\/span><\/h3>\n<p><span lang=\"EN-IN\" style=\"font-size: 11.0pt;\">Una de las principales ventajas de las mejores c\u00e1psulas de cannabis es la posibilidad de lograr una dosificaci\u00f3n precisa. Cada c\u00e1psula contiene una cantidad espec\u00edfica de cannabis, lo que garantiza una ingesta constante y controlada. Esto es especialmente beneficioso para los usuarios medicinales que requieren una dosificaci\u00f3n precisa para controlar sus s\u00edntomas eficazmente.<\/span><\/p>\n<h3><span style=\"font-size: 11.0pt; line-height: 115%;\">Efectos duraderos<\/span><\/h3>\n<p><span lang=\"EN-IN\" style=\"font-size: 11.0pt;\">Las c\u00e1psulas de cannabis ofrecen efectos m\u00e1s duraderos en comparaci\u00f3n con los m\u00e9todos de inhalaci\u00f3n. Al ingerirlo, el cannabis se procesa a trav\u00e9s del sistema digestivo y se metaboliza en el h\u00edgado, lo que resulta en un inicio m\u00e1s lento, pero con efectos m\u00e1s prolongados. Esto convierte a las c\u00e1psulas en una excelente opci\u00f3n para quienes buscan alivio a largo plazo de afecciones cr\u00f3nicas como el dolor, la inflamaci\u00f3n o la ansiedad.<\/span><\/p>\n<h3><span style=\"font-size: 11.0pt; line-height: 115%;\">Consumo discreto<\/span><\/h3>\n<p><span lang=\"EN-IN\" style=\"font-size: 11.0pt;\">Otra ventaja de las c\u00e1psulas de cannabis es su discreci\u00f3n. No tienen olor y se pueden tomar sin llamar la atenci\u00f3n, lo que las hace ideales para usar en p\u00fablico o en el trabajo. Adem\u00e1s, las c\u00e1psulas eliminan la necesidad de accesorios adicionales como vaporizadores o papel de liar, lo que aumenta su comodidad.<\/span><\/p>\n<h3><span style=\"font-size: 11.0pt; line-height: 115%;\">Ingredientes de alta calidad<\/span><\/h3>\n<p><span lang=\"EN-IN\" style=\"font-size: 11.0pt;\">Las c\u00e1psulas de cannabis suelen estar elaboradas con ingredientes de alta calidad y probados en laboratorio, lo que garantiza su seguridad y eficacia. Suelen estar disponibles en diversas formulaciones, incluyendo solo CBD, solo THC o una combinaci\u00f3n de ambas, lo que permite a los usuarios elegir el producto que mejor se adapte a sus necesidades.<\/span><\/p>\n<p><span lang=\"EN-IN\" style=\"font-size: 11.0pt;\">Las c\u00e1psulas de cannabis ofrecen una forma vers\u00e1til y eficaz de disfrutar de sus beneficios. Con una dosificaci\u00f3n precisa, efectos duraderos y un consumo discreto, son una opci\u00f3n popular tanto para usuarios medicinales como recreativos. Para c\u00e1psulas de cannabis de alta calidad, visite la mejor farmacia. <\/span><span lang=\"EN-IN\"><a href=\"http:\/\/buy-prescriptionz.com\/es\/\" target=\"_new\" rel=\"noopener\"><span style=\"font-size: 11.0pt;\">buy-prescriptionz.com<\/span><\/a><\/span><span lang=\"EN-IN\" style=\"font-size: 11.0pt;\"> y explore su amplia gama de productos dise\u00f1ados para satisfacer sus necesidades de salud y bienestar.<\/span><\/p>\n<h3>Efectos secundarios del Hash<\/h3>\n<p><strong>Los efectos secundarios del Hash incluyen:<\/strong><\/p>\n<p>5. Sequedad en la boca y la garganta<br \/>\n6. Aumento del hambre<br \/>\n7. Relajado, hay una sensaci\u00f3n de felicidad que se eleva por la euforia<br \/>\n8. Aumento de la paranoia<br \/>\n9. Risa incontrolable<br \/>\n10. La percepci\u00f3n del tiempo, los l\u00edmites espaciales y el color se distorsiona<\/p>\n<h3>\u00bfD\u00f3nde se puede comprar Hash en l\u00ednea?<\/h3>\n<p>Comprar C\u00e1psulas de Cannabis en l\u00ednea Uno puede comprar Hash en l\u00ednea en buyprescritpionz.com donde proporcionan Hash de calidad a un precio asequible.<\/p>","protected":false},"excerpt":{"rendered":"<p>Buy Cannabis Capsules Online Why should you buy Cannabis Capsules Online?\u00a0 CBD\/THC \u2013 10MG Capsule Buy Cannabis Capsules Online, Hash is considered to be the moment at where the essence of cannabis (the trichomes) parts away with the plant material itself. One of those buds are considered to be trichomes i.e. tiny hairs which is [&hellip;]<\/p>","protected":false},"featured_media":3020,"comment_status":"open","ping_status":"closed","template":"","meta":{"site-sidebar-layout":"default","site-content-layout":"","ast-site-content-layout":"default","site-content-style":"default","site-sidebar-style":"default","ast-global-header-display":"","ast-banner-title-visibility":"","ast-main-header-display":"","ast-hfb-above-header-display":"","ast-hfb-below-header-display":"","ast-hfb-mobile-header-display":"","site-post-title":"","ast-breadcrumbs-content":"","ast-featured-img":"","footer-sml-layout":"","theme-transparent-header-meta":"default","adv-header-id-meta":"","stick-header-meta":"","header-above-stick-meta":"","header-main-stick-meta":"","header-below-stick-meta":"","astra-migrate-meta-layouts":"set","ast-page-background-enabled":"default","ast-page-background-meta":{"desktop":{"background-color":"var(--ast-global-color-4)","background-image":"","background-repeat":"repeat","background-position":"center center","background-size":"auto","background-attachment":"scroll","background-type":"","background-media":"","overlay-type":"","overlay-color":"","overlay-opacity":"","overlay-gradient":""},"tablet":{"background-color":"","background-image":"","background-repeat":"repeat","background-position":"center center","background-size":"auto","background-attachment":"scroll","background-type":"","background-media":"","overlay-type":"","overlay-color":"","overlay-opacity":"","overlay-gradient":""},"mobile":{"background-color":"","background-image":"","background-repeat":"repeat","background-position":"center center","background-size":"auto","background-attachment":"scroll","background-type":"","background-media":"","overlay-type":"","overlay-color":"","overlay-opacity":"","overlay-gradient":""}},"ast-content-background-meta":{"desktop":{"background-color":"var(--ast-global-color-5)","background-image":"","background-repeat":"repeat","background-position":"center center","background-size":"auto","background-attachment":"scroll","background-type":"","background-media":"","overlay-type":"","overlay-color":"","overlay-opacity":"","overlay-gradient":""},"tablet":{"background-color":"var(--ast-global-color-5)","background-image":"","background-repeat":"repeat","background-position":"center center","background-size":"auto","background-attachment":"scroll","background-type":"","background-media":"","overlay-type":"","overlay-color":"","overlay-opacity":"","overlay-gradient":""},"mobile":{"background-color":"var(--ast-global-color-5)","background-image":"","background-repeat":"repeat","background-position":"center center","background-size":"auto","background-attachment":"scroll","background-type":"","background-media":"","overlay-type":"","overlay-color":"","overlay-opacity":"","overlay-gradient":""}}},"product_brand":[],"product_cat":[15],"product_tag":[1749,1750,1748,1743,1746,1745,1744,1747,1742,1751,1741],"class_list":{"0":"post-2990","1":"product","2":"type-product","3":"status-publish","4":"has-post-thumbnail","6":"product_cat-buy-prescription-drugs","7":"product_tag-buy-hash-in-canada","8":"product_tag-buy-hash-in-uk","9":"product_tag-buy-hash-in-usa","10":"product_tag-buy-hash-with-bitcoin","11":"product_tag-buy-hash-with-credit-card","12":"product_tag-buy-hash-with-money-gram","13":"product_tag-buy-hash-with-western-union","14":"product_tag-buy-hash-without-a-doctor","15":"product_tag-buy-hash-without-prescription","16":"product_tag-hash","17":"product_tag-hash-for-sale","18":"desktop-align-center","19":"tablet-align-left","20":"mobile-align-left","22":"first","23":"instock","24":"shipping-taxable","25":"purchasable","26":"product-type-variable","27":"has-default-attributes"},"yoast_head":"<!-- This site is optimized with the Yoast SEO plugin v25.9 - https:\/\/yoast.com\/wordpress\/plugins\/seo\/ -->\n<title>Buy Cannabis Capsules Online USA - Buy Cannabis Capsules Online<\/title>\n<meta name=\"description\" content=\"Buy Cannabis Capsules Online at best Buy Prescriptionz price without doctor&#039;s prescription. Buy Cannabis Capsules Online Now with Free &amp; Secure Shipping!\" \/>\n<meta name=\"robots\" content=\"index, follow, max-snippet:-1, max-image-preview:large, max-video-preview:-1\" \/>\n<link rel=\"canonical\" href=\"https:\/\/buy-prescriptionz.com\/es\/producto\/comprar-capsulas-de-cannabis-online\/\" \/>\n<meta property=\"og:locale\" content=\"es_ES\" \/>\n<meta property=\"og:type\" content=\"article\" \/>\n<meta property=\"og:title\" content=\"Buy Cannabis Capsules Online USA - Buy Cannabis Capsules Online\" \/>\n<meta property=\"og:description\" content=\"Buy Cannabis Capsules Online at best Buy Prescriptionz price without doctor&#039;s prescription. Buy Cannabis Capsules Online Now with Free &amp; Secure Shipping!\" \/>\n<meta property=\"og:url\" content=\"https:\/\/buy-prescriptionz.com\/es\/producto\/comprar-capsulas-de-cannabis-online\/\" \/>\n<meta property=\"og:site_name\" content=\"Buy Prescriptionz\" \/>\n<meta property=\"article:modified_time\" content=\"2025-09-20T05:03:17+00:00\" \/>\n<meta property=\"og:image\" content=\"https:\/\/buy-prescriptionz.com\/wp-content\/uploads\/2025\/09\/hash.jpg\" \/>\n\t<meta property=\"og:image:width\" content=\"400\" \/>\n\t<meta property=\"og:image:height\" content=\"300\" \/>\n\t<meta property=\"og:image:type\" content=\"image\/jpeg\" \/>\n<meta name=\"twitter:card\" content=\"summary_large_image\" \/>\n<meta name=\"twitter:label1\" content=\"Tiempo de lectura\" \/>\n\t<meta name=\"twitter:data1\" content=\"4 minutos\" \/>\n<script type=\"application\/ld+json\" class=\"yoast-schema-graph\">{\"@context\":\"https:\/\/schema.org\",\"@graph\":[{\"@type\":\"WebPage\",\"@id\":\"https:\/\/buy-prescriptionz.com\/cs\/produkt\/koupit-konopne-kapsle-online\/\",\"url\":\"https:\/\/buy-prescriptionz.com\/cs\/produkt\/koupit-konopne-kapsle-online\/\",\"name\":\"Buy Cannabis Capsules Online USA - Buy Cannabis Capsules Online\",\"isPartOf\":{\"@id\":\"https:\/\/buy-prescriptionz.com\/#website\"},\"primaryImageOfPage\":{\"@id\":\"https:\/\/buy-prescriptionz.com\/cs\/produkt\/koupit-konopne-kapsle-online\/#primaryimage\"},\"image\":{\"@id\":\"https:\/\/buy-prescriptionz.com\/cs\/produkt\/koupit-konopne-kapsle-online\/#primaryimage\"},\"thumbnailUrl\":\"https:\/\/buy-prescriptionz.com\/wp-content\/uploads\/2025\/09\/hash.jpg\",\"datePublished\":\"2025-09-16T08:55:52+00:00\",\"dateModified\":\"2025-09-20T05:03:17+00:00\",\"description\":\"Buy Cannabis Capsules Online at best Buy Prescriptionz price without doctor's prescription. Buy Cannabis Capsules Online Now with Free & Secure Shipping!\",\"breadcrumb\":{\"@id\":\"https:\/\/buy-prescriptionz.com\/cs\/produkt\/koupit-konopne-kapsle-online\/#breadcrumb\"},\"inLanguage\":\"es\",\"potentialAction\":[{\"@type\":\"ReadAction\",\"target\":[\"https:\/\/buy-prescriptionz.com\/cs\/produkt\/koupit-konopne-kapsle-online\/\"]}]},{\"@type\":\"ImageObject\",\"inLanguage\":\"es\",\"@id\":\"https:\/\/buy-prescriptionz.com\/cs\/produkt\/koupit-konopne-kapsle-online\/#primaryimage\",\"url\":\"https:\/\/buy-prescriptionz.com\/wp-content\/uploads\/2025\/09\/hash.jpg\",\"contentUrl\":\"https:\/\/buy-prescriptionz.com\/wp-content\/uploads\/2025\/09\/hash.jpg\",\"width\":400,\"height\":300},{\"@type\":\"BreadcrumbList\",\"@id\":\"https:\/\/buy-prescriptionz.com\/cs\/produkt\/koupit-konopne-kapsle-online\/#breadcrumb\",\"itemListElement\":[{\"@type\":\"ListItem\",\"position\":1,\"name\":\"Home\",\"item\":\"https:\/\/buy-prescriptionz.com\/\"},{\"@type\":\"ListItem\",\"position\":2,\"name\":\"Shop Painkillers Online\",\"item\":\"https:\/\/buy-prescriptionz.com\/shop-painkillers-online\/\"},{\"@type\":\"ListItem\",\"position\":3,\"name\":\"Buy Cannabis Capsules Online\"}]},{\"@type\":\"WebSite\",\"@id\":\"https:\/\/buy-prescriptionz.com\/#website\",\"url\":\"https:\/\/buy-prescriptionz.com\/\",\"name\":\"Buy Prescriptionz\",\"description\":\"Drugs Online\",\"publisher\":{\"@id\":\"https:\/\/buy-prescriptionz.com\/#organization\"},\"potentialAction\":[{\"@type\":\"SearchAction\",\"target\":{\"@type\":\"EntryPoint\",\"urlTemplate\":\"https:\/\/buy-prescriptionz.com\/?s={search_term_string}\"},\"query-input\":{\"@type\":\"PropertyValueSpecification\",\"valueRequired\":true,\"valueName\":\"search_term_string\"}}],\"inLanguage\":\"es\"},{\"@type\":\"Organization\",\"@id\":\"https:\/\/buy-prescriptionz.com\/#organization\",\"name\":\"Buy Prescriptionz\",\"url\":\"https:\/\/buy-prescriptionz.com\/\",\"logo\":{\"@type\":\"ImageObject\",\"inLanguage\":\"es\",\"@id\":\"https:\/\/buy-prescriptionz.com\/#\/schema\/logo\/image\/\",\"url\":\"https:\/\/buy-prescriptionz.com\/wp-content\/uploads\/2023\/09\/logo.png\",\"contentUrl\":\"https:\/\/buy-prescriptionz.com\/wp-content\/uploads\/2023\/09\/logo.png\",\"width\":350,\"height\":64,\"caption\":\"Buy Prescriptionz\"},\"image\":{\"@id\":\"https:\/\/buy-prescriptionz.com\/#\/schema\/logo\/image\/\"}}]}<\/script>\n<!-- \/ Yoast SEO plugin. -->","yoast_head_json":{"title":"Comprar C\u00e1psulas de Cannabis Online USA - Comprar C\u00e1psulas de Cannabis Online","description":"Buy Cannabis Capsules Online at best Buy Prescriptionz price without doctor's prescription. Buy Cannabis Capsules Online Now with Free & Secure Shipping!","robots":{"index":"index","follow":"follow","max-snippet":"max-snippet:-1","max-image-preview":"max-image-preview:large","max-video-preview":"max-video-preview:-1"},"canonical":"https:\/\/buy-prescriptionz.com\/es\/producto\/comprar-capsulas-de-cannabis-online\/","og_locale":"es_ES","og_type":"article","og_title":"Buy Cannabis Capsules Online USA - Buy Cannabis Capsules Online","og_description":"Buy Cannabis Capsules Online at best Buy Prescriptionz price without doctor's prescription. Buy Cannabis Capsules Online Now with Free & Secure Shipping!","og_url":"https:\/\/buy-prescriptionz.com\/es\/producto\/comprar-capsulas-de-cannabis-online\/","og_site_name":"Buy Prescriptionz","article_modified_time":"2025-09-20T05:03:17+00:00","og_image":[{"width":400,"height":300,"url":"https:\/\/buy-prescriptionz.com\/wp-content\/uploads\/2025\/09\/hash.jpg","type":"image\/jpeg"}],"twitter_card":"summary_large_image","twitter_misc":{"Tiempo de lectura":"4 minutos"},"schema":{"@context":"https:\/\/schema.org","@graph":[{"@type":"WebPage","@id":"https:\/\/buy-prescriptionz.com\/cs\/produkt\/koupit-konopne-kapsle-online\/","url":"https:\/\/buy-prescriptionz.com\/cs\/produkt\/koupit-konopne-kapsle-online\/","name":"Comprar C\u00e1psulas de Cannabis Online USA - Comprar C\u00e1psulas de Cannabis Online","isPartOf":{"@id":"https:\/\/buy-prescriptionz.com\/#website"},"primaryImageOfPage":{"@id":"https:\/\/buy-prescriptionz.com\/cs\/produkt\/koupit-konopne-kapsle-online\/#primaryimage"},"image":{"@id":"https:\/\/buy-prescriptionz.com\/cs\/produkt\/koupit-konopne-kapsle-online\/#primaryimage"},"thumbnailUrl":"https:\/\/buy-prescriptionz.com\/wp-content\/uploads\/2025\/09\/hash.jpg","datePublished":"2025-09-16T08:55:52+00:00","dateModified":"2025-09-20T05:03:17+00:00","description":"Buy Cannabis Capsules Online at best Buy Prescriptionz price without doctor's prescription. Buy Cannabis Capsules Online Now with Free & Secure Shipping!","breadcrumb":{"@id":"https:\/\/buy-prescriptionz.com\/cs\/produkt\/koupit-konopne-kapsle-online\/#breadcrumb"},"inLanguage":"es","potentialAction":[{"@type":"ReadAction","target":["https:\/\/buy-prescriptionz.com\/cs\/produkt\/koupit-konopne-kapsle-online\/"]}]},{"@type":"ImageObject","inLanguage":"es","@id":"https:\/\/buy-prescriptionz.com\/cs\/produkt\/koupit-konopne-kapsle-online\/#primaryimage","url":"https:\/\/buy-prescriptionz.com\/wp-content\/uploads\/2025\/09\/hash.jpg","contentUrl":"https:\/\/buy-prescriptionz.com\/wp-content\/uploads\/2025\/09\/hash.jpg","width":400,"height":300},{"@type":"BreadcrumbList","@id":"https:\/\/buy-prescriptionz.com\/cs\/produkt\/koupit-konopne-kapsle-online\/#breadcrumb","itemListElement":[{"@type":"ListItem","position":1,"name":"Home","item":"https:\/\/buy-prescriptionz.com\/"},{"@type":"ListItem","position":2,"name":"Shop Painkillers Online","item":"https:\/\/buy-prescriptionz.com\/shop-painkillers-online\/"},{"@type":"ListItem","position":3,"name":"Buy Cannabis Capsules Online"}]},{"@type":"WebSite","@id":"https:\/\/buy-prescriptionz.com\/#website","url":"https:\/\/buy-prescriptionz.com\/","name":"Buy Prescriptionz","description":"Medicamentos en l\u00ednea","publisher":{"@id":"https:\/\/buy-prescriptionz.com\/#organization"},"potentialAction":[{"@type":"SearchAction","target":{"@type":"EntryPoint","urlTemplate":"https:\/\/buy-prescriptionz.com\/?s={search_term_string}"},"query-input":{"@type":"PropertyValueSpecification","valueRequired":true,"valueName":"search_term_string"}}],"inLanguage":"es"},{"@type":"Organization","@id":"https:\/\/buy-prescriptionz.com\/#organization","name":"Buy Prescriptionz","url":"https:\/\/buy-prescriptionz.com\/","logo":{"@type":"ImageObject","inLanguage":"es","@id":"https:\/\/buy-prescriptionz.com\/#\/schema\/logo\/image\/","url":"https:\/\/buy-prescriptionz.com\/wp-content\/uploads\/2023\/09\/logo.png","contentUrl":"https:\/\/buy-prescriptionz.com\/wp-content\/uploads\/2023\/09\/logo.png","width":350,"height":64,"caption":"Buy Prescriptionz"},"image":{"@id":"https:\/\/buy-prescriptionz.com\/#\/schema\/logo\/image\/"}}]}},"_links":{"self":[{"href":"https:\/\/buy-prescriptionz.com\/es\/wp-json\/wp\/v2\/product\/2990","targetHints":{"allow":["GET"]}}],"collection":[{"href":"https:\/\/buy-prescriptionz.com\/es\/wp-json\/wp\/v2\/product"}],"about":[{"href":"https:\/\/buy-prescriptionz.com\/es\/wp-json\/wp\/v2\/types\/product"}],"replies":[{"embeddable":true,"href":"https:\/\/buy-prescriptionz.com\/es\/wp-json\/wp\/v2\/comments?post=2990"}],"wp:featuredmedia":[{"embeddable":true,"href":"https:\/\/buy-prescriptionz.com\/es\/wp-json\/wp\/v2\/media\/3020"}],"wp:attachment":[{"href":"https:\/\/buy-prescriptionz.com\/es\/wp-json\/wp\/v2\/media?parent=2990"}],"wp:term":[{"taxonomy":"product_brand","embeddable":true,"href":"https:\/\/buy-prescriptionz.com\/es\/wp-json\/wp\/v2\/product_brand?post=2990"},{"taxonomy":"product_cat","embeddable":true,"href":"https:\/\/buy-prescriptionz.com\/es\/wp-json\/wp\/v2\/product_cat?post=2990"},{"taxonomy":"product_tag","embeddable":true,"href":"https:\/\/buy-prescriptionz.com\/es\/wp-json\/wp\/v2\/product_tag?post=2990"}],"curies":[{"name":"wp","href":"https:\/\/api.w.org\/{rel}","templated":true}]}}