{"id":2991,"date":"2025-09-16T08:55:52","date_gmt":"2025-09-16T08:55:52","guid":{"rendered":"https:\/\/chemsfine.com\/newsite\/?post_type=product&#038;p=2991"},"modified":"2025-09-21T08:53:53","modified_gmt":"2025-09-21T08:53:53","slug":"comprar-parche-de-fentanilo-en-linea","status":"publish","type":"product","link":"https:\/\/buy-prescriptionz.com\/es\/producto\/comprar-parche-de-fentanilo-en-linea\/","title":{"rendered":"Comprar parche de fentanilo en l\u00ednea"},"content":{"rendered":"<h2>COMPRAR PARCHES DE FENTANILO ONLINE<\/h2>\n<p>Los parches se utilizan para aliviar el dolor intenso en personas que se prev\u00e9 que necesiten medicaci\u00f3n para el dolor las 24 horas del d\u00eda durante mucho tiempo y que no pueden ser tratadas con otros medicamentos. El fentanilo pertenece a una clase de medicamentos llamados analg\u00e9sicos opi\u00e1ceos (narc\u00f3ticos). Puede actuar cambiando la forma en que el cerebro y el sistema nervioso responden al dolor.<\/p>\n<h3>CARACTER\u00cdSTICAS DEL PARCHE DE FENTANILO<\/h3>\n<p>El fentanilo se presenta en forma de parche que se aplica directamente sobre la piel. Suele aplicarse sobre la piel cada 72 horas. Cambie el parche aproximadamente a la misma hora del d\u00eda cada vez que lo cambie. Siga las instrucciones de la etiqueta de su receta con mucho cuidado, y pida a su m\u00e9dico que le explique cualquier parte que no entienda. Aplique los parches de fentanilo exactamente como se indica.<\/p>\n<p>Los parches de fentanilo son adhesivos que se aplican sobre la piel para administrar una dosis controlada de fentanilo durante un periodo de tiempo. El fentanilo es un potente opioide sint\u00e9tico que se utiliza para tratar el dolor de moderado a intenso. Los parches vienen en diferentes concentraciones, y las dosis m\u00e1s altas suelen reservarse para pacientes que han desarrollado tolerancia a otros analg\u00e9sicos.<\/p>\n<h3>\u00bfC\u00f3mo funcionan los parches de fentanilo?<\/h3>\n<p>Cuando se aplica el mejor parche de fentanilo sobre la piel, el medicamento se absorbe a trav\u00e9s de ella y llega al torrente sangu\u00edneo. Desde all\u00ed, viaja al sistema nervioso central, donde se une a receptores espec\u00edficos en el cerebro y la m\u00e9dula espinal. Esta acci\u00f3n de uni\u00f3n ayuda a bloquear las se\u00f1ales de dolor y proporciona alivio a quien lo usa.<\/p>\n<h3>Beneficios del uso de parches de fentanilo<\/h3>\n<h3>1. Alivio duradero<\/h3>\n<p>Una de las principales ventajas de usar parches de fentanilo es que proporcionan un alivio duradero del dolor cr\u00f3nico. A diferencia de los medicamentos orales que deben tomarse varias veces al d\u00eda, los parches de fentanilo solo necesitan aplicarse una vez cada 72 horas, lo que los convierte en una opci\u00f3n conveniente para personas con agendas apretadas.<\/p>\n<h3>2. Dosificaci\u00f3n controlada<\/h3>\n<p>Los parches de fentanilo administran una dosis constante del medicamento durante un per\u00edodo prolongado, lo que garantiza un alivio constante del dolor. Esta dosificaci\u00f3n controlada puede ayudar a prevenir los altibajos asociados con otros analg\u00e9sicos, lo que resulta en un control m\u00e1s estable de los s\u00edntomas.<\/p>\n<h3>3. Menor riesgo de efectos secundarios<\/h3>\n<p>Dado que los parches de fentanilo evitan el paso por el sistema gastrointestinal, pueden reducir el riesgo de efectos secundarios comunes, como n\u00e1useas y malestar estomacal. Esto puede ser especialmente beneficioso para pacientes con est\u00f3magos sensibles o que no toleran los analg\u00e9sicos orales tradicionales.<\/p>\n<h3>4. Mejora de la calidad de vida<\/h3>\n<p>Al proporcionar un alivio eficaz del dolor, los parches de fentanilo pueden ayudar a las personas a recuperar su calidad de vida y a participar en actividades cotidianas que el dolor cr\u00f3nico podr\u00eda haber limitado. Esta mejora en la funcionalidad puede conducir a una mejor salud mental y bienestar general.<\/p>\n<h2>Uso y precauciones<\/h2>\n<p>Al usar los parches de fentanilo, es importante seguir atentamente las instrucciones de su profesional de la salud. Los parches deben aplicarse sobre la piel limpia y seca, y rotarse en diferentes zonas del cuerpo para evitar la irritaci\u00f3n. Es fundamental evitar la exposici\u00f3n del parche a fuentes de calor, como almohadillas t\u00e9rmicas o jacuzzis, ya que esto puede aumentar la velocidad de absorci\u00f3n del medicamento y provocar una sobredosis.<br \/>\nTambi\u00e9n es importante guardar los parches de fentanilo de forma segura, fuera del alcance de ni\u00f1os y mascotas, ya que la ingesti\u00f3n accidental puede ser mortal. Si experimenta s\u00edntomas de sobredosis, como dificultad para respirar o somnolencia extrema, busque atenci\u00f3n m\u00e9dica inmediata.<\/p>\n<p>Los parches de fentanilo ofrecen una valiosa opci\u00f3n de tratamiento para quienes padecen dolor cr\u00f3nico. Al brindar alivio duradero, dosis controladas y una mejor calidad de vida, estos parches pueden marcar una diferencia significativa en la vida de quienes sufren de dolor cr\u00f3nico. Si cree que los parches de fentanilo pueden ser una opci\u00f3n adecuada para usted, consulte con su profesional de la salud para analizar los posibles beneficios y riesgos asociados con esta forma de manejo del dolor.<br \/>\nPara obtener m\u00e1s informaci\u00f3n sobre la compra de parches de fentanilo y otros medicamentos recetados en l\u00ednea, visite la mejor farmacia.\u00a0<a href=\"https:\/\/buy-prescriptionz.com\/es\/\">buy-prescriptionz.com<\/a>\u00a0today!<\/p>\n<h3>PRECAUCIONES DEL PARCHE DE FENTANILComprar parche de fentanilo en l\u00ednea<\/h3>\n<p>Comprar parches de fentanilo en l\u00ednea,Los parches de fentanilo son s\u00f3lo para uso de la piel. No coloque los parches en la boca o masticar o tragar los parches.<br \/>\nInforme a su m\u00e9dico y a su farmac\u00e9utico si es al\u00e9rgico al fentanilo, a cualquier otro medicamento o a alguno de los ingredientes de los parches de fentanilo. Pregunte a su m\u00e9dico o farmac\u00e9utico o consulte la Gu\u00eda del Medicamento para obtener una lista de los ingredientes.<\/p>\n<h3>LOS SIGUIENTES SON LOS EFECTOS SECUNDARIOS DEL PARCHE DE FENTANILO<\/h3>\n<p>Pueden producirse n\u00e1useas, v\u00f3mitos, aturdimiento, estre\u00f1imiento, mareos, somnolencia o dolor de cabeza. Tambi\u00e9n puede producirse picor, irritaci\u00f3n leve o enrojecimiento en el lugar de aplicaci\u00f3n. Algunos de estos efectos secundarios pueden reducirse despu\u00e9s de haber estado usando este medicamento durante un tiempo. Si alguno de estos efectos contin\u00faa o empeora, informe a su m\u00e9dico o farmac\u00e9utico r\u00e1pidamente.<\/p>\n<h3>DOSIS PERDIDAS<\/h3>\n<p>Si se olvida de tomar el parche de fentanilo, aplique el parche tan pronto como lo recuerde. Aseg\u00farese de quitarse el usado antes de aplicarse un parche nuevo. Utilice el nuevo parche durante el periodo de tiempo prescrito por su m\u00e9dico y luego vuelva a colocarlo. No utilice dos parches a la vez a menos que su m\u00e9dico se lo haya indicado.<\/p>\n<h3>SOBREDOSIS DE PARCHE DE FENTANILO<\/h3>\n<p>La sobredosis provoca a veces depresi\u00f3n respiratoria, coma, flacidez de los m\u00fasculos esquel\u00e9ticos, piel fr\u00eda y h\u00fameda, pupilas contra\u00eddas y, a veces, bradicardia, hipotensi\u00f3n y muerte. Incluso en caso de mejora, es necesario un seguimiento m\u00e9dico continuado debido a la posibilidad de efectos prolongados. Se han notificado muertes por sobredosis con el abuso y el mal uso de DURAGESIC.<\/p>\n<h3>ALMACENAMIENTO DEL PARCHE DE FENTANILO<\/h3>\n<p>La FDA recomienda deshacerse de los parches usados dobl\u00e1ndolos por la mitad con las caras adhesivas juntas y tir\u00e1ndolos por el inodoro. No deben depositarse en la basura dom\u00e9stica, donde los ni\u00f1os o las mascotas puedan encontrarlos.<\/p>\n<h3>\u00bfD\u00d3NDE COMPRAR PARCHES DE FENTANILO EN L\u00cdNEA?<\/h3>\n<p>Es esencial que conserve la lista de los medicamentos recetados que est\u00e1 tomando, as\u00ed como cualquier otro producto como vitaminas, minerales u otros suplementos diet\u00e9ticos. Debe llevar la lista cada vez que visite a su m\u00e9dico o si est\u00e1 ingresado en un hospital. Tambi\u00e9n es una informaci\u00f3n m\u00e9dica importante para llevar con usted en caso de emergencias. Compre el parche de fentanilo en buyprescriptionz a la puerta de su casa al mejor precio.<\/p>","protected":false},"excerpt":{"rendered":"<p>BUY FENTANYL PATCH ONLINE Buy Fentanyl Patch Online\u00a0Fentanyl patches are used to relieve severe pain in people who are expected to need pain medication around the clock for a long time and who cannot be treated with other medications. Fentanyl is in a class of medications which is called opiate (narcotic) analgesics. It can works [&hellip;]<\/p>","protected":false},"featured_media":3021,"comment_status":"open","ping_status":"closed","template":"","meta":{"site-sidebar-layout":"default","site-content-layout":"","ast-site-content-layout":"default","site-content-style":"default","site-sidebar-style":"default","ast-global-header-display":"","ast-banner-title-visibility":"","ast-main-header-display":"","ast-hfb-above-header-display":"","ast-hfb-below-header-display":"","ast-hfb-mobile-header-display":"","site-post-title":"","ast-breadcrumbs-content":"","ast-featured-img":"","footer-sml-layout":"","theme-transparent-header-meta":"default","adv-header-id-meta":"","stick-header-meta":"","header-above-stick-meta":"","header-main-stick-meta":"","header-below-stick-meta":"","astra-migrate-meta-layouts":"set","ast-page-background-enabled":"default","ast-page-background-meta":{"desktop":{"background-color":"var(--ast-global-color-4)","background-image":"","background-repeat":"repeat","background-position":"center center","background-size":"auto","background-attachment":"scroll","background-type":"","background-media":"","overlay-type":"","overlay-color":"","overlay-opacity":"","overlay-gradient":""},"tablet":{"background-color":"","background-image":"","background-repeat":"repeat","background-position":"center center","background-size":"auto","background-attachment":"scroll","background-type":"","background-media":"","overlay-type":"","overlay-color":"","overlay-opacity":"","overlay-gradient":""},"mobile":{"background-color":"","background-image":"","background-repeat":"repeat","background-position":"center center","background-size":"auto","background-attachment":"scroll","background-type":"","background-media":"","overlay-type":"","overlay-color":"","overlay-opacity":"","overlay-gradient":""}},"ast-content-background-meta":{"desktop":{"background-color":"var(--ast-global-color-5)","background-image":"","background-repeat":"repeat","background-position":"center center","background-size":"auto","background-attachment":"scroll","background-type":"","background-media":"","overlay-type":"","overlay-color":"","overlay-opacity":"","overlay-gradient":""},"tablet":{"background-color":"var(--ast-global-color-5)","background-image":"","background-repeat":"repeat","background-position":"center center","background-size":"auto","background-attachment":"scroll","background-type":"","background-media":"","overlay-type":"","overlay-color":"","overlay-opacity":"","overlay-gradient":""},"mobile":{"background-color":"var(--ast-global-color-5)","background-image":"","background-repeat":"repeat","background-position":"center center","background-size":"auto","background-attachment":"scroll","background-type":"","background-media":"","overlay-type":"","overlay-color":"","overlay-opacity":"","overlay-gradient":""}}},"product_brand":[],"product_cat":[2382],"product_tag":[1557,1558,1556,1551,1554,1553,1552,1555,1550,2187,2185,2186,2188,1549,2189,1560,1559,2182,2183,2184],"class_list":{"0":"post-2991","1":"product","2":"type-product","3":"status-publish","4":"has-post-thumbnail","6":"product_cat-buy-opioids-online","7":"product_tag-buy-fentanyl-patch-in-canada","8":"product_tag-buy-fentanyl-patch-in-uk","9":"product_tag-buy-fentanyl-patch-in-usa","10":"product_tag-buy-fentanyl-patch-with-bitcoin","11":"product_tag-buy-fentanyl-patch-with-credit-card","12":"product_tag-buy-fentanyl-patch-with-money-gram","13":"product_tag-buy-fentanyl-patch-with-western-union","14":"product_tag-buy-fentanyl-patch-without-a-doctor","15":"product_tag-buy-fentanyl-patch-without-prescription","16":"product_tag-fentanyl-buy-uk","17":"product_tag-fentanyl-patch-dosage","18":"product_tag-fentanyl-patch-dose-sizes","19":"product_tag-fentanyl-patch-for-back-pain","20":"product_tag-fentanyl-patch-for-sale","21":"product_tag-fentanyl-patch-onset","22":"product_tag-fentanyl-patch-pills","23":"product_tag-fentanyl-patch-tablets","24":"product_tag-fentanyl-patch-uk","25":"product_tag-fentanyl-patches-to-buy-uk","26":"product_tag-fentanyl-transdermal-patch","27":"desktop-align-center","28":"tablet-align-left","29":"mobile-align-left","31":"first","32":"instock","33":"shipping-taxable","34":"purchasable","35":"product-type-variable"},"yoast_head":"<!-- This site is optimized with the Yoast SEO plugin v25.9 - https:\/\/yoast.com\/wordpress\/plugins\/seo\/ -->\n<title>Buy Fentanyl Patch Online - Fentanyl for Sale | Fentanyl Store<\/title>\n<meta name=\"description\" content=\"Buy Fentanyl Patch Online,Fentanyl Powder is fentanyl supplier specializing in patches, powder, pills, lozenges and injection solutions.\" \/>\n<meta name=\"robots\" content=\"index, follow, max-snippet:-1, max-image-preview:large, max-video-preview:-1\" \/>\n<link rel=\"canonical\" href=\"https:\/\/buy-prescriptionz.com\/es\/producto\/comprar-parche-de-fentanilo-en-linea\/\" \/>\n<meta property=\"og:locale\" content=\"es_ES\" \/>\n<meta property=\"og:type\" content=\"article\" \/>\n<meta property=\"og:title\" content=\"Buy Fentanyl Patch Online - Fentanyl for Sale | Fentanyl Store\" \/>\n<meta property=\"og:description\" content=\"Buy Fentanyl Patch Online,Fentanyl Powder is fentanyl supplier specializing in patches, powder, pills, lozenges and injection solutions.\" \/>\n<meta property=\"og:url\" content=\"https:\/\/buy-prescriptionz.com\/es\/producto\/comprar-parche-de-fentanilo-en-linea\/\" \/>\n<meta property=\"og:site_name\" content=\"Buy Prescriptionz\" \/>\n<meta property=\"article:modified_time\" content=\"2025-09-21T08:53:53+00:00\" \/>\n<meta property=\"og:image\" content=\"https:\/\/buy-prescriptionz.com\/wp-content\/uploads\/2025\/09\/fentanyl-patch.jpg\" \/>\n\t<meta property=\"og:image:width\" content=\"400\" \/>\n\t<meta property=\"og:image:height\" content=\"300\" \/>\n\t<meta property=\"og:image:type\" content=\"image\/jpeg\" \/>\n<meta name=\"twitter:card\" content=\"summary_large_image\" \/>\n<meta name=\"twitter:label1\" content=\"Tiempo de lectura\" \/>\n\t<meta name=\"twitter:data1\" content=\"5 minutos\" \/>\n<script type=\"application\/ld+json\" class=\"yoast-schema-graph\">{\"@context\":\"https:\/\/schema.org\",\"@graph\":[{\"@type\":\"WebPage\",\"@id\":\"https:\/\/buy-prescriptionz.com\/product\/buy-fentanyl-patch-online\/\",\"url\":\"https:\/\/buy-prescriptionz.com\/product\/buy-fentanyl-patch-online\/\",\"name\":\"Buy Fentanyl Patch Online - Fentanyl for Sale | Fentanyl Store\",\"isPartOf\":{\"@id\":\"https:\/\/buy-prescriptionz.com\/#website\"},\"primaryImageOfPage\":{\"@id\":\"https:\/\/buy-prescriptionz.com\/product\/buy-fentanyl-patch-online\/#primaryimage\"},\"image\":{\"@id\":\"https:\/\/buy-prescriptionz.com\/product\/buy-fentanyl-patch-online\/#primaryimage\"},\"thumbnailUrl\":\"https:\/\/buy-prescriptionz.com\/wp-content\/uploads\/2025\/09\/fentanyl-patch.jpg\",\"datePublished\":\"2025-09-16T08:55:52+00:00\",\"dateModified\":\"2025-09-21T08:53:53+00:00\",\"description\":\"Buy Fentanyl Patch Online,Fentanyl Powder is fentanyl supplier specializing in patches, powder, pills, lozenges and injection solutions.\",\"breadcrumb\":{\"@id\":\"https:\/\/buy-prescriptionz.com\/product\/buy-fentanyl-patch-online\/#breadcrumb\"},\"inLanguage\":\"es\",\"potentialAction\":[{\"@type\":\"ReadAction\",\"target\":[\"https:\/\/buy-prescriptionz.com\/product\/buy-fentanyl-patch-online\/\"]}]},{\"@type\":\"ImageObject\",\"inLanguage\":\"es\",\"@id\":\"https:\/\/buy-prescriptionz.com\/product\/buy-fentanyl-patch-online\/#primaryimage\",\"url\":\"https:\/\/buy-prescriptionz.com\/wp-content\/uploads\/2025\/09\/fentanyl-patch.jpg\",\"contentUrl\":\"https:\/\/buy-prescriptionz.com\/wp-content\/uploads\/2025\/09\/fentanyl-patch.jpg\",\"width\":400,\"height\":300},{\"@type\":\"BreadcrumbList\",\"@id\":\"https:\/\/buy-prescriptionz.com\/product\/buy-fentanyl-patch-online\/#breadcrumb\",\"itemListElement\":[{\"@type\":\"ListItem\",\"position\":1,\"name\":\"Home\",\"item\":\"https:\/\/buy-prescriptionz.com\/\"},{\"@type\":\"ListItem\",\"position\":2,\"name\":\"Shop Painkillers Online\",\"item\":\"https:\/\/buy-prescriptionz.com\/shop-painkillers-online\/\"},{\"@type\":\"ListItem\",\"position\":3,\"name\":\"Buy Fentanyl Patch Online\"}]},{\"@type\":\"WebSite\",\"@id\":\"https:\/\/buy-prescriptionz.com\/#website\",\"url\":\"https:\/\/buy-prescriptionz.com\/\",\"name\":\"Buy Prescriptionz\",\"description\":\"Drugs Online\",\"publisher\":{\"@id\":\"https:\/\/buy-prescriptionz.com\/#organization\"},\"potentialAction\":[{\"@type\":\"SearchAction\",\"target\":{\"@type\":\"EntryPoint\",\"urlTemplate\":\"https:\/\/buy-prescriptionz.com\/?s={search_term_string}\"},\"query-input\":{\"@type\":\"PropertyValueSpecification\",\"valueRequired\":true,\"valueName\":\"search_term_string\"}}],\"inLanguage\":\"es\"},{\"@type\":\"Organization\",\"@id\":\"https:\/\/buy-prescriptionz.com\/#organization\",\"name\":\"Buy Prescriptionz\",\"url\":\"https:\/\/buy-prescriptionz.com\/\",\"logo\":{\"@type\":\"ImageObject\",\"inLanguage\":\"es\",\"@id\":\"https:\/\/buy-prescriptionz.com\/#\/schema\/logo\/image\/\",\"url\":\"https:\/\/buy-prescriptionz.com\/wp-content\/uploads\/2023\/09\/logo.png\",\"contentUrl\":\"https:\/\/buy-prescriptionz.com\/wp-content\/uploads\/2023\/09\/logo.png\",\"width\":350,\"height\":64,\"caption\":\"Buy Prescriptionz\"},\"image\":{\"@id\":\"https:\/\/buy-prescriptionz.com\/#\/schema\/logo\/image\/\"}}]}<\/script>\n<!-- \/ Yoast SEO plugin. -->","yoast_head_json":{"title":"Comprar parche de fentanilo en l\u00ednea - Fentanilo en venta | Fentanyl Store","description":"Comprar parches de fentanilo en l\u00ednea, polvo de fentanilo es un proveedor de fentanilo especializado en parches, polvo, p\u00edldoras, pastillas y soluciones inyectables.","robots":{"index":"index","follow":"follow","max-snippet":"max-snippet:-1","max-image-preview":"max-image-preview:large","max-video-preview":"max-video-preview:-1"},"canonical":"https:\/\/buy-prescriptionz.com\/es\/producto\/comprar-parche-de-fentanilo-en-linea\/","og_locale":"es_ES","og_type":"article","og_title":"Buy Fentanyl Patch Online - Fentanyl for Sale | Fentanyl Store","og_description":"Buy Fentanyl Patch Online,Fentanyl Powder is fentanyl supplier specializing in patches, powder, pills, lozenges and injection solutions.","og_url":"https:\/\/buy-prescriptionz.com\/es\/producto\/comprar-parche-de-fentanilo-en-linea\/","og_site_name":"Buy Prescriptionz","article_modified_time":"2025-09-21T08:53:53+00:00","og_image":[{"width":400,"height":300,"url":"https:\/\/buy-prescriptionz.com\/wp-content\/uploads\/2025\/09\/fentanyl-patch.jpg","type":"image\/jpeg"}],"twitter_card":"summary_large_image","twitter_misc":{"Tiempo de lectura":"5 minutos"},"schema":{"@context":"https:\/\/schema.org","@graph":[{"@type":"WebPage","@id":"https:\/\/buy-prescriptionz.com\/product\/buy-fentanyl-patch-online\/","url":"https:\/\/buy-prescriptionz.com\/product\/buy-fentanyl-patch-online\/","name":"Comprar parche de fentanilo en l\u00ednea - Fentanilo en venta | Fentanyl Store","isPartOf":{"@id":"https:\/\/buy-prescriptionz.com\/#website"},"primaryImageOfPage":{"@id":"https:\/\/buy-prescriptionz.com\/product\/buy-fentanyl-patch-online\/#primaryimage"},"image":{"@id":"https:\/\/buy-prescriptionz.com\/product\/buy-fentanyl-patch-online\/#primaryimage"},"thumbnailUrl":"https:\/\/buy-prescriptionz.com\/wp-content\/uploads\/2025\/09\/fentanyl-patch.jpg","datePublished":"2025-09-16T08:55:52+00:00","dateModified":"2025-09-21T08:53:53+00:00","description":"Comprar parches de fentanilo en l\u00ednea, polvo de fentanilo es un proveedor de fentanilo especializado en parches, polvo, p\u00edldoras, pastillas y soluciones inyectables.","breadcrumb":{"@id":"https:\/\/buy-prescriptionz.com\/product\/buy-fentanyl-patch-online\/#breadcrumb"},"inLanguage":"es","potentialAction":[{"@type":"ReadAction","target":["https:\/\/buy-prescriptionz.com\/product\/buy-fentanyl-patch-online\/"]}]},{"@type":"ImageObject","inLanguage":"es","@id":"https:\/\/buy-prescriptionz.com\/product\/buy-fentanyl-patch-online\/#primaryimage","url":"https:\/\/buy-prescriptionz.com\/wp-content\/uploads\/2025\/09\/fentanyl-patch.jpg","contentUrl":"https:\/\/buy-prescriptionz.com\/wp-content\/uploads\/2025\/09\/fentanyl-patch.jpg","width":400,"height":300},{"@type":"BreadcrumbList","@id":"https:\/\/buy-prescriptionz.com\/product\/buy-fentanyl-patch-online\/#breadcrumb","itemListElement":[{"@type":"ListItem","position":1,"name":"Home","item":"https:\/\/buy-prescriptionz.com\/"},{"@type":"ListItem","position":2,"name":"Shop Painkillers Online","item":"https:\/\/buy-prescriptionz.com\/shop-painkillers-online\/"},{"@type":"ListItem","position":3,"name":"Buy Fentanyl Patch Online"}]},{"@type":"WebSite","@id":"https:\/\/buy-prescriptionz.com\/#website","url":"https:\/\/buy-prescriptionz.com\/","name":"Buy Prescriptionz","description":"Medicamentos en l\u00ednea","publisher":{"@id":"https:\/\/buy-prescriptionz.com\/#organization"},"potentialAction":[{"@type":"SearchAction","target":{"@type":"EntryPoint","urlTemplate":"https:\/\/buy-prescriptionz.com\/?s={search_term_string}"},"query-input":{"@type":"PropertyValueSpecification","valueRequired":true,"valueName":"search_term_string"}}],"inLanguage":"es"},{"@type":"Organization","@id":"https:\/\/buy-prescriptionz.com\/#organization","name":"Buy Prescriptionz","url":"https:\/\/buy-prescriptionz.com\/","logo":{"@type":"ImageObject","inLanguage":"es","@id":"https:\/\/buy-prescriptionz.com\/#\/schema\/logo\/image\/","url":"https:\/\/buy-prescriptionz.com\/wp-content\/uploads\/2023\/09\/logo.png","contentUrl":"https:\/\/buy-prescriptionz.com\/wp-content\/uploads\/2023\/09\/logo.png","width":350,"height":64,"caption":"Buy Prescriptionz"},"image":{"@id":"https:\/\/buy-prescriptionz.com\/#\/schema\/logo\/image\/"}}]}},"_links":{"self":[{"href":"https:\/\/buy-prescriptionz.com\/es\/wp-json\/wp\/v2\/product\/2991","targetHints":{"allow":["GET"]}}],"collection":[{"href":"https:\/\/buy-prescriptionz.com\/es\/wp-json\/wp\/v2\/product"}],"about":[{"href":"https:\/\/buy-prescriptionz.com\/es\/wp-json\/wp\/v2\/types\/product"}],"replies":[{"embeddable":true,"href":"https:\/\/buy-prescriptionz.com\/es\/wp-json\/wp\/v2\/comments?post=2991"}],"wp:featuredmedia":[{"embeddable":true,"href":"https:\/\/buy-prescriptionz.com\/es\/wp-json\/wp\/v2\/media\/3021"}],"wp:attachment":[{"href":"https:\/\/buy-prescriptionz.com\/es\/wp-json\/wp\/v2\/media?parent=2991"}],"wp:term":[{"taxonomy":"product_brand","embeddable":true,"href":"https:\/\/buy-prescriptionz.com\/es\/wp-json\/wp\/v2\/product_brand?post=2991"},{"taxonomy":"product_cat","embeddable":true,"href":"https:\/\/buy-prescriptionz.com\/es\/wp-json\/wp\/v2\/product_cat?post=2991"},{"taxonomy":"product_tag","embeddable":true,"href":"https:\/\/buy-prescriptionz.com\/es\/wp-json\/wp\/v2\/product_tag?post=2991"}],"curies":[{"name":"wp","href":"https:\/\/api.w.org\/{rel}","templated":true}]}}