{"id":2992,"date":"2025-09-16T08:55:52","date_gmt":"2025-09-16T08:55:52","guid":{"rendered":"https:\/\/chemsfine.com\/newsite\/?post_type=product&#038;p=2992"},"modified":"2025-09-30T12:37:28","modified_gmt":"2025-09-30T12:37:28","slug":"comprar-suboxone-en-linea","status":"publish","type":"product","link":"https:\/\/buy-prescriptionz.com\/es\/producto\/comprar-suboxone-en-linea\/","title":{"rendered":"Comprar Suboxone en l\u00ednea"},"content":{"rendered":"<h2>Comprar Suboxone en l\u00ednea<\/h2>\n<p>La buprenorfina\/naloxona, comercializada bajo la marca Suboxone, es un medicamento que combina buprenorfina y naloxona. Suboxone se utiliza para tratar la drogodependencia. Reduce los efectos secundarios de abstinencia durante aproximadamente 24 horas. Suboxone se puede usar en dos presentaciones: sublingual o en la mejilla.<\/p>\n<h3>C\u00f3mo comprar Suboxone en l\u00ednea en buy-prescriptionz.com<\/h3>\n<p>Suboxone en l\u00ednea puede aliviar los s\u00edntomas de problemas respiratorios, cansancio e hipotensi\u00f3n. La naloxona, un compuesto que combate los narc\u00f3ticos, rivaliza y reduce el efecto de otros narc\u00f3ticos, como la buprenorfina. La naloxona se absorbe al administrarse por v\u00eda oral y se a\u00f1ade para reducir el riesgo de abuso de la droga por inyecci\u00f3n. La buprenorfina\/naloxona se utiliza para tratar trastornos relacionados con narc\u00f3ticos. Los resultados a largo plazo suelen ser mejores con el uso de buprenorfina\/naloxona que con el uso de narc\u00f3ticos en conjunto. \u00bfD\u00f3nde comprar Suboxone en l\u00ednea? La combinaci\u00f3n de ambas recetas se prefiere a la buprenorfina sola para el tratamiento de apoyo debido a la naloxona presente en la formulaci\u00f3n, que ayuda a aliviar el abuso, especialmente en el caso del uso intravenoso.<\/p>\n<h3>Compre Suboxone a un precio econ\u00f3mico de 8 mg, 4 mg o 2 mg<\/h3>\n<p>Compre Suboxone con un empaque discreto para tratar la dependencia a los narc\u00f3ticos. Se considera un medicamento de primera l\u00ednea recetado, seg\u00fan lo indicado por el Instituto Nacional sobre el Abuso de Drogas de EE. UU., con env\u00edo r\u00e1pido y seguro en buy-prescriptionz.com. Este medicamento es un tratamiento de mantenimiento eficaz para la drogodependencia y, en general, tiene una eficacia comparable a la de la metadona, que es m\u00e1s eficaz que otros tratamientos a base de sustancias.<\/p>\n<h3>Comprar Suboxone sin receta: Usos m\u00e9dicos<\/h3>\n<p>Compre Suboxone sin m\u00e9dico, ya que conlleva mayores riesgos en esta dependencia de drogas. Compre Suboxone en l\u00ednea para pacientes con problemas de salud mental que no pueden recuperar sus recetas a diario. Es ideal para quienes tienen otra afecci\u00f3n que requiere visitas regulares de atenci\u00f3n m\u00e9dica esencial, con un servicio de entrega r\u00e1pido y seguro en buy-prescriptionz.com. Compre Suboxone en l\u00ednea en lugar de metadona si tiene un alto riesgo de letalidad por metadona, por ejemplo, personas mayores, quienes toman altas dosis de benzodiazepinas u otros analg\u00e9sicos, y quienes tienen un alto riesgo de retraso del intervalo QT.<\/p>\n<p>Antes de profundizar en los beneficios de comprar Suboxone en l\u00ednea, es fundamental comprender qu\u00e9 es Suboxone y c\u00f3mo funciona. El mejor Suboxone es un medicamento combinado que contiene buprenorfina y naloxona. La buprenorfina es un agonista opioide parcial, lo que significa que activa los receptores opioides en el cerebro, pero en menor medida que los agonistas opioides completos como la hero\u00edna o la morfina. La naloxona se a\u00f1ade para prevenir el abuso del medicamento, ya que puede bloquear los efectos de los opioides y precipitar los s\u00edntomas de abstinencia si se toma de forma inadecuada. Suboxone se utiliza com\u00fanmente en programas de tratamiento asistido con medicamentos (MAT) para ayudar a las personas a reducir o abandonar el consumo de opioides. Puede ayudar a controlar los s\u00edntomas de abstinencia y los antojos, permitiendo que las personas se concentren en su recuperaci\u00f3n sin los intensos efectos fisiol\u00f3gicos de la abstinencia de opioides.<\/p>\n<h3>Tratamiento de la adicci\u00f3n a los opioides<\/h3>\n<p>Uno de los principales usos de Suboxone es el tratamiento de la adicci\u00f3n a los opioides. La adicci\u00f3n a los opioides es un problema grave y generalizado que puede tener efectos devastadores en la salud, las relaciones y la calidad de vida en general. Suboxone act\u00faa reduciendo los s\u00edntomas de abstinencia y las ansias, lo que facilita que las personas superen su adicci\u00f3n y se concentren en su recuperaci\u00f3n.<\/p>\n<h3>\u00bfC\u00f3mo ayuda Suboxone?<\/h3>\n<p>Cuando se toma seg\u00fan lo prescrito, Suboxone puede ayudar a las personas a reducir gradualmente el consumo de opioides y a alcanzar la sobriedad. Dado que la buprenorfina es un agonista parcial, presenta un menor potencial de abuso y dependencia en comparaci\u00f3n con los agonistas opioides completos. Esto la convierte en una alternativa m\u00e1s segura para quienes luchan contra la adicci\u00f3n a los opioides y pueden estar en riesgo de reca\u00edda.<\/p>\n<h2>Manejo del dolor<\/h2>\n<p>Adem\u00e1s de tratar la adicci\u00f3n a los opioides, Suboxone tambi\u00e9n se puede usar para el manejo del dolor. La buprenorfina, el principal ingrediente activo de Suboxone, es un potente analg\u00e9sico eficaz tanto para el dolor agudo como para el cr\u00f3nico. Se utiliza a menudo como alternativa a los opioides tradicionales, como la morfina o la oxicodona, especialmente en personas con riesgo de adicci\u00f3n o sobredosis.<\/p>\n<h3>Beneficios de Suboxone para el manejo del dolor<\/h3>\n<p>Uno de los principales beneficios de usar Suboxone para el manejo del dolor es su menor riesgo de abuso y dependencia. Dado que la buprenorfina es un agonista parcial, tiene un efecto techo, lo que significa que tomar m\u00e1s cantidad del f\u00e1rmaco no produce un efecto mayor. Esto puede ayudar a reducir la probabilidad de sobredosis y otros efectos secundarios graves asociados con los opioides tradicionales.<\/p>\n<h3>Tratamiento de diagn\u00f3stico dual<\/h3>\n<p>Suboxone tambi\u00e9n se utiliza en programas de tratamiento de diagn\u00f3stico dual para personas con adicci\u00f3n a opioides y trastornos de salud mental concomitantes. Muchas personas con adicci\u00f3n tambi\u00e9n padecen problemas de salud mental subyacentes, como depresi\u00f3n, ansiedad o trastorno bipolar. Suboxone puede ayudar a estabilizar el estado de \u00e1nimo y mejorar la salud mental en general, facilitando su participaci\u00f3n en terapia y otros tratamientos.<\/p>\n<h3>\u00a0\u00bfPor qu\u00e9 elegir buy-prescriptionz.com?<\/h3>\n<p>Para quienes est\u00e9n considerando comprar Suboxone en l\u00ednea, buy-prescriptionz.com es una farmacia de confianza y la mejor. Con un sitio web intuitivo, opciones de pago seguras y un empaque discreto, buy-prescriptionz.com prioriza la satisfacci\u00f3n y la seguridad del cliente. Al elegir buy-prescriptionz.com, pueden acceder a Suboxone de alta calidad a precios competitivos. La comodidad de comprar en l\u00ednea, junto con las ventajas de la privacidad y el ahorro, hacen de buy-prescriptionz.com la mejor opci\u00f3n para quienes buscan Suboxone en l\u00ednea.<\/p>","protected":false},"excerpt":{"rendered":"<p>Buy Suboxone online Buprenorphine\/naloxone, sold under the brand name Suboxone, is a medicine that is a blend of buprenorphine and naloxone. Suboxone for sale is to treat drug dependence disorder. It diminishes withdrawal side effects for around 24 hours. Buy Suboxone for use in two unique structures, under the tongue or in the cheek. How [&hellip;]<\/p>","protected":false},"featured_media":3022,"comment_status":"open","ping_status":"closed","template":"","meta":{"site-sidebar-layout":"default","site-content-layout":"","ast-site-content-layout":"default","site-content-style":"default","site-sidebar-style":"default","ast-global-header-display":"","ast-banner-title-visibility":"","ast-main-header-display":"","ast-hfb-above-header-display":"","ast-hfb-below-header-display":"","ast-hfb-mobile-header-display":"","site-post-title":"","ast-breadcrumbs-content":"","ast-featured-img":"","footer-sml-layout":"","theme-transparent-header-meta":"default","adv-header-id-meta":"","stick-header-meta":"","header-above-stick-meta":"","header-main-stick-meta":"","header-below-stick-meta":"","astra-migrate-meta-layouts":"set","ast-page-background-enabled":"default","ast-page-background-meta":{"desktop":{"background-color":"var(--ast-global-color-4)","background-image":"","background-repeat":"repeat","background-position":"center center","background-size":"auto","background-attachment":"scroll","background-type":"","background-media":"","overlay-type":"","overlay-color":"","overlay-opacity":"","overlay-gradient":""},"tablet":{"background-color":"","background-image":"","background-repeat":"repeat","background-position":"center center","background-size":"auto","background-attachment":"scroll","background-type":"","background-media":"","overlay-type":"","overlay-color":"","overlay-opacity":"","overlay-gradient":""},"mobile":{"background-color":"","background-image":"","background-repeat":"repeat","background-position":"center center","background-size":"auto","background-attachment":"scroll","background-type":"","background-media":"","overlay-type":"","overlay-color":"","overlay-opacity":"","overlay-gradient":""}},"ast-content-background-meta":{"desktop":{"background-color":"var(--ast-global-color-5)","background-image":"","background-repeat":"repeat","background-position":"center center","background-size":"auto","background-attachment":"scroll","background-type":"","background-media":"","overlay-type":"","overlay-color":"","overlay-opacity":"","overlay-gradient":""},"tablet":{"background-color":"var(--ast-global-color-5)","background-image":"","background-repeat":"repeat","background-position":"center center","background-size":"auto","background-attachment":"scroll","background-type":"","background-media":"","overlay-type":"","overlay-color":"","overlay-opacity":"","overlay-gradient":""},"mobile":{"background-color":"var(--ast-global-color-5)","background-image":"","background-repeat":"repeat","background-position":"center center","background-size":"auto","background-attachment":"scroll","background-type":"","background-media":"","overlay-type":"","overlay-color":"","overlay-opacity":"","overlay-gradient":""}}},"product_brand":[],"product_cat":[2382],"product_tag":[1581,1582,1580,1575,1578,1577,1576,1579,1574,1583,1573],"class_list":{"0":"post-2992","1":"product","2":"type-product","3":"status-publish","4":"has-post-thumbnail","6":"product_cat-buy-opioids-online","7":"product_tag-buy-suboxone-in-canada","8":"product_tag-buy-suboxone-in-uk","9":"product_tag-buy-suboxone-in-usa","10":"product_tag-buy-suboxone-with-bitcoin","11":"product_tag-buy-suboxone-with-credit-card","12":"product_tag-buy-suboxone-with-money-gram","13":"product_tag-buy-suboxone-with-western-union","14":"product_tag-buy-suboxone-without-a-doctor","15":"product_tag-buy-suboxone-without-prescription","16":"product_tag-suboxone","17":"product_tag-suboxone-for-sale","18":"desktop-align-center","19":"tablet-align-left","20":"mobile-align-left","22":"first","23":"instock","24":"shipping-taxable","25":"purchasable","26":"product-type-variable","27":"has-default-attributes"},"yoast_head":"<!-- This site is optimized with the Yoast SEO plugin v25.9 - https:\/\/yoast.com\/wordpress\/plugins\/seo\/ -->\n<title>Buy Suboxone Online USA - Buy Suboxone Online for Sale - Buy Prescriptionz<\/title>\n<meta name=\"description\" content=\"Buyprescriptionz.com is an online pharmacy store where you can Buy Suboxone Online at best price without doctor&#039;s prescription. Buy Suboxone Online Now with Free &amp; Secure Shipping!\" \/>\n<meta name=\"robots\" content=\"index, follow, max-snippet:-1, max-image-preview:large, max-video-preview:-1\" \/>\n<link rel=\"canonical\" href=\"https:\/\/buy-prescriptionz.com\/es\/producto\/comprar-suboxone-en-linea\/\" \/>\n<meta property=\"og:locale\" content=\"es_ES\" \/>\n<meta property=\"og:type\" content=\"article\" \/>\n<meta property=\"og:title\" content=\"Buy Suboxone Online USA - Buy Suboxone Online for Sale - Buy Prescriptionz\" \/>\n<meta property=\"og:description\" content=\"Buyprescriptionz.com is an online pharmacy store where you can Buy Suboxone Online at best price without doctor&#039;s prescription. Buy Suboxone Online Now with Free &amp; Secure Shipping!\" \/>\n<meta property=\"og:url\" content=\"https:\/\/buy-prescriptionz.com\/es\/producto\/comprar-suboxone-en-linea\/\" \/>\n<meta property=\"og:site_name\" content=\"Buy Prescriptionz\" \/>\n<meta property=\"article:modified_time\" content=\"2025-09-30T12:37:28+00:00\" \/>\n<meta property=\"og:image\" content=\"https:\/\/buy-prescriptionz.com\/wp-content\/uploads\/2025\/09\/suboxone.jpg\" \/>\n\t<meta property=\"og:image:width\" content=\"400\" \/>\n\t<meta property=\"og:image:height\" content=\"300\" \/>\n\t<meta property=\"og:image:type\" content=\"image\/jpeg\" \/>\n<meta name=\"twitter:card\" content=\"summary_large_image\" \/>\n<meta name=\"twitter:label1\" content=\"Tiempo de lectura\" \/>\n\t<meta name=\"twitter:data1\" content=\"5 minutos\" \/>\n<script type=\"application\/ld+json\" class=\"yoast-schema-graph\">{\"@context\":\"https:\/\/schema.org\",\"@graph\":[{\"@type\":\"WebPage\",\"@id\":\"https:\/\/buy-prescriptionz.com\/product\/buy-suboxone-online\/\",\"url\":\"https:\/\/buy-prescriptionz.com\/product\/buy-suboxone-online\/\",\"name\":\"Buy Suboxone Online USA - Buy Suboxone Online for Sale - Buy Prescriptionz\",\"isPartOf\":{\"@id\":\"https:\/\/buy-prescriptionz.com\/#website\"},\"primaryImageOfPage\":{\"@id\":\"https:\/\/buy-prescriptionz.com\/product\/buy-suboxone-online\/#primaryimage\"},\"image\":{\"@id\":\"https:\/\/buy-prescriptionz.com\/product\/buy-suboxone-online\/#primaryimage\"},\"thumbnailUrl\":\"https:\/\/buy-prescriptionz.com\/wp-content\/uploads\/2025\/09\/suboxone.jpg\",\"datePublished\":\"2025-09-16T08:55:52+00:00\",\"dateModified\":\"2025-09-30T12:37:28+00:00\",\"description\":\"Buyprescriptionz.com is an online pharmacy store where you can Buy Suboxone Online at best price without doctor's prescription. Buy Suboxone Online Now with Free & Secure Shipping!\",\"breadcrumb\":{\"@id\":\"https:\/\/buy-prescriptionz.com\/product\/buy-suboxone-online\/#breadcrumb\"},\"inLanguage\":\"es\",\"potentialAction\":[{\"@type\":\"ReadAction\",\"target\":[\"https:\/\/buy-prescriptionz.com\/product\/buy-suboxone-online\/\"]}]},{\"@type\":\"ImageObject\",\"inLanguage\":\"es\",\"@id\":\"https:\/\/buy-prescriptionz.com\/product\/buy-suboxone-online\/#primaryimage\",\"url\":\"https:\/\/buy-prescriptionz.com\/wp-content\/uploads\/2025\/09\/suboxone.jpg\",\"contentUrl\":\"https:\/\/buy-prescriptionz.com\/wp-content\/uploads\/2025\/09\/suboxone.jpg\",\"width\":400,\"height\":300},{\"@type\":\"BreadcrumbList\",\"@id\":\"https:\/\/buy-prescriptionz.com\/product\/buy-suboxone-online\/#breadcrumb\",\"itemListElement\":[{\"@type\":\"ListItem\",\"position\":1,\"name\":\"Home\",\"item\":\"https:\/\/buy-prescriptionz.com\/\"},{\"@type\":\"ListItem\",\"position\":2,\"name\":\"Shop Painkillers Online\",\"item\":\"https:\/\/buy-prescriptionz.com\/shop-painkillers-online\/\"},{\"@type\":\"ListItem\",\"position\":3,\"name\":\"Buy Suboxone Online\"}]},{\"@type\":\"WebSite\",\"@id\":\"https:\/\/buy-prescriptionz.com\/#website\",\"url\":\"https:\/\/buy-prescriptionz.com\/\",\"name\":\"Buy Prescriptionz\",\"description\":\"Drugs Online\",\"publisher\":{\"@id\":\"https:\/\/buy-prescriptionz.com\/#organization\"},\"potentialAction\":[{\"@type\":\"SearchAction\",\"target\":{\"@type\":\"EntryPoint\",\"urlTemplate\":\"https:\/\/buy-prescriptionz.com\/?s={search_term_string}\"},\"query-input\":{\"@type\":\"PropertyValueSpecification\",\"valueRequired\":true,\"valueName\":\"search_term_string\"}}],\"inLanguage\":\"es\"},{\"@type\":\"Organization\",\"@id\":\"https:\/\/buy-prescriptionz.com\/#organization\",\"name\":\"Buy Prescriptionz\",\"url\":\"https:\/\/buy-prescriptionz.com\/\",\"logo\":{\"@type\":\"ImageObject\",\"inLanguage\":\"es\",\"@id\":\"https:\/\/buy-prescriptionz.com\/#\/schema\/logo\/image\/\",\"url\":\"https:\/\/buy-prescriptionz.com\/wp-content\/uploads\/2023\/09\/logo.png\",\"contentUrl\":\"https:\/\/buy-prescriptionz.com\/wp-content\/uploads\/2023\/09\/logo.png\",\"width\":350,\"height\":64,\"caption\":\"Buy Prescriptionz\"},\"image\":{\"@id\":\"https:\/\/buy-prescriptionz.com\/#\/schema\/logo\/image\/\"}}]}<\/script>\n<!-- \/ Yoast SEO plugin. -->","yoast_head_json":{"title":"Comprar Suboxone en l\u00ednea en EE. UU. - Comprar Suboxone en l\u00ednea a la venta - Comprar con receta","description":"Buyprescriptionz.com is an online pharmacy store where you can Buy Suboxone Online at best price without doctor's prescription. Buy Suboxone Online Now with Free & Secure Shipping!","robots":{"index":"index","follow":"follow","max-snippet":"max-snippet:-1","max-image-preview":"max-image-preview:large","max-video-preview":"max-video-preview:-1"},"canonical":"https:\/\/buy-prescriptionz.com\/es\/producto\/comprar-suboxone-en-linea\/","og_locale":"es_ES","og_type":"article","og_title":"Buy Suboxone Online USA - Buy Suboxone Online for Sale - Buy Prescriptionz","og_description":"Buyprescriptionz.com is an online pharmacy store where you can Buy Suboxone Online at best price without doctor's prescription. Buy Suboxone Online Now with Free & Secure Shipping!","og_url":"https:\/\/buy-prescriptionz.com\/es\/producto\/comprar-suboxone-en-linea\/","og_site_name":"Buy Prescriptionz","article_modified_time":"2025-09-30T12:37:28+00:00","og_image":[{"width":400,"height":300,"url":"https:\/\/buy-prescriptionz.com\/wp-content\/uploads\/2025\/09\/suboxone.jpg","type":"image\/jpeg"}],"twitter_card":"summary_large_image","twitter_misc":{"Tiempo de lectura":"5 minutos"},"schema":{"@context":"https:\/\/schema.org","@graph":[{"@type":"WebPage","@id":"https:\/\/buy-prescriptionz.com\/product\/buy-suboxone-online\/","url":"https:\/\/buy-prescriptionz.com\/product\/buy-suboxone-online\/","name":"Comprar Suboxone en l\u00ednea en EE. UU. - Comprar Suboxone en l\u00ednea a la venta - Comprar con receta","isPartOf":{"@id":"https:\/\/buy-prescriptionz.com\/#website"},"primaryImageOfPage":{"@id":"https:\/\/buy-prescriptionz.com\/product\/buy-suboxone-online\/#primaryimage"},"image":{"@id":"https:\/\/buy-prescriptionz.com\/product\/buy-suboxone-online\/#primaryimage"},"thumbnailUrl":"https:\/\/buy-prescriptionz.com\/wp-content\/uploads\/2025\/09\/suboxone.jpg","datePublished":"2025-09-16T08:55:52+00:00","dateModified":"2025-09-30T12:37:28+00:00","description":"Buyprescriptionz.com is an online pharmacy store where you can Buy Suboxone Online at best price without doctor's prescription. Buy Suboxone Online Now with Free & Secure Shipping!","breadcrumb":{"@id":"https:\/\/buy-prescriptionz.com\/product\/buy-suboxone-online\/#breadcrumb"},"inLanguage":"es","potentialAction":[{"@type":"ReadAction","target":["https:\/\/buy-prescriptionz.com\/product\/buy-suboxone-online\/"]}]},{"@type":"ImageObject","inLanguage":"es","@id":"https:\/\/buy-prescriptionz.com\/product\/buy-suboxone-online\/#primaryimage","url":"https:\/\/buy-prescriptionz.com\/wp-content\/uploads\/2025\/09\/suboxone.jpg","contentUrl":"https:\/\/buy-prescriptionz.com\/wp-content\/uploads\/2025\/09\/suboxone.jpg","width":400,"height":300},{"@type":"BreadcrumbList","@id":"https:\/\/buy-prescriptionz.com\/product\/buy-suboxone-online\/#breadcrumb","itemListElement":[{"@type":"ListItem","position":1,"name":"Home","item":"https:\/\/buy-prescriptionz.com\/"},{"@type":"ListItem","position":2,"name":"Shop Painkillers Online","item":"https:\/\/buy-prescriptionz.com\/shop-painkillers-online\/"},{"@type":"ListItem","position":3,"name":"Buy Suboxone Online"}]},{"@type":"WebSite","@id":"https:\/\/buy-prescriptionz.com\/#website","url":"https:\/\/buy-prescriptionz.com\/","name":"Buy Prescriptionz","description":"Medicamentos en l\u00ednea","publisher":{"@id":"https:\/\/buy-prescriptionz.com\/#organization"},"potentialAction":[{"@type":"SearchAction","target":{"@type":"EntryPoint","urlTemplate":"https:\/\/buy-prescriptionz.com\/?s={search_term_string}"},"query-input":{"@type":"PropertyValueSpecification","valueRequired":true,"valueName":"search_term_string"}}],"inLanguage":"es"},{"@type":"Organization","@id":"https:\/\/buy-prescriptionz.com\/#organization","name":"Buy Prescriptionz","url":"https:\/\/buy-prescriptionz.com\/","logo":{"@type":"ImageObject","inLanguage":"es","@id":"https:\/\/buy-prescriptionz.com\/#\/schema\/logo\/image\/","url":"https:\/\/buy-prescriptionz.com\/wp-content\/uploads\/2023\/09\/logo.png","contentUrl":"https:\/\/buy-prescriptionz.com\/wp-content\/uploads\/2023\/09\/logo.png","width":350,"height":64,"caption":"Buy Prescriptionz"},"image":{"@id":"https:\/\/buy-prescriptionz.com\/#\/schema\/logo\/image\/"}}]}},"_links":{"self":[{"href":"https:\/\/buy-prescriptionz.com\/es\/wp-json\/wp\/v2\/product\/2992","targetHints":{"allow":["GET"]}}],"collection":[{"href":"https:\/\/buy-prescriptionz.com\/es\/wp-json\/wp\/v2\/product"}],"about":[{"href":"https:\/\/buy-prescriptionz.com\/es\/wp-json\/wp\/v2\/types\/product"}],"replies":[{"embeddable":true,"href":"https:\/\/buy-prescriptionz.com\/es\/wp-json\/wp\/v2\/comments?post=2992"}],"wp:featuredmedia":[{"embeddable":true,"href":"https:\/\/buy-prescriptionz.com\/es\/wp-json\/wp\/v2\/media\/3022"}],"wp:attachment":[{"href":"https:\/\/buy-prescriptionz.com\/es\/wp-json\/wp\/v2\/media?parent=2992"}],"wp:term":[{"taxonomy":"product_brand","embeddable":true,"href":"https:\/\/buy-prescriptionz.com\/es\/wp-json\/wp\/v2\/product_brand?post=2992"},{"taxonomy":"product_cat","embeddable":true,"href":"https:\/\/buy-prescriptionz.com\/es\/wp-json\/wp\/v2\/product_cat?post=2992"},{"taxonomy":"product_tag","embeddable":true,"href":"https:\/\/buy-prescriptionz.com\/es\/wp-json\/wp\/v2\/product_tag?post=2992"}],"curies":[{"name":"wp","href":"https:\/\/api.w.org\/{rel}","templated":true}]}}